{"id":46242,"date":"2024-08-01T20:13:37","date_gmt":"2024-08-01T18:13:37","guid":{"rendered":"https:\/\/micronordic.com\/product\/zebra-tc53e-handheld-mobile-computer-new\/"},"modified":"2025-11-17T10:56:20","modified_gmt":"2025-11-17T09:56:20","slug":"zebra-tc53e-handheld-mobile-computer","status":"publish","type":"product","link":"https:\/\/micronordic.com\/pl\/product\/zebra-tc53e-handheld-mobile-computer\/","title":{"rendered":"Zebra TC53e Handheld Mobile Computer (NOWO\u015a\u0106)"},"content":{"rendered":"<?xml encoding=\"utf-8\" ?><h2 data-start=\"186\" data-end=\"224\">R&#281;czny komputer mobilny Zebra TC53e Rugged Handheld Mobile Computer<\/h2><p data-start=\"226\" data-end=\"769\"><strong data-start=\"230\" data-end=\"268\">Zebra TC53e Handheld Mobile Computer<\/strong> to wzmocnione urz&#261;dzenie klasy korporacyjnej nowej generacji zaprojektowane z my&#347;l&#261; o zapewnieniu firmom trwa&#322;o&#347;ci, doskona&#322;ej &#322;&#261;czno&#347;ci i wysokiej wydajno&#347;ci w codziennej pracy. Zbudowany na tej samej zaawansowanej platformie co TC58e, TC53e oferuje mobilno&#347;&#263; klasy korporacyjnej z konstrukcj&#261; obs&#322;uguj&#261;c&#261; przede wszystkim Wi-Fi, co czyni go doskona&#322;ym wyborem dla handlu detalicznego, magazynowania, produkcji i hotelarstwa. Kompaktowe, a jednocze&#347;nie wydajne urz&#261;dzenie zapewnia organizacjom wydajno&#347;&#263; nowoczesnego komputera kieszonkowego w po&#322;&#261;czeniu ze sprawdzon&#261; niezawodno&#347;ci&#261; marki Zebra. Nowe produkty s&#261; obj&#281;te 2-letni&#261; gwarancj&#261; producenta.   <\/p><h2 data-start=\"771\" data-end=\"807\">Kluczowe cechy r&#281;cznego komputera mobilnego Zebra TC53e Handheld Mobile Computer<\/h2><ul data-start=\"809\" data-end=\"1736\">\n<li data-start=\"809\" data-end=\"915\">\n<p data-start=\"811\" data-end=\"915\"><strong data-start=\"811\" data-end=\"832\">Wytrzyma&#322;a konstrukcja<\/strong> &ndash; certyfikat IP65\/IP68 i odporno&#347;&#263; na upadki zapewniaj&#261; wydajno&#347;&#263; w trudnych warunkach.<\/p>\n<\/li>\n<li data-start=\"916\" data-end=\"1027\">\n<p data-start=\"918\" data-end=\"1027\"><strong data-start=\"918\" data-end=\"939\">Wy&#347;wietlacz 6,0&Prime; FHD+<\/strong> &ndash; jasno&#347;&#263; 600 nit&oacute;w z mo&#380;liwo&#347;ci&#261; obs&#322;ugi w r&#281;kawiczkach i na mokro do u&#380;ytku wewn&#261;trz i na zewn&#261;trz.<\/p>\n<\/li>\n<li data-start=\"1028\" data-end=\"1118\">\n<p data-start=\"1030\" data-end=\"1118\"><strong data-start=\"1030\" data-end=\"1057\">Nowoczesna moc obliczeniowa<\/strong> &ndash; o&#347;miordzeniowy procesor Qualcomm&reg; 6490 z akceleracj&#261; AI.<\/p>\n<\/li>\n<li data-start=\"1119\" data-end=\"1224\">\n<p data-start=\"1121\" data-end=\"1224\"><strong data-start=\"1121\" data-end=\"1137\">&#321;&#261;czno&#347;&#263;<\/strong> &ndash; Wi-Fi 6E, Bluetooth 5.2, GPS i opcje eSIM dla niezawodnej sieci korporacyjnej.<\/p>\n<\/li>\n<li data-start=\"1225\" data-end=\"1324\">\n<p data-start=\"1227\" data-end=\"1324\"><strong data-start=\"1227\" data-end=\"1243\">Przechwytywanie danych<\/strong> &ndash; zintegrowany skaner kod&oacute;w kreskowych 2D SE4720 oraz kamery tylna 16 MP i przednia 8 MP.<\/p>\n<\/li>\n<li data-start=\"1325\" data-end=\"1400\">\n<p data-start=\"1327\" data-end=\"1400\"><strong data-start=\"1327\" data-end=\"1353\">Wymienna bateria<\/strong> &ndash; bateria 4680 mAh zapewniaj&#261;ca ci&#261;g&#322;&#261; prac&#281;.<\/p>\n<\/li>\n<li data-start=\"1401\" data-end=\"1481\">\n<p data-start=\"1403\" data-end=\"1481\"><strong data-start=\"1403\" data-end=\"1425\">Lekka konstrukcja<\/strong> &ndash; smuk&#322;a, ergonomiczna obudowa o wadze ok. 282 g. <\/p>\n<\/li>\n<li data-start=\"1482\" data-end=\"1568\">\n<p data-start=\"1484\" data-end=\"1568\"><strong data-start=\"1484\" data-end=\"1507\">Bezpiecze&#324;stwo korporacyjne<\/strong> &ndash; Android Enterprise ready z wbudowanymi zabezpieczeniami i NFC.<\/p>\n<\/li>\n<li data-start=\"1569\" data-end=\"1672\">\n<p data-start=\"1571\" data-end=\"1672\"><strong data-start=\"1571\" data-end=\"1599\">Narz&#281;dzia Zebra Mobility DNA<\/strong> &ndash; pakiet oprogramowania do konfiguracji, &#322;&#261;czno&#347;ci i zarz&#261;dzania.<\/p>\n<\/li>\n<li data-start=\"1673\" data-end=\"1736\">\n<p data-start=\"1675\" data-end=\"1736\"><strong data-start=\"1675\" data-end=\"1687\">Gwarancja<\/strong> &ndash; 2-letnia standardowa ograniczona gwarancja firmy Zebra.<\/p>\n<\/li>\n<\/ul><h2 data-start=\"1738\" data-end=\"1797\">Kluczowe zalety wytrzyma&#322;ego komputera mobilnego Zebra TC53e<\/h2><h3 data-start=\"1799\" data-end=\"1825\">Trwa&#322;o&#347;&#263; i niezawodno&#347;&#263;<\/h3><p data-start=\"1826\" data-end=\"2036\">Model TC53e jest wystarczaj&#261;co wytrzyma&#322;y, by sprawdza&#263; si&#281; w ruchliwych punktach sprzeda&#380;y detalicznej, magazynach i na zapleczu. Certyfikaty IP65\/IP68 i odporno&#347;&#263; na upadki sprawiaj&#261;, &#380;e jest to niezawodne narz&#281;dzie do intensywnej pracy. <\/p><h3 data-start=\"2038\" data-end=\"2078\">Doskona&#322;y wy&#347;wietlacz zapewniaj&#261;cy produktywno&#347;&#263;<\/h3><p data-start=\"2079\" data-end=\"2331\">Dzi&#281;ki jasnemu wy&#347;wietlaczowi o przek&#261;tnej 6,0&Prime; i obs&#322;udze dotykowej w r&#281;kawiczkach\/mokrych d&#322;oniach, TC53e zapewnia wyra&#378;n&#261; czytelno&#347;&#263; i p&#322;ynn&#261; interakcj&#281; w r&oacute;&#380;nych warunkach. Jest to szczeg&oacute;lnie przydatne dla pracownik&oacute;w handlu detalicznego, pracownik&oacute;w magazyn&oacute;w i u&#380;ytkownik&oacute;w terenowych wykonuj&#261;cych zadania w ruchu. <\/p><h3 data-start=\"2333\" data-end=\"2357\">Wi-Fi First Design<\/h3><p data-start=\"2358\" data-end=\"2603\">W przeciwie&#324;stwie do TC58e, TC53e jest zoptymalizowany pod k&#261;tem &#347;rodowisk, w kt&oacute;rych g&#322;&oacute;wnym po&#322;&#261;czeniem jest Wi-Fi. Dzi&#281;ki Wi-Fi 6E pracownicy mog&#261; korzysta&#263; z szybkiej, stabilnej i bezpiecznej komunikacji w sieciach korporacyjnych, co czyni go idealnym rozwi&#261;zaniem do intensywnej pracy w pomieszczeniach. <\/p><h3 data-start=\"2605\" data-end=\"2639\">Wydajno&#347;&#263; na poziomie przedsi&#281;biorstwa<\/h3><p data-start=\"2640\" data-end=\"2883\">Zasilany o&#347;miordzeniowym procesorem Qualcomm&reg; 6490, TC53e zapewnia wysok&#261; wielozadaniowo&#347;&#263; i wydajno&#347;&#263; gotow&#261; na sztuczn&#261; inteligencj&#281;. Niezale&#380;nie od tego, czy chodzi o zarz&#261;dzanie zapasami, przetwarzanie zam&oacute;wie&#324; czy uruchamianie wymagaj&#261;cych aplikacji biznesowych, TC53e zapewnia p&#322;ynne dzia&#322;anie. <\/p><h3 data-start=\"2885\" data-end=\"2915\">Usprawnione przechwytywanie danych<\/h3><p data-start=\"2916\" data-end=\"3143\">Zintegrowany skaner kod&oacute;w kreskowych 2D SE4720 zapewnia szybkie i dok&#322;adne skanowanie, nawet w przypadku uszkodzonych kod&oacute;w kreskowych. W po&#322;&#261;czeniu z kamerami o wysokiej rozdzielczo&#347;ci, TC53e obs&#322;uguje dokumentacj&#281;, weryfikacj&#281; produkt&oacute;w i zastosowania detaliczne. <\/p><h3 data-start=\"3145\" data-end=\"3173\">Niezawodne zasilanie akumulatorowe<\/h3><p data-start=\"3174\" data-end=\"3340\">Dzi&#281;ki wymienianej w trakcie pracy baterii o pojemno&#347;ci 4680 mAh, TC53e umo&#380;liwia prac&#281; na d&#322;ugich zmianach bez przerw. Pracownicy mog&#261; wymienia&#263; baterie bez wy&#322;&#261;czania zasilania, maksymalizuj&#261;c czas pracy bez przestoj&oacute;w. <\/p><h3 data-start=\"3342\" data-end=\"3374\">Bezpiecze&#324;stwo i &#322;atwo&#347;&#263; zarz&#261;dzania<\/h3><p data-start=\"3375\" data-end=\"3602\">TC53e integruje si&#281; z pakietem Mobility DNA firmy Zebra, kt&oacute;ry upraszcza wdra&#380;anie, poprawia &#322;&#261;czno&#347;&#263; i zwi&#281;ksza bezpiecze&#324;stwo. Funkcje takie jak StageNow i Enterprise Home Screen u&#322;atwiaj&#261; zespo&#322;om IT zarz&#261;dzanie urz&#261;dzeniami. <\/p><h3 data-start=\"3604\" data-end=\"3637\">Ergonomiczny i &#322;atwy do przenoszenia<\/h3><p data-start=\"3638\" data-end=\"3806\">Lekki, wa&#380;&#261;cy zaledwie 282 g TC53e zosta&#322; zaprojektowany z my&#347;l&#261; o komforcie podczas d&#322;ugich zmian. Jego smuk&#322;y profil sprawia, &#380;e jest przeno&#347;ny i wygodny bez po&#347;wi&#281;cania trwa&#322;o&#347;ci. <\/p><h2 data-start=\"3808\" data-end=\"3848\">Idealne zastosowania dla Zebra TC53e<\/h2><ul data-start=\"3850\" data-end=\"4381\">\n<li data-start=\"3850\" data-end=\"3955\">\n<p data-start=\"3852\" data-end=\"3955\"><strong data-start=\"3852\" data-end=\"3876\">Handel detaliczny i hotelarstwo<\/strong> &ndash; mobilne POS, zarz&#261;dzanie zapasami, obs&#322;uga klienta i transakcje na miejscu.<\/p>\n<\/li>\n<li data-start=\"3956\" data-end=\"4073\">\n<p data-start=\"3958\" data-end=\"4073\"><strong data-start=\"3958\" data-end=\"3988\">Magazynowanie i dystrybucja<\/strong> &ndash; kontrola zapas&oacute;w, kompletacja zam&oacute;wie&#324; i skanowanie kod&oacute;w kreskowych w operacjach o du&#380;ej obj&#281;to&#347;ci.<\/p>\n<\/li>\n<li data-start=\"4074\" data-end=\"4170\">\n<p data-start=\"4076\" data-end=\"4170\"><strong data-start=\"4076\" data-end=\"4093\">Produkcja<\/strong> &ndash; przep&#322;ywy pracy w hali produkcyjnej wymagaj&#261;ce wytrzyma&#322;ych urz&#261;dze&#324; przeno&#347;nych z szybkim przechwytywaniem danych.<\/p>\n<\/li>\n<li data-start=\"4171\" data-end=\"4269\">\n<p data-start=\"4173\" data-end=\"4269\"><strong data-start=\"4173\" data-end=\"4190\">Us&#322;ugi w terenie<\/strong> &ndash; niezawodna wydajno&#347;&#263; Wi-Fi i wytrzyma&#322;o&#347;&#263; dla technik&oacute;w pracuj&#261;cych na miejscu.<\/p>\n<\/li>\n<li data-start=\"4270\" data-end=\"4381\">\n<p data-start=\"4272\" data-end=\"4381\"><strong data-start=\"4272\" data-end=\"4294\">Wsparcie dla s&#322;u&#380;by zdrowia<\/strong> &ndash; przechwytywanie danych pacjent&oacute;w, kontrola sprz&#281;tu i bezpieczny dost&#281;p do aplikacji medycznych.<\/p>\n<\/li>\n<\/ul><h2 data-start=\"4383\" data-end=\"4419\">Por&oacute;wnanie produkt&oacute;w Zebra TC53e<\/h2><p data-start=\"179\" data-end=\"403\">Zebra TC58e reprezentuje najnowsz&#261; generacj&#281; wytrzyma&#322;ych urz&#261;dze&#324; przeno&#347;nych, zoptymalizowanych pod k&#261;tem &#322;&#261;czno&#347;ci 5G i zaawansowanych proces&oacute;w roboczych. Dla organizacji rozwa&#380;aj&#261;cych alternatywy, inne urz&#261;dzenia rugged dost&#281;pne w Micro Nordic obejmuj&#261;: <\/p><ul data-start=\"405\" data-end=\"826\">\n<li data-start=\"405\" data-end=\"543\">\n<p data-start=\"407\" data-end=\"543\"><a href=\"https:\/\/micronordic.com\/product\/zebra-tc53e-handheld-mobile-computer\/\"><strong data-start=\"407\" data-end=\"445\">Zebra TC53e Handheld Mobile Computer<\/strong><\/a>&ndash; Wariant tej samej platformy dzia&#322;aj&#261;cy tylko w sieci Wi-Fi, idealny tam, gdzie &#322;&#261;czno&#347;&#263; kom&oacute;rkowa nie jest wymagana.<\/p>\n<\/li>\n<li data-start=\"544\" data-end=\"688\">\n<p data-start=\"546\" data-end=\"688\"><a href=\"https:\/\/micronordic.com\/product\/zebra-tc77-mobile-handheld-computer-refurbished\/\"><strong data-start=\"546\" data-end=\"590\">Zebra TC77 Handheld Mobile Computer<\/strong><\/a> &ndash; Starsze urz&#261;dzenie typu rugged dost&#281;pne w wersji odnowionej, oferuj&#261;ce wysok&#261; wytrzyma&#322;o&#347;&#263; przy ni&#380;szych kosztach.<\/p>\n<\/li>\n<li data-start=\"689\" data-end=\"826\">\n<p data-start=\"691\" data-end=\"826\"><a href=\"https:\/\/micronordic.com\/product\/zebra-et65-rugged-enterprise-tablet\/\"><strong data-start=\"691\" data-end=\"730\">Tablet Zebra ET65<\/strong><\/a> &ndash; Wi&#281;kszy, 12-calowy tablet typu rugged z &#322;&#261;czno&#347;ci&#261; 5G do zastosowa&#324; wymagaj&#261;cych wi&#281;kszej przestrzeni roboczej.<\/p>\n<\/li>\n<\/ul>\n","protected":false},"excerpt":{"rendered":"<h3>Specyfikacje:<\/h3>\n<ul>\n<li><strong>Wy\u015bwietlacz:<\/strong> 6,0\u2033 FHD+ (2160\u00d71080), jasno\u015b\u0107 600 nit\u00f3w, obs\u0142uga dotyku w r\u0119kawiczkach i na mokro<\/li>\n<li><strong>Procesor:<\/strong> O\u015bmiordzeniowy procesor Qualcomm\u00ae 6490<\/li>\n<li><strong>Pami\u0119\u0107 i przechowywanie:<\/strong> 6 GB RAM, 64 GB flash<\/li>\n<li><strong>\u0141\u0105czno\u015b\u0107:<\/strong> Wi-Fi 6E, Bluetooth 5.2, GPS, eSIM<\/li>\n<li><strong>Przechwytywanie danych i kamery:<\/strong> Imager 2D (SE4720), tylna kamera 16 MP, przednia kamera 8 MP<\/li>\n<li><strong>Bateria:<\/strong> wymienna bateria o pojemno\u015bci 4680 mAh<\/li>\n<li><strong>Certyfikaty rugged:<\/strong> IP65\/IP68, odporno\u015b\u0107 na upadki<\/li>\n<li><strong>Bezpiecze\u0144stwo:<\/strong> Android Enterprise, NFC, zabezpieczenia klasy korporacyjnej<\/li>\n<li><strong>Wymiary i waga:<\/strong> Oko\u0142o 282 g <\/li>\n<li><strong>Gwarancja:<\/strong> 2-letnia standardowa ograniczona gwarancja producenta<\/li>\n<\/ul>\n","protected":false},"author":24,"featured_media":100275,"template":"","meta":{"_acf_changed":false,"inline_featured_image":false},"product-condition":[5249],"product_brand":[9016],"product_cat":[5195,5200,5197],"product_tag":[],"class_list":{"0":"post-46242","1":"product","2":"type-product","3":"status-publish","4":"has-post-thumbnail","6":"product-condition-new-in-box","7":"product_brand-zebra","8":"product_cat-zebra","9":"product_cat-all-barcode-scanners","10":"product_cat-new-in-box-rugged-hardware","12":"first","13":"instock","14":"taxable","15":"shipping-taxable","16":"purchasable","17":"product-type-simple"},"acf":[],"_links":{"self":[{"href":"https:\/\/micronordic.com\/pl\/wp-json\/wp\/v2\/product\/46242","targetHints":{"allow":["GET"]}}],"collection":[{"href":"https:\/\/micronordic.com\/pl\/wp-json\/wp\/v2\/product"}],"about":[{"href":"https:\/\/micronordic.com\/pl\/wp-json\/wp\/v2\/types\/product"}],"author":[{"embeddable":true,"href":"https:\/\/micronordic.com\/pl\/wp-json\/wp\/v2\/users\/24"}],"version-history":[{"count":3,"href":"https:\/\/micronordic.com\/pl\/wp-json\/wp\/v2\/product\/46242\/revisions"}],"predecessor-version":[{"id":97856,"href":"https:\/\/micronordic.com\/pl\/wp-json\/wp\/v2\/product\/46242\/revisions\/97856"}],"wp:featuredmedia":[{"embeddable":true,"href":"https:\/\/micronordic.com\/pl\/wp-json\/wp\/v2\/media\/100275"}],"wp:attachment":[{"href":"https:\/\/micronordic.com\/pl\/wp-json\/wp\/v2\/media?parent=46242"}],"wp:term":[{"taxonomy":"product-condition","embeddable":true,"href":"https:\/\/micronordic.com\/pl\/wp-json\/wp\/v2\/product-condition?post=46242"},{"taxonomy":"product_brand","embeddable":true,"href":"https:\/\/micronordic.com\/pl\/wp-json\/wp\/v2\/product_brand?post=46242"},{"taxonomy":"product_cat","embeddable":true,"href":"https:\/\/micronordic.com\/pl\/wp-json\/wp\/v2\/product_cat?post=46242"},{"taxonomy":"product_tag","embeddable":true,"href":"https:\/\/micronordic.com\/pl\/wp-json\/wp\/v2\/product_tag?post=46242"}],"curies":[{"name":"wp","href":"https:\/\/api.w.org\/{rel}","templated":true}]}}