{"id":46240,"date":"2024-08-01T20:13:22","date_gmt":"2024-08-01T18:13:22","guid":{"rendered":"https:\/\/micronordic.com\/product\/zebra-tc58-handheld-mobile-computer-new\/"},"modified":"2025-11-17T11:03:02","modified_gmt":"2025-11-17T10:03:02","slug":"zebra-tc58-handheld-mobile-computer","status":"publish","type":"product","link":"https:\/\/micronordic.com\/pl\/product\/zebra-tc58-handheld-mobile-computer\/","title":{"rendered":"Zebra TC58 Handheld Mobile Computer (NOWO\u015a\u0106)"},"content":{"rendered":"<?xml encoding=\"utf-8\" ?><h2 data-start=\"423\" data-end=\"460\">Zebra TC58 Handheld Mobile Computer<\/h2><p data-start=\"462\" data-end=\"935\"><strong data-start=\"466\" data-end=\"503\">Zebra TC58 Handheld Mobile Computer<\/strong> to urz&#261;dzenie nowej generacji przeznaczone dla przedsi&#281;biorstw, kt&oacute;re potrzebuj&#261; wydajnego, wytrzyma&#322;ego i po&#322;&#261;czonego z sieci&#261; rozwi&#261;zania mobilnego. Bazuj&#261;c na sukcesie serii TC5X firmy Zebra, TC58 zapewnia zaawansowan&#261; &#322;&#261;czno&#347;&#263; 5G, jasny wy&#347;wietlacz 6,0&Prime;, zintegrowane skanowanie i d&#322;ugotrwa&#322;&#261; &#380;ywotno&#347;&#263; baterii. Niezale&#380;nie od tego, czy TC58 jest stosowany w logistyce, handlu detalicznym, us&#322;ugach terenowych czy bezpiecze&#324;stwie publicznym, zapewnia niezawodn&#261; wydajno&#347;&#263; w wymagaj&#261;cych przep&#322;ywach pracy. Nowe produkty obj&#281;te s&#261; 2-letni&#261; gwarancj&#261; producenta.   <\/p><h2 data-start=\"937\" data-end=\"972\">Kluczowe cechy Zebra TC58<\/h2><ul data-start=\"974\" data-end=\"1884\">\n<li data-start=\"974\" data-end=\"1084\">\n<p data-start=\"976\" data-end=\"1084\"><strong data-start=\"976\" data-end=\"997\">Wytrzyma&#322;a konstrukcja<\/strong> &ndash; certyfikat IP65\/IP68, odporno&#347;&#263; na upadki i odporno&#347;&#263; na trudne warunki pracy.<\/p>\n<\/li>\n<li data-start=\"1085\" data-end=\"1195\">\n<p data-start=\"1087\" data-end=\"1195\"><strong data-start=\"1087\" data-end=\"1108\">Wy&#347;wietlacz 6,0&Prime; FHD+<\/strong> &ndash; jasno&#347;&#263; 600 nit&oacute;w, obs&#322;uga dotyku w r&#281;kawiczkach i na mokro oraz ochrona Gorilla Glass.<\/p>\n<\/li>\n<li data-start=\"1196\" data-end=\"1298\">\n<p data-start=\"1198\" data-end=\"1298\"><strong data-start=\"1198\" data-end=\"1218\">Moc obliczeniowa<\/strong> &ndash; o&#347;miordzeniowy procesor Qualcomm&reg; 6490 z akceleracj&#261; AI dla wymagaj&#261;cych aplikacji.<\/p>\n<\/li>\n<li data-start=\"1299\" data-end=\"1389\">\n<p data-start=\"1301\" data-end=\"1389\"><strong data-start=\"1301\" data-end=\"1317\">&#321;&#261;czno&#347;&#263;<\/strong> &ndash; 5G, Wi-Fi 6E, Bluetooth 5.2, GPS i eSIM dla mobilno&#347;ci w przedsi&#281;biorstwie.<\/p>\n<\/li>\n<li data-start=\"1390\" data-end=\"1478\">\n<p data-start=\"1392\" data-end=\"1478\"><strong data-start=\"1392\" data-end=\"1408\">Przechwytywanie danych<\/strong> &ndash; skaner kod&oacute;w kreskowych 2D SE4720 oraz kamery tylna 16 MP i przednia 8 MP.<\/p>\n<\/li>\n<li data-start=\"1479\" data-end=\"1554\">\n<p data-start=\"1481\" data-end=\"1554\"><strong data-start=\"1481\" data-end=\"1492\">Bateria<\/strong> &ndash; Bateria 4680 mAh z mo&#380;liwo&#347;ci&#261; wymiany na ciep&#322;o zapewnia nieprzerwan&#261; prac&#281;.<\/p>\n<\/li>\n<li data-start=\"1555\" data-end=\"1639\">\n<p data-start=\"1557\" data-end=\"1639\"><strong data-start=\"1557\" data-end=\"1580\">System operacyjny dla przedsi&#281;biorstw<\/strong> &ndash; Android 13 z rozszerzonymi zabezpieczeniami i obs&#322;ug&#261; aktualizacji.<\/p>\n<\/li>\n<li data-start=\"1640\" data-end=\"1720\">\n<p data-start=\"1642\" data-end=\"1720\"><strong data-start=\"1642\" data-end=\"1663\">Lekka konstrukcja<\/strong> &ndash; Smuk&#322;a i przeno&#347;na konstrukcja wa&#380;&#261;ca zaledwie oko&#322;o 282 g.<\/p>\n<\/li>\n<li data-start=\"1721\" data-end=\"1820\">\n<p data-start=\"1723\" data-end=\"1820\"><strong data-start=\"1723\" data-end=\"1745\">Narz&#281;dzia Mobility DNA<\/strong> &ndash; pakiet oprogramowania firmy Zebra do szybkiego wdra&#380;ania i optymalizacji &#322;&#261;czno&#347;ci.<\/p>\n<\/li>\n<li data-start=\"1821\" data-end=\"1884\">\n<p data-start=\"1823\" data-end=\"1884\"><strong data-start=\"1823\" data-end=\"1835\">Gwarancja<\/strong> &ndash; 2-letnia standardowa ograniczona gwarancja firmy Zebra.<\/p>\n<\/li>\n<\/ul><h2 data-start=\"1886\" data-end=\"1944\">Kluczowe zalety wytrzyma&#322;ego komputera mobilnego Zebra TC58 Handheld Mobile Computer<\/h2><h3 data-start=\"1946\" data-end=\"1986\">Wytrzyma&#322;a konstrukcja do zastosowa&#324; profesjonalnych<\/h3><p data-start=\"1987\" data-end=\"2207\">TC58 zosta&#322; zaprojektowany z my&#347;l&#261; o wymagaj&#261;cych miejscach pracy, w kt&oacute;rych smartfony konsumenckie nie s&#261; w stanie przetrwa&#263;. Dzi&#281;ki certyfikatom IP65\/IP68 i odporno&#347;ci na upadki jest niezawodny w sklepach detalicznych, magazynach lub na zewn&#261;trz. <\/p><h3 data-start=\"2209\" data-end=\"2245\">Doskona&#322;y wy&#347;wietlacz i u&#380;yteczno&#347;&#263;<\/h3><p data-start=\"2246\" data-end=\"2466\">Wy&#347;wietlacz FHD+ o przek&#261;tnej 6,0&Prime; i jasno&#347;ci 600 nit&oacute;w zapewnia widoczno&#347;&#263; zar&oacute;wno w pomieszczeniach, jak i na zewn&#261;trz. Obs&#322;uga dotyku w r&#281;kawicach i na mokro oznacza, &#380;e pracownicy pozostaj&#261; produktywni w ka&#380;dych warunkach, od zamra&#380;arek po deszczowe place budowy. <\/p><h3 data-start=\"2468\" data-end=\"2503\">&#321;&#261;czno&#347;&#263; klasy korporacyjnej<\/h3><p data-start=\"2504\" data-end=\"2750\">TC58 zosta&#322; skonstruowany jako komputer mobilny 5G-first, zapewniaj&#261;cy szybki transfer danych, stabiln&#261; komunikacj&#281; wideo i dost&#281;p do aplikacji w chmurze w czasie rzeczywistym. Wi-Fi 6E i Bluetooth 5.2 dodatkowo rozszerzaj&#261; opcje &#322;&#261;czno&#347;ci dla wszystkich scenariuszy korporacyjnych. <\/p><h3 data-start=\"2752\" data-end=\"2799\">Pot&#281;&#380;na wydajno&#347;&#263; dla nowoczesnych przep&#322;yw&oacute;w pracy<\/h3><p data-start=\"2800\" data-end=\"3033\">Wyposa&#380;ony w o&#347;miordzeniowy procesor Qualcomm&reg; 6490, TC58 obs&#322;uguje wielozadaniowo&#347;&#263;, aplikacje oparte na sztucznej inteligencji i intensywne obci&#261;&#380;enia graficzne. Dzi&#281;ki temu jest to przysz&#322;o&#347;ciowa inwestycja dla firm poszukuj&#261;cych skalowalnych rozwi&#261;za&#324; mobilnych. <\/p><h3 data-start=\"3035\" data-end=\"3062\">Zaawansowane przechwytywanie danych<\/h3><p data-start=\"3063\" data-end=\"3282\">Skaner kod&oacute;w kreskowych SE4720 zapewnia szybkie i precyzyjne skanowanie nawet s&#322;abo wydrukowanych lub uszkodzonych kod&oacute;w kreskowych. Kamery o wysokiej rozdzielczo&#347;ci 16 MP i 8 MP pozwalaj&#261; pracownikom z &#322;atwo&#347;ci&#261; dokumentowa&#263; dostawy, zasoby i inspekcje. <\/p><h3 data-start=\"3284\" data-end=\"3308\">D&#322;ugotrwa&#322;a moc<\/h3><p data-start=\"3309\" data-end=\"3494\">Dzi&#281;ki wymienianej na gor&#261;co baterii o pojemno&#347;ci 4680 mAh, TC58 umo&#380;liwia nieprzerwan&#261; prac&#281; podczas d&#322;ugich zmian. Baterie mo&#380;na wymienia&#263; w trakcie zmiany bez wy&#322;&#261;czania zasilania, co minimalizuje przestoje. <\/p><h3 data-start=\"3496\" data-end=\"3527\">Bezpieczny i &#322;atwy w zarz&#261;dzaniu<\/h3><p data-start=\"3528\" data-end=\"3752\">System Android Enterprise w po&#322;&#261;czeniu z narz&#281;dziami Mobility DNA firmy Zebra upraszcza wdra&#380;anie, zabezpiecza dane firmowe i zwi&#281;ksza produktywno&#347;&#263; pracownik&oacute;w. Dzia&#322;y IT zyskuj&#261; pe&#322;n&#261; widoczno&#347;&#263; i kontrol&#281; nad urz&#261;dzeniami w r&oacute;&#380;nych lokalizacjach. <\/p><h3 data-start=\"3754\" data-end=\"3785\">Ergonomiczny i lekki<\/h3><p data-start=\"3786\" data-end=\"3961\">Wa&#380;&#261;cy oko&#322;o 282 g TC58 jest przeno&#347;ny i wygodny podczas wielogodzinnego u&#380;ytkowania. Jego smuk&#322;y profil u&#322;atwia przenoszenie, a mimo to zachowuje pe&#322;ne certyfikaty rugged. <\/p><h2 data-start=\"3963\" data-end=\"4002\">Idealne zastosowania dla Zebra TC58<\/h2><ul data-start=\"4004\" data-end=\"4442\">\n<li data-start=\"4004\" data-end=\"4089\">\n<p data-start=\"4006\" data-end=\"4089\"><strong data-start=\"4006\" data-end=\"4030\">Handel detaliczny i hotelarstwo<\/strong> &ndash; mobilne punkty sprzeda&#380;y, kontrole zapas&oacute;w i pomoc klientom.<\/p>\n<\/li>\n<li data-start=\"4090\" data-end=\"4185\">\n<p data-start=\"4092\" data-end=\"4185\"><strong data-start=\"4092\" data-end=\"4122\">Transport i logistyka<\/strong> &ndash; &#347;ledzenie paczek, dow&oacute;d dostawy i zarz&#261;dzanie flot&#261;.<\/p>\n<\/li>\n<li data-start=\"4186\" data-end=\"4276\">\n<p data-start=\"4188\" data-end=\"4276\"><strong data-start=\"4188\" data-end=\"4217\">Serwis w terenie i us&#322;ugi komunalne<\/strong> &ndash; naprawy na miejscu, inspekcje i zdalne przechwytywanie danych.<\/p>\n<\/li>\n<li data-start=\"4277\" data-end=\"4348\">\n<p data-start=\"4279\" data-end=\"4348\"><strong data-start=\"4279\" data-end=\"4294\">Magazynowanie<\/strong> &ndash; wysokonak&#322;adowe skanowanie, kompletacja i kontrola zapas&oacute;w.<\/p>\n<\/li>\n<li data-start=\"4349\" data-end=\"4442\">\n<p data-start=\"4351\" data-end=\"4442\"><strong data-start=\"4351\" data-end=\"4381\">Bezpiecze&#324;stwo publiczne i administracja<\/strong> &ndash; niezawodne i bezpieczne komputery mobilne dla pracownik&oacute;w pierwszej linii.<\/p>\n<\/li>\n<\/ul><h2 data-start=\"4444\" data-end=\"4479\">Por&oacute;wnanie produkt&oacute;w Zebra TC58<\/h2><p data-start=\"4481\" data-end=\"4665\">Zebra TC58 to urz&#261;dzenie stworzone z my&#347;l&#261; o przedsi&#281;biorstwach wymagaj&#261;cych wydajno&#347;ci rugged i &#322;&#261;czno&#347;ci 5G. Dla organizacji por&oacute;wnuj&#261;cych urz&#261;dzenia, inne odpowiednie opcje dost&#281;pne w Micro Nordic obejmuj&#261;: <\/p><ul data-start=\"4667\" data-end=\"5316\">\n<li data-start=\"4667\" data-end=\"4893\">\n<p data-start=\"4669\" data-end=\"4893\"><strong data-start=\"4669\" data-end=\"4780\"><a class=\"decorated-link cursor-pointer\" href=\"https:\/\/micronordic.com\/product\/zebra-tc58e-handheld-mobile-computer\/\" target=\"_new\" rel=\"noopener\" data-start=\"4671\" data-end=\"4778\">Zebra TC58e Handheld Mobile Computer<\/a><\/strong> &ndash; Najnowsza, ulepszona wersja platformy TC58 z wydajno&#347;ci&#261; gotow&#261; do obs&#322;ugi sztucznej inteligencji i rozszerzonymi funkcjami korporacyjnymi.<\/p>\n<\/li>\n<li data-start=\"4894\" data-end=\"5087\">\n<p data-start=\"4896\" data-end=\"5087\"><a href=\"https:\/\/micronordic.com\/product\/zebra-tc53e-handheld-mobile-computer\/\"><strong data-start=\"4896\" data-end=\"5005\">Zebra TC53e Handheld Mobile Computer<\/strong> <\/a>&ndash; Pierwszy wariant Wi-Fi tej samej generacji, zoptymalizowany pod k&#261;tem pracy w pomieszczeniach.<\/p>\n<\/li>\n<li data-start=\"5088\" data-end=\"5316\">\n<p data-start=\"5090\" data-end=\"5316\"><strong data-start=\"5090\" data-end=\"5218\"><a class=\"decorated-link cursor-pointer\" href=\"https:\/\/micronordic.com\/product\/zebra-tc77-mobile-handheld-computer-refurbished\/\" target=\"_new\" rel=\"noopener\" data-start=\"5092\" data-end=\"5216\">Zebra TC77 Handheld Mobile Computer<\/a><\/strong> &ndash; Starszy komputer r&#281;czny typu rugged dost&#281;pny w wersji odnowionej, oferuj&#261;cy trwa&#322;&#261; wydajno&#347;&#263; w ni&#380;szej cenie.<\/p>\n<\/li>\n<\/ul>\n","protected":false},"excerpt":{"rendered":"<h3>Specyfikacje:<\/h3>\n<ul>\n<li><strong>Wy\u015bwietlacz:<\/strong> 6,0\u2033 FHD+ (2160\u00d71080), jasno\u015b\u0107 600 nit\u00f3w, Gorilla Glass, obs\u0142uga dotyku w r\u0119kawiczkach i na mokro<\/li>\n<li><strong>Procesor:<\/strong> O\u015bmiordzeniowy procesor Qualcomm\u00ae 6490 z akceleracj\u0105 AI<\/li>\n<li><strong>Pami\u0119\u0107 i przechowywanie:<\/strong> 6 GB RAM, 64 GB flash<\/li>\n<li><strong>\u0141\u0105czno\u015b\u0107:<\/strong> 5G, Wi-Fi 6E, Bluetooth 5.2, GPS, eSIM<\/li>\n<li><strong>Rejestracja danych i kamery:<\/strong> Skaner 2D SE4720, tylna kamera 16 MP, przednia kamera 8 MP<\/li>\n<li><strong>Bateria:<\/strong> wymienna bateria o pojemno\u015bci 4680 mAh<\/li>\n<li><strong>Certyfikaty rugged:<\/strong> IP65\/IP68, odporno\u015b\u0107 na upadki<\/li>\n<li><strong>Bezpiecze\u0144stwo:<\/strong> Android Enterprise, szyfrowanie klasy korporacyjnej, NFC<\/li>\n<li><strong>Wymiary i waga:<\/strong> Oko\u0142o 282 g <\/li>\n<li><strong><strong>Gwarancja: <\/strong><\/strong>Standardowa 2-letnia ograniczona gwarancja producenta<\/li>\n<\/ul>\n","protected":false},"author":24,"featured_media":100290,"template":"","meta":{"_acf_changed":false,"inline_featured_image":false},"product-condition":[5249],"product_brand":[9016],"product_cat":[5195,5200,5197],"product_tag":[],"class_list":{"0":"post-46240","1":"product","2":"type-product","3":"status-publish","4":"has-post-thumbnail","6":"product-condition-new-in-box","7":"product_brand-zebra","8":"product_cat-zebra","9":"product_cat-all-barcode-scanners","10":"product_cat-new-in-box-rugged-hardware","12":"first","13":"instock","14":"taxable","15":"shipping-taxable","16":"purchasable","17":"product-type-simple"},"acf":[],"_links":{"self":[{"href":"https:\/\/micronordic.com\/pl\/wp-json\/wp\/v2\/product\/46240","targetHints":{"allow":["GET"]}}],"collection":[{"href":"https:\/\/micronordic.com\/pl\/wp-json\/wp\/v2\/product"}],"about":[{"href":"https:\/\/micronordic.com\/pl\/wp-json\/wp\/v2\/types\/product"}],"author":[{"embeddable":true,"href":"https:\/\/micronordic.com\/pl\/wp-json\/wp\/v2\/users\/24"}],"version-history":[{"count":3,"href":"https:\/\/micronordic.com\/pl\/wp-json\/wp\/v2\/product\/46240\/revisions"}],"predecessor-version":[{"id":97874,"href":"https:\/\/micronordic.com\/pl\/wp-json\/wp\/v2\/product\/46240\/revisions\/97874"}],"wp:featuredmedia":[{"embeddable":true,"href":"https:\/\/micronordic.com\/pl\/wp-json\/wp\/v2\/media\/100290"}],"wp:attachment":[{"href":"https:\/\/micronordic.com\/pl\/wp-json\/wp\/v2\/media?parent=46240"}],"wp:term":[{"taxonomy":"product-condition","embeddable":true,"href":"https:\/\/micronordic.com\/pl\/wp-json\/wp\/v2\/product-condition?post=46240"},{"taxonomy":"product_brand","embeddable":true,"href":"https:\/\/micronordic.com\/pl\/wp-json\/wp\/v2\/product_brand?post=46240"},{"taxonomy":"product_cat","embeddable":true,"href":"https:\/\/micronordic.com\/pl\/wp-json\/wp\/v2\/product_cat?post=46240"},{"taxonomy":"product_tag","embeddable":true,"href":"https:\/\/micronordic.com\/pl\/wp-json\/wp\/v2\/product_tag?post=46240"}],"curies":[{"name":"wp","href":"https:\/\/api.w.org\/{rel}","templated":true}]}}