{"id":46238,"date":"2024-08-01T20:13:06","date_gmt":"2024-08-01T18:13:06","guid":{"rendered":"https:\/\/micronordic.com\/product\/zebra-tc53-handheld-mobile-computer-new\/"},"modified":"2025-11-17T11:16:52","modified_gmt":"2025-11-17T10:16:52","slug":"zebra-tc53-handheld-mobile-computer","status":"publish","type":"product","link":"https:\/\/micronordic.com\/pl\/product\/zebra-tc53-handheld-mobile-computer\/","title":{"rendered":"Zebra TC53 Handheld Mobile Computer (NOWO\u015a\u0106)"},"content":{"rendered":"<?xml encoding=\"utf-8\" ?><h2 data-start=\"306\" data-end=\"343\">Zebra TC53 Handheld Mobile Computer o wzmocnionej konstrukcji<\/h2><p data-start=\"345\" data-end=\"824\"><strong data-start=\"349\" data-end=\"386\">Zebra TC53 Handheld Mobile Computer<\/strong> to zaawansowany komputer r&#281;czny klasy korporacyjnej przeznaczony dla organizacji, kt&oacute;re potrzebuj&#261; wydajno&#347;ci, &#322;&#261;czno&#347;ci i wytrzyma&#322;o&#347;ci w smuk&#322;ym, nowoczesnym urz&#261;dzeniu. TC53, nale&#380;&#261;cy do serii TC5X, &#322;&#261;czy w sobie opracowan&#261; przez firm&#281; Zebra wytrzyma&#322;&#261; konstrukcj&#281; z podej&#347;ciem opartym przede wszystkim na &#322;&#261;czno&#347;ci Wi-Fi, dzi&#281;ki czemu stanowi idealne rozwi&#261;zanie dla przedsi&#281;biorstw dzia&#322;aj&#261;cych g&#322;&oacute;wnie w pomieszczeniach. Niezale&#380;nie od tego, czy chodzi o handel detaliczny, magazynowanie czy hotelarstwo, TC53 zapewnia wydajno&#347;&#263;, widoczno&#347;&#263; i d&#322;ugoterminow&#261; niezawodno&#347;&#263;.  <\/p><p class=\"p1\">Nowe produkty obj&#281;te s&#261; 2-letni&#261; gwarancj&#261; producenta.<\/p><h2 data-start=\"826\" data-end=\"861\">Kluczowe cechy Zebra TC53:<\/h2><ul data-start=\"863\" data-end=\"1798\">\n<li data-start=\"863\" data-end=\"982\">\n<p data-start=\"865\" data-end=\"982\"><strong data-start=\"865\" data-end=\"886\">Wytrzyma&#322;a konstrukcja<\/strong> &ndash; certyfikat IP65\/IP68 i odporno&#347;&#263; na upadki zapewniaj&#261; sta&#322;&#261; wydajno&#347;&#263; w trudnych warunkach.<\/p>\n<\/li>\n<li data-start=\"983\" data-end=\"1090\">\n<p data-start=\"985\" data-end=\"1090\"><strong data-start=\"985\" data-end=\"1006\">Wy&#347;wietlacz 6,0&Prime; FHD+<\/strong> &ndash; jasno&#347;&#263; 600 nit&oacute;w, obs&#322;uga dotyku w r&#281;kawiczkach i na mokro oraz ochrona Gorilla Glass.<\/p>\n<\/li>\n<li data-start=\"1091\" data-end=\"1206\">\n<p data-start=\"1093\" data-end=\"1206\"><strong data-start=\"1093\" data-end=\"1118\">Szybkie przetwarzanie<\/strong> &ndash; o&#347;miordzeniowy procesor Qualcomm&reg; 6490 z akceleracj&#261; AI dla wymagaj&#261;cych aplikacji.<\/p>\n<\/li>\n<li data-start=\"1207\" data-end=\"1288\">\n<p data-start=\"1209\" data-end=\"1288\"><strong data-start=\"1209\" data-end=\"1236\">&#321;&#261;czno&#347;&#263; korporacyjna<\/strong> &ndash; Wi-Fi 6E, Bluetooth 5.2, GPS i opcje eSIM.<\/p>\n<\/li>\n<li data-start=\"1289\" data-end=\"1379\">\n<p data-start=\"1291\" data-end=\"1379\"><strong data-start=\"1291\" data-end=\"1307\">Przechwytywanie danych<\/strong> &ndash; zintegrowany skaner 2D SE4720, aparat tylny 16 MP, aparat przedni 8 MP.<\/p>\n<\/li>\n<li data-start=\"1380\" data-end=\"1450\">\n<p data-start=\"1382\" data-end=\"1450\"><strong data-start=\"1382\" data-end=\"1393\">Bateria<\/strong> &ndash; wymienna bateria o pojemno&#347;ci 4680 mAh zapewnia ca&#322;odzienny czas pracy.<\/p>\n<\/li>\n<li data-start=\"1451\" data-end=\"1531\">\n<p data-start=\"1453\" data-end=\"1531\"><strong data-start=\"1453\" data-end=\"1475\">Lekka konstrukcja<\/strong> &ndash; smuk&#322;a, ergonomiczna obudowa o wadze ok. 282 g. <\/p>\n<\/li>\n<li data-start=\"1532\" data-end=\"1619\">\n<p data-start=\"1534\" data-end=\"1619\"><strong data-start=\"1534\" data-end=\"1562\">Android Enterprise ready<\/strong> &ndash; obs&#322;uga systemu operacyjnego klasy korporacyjnej z wyd&#322;u&#380;onym cyklem &#380;ycia.<\/p>\n<\/li>\n<li data-start=\"1620\" data-end=\"1730\">\n<p data-start=\"1622\" data-end=\"1730\"><strong data-start=\"1622\" data-end=\"1644\">Narz&#281;dzia Mobility DNA<\/strong> &ndash; pakiet oprogramowania firmy Zebra do wdra&#380;ania, zarz&#261;dzania i optymalizacji &#322;&#261;czno&#347;ci.<\/p>\n<\/li>\n<li data-start=\"1731\" data-end=\"1798\">\n<p data-start=\"1733\" data-end=\"1798\"><strong data-start=\"1733\" data-end=\"1745\">Gwarancja<\/strong> &ndash; 2-letnia ograniczona gwarancja producenta firmy Zebra.<\/p>\n<\/li>\n<\/ul><h2 data-start=\"1800\" data-end=\"1858\">Kluczowe zalety wytrzyma&#322;ego komputera mobilnego Zebra TC53<\/h2><h3 data-start=\"1860\" data-end=\"1906\">Niezawodna wytrzyma&#322;o&#347;&#263; w codziennej pracy<\/h3><p data-start=\"1907\" data-end=\"2066\">TC53 zapewnia szczelno&#347;&#263; i odporno&#347;&#263; na upadki na poziomie IP65\/IP68, dzi&#281;ki czemu wytrzymuje intensywn&#261; prac&#281; w magazynach, &#347;rodowiskach detalicznych i logistyce wewn&#281;trznej.<\/p><h3 data-start=\"2068\" data-end=\"2103\">Jasny i funkcjonalny wy&#347;wietlacz<\/h3><p data-start=\"2104\" data-end=\"2277\">Wy&#347;wietlacz FHD+ o przek&#261;tnej 6,0&Prime; z obs&#322;ug&#261; dotyku w r&#281;kawiczkach i na mokro zapewnia produktywno&#347;&#263; w ka&#380;dych warunkach. Wytrzyma&#322;e szk&#322;o Gorilla Glass zapewnia ochron&#281; przed zarysowaniami i uderzeniami. <\/p><h3 data-start=\"2279\" data-end=\"2319\">Wi-Fi jako pierwsze rozwi&#261;zanie do zastosowa&#324; wewn&#281;trznych<\/h3><p data-start=\"2320\" data-end=\"2510\">W przeciwie&#324;stwie do TC58, TC53 jest zoptymalizowany pod k&#261;tem &#347;rodowisk Wi-Fi, co czyni go w&#322;a&#347;ciwym wyborem dla firm korzystaj&#261;cych z sieci bezprzewodowych klasy korporacyjnej w budynkach lub magazynach.<\/p><h3 data-start=\"2512\" data-end=\"2549\">Sprawne i wydajne przetwarzanie<\/h3><p data-start=\"2550\" data-end=\"2743\">Dzi&#281;ki o&#347;miordzeniowemu procesorowi Qualcomm&reg; 6490, TC53 zapewnia szybko&#347;&#263; i wydajno&#347;&#263; potrzebn&#261; do wielozadaniowo&#347;ci i aplikacji opartych na sztucznej inteligencji, takich jak zarz&#261;dzanie zapasami i analityka predykcyjna.<\/p><h3 data-start=\"2745\" data-end=\"2772\">Bezproblemowe przechwytywanie danych<\/h3><p data-start=\"2773\" data-end=\"2937\">Wyposa&#380;ony w skaner kod&oacute;w kreskowych Zebra SE4720 i kamery o wysokiej rozdzielczo&#347;ci, TC53 umo&#380;liwia u&#380;ytkownikom szybk&#261; i dok&#322;adn&#261; rejestracj&#281; kod&oacute;w kreskowych, dokument&oacute;w i obraz&oacute;w.<\/p><h3 data-start=\"2939\" data-end=\"2969\">Bateria stworzona do pracy zmianowej<\/h3><p data-start=\"2970\" data-end=\"3150\">Wymienny akumulator o pojemno&#347;ci 4680 mAh zapewnia nieprzerwan&#261; prac&#281; podczas d&#322;ugich zmian. Pracownicy mog&#261; wymienia&#263; baterie bez wy&#322;&#261;czania zasilania, utrzymuj&#261;c nieprzerwany czas pracy. <\/p><h3 data-start=\"3152\" data-end=\"3191\">Bezpiecze&#324;stwo i ekosystem przedsi&#281;biorstwa<\/h3><p data-start=\"3192\" data-end=\"3354\">TC53, dzia&#322;aj&#261;cy pod kontrol&#261; systemu Android Enterprise i wzbogacony o narz&#281;dzia Mobility DNA firmy Zebra, &#322;&#261;czy w sobie bezpiecze&#324;stwo, &#322;atwo&#347;&#263; zarz&#261;dzania i produktywno&#347;&#263; w jednym usprawnionym pakiecie.<\/p><h3 data-start=\"3356\" data-end=\"3382\">Zaprojektowany dla wygody<\/h3><p data-start=\"3383\" data-end=\"3498\">Wa&#380;&#261;cy zaledwie 282 g TC53 jest lekki i przeno&#347;ny, co zmniejsza zm&#281;czenie u&#380;ytkownika przy jednoczesnym zachowaniu certyfikat&oacute;w rugged.<\/p><h2 data-start=\"3500\" data-end=\"3539\">Idealne zastosowania dla Zebra TC53<\/h2><ul data-start=\"3541\" data-end=\"3985\">\n<li data-start=\"3541\" data-end=\"3632\">\n<p data-start=\"3543\" data-end=\"3632\"><strong data-start=\"3543\" data-end=\"3567\">Handel detaliczny i hotelarstwo<\/strong> &ndash; POS, zarz&#261;dzanie zapasami i zaanga&#380;owanie klient&oacute;w na hali sprzeda&#380;y.<\/p>\n<\/li>\n<li data-start=\"3633\" data-end=\"3718\">\n<p data-start=\"3635\" data-end=\"3718\"><strong data-start=\"3635\" data-end=\"3662\">Magazynowanie i logistyka<\/strong> &ndash; kontrola zapas&oacute;w, skanowanie i realizacja zam&oacute;wie&#324;.<\/p>\n<\/li>\n<li data-start=\"3719\" data-end=\"3810\">\n<p data-start=\"3721\" data-end=\"3810\"><strong data-start=\"3721\" data-end=\"3738\">Produkcja<\/strong> &ndash; aplikacje warsztatowe wymagaj&#261;ce trwa&#322;o&#347;ci i szybkiego rejestrowania danych.<\/p>\n<\/li>\n<li data-start=\"3811\" data-end=\"3906\">\n<p data-start=\"3813\" data-end=\"3906\"><strong data-start=\"3813\" data-end=\"3835\">Wsparcie dla s&#322;u&#380;by zdrowia<\/strong> &ndash; &#347;ledzenie pacjent&oacute;w, zarz&#261;dzanie sprz&#281;tem i bezpieczny dost&#281;p do danych.<\/p>\n<\/li>\n<li data-start=\"3907\" data-end=\"3985\">\n<p data-start=\"3909\" data-end=\"3985\"><strong data-start=\"3909\" data-end=\"3926\">Praca w terenie<\/strong> &ndash; rugged handheld dzia&#322;a w &#347;rodowiskach bogatych w Wi-Fi.<\/p>\n<\/li>\n<\/ul><h2 data-start=\"3987\" data-end=\"4022\">Por&oacute;wnanie produkt&oacute;w Zebra TC53<\/h2><p data-start=\"177\" data-end=\"365\">Zebra TC53 zosta&#322;a zoptymalizowana pod k&#261;tem &#347;rodowisk, w kt&oacute;rych liczy si&#281; przede wszystkim &#322;&#261;czno&#347;&#263; Wi-Fi, przy jednoczesnym zachowaniu niezawodno&#347;ci na poziomie rugged. Dla organizacji rozwa&#380;aj&#261;cych alternatywy, inne istotne produkty w Micro Nordic obejmuj&#261;: <\/p><ul data-start=\"367\" data-end=\"789\">\n<li data-start=\"367\" data-end=\"497\">\n<p data-start=\"369\" data-end=\"497\"><a href=\"https:\/\/micronordic.com\/product\/zebra-tc58-handheld-mobile-computer\/\"><strong data-start=\"369\" data-end=\"406\">Zebra TC58 Handheld Mobile Computer<\/strong> <\/a>&ndash; Wariant z obs&#322;ug&#261; sieci kom&oacute;rkowej i 5G dla firm potrzebuj&#261;cych zaawansowanej mobilno&#347;ci w terenie.<\/p>\n<\/li>\n<li data-start=\"498\" data-end=\"653\">\n<p data-start=\"500\" data-end=\"653\"><a href=\"https:\/\/micronordic.com\/product\/zebra-tc52-mobile-handheld-computer-refurbished\/\"><strong data-start=\"500\" data-end=\"540\">Zebra TC52 Handheld Mobile Computer<\/strong><\/a>&ndash; Starszy model dost&#281;pny w wersji odnowionej, idealny do zastosowa&#324; wymagaj&#261;cych trwa&#322;o&#347;ci i wytrzyma&#322;o&#347;ci.<\/p>\n<\/li>\n<li data-start=\"654\" data-end=\"789\">\n<p data-start=\"656\" data-end=\"789\"><a href=\"https:\/\/micronordic.com\/product\/zebra-tc22-handheld-mobile-computer\/\"><strong data-start=\"656\" data-end=\"693\">Zebra TC22 Handheld Mobile Computer<\/strong><\/a>&ndash; Kompaktowa, niedroga alternatywa dla organizacji potrzebuj&#261;cych mniejszego, wytrzyma&#322;ego komputera przeno&#347;nego.<\/p>\n<\/li>\n<\/ul>\n","protected":false},"excerpt":{"rendered":"<h3>Specyfikacje:<\/h3>\n<ul>\n<li><strong>Wy\u015bwietlacz:<\/strong> 6,0\u2033 FHD+ (2160\u00d71080), jasno\u015b\u0107 600 nit\u00f3w, Gorilla Glass, obs\u0142uga dotyku w r\u0119kawiczkach i na mokro<\/li>\n<li><strong>Procesor:<\/strong> O\u015bmiordzeniowy procesor Qualcomm\u00ae 6490 z akceleracj\u0105 AI<\/li>\n<li><strong>Pami\u0119\u0107 i przechowywanie:<\/strong> 6 GB RAM, 64 GB flash<\/li>\n<li><strong>\u0141\u0105czno\u015b\u0107:<\/strong> Wi-Fi 6E, Bluetooth 5.2, GPS, eSIM<\/li>\n<li><strong>Rejestracja danych i kamery:<\/strong> Skaner 2D SE4720, tylna kamera 16 MP, przednia kamera 8 MP<\/li>\n<li><strong>Bateria:<\/strong> wymienna bateria o pojemno\u015bci 4680 mAh<\/li>\n<li><strong>Certyfikaty rugged:<\/strong> IP65\/IP68, odporno\u015b\u0107 na upadki<\/li>\n<li><strong>Bezpiecze\u0144stwo:<\/strong> Funkcje Android Enterprise, szyfrowanie klasy korporacyjnej, NFC<\/li>\n<li><strong>Wymiary i waga:<\/strong> Oko\u0142o 282 g <\/li>\n<li><strong><strong>Gwarancja: <\/strong><\/strong>2-letnia standardowa ograniczona gwarancja producenta<\/li>\n<\/ul>\n","protected":false},"author":24,"featured_media":100260,"template":"","meta":{"_acf_changed":false,"inline_featured_image":false},"product-condition":[5249],"product_brand":[9016],"product_cat":[5195,5200,5197],"product_tag":[],"class_list":{"0":"post-46238","1":"product","2":"type-product","3":"status-publish","4":"has-post-thumbnail","6":"product-condition-new-in-box","7":"product_brand-zebra","8":"product_cat-zebra","9":"product_cat-all-barcode-scanners","10":"product_cat-new-in-box-rugged-hardware","12":"first","13":"instock","14":"taxable","15":"shipping-taxable","16":"purchasable","17":"product-type-simple"},"acf":[],"_links":{"self":[{"href":"https:\/\/micronordic.com\/pl\/wp-json\/wp\/v2\/product\/46238","targetHints":{"allow":["GET"]}}],"collection":[{"href":"https:\/\/micronordic.com\/pl\/wp-json\/wp\/v2\/product"}],"about":[{"href":"https:\/\/micronordic.com\/pl\/wp-json\/wp\/v2\/types\/product"}],"author":[{"embeddable":true,"href":"https:\/\/micronordic.com\/pl\/wp-json\/wp\/v2\/users\/24"}],"version-history":[{"count":2,"href":"https:\/\/micronordic.com\/pl\/wp-json\/wp\/v2\/product\/46238\/revisions"}],"predecessor-version":[{"id":97884,"href":"https:\/\/micronordic.com\/pl\/wp-json\/wp\/v2\/product\/46238\/revisions\/97884"}],"wp:featuredmedia":[{"embeddable":true,"href":"https:\/\/micronordic.com\/pl\/wp-json\/wp\/v2\/media\/100260"}],"wp:attachment":[{"href":"https:\/\/micronordic.com\/pl\/wp-json\/wp\/v2\/media?parent=46238"}],"wp:term":[{"taxonomy":"product-condition","embeddable":true,"href":"https:\/\/micronordic.com\/pl\/wp-json\/wp\/v2\/product-condition?post=46238"},{"taxonomy":"product_brand","embeddable":true,"href":"https:\/\/micronordic.com\/pl\/wp-json\/wp\/v2\/product_brand?post=46238"},{"taxonomy":"product_cat","embeddable":true,"href":"https:\/\/micronordic.com\/pl\/wp-json\/wp\/v2\/product_cat?post=46238"},{"taxonomy":"product_tag","embeddable":true,"href":"https:\/\/micronordic.com\/pl\/wp-json\/wp\/v2\/product_tag?post=46238"}],"curies":[{"name":"wp","href":"https:\/\/api.w.org\/{rel}","templated":true}]}}