{"id":46236,"date":"2024-08-01T16:13:29","date_gmt":"2024-08-01T14:13:29","guid":{"rendered":"https:\/\/micronordic.com\/product\/zebra-tc27-handheld-mobile-computer-new\/"},"modified":"2025-11-24T12:02:27","modified_gmt":"2025-11-24T11:02:27","slug":"zebra-tc27-handheld-mobile-computer","status":"publish","type":"product","link":"https:\/\/micronordic.com\/pl\/product\/zebra-tc27-handheld-mobile-computer\/","title":{"rendered":"Zebra TC27 Handheld Mobile Computer (NOWO\u015a\u0106)"},"content":{"rendered":"<?xml encoding=\"utf-8\" ?><h2 data-start=\"242\" data-end=\"279\">Zebra TC27 Handheld Mobile Computer o wzmocnionej konstrukcji<\/h2><p data-start=\"281\" data-end=\"816\"><strong data-start=\"285\" data-end=\"322\">Wzmocniony r&#281;czny komputer mobilny Zebra TC27<\/strong>to kompaktowy i przyst&#281;pny cenowo komputer r&#281;czny klasy korporacyjnej przeznaczony dla firm, kt&oacute;re potrzebuj&#261; niezawodno&#347;ci i pe&#322;nej &#322;&#261;czno&#347;ci kom&oacute;rkowej. Bazuj&#261;c na tej samej platformie co TC22, TC27 oferuje dodatkowo funkcje 4G\/5G, dzi&#281;ki czemu nadaje si&#281; zar&oacute;wno do pracy w pomieszczeniach, jak i na zewn&#261;trz. Dzi&#281;ki lekkiej konstrukcji, rejestracji danych klasy korporacyjnej i elastycznym opcjom baterii, TC27 zapewnia trwa&#322;o&#347;&#263; i wydajno&#347;&#263; wymagan&#261; przez organizacje &ndash; w cenie, kt&oacute;ra sprawia, &#380;e wdro&#380;enia na du&#380;&#261; skal&#281; s&#261; dost&#281;pne.<\/p><p class=\"p1\">Nowe produkty obj&#281;te s&#261; 2-letni&#261; gwarancj&#261; producenta.<\/p><h2 data-start=\"818\" data-end=\"853\">Kluczowe cechy Zebra TC27<\/h2><ul data-start=\"855\" data-end=\"1708\">\n<li data-start=\"855\" data-end=\"953\">\n<p data-start=\"857\" data-end=\"953\"><strong data-start=\"857\" data-end=\"878\">Wytrzyma&#322;o&#347;&#263;<\/strong> &ndash; certyfikat IP65\/IP68 i odporno&#347;&#263; na upadki, z ochron&#261; Gorilla Glass.<\/p>\n<\/li>\n<li data-start=\"954\" data-end=\"1041\">\n<p data-start=\"956\" data-end=\"1041\"><strong data-start=\"956\" data-end=\"977\">Wy&#347;wietlacz 6,0&Prime; FHD+<\/strong> &ndash; ekran o wysokiej rozdzielczo&#347;ci z obs&#322;ug&#261; dotyku w r&#281;kawiczkach i na mokro.<\/p>\n<\/li>\n<li data-start=\"1042\" data-end=\"1134\">\n<p data-start=\"1044\" data-end=\"1134\"><strong data-start=\"1044\" data-end=\"1066\">Wydajny procesor<\/strong> &ndash; sze&#347;ciordzeniowa platforma Qualcomm Snapdragon zapewnia niezawodn&#261; wydajno&#347;&#263;.<\/p>\n<\/li>\n<li data-start=\"1135\" data-end=\"1202\">\n<p data-start=\"1137\" data-end=\"1202\"><strong data-start=\"1137\" data-end=\"1153\">&#321;&#261;czno&#347;&#263;<\/strong> &ndash; 5G\/4G LTE, Wi-Fi 6E, Bluetooth 5.2 i GPS.<\/p>\n<\/li>\n<li data-start=\"1203\" data-end=\"1296\">\n<p data-start=\"1205\" data-end=\"1296\"><strong data-start=\"1205\" data-end=\"1221\">Rejestracja danych<\/strong> &ndash; do wyboru skaner kod&oacute;w kreskowych SE4710 (standardowy) lub SE55 (zaawansowany).<\/p>\n<\/li>\n<li data-start=\"1297\" data-end=\"1386\">\n<p data-start=\"1299\" data-end=\"1386\"><strong data-start=\"1299\" data-end=\"1322\">Elastyczno&#347;&#263; baterii<\/strong> &ndash; wymienna standardowa bateria o pojemno&#347;ci 3800 mAh lub rozszerzona bateria o pojemno&#347;ci 5200 mAh.<\/p>\n<\/li>\n<li data-start=\"1387\" data-end=\"1460\">\n<p data-start=\"1389\" data-end=\"1460\"><strong data-start=\"1389\" data-end=\"1416\">Lekka obudowa<\/strong> &ndash; ok. 236 g przy smuk&#322;ej konstrukcji 12,5 mm.<\/p>\n<\/li>\n<li data-start=\"1461\" data-end=\"1534\">\n<p data-start=\"1463\" data-end=\"1534\"><strong data-start=\"1463\" data-end=\"1491\">Android Enterprise ready<\/strong> &ndash; bezpieczny system operacyjny z obs&#322;ug&#261; przysz&#322;ych aktualizacji.<\/p>\n<\/li>\n<li data-start=\"1535\" data-end=\"1640\">\n<p data-start=\"1537\" data-end=\"1640\"><strong data-start=\"1537\" data-end=\"1565\">Narz&#281;dzia Zebra Mobility DNA<\/strong> &ndash; pakiet aplikacji do wdra&#380;ania, zabezpieczania i optymalizacji &#322;&#261;czno&#347;ci.<\/p>\n<\/li>\n<li data-start=\"1641\" data-end=\"1708\">\n<p data-start=\"1643\" data-end=\"1708\"><strong data-start=\"1643\" data-end=\"1655\">Gwarancja<\/strong> &ndash; 2-letnia ograniczona gwarancja producenta firmy Zebra.<\/p>\n<\/li>\n<\/ul><h2 data-start=\"1710\" data-end=\"1768\">Kluczowe zalety wytrzyma&#322;ego komputera mobilnego Zebra TC27<\/h2><h3 data-start=\"1770\" data-end=\"1801\">Wytrzyma&#322;y i ekonomiczny<\/h3><p data-start=\"1802\" data-end=\"1988\">TC27 oferuje po&#322;&#261;czenie wytrzyma&#322;ej konstrukcji i przyst&#281;pnej ceny, co czyni go praktycznym wyborem dla organizacji, kt&oacute;re wymagaj&#261; trwa&#322;o&#347;ci na du&#380;&#261; skal&#281; bez konieczno&#347;ci inwestowania w drogie urz&#261;dzenia.<\/p><h3 data-start=\"1990\" data-end=\"2017\">&#321;&#261;czno&#347;&#263; w dowolnym miejscu<\/h3><p data-start=\"2018\" data-end=\"2222\">W przeciwie&#324;stwie do TC22, TC27 oferuje pe&#322;n&#261; &#322;&#261;czno&#347;&#263; kom&oacute;rkow&#261; 4G\/5G i GPS. Dzi&#281;ki temu nadaje si&#281; dla pracownik&oacute;w mobilnych, technik&oacute;w terenowych i zespo&#322;&oacute;w logistycznych, kt&oacute;rzy pracuj&#261; poza zasi&#281;giem sieci Wi-Fi.<\/p><h3 data-start=\"2224\" data-end=\"2263\">Jasny wy&#347;wietlacz w ka&#380;dych warunkach<\/h3><p data-start=\"2264\" data-end=\"2448\">Wy&#347;wietlacz FHD+ o przek&#261;tnej 6,0&Prime; zapewnia doskona&#322;&#261; czytelno&#347;&#263; zar&oacute;wno w pomieszczeniach, jak i na zewn&#261;trz. Dzi&#281;ki obs&#322;udze dotyku w r&#281;kawiczkach i na mokro, urz&#261;dzenie mo&#380;e by&#263; pewnie u&#380;ywane we wszystkich &#347;rodowiskach pracy.<\/p><h3 data-start=\"2450\" data-end=\"2477\">Niezawodne przechwytywanie danych<\/h3><p data-start=\"2478\" data-end=\"2688\">Dzi&#281;ki modu&#322;om skanuj&#261;cym SE4710 lub SE55 TC27 zapewnia szybk&#261; i dok&#322;adn&#261; rejestracj&#281; kod&oacute;w kreskowych, nawet w trudnych warunkach. W po&#322;&#261;czeniu ze zintegrowanymi kamerami, urz&#261;dzenie umo&#380;liwia elastyczne gromadzenie danych.<\/p><h3 data-start=\"2690\" data-end=\"2714\">D&#322;ugotrwa&#322;a moc<\/h3><p data-start=\"2715\" data-end=\"2881\">System wymiennych baterii zapewnia przedsi&#281;biorstwom elastyczno&#347;&#263; wyboru mi&#281;dzy bateriami standardowymi i rozszerzonymi. Pracownicy mog&#261; wymienia&#263; baterie w trakcie zmiany bez przestoj&oacute;w.<\/p><h3 data-start=\"2883\" data-end=\"2914\">Lekko&#347;&#263; i ergonomia<\/h3><p data-start=\"2915\" data-end=\"3054\">Wa&#380;&#261;cy nieco ponad 230 g TC27 jest smuk&#322;y, ergonomiczny i wygodny do noszenia podczas d&#322;ugich zmian, zmniejszaj&#261;c zm&#281;czenie personelu pierwszej linii.<\/p><h3 data-start=\"3056\" data-end=\"3096\">Bezpiecze&#324;stwo i zarz&#261;dzanie w przedsi&#281;biorstwie<\/h3><p data-start=\"3097\" data-end=\"3240\">System Android Enterprise w po&#322;&#261;czeniu z narz&#281;dziami Mobility DNA firmy Zebra zapewnia bezpiecze&#324;stwo, &#322;atw&#261; konfiguracj&#281; i uproszczone zarz&#261;dzanie urz&#261;dzeniami w ca&#322;ej firmie.<\/p><h2 data-start=\"3242\" data-end=\"3281\">Idealne zastosowania dla Zebra TC27<\/h2><ul data-start=\"3283\" data-end=\"3825\">\n<li data-start=\"3283\" data-end=\"3392\">\n<p data-start=\"3285\" data-end=\"3392\"><strong data-start=\"3285\" data-end=\"3314\">Serwis terenowy i us&#322;ugi komunalne<\/strong> &ndash; niezawodna &#322;&#261;czno&#347;&#263; 5G do inspekcji, napraw i raportowania na miejscu.<\/p>\n<\/li>\n<li data-start=\"3393\" data-end=\"3498\">\n<p data-start=\"3395\" data-end=\"3498\"><strong data-start=\"3395\" data-end=\"3425\">Transport i logistyka<\/strong> &ndash; zarz&#261;dzanie trasami w czasie rzeczywistym, potwierdzenie dostawy i operacje flotowe.<\/p>\n<\/li>\n<li data-start=\"3499\" data-end=\"3627\">\n<p data-start=\"3501\" data-end=\"3627\"><strong data-start=\"3501\" data-end=\"3525\">Handel detaliczny i hotelarstwo<\/strong> &ndash; mobilne punkty sprzeda&#380;y, kontrole zapas&oacute;w i obs&#322;uga klienta w &#347;rodowiskach o r&oacute;&#380;nych potrzebach w zakresie &#322;&#261;czno&#347;ci.<\/p>\n<\/li>\n<li data-start=\"3628\" data-end=\"3722\">\n<p data-start=\"3630\" data-end=\"3722\"><strong data-start=\"3630\" data-end=\"3645\">Magazynowanie<\/strong> &ndash; kompletacja, skanowanie i liczenie cykli, gdzie cenne jest wsparcie kom&oacute;rkowe.<\/p>\n<\/li>\n<li data-start=\"3723\" data-end=\"3825\">\n<p data-start=\"3725\" data-end=\"3825\"><strong data-start=\"3725\" data-end=\"3755\">Bezpiecze&#324;stwo publiczne i administracja<\/strong> &ndash; Bezpieczna komunikacja i przechwytywanie danych w mobilnych operacjach terenowych.<\/p>\n<\/li>\n<\/ul><h2 data-start=\"3827\" data-end=\"3862\">Por&oacute;wnanie produkt&oacute;w Zebra TC27<\/h2><p data-start=\"152\" data-end=\"360\">Zebra TC27 to urz&#261;dzenie towarzysz&#261;ce TC22 z obs&#322;ug&#261; sieci kom&oacute;rkowej, oferuj&#261;ce pe&#322;n&#261; mobilno&#347;&#263; w sieciach Wi-Fi i 5G. Dla firm rozwa&#380;aj&#261;cych alternatywy, odpowiednie urz&#261;dzenia dost&#281;pne w Micro Nordic obejmuj&#261;:<\/p><ul data-start=\"362\" data-end=\"758\">\n<li data-start=\"362\" data-end=\"474\">\n<p data-start=\"364\" data-end=\"474\"><a href=\"https:\/\/micronordic.com\/product\/zebra-tc22-handheld-mobile-computer\/\"><strong data-start=\"364\" data-end=\"401\">Zebra TC22 Handheld Mobile Computer<\/strong><\/a>&ndash; Wariant platformy obs&#322;uguj&#261;cy tylko Wi-Fi, przeznaczony do pracy w pomieszczeniach.<\/p>\n<\/li>\n<li data-start=\"475\" data-end=\"606\">\n<p data-start=\"477\" data-end=\"606\"><a href=\"https:\/\/micronordic.com\/product\/zebra-tc58-handheld-mobile-computer\/\"><strong data-start=\"477\" data-end=\"514\">Zebra TC58 Handheld Mobile Computer<\/strong><\/a>&ndash; Wzmocniony komputer r&#281;czny wy&#380;szej klasy z mocniejszym procesorem i zaawansowanymi funkcjami klasy korporacyjnej.<\/p>\n<\/li>\n<li data-start=\"607\" data-end=\"758\">\n<p data-start=\"609\" data-end=\"758\"><a href=\"https:\/\/micronordic.com\/product\/zebra-tc52-mobile-handheld-computer-refurbished\/\"><strong data-start=\"609\" data-end=\"649\">Zebra TC52 Handheld Mobile Computer<\/strong> <\/a>&ndash; Starszy model dost&#281;pny w wersji odnowionej, stanowi&#261;cy atrakcyjn&#261; cenowo opcj&#281; w przypadku wdro&#380;e&#324; komputer&oacute;w przeno&#347;nych typu rugged.<\/p>\n<\/li>\n<\/ul>\n","protected":false},"excerpt":{"rendered":"<h3>Specyfikacje:<\/h3>\n<ul>\n<li><strong>Wy\u015bwietlacz:<\/strong> 6,0\u2033 FHD+ (1080\u00d72160), obs\u0142uga dotyku w r\u0119kawiczkach i na mokro<\/li>\n<li><strong>Procesor:<\/strong> Sze\u015bciordzeniowa platforma Qualcomm Snapdragon<\/li>\n<li><strong>Pami\u0119\u0107 i przechowywanie:<\/strong> 6 GB RAM, 64 GB flash<\/li>\n<li><strong>\u0141\u0105czno\u015b\u0107:<\/strong> 5G\/4G LTE, Wi-Fi 6E, Bluetooth 5.2, GPS<\/li>\n<li><strong>Rejestracja danych i kamery:<\/strong> Skaner SE4710 lub SE55, aparat tylny 16 MP, aparat przedni 5 MP<\/li>\n<li><strong>Bateria:<\/strong> standardowa 3 800 mAh lub rozszerzona 5 200 mAh, wymienna<\/li>\n<li><strong>Certyfikaty Rugged:<\/strong> IP65 \/ IP68, odporno\u015b\u0107 na upadki<\/li>\n<li><strong>Bezpiecze\u0144stwo:<\/strong> Android Enterprise, NFC, szyfrowanie klasy korporacyjnej<\/li>\n<li><strong>Wymiary i waga:<\/strong> ~165 \u00d7 76 \u00d7 12,5 mm, ok. 236 g<\/li>\n<li><strong><strong>Gwarancja: <\/strong><\/strong>2-letnia standardowa ograniczona gwarancja producenta<\/li>\n<\/ul>\n","protected":false},"author":24,"featured_media":100245,"template":"","meta":{"_acf_changed":false,"inline_featured_image":false},"product-condition":[5249],"product_brand":[9016],"product_cat":[5195,5200,5197],"product_tag":[],"class_list":{"0":"post-46236","1":"product","2":"type-product","3":"status-publish","4":"has-post-thumbnail","6":"product-condition-new-in-box","7":"product_brand-zebra","8":"product_cat-zebra","9":"product_cat-all-barcode-scanners","10":"product_cat-new-in-box-rugged-hardware","12":"first","13":"instock","14":"taxable","15":"shipping-taxable","16":"purchasable","17":"product-type-simple"},"acf":[],"_links":{"self":[{"href":"https:\/\/micronordic.com\/pl\/wp-json\/wp\/v2\/product\/46236","targetHints":{"allow":["GET"]}}],"collection":[{"href":"https:\/\/micronordic.com\/pl\/wp-json\/wp\/v2\/product"}],"about":[{"href":"https:\/\/micronordic.com\/pl\/wp-json\/wp\/v2\/types\/product"}],"author":[{"embeddable":true,"href":"https:\/\/micronordic.com\/pl\/wp-json\/wp\/v2\/users\/24"}],"version-history":[{"count":5,"href":"https:\/\/micronordic.com\/pl\/wp-json\/wp\/v2\/product\/46236\/revisions"}],"predecessor-version":[{"id":99064,"href":"https:\/\/micronordic.com\/pl\/wp-json\/wp\/v2\/product\/46236\/revisions\/99064"}],"wp:featuredmedia":[{"embeddable":true,"href":"https:\/\/micronordic.com\/pl\/wp-json\/wp\/v2\/media\/100245"}],"wp:attachment":[{"href":"https:\/\/micronordic.com\/pl\/wp-json\/wp\/v2\/media?parent=46236"}],"wp:term":[{"taxonomy":"product-condition","embeddable":true,"href":"https:\/\/micronordic.com\/pl\/wp-json\/wp\/v2\/product-condition?post=46236"},{"taxonomy":"product_brand","embeddable":true,"href":"https:\/\/micronordic.com\/pl\/wp-json\/wp\/v2\/product_brand?post=46236"},{"taxonomy":"product_cat","embeddable":true,"href":"https:\/\/micronordic.com\/pl\/wp-json\/wp\/v2\/product_cat?post=46236"},{"taxonomy":"product_tag","embeddable":true,"href":"https:\/\/micronordic.com\/pl\/wp-json\/wp\/v2\/product_tag?post=46236"}],"curies":[{"name":"wp","href":"https:\/\/api.w.org\/{rel}","templated":true}]}}