{"id":46234,"date":"2024-08-01T20:12:43","date_gmt":"2024-08-01T18:12:43","guid":{"rendered":"https:\/\/micronordic.com\/product\/zebra-tc22-handheld-mobile-computer-new\/"},"modified":"2025-11-17T11:22:09","modified_gmt":"2025-11-17T10:22:09","slug":"zebra-tc22-handheld-mobile-computer","status":"publish","type":"product","link":"https:\/\/micronordic.com\/pl\/product\/zebra-tc22-handheld-mobile-computer\/","title":{"rendered":"Zebra TC22 Handheld Mobile Computer (NOWO\u015a\u0106)"},"content":{"rendered":"<?xml encoding=\"utf-8\" ?><h2 data-start=\"315\" data-end=\"352\">Komputer mobilny Zebra TC22 Handheld Mobile Computer o wzmocnionej konstrukcji<\/h2><p data-start=\"354\" data-end=\"781\"><strong data-start=\"358\" data-end=\"395\">R&#281;czny komputer mobilny Zebra TC22 Handheld Mobile<\/strong> Computer zosta&#322; zaprojektowany z my&#347;l&#261; o zapewnieniu firmom przyst&#281;pnego cenowo, a jednocze&#347;nie wydajnego urz&#261;dzenia r&#281;cznego klasy rugged klasy korporacyjnej. Kompaktowy, lekki i &#322;atwy w obs&#322;udze, &#322;&#261;czy w sobie wytrzyma&#322;o&#347;&#263; rugged z nowoczesnymi funkcjami wydajno&#347;ciowymi. Zoptymalizowany pod k&#261;tem &#347;rodowisk, w kt&oacute;rych liczy si&#281; przede wszystkim &#322;&#261;czno&#347;&#263; Wi-Fi, TC22 to doskona&#322;y wyb&oacute;r do zastosowa&#324; w handlu detalicznym, magazynach, hotelarstwie i lekkich us&#322;ugach terenowych, gdzie mobilno&#347;&#263; i op&#322;acalno&#347;&#263; maj&#261; kluczowe znaczenie.  <\/p><p class=\"p1\">Nowe produkty obj&#281;te s&#261; 2-letni&#261; gwarancj&#261; producenta.<\/p><h2 data-start=\"783\" data-end=\"818\">Kluczowe cechy urz&#261;dzenia Zebra TC22<\/h2><ul data-start=\"820\" data-end=\"1708\">\n<li data-start=\"820\" data-end=\"912\">\n<p data-start=\"822\" data-end=\"912\"><strong data-start=\"822\" data-end=\"838\">Rugged build<\/strong> &ndash; certyfikat IP65\/IP68 i odporno&#347;&#263; na upadki dzi&#281;ki ochronie Gorilla Glass.<\/p>\n<\/li>\n<li data-start=\"913\" data-end=\"997\">\n<p data-start=\"915\" data-end=\"997\"><strong data-start=\"915\" data-end=\"936\">Wy&#347;wietlacz 6,0&Prime; FHD+<\/strong> &ndash; ekran o wysokiej rozdzielczo&#347;ci z obs&#322;ug&#261; dotyku w r&#281;kawiczkach i na mokro.<\/p>\n<\/li>\n<li data-start=\"998\" data-end=\"1087\">\n<p data-start=\"1000\" data-end=\"1087\"><strong data-start=\"1000\" data-end=\"1023\">Wydajny procesor<\/strong> &ndash; sze&#347;ciordzeniowa platforma Qualcomm Snapdragon zapewnia p&#322;ynne dzia&#322;anie.<\/p>\n<\/li>\n<li data-start=\"1088\" data-end=\"1173\">\n<p data-start=\"1090\" data-end=\"1173\"><strong data-start=\"1090\" data-end=\"1106\">&#321;&#261;czno&#347;&#263;<\/strong> &ndash; Wi-Fi 6E i Bluetooth 5.2 dla niezawodnej sieci korporacyjnej.<\/p>\n<\/li>\n<li data-start=\"1174\" data-end=\"1277\">\n<p data-start=\"1176\" data-end=\"1277\"><strong data-start=\"1176\" data-end=\"1192\">Przechwytywanie danych<\/strong> &ndash; opcje zintegrowanego skanera, w tym SE4710 (standardowy) lub SE55 (zaawansowany).<\/p>\n<\/li>\n<li data-start=\"1278\" data-end=\"1363\">\n<p data-start=\"1280\" data-end=\"1363\"><strong data-start=\"1280\" data-end=\"1299\">Opcje baterii<\/strong> &ndash; Wyjmowana standardowa bateria o pojemno&#347;ci 3800 mAh lub rozszerzona bateria o pojemno&#347;ci 5200 mAh.<\/p>\n<\/li>\n<li data-start=\"1364\" data-end=\"1447\">\n<p data-start=\"1366\" data-end=\"1447\"><strong data-start=\"1366\" data-end=\"1388\">Lekka konstrukcja<\/strong> &ndash; smuk&#322;y profil o wadze nieco ponad 230 g pozwala na d&#322;ugie zmiany.<\/p>\n<\/li>\n<li data-start=\"1448\" data-end=\"1526\">\n<p data-start=\"1450\" data-end=\"1526\"><strong data-start=\"1450\" data-end=\"1478\">Android Enterprise ready<\/strong> &ndash; bezpieczny system operacyjny z obs&#322;ug&#261; przysz&#322;ych aktualizacji.<\/p>\n<\/li>\n<li data-start=\"1527\" data-end=\"1639\">\n<p data-start=\"1529\" data-end=\"1639\"><strong data-start=\"1529\" data-end=\"1551\">Narz&#281;dzia Mobility DNA<\/strong> &ndash; ekosystem oprogramowania Zebra do wdra&#380;ania, zarz&#261;dzania i optymalizacji &#322;&#261;czno&#347;ci.<\/p>\n<\/li>\n<li data-start=\"1640\" data-end=\"1708\">\n<p data-start=\"1642\" data-end=\"1708\"><strong data-start=\"1642\" data-end=\"1654\">Gwarancja<\/strong> &ndash; 2-letnia ograniczona gwarancja producenta firmy Zebra.<\/p>\n<\/li>\n<\/ul><h2 data-start=\"1710\" data-end=\"1768\">Kluczowe zalety wytrzyma&#322;ego komputera mobilnego Zebra TC22<\/h2><h3 data-start=\"1770\" data-end=\"1797\">Rugged, ale w przyst&#281;pnej cenie<\/h3><p data-start=\"1798\" data-end=\"2022\">TC22 zapewnia wytrzyma&#322;o&#347;&#263; rugged, z kt&oacute;rej s&#322;ynie firma Zebra, ale w ni&#380;szej cenie. Dzi&#281;ki temu nadaje si&#281; do wdro&#380;e&#324; na du&#380;&#261; skal&#281;, w kt&oacute;rych liczy si&#281; cena, bez uszczerbku dla podstawowych funkcji rugged. <\/p><h3 data-start=\"2024\" data-end=\"2058\">Czytelny wy&#347;wietlacz do codziennej pracy<\/h3><p data-start=\"2059\" data-end=\"2236\">Wy&#347;wietlacz o przek&#261;tnej 6,0&Prime; z mo&#380;liwo&#347;ci&#261; obs&#322;ugi w r&#281;kawicach i na mokro zapewnia u&#380;yteczno&#347;&#263; w ka&#380;dych warunkach. Od hal sklepowych po magazyny, pracownicy mog&#261; &#322;atwo przegl&#261;da&#263; aplikacje i wchodzi&#263; z nimi w interakcje. <\/p><h3 data-start=\"2238\" data-end=\"2274\">Wydajno&#347;&#263; w codziennych zadaniach<\/h3><p data-start=\"2275\" data-end=\"2450\">Procesor Qualcomm obs&#322;uguje kontrole zapas&oacute;w, aplikacje POS i zarz&#261;dzanie zadaniami z p&#322;ynn&#261; wydajno&#347;ci&#261;. Zosta&#322; zaprojektowany z my&#347;l&#261; o przep&#322;ywach pracy, w kt&oacute;rych wydajno&#347;&#263; ma kluczowe znaczenie. <\/p><h3 data-start=\"2452\" data-end=\"2479\">Niezawodne przechwytywanie danych<\/h3><p data-start=\"2480\" data-end=\"2658\">Maj&#261;c do wyboru silniki skanuj&#261;ce SE4710 i SE55, TC22 obs&#322;uguje wszystko, od skanowania kod&oacute;w kreskowych z bliska po zadania dalekiego zasi&#281;gu, dzi&#281;ki czemu jest elastyczny w r&oacute;&#380;nych zastosowaniach.<\/p><h3 data-start=\"2660\" data-end=\"2690\">Elastyczne opcje baterii<\/h3><p data-start=\"2691\" data-end=\"2884\">Przedsi&#281;biorstwa mog&#261; wybiera&#263; mi&#281;dzy standardowymi i rozszerzonymi bateriami, w zale&#380;no&#347;ci od d&#322;ugo&#347;ci zmiany i intensywno&#347;ci u&#380;ytkowania. Wymienna konstrukcja oznacza, &#380;e baterie mo&#380;na wymieni&#263; w ci&#261;gu kilku sekund bez przestoj&oacute;w. <\/p><h3 data-start=\"2886\" data-end=\"2919\">Lekko&#347;&#263; i wygoda<\/h3><p data-start=\"2920\" data-end=\"3073\">Wa&#380;&#261;cy nieco ponad 230 g TC22 zosta&#322; zaprojektowany z my&#347;l&#261; o komforcie podczas d&#322;ugich zmian. Smuk&#322;a i ergonomiczna konstrukcja zmniejsza zm&#281;czenie i u&#322;atwia noszenie przez ca&#322;y dzie&#324;. <\/p><h3 data-start=\"3075\" data-end=\"3106\">Bezpiecze&#324;stwo klasy korporacyjnej<\/h3><p data-start=\"3107\" data-end=\"3274\">Dzi&#281;ki obs&#322;udze systemu Android Enterprise i narz&#281;dziom Mobility DNA firmy Zebra TC22 zapewnia ochron&#281; danych, uproszczone wdra&#380;anie i &#322;atwe zarz&#261;dzanie urz&#261;dzeniami w ca&#322;ej flocie.<\/p><h2 data-start=\"3276\" data-end=\"3315\">Idealne zastosowania dla Zebra TC22<\/h2><ul data-start=\"3317\" data-end=\"3720\">\n<li data-start=\"3317\" data-end=\"3413\">\n<p data-start=\"3319\" data-end=\"3413\"><strong data-start=\"3319\" data-end=\"3343\">Handel detaliczny i hotelarstwo<\/strong> &ndash; mobilne punkty sprzeda&#380;y, kontrola cen, obs&#322;uga klienta i zarz&#261;dzanie zam&oacute;wieniami.<\/p>\n<\/li>\n<li data-start=\"3414\" data-end=\"3531\">\n<p data-start=\"3416\" data-end=\"3531\"><strong data-start=\"3416\" data-end=\"3443\">Magazynowanie i logistyka<\/strong> &ndash; kompletacja, zarz&#261;dzanie zapasami i liczenie cykli w lekkich &#347;rodowiskach magazynowych.<\/p>\n<\/li>\n<li data-start=\"3532\" data-end=\"3616\">\n<p data-start=\"3534\" data-end=\"3616\"><strong data-start=\"3534\" data-end=\"3558\">Hotelarstwo i wydarzenia<\/strong> &ndash; odprawa go&#347;ci, skanowanie bilet&oacute;w i zam&oacute;wienia mobilne.<\/p>\n<\/li>\n<li data-start=\"3617\" data-end=\"3720\">\n<p data-start=\"3619\" data-end=\"3720\"><strong data-start=\"3619\" data-end=\"3649\">Us&#322;ugi w terenie (lekkie obci&#261;&#380;enie)<\/strong> &ndash; zadania na miejscu w &#347;rodowiskach bogatych w Wi-Fi, w kt&oacute;rych kluczowa jest przeno&#347;no&#347;&#263;.<\/p>\n<\/li>\n<\/ul><h2 data-start=\"3722\" data-end=\"3757\">Por&oacute;wnanie produkt&oacute;w Zebra TC22<\/h2><p data-start=\"138\" data-end=\"297\">Zebra TC22 to ekonomiczne rozwi&#261;zanie typu rugged dla firm koncentruj&#261;cych si&#281; na &#347;rodowiskach Wi-Fi. Inne istotne opcje dost&#281;pne w Micro Nordic obejmuj&#261;: <\/p><ul data-start=\"299\" data-end=\"692\">\n<li data-start=\"299\" data-end=\"420\">\n<p data-start=\"301\" data-end=\"420\"><a href=\"https:\/\/micronordic.com\/product\/zebra-tc58-handheld-mobile-computer\/\"><strong data-start=\"301\" data-end=\"338\">Zebra TC58 Handheld Mobile Computer<\/strong><\/a>&ndash; Wysokiej klasy wariant z obs&#322;ug&#261; sieci 5G i zaawansowanymi funkcjami do wymagaj&#261;cych proces&oacute;w roboczych.<\/p>\n<\/li>\n<li data-start=\"421\" data-end=\"538\">\n<p data-start=\"423\" data-end=\"538\"><a href=\"https:\/\/micronordic.com\/product\/zebra-tc53-handheld-mobile-computer\/\"><strong data-start=\"423\" data-end=\"460\">Zebra TC53 Handheld Mobile Computer<\/strong><\/a> &ndash; Pierwsze urz&#261;dzenie Wi-Fi o wi&#281;kszej wydajno&#347;ci i zaawansowanych mo&#380;liwo&#347;ciach.<\/p>\n<\/li>\n<li data-start=\"539\" data-end=\"692\">\n<p data-start=\"541\" data-end=\"692\"><a href=\"https:\/\/micronordic.com\/product\/zebra-tc52-mobile-handheld-computer-refurbished\/\"><strong data-start=\"541\" data-end=\"581\">Zebra TC52 Handheld Mobile Computer<\/strong><\/a>&ndash; Starszy model dost&#281;pny w wersji odnowionej, idealny dla przedsi&#281;biorstw dbaj&#261;cych o koszty i potrzebuj&#261;cych sprawdzonych urz&#261;dze&#324; mobilnych typu rugged.<\/p>\n<\/li>\n<\/ul>\n","protected":false},"excerpt":{"rendered":"<h3>Specyfikacje:<\/h3>\n<ul>\n<li><strong>Wy\u015bwietlacz:<\/strong> 6,0\u2033 FHD+ (1080\u00d72160), obs\u0142uga dotyku w r\u0119kawiczkach i na mokro<\/li>\n<li><strong>Procesor:<\/strong> Sze\u015bciordzeniowa platforma Qualcomm Snapdragon<\/li>\n<li><strong>Pami\u0119\u0107 i przechowywanie:<\/strong> 6 GB RAM, 64 GB flash<\/li>\n<li><strong>\u0141\u0105czno\u015b\u0107:<\/strong> Wi-Fi 6E, Bluetooth 5.2<\/li>\n<li><strong>Rejestracja danych i kamery:<\/strong> Skaner SE4710 lub SE55, aparat tylny 16 MP, aparat przedni 5 MP<\/li>\n<li><strong>Bateria:<\/strong> standardowa 3 800 mAh lub rozszerzona 5 200 mAh, wymienna<\/li>\n<li><strong>Certyfikaty Rugged:<\/strong> IP65 \/ IP68, odporno\u015b\u0107 na upadki<\/li>\n<li><strong>Bezpiecze\u0144stwo:<\/strong> Funkcje Android Enterprise, NFC, szyfrowanie klasy korporacyjnej<\/li>\n<li><strong>Wymiary i waga:<\/strong> ~165 \u00d7 76 \u00d7 12,5 mm, ok. 236 g <\/li>\n<li><strong><strong>Gwarancja: <\/strong><\/strong>2-letnia standardowa ograniczona gwarancja producenta<\/li>\n<\/ul>\n","protected":false},"author":24,"featured_media":100245,"template":"","meta":{"_acf_changed":false,"inline_featured_image":false},"product-condition":[5249],"product_brand":[9016],"product_cat":[5195,5200,5197],"product_tag":[],"class_list":{"0":"post-46234","1":"product","2":"type-product","3":"status-publish","4":"has-post-thumbnail","6":"product-condition-new-in-box","7":"product_brand-zebra","8":"product_cat-zebra","9":"product_cat-all-barcode-scanners","10":"product_cat-new-in-box-rugged-hardware","12":"first","13":"instock","14":"taxable","15":"shipping-taxable","16":"purchasable","17":"product-type-variable"},"acf":[],"_links":{"self":[{"href":"https:\/\/micronordic.com\/pl\/wp-json\/wp\/v2\/product\/46234","targetHints":{"allow":["GET"]}}],"collection":[{"href":"https:\/\/micronordic.com\/pl\/wp-json\/wp\/v2\/product"}],"about":[{"href":"https:\/\/micronordic.com\/pl\/wp-json\/wp\/v2\/types\/product"}],"author":[{"embeddable":true,"href":"https:\/\/micronordic.com\/pl\/wp-json\/wp\/v2\/users\/24"}],"version-history":[{"count":2,"href":"https:\/\/micronordic.com\/pl\/wp-json\/wp\/v2\/product\/46234\/revisions"}],"predecessor-version":[{"id":97909,"href":"https:\/\/micronordic.com\/pl\/wp-json\/wp\/v2\/product\/46234\/revisions\/97909"}],"wp:featuredmedia":[{"embeddable":true,"href":"https:\/\/micronordic.com\/pl\/wp-json\/wp\/v2\/media\/100245"}],"wp:attachment":[{"href":"https:\/\/micronordic.com\/pl\/wp-json\/wp\/v2\/media?parent=46234"}],"wp:term":[{"taxonomy":"product-condition","embeddable":true,"href":"https:\/\/micronordic.com\/pl\/wp-json\/wp\/v2\/product-condition?post=46234"},{"taxonomy":"product_brand","embeddable":true,"href":"https:\/\/micronordic.com\/pl\/wp-json\/wp\/v2\/product_brand?post=46234"},{"taxonomy":"product_cat","embeddable":true,"href":"https:\/\/micronordic.com\/pl\/wp-json\/wp\/v2\/product_cat?post=46234"},{"taxonomy":"product_tag","embeddable":true,"href":"https:\/\/micronordic.com\/pl\/wp-json\/wp\/v2\/product_tag?post=46234"}],"curies":[{"name":"wp","href":"https:\/\/api.w.org\/{rel}","templated":true}]}}