{"id":46232,"date":"2024-06-25T20:47:43","date_gmt":"2024-06-25T18:47:43","guid":{"rendered":"https:\/\/micronordic.com\/product\/getac-x600-fully-rugged-mobile-workstation-new\/"},"modified":"2025-10-28T14:36:59","modified_gmt":"2025-10-28T13:36:59","slug":"getac-x600-fully-rugged-mobile-workstation","status":"publish","type":"product","link":"https:\/\/micronordic.com\/pl\/product\/getac-x600-fully-rugged-mobile-workstation\/","title":{"rendered":"Getac X600 Fully Rugged Mobile Workstation (NOWO\u015a\u0106)"},"content":{"rendered":"<?xml encoding=\"utf-8\" ?><h2 data-start=\"435\" data-end=\"481\">Mobilna stacja robocza Getac X600 Fully Rugged Mobile Workstation<\/h2><p data-start=\"483\" data-end=\"1092\"><strong data-start=\"487\" data-end=\"533\">Mobilna stacja robocza Getac X600 Fully Rugged Mobile<\/strong> zosta&#322;a zaprojektowana dla profesjonalist&oacute;w, kt&oacute;rzy wymagaj&#261; wydajno&#347;ci stacji roboczej w &#347;rodowiskach, w kt&oacute;rych zwyk&#322;e laptopy nie mog&#261; przetrwa&#263;. W przeciwie&#324;stwie do standardowych wytrzyma&#322;ych notebook&oacute;w, X600 zosta&#322; zaprojektowany jako <strong data-start=\"723\" data-end=\"745\">mobilna stacja robocza<\/strong>, zapewniaj&#261;ca moc stacjonarnej stacji roboczej z mobilno&#347;ci&#261; i trwa&#322;o&#347;ci&#261; urz&#261;dzenia Fully Rugged. Zbudowany, aby wytrzyma&#263; ekstremalne warunki i wyposa&#380;ony w wysokiej klasy procesory, grafik&#281; i opcje rozszerze&#324;, X600 jest najlepszym wyborem dla bran&#380; takich jak obronno&#347;&#263;, in&#380;ynieria, ropa i gaz oraz operacje terenowe o krytycznym znaczeniu.  <\/p><h2 data-start=\"1094\" data-end=\"1129\">Kluczowe cechy Getac X600<\/h2><ul data-start=\"1131\" data-end=\"2262\">\n<li data-start=\"1131\" data-end=\"1272\">\n<p data-start=\"1133\" data-end=\"1272\"><strong data-start=\"1133\" data-end=\"1163\">Certyfikat Fully Rugged<\/strong> &ndash; MIL-STD-810H, MIL-STD-461G i IP66; odporno&#347;&#263; na upadki z wysoko&#347;ci 4 st&oacute;p, kurz, wibracje i wnikanie wody.<\/p>\n<\/li>\n<li data-start=\"1273\" data-end=\"1427\">\n<p data-start=\"1275\" data-end=\"1427\"><strong data-start=\"1275\" data-end=\"1298\">Du&#380;y wy&#347;wietlacz 15,6&Prime;<\/strong> &ndash; czytelny w &#347;wietle s&#322;onecznym wy&#347;wietlacz Full HD o jasno&#347;ci 1000 nit&oacute;w z technologi&#261; LumiBond&reg; 2.0 do obs&#322;ugi w r&#281;kawiczkach i na mokro.<\/p>\n<\/li>\n<li data-start=\"1428\" data-end=\"1576\">\n<p data-start=\"1430\" data-end=\"1576\"><strong data-start=\"1430\" data-end=\"1462\">Przetwarzanie klasy stacji roboczych<\/strong> &ndash; procesory Intel&reg; 11. generacji Core&trade; i5\/i7 lub Xeon&reg;, opcjonalna grafika NVIDIA&reg; RTX A2000 i obs&#322;uga pami&#281;ci ECC.<\/p>\n<\/li>\n<li data-start=\"1577\" data-end=\"1746\">\n<p data-start=\"1579\" data-end=\"1746\"><strong data-start=\"1579\" data-end=\"1607\">Mo&#380;liwo&#347;&#263; rozbudowy na poziomie korporacyjnym<\/strong> &ndash; dwie baterie z mo&#380;liwo&#347;ci&#261; wymiany podczas pracy, do 128 GB pami&#281;ci RAM DDR4, gniazda rozszerze&#324; PCI\/PCIe (modele Pro) i wiele opcji pami&#281;ci masowej (RAID 0\/1\/5).<\/p>\n<\/li>\n<li data-start=\"1747\" data-end=\"1878\">\n<p data-start=\"1749\" data-end=\"1878\"><strong data-start=\"1749\" data-end=\"1770\">Bogata &#322;&#261;czno&#347;&#263;<\/strong> &ndash; Wi-Fi 6, Bluetooth 5.2, opcjonalne 4G LTE\/5G i zaawansowane wej&#347;cia\/wyj&#347;cia, w tym Thunderbolt&trade; 4 i starsze porty.<\/p>\n<\/li>\n<li data-start=\"1879\" data-end=\"2014\">\n<p data-start=\"1881\" data-end=\"2014\"><strong data-start=\"1881\" data-end=\"1903\">Konstrukcja gotowa do pracy w terenie<\/strong> &ndash; mo&#380;liwo&#347;&#263; pracy w temperaturach od -29 &deg;C do 63 &deg;C, klawiatura przyjazna dla r&#281;kawic i konfigurowalne porty I\/O.<\/p>\n<\/li>\n<li data-start=\"2015\" data-end=\"2155\">\n<p data-start=\"2017\" data-end=\"2155\"><strong data-start=\"2017\" data-end=\"2040\">Bezpiecze&#324;stwo korporacyjne<\/strong> &ndash; TPM 2.0, czytnik kart inteligentnych, rozpoznawanie twarzy Windows Hello, skaner linii papilarnych i dyski samoszyfruj&#261;ce.<\/p>\n<\/li>\n<li data-start=\"2156\" data-end=\"2262\">\n<p data-start=\"2158\" data-end=\"2262\"><strong data-start=\"2158\" data-end=\"2183\">D&#322;ugotrwa&#322;a niezawodno&#347;&#263;<\/strong> &ndash; 3-letnia gwarancja typu &bdquo;od zderzaka do zderzaka&rdquo;, obejmuj&#261;ca r&oacute;wnie&#380; przypadkowe uszkodzenia.<\/p>\n<\/li>\n<\/ul><h2 data-start=\"2264\" data-end=\"2331\">Kluczowe zalety mobilnej stacji roboczej Getac X600 Fully Rugged Mobile Workstation<\/h2><h3 data-start=\"2333\" data-end=\"2375\">Moc klasy stacji roboczej w terenie<\/h3><p data-start=\"2376\" data-end=\"2902\">W przeciwie&#324;stwie do laptop&oacute;w typu rugged, takich jak S410 lub S510, X600 jest klasyfikowany jako <strong data-start=\"2452\" data-end=\"2474\">mobilna stacja robocza<\/strong>. Oznacza to, &#380;e oferuje tak&#261; sam&#261; moc obliczeniow&#261; i mo&#380;liwo&#347;ci rozbudowy, jakich mo&#380;na oczekiwa&#263; od stacjonarnej stacji roboczej &ndash; procesory Intel Xeon, profesjonaln&#261; grafik&#281; NVIDIA RTX, pami&#281;&#263; ECC i wielodyskow&#261; pami&#281;&#263; masow&#261; &ndash; w przeno&#347;nej, w pe&#322;ni rugged obudowie. Dla in&#380;ynier&oacute;w, analityk&oacute;w i operator&oacute;w system&oacute;w obronnych przek&#322;ada si&#281; to na p&#322;ynn&#261; prac&#281; z CAD, modelowaniem 3D, mapowaniem GIS i analiz&#261; danych o znaczeniu krytycznym, gdziekolwiek wymaga tego praca.  <\/p><h3 data-start=\"2904\" data-end=\"2934\">Niezawodno&#347;&#263; Fully Rugged<\/h3><p data-start=\"2935\" data-end=\"3259\">X600 posiada certyfikaty MIL-STD-810H, MIL-STD-461G i IP66. Jest odporny na upadki, wibracje, wod&#281; i py&#322;, a jednocze&#347;nie dzia&#322;a w ekstremalnych temperaturach od -29 &deg;C do 63 &deg;C. Zapewnia to nieprzerwan&#261; prac&#281; w trudnych warunkach, takich jak pustynie, platformy morskie lub rozmieszczenia wojskowe.  <\/p><h3 data-start=\"3261\" data-end=\"3297\">Zaawansowany wy&#347;wietlacz do u&#380;ytku w terenie<\/h3><p data-start=\"3298\" data-end=\"3558\">Wy&#347;wietlacz FHD o przek&#261;tnej 15,6&Prime; i jasno&#347;ci 1000 nit&oacute;w zapewnia widoczno&#347;&#263; nawet w bezpo&#347;rednim &#347;wietle s&#322;onecznym. Technologia LumiBond&reg; 2.0 zwi&#281;ksza czytelno&#347;&#263; i umo&#380;liwia obs&#322;ug&#281; ekranu dotykowego w r&#281;kawiczkach lub w mokrych warunkach, wspieraj&#261;c produktywno&#347;&#263; w ka&#380;dym &#347;rodowisku. <\/p><h3 data-start=\"3560\" data-end=\"3593\">Skalowalna pami&#281;&#263; i pami&#281;&#263; masowa<\/h3><p data-start=\"3594\" data-end=\"3864\">Dzi&#281;ki maksymalnie 128 GB pami&#281;ci RAM DDR4 i wielu gniazdom na dyski SSD, w tym konfiguracjom RAID, X600 mo&#380;e z &#322;atwo&#347;ci&#261; obs&#322;ugiwa&#263; aplikacje intensywnie przetwarzaj&#261;ce dane. Opcjonalne gniazda PCI\/PCIe w modelach Pro dodatkowo rozszerzaj&#261; funkcjonalno&#347;&#263;, dzi&#281;ki czemu mo&#380;na je dostosowa&#263; do wysoce wyspecjalizowanych przep&#322;yw&oacute;w pracy. <\/p><h3 data-start=\"3866\" data-end=\"3891\">Zasilanie z mo&#380;liwo&#347;ci&#261; wymiany podczas pracy<\/h3><p data-start=\"3892\" data-end=\"4095\">X600 jest wyposa&#380;ony w dwie baterie, kt&oacute;re mo&#380;na wymienia&#263; podczas pracy, co umo&#380;liwia ci&#261;g&#322;&#261; prac&#281; bez wy&#322;&#261;czania zasilania. Taka konstrukcja zapewnia ca&#322;odzienn&#261; wydajno&#347;&#263; w terenie, nawet gdy mo&#380;liwo&#347;ci &#322;adowania s&#261; ograniczone. <\/p><h3 data-start=\"4097\" data-end=\"4131\">Wbudowane zabezpieczenia dla przedsi&#281;biorstw<\/h3><p data-start=\"4132\" data-end=\"4409\">Funkcje bezpiecze&#324;stwa obejmuj&#261; TPM 2.0, rozpoznawanie twarzy Windows Hello, skanowanie odcisk&oacute;w palc&oacute;w i obs&#322;ug&#281; kart inteligentnych. W po&#322;&#261;czeniu z opcjonalnymi dyskami samoszyfruj&#261;cymi, X600 zapewnia integralno&#347;&#263; danych dla wra&#380;liwych bran&#380;, takich jak obrona, us&#322;ugi u&#380;yteczno&#347;ci publicznej i infrastruktura krytyczna. <\/p><h3 data-start=\"4411\" data-end=\"4447\">&#321;&#261;czno&#347;&#263; gdziekolwiek pracujesz<\/h3><p data-start=\"4448\" data-end=\"4676\">Dzi&#281;ki Wi-Fi 6, Bluetooth 5.2, opcjonalnemu 4G LTE\/5G i Thunderbolt&trade; 4, X600 zapewnia szybk&#261; i bezpieczn&#261; &#322;&#261;czno&#347;&#263;. Po&#322;&#261;czenie nowoczesnych i starszych port&oacute;w I\/O zapewnia kompatybilno&#347;&#263; z istniej&#261;cym sprz&#281;tem i przysz&#322;ymi technologiami. <\/p><h2 data-start=\"4678\" data-end=\"4717\">Idealne przypadki u&#380;ycia dla Getac X600<\/h2><ul data-start=\"4719\" data-end=\"5346\">\n<li data-start=\"4719\" data-end=\"4848\">\n<p data-start=\"4721\" data-end=\"4848\"><strong data-start=\"4721\" data-end=\"4743\">Obrona i wojsko<\/strong> &ndash; Bezpieczna obs&#322;uga danych o znaczeniu krytycznym, mapowanie GIS i operacje taktyczne w ekstremalnych warunkach.<\/p>\n<\/li>\n<li data-start=\"4849\" data-end=\"4968\">\n<p data-start=\"4851\" data-end=\"4968\"><strong data-start=\"4851\" data-end=\"4879\">In&#380;ynieria i projektowanie CAD<\/strong> &ndash; przetwarzanie klasy stacji roboczej do modelowania 3D, symulacji i przegl&#261;du projektu na miejscu.<\/p>\n<\/li>\n<li data-start=\"4969\" data-end=\"5094\">\n<p data-start=\"4971\" data-end=\"5094\"><strong data-start=\"4971\" data-end=\"4996\">Poszukiwanie ropy i gazu<\/strong> &ndash; analiza terenowa i podejmowanie decyzji w czasie rzeczywistym w rugged warunkach morskich i l&#261;dowych.<\/p>\n<\/li>\n<li data-start=\"5095\" data-end=\"5214\">\n<p data-start=\"5097\" data-end=\"5214\"><strong data-start=\"5097\" data-end=\"5119\">Us&#322;ugi u&#380;yteczno&#347;ci publicznej i energia<\/strong> &ndash; inspekcja infrastruktury, zarz&#261;dzanie aktywami i aplikacje wymagaj&#261;ce du&#380;ej ilo&#347;ci danych w terenie.<\/p>\n<\/li>\n<li data-start=\"5215\" data-end=\"5346\">\n<p data-start=\"5217\" data-end=\"5346\"><strong data-start=\"5217\" data-end=\"5255\">Bezpiecze&#324;stwo publiczne i reagowanie kryzysowe<\/strong> &ndash; niezawodna mobilna stacja robocza do koordynacji kryzysowej, mapowania i komunikacji.<\/p>\n<\/li>\n<\/ul><h2 data-start=\"5348\" data-end=\"5383\">Por&oacute;wnanie produkt&oacute;w Getac X600<\/h2><p data-start=\"172\" data-end=\"370\">Getac X600 Fully Rugged Mobile wyr&oacute;&#380;nia si&#281; jako w pe&#322;ni wytrzyma&#322;a mobilna stacja robocza, zapewniaj&#261;ca wi&#281;ksz&#261; moc i mo&#380;liwo&#347;ci rozbudowy ni&#380; standardowe laptopy typu rugged. Dla przedsi&#281;biorstw oceniaj&#261;cych opcje, MicroNordic oferuje r&oacute;wnie&#380;: <\/p><ul data-start=\"372\" data-end=\"863\">\n<li data-start=\"372\" data-end=\"623\">\n<p data-start=\"374\" data-end=\"623\"><strong data-start=\"374\" data-end=\"424\">Getac X600 Pro Fully Rugged Mobile Workstation<\/strong> &ndash; Ten produkt mo&#380;na skonfigurowa&#263; do modelu Pro. Wybierz model na g&oacute;rze strony. Wersja PRO dodaje gniazda rozszerze&#324; PCI\/PCIe, zaawansowan&#261; &#322;&#261;czno&#347;&#263; i zwi&#281;kszon&#261; skalowalno&#347;&#263; pami&#281;ci masowej.  <\/p>\n<\/li>\n<li data-start=\"624\" data-end=\"737\">\n<p data-start=\"626\" data-end=\"737\"><a href=\"https:\/\/micronordic.com\/product\/getac-b360-g2-fully-rugged-laptop\/\"><strong data-start=\"626\" data-end=\"654\">Getac B360 Rugged Laptop<\/strong><\/a> &ndash; Fully Rugged Laptop 13,3&Prime; zaprojektowany z my&#347;l&#261; o mobilno&#347;ci w terenie w ekstremalnych warunkach.<\/p>\n<\/li>\n<li data-start=\"738\" data-end=\"863\">\n<p data-start=\"740\" data-end=\"863\"><a href=\"https:\/\/micronordic.com\/product\/panasonic-toughbook-fz-55\/\"><strong data-start=\"740\" data-end=\"766\">Panasonic TOUGHBOOK 55<\/strong><\/a> &ndash; Modu&#322;owy laptop typu Semi-Rugged, oferuj&#261;cy l&#380;ejsz&#261; mobilno&#347;&#263;, ale mniejsz&#261; moc w por&oacute;wnaniu z X600.<\/p>\n<\/li>\n<\/ul>\n","protected":false},"excerpt":{"rendered":"<h3>Specyfikacje:<\/h3>\n<ul>\n<li><strong>Wy\u015bwietlacz:<\/strong> 15,6\u2033 FHD (1920\u00d71080), 1000 nit\u00f3w, LumiBond\u00ae 2.0 z obs\u0142ug\u0105 dotyku w r\u0119kawiczkach\/moczeniu<\/li>\n<li><strong>Procesor:<\/strong> Intel\u00ae 11. generacji Core\u2122 i5\/i7 lub Xeon\u00ae<\/li>\n<li><strong>Grafika:<\/strong> Zintegrowany Intel\u00ae UHD lub opcjonalny NVIDIA\u00ae RTX A2000<\/li>\n<li><strong>Pami\u0119\u0107:<\/strong> 16 GB DDR4 (model podstawowy), z mo\u017cliwo\u015bci\u0105 rozbudowy do 64 GB<\/li>\n<li><strong>Pami\u0119\u0107 masowa: <\/strong>512 GB PCIe SSD (model podstawowy) z mo\u017cliwo\u015bci\u0105 rozbudowy do 1 TB<\/li>\n<li><strong>\u0141\u0105czno\u015b\u0107:<\/strong> Wi-Fi 6, Bluetooth 5.2, opcjonalnie 4G LTE\/5G, Thunderbolt\u2122 4<\/li>\n<li><strong>Certyfikaty rugged:<\/strong> MIL-STD-810H, MIL-STD-461G, IP66, odporno\u015b\u0107 na upadek z wysoko\u015bci do 4 st\u00f3p<\/li>\n<li><strong>Zabezpieczenia:<\/strong> TPM 2.0, skaner linii papilarnych, Windows Hello, karta inteligentna, samoszyfruj\u0105ce dyski SSD<\/li>\n<li><strong>Bateria:<\/strong> Podw\u00f3jne baterie z mo\u017cliwo\u015bci\u0105 wymiany podczas pracy ci\u0105g\u0142ej<\/li>\n<li><strong>Wymiary i waga:<\/strong> ~39,4 \u00d7 29,1 \u00d7 5,1 cm, ok. 5,2 kg <\/li>\n<li><strong>Gwarancja:<\/strong> 3 lata gwarancji od zderzaka do zderzaka<\/li>\n<\/ul>\n","protected":false},"author":24,"featured_media":99755,"template":"","meta":{"_acf_changed":false,"inline_featured_image":false},"product-condition":[5249],"product_brand":[8955],"product_cat":[5204,5201,5197],"product_tag":[],"class_list":{"0":"post-46232","1":"product","2":"type-product","3":"status-publish","4":"has-post-thumbnail","6":"product-condition-new-in-box","7":"product_brand-getac","8":"product_cat-getac-rugged","9":"product_cat-all-rugged-laptops","10":"product_cat-new-in-box-rugged-hardware","12":"first","13":"instock","14":"taxable","15":"shipping-taxable","16":"purchasable","17":"product-type-simple"},"acf":[],"_links":{"self":[{"href":"https:\/\/micronordic.com\/pl\/wp-json\/wp\/v2\/product\/46232","targetHints":{"allow":["GET"]}}],"collection":[{"href":"https:\/\/micronordic.com\/pl\/wp-json\/wp\/v2\/product"}],"about":[{"href":"https:\/\/micronordic.com\/pl\/wp-json\/wp\/v2\/types\/product"}],"author":[{"embeddable":true,"href":"https:\/\/micronordic.com\/pl\/wp-json\/wp\/v2\/users\/24"}],"version-history":[{"count":1,"href":"https:\/\/micronordic.com\/pl\/wp-json\/wp\/v2\/product\/46232\/revisions"}],"predecessor-version":[{"id":87691,"href":"https:\/\/micronordic.com\/pl\/wp-json\/wp\/v2\/product\/46232\/revisions\/87691"}],"wp:featuredmedia":[{"embeddable":true,"href":"https:\/\/micronordic.com\/pl\/wp-json\/wp\/v2\/media\/99755"}],"wp:attachment":[{"href":"https:\/\/micronordic.com\/pl\/wp-json\/wp\/v2\/media?parent=46232"}],"wp:term":[{"taxonomy":"product-condition","embeddable":true,"href":"https:\/\/micronordic.com\/pl\/wp-json\/wp\/v2\/product-condition?post=46232"},{"taxonomy":"product_brand","embeddable":true,"href":"https:\/\/micronordic.com\/pl\/wp-json\/wp\/v2\/product_brand?post=46232"},{"taxonomy":"product_cat","embeddable":true,"href":"https:\/\/micronordic.com\/pl\/wp-json\/wp\/v2\/product_cat?post=46232"},{"taxonomy":"product_tag","embeddable":true,"href":"https:\/\/micronordic.com\/pl\/wp-json\/wp\/v2\/product_tag?post=46232"}],"curies":[{"name":"wp","href":"https:\/\/api.w.org\/{rel}","templated":true}]}}