{"id":46230,"date":"2024-06-24T18:12:21","date_gmt":"2024-06-24T16:12:21","guid":{"rendered":"https:\/\/micronordic.com\/product\/getac-ux10-g3-fully-rugged-tablet-new\/"},"modified":"2025-11-13T20:13:06","modified_gmt":"2025-11-13T19:13:06","slug":"getac-ux10-g3-fully-rugged-tablet","status":"publish","type":"product","link":"https:\/\/micronordic.com\/pl\/product\/getac-ux10-g3-fully-rugged-tablet\/","title":{"rendered":"Getac UX10 G3 Fully Rugged Tablet (NOWO\u015a\u0106)"},"content":{"rendered":"<?xml encoding=\"utf-8\" ?><h2 data-start=\"256\" data-end=\"293\">Getac UX10 G3 Fully Rugged Tablet<\/h2><p data-start=\"295\" data-end=\"827\">Getac UX10 G3 to w pe&#322;ni Rugged Tablet 10,1&Prime; zaprojektowany w celu zapewnienia bezkompromisowej wydajno&#347;ci, trwa&#322;o&#347;ci i mobilno&#347;ci. Stworzony z my&#347;l&#261; o bran&#380;ach wymagaj&#261;cych niezawodno&#347;ci w trudnych warunkach &ndash; takich jak us&#322;ugi terenowe, us&#322;ugi u&#380;yteczno&#347;ci publicznej, obrona i bezpiecze&#324;stwo publiczne &ndash; UX10 G3 zapewnia profesjonalistom produktywno&#347;&#263; w ka&#380;dym miejscu pracy. Po&#322;&#261;czenie solidnych certyfikat&oacute;w rugged, wydajnych procesor&oacute;w Intel&reg; Core&trade; i elastycznej &#322;&#261;czno&#347;ci sprawia, &#380;e jest to jeden z najbardziej niezawodnych wytrzyma&#322;ych tablet&oacute;w dost&#281;pnych obecnie na rynku.<\/p><h2 data-start=\"829\" data-end=\"867\">Kluczowe cechy Getac UX10 G3<\/h2><ul data-start=\"869\" data-end=\"1959\">\n<li data-start=\"869\" data-end=\"1005\">\n<p data-start=\"871\" data-end=\"1005\"><strong data-start=\"871\" data-end=\"898\">Wytrzyma&#322;o&#347;&#263; Fully Rugged<\/strong> &ndash; certyfikat MIL-STD-810H i IP66, odporno&#347;&#263; na upadki z wysoko&#347;ci 1,8 m (6 st&oacute;p), zakres pracy od -29 &deg;C do +63 &deg;C.<\/p>\n<\/li>\n<li data-start=\"1006\" data-end=\"1147\">\n<p data-start=\"1008\" data-end=\"1147\"><strong data-start=\"1008\" data-end=\"1043\">Czytelny w &#347;wietle s&#322;onecznym wy&#347;wietlacz 10,1&Prime;<\/strong> &ndash; ekran dotykowy LumiBond&reg; o rozdzielczo&#347;ci FHD (1920&times;1200) i jasno&#347;ci 1000 nit&oacute;w, obs&#322;ugiwany w r&#281;kawiczkach, pi&oacute;rem lub palcem.<\/p>\n<\/li>\n<li data-start=\"1148\" data-end=\"1300\">\n<p data-start=\"1150\" data-end=\"1300\"><strong data-start=\"1150\" data-end=\"1173\">Wydajne przetwarzanie<\/strong> &ndash; procesory Intel&reg; Core&trade; i5\/i7 12. generacji, opcjonalnie vPro&reg;, obs&#322;uguj&#261;ce wymagaj&#261;ce aplikacje korporacyjne i krytyczne.<\/p>\n<\/li>\n<li data-start=\"1301\" data-end=\"1388\">\n<p data-start=\"1303\" data-end=\"1388\"><strong data-start=\"1303\" data-end=\"1320\">Zasilanie przez ca&#322;y dzie&#324;<\/strong> &ndash; baterie wymieniane podczas pracy umo&#380;liwiaj&#261; ci&#261;g&#322;e u&#380;ytkowanie bez przestoj&oacute;w.<\/p>\n<\/li>\n<li data-start=\"1389\" data-end=\"1487\">\n<p data-start=\"1391\" data-end=\"1487\"><strong data-start=\"1391\" data-end=\"1413\">Elastyczna rozbudowa<\/strong> &ndash; opcjonalne dedykowane porty do obs&#322;ugi po&#322;&#261;cze&#324; szeregowych, sieci LAN i czytnik&oacute;w kod&oacute;w kreskowych.<\/p>\n<\/li>\n<li data-start=\"1488\" data-end=\"1600\">\n<p data-start=\"1490\" data-end=\"1600\"><strong data-start=\"1490\" data-end=\"1513\">Nowoczesna &#322;&#261;czno&#347;&#263;<\/strong> &ndash; Wi-Fi 6E, Bluetooth 5.3, opcjonalnie 4G LTE lub 5G oraz GPS zapewniaj&#261;cy globalny zasi&#281;g w terenie.<\/p>\n<\/li>\n<li data-start=\"1601\" data-end=\"1733\">\n<p data-start=\"1603\" data-end=\"1733\"><strong data-start=\"1603\" data-end=\"1624\">Zaawansowane zabezpieczenia<\/strong> &ndash; TPM 2.0, skaner linii papilarnych, opcje czytnika kart inteligentnych i RFID oraz rozpoznawanie twarzy Windows Hello.<\/p>\n<\/li>\n<li data-start=\"1734\" data-end=\"1855\">\n<p data-start=\"1736\" data-end=\"1855\"><strong data-start=\"1736\" data-end=\"1760\">Lekka mobilno&#347;&#263;<\/strong> &ndash; Smuk&#322;a, ergonomiczna konstrukcja o wadze nieco ponad 1,3 kg zapewnia wygod&#281; przenoszenia w terenie.<\/p>\n<\/li>\n<li data-start=\"1856\" data-end=\"1959\">\n<p data-start=\"1858\" data-end=\"1959\"><strong data-start=\"1858\" data-end=\"1879\">Gwarancja w zestawie<\/strong> &ndash; Standardowa 3-letnia ograniczona gwarancja z kompleksowym wsparciem technicznym Getac rugged.<\/p>\n<\/li>\n<\/ul><h2 data-start=\"1961\" data-end=\"2006\">Kluczowe zalety tabletu Getac UX10 G3<\/h2><h3 data-start=\"2008\" data-end=\"2045\">Solidna niezawodno&#347;&#263; w terenie<\/h3><p data-start=\"2046\" data-end=\"2400\">Getac UX10 G3 zosta&#322; zaprojektowany do pracy w warunkach, w kt&oacute;rych standardowe tablety konsumenckie nie s&#261; w stanie przetrwa&#263;. Dzi&#281;ki w pe&#322;ni rugged konstrukcji, uszczelnieniu IP66 i odporno&#347;ci na upadek z wysoko&#347;ci do 6 st&oacute;p, jest odporny na kurz, wod&#281;, wibracje i wstrz&#261;sy. Niezale&#380;nie od tego, czy jest u&#380;ywany w ulewnym deszczu, ekstremalnym upale czy mrozie, UX10 G3 zapewnia ci&#261;g&#322;&#261; prac&#281; bez kompromis&oacute;w.<\/p><h3 data-start=\"2402\" data-end=\"2438\">Wyj&#261;tkowa widoczno&#347;&#263; na zewn&#261;trz<\/h3><p data-start=\"2439\" data-end=\"2732\">Wyposa&#380;ony w 10,1-calowy wy&#347;wietlacz FHD LumiBond&reg;, UX10 G3 zapewnia ostry, wyra&#378;ny obraz nawet w bezpo&#347;rednim &#347;wietle s&#322;onecznym. Dzi&#281;ki jasno&#347;ci 1000 nit&oacute;w i responsywnemu ekranowi wielodotykowemu, kt&oacute;ry dzia&#322;a w r&#281;kawiczkach, rysikiem lub go&#322;ymi r&#281;kami, pracownicy terenowi mog&#261; polega&#263; na sta&#322;ej widoczno&#347;ci w ka&#380;dym &#347;rodowisku.<\/p><h3 data-start=\"2734\" data-end=\"2768\">Wydajno&#347;&#263; klasy korporacyjnej<\/h3><p data-start=\"2769\" data-end=\"3062\">Zasilany najnowszymi procesorami Intel&reg; Core&trade; 12. generacji, UX10 G3 zapewnia wysok&#261; wydajno&#347;&#263; dla wymagaj&#261;cego oprogramowania korporacyjnego, analizy danych i krytycznych przep&#322;yw&oacute;w pracy. W po&#322;&#261;czeniu z pami&#281;ci&#261; DDR5 i pami&#281;ci&#261; masow&#261; SSD zapewnia szybki czas reakcji i p&#322;ynn&#261; wielozadaniowo&#347;&#263; w terenie.<\/p><h3 data-start=\"3064\" data-end=\"3097\">Mobilno&#347;&#263; bez kompromis&oacute;w<\/h3><p data-start=\"3098\" data-end=\"3382\">Pomimo swojej rugged konstrukcji, UX10 G3 pozostaje lekki i przeno&#347;ny, wa&#380;&#261;c nieco ponad 1,3 kg. Jego smuk&#322;a obudowa u&#322;atwia przenoszenie przez ca&#322;&#261; zmian&#281;, a opcjonalne paski na r&#281;k&#281;, paski na rami&#281; i stacje dokuj&#261;ce do pojazd&oacute;w zwi&#281;kszaj&#261; u&#380;yteczno&#347;&#263; w szerokim zakresie &#347;rodowisk pracy.<\/p><h3 data-start=\"3384\" data-end=\"3423\">&#321;&#261;czno&#347;&#263; dla nowoczesnych przep&#322;yw&oacute;w pracy<\/h3><p data-start=\"3424\" data-end=\"3707\">Dzi&#281;ki Wi-Fi 6E, Bluetooth 5.3 i opcjonalnemu 4G LTE lub 5G, UX10 G3 umo&#380;liwia dost&#281;p do danych w czasie rzeczywistym, komunikacj&#281; i us&#322;ugi lokalizacyjne w dowolnym miejscu pracy. Zapewnia to p&#322;ynn&#261; wsp&oacute;&#322;prac&#281; mi&#281;dzy zespo&#322;ami terenowymi a central&#261;, skracaj&#261;c przestoje i zwi&#281;kszaj&#261;c wydajno&#347;&#263;.<\/p><h3 data-start=\"3709\" data-end=\"3737\">Elastyczna personalizacja<\/h3><p data-start=\"3738\" data-end=\"4019\">Modu&#322;owa konstrukcja UX10 G3 pozwala firmom dostosowa&#263; urz&#261;dzenie do ich specyficznych potrzeb. Opcje rozbudowy obejmuj&#261; porty dla starszych po&#322;&#261;cze&#324; szeregowych, dedykowan&#261; sie&#263; LAN lub zintegrowany czytnik kod&oacute;w kreskowych, dzi&#281;ki czemu UX10 G3 mo&#380;na dostosowa&#263; do r&oacute;&#380;nych przep&#322;yw&oacute;w pracy i bran&#380;.<\/p><h3 data-start=\"4021\" data-end=\"4049\">Bezpieczna ochrona danych<\/h3><p data-start=\"4050\" data-end=\"4343\">Bezpiecze&#324;stwo jest najwy&#380;szym priorytetem dla UX10 G3, kt&oacute;ry obejmuje TPM 2.0, samoszyfruj&#261;c&#261; pami&#281;&#263; masow&#261;, obs&#322;ug&#281; kart inteligentnych i RFID, skanowanie odcisk&oacute;w palc&oacute;w i rozpoznawanie twarzy Windows Hello. Funkcje te pomagaj&#261; organizacjom spe&#322;nia&#263; rygorystyczne wymogi zgodno&#347;ci przy jednoczesnym zachowaniu ochrony wra&#380;liwych danych.<\/p><h2 data-start=\"4345\" data-end=\"4387\">Idealne przypadki u&#380;ycia dla Getac UX10 G3<\/h2><ul data-start=\"4389\" data-end=\"5195\">\n<li data-start=\"4389\" data-end=\"4562\">\n<p data-start=\"4391\" data-end=\"4562\"><strong data-start=\"4391\" data-end=\"4422\">Serwis terenowy i us&#322;ugi komunalne<\/strong> &ndash; Niezawodna czytelno&#347;&#263; na zewn&#261;trz, baterie wymieniane podczas pracy i wytrzyma&#322;o&#347;&#263; zapewniaj&#261; p&#322;ynn&#261; prac&#281; w odleg&#322;ych lub trudnych warunkach.<\/p>\n<\/li>\n<li data-start=\"4563\" data-end=\"4741\">\n<p data-start=\"4565\" data-end=\"4741\"><strong data-start=\"4565\" data-end=\"4594\">Bezpiecze&#324;stwo publiczne i obrona<\/strong> &ndash; krytyczne funkcje bezpiecze&#324;stwa i niezawodno&#347;&#263; sprawiaj&#261;, &#380;e UX10 G3 jest zaufanym narz&#281;dziem dla policji, stra&#380;y po&#380;arnej, wojska i s&#322;u&#380;b ratowniczych.<\/p>\n<\/li>\n<li data-start=\"4742\" data-end=\"4887\">\n<p data-start=\"4744\" data-end=\"4887\"><strong data-start=\"4744\" data-end=\"4758\">S&#322;u&#380;ba zdrowia<\/strong> &ndash; Fully Rugged, ale lekka konstrukcja odpowiednia do obchod&oacute;w szpitalnych, wizyt domowych lub reagowania w nag&#322;ych wypadkach z &#322;atw&#261; dezynfekcj&#261;.<\/p>\n<\/li>\n<li data-start=\"4888\" data-end=\"5049\">\n<p data-start=\"4890\" data-end=\"5049\"><strong data-start=\"4890\" data-end=\"4922\">Przemys&#322; i produkcja<\/strong> &ndash; radzi sobie z py&#322;em, wibracjami i zmiennymi temperaturami, zapewniaj&#261;c niezawodn&#261; platform&#281; do pracy w fabrykach i magazynach.<\/p>\n<\/li>\n<li data-start=\"5050\" data-end=\"5195\">\n<p data-start=\"5052\" data-end=\"5195\"><strong data-start=\"5052\" data-end=\"5079\">Transport i logistyka<\/strong> &ndash; GPS, &#322;&#261;czno&#347;&#263; mobilna i funkcje danych w czasie rzeczywistym zapewniaj&#261; p&#322;ynne dzia&#322;anie floty i operacji logistycznych.<\/p>\n<\/li>\n<\/ul><h2 data-start=\"5197\" data-end=\"5235\">Por&oacute;wnanie produkt&oacute;w Getac UX10 G3<\/h2><p data-start=\"5237\" data-end=\"5413\">Getac UX10 G3 oferuje idealn&#261; r&oacute;wnowag&#281; mi&#281;dzy przeno&#347;no&#347;ci&#261;, wytrzyma&#322;o&#347;ci&#261; i wydajno&#347;ci&#261; klasy korporacyjnej. Dla organizacji poszukuj&#261;cych alternatyw, Micro Nordic oferuje r&oacute;wnie&#380;:<\/p><ul data-start=\"5415\" data-end=\"5856\">\n<li data-start=\"5415\" data-end=\"5553\">\n<p data-start=\"5417\" data-end=\"5553\"><a href=\"https:\/\/micronordic.com\/product\/getac-f110-touch-fully-rugged-tablet\/\"><strong data-start=\"5417\" data-end=\"5451\">Getac F110 Fully Rugged Tablet<\/strong> <\/a>&ndash; Wi&#281;kszy 11,6-calowy rugged Tablet dla u&#380;ytkownik&oacute;w, kt&oacute;rzy potrzebuj&#261; wi&#281;cej miejsca na ekranie i mo&#380;liwo&#347;ci wielozadaniowo&#347;ci.<\/p>\n<\/li>\n<li data-start=\"5554\" data-end=\"5695\">\n<p data-start=\"5556\" data-end=\"5695\"><a href=\"https:\/\/micronordic.com\/product\/dell-latitude-rugged-extreme-7230-tablet\/\"><strong data-start=\"988\" data-end=\"1032\">Dell Latitude 7230 Rugged Extreme Tablet<\/strong><\/a> &ndash; W pe&#322;ni rugged 12&Prime; tablet z systemem Windows, kt&oacute;ry zapewnia alternatywn&#261; platform&#281; o wysokiej wydajno&#347;ci i czytelno&#347;ci na zewn&#261;trz.<\/p>\n<\/li>\n<li data-start=\"5696\" data-end=\"5856\">\n<p data-start=\"5698\" data-end=\"5856\"><a href=\"https:\/\/micronordic.com\/product\/panasonic-toughpad-fz-m1-refurbished\/\"><strong data-start=\"5698\" data-end=\"5741\">Panasonic TOUGHBOOK FZ-M1<\/strong><\/a>&ndash; Kompaktowy 7-calowy tablet typu rugged zaprojektowany z my&#347;l&#261; o maksymalnej przeno&#347;no&#347;ci, dost&#281;pny w wersji odnowionej jako ekonomiczna opcja.<\/p>\n<\/li>\n<\/ul>\n","protected":false},"excerpt":{"rendered":"<h3>Specyfikacje:<\/h3>\n<ul>\n<li><strong>Wy\u015bwietlacz:<\/strong> 10,1\u2033 FHD (1920\u00d71200), czytelny w \u015bwietle s\u0142onecznym ekran dotykowy LumiBond\u00ae o jasno\u015bci 1000 nit\u00f3w<\/li>\n<li><strong>Procesor:<\/strong> Intel\u00ae Core\u2122 i5\/i7 12. generacji z grafik\u0105 Iris\u00ae Xe<\/li>\n<li><strong>Grafika:<\/strong> Zintegrowana Intel\u00ae Iris\u00ae Xe<\/li>\n<li><strong>Pami\u0119\u0107:<\/strong> 8 GB RAM (model podstawowy), z mo\u017cliwo\u015bci\u0105 rozbudowy do 32 GB DDR4<\/li>\n<li><strong>Pami\u0119\u0107 masowa:<\/strong> 256 GB SSD (model podstawowy), z mo\u017cliwo\u015bci\u0105 rozbudowy do 1 TB PCIe<\/li>\n<li><strong>\u0141\u0105czno\u015b\u0107:<\/strong> Wi-Fi 6E, Bluetooth 5.3, opcjonalnie 4G LTE\/5G i GPS<\/li>\n<li><strong>Certyfikaty rugged:<\/strong> MIL-STD-810H, IP66, odporno\u015b\u0107 na upadek z wysoko\u015bci 6 st\u00f3p<\/li>\n<li><strong>Zabezpieczenia:<\/strong> TPM 2.0, skaner linii papilarnych, czytnik kart inteligentnych, RFID\/NFC, Windows Hello<\/li>\n<li><strong>Bateria:<\/strong> Podw\u00f3jne baterie z mo\u017cliwo\u015bci\u0105 wymiany podczas pracy, opcjonalny pakiet o du\u017cej pojemno\u015bci<\/li>\n<li><strong>Wymiary i waga:<\/strong> Oko\u0142o 280 \u00d7 192 \u00d7 23,5 mm, 1,4 kg<\/li>\n<li><strong>Gwarancja:<\/strong> 3 lata od zderzaka do zderzaka<\/li>\n<\/ul>\n","protected":false},"author":24,"featured_media":100184,"template":"","meta":{"_acf_changed":false,"inline_featured_image":false},"product-condition":[5249],"product_brand":[8955],"product_cat":[5204,5202,5197],"product_tag":[],"class_list":{"0":"post-46230","1":"product","2":"type-product","3":"status-publish","4":"has-post-thumbnail","6":"product-condition-new-in-box","7":"product_brand-getac","8":"product_cat-getac-rugged","9":"product_cat-all-rugged-tablets","10":"product_cat-new-in-box-rugged-hardware","12":"first","13":"instock","14":"taxable","15":"shipping-taxable","16":"purchasable","17":"product-type-simple"},"acf":[],"_links":{"self":[{"href":"https:\/\/micronordic.com\/pl\/wp-json\/wp\/v2\/product\/46230","targetHints":{"allow":["GET"]}}],"collection":[{"href":"https:\/\/micronordic.com\/pl\/wp-json\/wp\/v2\/product"}],"about":[{"href":"https:\/\/micronordic.com\/pl\/wp-json\/wp\/v2\/types\/product"}],"author":[{"embeddable":true,"href":"https:\/\/micronordic.com\/pl\/wp-json\/wp\/v2\/users\/24"}],"version-history":[{"count":2,"href":"https:\/\/micronordic.com\/pl\/wp-json\/wp\/v2\/product\/46230\/revisions"}],"predecessor-version":[{"id":97633,"href":"https:\/\/micronordic.com\/pl\/wp-json\/wp\/v2\/product\/46230\/revisions\/97633"}],"wp:featuredmedia":[{"embeddable":true,"href":"https:\/\/micronordic.com\/pl\/wp-json\/wp\/v2\/media\/100184"}],"wp:attachment":[{"href":"https:\/\/micronordic.com\/pl\/wp-json\/wp\/v2\/media?parent=46230"}],"wp:term":[{"taxonomy":"product-condition","embeddable":true,"href":"https:\/\/micronordic.com\/pl\/wp-json\/wp\/v2\/product-condition?post=46230"},{"taxonomy":"product_brand","embeddable":true,"href":"https:\/\/micronordic.com\/pl\/wp-json\/wp\/v2\/product_brand?post=46230"},{"taxonomy":"product_cat","embeddable":true,"href":"https:\/\/micronordic.com\/pl\/wp-json\/wp\/v2\/product_cat?post=46230"},{"taxonomy":"product_tag","embeddable":true,"href":"https:\/\/micronordic.com\/pl\/wp-json\/wp\/v2\/product_tag?post=46230"}],"curies":[{"name":"wp","href":"https:\/\/api.w.org\/{rel}","templated":true}]}}