{"id":46228,"date":"2024-06-21T17:13:53","date_gmt":"2024-06-21T15:13:53","guid":{"rendered":"https:\/\/micronordic.com\/product\/getac-b360-g2-fully-rugged-laptop-13-3-fhd-new\/"},"modified":"2025-11-17T12:13:21","modified_gmt":"2025-11-17T11:13:21","slug":"getac-b360-g2-fully-rugged-laptop","status":"publish","type":"product","link":"https:\/\/micronordic.com\/pl\/product\/getac-b360-g2-fully-rugged-laptop\/","title":{"rendered":"Getac B360 G2 Fully Rugged Laptop (NOWO\u015a\u0106)"},"content":{"rendered":"<?xml encoding=\"utf-8\" ?><h2 data-start=\"252\" data-end=\"289\">Getac B360 G2 Fully Rugged Laptop<\/h2><p data-start=\"291\" data-end=\"636\"><strong>Getac B360 G2<\/strong> to w pe&#322;ni rugged Laptop 13,3&Prime; zaprojektowany dla profesjonalist&oacute;w, kt&oacute;rzy pracuj&#261; w ekstremalnych warunkach i wymagaj&#261; bezkompromisowej niezawodno&#347;ci. Kompaktowy, ale pot&#281;&#380;ny, &#322;&#261;czy wytrzyma&#322;o&#347;&#263; klasy wojskowej z wydajno&#347;ci&#261; klasy korporacyjnej, dzi&#281;ki czemu jest zaufanym rozwi&#261;zaniem dla przemys&#322;u obronnego, bezpiecze&#324;stwa publicznego, us&#322;ug komunalnych i us&#322;ug terenowych.  Nowe produkty obj&#281;te s&#261; 3-letni&#261; gwarancj&#261; producenta.<\/p><h2 data-start=\"638\" data-end=\"655\">Kluczowe cechy<\/h2><ul data-start=\"657\" data-end=\"1536\">\n<li data-start=\"657\" data-end=\"758\">\n<p data-start=\"659\" data-end=\"758\">Fully <strong>Rugged design<\/strong> &ndash; Certyfikat MIL-STD-810H, MIL-STD-461G i IP66 z odporno&#347;ci&#261; na upadek z wysoko&#347;ci 6 st&oacute;p.<\/p>\n<\/li>\n<li data-start=\"759\" data-end=\"860\">\n<p data-start=\"761\" data-end=\"860\"><strong>Czytelny w &#347;wietle s&#322;onecznym wy&#347;wietlacz FHD 13,3&Prime;<\/strong> o jasno&#347;ci 1400 nit&oacute;w z technologi&#261; ekranu dotykowego LumiBond&reg;.<\/p>\n<\/li>\n<li data-start=\"861\" data-end=\"950\">\n<p data-start=\"863\" data-end=\"950\"><strong>Wysoka wydajno&#347;&#263;<\/strong> &ndash; procesory Intel&reg; Core&trade; i5\/i7 12. generacji z opcjonaln&#261; technologi&#261; Intel&reg; vPro&reg;.<\/p>\n<\/li>\n<li data-start=\"951\" data-end=\"1051\">\n<p data-start=\"953\" data-end=\"1051\"><strong>Opcje grafiki<\/strong> &ndash; Zintegrowana grafika Intel&reg; Iris&reg; Xe lub opcjonalna oddzielna grafika NVIDIA&reg; GeForce GTX.<\/p>\n<\/li>\n<li data-start=\"1052\" data-end=\"1149\">\n<p data-start=\"1054\" data-end=\"1149\"><strong>Podw&oacute;jne baterie z mo&#380;liwo&#347;ci&#261; wymiany podczas pracy<\/strong> &ndash; mo&#380;liwo&#347;&#263; ci&#261;g&#322;ej pracy w terenie dzi&#281;ki opcjonalnym pakietom o du&#380;ej pojemno&#347;ci.<\/p>\n<\/li>\n<li data-start=\"1150\" data-end=\"1233\">\n<p data-start=\"1152\" data-end=\"1233\"><strong>&#321;&#261;czno&#347;&#263; korporacyjna<\/strong> &ndash; Wi-Fi 6E, Bluetooth 5.3, opcjonalnie 4G LTE\/5G i GPS.<\/p>\n<\/li>\n<li data-start=\"1234\" data-end=\"1338\">\n<p data-start=\"1236\" data-end=\"1338\"><strong>Funkcje bezpiecze&#324;stwa<\/strong> &ndash; TPM 2.0, Windows Hello, skaner linii papilarnych, obs&#322;uga kart inteligentnych i czytnik&oacute;w RFID.<\/p>\n<\/li>\n<li data-start=\"1339\" data-end=\"1446\">\n<p data-start=\"1341\" data-end=\"1446\"><strong>Wszechstronno&#347;&#263; rozszerze&#324;<\/strong> &ndash; Opcjonalna wn&#281;ka na no&#347;niki dla dodatkowej pami&#281;ci masowej, nap&#281;du optycznego lub dostosowania wej&#347;&#263;\/wyj&#347;&#263;.<\/p>\n<\/li>\n<li data-start=\"1447\" data-end=\"1536\">\n<p data-start=\"1449\" data-end=\"1536\"><strong>D&#322;ugi cykl &#380;ycia<\/strong> &ndash; zbudowany z my&#347;l&#261; o niezawodno&#347;ci dzi&#281;ki 3-letniej gwarancji Getac.<\/p>\n<\/li>\n<\/ul><h2 data-start=\"1538\" data-end=\"1555\">Kluczowe korzy&#347;ci<\/h2><h3 data-start=\"1557\" data-end=\"1580\">Rugged Wytrzyma&#322;o&#347;&#263;<\/h3><p data-start=\"1581\" data-end=\"1884\">B360 G2 zosta&#322; zbudowany od podstaw z my&#347;l&#261; o najbardziej wymagaj&#261;cych warunkach. Posiada certyfikaty MIL-STD-810H i MIL-STD-461G, stopie&#324; ochrony IP66 przed py&#322;em i wod&#261; oraz odporno&#347;&#263; na upadek z wysoko&#347;ci do 6 st&oacute;p. Dzia&#322;a w ekstremalnych temperaturach, dzi&#281;ki czemu jest niezawodnym partnerem w terenie w ka&#380;dym &#347;rodowisku.  <\/p><h3 data-start=\"1886\" data-end=\"1920\">Jasny wy&#347;wietlacz przystosowany do pracy na zewn&#261;trz<\/h3><p data-start=\"1921\" data-end=\"2149\">Wy&#347;wietlacz FHD o przek&#261;tnej 13,3&Prime; zapewnia jasno&#347;&#263; 1400 nit&oacute;w, zapewniaj&#261;c doskona&#322;&#261; czytelno&#347;&#263; nawet w bezpo&#347;rednim &#347;wietle s&#322;onecznym. Technologia LumiBond&reg; poprawia kontrast i odwzorowanie kolor&oacute;w, wspieraj&#261;c jednocze&#347;nie obs&#322;ug&#281; dotykow&#261; za pomoc&#261; r&#281;kawiczek, d&#322;ugopis&oacute;w lub deszczu. <\/p><h3 data-start=\"2151\" data-end=\"2185\">Wydajno&#347;&#263; klasy korporacyjnej<\/h3><p data-start=\"2186\" data-end=\"2423\">Wyposa&#380;ony w procesory Intel&reg; Core&trade; 12. generacji i do 64 GB pami&#281;ci RAM DDR5, B360 G2 z &#322;atwo&#347;ci&#261; radzi sobie z wymagaj&#261;cymi obci&#261;&#380;eniami. Opcjonalna oddzielna grafika NVIDIA&reg; dodatkowo zwi&#281;ksza wydajno&#347;&#263; w aplikacjach takich jak CAD, GIS i renderowanie 3D. <\/p><h3 data-start=\"2425\" data-end=\"2444\">Moc przez ca&#322;y dzie&#324;<\/h3><p data-start=\"2445\" data-end=\"2634\">Podw&oacute;jne baterie z mo&#380;liwo&#347;ci&#261; wymiany podczas pracy umo&#380;liwiaj&#261; nieprzerwane dzia&#322;anie. Specjali&#347;ci terenowi mog&#261; wymienia&#263; wyczerpane baterie bez wy&#322;&#261;czania zasilania, zapewniaj&#261;c p&#322;ynn&#261; kontynuacj&#281; zada&#324; o znaczeniu krytycznym. <\/p><h3 data-start=\"2636\" data-end=\"2673\">&#321;&#261;czno&#347;&#263; bez kompromis&oacute;w<\/h3><p data-start=\"2674\" data-end=\"2928\">Wi-Fi 6E i Bluetooth 5.3 zapewniaj&#261; szybk&#261; i stabiln&#261; komunikacj&#281; bezprzewodow&#261;, a opcjonalne modu&#322;y 4G LTE lub 5G z dedykowanym GPS zapewniaj&#261; zespo&#322;om &#322;&#261;czno&#347;&#263; na ca&#322;ym &#347;wiecie. Ta wszechstronno&#347;&#263; zapewnia niezawodn&#261; komunikacj&#281; w pomieszczeniach, na zewn&#261;trz i w odleg&#322;ych lokalizacjach. <\/p><h3 data-start=\"2930\" data-end=\"2962\">Bezpiecze&#324;stwo krytycznych danych<\/h3><p data-start=\"2963\" data-end=\"3167\">Bezpiecze&#324;stwo korporacyjne jest podstaw&#261; B360 G2. TPM 2.0, skanery linii papilarnych, czytniki kart inteligentnych i opcjonalne uwierzytelnianie RFID zapewniaj&#261; zgodno&#347;&#263; z rz&#261;dowymi i korporacyjnymi standardami bezpiecze&#324;stwa. <\/p><h3 data-start=\"3169\" data-end=\"3195\">Modu&#322;owa i elastyczna<\/h3><p data-start=\"3196\" data-end=\"3412\">Dzi&#281;ki opcjonalnemu rozszerzeniu wn&#281;ki na no&#347;niki, u&#380;ytkownicy mog&#261; skonfigurowa&#263; B360 G2 tak, aby zawiera&#322; drugi dysk SSD, nap&#281;d optyczny lub dodatkowe wej&#347;cia\/wyj&#347;cia. Ta mo&#380;liwo&#347;&#263; adaptacji sprawia, &#380;e jest on odpowiedni dla r&oacute;&#380;nych bran&#380; o unikalnych wymaganiach dotycz&#261;cych przep&#322;ywu pracy. <\/p><h2 data-start=\"3414\" data-end=\"3434\">Idealne przypadki u&#380;ycia<\/h2><ul data-start=\"3436\" data-end=\"3951\">\n<li data-start=\"3436\" data-end=\"3562\">\n<p data-start=\"3438\" data-end=\"3562\"><strong data-start=\"3438\" data-end=\"3460\">Obrona i wojsko<\/strong> &ndash; Niezawodne komputery z zaawansowanymi zabezpieczeniami i wytrzyma&#322;o&#347;ci&#261; rugged do wdro&#380;e&#324; o znaczeniu krytycznym.<\/p>\n<\/li>\n<li data-start=\"3563\" data-end=\"3657\">\n<p data-start=\"3565\" data-end=\"3657\"><strong data-start=\"3565\" data-end=\"3582\">Bezpiecze&#324;stwo publiczne<\/strong> &ndash; bezpieczne, po&#322;&#261;czone operacje dla policji, stra&#380;y po&#380;arnej i s&#322;u&#380;b ratunkowych.<\/p>\n<\/li>\n<li data-start=\"3658\" data-end=\"3757\">\n<p data-start=\"3660\" data-end=\"3757\"><strong data-start=\"3660\" data-end=\"3689\">Us&#322;ugi w terenie i media<\/strong> &ndash; niezawodne zasilanie przez ca&#322;y dzie&#324; i &#322;&#261;czno&#347;&#263; dla zdalnych technik&oacute;w.<\/p>\n<\/li>\n<li data-start=\"3758\" data-end=\"3853\">\n<p data-start=\"3760\" data-end=\"3853\"><strong data-start=\"3760\" data-end=\"3787\">&#346;rodowiska przemys&#322;owe<\/strong> &ndash; odporne na wibracje, kurz i ekstremalne temperatury.<\/p>\n<\/li>\n<li data-start=\"3854\" data-end=\"3951\">\n<p data-start=\"3856\" data-end=\"3951\"><strong data-start=\"3856\" data-end=\"3886\">Budownictwo i in&#380;ynieria<\/strong> &ndash; Wy&#347;wietlacz o wysokiej jasno&#347;ci i trwa&#322;o&#347;ci do projekt&oacute;w zewn&#281;trznych.<\/p>\n<\/li>\n<\/ul><h2 data-start=\"3953\" data-end=\"3977\">Por&oacute;wnania produkt&oacute;w<\/h2><p data-start=\"3979\" data-end=\"4137\">Getac B360 G2 zapewnia wyj&#261;tkow&#261; r&oacute;wnowag&#281; mi&#281;dzy przeno&#347;no&#347;ci&#261;, wytrzyma&#322;o&#347;ci&#261; i wydajno&#347;ci&#261;. Dla organizacji oceniaj&#261;cych alternatywy, MicroNordic oferuje r&oacute;wnie&#380;: <\/p><ul data-start=\"4139\" data-end=\"4576\">\n<li data-start=\"4139\" data-end=\"4276\">\n<p data-start=\"4141\" data-end=\"4276\"><a href=\"https:\/\/micronordic.com\/product\/getac-x600-fully-rugged-mobile-workstation\/\"><strong data-start=\"4141\" data-end=\"4187\">Getac X600 Fully Rugged Mobile Stacja Robocza<\/strong><\/a> &ndash; Wi&#281;ksza, mocniejsza opcja z wydajno&#347;ci&#261; i mo&#380;liwo&#347;ci&#261; rozbudowy klasy stacji roboczej.<\/p>\n<\/li>\n<li data-start=\"4277\" data-end=\"4425\">\n<p data-start=\"4279\" data-end=\"4425\"><a href=\"https:\/\/micronordic.com\/product\/product-getac-s510-g1-semi-rugged-laptop\/\"><strong data-start=\"4279\" data-end=\"4312\">Getac S510 Semi Rugged Laptop<\/strong><\/a> &ndash; Cie&#324;szy i l&#380;ejszy model do pracy w mniej ekstremalnych warunkach, oferuj&#261;cy niezawodno&#347;&#263; rugged przy zwi&#281;kszonej mobilno&#347;ci.<\/p>\n<\/li>\n<li data-start=\"4426\" data-end=\"4576\">\n<p data-start=\"4428\" data-end=\"4576\"><a href=\"https:\/\/micronordic.com\/product\/panasonic-toughbook-fz-55\/\"><strong data-start=\"4428\" data-end=\"4473\">Panasonic TOUGHBOOK 55 MK1-3 Semi-Rugged Laptop<\/strong><\/a> &ndash; Modu&#322;owy laptop typu Semi-Rugged z mo&#380;liwo&#347;ci&#261; wszechstronnej rozbudowy, idealny do pracy w terenie i w biurze.<\/p>\n<\/li>\n<\/ul>\n","protected":false},"excerpt":{"rendered":"<h3>Specyfikacje:<\/h3>\n<ul>\n<li><strong>Wy\u015bwietlacz:<\/strong> 13,3\u2033 FHD (1920\u00d71080), czytelny w \u015bwietle s\u0142onecznym ekran dotykowy LumiBond\u00ae o jasno\u015bci 1400 nit\u00f3w<\/li>\n<li><strong>Procesor:<\/strong> Intel\u00ae Core\u2122 i5\/i7 12. generacji z opcjonalnym vPro\u00ae<\/li>\n<li><strong>Grafika:<\/strong> Zintegrowany Intel\u00ae Iris\u00ae Xe, opcjonalnie NVIDIA\u00ae GeForce GTX<\/li>\n<li><strong>Pami\u0119\u0107:<\/strong> 8 GB DDR4 (model podstawowy), z mo\u017cliwo\u015bci\u0105 rozbudowy do 64 GB DDR5 RAM<\/li>\n<li><strong>Pami\u0119\u0107 masowa:<\/strong> 256 GB (model podstawowy), z mo\u017cliwo\u015bci\u0105 rozbudowy do 2 TB PCIe SSD<\/li>\n<li><strong>\u0141\u0105czno\u015b\u0107:<\/strong> Wi-Fi 6E, Bluetooth 5.3, opcjonalnie 4G LTE\/5G i GPS<\/li>\n<li><strong>Certyfikaty rugged:<\/strong> MIL-STD-810H, MIL-STD-461G, IP66, odporno\u015b\u0107 na upadek z wysoko\u015bci 6 st\u00f3p<\/li>\n<li><strong>Zabezpieczenia:<\/strong> TPM 2.0, skaner linii papilarnych, czytnik kart inteligentnych, RFID, Windows Hello<\/li>\n<li><strong>Bateria:<\/strong> Podw\u00f3jne baterie z mo\u017cliwo\u015bci\u0105 wymiany podczas pracy, opcjonalne pakiety o du\u017cej pojemno\u015bci<\/li>\n<li><strong>Wymiary i waga:<\/strong> Oko\u0142o 342 \u00d7 281 \u00d7 34,9 mm, 2,32 kg <\/li>\n<li><strong>Gwarancja:<\/strong> 3 lata od zderzaka do zderzaka<\/li>\n<\/ul>\n","protected":false},"author":24,"featured_media":58467,"template":"","meta":{"_acf_changed":false,"inline_featured_image":false},"product-condition":[5249],"product_brand":[8955],"product_cat":[5204,5201,5197],"product_tag":[4907],"class_list":{"0":"post-46228","1":"product","2":"type-product","3":"status-publish","4":"has-post-thumbnail","6":"product-condition-new-in-box","7":"product_brand-getac","8":"product_cat-getac-rugged","9":"product_cat-all-rugged-laptops","10":"product_cat-new-in-box-rugged-hardware","11":"product_tag-windows-11-pro-pl","13":"first","14":"instock","15":"taxable","16":"shipping-taxable","17":"purchasable","18":"product-type-simple"},"acf":[],"_links":{"self":[{"href":"https:\/\/micronordic.com\/pl\/wp-json\/wp\/v2\/product\/46228","targetHints":{"allow":["GET"]}}],"collection":[{"href":"https:\/\/micronordic.com\/pl\/wp-json\/wp\/v2\/product"}],"about":[{"href":"https:\/\/micronordic.com\/pl\/wp-json\/wp\/v2\/types\/product"}],"author":[{"embeddable":true,"href":"https:\/\/micronordic.com\/pl\/wp-json\/wp\/v2\/users\/24"}],"version-history":[{"count":2,"href":"https:\/\/micronordic.com\/pl\/wp-json\/wp\/v2\/product\/46228\/revisions"}],"predecessor-version":[{"id":98080,"href":"https:\/\/micronordic.com\/pl\/wp-json\/wp\/v2\/product\/46228\/revisions\/98080"}],"wp:featuredmedia":[{"embeddable":true,"href":"https:\/\/micronordic.com\/pl\/wp-json\/wp\/v2\/media\/58467"}],"wp:attachment":[{"href":"https:\/\/micronordic.com\/pl\/wp-json\/wp\/v2\/media?parent=46228"}],"wp:term":[{"taxonomy":"product-condition","embeddable":true,"href":"https:\/\/micronordic.com\/pl\/wp-json\/wp\/v2\/product-condition?post=46228"},{"taxonomy":"product_brand","embeddable":true,"href":"https:\/\/micronordic.com\/pl\/wp-json\/wp\/v2\/product_brand?post=46228"},{"taxonomy":"product_cat","embeddable":true,"href":"https:\/\/micronordic.com\/pl\/wp-json\/wp\/v2\/product_cat?post=46228"},{"taxonomy":"product_tag","embeddable":true,"href":"https:\/\/micronordic.com\/pl\/wp-json\/wp\/v2\/product_tag?post=46228"}],"curies":[{"name":"wp","href":"https:\/\/api.w.org\/{rel}","templated":true}]}}