{"id":46226,"date":"2023-10-10T19:24:14","date_gmt":"2023-10-10T17:24:14","guid":{"rendered":"https:\/\/micronordic.com\/product\/laptop-dell-latitude-13-rugged-extreme-7330-nowosc\/"},"modified":"2025-11-17T11:43:12","modified_gmt":"2025-11-17T10:43:12","slug":"dell-latitude-7330-rugged-extreme","status":"publish","type":"product","link":"https:\/\/micronordic.com\/pl\/product\/dell-latitude-7330-rugged-extreme\/","title":{"rendered":"Dell Latitude 7330 Rugged Extreme Laptop (NOWO\u015a\u0106)"},"content":{"rendered":"<?xml encoding=\"utf-8\" ?><h2 data-start=\"194\" data-end=\"238\">Dell Latitude 7330 Rugged Extreme Laptop<\/h2><p data-start=\"240\" data-end=\"734\">Dell Latitude 7330 Rugged Extreme to wytrzyma&#322;y laptop o przek&#261;tnej 13,3&Prime; zaprojektowany z my&#347;l&#261; o profesjonalistach pracuj&#261;cych w najtrudniejszych warunkach. &#321;&#261;cz&#261;c wytrzyma&#322;o&#347;&#263; klasy wojskowej z wydajno&#347;ci&#261; klasy korporacyjnej, zapewnia moc, &#322;&#261;czno&#347;&#263; i niezawodno&#347;&#263; wymagan&#261; do obrony, bezpiecze&#324;stwa publicznego, us&#322;ug terenowych i przemys&#322;owych przep&#322;yw&oacute;w pracy. Dzi&#281;ki lekkiej konstrukcji i wszechstronnym opcjom konfiguracji, Latitude 7330 wyr&oacute;&#380;nia si&#281; jako jeden z najbardziej mobilnych, w pe&#322;ni rugged laptop&oacute;w w swojej klasie.  <\/p><p class=\"p1\">Nowe produkty obj&#281;te s&#261; 3-letni&#261; gwarancj&#261; producenta.<\/p><h2 data-start=\"736\" data-end=\"794\">Kluczowe cechy Dell Latitude 7330 Rugged Extreme<\/h2><ul data-start=\"796\" data-end=\"1593\">\n<li data-start=\"796\" data-end=\"886\">\n<p data-start=\"798\" data-end=\"886\"><strong>W pe&#322;ni wytrzyma&#322;a konstrukcja<\/strong> &ndash; certyfikat MIL-STD-810H, stopie&#324; ochrony IP65 i test upadku z wysoko&#347;ci 6 st&oacute;p.<\/p>\n<\/li>\n<li data-start=\"887\" data-end=\"983\">\n<p data-start=\"889\" data-end=\"983\"><strong>Czytelny w s&#322;o&#324;cu wy&#347;wietlacz FHD 13,3&Prime;<\/strong> o jasno&#347;ci 1400 nit&oacute;w z obs&#322;ug&#261; dotyku w r&#281;kawiczkach i na mokro.<\/p>\n<\/li>\n<li data-start=\"984\" data-end=\"1076\">\n<p data-start=\"986\" data-end=\"1076\"><strong>Opcje wydajno&#347;ci<\/strong> &ndash; procesory Intel&reg; Core&trade; i5\/i7 11. generacji z opcjonaln&#261; technologi&#261; Intel&reg; vPro&reg;.<\/p>\n<\/li>\n<li data-start=\"1077\" data-end=\"1145\">\n<p data-start=\"1079\" data-end=\"1145\"><strong>Pami&#281;&#263; i pami&#281;&#263; masowa<\/strong> &ndash; konfigurowalne do 32 GB pami&#281;ci RAM DDR4 i do 2 TB PCIe SSD.<\/p>\n<\/li>\n<li data-start=\"1146\" data-end=\"1236\">\n<p data-start=\"1148\" data-end=\"1236\"><strong>&#321;&#261;czno&#347;&#263;<\/strong> &ndash; Wi-Fi 6E, Bluetooth 5.2, opcjonalnie 4G LTE\/5G, GPS i starsze porty I\/O.<\/p>\n<\/li>\n<li data-start=\"1237\" data-end=\"1331\">\n<p data-start=\"1239\" data-end=\"1331\"><strong>Bezpiecze&#324;stwo<\/strong> &ndash; TPM 2.0, czytnik linii papilarnych, Windows Hello, obs&#322;uga kart inteligentnych i czytnik&oacute;w RFID.<\/p>\n<\/li>\n<li data-start=\"1332\" data-end=\"1427\">\n<p data-start=\"1334\" data-end=\"1427\"><strong>Baterie z mo&#380;liwo&#347;ci&#261; wymiany podczas pracy<\/strong> &ndash; Opcjonalne podw&oacute;jne baterie z mo&#380;liwo&#347;ci&#261; wymiany podczas pracy i obs&#322;ug&#261; ExpressCharge.<\/p>\n<\/li>\n<li data-start=\"1428\" data-end=\"1523\">\n<p data-start=\"1430\" data-end=\"1523\"><strong>Lekki i przeno&#347;ny<\/strong> &ndash; waga zaczyna si&#281; od 1,97 kg, co czyni go jednym z najl&#380;ejszych w swojej klasie.<\/p>\n<\/li>\n<li data-start=\"1524\" data-end=\"1593\">\n<p data-start=\"1526\" data-end=\"1593\"><strong>Gwarancja<\/strong> &ndash; wspierana przez Dell ProSupport z maksymalnie 3-letni&#261; gwarancj&#261;.<\/p>\n<\/li>\n<\/ul><h2 data-start=\"1595\" data-end=\"1642\">Dlaczego warto wybra&#263; Rugged Laptop Latitude 7330?<\/h2><h3 data-start=\"1644\" data-end=\"1667\">Rugged Wytrzyma&#322;o&#347;&#263;<\/h3><p data-start=\"1668\" data-end=\"1921\">Latitude 7330 Rugged Extreme zosta&#322; zaprojektowany, aby przetrwa&#263; w najtrudniejszych warunkach. Dzi&#281;ki certyfikacji MIL-STD-810H, szczelno&#347;ci IP65 i odporno&#347;ci na upadki z wysoko&#347;ci do 6 st&oacute;p, jest on odporny na kurz, wod&#281;, wstrz&#261;sy, wibracje i ekstremalne temperatury. <\/p><h3 data-start=\"1923\" data-end=\"1950\">Wy&#347;wietlacz przystosowany do pracy na zewn&#261;trz<\/h3><p data-start=\"1951\" data-end=\"2178\">Wy&#347;wietlacz FHD o przek&#261;tnej 13,3&Prime; zapewnia jasno&#347;&#263; 1400 nit&oacute;w, co zapewnia maksymaln&#261; czytelno&#347;&#263; w bezpo&#347;rednim &#347;wietle s&#322;onecznym. Wprowadzanie danych dotykowych pozostaje niezawodne w deszczu, w r&#281;kawiczkach lub podczas korzystania z rysika, dzi&#281;ki czemu jest wysoce przystosowany do pracy na zewn&#261;trz i w terenie. <\/p><h3 data-start=\"2180\" data-end=\"2214\">Wydajno&#347;&#263; klasy korporacyjnej<\/h3><p data-start=\"2215\" data-end=\"2454\">Dzi&#281;ki procesorom Intel&reg; Core&trade; 11. generacji z opcjonalnym vPro&reg; i do 32 GB pami&#281;ci RAM, Latitude 7330 zapewnia p&#322;ynn&#261; wielozadaniowo&#347;&#263;. Pami&#281;&#263; masowa PCIe SSD zapewnia kr&oacute;tki czas rozruchu i szybki dost&#281;p do danych, idealny do aplikacji intensywnie wykorzystuj&#261;cych dane. <\/p><h3 data-start=\"2456\" data-end=\"2483\">&#321;&#261;czno&#347;&#263; w dowolnym miejscu<\/h3><p data-start=\"2484\" data-end=\"2738\">Wyposa&#380;ony w Wi-Fi 6E, Bluetooth 5.2 i opcjonalnie 4G LTE lub 5G, Latitude 7330 zapewnia sp&oacute;jn&#261; komunikacj&#281;. Wbudowany GPS umo&#380;liwia precyzyjne &#347;ledzenie lokalizacji dla operacji w terenie, a wiele opcji I\/O zapewnia kompatybilno&#347;&#263; ze starszymi systemami. <\/p><h3 data-start=\"2740\" data-end=\"2759\">Moc przez ca&#322;y dzie&#324;<\/h3><p data-start=\"2760\" data-end=\"2976\">Podw&oacute;jna bateria z mo&#380;liwo&#347;ci&#261; wymiany podczas pracy oznacza, &#380;e Latitude 7330 mo&#380;e pracowa&#263; nieprzerwanie bez przestoj&oacute;w. Technologia ExpressCharge firmy Dell umo&#380;liwia ponadto szybkie &#322;adowanie, utrzymuj&#261;c operacje na torze przy minimalnym przestoju. <\/p><h3 data-start=\"2978\" data-end=\"3004\">Bezpiecze&#324;stwo i zgodno&#347;&#263;<\/h3><p data-start=\"3005\" data-end=\"3234\">Dzi&#281;ki TPM 2.0, skanerom linii papilarnych, czytnikom kart inteligentnych i uwierzytelnianiu RFID, Latitude 7330 oferuje wiele warstw zabezpiecze&#324;. Funkcje te pomagaj&#261; organizacjom spe&#322;nia&#263; surowe standardy zgodno&#347;ci korporacyjnej i rz&#261;dowej. <\/p><h3 data-start=\"3236\" data-end=\"3269\">Lekka i wytrzyma&#322;a mobilno&#347;&#263;<\/h3><p data-start=\"3270\" data-end=\"3482\">Przy wadze poni&#380;ej 2 kg, Latitude 7330 Rugged Extreme jest jednym z najl&#380;ejszych dost&#281;pnych laptop&oacute;w Fully Rugged. Ta przeno&#347;no&#347;&#263; sprawia, &#380;e jest on szczeg&oacute;lnie cenny dla mobilnych profesjonalist&oacute;w, kt&oacute;rzy wymagaj&#261; trwa&#322;o&#347;ci bez du&#380;ych gabaryt&oacute;w. <\/p><h2 data-start=\"3484\" data-end=\"3527\">Idealne przypadki u&#380;ycia dla Dell Latitude 7330<\/h2><ul data-start=\"3529\" data-end=\"4018\">\n<li data-start=\"3529\" data-end=\"3623\">\n<p data-start=\"3531\" data-end=\"3623\"><strong data-start=\"3531\" data-end=\"3553\">Obrona i wojsko<\/strong> &ndash; Lekkie, w pe&#322;ni wytrzyma&#322;e rozwi&#261;zanie do bezpiecznych operacji w terenie.<\/p>\n<\/li>\n<li data-start=\"3624\" data-end=\"3726\">\n<p data-start=\"3626\" data-end=\"3726\"><strong data-start=\"3626\" data-end=\"3643\">Bezpiecze&#324;stwo publiczne<\/strong> &ndash; niezawodna &#322;&#261;czno&#347;&#263; i trwa&#322;o&#347;&#263; dla policji, stra&#380;y po&#380;arnej i s&#322;u&#380;b ratunkowych.<\/p>\n<\/li>\n<li data-start=\"3727\" data-end=\"3822\">\n<p data-start=\"3729\" data-end=\"3822\"><strong data-start=\"3729\" data-end=\"3758\">Serwis w terenie i us&#322;ugi komunalne<\/strong> &ndash; mobilno&#347;&#263; w rugged z d&#322;ugim czasem pracy i modu&#322;ow&#261; &#322;&#261;czno&#347;ci&#261;.<\/p>\n<\/li>\n<li data-start=\"3823\" data-end=\"3916\">\n<p data-start=\"3825\" data-end=\"3916\"><strong data-start=\"3825\" data-end=\"3852\">&#346;rodowiska przemys&#322;owe<\/strong> &ndash; odporne na kurz, wibracje i ekstremalne warunki.<\/p>\n<\/li>\n<li data-start=\"3917\" data-end=\"4018\">\n<p data-start=\"3919\" data-end=\"4018\"><strong data-start=\"3919\" data-end=\"3949\">Budownictwo i in&#380;ynieria<\/strong> &ndash; Czytelny w &#347;wietle s&#322;onecznym wy&#347;wietlacz i wytrzyma&#322;a konstrukcja do projekt&oacute;w zewn&#281;trznych.<\/p>\n<\/li>\n<\/ul><h2 data-start=\"4020\" data-end=\"4077\">Por&oacute;wnanie produkt&oacute;w: Alternatywy dla Dell Latitude 7330<\/h2><p data-start=\"3971\" data-end=\"4165\">Dell Latitude 7330 Rugged Extreme Laptop jest przeznaczony dla u&#380;ytkownik&oacute;w potrzebuj&#261;cych lekkiego, w pe&#322;ni wytrzyma&#322;ego laptopa o wydajno&#347;ci na poziomie korporacyjnym. Inne urz&#261;dzenia typu rugged dost&#281;pne w Micro Nordic obejmuj&#261;: <\/p><ul data-start=\"4167\" data-end=\"4549\">\n<li data-start=\"4167\" data-end=\"4288\">\n<p data-start=\"4169\" data-end=\"4288\"><a href=\"https:\/\/micronordic.com\/product\/dell-rugged-extreme-5430-new\/\"><strong data-start=\"4169\" data-end=\"4205\">Rugged Laptop Dell Latitude 5430<\/strong><\/a> &ndash; Model Semi-Rugged oferuj&#261;cy l&#380;ejsz&#261; wytrzyma&#322;o&#347;&#263; w mniej ekstremalnych &#347;rodowiskach.<\/p>\n<\/li>\n<li data-start=\"4289\" data-end=\"4421\">\n<p data-start=\"4291\" data-end=\"4421\"><a href=\"https:\/\/micronordic.com\/product\/getac-b360-g2-fully-rugged-laptop\/\"><strong data-start=\"4291\" data-end=\"4328\">Getac B360 G2 Fully Rugged Laptop<\/strong><\/a> &ndash; Alternatywa dla w pe&#322;ni Rugged 13,3&Prime; z opcjonaln&#261; grafik&#261; NVIDIA&reg; i zasilaniem z mo&#380;liwo&#347;ci&#261; wymiany podczas pracy.<\/p>\n<\/li>\n<li data-start=\"4422\" data-end=\"4549\">\n<p data-start=\"4424\" data-end=\"4549\"><a href=\"https:\/\/micronordic.com\/product\/panasonic-toughbook-fz-55\/\"><strong data-start=\"4424\" data-end=\"4469\">Panasonic TOUGHBOOK 55 MK1-3 Semi-Rugged Laptop<\/strong><\/a> &ndash; Modu&#322;owy laptop typu Semi-Rugged, idealny do elastycznej pracy w terenie i w biurze.<\/p>\n<\/li>\n<\/ul>\n","protected":false},"excerpt":{"rendered":"<h3>Specyfikacje:<\/h3>\n<ul>\n<li><strong>Wy\u015bwietlacz:<\/strong> 13,3\u2033 FHD (1920\u00d71080), czytelny w \u015bwietle s\u0142onecznym ekran dotykowy 1400 nit\u00f3w<\/li>\n<li><strong>Procesor:<\/strong> Intel\u00ae Core\u2122 i5\/i7 11. generacji z opcjonalnym vPro\u00ae<\/li>\n<li><strong>Grafika:<\/strong> Zintegrowana grafika Intel\u00ae Iris\u00ae Xe<\/li>\n<li><strong>Pami\u0119\u0107:<\/strong> 8 GB (model podstawowy), z mo\u017cliwo\u015bci\u0105 rozbudowy do 32 GB DDR4 RAM<\/li>\n<li><strong>Pami\u0119\u0107 masowa:<\/strong> 256 GB (model podstawowy), dysk SSD PCIe o pojemno\u015bci 2 TB z mo\u017cliwo\u015bci\u0105 rozbudowy<\/li>\n<li><strong>\u0141\u0105czno\u015b\u0107:<\/strong> Wi-Fi 6E, Bluetooth 5.2, opcjonalnie 4G LTE\/5G i GPS<\/li>\n<li><strong>Certyfikaty rugged:<\/strong> MIL-STD-810H, IP65, odporno\u015b\u0107 na upadek z wysoko\u015bci 6 st\u00f3p<\/li>\n<li><strong>Zabezpieczenia:<\/strong> TPM 2.0, czytnik linii papilarnych, obs\u0142uga kart inteligentnych i RFID, Windows Hello<\/li>\n<li><strong>Bateria:<\/strong> Dwie baterie z mo\u017cliwo\u015bci\u0105 wymiany podczas pracy i obs\u0142ug\u0105 ExpressCharge<\/li>\n<li><strong>Wymiary i waga:<\/strong> Oko\u0142o 330 \u00d7 220 \u00d7 32 mm, od 1,97 kg <\/li>\n<li><strong><strong>Gwarancja: <\/strong><\/strong>3-letnia gwarancja Dell ProSupport<\/li>\n<\/ul>\n","protected":false},"author":24,"featured_media":99936,"template":"","meta":{"_acf_changed":false,"inline_featured_image":false},"product-condition":[5249],"product_brand":[8948],"product_cat":[5203,5201,5197],"product_tag":[],"class_list":{"0":"post-46226","1":"product","2":"type-product","3":"status-publish","4":"has-post-thumbnail","6":"product-condition-new-in-box","7":"product_brand-dell","8":"product_cat-dell-rugged","9":"product_cat-all-rugged-laptops","10":"product_cat-new-in-box-rugged-hardware","12":"first","13":"instock","14":"taxable","15":"shipping-taxable","16":"purchasable","17":"product-type-simple"},"acf":[],"_links":{"self":[{"href":"https:\/\/micronordic.com\/pl\/wp-json\/wp\/v2\/product\/46226","targetHints":{"allow":["GET"]}}],"collection":[{"href":"https:\/\/micronordic.com\/pl\/wp-json\/wp\/v2\/product"}],"about":[{"href":"https:\/\/micronordic.com\/pl\/wp-json\/wp\/v2\/types\/product"}],"author":[{"embeddable":true,"href":"https:\/\/micronordic.com\/pl\/wp-json\/wp\/v2\/users\/24"}],"version-history":[{"count":3,"href":"https:\/\/micronordic.com\/pl\/wp-json\/wp\/v2\/product\/46226\/revisions"}],"predecessor-version":[{"id":97929,"href":"https:\/\/micronordic.com\/pl\/wp-json\/wp\/v2\/product\/46226\/revisions\/97929"}],"wp:featuredmedia":[{"embeddable":true,"href":"https:\/\/micronordic.com\/pl\/wp-json\/wp\/v2\/media\/99936"}],"wp:attachment":[{"href":"https:\/\/micronordic.com\/pl\/wp-json\/wp\/v2\/media?parent=46226"}],"wp:term":[{"taxonomy":"product-condition","embeddable":true,"href":"https:\/\/micronordic.com\/pl\/wp-json\/wp\/v2\/product-condition?post=46226"},{"taxonomy":"product_brand","embeddable":true,"href":"https:\/\/micronordic.com\/pl\/wp-json\/wp\/v2\/product_brand?post=46226"},{"taxonomy":"product_cat","embeddable":true,"href":"https:\/\/micronordic.com\/pl\/wp-json\/wp\/v2\/product_cat?post=46226"},{"taxonomy":"product_tag","embeddable":true,"href":"https:\/\/micronordic.com\/pl\/wp-json\/wp\/v2\/product_tag?post=46226"}],"curies":[{"name":"wp","href":"https:\/\/api.w.org\/{rel}","templated":true}]}}