{"id":46224,"date":"2023-10-10T18:37:26","date_gmt":"2023-10-10T16:37:26","guid":{"rendered":"https:\/\/micronordic.com\/product\/tablet-dell-latitude-12-rugged-extreme-7230-nowosc\/"},"modified":"2025-11-13T20:16:11","modified_gmt":"2025-11-13T19:16:11","slug":"dell-latitude-rugged-extreme-7230-tablet","status":"publish","type":"product","link":"https:\/\/micronordic.com\/pl\/product\/dell-latitude-rugged-extreme-7230-tablet\/","title":{"rendered":"Dell Latitude 7230 Rugged Extreme Tablet (NOWO\u015a\u0106)"},"content":{"rendered":"<?xml encoding=\"utf-8\" ?><h2 data-start=\"308\" data-end=\"353\">Dell Latitude 7230 Rugged Extreme Tablet<\/h2><p data-start=\"355\" data-end=\"863\"><strong data-start=\"359\" data-end=\"403\">Dell Latitude 7230 Rugged Extreme Tablet<\/strong> zosta&#322; stworzony dla profesjonalist&oacute;w, kt&oacute;rzy potrzebuj&#261; niezawodnej mocy obliczeniowej w najtrudniejszych warunkach. &#321;&#261;cz&#261;c w sobie ekstremaln&#261; wytrzyma&#322;o&#347;&#263;, wydajno&#347;&#263; klasy korporacyjnej i lekk&#261; mobilno&#347;&#263;, ten w pe&#322;ni rugged tablet zosta&#322; zaprojektowany dla bran&#380;, w kt&oacute;rych standardowe urz&#261;dzenia konsumenckie nie mog&#261; przetrwa&#263;. Latitude 7230 zapewnia zespo&#322;om &#322;&#261;czno&#347;&#263;, produktywno&#347;&#263; i bezpiecze&#324;stwo w ka&#380;dym scenariuszu &ndash; od operacji obronnych i s&#322;u&#380;b ratowniczych po przedsi&#281;biorstwa u&#380;yteczno&#347;ci publicznej, przemys&#322; naftowy i gazowy oraz us&#322;ugi terenowe.<\/p><h2 data-start=\"865\" data-end=\"917\">Kluczowe cechy tabletu Latitude 7230 Rugged Tablet<\/h2><ul data-start=\"919\" data-end=\"1945\">\n<li data-start=\"919\" data-end=\"1027\">\n<p data-start=\"921\" data-end=\"1027\"><strong data-start=\"921\" data-end=\"942\">Wytrzyma&#322;o&#347;&#263;<\/strong> &ndash; certyfikat MIL-STD-810H i IP65, odporno&#347;&#263; na upadki, kurz, wibracje i wod&#281;.<\/p>\n<\/li>\n<li data-start=\"1028\" data-end=\"1145\">\n<p data-start=\"1030\" data-end=\"1145\"><strong data-start=\"1030\" data-end=\"1065\">Czytelny w &#347;wietle s&#322;onecznym wy&#347;wietlacz 12,0&Prime;<\/strong> &ndash; panel Full HD (1920&times;1200) o jasno&#347;ci 1200 nit&oacute;w, obs&#322;uga r&#281;kawiczek i pi&oacute;ra.<\/p>\n<\/li>\n<li data-start=\"1146\" data-end=\"1259\">\n<p data-start=\"1148\" data-end=\"1259\"><strong data-start=\"1148\" data-end=\"1172\">Pot&#281;&#380;na wydajno&#347;&#263;<\/strong> &ndash; procesory Intel&reg; Core&trade; i3\/i5\/i7 12. generacji, opcjonalne vPro&reg; do zaawansowanego zarz&#261;dzania.<\/p>\n<\/li>\n<li data-start=\"1260\" data-end=\"1344\">\n<p data-start=\"1262\" data-end=\"1344\"><strong data-start=\"1262\" data-end=\"1274\">Grafika<\/strong> &ndash; Zintegrowana grafika Intel&reg; Iris Xe (dost&#281;pna w modelach i5\/i7).<\/p>\n<\/li>\n<li data-start=\"1345\" data-end=\"1408\">\n<p data-start=\"1347\" data-end=\"1408\"><strong data-start=\"1347\" data-end=\"1357\">Pami&#281;&#263;<\/strong> &ndash; konfigurowalna od 8 GB do 32 GB LPDDR5 RAM.<\/p>\n<\/li>\n<li data-start=\"1409\" data-end=\"1483\">\n<p data-start=\"1411\" data-end=\"1483\"><strong data-start=\"1411\" data-end=\"1422\">Pami&#281;&#263; masowa<\/strong> &ndash; dysk SSD NVMe PCIe o pojemno&#347;ci do 2 TB zapewniaj&#261;cy szybki i niezawodny dost&#281;p do danych.<\/p>\n<\/li>\n<li data-start=\"1484\" data-end=\"1589\">\n<p data-start=\"1486\" data-end=\"1589\"><strong data-start=\"1486\" data-end=\"1502\">&#321;&#261;czno&#347;&#263;<\/strong> &ndash; Wi-Fi 6E, Bluetooth 5.2, opcjonalnie 4G\/5G LTE z eSIM i GPS dla globalnej mobilno&#347;ci.<\/p>\n<\/li>\n<li data-start=\"1590\" data-end=\"1667\">\n<p data-start=\"1592\" data-end=\"1667\"><strong data-start=\"1592\" data-end=\"1624\">Podw&oacute;jne baterie z mo&#380;liwo&#347;ci&#261; wymiany podczas pracy<\/strong> &ndash; ci&#261;g&#322;a praca bez przestoj&oacute;w.<\/p>\n<\/li>\n<li data-start=\"1668\" data-end=\"1780\">\n<p data-start=\"1670\" data-end=\"1780\"><strong data-start=\"1670\" data-end=\"1693\">Bezpiecze&#324;stwo korporacyjne<\/strong> &ndash; TPM 2.0, Windows Hello, skaner linii papilarnych, opcjonalne czytniki kart inteligentnych i RFID.<\/p>\n<\/li>\n<li data-start=\"1781\" data-end=\"1863\">\n<p data-start=\"1783\" data-end=\"1863\"><strong data-start=\"1783\" data-end=\"1798\">Przeno&#347;no&#347;&#263;<\/strong> &ndash; lekka konstrukcja (ok. 1,3 kg) zoptymalizowana do u&#380;ytku w terenie.<\/p>\n<\/li>\n<li data-start=\"1864\" data-end=\"1945\">\n<p data-start=\"1866\" data-end=\"1945\"><strong data-start=\"1866\" data-end=\"1878\">Gwarancja<\/strong> &ndash; Standardowa 3-letnia ograniczona gwarancja z opcjami Dell ProSupport.<\/p>\n<\/li>\n<\/ul><h2 data-start=\"1947\" data-end=\"1990\">Kluczowe zalety Dell Latitude 7230<\/h2><h3 data-start=\"1992\" data-end=\"2025\">Mobilno&#347;&#263; bez kompromis&oacute;w<\/h3><p data-start=\"2026\" data-end=\"2407\">W przeciwie&#324;stwie do bardziej masywnych, wytrzyma&#322;ych laptop&oacute;w, Latitude 7230 oferuje kompaktow&#261; obudow&#281; bez po&#347;wi&#281;cania wytrzyma&#322;o&#347;ci. Przy wadze nieco ponad 1,3 kg jest &#322;atwy do przenoszenia podczas d&#322;ugich zmian w terenie, a jego wytrzyma&#322;a obudowa zosta&#322;a przetestowana pod k&#261;tem odporno&#347;ci na upadki, kurz, wod&#281; i ekstremalne temperatury. Ta r&oacute;wnowaga sprawia, &#380;e jest to idealne rozwi&#261;zanie dla zespo&#322;&oacute;w potrzebuj&#261;cych mobilno&#347;ci i trwa&#322;o&#347;ci w r&oacute;wnym stopniu.<\/p><h3 data-start=\"2409\" data-end=\"2440\">Wy&#347;wietlacz czytelny w &#347;wietle s&#322;onecznym<\/h3><p data-start=\"2441\" data-end=\"2722\">12,0-calowy wy&#347;wietlacz FHD zapewnia doskona&#322;&#261; widoczno&#347;&#263; z jasno&#347;ci&#261; do 1200 nit&oacute;w, zapewniaj&#261;c u&#380;yteczno&#347;&#263; nawet w bezpo&#347;rednim &#347;wietle s&#322;onecznym. Dzi&#281;ki obs&#322;udze r&#281;kawiczek i pi&oacute;ra, profesjonali&#347;ci mog&#261; pracowa&#263; w mokrym, zakurzonym lub zimnym otoczeniu bez utraty kontroli nad urz&#261;dzeniem.<\/p><h3 data-start=\"2724\" data-end=\"2760\">Niezawodna moc dla d&#322;ugich zmian<\/h3><p data-start=\"2761\" data-end=\"3059\">Podw&oacute;jne baterie z mo&#380;liwo&#347;ci&#261; wymiany podczas pracy zapewniaj&#261; produktywno&#347;&#263; przez ca&#322;y dzie&#324;. Pracownicy w odleg&#322;ych obszarach mog&#261; wymienia&#263; wyczerpane baterie w podr&oacute;&#380;y, bez wy&#322;&#261;czania zasilania tabletu lub przerywania przep&#322;ywu pracy. Funkcja ta ma kluczowe znaczenie dla zespo&#322;&oacute;w w sektorze u&#380;yteczno&#347;ci publicznej, obrony lub s&#322;u&#380;b ratunkowych, gdzie przestoje nie wchodz&#261; w gr&#281;.<\/p><h3 data-start=\"3061\" data-end=\"3092\">Bezpiecze&#324;stwo klasy korporacyjnej<\/h3><p data-start=\"3093\" data-end=\"3380\">Ochrona danych jest priorytetem dzi&#281;ki zintegrowanemu uk&#322;adowi TPM 2.0, rozpoznawaniu twarzy Windows Hello, uwierzytelnianiu odcisk&oacute;w palc&oacute;w i opcjonalnym czytnikom kart inteligentnych lub RFID. Te funkcje bezpiecze&#324;stwa s&#261; zgodne z rygorystycznymi standardami bran&#380;owymi, zapewniaj&#261;c ochron&#281; poufnych danych w &#347;rodowiskach o wysokiej stawce.<\/p><h3 data-start=\"3382\" data-end=\"3404\">Always Connected<\/h3><p data-start=\"3405\" data-end=\"3720\">Latitude 7230 zosta&#322; zaprojektowany z my&#347;l&#261; o niezawodnej komunikacji i dost&#281;pie do informacji w czasie rzeczywistym. Dzi&#281;ki Wi-Fi 6E, Bluetooth 5.2 i opcjonalnemu 5G LTE z GPS, zapewnia zespo&#322;om &#322;&#261;czno&#347;&#263; niezale&#380;nie od tego, czy znajduj&#261; si&#281; w pomieszczeniu, na zewn&#261;trz, czy w ruchu. Zapewnia to wydajno&#347;&#263; w bran&#380;ach, w kt&oacute;rych czas i dok&#322;adne dane maj&#261; kluczowe znaczenie.<\/p><h3 data-start=\"3722\" data-end=\"3753\">&#321;atwo&#347;&#263; wdro&#380;enia i zarz&#261;dzania<\/h3><p data-start=\"3754\" data-end=\"4012\">Z my&#347;l&#261; o dzia&#322;ach IT, 7230 oferuje mo&#380;liwo&#347;&#263; zarz&#261;dzania klasy korporacyjnej z opcjonalnymi procesorami vPro&reg;. Urz&#261;dzenia mog&#261; by&#263; wdra&#380;ane, zarz&#261;dzane i aktualizowane zdalnie, zmniejszaj&#261;c koszty IT i zapewniaj&#261;c p&#322;ynn&#261; integracj&#281; z istniej&#261;c&#261; infrastruktur&#261; firmy.<\/p><h3 data-start=\"4014\" data-end=\"4050\">Kompatybilno&#347;&#263; z ekosystemem rugged<\/h3><p data-start=\"4051\" data-end=\"4322\">Latitude 7230 bezproblemowo wsp&oacute;&#322;pracuje z ekosystemem rugged firmy Dell, w tym ze stacjami dokuj&#261;cymi, klawiaturami i uchwytami samochodowymi. Ta zdolno&#347;&#263; adaptacji pozwala przedsi&#281;biorstwom skonfigurowa&#263; urz&#261;dzenie dla technik&oacute;w terenowych, pojazd&oacute;w ratunkowych lub przemys&#322;owych stacji roboczych w zale&#380;no&#347;ci od ich potrzeb.<\/p><h2 data-start=\"4324\" data-end=\"4367\">Idealne przypadki u&#380;ycia dla Dell Latitude 7230<\/h2><ul data-start=\"4369\" data-end=\"5027\">\n<li data-start=\"4369\" data-end=\"4497\">\n<p data-start=\"4371\" data-end=\"4497\"><strong data-start=\"4371\" data-end=\"4400\">Bezpiecze&#324;stwo publiczne i obrona<\/strong> &ndash; bezpieczne, gotowe do pracy w terenie komputery dla s&#322;u&#380;b ratowniczych, organ&oacute;w &#347;cigania i operacji obronnych.<\/p>\n<\/li>\n<li data-start=\"4498\" data-end=\"4633\">\n<p data-start=\"4500\" data-end=\"4633\"><strong data-start=\"4500\" data-end=\"4531\">Us&#322;ugi komunalne i terenowe<\/strong> &ndash; niezawodny mobilny dost&#281;p dla technik&oacute;w kontroluj&#261;cych ruroci&#261;gi, sieci elektryczne lub infrastruktur&#281;.<\/p>\n<\/li>\n<li data-start=\"4634\" data-end=\"4768\">\n<p data-start=\"4636\" data-end=\"4768\"><strong data-start=\"4636\" data-end=\"4660\">Ropa, gaz i g&oacute;rnictwo<\/strong> &ndash; wytrzymuj&#261; ekstremalne warunki w odleg&#322;ych &#347;rodowiskach, gdzie trwa&#322;o&#347;&#263; i &#322;&#261;czno&#347;&#263; s&#261; niezb&#281;dne.<\/p>\n<\/li>\n<li data-start=\"4769\" data-end=\"4903\">\n<p data-start=\"4771\" data-end=\"4903\"><strong data-start=\"4771\" data-end=\"4803\">Transport i logistyka<\/strong> &ndash; Komunikacja w czasie rzeczywistym, &#347;ledzenie zapas&oacute;w i nawigacja dla floty i operacji magazynowych.<\/p>\n<\/li>\n<li data-start=\"4904\" data-end=\"5027\">\n<p data-start=\"4906\" data-end=\"5027\"><strong data-start=\"4906\" data-end=\"4938\">Produkcyjne i przemys&#322;owe<\/strong> &ndash; Zaprojektowane do pracy z wibracjami, py&#322;em i ekstremalnymi temperaturami w ruchliwych halach fabrycznych.<\/p>\n<\/li>\n<\/ul><h2 data-start=\"5029\" data-end=\"5086\">Por&oacute;wnanie produkt&oacute;w: Alternatywy dla Dell Latitude 7230<\/h2><p data-start=\"5088\" data-end=\"5190\">Dla przedsi&#281;biorstw rozwa&#380;aj&#261;cych tablety typu rugged, inne odpowiednie opcje dost&#281;pne w Micro Nordic obejmuj&#261;:<\/p><ul data-start=\"5192\" data-end=\"5604\">\n<li data-start=\"5192\" data-end=\"5320\">\n<p data-start=\"5194\" data-end=\"5320\"><a href=\"https:\/\/micronordic.com\/product\/getac-ux10-g3-fully-rugged-tablet\/\"><strong data-start=\"5194\" data-end=\"5231\">Getac UX10 G3 Fully Rugged Tablet<\/strong> <\/a>&ndash; Kompaktowy tablet 10,1&Prime; oferuj&#261;cy lekko&#347;&#263; i pe&#322;n&#261; ochron&#281; typu rugged.<\/p>\n<\/li>\n<li data-start=\"5321\" data-end=\"5469\">\n<p data-start=\"5323\" data-end=\"5469\"><a href=\"https:\/\/micronordic.com\/product\/panasonic-toughpad-fz-m1-refurbished\/\"><strong data-start=\"5323\" data-end=\"5380\">Panasonic TOUGHBOOK FZ-M1 Rugged Tablet<\/strong> <\/a>&ndash; 7-calowy tablet typu Fully Rugged zaprojektowany z my&#347;l&#261; o ekstremalnej przeno&#347;no&#347;ci i oszcz&#281;dnych nabywcach.<\/p>\n<\/li>\n<li data-start=\"5470\" data-end=\"5604\">\n<p data-start=\"5472\" data-end=\"5604\"><a href=\"https:\/\/micronordic.com\/product\/zebra-et65-rugged-enterprise-tablet\/\"><strong data-start=\"5472\" data-end=\"5511\">Zebra ET65 Rugged Tablet dla przedsi&#281;biorstw<\/strong> <\/a>&ndash; Rugged Tablet 12&Prime; z systemem Android stworzony z my&#347;l&#261; o &#322;&#261;czno&#347;ci 5G i pracy w terenie.<\/p>\n<\/li>\n<\/ul>\n","protected":false},"excerpt":{"rendered":"<h3>Specyfikacje:<\/h3>\n<ul>\n<li><strong>Wy\u015bwietlacz:<\/strong> 12,0\u2033 FHD (1920\u00d71200), jasno\u015b\u0107 1200 nit\u00f3w, obs\u0142uga r\u0119kawic\u0105 i pi\u00f3rem<\/li>\n<li><strong>Procesor:<\/strong> Intel\u00ae Core\u2122 i3 \/ i5 \/ i7 12. generacji, opcjonalnie vPro\u00ae<\/li>\n<li><strong>Grafika:<\/strong> Grafika Intel\u00ae Iris Xe (modele i5\/i7)<\/li>\n<li><strong>Pami\u0119\u0107:<\/strong> 8 GB RAM (model podstawowy), z mo\u017cliwo\u015bci\u0105 rozbudowy do 32 GB LPDDR5 RAM<\/li>\n<li><strong>Pami\u0119\u0107 masowa:<\/strong> 256 NVMe PCIe SSD (model podstawowy), z mo\u017cliwo\u015bci\u0105 rozbudowy do 2 TB<\/li>\n<li><strong>\u0141\u0105czno\u015b\u0107:<\/strong> Wi-Fi 6E, Bluetooth 5.2, opcjonalnie 4G\/5G LTE z GPS<\/li>\n<li><strong>Certyfikaty rugged:<\/strong> MIL-STD-810H, IP65, testowany na upadek, testowany zakres temperatur<\/li>\n<li><strong>Zabezpieczenia:<\/strong> TPM 2.0, Windows Hello, czytnik linii papilarnych, opcjonalna karta inteligentna i RFID<\/li>\n<li><strong>Bateria:<\/strong> Podw\u00f3jne baterie z mo\u017cliwo\u015bci\u0105 wymiany podczas pracy zapewniaj\u0105 d\u0142u\u017cszy czas dzia\u0142ania<\/li>\n<li><strong>Wymiary i waga:<\/strong> Oko\u0142o 1,3 kg<\/li>\n<li><strong>Gwarancja:<\/strong> 3-letnia ograniczona gwarancja z opcjonaln\u0105 us\u0142ug\u0105 ProSupport<\/li>\n<\/ul>\n","protected":false},"author":24,"featured_media":100049,"template":"","meta":{"_acf_changed":false,"inline_featured_image":false},"product-condition":[5249],"product_brand":[8948],"product_cat":[5203,5202,5197],"product_tag":[],"class_list":{"0":"post-46224","1":"product","2":"type-product","3":"status-publish","4":"has-post-thumbnail","6":"product-condition-new-in-box","7":"product_brand-dell","8":"product_cat-dell-rugged","9":"product_cat-all-rugged-tablets","10":"product_cat-new-in-box-rugged-hardware","12":"first","13":"instock","14":"taxable","15":"shipping-taxable","16":"purchasable","17":"product-type-simple"},"acf":[],"_links":{"self":[{"href":"https:\/\/micronordic.com\/pl\/wp-json\/wp\/v2\/product\/46224","targetHints":{"allow":["GET"]}}],"collection":[{"href":"https:\/\/micronordic.com\/pl\/wp-json\/wp\/v2\/product"}],"about":[{"href":"https:\/\/micronordic.com\/pl\/wp-json\/wp\/v2\/types\/product"}],"author":[{"embeddable":true,"href":"https:\/\/micronordic.com\/pl\/wp-json\/wp\/v2\/users\/24"}],"version-history":[{"count":2,"href":"https:\/\/micronordic.com\/pl\/wp-json\/wp\/v2\/product\/46224\/revisions"}],"predecessor-version":[{"id":97635,"href":"https:\/\/micronordic.com\/pl\/wp-json\/wp\/v2\/product\/46224\/revisions\/97635"}],"wp:featuredmedia":[{"embeddable":true,"href":"https:\/\/micronordic.com\/pl\/wp-json\/wp\/v2\/media\/100049"}],"wp:attachment":[{"href":"https:\/\/micronordic.com\/pl\/wp-json\/wp\/v2\/media?parent=46224"}],"wp:term":[{"taxonomy":"product-condition","embeddable":true,"href":"https:\/\/micronordic.com\/pl\/wp-json\/wp\/v2\/product-condition?post=46224"},{"taxonomy":"product_brand","embeddable":true,"href":"https:\/\/micronordic.com\/pl\/wp-json\/wp\/v2\/product_brand?post=46224"},{"taxonomy":"product_cat","embeddable":true,"href":"https:\/\/micronordic.com\/pl\/wp-json\/wp\/v2\/product_cat?post=46224"},{"taxonomy":"product_tag","embeddable":true,"href":"https:\/\/micronordic.com\/pl\/wp-json\/wp\/v2\/product_tag?post=46224"}],"curies":[{"name":"wp","href":"https:\/\/api.w.org\/{rel}","templated":true}]}}