{"id":46222,"date":"2023-01-26T16:40:28","date_gmt":"2023-01-26T15:40:28","guid":{"rendered":"https:\/\/micronordic.com\/product\/panasonic-toughpad-fz-g1-fzg1-mk3-mk5-odnowiony\/"},"modified":"2025-11-20T18:04:16","modified_gmt":"2025-11-20T17:04:16","slug":"refurbished-panasonic-toughpad-fz-g1","status":"publish","type":"product","link":"https:\/\/micronordic.com\/pl\/product\/refurbished-panasonic-toughpad-fz-g1\/","title":{"rendered":"Panasonic Toughpad FZ-G1 MK5 (PRE-OWNED)"},"content":{"rendered":"<?xml encoding=\"utf-8\" ?><h2 data-start=\"209\" data-end=\"264\">Panasonic Toughpad FZ-G1 MK5 (Certified Pre-Owned)<\/h2><p data-start=\"266\" data-end=\"588\"><strong data-start=\"270\" data-end=\"302\">Panasonic Toughpad FZ-G1 MK5<\/strong> to w pe&#322;ni rugged tablet z systemem Windows stworzony z my&#347;l&#261; o mobilno&#347;ci w terenie, przemys&#322;owych przep&#322;ywach pracy i zastosowaniach o krytycznym znaczeniu. Jako model pi&#261;tej generacji (MK5) kultowej serii FZ-G1 firmy Panasonic, urz&#261;dzenie to &#322;&#261;czy w sobie sprawdzon&#261; niezawodno&#347;&#263; rugged z ulepszon&#261; wydajno&#347;ci&#261; i d&#322;ugoterminowym wsparciem.<\/p><p data-start=\"590\" data-end=\"965\">W Micro Nordic, FZ-G1 MK5 jest dost&#281;pny jako <strong data-start=\"637\" data-end=\"660\">Certified Pre-Owned z 12-miesi&#281;czn&#261; gwarancj&#261;<\/strong>. Ka&#380;da jednostka zosta&#322;a poddana kompleksowej renowacji, w tym naprawom sprz&#281;tu, wymianie komponent&oacute;w, ponownej instalacji oprogramowania i rygorystycznym testom. Zapewnia to przywr&oacute;cenie tabletu do stanu zbli&#380;onego do nowego, oferuj&#261;c przedsi&#281;biorstwom op&#322;acalny spos&oacute;b na wdro&#380;enie mobilno&#347;ci rugged z pewno&#347;ci&#261;.<\/p><h2 data-start=\"967\" data-end=\"1020\">Kluczowe cechy tabletu Panasonic Toughpad FZ-G1 MK5<\/h2><ul data-start=\"1022\" data-end=\"1991\">\n<li data-start=\"1022\" data-end=\"1147\">\n<p data-start=\"1024\" data-end=\"1147\"><strong data-start=\"1024\" data-end=\"1045\">Wytrzyma&#322;o&#347;&#263;<\/strong> &ndash; Fully Rugged, certyfikat MIL-STD-810G, stopie&#324; ochrony IP65, zaprojektowany z my&#347;l&#261; o upadkach, wibracjach, kurzu i wodzie.<\/p>\n<\/li>\n<li data-start=\"1148\" data-end=\"1271\">\n<p data-start=\"1150\" data-end=\"1271\"><strong data-start=\"1150\" data-end=\"1161\">Wy&#347;wietlacz<\/strong> &ndash; 10,1&Prime; WUXGA (1920&times;1200), czytelny w &#347;wietle s&#322;onecznym wy&#347;wietlacz o jasno&#347;ci do 800 nit&oacute;w z obs&#322;ug&#261; dotyku w r&#281;kawiczkach.<\/p>\n<\/li>\n<li data-start=\"1272\" data-end=\"1360\">\n<p data-start=\"1274\" data-end=\"1360\"><strong data-start=\"1274\" data-end=\"1287\">Procesor<\/strong> &ndash; Intel&reg; Core&trade; i5-7300U vPro&trade; (7. generacji, 2,6 GHz, turbo do 3,5 GHz).<\/p>\n<\/li>\n<li data-start=\"1361\" data-end=\"1459\">\n<p data-start=\"1363\" data-end=\"1459\"><strong data-start=\"1363\" data-end=\"1383\">System operacyjny<\/strong> &ndash; Windows 10 Pro (z mo&#380;liwo&#347;ci&#261; aktualizacji do Windows 11, w zale&#380;no&#347;ci od konfiguracji).<\/p>\n<\/li>\n<li data-start=\"1460\" data-end=\"1509\">\n<p data-start=\"1462\" data-end=\"1509\"><strong data-start=\"1462\" data-end=\"1472\">Pami&#281;&#263;<\/strong> &ndash; 8 GB RAM (z mo&#380;liwo&#347;ci&#261; rozbudowy do 16 GB).<\/p>\n<\/li>\n<li data-start=\"1510\" data-end=\"1564\">\n<p data-start=\"1512\" data-end=\"1564\"><strong data-start=\"1512\" data-end=\"1523\">Pami&#281;&#263; masowa<\/strong> &ndash; 256 GB SSD (z mo&#380;liwo&#347;ci&#261; rozbudowy do 1 TB).<\/p>\n<\/li>\n<li data-start=\"1565\" data-end=\"1653\">\n<p data-start=\"1567\" data-end=\"1653\"><strong data-start=\"1567\" data-end=\"1583\">&#321;&#261;czno&#347;&#263;<\/strong> &ndash; Wi-Fi 802.11 a\/b\/g\/n\/ac, Bluetooth 4.1, opcjonalnie 4G LTE z GPS.<\/p>\n<\/li>\n<li data-start=\"1654\" data-end=\"1751\">\n<p data-start=\"1656\" data-end=\"1751\"><strong data-start=\"1656\" data-end=\"1667\">Bateria<\/strong> &ndash; wymieniana podczas pracy bateria litowo-jonowa z opcj&#261; wyd&#322;u&#380;onej &#380;ywotno&#347;ci, do 14 godzin pracy.<\/p>\n<\/li>\n<li data-start=\"1752\" data-end=\"1838\">\n<p data-start=\"1754\" data-end=\"1838\"><strong data-start=\"1754\" data-end=\"1766\">Bezpiecze&#324;stwo<\/strong> &ndash; TPM 2.0, opcjonalny czytnik kart inteligentnych i uwierzytelnianie odcisk&oacute;w palc&oacute;w.<\/p>\n<\/li>\n<li data-start=\"1839\" data-end=\"1905\">\n<p data-start=\"1841\" data-end=\"1905\"><strong data-start=\"1841\" data-end=\"1856\">Forma<\/strong> &ndash; lekki tablet typu rugged o wadze ok. 1,1 kg.<\/p>\n<\/li>\n<li data-start=\"1906\" data-end=\"1991\">\n<p data-start=\"1908\" data-end=\"1991\"><strong data-start=\"1908\" data-end=\"1924\">Dost&#281;pno&#347;&#263;<\/strong> &ndash; sprzedawany jako <strong data-start=\"1935\" data-end=\"1958\">Certified Pre-Owned<\/strong>, w pe&#322;ni odnowiony i przetestowany.<\/p>\n<\/li>\n<\/ul><h2 data-start=\"1993\" data-end=\"2046\">Kluczowe zalety tabletu Panasonic Toughpad FZ-G1 MK5<\/h2><h3 data-start=\"2048\" data-end=\"2078\">Niezawodno&#347;&#263; Fully Rugged<\/h3><p data-start=\"2079\" data-end=\"2372\">FZ-G1 MK5 zosta&#322; zaprojektowany z my&#347;l&#261; o &#347;rodowiskach, w kt&oacute;rych tablety konsumenckie po prostu nie mog&#261; przetrwa&#263;. Jego w pe&#322;ni rugged konstrukcja zapewnia dzia&#322;anie w deszczu, &#347;niegu, kurzu i pod wp&#322;ywem wibracji. Spe&#322;nia on normy MIL-STD-810G i IP65, dzi&#281;ki czemu jest zaufanym narz&#281;dziem dla wojska, s&#322;u&#380;b komunalnych i operacji w terenie.<\/p><h3 data-start=\"2374\" data-end=\"2411\">Jasny wy&#347;wietlacz do odczytu na zewn&#261;trz<\/h3><p data-start=\"2412\" data-end=\"2647\">Wy&#347;wietlacz WUXGA o przek&#261;tnej 10,1&Prime; i jasno&#347;ci 800 nit&oacute;w zapewnia pe&#322;n&#261; czytelno&#347;&#263; w &#347;wietle s&#322;onecznym. W po&#322;&#261;czeniu z opracowan&#261; przez Panasonic technologi&#261; dotykow&#261; w r&#281;kawiczkach i w deszczu, ekran pozostaje responsywny w ka&#380;dych warunkach pracy, zar&oacute;wno w pomieszczeniach, jak i na zewn&#261;trz.<\/p><h3 data-start=\"2649\" data-end=\"2683\">Zwi&#281;kszenie wydajno&#347;ci dzi&#281;ki MK5<\/h3><p data-start=\"2684\" data-end=\"2921\">FZ-G1 generacji MK5 jest wyposa&#380;ony w procesor Intel Core i5 7. generacji, oferuj&#261;cy wi&#281;ksz&#261; moc i wydajno&#347;&#263; ni&#380; wcze&#347;niejsze modele. Zapewnia to p&#322;ynne dzia&#322;anie nowoczesnych aplikacji, mapowania i oprogramowania do gromadzenia danych.<\/p><h3 data-start=\"2923\" data-end=\"2954\">Certyfikowana warto&#347;&#263; pojazdu u&#380;ywanego<\/h3><p data-start=\"2955\" data-end=\"3323\">Ka&#380;dy certyfikowany u&#380;ywany FZ-G1 MK5 oferowany przez Micro Nordic zosta&#322; poddany gruntownej renowacji. Nasi technicy naprawiaj&#261; lub wymieniaj&#261; zu&#380;yte komponenty, przywracaj&#261; oprogramowanie i w pe&#322;ni testuj&#261; urz&#261;dzenie, aby upewni&#263; si&#281;, &#380;e dzia&#322;a jak nowe. Zapewnia to organizacjom wytrzyma&#322;y tablet Panasonic za u&#322;amek ceny nowego modelu, bez uszczerbku dla niezawodno&#347;ci.<\/p><h3 data-start=\"3325\" data-end=\"3350\">Bezpiecze&#324;stwo przedsi&#281;biorstwa<\/h3><p data-start=\"3351\" data-end=\"3576\">FZ-G1 MK5 zawiera zaawansowane funkcje bezpiecze&#324;stwa klasy korporacyjnej, takie jak TPM 2.0 i opcjonalne uwierzytelnianie biometryczne. Zapewnia to zgodno&#347;&#263; z korporacyjnymi i rz&#261;dowymi standardami IT, jednocze&#347;nie chroni&#261;c wra&#380;liwe dane w terenie.<\/p><h3 data-start=\"3578\" data-end=\"3602\">D&#322;ugotrwa&#322;a moc<\/h3><p data-start=\"3603\" data-end=\"3819\">Dzi&#281;ki mo&#380;liwo&#347;ci wymiany baterii podczas pracy i rozszerzonym opcjom baterii, FZ-G1 MK5 umo&#380;liwia nieprzerwane u&#380;ytkowanie podczas d&#322;ugich zmian. Pracownicy w terenie mog&#261; wymienia&#263; baterie bez wy&#322;&#261;czania zasilania, utrzymuj&#261;c wydajno&#347;&#263; pracy.<\/p><h2 data-start=\"3821\" data-end=\"3874\">Idealne przypadki u&#380;ycia dla Panasonic Toughpad FZ-G1 MK5<\/h2><ul data-start=\"3876\" data-end=\"4390\">\n<li data-start=\"3876\" data-end=\"3982\">\n<p data-start=\"3878\" data-end=\"3982\"><strong data-start=\"3878\" data-end=\"3907\">Us&#322;ugi w terenie i media<\/strong> &ndash; niezawodna &#322;&#261;czno&#347;&#263; i wytrzyma&#322;o&#347;&#263; dla technik&oacute;w pracuj&#261;cych na zewn&#261;trz.<\/p>\n<\/li>\n<li data-start=\"3983\" data-end=\"4076\">\n<p data-start=\"3985\" data-end=\"4076\"><strong data-start=\"3985\" data-end=\"4007\">Wojsko i obrona<\/strong> &ndash; w pe&#322;ni wytrzyma&#322;a konstrukcja przetestowana w ekstremalnych warunkach, gotowa do misji.<\/p>\n<\/li>\n<li data-start=\"4077\" data-end=\"4201\">\n<p data-start=\"4079\" data-end=\"4201\"><strong data-start=\"4079\" data-end=\"4108\">Produkcja i logistyka<\/strong> &ndash; Obs&#322;uguje systemy magazynowe, przep&#322;ywy pracy w hali produkcyjnej i skanowanie kod&oacute;w kreskowych za pomoc&#261; akcesori&oacute;w.<\/p>\n<\/li>\n<li data-start=\"4202\" data-end=\"4306\">\n<p data-start=\"4204\" data-end=\"4306\"><strong data-start=\"4204\" data-end=\"4239\">S&#322;u&#380;ba zdrowia i s&#322;u&#380;by ratunkowe<\/strong> &ndash; bezpieczne, niezawodne urz&#261;dzenie do opieki nad pacjentem i dla s&#322;u&#380;b ratowniczych.<\/p>\n<\/li>\n<li data-start=\"4307\" data-end=\"4390\">\n<p data-start=\"4309\" data-end=\"4390\"><strong data-start=\"4309\" data-end=\"4326\">Bezpiecze&#324;stwo publiczne<\/strong> &ndash; Zaufana wydajno&#347;&#263; w operacjach stra&#380;y po&#380;arnej, policji i ratownictwa.<\/p>\n<\/li>\n<\/ul><h2 data-start=\"4392\" data-end=\"4459\">Por&oacute;wnanie produkt&oacute;w: Alternatywy dla Panasonic Toughpad FZ-G1 MK5<\/h2><p data-start=\"4461\" data-end=\"4558\">Dla przedsi&#281;biorstw poszukuj&#261;cych alternatyw, inne tablety rugged dost&#281;pne w Micro Nordic obejmuj&#261;:<\/p><ul data-start=\"4560\" data-end=\"4982\">\n<li data-start=\"4560\" data-end=\"4712\">\n<p data-start=\"4562\" data-end=\"4712\"><a href=\"https:\/\/micronordic.com\/product\/getac-f110-touch-fully-rugged-tablet\/\"><strong data-start=\"4562\" data-end=\"4596\">Getac F110 Fully Rugged Tablet<\/strong> <\/a>&ndash; Wi&#281;kszy 11,6-calowy tablet z systemem Windows z pe&#322;nymi certyfikatami rugged, idealny dla u&#380;ytkownik&oacute;w potrzebuj&#261;cych wi&#281;kszego wy&#347;wietlacza do wielozadaniowej i szczeg&oacute;&#322;owej pracy.<\/p>\n<\/li>\n<li data-start=\"4713\" data-end=\"4854\">\n<p data-start=\"4715\" data-end=\"4854\"><a href=\"https:\/\/micronordic.com\/product\/panasonic-toughpad-fz-m1-refurbished\/\"><strong data-start=\"4715\" data-end=\"4765\">Panasonic Toughpad FZ-M1 <\/strong><\/a>&ndash; Kompaktowy 7-calowy tablet typu rugged zaprojektowany z my&#347;l&#261; o przeno&#347;no&#347;ci w wymagaj&#261;cych zastosowaniach terenowych.<\/p>\n<\/li>\n<li data-start=\"4855\" data-end=\"4982\">\n<p data-start=\"4857\" data-end=\"4982\"><a href=\"https:\/\/micronordic.com\/product\/zebra-et65-rugged-enterprise-tablet\/\"><strong data-start=\"4857\" data-end=\"4896\">Zebra ET65 Rugged Tablet dla przedsi&#281;biorstw<\/strong> <\/a>&ndash; Rugged Tablet z systemem Android o przek&#261;tnej 12&Prime; o konstrukcji przystosowanej do sieci 5G zapewniaj&#261;cej zaawansowan&#261; &#322;&#261;czno&#347;&#263; w terenie.<\/p>\n<\/li>\n<\/ul>\n","protected":false},"excerpt":{"rendered":"<h3>Specyfikacje:<\/h3>\n<ul>\n<li><strong>Wy\u015bwietlacz:<\/strong> 10,1\u2033 WUXGA (1920\u00d71200), 800 nit\u00f3w, czytelny w \u015bwietle s\u0142onecznym, obs\u0142uga dotyku w r\u0119kawiczkach i w deszczu<\/li>\n<li><strong>Procesor:<\/strong> Intel\u00ae Core\u2122 i5-7300U vPro\u2122, 2,6 GHz (do 3,5 GHz)<\/li>\n<li><strong>Grafika:<\/strong> Zintegrowany uk\u0142ad graficzny Intel\u00ae HD Graphics 620<\/li>\n<li><strong>Pami\u0119\u0107:<\/strong> 8 GB RAM, z mo\u017cliwo\u015bci\u0105 rozbudowy do 16 GB<\/li>\n<li><strong>Pami\u0119\u0107 masowa:<\/strong> 256 GB SSD, z mo\u017cliwo\u015bci\u0105 rozbudowy do 1 TB<\/li>\n<li><strong>\u0141\u0105czno\u015b\u0107:<\/strong> Wi-Fi 802.11 a\/b\/g\/n\/ac, Bluetooth 4.1, opcjonalnie 4G LTE z GPS<\/li>\n<li><strong>Certyfikaty rugged:<\/strong> MIL-STD-810G, IP65<\/li>\n<li><strong>Bateria:<\/strong> wymienialna podczas pracy bateria litowo-jonowa, czas pracy do 14 godzin<\/li>\n<li><strong>Wymiary i waga:<\/strong> 270 \u00d7 188 \u00d7 19 mm, ok. 1,1 kg<\/li>\n<li><strong>Gwarancja:<\/strong> 12-miesi\u0119czna gwarancja Certified Pre-Owned<\/li>\n<\/ul>\n","protected":false},"author":24,"featured_media":61197,"template":"","meta":{"_acf_changed":false,"inline_featured_image":false},"product-condition":[5280],"product_brand":[8982],"product_cat":[5199,5202,5198],"product_tag":[4866],"class_list":{"0":"post-46222","1":"product","2":"type-product","3":"status-publish","4":"has-post-thumbnail","6":"product-condition-pre-owned","7":"product_brand-panasonic","8":"product_cat-panasonic-toughbook","9":"product_cat-all-rugged-tablets","10":"product_cat-refurbished-rugged-hardware","11":"product_tag-lte-4g-pl","13":"first","14":"instock","15":"taxable","16":"shipping-taxable","17":"purchasable","18":"product-type-simple"},"acf":[],"_links":{"self":[{"href":"https:\/\/micronordic.com\/pl\/wp-json\/wp\/v2\/product\/46222","targetHints":{"allow":["GET"]}}],"collection":[{"href":"https:\/\/micronordic.com\/pl\/wp-json\/wp\/v2\/product"}],"about":[{"href":"https:\/\/micronordic.com\/pl\/wp-json\/wp\/v2\/types\/product"}],"author":[{"embeddable":true,"href":"https:\/\/micronordic.com\/pl\/wp-json\/wp\/v2\/users\/24"}],"version-history":[{"count":4,"href":"https:\/\/micronordic.com\/pl\/wp-json\/wp\/v2\/product\/46222\/revisions"}],"predecessor-version":[{"id":98765,"href":"https:\/\/micronordic.com\/pl\/wp-json\/wp\/v2\/product\/46222\/revisions\/98765"}],"wp:featuredmedia":[{"embeddable":true,"href":"https:\/\/micronordic.com\/pl\/wp-json\/wp\/v2\/media\/61197"}],"wp:attachment":[{"href":"https:\/\/micronordic.com\/pl\/wp-json\/wp\/v2\/media?parent=46222"}],"wp:term":[{"taxonomy":"product-condition","embeddable":true,"href":"https:\/\/micronordic.com\/pl\/wp-json\/wp\/v2\/product-condition?post=46222"},{"taxonomy":"product_brand","embeddable":true,"href":"https:\/\/micronordic.com\/pl\/wp-json\/wp\/v2\/product_brand?post=46222"},{"taxonomy":"product_cat","embeddable":true,"href":"https:\/\/micronordic.com\/pl\/wp-json\/wp\/v2\/product_cat?post=46222"},{"taxonomy":"product_tag","embeddable":true,"href":"https:\/\/micronordic.com\/pl\/wp-json\/wp\/v2\/product_tag?post=46222"}],"curies":[{"name":"wp","href":"https:\/\/api.w.org\/{rel}","templated":true}]}}