{"id":46220,"date":"2023-03-01T09:30:14","date_gmt":"2023-03-01T08:30:14","guid":{"rendered":"https:\/\/micronordic.com\/product\/przenosny-komputer-reczny-honeywell-ck65-odnowiony\/"},"modified":"2025-11-20T18:16:02","modified_gmt":"2025-11-20T17:16:02","slug":"honeywell-ck65-mobile-handheld-computer-refurbished","status":"publish","type":"product","link":"https:\/\/micronordic.com\/pl\/product\/honeywell-ck65-mobile-handheld-computer-refurbished\/","title":{"rendered":"Honeywell CK65 Handheld Mobile Computer (EX-DEMO)"},"content":{"rendered":"<?xml encoding=\"utf-8\" ?><h2 data-start=\"573\" data-end=\"617\">Honeywell CK65 Handheld Mobile Computer<\/h2><p data-start=\"619\" data-end=\"1092\"><strong data-start=\"623\" data-end=\"666\">Handheld Mobile Computer Honeywell CK65<\/strong> zosta&#322; stworzony, aby zmaksymalizowa&#263; produktywno&#347;&#263; pracownik&oacute;w i trwa&#322;o&#347;&#263; urz&#261;dzenia w wymagaj&#261;cych &#347;rodowiskach przemys&#322;owych. Oferuj&#261;c zaawansowane przechwytywanie danych, trwa&#322;o&#347;&#263; rugged i elastyczn&#261; &#322;&#261;czno&#347;&#263;, CK65 jest idealny do magazyn&oacute;w, zak&#322;ad&oacute;w produkcyjnych, centr&oacute;w logistycznych i centr&oacute;w dystrybucyjnych.<\/p><p>Dost&#281;pny zar&oacute;wno w wersji <strong data-start=\"964\" data-end=\"975\">EX-DEMO<\/strong>, jak i <strong data-start=\"980\" data-end=\"994\">NEW IN BOX<\/strong>, daje firmom wyb&oacute;r mi&#281;dzy efektywno&#347;ci&#261; kosztow&#261; a zupe&#322;nie nowym, fabrycznie zapiecz&#281;towanym sprz&#281;tem. Urz&#261;dzenia Ex-Demo s&#261; obj&#281;te <strong>12-miesi&#281;czn&#261; gwarancj&#261;<\/strong>, a <strong data-start=\"52\" data-end=\"83\">fabrycznie nowe skanery rugged<\/strong> s&#261; dostarczane ze <strong data-start=\"104\" data-end=\"132\">standardow&#261; 2-letni&#261; gwarancj&#261;<\/strong> zapewniaj&#261;c&#261; niezawodny spok&oacute;j ducha.<\/p><h2 data-start=\"1094\" data-end=\"1133\">Kluczowe cechy Honeywell CK65<\/h2><ul data-start=\"1135\" data-end=\"2270\">\n<li data-start=\"1135\" data-end=\"1277\">\n<p data-start=\"1137\" data-end=\"1277\"><strong data-start=\"1137\" data-end=\"1158\">Wytrzyma&#322;o&#347;&#263;<\/strong> &ndash; certyfikat MIL-STD-810G z klasami szczelno&#347;ci IP65 i IP68; odporno&#347;&#263; na upadki z wysoko&#347;ci do 3 metr&oacute;w i odporno&#347;&#263; na wstrz&#261;sy do 3000 razy.<\/p>\n<\/li>\n<li data-start=\"1278\" data-end=\"1362\">\n<p data-start=\"1280\" data-end=\"1362\"><strong data-start=\"1280\" data-end=\"1291\">Wy&#347;wietlacz<\/strong> &ndash; wielodotykowy wy&#347;wietlacz WVGA 4&Prime;, czytelny w &#347;wietle s&#322;onecznym i przyjazny dla r&#281;kawic.<\/p>\n<\/li>\n<li data-start=\"1363\" data-end=\"1466\">\n<p data-start=\"1365\" data-end=\"1466\"><strong data-start=\"1365\" data-end=\"1385\">Moc obliczeniowa<\/strong> &ndash; o&#347;miordzeniowy procesor Qualcomm&reg; SD660 2,2 GHz z d&#322;ugoterminow&#261; obs&#322;ug&#261; systemu Android.<\/p>\n<\/li>\n<li data-start=\"1467\" data-end=\"1577\">\n<p data-start=\"1469\" data-end=\"1577\"><strong data-start=\"1469\" data-end=\"1489\">System operacyjny<\/strong> &ndash; Android 9, z mo&#380;liwo&#347;ci&#261; aktualizacji do Androida 13 za pomoc&#261; platformy Mobility Edge&trade; firmy Honeywell.<\/p>\n<\/li>\n<li data-start=\"1578\" data-end=\"1619\">\n<p data-start=\"1580\" data-end=\"1619\"><strong data-start=\"1580\" data-end=\"1590\">Pami&#281;&#263;<\/strong> &ndash; opcje 3 GB \/ 4 GB RAM.<\/p>\n<\/li>\n<li data-start=\"1620\" data-end=\"1702\">\n<p data-start=\"1622\" data-end=\"1702\"><strong data-start=\"1622\" data-end=\"1633\">Pami&#281;&#263;<\/strong> &ndash; 32 GB \/ 64 GB pami&#281;ci flash z mo&#380;liwo&#347;ci&#261; rozszerzenia za pomoc&#261; karty microSD do 512 GB.<\/p>\n<\/li>\n<li data-start=\"1703\" data-end=\"1805\">\n<p data-start=\"1705\" data-end=\"1805\"><strong data-start=\"1705\" data-end=\"1725\">Opcje skanowania<\/strong> &ndash; do wyboru imagery bliskiego\/dalszego zasi&#281;gu N6703, N6803FR, EX20 do skanowania kod&oacute;w kreskowych 1D\/2D.<\/p>\n<\/li>\n<li data-start=\"1806\" data-end=\"1885\">\n<p data-start=\"1808\" data-end=\"1885\"><strong data-start=\"1808\" data-end=\"1824\">&#321;&#261;czno&#347;&#263;<\/strong> &ndash; Wi-Fi 802.11 a\/b\/g\/n\/ac, Bluetooth 5.0, opcjonalnie 4G LTE.<\/p>\n<\/li>\n<li data-start=\"1886\" data-end=\"1962\">\n<p data-start=\"1888\" data-end=\"1962\"><strong data-start=\"1888\" data-end=\"1899\">Bateria<\/strong> &ndash; Inteligentna bateria litowo-jonowa o pojemno&#347;ci 7000 mAh zapewnia do 28 godzin pracy.<\/p>\n<\/li>\n<li data-start=\"1963\" data-end=\"2072\">\n<p data-start=\"1965\" data-end=\"2072\"><strong data-start=\"1965\" data-end=\"1977\">Bezpiecze&#324;stwo<\/strong> &ndash; zintegrowane z zabezpieczeniami Honeywell na poziomie korporacyjnym i &#322;ataniem poprzez Mobility Edge&trade;.<\/p>\n<\/li>\n<li data-start=\"2073\" data-end=\"2162\">\n<p data-start=\"2075\" data-end=\"2162\">Ergonomiczna <strong data-start=\"2075\" data-end=\"2090\">r&#281;koje&#347;&#263;<\/strong> pistoletowa dost&#281;pna dla d&#322;u&#380;szych zada&#324; skanowania.<\/p>\n<\/li>\n<li data-start=\"2163\" data-end=\"2270\">\n<p data-start=\"2165\" data-end=\"2270\"><strong data-start=\"2165\" data-end=\"2181\">Dost&#281;pno&#347;&#263;<\/strong> &ndash; Oferowane jako <strong data-start=\"2195\" data-end=\"2206\">EX-DEMO<\/strong> (lekko u&#380;ywane jednostki demonstracyjne) lub <strong data-start=\"2236\" data-end=\"2250\">NEW IN BOX<\/strong> (fabrycznie zapiecz&#281;towane).<\/p>\n<\/li>\n<\/ul><h2 data-start=\"2272\" data-end=\"2311\">Kluczowe zalety Honeywell CK65<\/h2><h3 data-start=\"2313\" data-end=\"2337\">Solidna niezawodno&#347;&#263;<\/h3><p data-start=\"2338\" data-end=\"2554\">Dzi&#281;ki stopniom ochrony IP65\/IP68 i testom na upadki z wysoko&#347;ci do 3 metr&oacute;w, CK65 poradzi sobie w najtrudniejszych warunkach. Jego solidna konstrukcja zapewnia sta&#322;&#261; wydajno&#347;&#263; w ch&#322;odniach, zakurzonych magazynach i ruchliwych halach fabrycznych.<\/p><h3 data-start=\"2556\" data-end=\"2590\">Przysz&#322;o&#347;ciowa obs&#322;uga systemu Android<\/h3><p data-start=\"2591\" data-end=\"2799\">CK65 jest cz&#281;&#347;ci&#261; platformy Mobility Edge&trade; firmy Honeywell, oferuj&#261;cej gwarantowane aktualizacje systemu Android do wersji 13. Chroni to inwestycj&#281; i zapewnia kompatybilno&#347;&#263; z przysz&#322;ymi aplikacjami korporacyjnymi.<\/p><h3 data-start=\"2801\" data-end=\"2828\">Wyd&#322;u&#380;ona &#380;ywotno&#347;&#263; baterii<\/h3><p data-start=\"2829\" data-end=\"2990\">Wydajna bateria o pojemno&#347;ci 7000 mAh zapewnia do 28 godzin pracy, umo&#380;liwiaj&#261;c prac&#281; wielozmianow&#261;. Mo&#380;liwo&#347;&#263; wymiany baterii podczas pracy dodatkowo skraca czas przestoj&oacute;w.<\/p><h3 data-start=\"2992\" data-end=\"3023\">Wysoka wydajno&#347;&#263; skanowania<\/h3><p data-start=\"3024\" data-end=\"3183\">Dzi&#281;ki wielu opcjom silnika skanuj&#261;cego, CK65 mo&#380;e odczytywa&#263; kody kreskowe w trudnych warunkach, w tym uszkodzone etykiety lub skanowanie dalekiego zasi&#281;gu w du&#380;ych magazynach.<\/p><h3 data-start=\"3185\" data-end=\"3219\">Elastyczne opcje pozyskiwania<\/h3><p data-start=\"3220\" data-end=\"3489\">Przedsi&#281;biorstwa mog&#261; wybiera&#263; mi&#281;dzy ekonomicznymi <strong data-start=\"3266\" data-end=\"3283\">urz&#261;dzeniami EX-DEMO<\/strong>, kt&oacute;re s&#261; lekko obs&#322;ugiwanymi urz&#261;dzeniami demonstracyjnymi, a <strong data-start=\"3329\" data-end=\"3349\">urz&#261;dzeniami NEW IN BOX<\/strong>, kt&oacute;re s&#261; fabrycznie zapiecz&#281;towane i nigdy nie by&#322;y u&#380;ywane. Pozwala to firmom dopasowa&#263; bud&#380;et do potrzeb operacyjnych bez uszczerbku dla jako&#347;ci.<\/p><h2 data-start=\"3491\" data-end=\"3530\">Idealne przypadki u&#380;ycia dla Honeywell CK65<\/h2><ul data-start=\"3532\" data-end=\"4016\">\n<li data-start=\"3532\" data-end=\"3641\">\n<p data-start=\"3534\" data-end=\"3641\"><strong data-start=\"3534\" data-end=\"3566\">Magazynowanie i dystrybucja<\/strong> &ndash; niezawodne skanowanie i dost&#281;p do danych w wymagaj&#261;cych &#347;rodowiskach logistycznych.<\/p>\n<\/li>\n<li data-start=\"3642\" data-end=\"3728\">\n<p data-start=\"3644\" data-end=\"3728\"><strong data-start=\"3644\" data-end=\"3661\">Produkcja<\/strong> &ndash; konstrukcja odporna na wibracje, py&#322; i warunki przemys&#322;owe.<\/p>\n<\/li>\n<li data-start=\"3729\" data-end=\"3828\">\n<p data-start=\"3731\" data-end=\"3828\"><strong data-start=\"3731\" data-end=\"3772\">Ch&#322;odnie i zamra&#380;arki<\/strong> &ndash; Rugged konstrukcja obs&#322;uguje rozszerzone zakresy temperatur.<\/p>\n<\/li>\n<li data-start=\"3829\" data-end=\"3930\">\n<p data-start=\"3831\" data-end=\"3930\"><strong data-start=\"3831\" data-end=\"3862\">Us&#322;ugi terenowe i logistyka<\/strong> &ndash; &#321;&#261;czno&#347;&#263; bezprzewodowa i d&#322;ugi czas pracy baterii dla pracownik&oacute;w mobilnych.<\/p>\n<\/li>\n<li data-start=\"3931\" data-end=\"4016\">\n<p data-start=\"3933\" data-end=\"4016\"><strong data-start=\"3933\" data-end=\"3963\">Operacje na zapleczu sklepu<\/strong> &ndash; wydajne skanowanie kod&oacute;w kreskowych i zarz&#261;dzanie zapasami.<\/p>\n<\/li>\n<\/ul><h2 data-start=\"4018\" data-end=\"4071\">Por&oacute;wnanie produkt&oacute;w: Alternatywy dla Honeywell CK65<\/h2><p data-start=\"4073\" data-end=\"4177\">Dla przedsi&#281;biorstw poszukuj&#261;cych wytrzyma&#322;ych urz&#261;dze&#324; przeno&#347;nych, inne istotne produkty dost&#281;pne w Micro Nordic obejmuj&#261;:<\/p><ul data-start=\"4179\" data-end=\"4552\">\n<li data-start=\"4179\" data-end=\"4302\">\n<p data-start=\"4181\" data-end=\"4302\"><a href=\"https:\/\/micronordic.com\/product\/zebra-tc58-handheld-mobile-computer\/\"><strong data-start=\"4181\" data-end=\"4218\">Zebra TC58 Handheld Mobile Computer o wzmocnionej konstrukcji<\/strong><\/a> &ndash; Komputer r&#281;czny nowej generacji z systemem Android i &#322;&#261;czno&#347;ci&#261; 5G do zaawansowanych proces&oacute;w roboczych.<\/p>\n<\/li>\n<li data-start=\"4303\" data-end=\"4434\">\n<p data-start=\"4305\" data-end=\"4434\"><a href=\"https:\/\/micronordic.com\/product\/honeywell-dolphin-ct40-mobile-handheld-computer\/\"><strong>Honeywell Dolphin CT40<\/strong><\/a> &ndash; Wszechstronny rugged handheld z obs&#322;ug&#261; systemu Android i zaawansowanymi zabezpieczeniami dla mobilno&#347;ci w przedsi&#281;biorstwie.<\/p>\n<\/li>\n<li data-start=\"4435\" data-end=\"4552\">\n<p data-start=\"4437\" data-end=\"4552\"><a href=\"https:\/\/micronordic.com\/product\/zebra-mc9300-mobile-handheld-computer-refurbished\/\"><strong data-start=\"4437\" data-end=\"4478\">Wzmocniony komputer mobilny Zebra MC9300 Handheld Mobile Computer<\/strong> <\/a>&ndash; Wi&#281;ksze, ultrawytrzyma&#322;e urz&#261;dzenie przeznaczone do intensywnych zastosowa&#324; przemys&#322;owych.<\/p>\n<\/li>\n<\/ul>\n","protected":false},"excerpt":{"rendered":"<p>WYBIERZ WARIANT PONI\u017bEJ! Zadzwo\u0144 do nas, je\u015bli potrzebujesz pomocy w znalezieniu odpowiedniego wariantu produktu.<\/p>\n<h3>Specyfikacje:<\/h3>\n<ul>\n<li><strong>Wy\u015bwietlacz:<\/strong> 4\u2033 WVGA (480\u00d7800), czytelny w \u015bwietle s\u0142onecznym, dotykowy w r\u0119kawiczkach<\/li>\n<li><strong>Procesor:<\/strong> O\u015bmiordzeniowy Qualcomm\u00ae SD660, 2,2 GHz<\/li>\n<li><strong>Grafika:<\/strong> Zintegrowany procesor graficzny Adreno\u2122 512<\/li>\n<li><strong>Pami\u0119\u0107:<\/strong> 3 GB \/ 4 GB RAM<\/li>\n<li><strong>Pami\u0119\u0107 masowa:<\/strong> 32 GB \/ 64 GB flash, microSD do 512 GB<\/li>\n<li><strong>\u0141\u0105czno\u015b\u0107:<\/strong> Wi-Fi 802.11 a\/b\/g\/n\/ac, Bluetooth 5.0, opcjonalnie 4G LTE<\/li>\n<li><strong>Certyfikaty rugged:<\/strong> MIL-STD-810G, IP65 &amp; IP68, odporno\u015b\u0107 na upadek z wysoko\u015bci 3 m, 3000 upadk\u00f3w<\/li>\n<li><strong>Opcje skanowania:<\/strong> N6703, N6803FR, EX20 imagery 1D\/2D<\/li>\n<li><strong>Bateria:<\/strong> 7000 mAh Li-Ion, czas pracy do 28 godzin<\/li>\n<li><strong>Wymiary i waga:<\/strong> 22,2 \u00d7 8,3 \u00d7 4,2 cm, ok. 584 g<\/li>\n<li><strong><strong><strong>Gwarancja: <\/strong><\/strong><\/strong>Dost\u0119pne jako EX-DEMO z 12-miesi\u0119czn\u0105 gwarancj\u0105 lub NEW IN BOX z 2-letni\u0105 gwarancj\u0105.<\/li>\n<\/ul>\n<p><strong>Wybierz odpowiedni model poni\u017cej przed dodaniem go do koszyka<\/strong><\/p>\n","protected":false},"author":24,"featured_media":100568,"template":"","meta":{"_acf_changed":false,"inline_featured_image":false},"product-condition":[5279],"product_brand":[8970],"product_cat":[5196,5200,5198],"product_tag":[],"class_list":{"0":"post-46220","1":"product","2":"type-product","3":"status-publish","4":"has-post-thumbnail","6":"product-condition-ex-demo","7":"product_brand-honeywell-intermec","8":"product_cat-honeywell-intermec","9":"product_cat-all-barcode-scanners","10":"product_cat-refurbished-rugged-hardware","11":"pa_model-part-number-ck65-l0n-amn210e","12":"pa_model-part-number-ck65-l0n-asn210e","13":"pa_model-part-number-ck65-l0n-b8c214e","14":"pa_model-part-number-ck65-l0n-bsc210e","15":"pa_model-part-number-ck65-l0n-cmn210e","16":"pa_model-part-number-ck65-l0n-dmc210e","17":"pa_model-part-number-ck65-l0n-e8c214e","19":"first","20":"instock","21":"taxable","22":"shipping-taxable","23":"purchasable","24":"product-type-variable","25":"has-default-attributes"},"acf":[],"_links":{"self":[{"href":"https:\/\/micronordic.com\/pl\/wp-json\/wp\/v2\/product\/46220","targetHints":{"allow":["GET"]}}],"collection":[{"href":"https:\/\/micronordic.com\/pl\/wp-json\/wp\/v2\/product"}],"about":[{"href":"https:\/\/micronordic.com\/pl\/wp-json\/wp\/v2\/types\/product"}],"author":[{"embeddable":true,"href":"https:\/\/micronordic.com\/pl\/wp-json\/wp\/v2\/users\/24"}],"version-history":[{"count":5,"href":"https:\/\/micronordic.com\/pl\/wp-json\/wp\/v2\/product\/46220\/revisions"}],"predecessor-version":[{"id":98781,"href":"https:\/\/micronordic.com\/pl\/wp-json\/wp\/v2\/product\/46220\/revisions\/98781"}],"wp:featuredmedia":[{"embeddable":true,"href":"https:\/\/micronordic.com\/pl\/wp-json\/wp\/v2\/media\/100568"}],"wp:attachment":[{"href":"https:\/\/micronordic.com\/pl\/wp-json\/wp\/v2\/media?parent=46220"}],"wp:term":[{"taxonomy":"product-condition","embeddable":true,"href":"https:\/\/micronordic.com\/pl\/wp-json\/wp\/v2\/product-condition?post=46220"},{"taxonomy":"product_brand","embeddable":true,"href":"https:\/\/micronordic.com\/pl\/wp-json\/wp\/v2\/product_brand?post=46220"},{"taxonomy":"product_cat","embeddable":true,"href":"https:\/\/micronordic.com\/pl\/wp-json\/wp\/v2\/product_cat?post=46220"},{"taxonomy":"product_tag","embeddable":true,"href":"https:\/\/micronordic.com\/pl\/wp-json\/wp\/v2\/product_tag?post=46220"}],"curies":[{"name":"wp","href":"https:\/\/api.w.org\/{rel}","templated":true}]}}