{"id":46218,"date":"2023-02-03T10:28:50","date_gmt":"2023-02-03T09:28:50","guid":{"rendered":"https:\/\/micronordic.com\/product\/zebra-tc720l-wytrzymaly-komputer-dotykowy-odnowiony\/"},"modified":"2025-11-20T18:13:45","modified_gmt":"2025-11-20T17:13:45","slug":"zebra-tc720l-rugged-touch-computer-refurbished","status":"publish","type":"product","link":"https:\/\/micronordic.com\/pl\/product\/zebra-tc720l-rugged-touch-computer-refurbished\/","title":{"rendered":"Zebra TC72 Handheld Mobile Computer (EX-DEMO)"},"content":{"rendered":"<?xml encoding=\"utf-8\" ?><h2 data-start=\"267\" data-end=\"314\">Zebra TC72 Handheld Mobile Computer o wzmocnionej konstrukcji<\/h2><p data-start=\"316\" data-end=\"769\"><strong data-start=\"320\" data-end=\"366\">Wzmocniony komputer mobilny Zebra TC72 Handheld Mobile<\/strong> Computer jest przeznaczony dla przedsi&#281;biorstw, kt&oacute;re potrzebuj&#261; wydajnego, niezawodnego i ultrawytrzyma&#322;ego urz&#261;dzenia mobilnego do pracy na pierwszej linii. Jako urz&#261;dzenie towarzysz&#261;ce TC77 tylko w wersji Wi-Fi, TC72 oferuje wyj&#261;tkow&#261; wydajno&#347;&#263;, zaawansowane funkcje skanowania i zabezpieczenia klasy korporacyjnej. Urz&#261;dzenie jest dost&#281;pne w Micro Nordic zar&oacute;wno w wersji <strong data-start=\"656\" data-end=\"673\">EX-DEMO<\/strong>, jak i <strong data-start=\"678\" data-end=\"692\">NEW IN BOX<\/strong>, zapewniaj&#261;c organizacjom elastyczno&#347;&#263; w zakresie r&oacute;wnowa&#380;enia koszt&oacute;w i wydajno&#347;ci.<\/p><p data-start=\"316\" data-end=\"769\">Urz&#261;dzenia EX-DEMO s&#261; obj&#281;te <strong data-start=\"24\" data-end=\"44\">12-miesi&#281;czn&#261; gwarancj&#261;<\/strong>, podczas gdy <strong data-start=\"52\" data-end=\"83\">fabrycznie nowe skanery rugged<\/strong> s&#261; dostarczane ze <strong data-start=\"104\" data-end=\"132\">standardow&#261; 2-letni&#261; gwarancj&#261;<\/strong> zapewniaj&#261;c&#261; niezawodny spok&oacute;j ducha.<\/p><article class=\"text-token-text-primary w-full focus:outline-none [--shadow-height:45px] has-data-writing-block:pointer-events-none has-data-writing-block:-mt-(--shadow-height) has-data-writing-block:pt-(--shadow-height) [&amp;:has([data-writing-block])&gt;*]:pointer-events-auto [content-visibility:auto] supports-[content-visibility:auto]:[contain-intrinsic-size:auto_100lvh] scroll-mt-[calc(var(--header-height)+min(200px,max(70px,20svh)))]\" dir=\"auto\" tabindex=\"-1\" data-turn-id=\"f528b850-6584-4b34-aac1-df93fd9290ef\" data-testid=\"conversation-turn-48\" data-scroll-anchor=\"false\" data-turn=\"assistant\">\n<div class=\"text-base my-auto mx-auto [--thread-content-margin:--spacing(4)] thread-sm:[--thread-content-margin:--spacing(6)] thread-lg:[--thread-content-margin:--spacing(16)] px-(--thread-content-margin)\">\n<div class=\"[--thread-content-max-width:40rem] thread-lg:[--thread-content-max-width:48rem] mx-auto max-w-(--thread-content-max-width) flex-1 group\/turn-messages focus-visible:outline-hidden relative flex w-full min-w-0 flex-col agent-turn\" tabindex=\"-1\">\n<div class=\"z-0 flex min-h-[46px] justify-start\">Dzi&#281;ki jasnemu wy&#347;wietlaczowi HD 4,7&Prime;, o&#347;miordzeniowemu procesorowi Qualcomm Snapdragon&trade; i obs&#322;udze systemu Android klasy korporacyjnej, TC72 jest zaufanym wyborem dla bran&#380; wymagaj&#261;cych nieprzerwanej &#322;&#261;czno&#347;ci, niezawodno&#347;ci rugged i d&#322;ugiego cyklu &#380;ycia.<\/div>\n<\/div>\n<\/div>\n<\/article><h2 data-start=\"1019\" data-end=\"1054\">Kluczowe cechy Zebra TC72<\/h2><ul data-start=\"1056\" data-end=\"1968\">\n<li data-start=\"1056\" data-end=\"1165\">\n<p data-start=\"1058\" data-end=\"1165\"><strong data-start=\"1058\" data-end=\"1075\">Wytrzyma&#322;a konstrukcja<\/strong> &ndash; certyfikat MIL-STD-810G, stopie&#324; ochrony IP65\/IP67, odporno&#347;&#263; na upadki z wysoko&#347;ci do 2,4 m dzi&#281;ki wytrzyma&#322;ej obudowie.<\/p>\n<\/li>\n<li data-start=\"1166\" data-end=\"1269\">\n<p data-start=\"1168\" data-end=\"1269\"><strong data-start=\"1168\" data-end=\"1179\">Wy&#347;wietlacz<\/strong> &ndash; ekran dotykowy 4,7&Prime; HD (1280&times;720), czytelny w &#347;wietle s&#322;onecznym, dzia&#322;a w r&#281;kawiczkach i mokrymi palcami.<\/p>\n<\/li>\n<li data-start=\"1270\" data-end=\"1334\">\n<p data-start=\"1272\" data-end=\"1334\"><strong data-start=\"1272\" data-end=\"1285\">Procesor<\/strong> &ndash; o&#347;miordzeniowy Qualcomm Snapdragon&trade; 660, 2,2 GHz.<\/p>\n<\/li>\n<li data-start=\"1335\" data-end=\"1438\">\n<p data-start=\"1337\" data-end=\"1438\"><strong data-start=\"1337\" data-end=\"1357\">System operacyjny<\/strong> &ndash; Android 8.1 Oreo z mo&#380;liwo&#347;ci&#261; aktualizacji do Androida 11 z obs&#322;ug&#261; LifeGuard&trade; firmy Zebra.<\/p>\n<\/li>\n<li data-start=\"1439\" data-end=\"1465\">\n<p data-start=\"1441\" data-end=\"1465\"><strong data-start=\"1441\" data-end=\"1451\">Pami&#281;&#263;<\/strong> &ndash; 4 GB RAM.<\/p>\n<\/li>\n<li data-start=\"1466\" data-end=\"1537\">\n<p data-start=\"1468\" data-end=\"1537\"><strong data-start=\"1468\" data-end=\"1479\">Pami&#281;&#263;<\/strong> &ndash; 32 GB wewn&#281;trzna, z mo&#380;liwo&#347;ci&#261; rozszerzenia za pomoc&#261; karty microSD do 256 GB.<\/p>\n<\/li>\n<li data-start=\"1538\" data-end=\"1605\">\n<p data-start=\"1540\" data-end=\"1605\"><strong data-start=\"1540\" data-end=\"1552\">Skanowanie<\/strong> &ndash; skaner SE4750 lub SE4770 1D\/2D klasy korporacyjnej.<\/p>\n<\/li>\n<li data-start=\"1606\" data-end=\"1693\">\n<p data-start=\"1608\" data-end=\"1693\"><strong data-start=\"1608\" data-end=\"1624\">&#321;&#261;czno&#347;&#263;<\/strong> &ndash; Wi-Fi 802.11 a\/b\/g\/n\/ac\/r\/k\/v, Bluetooth 5.0, GPS (oparty na Wi-Fi).<\/p>\n<\/li>\n<li data-start=\"1694\" data-end=\"1759\">\n<p data-start=\"1696\" data-end=\"1759\"><strong data-start=\"1696\" data-end=\"1707\">Bateria<\/strong> &ndash; 4620 mAh PowerPrecision+ Li-Ion, z mo&#380;liwo&#347;ci&#261; wymiany podczas pracy.<\/p>\n<\/li>\n<li data-start=\"1760\" data-end=\"1859\">\n<p data-start=\"1762\" data-end=\"1859\"><strong data-start=\"1762\" data-end=\"1774\">Bezpiecze&#324;stwo<\/strong> &ndash; narz&#281;dzia Mobility DNA firmy Zebra, zabezpieczenia korporacyjne dla systemu Android, LifeGuard&trade; dla systemu Android.<\/p>\n<\/li>\n<li data-start=\"1860\" data-end=\"1968\">\n<p data-start=\"1862\" data-end=\"1968\"><strong data-start=\"1862\" data-end=\"1878\">Dost&#281;pno&#347;&#263;<\/strong> &ndash; Oferowane jako <strong data-start=\"1892\" data-end=\"1903\">EX-DEMO<\/strong> (lekko u&#380;ywane jednostki demonstracyjne) i <strong data-start=\"1934\" data-end=\"1948\">NEW IN BOX<\/strong> (fabrycznie zapiecz&#281;towane).<\/p>\n<\/li>\n<\/ul><h2 data-start=\"1970\" data-end=\"2005\">Kluczowe zalety urz&#261;dzenia Zebra TC72<\/h2><h3 data-start=\"2007\" data-end=\"2050\">Rugged Performance bez kompromis&oacute;w<\/h3><p data-start=\"2051\" data-end=\"2365\">TC72 zosta&#322; skonstruowany z my&#347;l&#261; o pracy w najtrudniejszych warunkach. Dzi&#281;ki stopniowi ochrony IP67\/IP65 i testom MIL-STD-810G jest odporny na upadki, kurz, ekstremalne temperatury i zanurzenie w wodzie. Dzi&#281;ki temu zespo&#322;y pierwszej linii mog&#261; polega&#263; na TC72 w magazynach, na zapleczach sklep&oacute;w detalicznych lub w zak&#322;adach produkcyjnych bez obawy o przestoje.<\/p><h3 data-start=\"2367\" data-end=\"2398\">Wy&#347;wietlacz czytelny w &#347;wietle s&#322;onecznym<\/h3><p data-start=\"2399\" data-end=\"2662\">Ekran dotykowy HD o przek&#261;tnej 4,7&Prime; jest przystosowany do pracy w ka&#380;dych warunkach o&#347;wietleniowych. Dzi&#281;ki ochronie Corning&reg; Gorilla&reg; Glass jest odporny na zarysowania i uderzenia, a jednocze&#347;nie reaguje na dotyk w r&#281;kawiczkach i na mokro. Zapewnia to dobr&#261; widoczno&#347;&#263; i niezawodne u&#380;ytkowanie zar&oacute;wno w pomieszczeniach, jak i na zewn&#261;trz.<\/p><h3 data-start=\"2664\" data-end=\"2695\">Skanowanie klasy korporacyjnej<\/h3><p data-start=\"2696\" data-end=\"2957\">Wyposa&#380;ony w skaner Zebra SE4750 lub SE4770, TC72 rejestruje kody kreskowe 1D i 2D z szybko&#347;ci&#261; i dok&#322;adno&#347;ci&#261;. Od uszkodzonych etykiet po &#378;le wydrukowane kody kreskowe &ndash; TC72 zapewnia p&#322;ynne skanowanie, redukuj&#261;c b&#322;&#281;dy i zwi&#281;kszaj&#261;c produktywno&#347;&#263; pracownik&oacute;w.<\/p><h3 data-start=\"2959\" data-end=\"2987\">Moc na ca&#322;&#261; zmian&#281;<\/h3><p data-start=\"2988\" data-end=\"3215\">Bateria PowerPrecision+ o pojemno&#347;ci 4620 mAh obs&#322;uguje d&#322;ugie zmiany robocze, a funkcja hot-swap zapewnia nieprzerwany przep&#322;yw pracy. Oznacza to, &#380;e pracownicy mog&#261; wymienia&#263; baterie bez wy&#322;&#261;czania zasilania, maksymalizuj&#261;c czas pracy w krytycznych operacjach.<\/p><h3 data-start=\"3217\" data-end=\"3261\">Bezpiecze&#324;stwo i wsparcie cyklu &#380;ycia systemu Android<\/h3><p data-start=\"3262\" data-end=\"3521\">Dzi&#281;ki systemowi Android 8.1 z mo&#380;liwo&#347;ci&#261; aktualizacji do wersji Android 11, TC72 jest cz&#281;&#347;ci&#261; programu LifeGuard&trade; firmy Zebra, kt&oacute;ry zapewnia d&#322;ugoterminowe aktualizacje zabezpiecze&#324; systemu operacyjnego. Dzi&#281;ki temu urz&#261;dzenia klasy korporacyjnej pozostaj&#261; bezpieczne i zgodne z przepisami, chroni&#261;c poufne dane i wyd&#322;u&#380;aj&#261;c cykl &#380;ycia produktu.<\/p><h3 data-start=\"3523\" data-end=\"3557\">Elastyczne opcje pozyskiwania<\/h3><p data-start=\"3558\" data-end=\"3836\">Organizacje mog&#261; wybiera&#263; mi&#281;dzy <strong data-start=\"3591\" data-end=\"3608\">urz&#261;dzeniami EX-DEMO<\/strong>, kt&oacute;re oferuj&#261; oszcz&#281;dno&#347;&#263; koszt&oacute;w dzi&#281;ki lekkiemu obchodzeniu si&#281; ze sprz&#281;tem demonstracyjnym, a urz&#261;dzeniami <strong data-start=\"3674\" data-end=\"3688\">NEW IN BOX<\/strong> dla przedsi&#281;biorstw, kt&oacute;re preferuj&#261; zupe&#322;nie nowe, fabrycznie zapiecz&#281;towane systemy. Obie opcje s&#261; wspierane przez niezawodno&#347;&#263; firmy Zebra i wsparcie Micro Nordic.<\/p><h3 data-start=\"3838\" data-end=\"3871\">Bezproblemowa &#322;&#261;czno&#347;&#263; Wi-Fi<\/h3><p data-start=\"3872\" data-end=\"4145\">Jako urz&#261;dzenie dzia&#322;aj&#261;ce wy&#322;&#261;cznie w sieci Wi-Fi, TC72 jest zoptymalizowany pod k&#261;tem &#347;rodowisk, w kt&oacute;rych priorytetem s&#261; wewn&#281;trzne sieci bezprzewodowe. Dzi&#281;ki obs&#322;udze szybkiego roamingu i zaawansowanych protoko&#322;&oacute;w zapewnia nieprzerwany przep&#322;yw danych w du&#380;ych obiektach, takich jak magazyny, sklepy detaliczne i szpitale.<\/p><h2 data-start=\"4147\" data-end=\"4182\">Idealne zastosowania dla Zebra TC72<\/h2><ul data-start=\"4184\" data-end=\"4766\">\n<li data-start=\"4184\" data-end=\"4302\">\n<p data-start=\"4186\" data-end=\"4302\"><strong data-start=\"4186\" data-end=\"4212\">Handel detaliczny i hotelarstwo<\/strong> &ndash; mobilne punkty sprzeda&#380;y, kontrole zapas&oacute;w i wsparcie obs&#322;ugi klienta w sklepach i restauracjach.<\/p>\n<\/li>\n<li data-start=\"4303\" data-end=\"4427\">\n<p data-start=\"4305\" data-end=\"4427\"><strong data-start=\"4305\" data-end=\"4334\">Magazynowanie i logistyka<\/strong> &ndash; niezawodne skanowanie kod&oacute;w kreskowych i &#322;&#261;czno&#347;&#263; Wi-Fi do zarz&#261;dzania zapasami i kompletacji zam&oacute;wie&#324;.<\/p>\n<\/li>\n<li data-start=\"4428\" data-end=\"4526\">\n<p data-start=\"4430\" data-end=\"4526\"><strong data-start=\"4430\" data-end=\"4447\">Produkcja<\/strong> &ndash; Trwa&#322;e projektowanie i skanowanie w przedsi&#281;biorstwie dla linii monta&#380;owych i hal produkcyjnych.<\/p>\n<\/li>\n<li data-start=\"4527\" data-end=\"4633\">\n<p data-start=\"4529\" data-end=\"4633\"><strong data-start=\"4529\" data-end=\"4543\">Opieka zdrowotna<\/strong> &ndash; mobilno&#347;&#263; Rugged i bezpieczne &#347;rodowisko Android do opieki nad pacjentem i zarz&#261;dzania zasobami.<\/p>\n<\/li>\n<li data-start=\"4634\" data-end=\"4766\">\n<p data-start=\"4636\" data-end=\"4766\"><strong data-start=\"4636\" data-end=\"4667\">Us&#322;uga terenowa (Wi-Fi-first)<\/strong> &ndash; odpowiednia dla przep&#322;yw&oacute;w pracy, w kt&oacute;rych zespo&#322;y pracuj&#261; g&#322;&oacute;wnie w sieciach Wi-Fi z ograniczonym zapotrzebowaniem na 4G\/5G.<\/p>\n<\/li>\n<\/ul><h2 data-start=\"4768\" data-end=\"4817\">Por&oacute;wnanie produkt&oacute;w: Alternatywy dla Zebra TC72<\/h2><p data-start=\"4819\" data-end=\"4925\">Dla organizacji por&oacute;wnuj&#261;cych urz&#261;dzenia przeno&#347;ne typu rugged, inne istotne produkty dost&#281;pne w Micro Nordic obejmuj&#261;:<\/p><ul data-start=\"4927\" data-end=\"5383\">\n<li data-start=\"4927\" data-end=\"5069\">\n<p data-start=\"4929\" data-end=\"5069\"><a href=\"https:\/\/micronordic.com\/product\/zebra-tc77-mobile-handheld-computer-refurbished\/\"><strong data-start=\"4929\" data-end=\"4975\">Zebra TC77 Handheld Mobile Computer<\/strong><\/a> &ndash; Wariant TC72 z obs&#322;ug&#261; sieci kom&oacute;rkowej, oferuj&#261;cy pe&#322;n&#261; mobilno&#347;&#263; 4G\/WWAN obok Wi-Fi.<\/p>\n<\/li>\n<li data-start=\"5070\" data-end=\"5208\">\n<p data-start=\"5072\" data-end=\"5208\"><a href=\"https:\/\/micronordic.com\/product\/zebra-tc58-handheld-mobile-computer\/\"><strong data-start=\"5072\" data-end=\"5109\">Zebra TC58 Handheld Mobile Computer<\/strong> <\/a>&ndash; Model nowej generacji z &#322;&#261;czno&#347;ci&#261; 5G, zaawansowanym skanowaniem i wydajniejszym przetwarzaniem.<\/p>\n<\/li>\n<li data-start=\"5209\" data-end=\"5383\">\n<p data-start=\"5211\" data-end=\"5383\"><a href=\"https:\/\/micronordic.com\/product\/honeywell-ct40xp-mobile-handheld-computer-refurbished\/\"><strong data-start=\"5211\" data-end=\"5254\">Handheld Mobile Computer Honeywell CT40<\/strong> <\/a>&ndash; Wszechstronny komputer mobilny typu rugged, kt&oacute;ry r&oacute;wnowa&#380;y przeno&#347;no&#347;&#263; z wydajno&#347;ci&#261; korporacyjn&#261;, dost&#281;pny zar&oacute;wno jako nowy, jak i EX-DEMO.<\/p>\n<\/li>\n<\/ul>\n","protected":false},"excerpt":{"rendered":"<p>WYBIERZ WARIANT PONI\u017bEJ! Zadzwo\u0144 do nas, je\u015bli potrzebujesz pomocy w znalezieniu odpowiedniego wariantu produktu.<\/p>\n<h3>Specyfikacje:<\/h3>\n<ul>\n<li><strong>Wy\u015bwietlacz:<\/strong> 4,7\u2033 HD (1280\u00d7720), czytelny w \u015bwietle s\u0142onecznym, dzia\u0142a w r\u0119kawiczkach i z mokrymi palcami<\/li>\n<li><strong>Procesor:<\/strong> O\u015bmiordzeniowy Qualcomm Snapdragon\u2122 660, 2,2 GHz<\/li>\n<li><strong>Grafika:<\/strong> Zintegrowany procesor graficzny Adreno\u2122 512<\/li>\n<li><strong>Pami\u0119\u0107:<\/strong> 4 GB RAM<\/li>\n<li><strong>Pami\u0119\u0107 masowa:<\/strong> 32 GB wewn\u0119trznej, z mo\u017cliwo\u015bci\u0105 rozszerzenia przez microSD do 256 GB<\/li>\n<li><strong>\u0141\u0105czno\u015b\u0107:<\/strong> Wi-Fi 802.11 a\/b\/g\/n\/ac\/r\/k\/v, Bluetooth 5.0<\/li>\n<li><strong>Certyfikaty rugged:<\/strong> MIL-STD-810G, IP65\/IP67, odporno\u015b\u0107 na upadek z wysoko\u015bci 2,4 m z baga\u017cnikiem<\/li>\n<li><strong>Skanowanie:<\/strong> Skaner SE4750 lub SE4770 1D\/2D klasy korporacyjnej<\/li>\n<li><strong>Bateria:<\/strong> 4620 mAh Li-Ion, z mo\u017cliwo\u015bci\u0105 wymiany podczas pracy<\/li>\n<li><strong>Wymiary i waga:<\/strong> 155 \u00d7 75,5 \u00d7 18,6 mm, ok. 260 g<\/li>\n<li><strong>Gwarancja: <\/strong>Dost\u0119pne jako EX-DEMO (12-miesi\u0119czna gwarancja) lub NEW IN BOX (2-letnia gwarancja).<\/li>\n<\/ul>\n<p><strong>Wybierz odpowiedni model poni\u017cej przed dodaniem go do koszyka<\/strong><\/p>\n","protected":false},"author":24,"featured_media":44227,"template":"","meta":{"_acf_changed":false,"inline_featured_image":false},"product-condition":[5279],"product_brand":[9016],"product_cat":[5195,5200,5198],"product_tag":[3891,3969,3943,3904,3956,3917,3930],"class_list":{"0":"post-46218","1":"product","2":"type-product","3":"status-publish","4":"has-post-thumbnail","6":"product-condition-ex-demo","7":"product_brand-zebra","8":"product_cat-zebra","9":"product_cat-all-barcode-scanners","10":"product_cat-refurbished-rugged-hardware","11":"product_tag-tc720l-0me24b0-a6-pl","12":"product_tag-tc720l-0me24b0-ea-pl","13":"product_tag-tc720l-0me24b0-tn-pl","14":"product_tag-tc720l-0mj24b0-a6-pl","15":"product_tag-tc720l-0mk24b0-a6-pl","16":"product_tag-tc720l-0ml24b0-a6-pl","17":"product_tag-tc720l-1me24b0-a6-pl","18":"pa_model-part-number-tc720l-0me24b0-a6","19":"pa_model-part-number-tc720l-0me24b0-ea","20":"pa_model-part-number-tc720l-0mj24b0-a6","21":"pa_model-part-number-tc720l-0mk24b0-a6","22":"pa_model-part-number-tc720l-0ml24b0-a6","23":"pa_model-part-number-tc720l-1me24b0-a6","25":"first","26":"instock","27":"taxable","28":"shipping-taxable","29":"purchasable","30":"product-type-variable"},"acf":[],"_links":{"self":[{"href":"https:\/\/micronordic.com\/pl\/wp-json\/wp\/v2\/product\/46218","targetHints":{"allow":["GET"]}}],"collection":[{"href":"https:\/\/micronordic.com\/pl\/wp-json\/wp\/v2\/product"}],"about":[{"href":"https:\/\/micronordic.com\/pl\/wp-json\/wp\/v2\/types\/product"}],"author":[{"embeddable":true,"href":"https:\/\/micronordic.com\/pl\/wp-json\/wp\/v2\/users\/24"}],"version-history":[{"count":4,"href":"https:\/\/micronordic.com\/pl\/wp-json\/wp\/v2\/product\/46218\/revisions"}],"predecessor-version":[{"id":98772,"href":"https:\/\/micronordic.com\/pl\/wp-json\/wp\/v2\/product\/46218\/revisions\/98772"}],"wp:featuredmedia":[{"embeddable":true,"href":"https:\/\/micronordic.com\/pl\/wp-json\/wp\/v2\/media\/44227"}],"wp:attachment":[{"href":"https:\/\/micronordic.com\/pl\/wp-json\/wp\/v2\/media?parent=46218"}],"wp:term":[{"taxonomy":"product-condition","embeddable":true,"href":"https:\/\/micronordic.com\/pl\/wp-json\/wp\/v2\/product-condition?post=46218"},{"taxonomy":"product_brand","embeddable":true,"href":"https:\/\/micronordic.com\/pl\/wp-json\/wp\/v2\/product_brand?post=46218"},{"taxonomy":"product_cat","embeddable":true,"href":"https:\/\/micronordic.com\/pl\/wp-json\/wp\/v2\/product_cat?post=46218"},{"taxonomy":"product_tag","embeddable":true,"href":"https:\/\/micronordic.com\/pl\/wp-json\/wp\/v2\/product_tag?post=46218"}],"curies":[{"name":"wp","href":"https:\/\/api.w.org\/{rel}","templated":true}]}}