{"id":46216,"date":"2023-01-26T21:16:34","date_gmt":"2023-01-26T20:16:34","guid":{"rendered":"https:\/\/micronordic.com\/product\/zebra-mc9300-mobilny-komputer-reczny-odnowiony\/"},"modified":"2025-11-20T18:15:28","modified_gmt":"2025-11-20T17:15:28","slug":"zebra-mc9300-mobile-handheld-computer-refurbished","status":"publish","type":"product","link":"https:\/\/micronordic.com\/pl\/product\/zebra-mc9300-mobile-handheld-computer-refurbished\/","title":{"rendered":"Zebra MC9300 Handheld Mobile Computer (EX-DEMO)"},"content":{"rendered":"<?xml encoding=\"utf-8\" ?><h2 data-start=\"195\" data-end=\"237\">Zebra MC9300 Handheld Mobile Computer<\/h2><p data-start=\"239\" data-end=\"661\"><strong data-start=\"243\" data-end=\"284\">Handheld Mobile Computer Zebra MC9300 <\/strong> to jedno z najbardziej wydajnych i wytrzyma&#322;ych urz&#261;dze&#324; w ofercie firmy Zebra. Stworzony z my&#347;l&#261; o najtrudniejszych warunkach przemys&#322;owych, zapewnia wydajno&#347;&#263; nowej generacji, ultrawytrzyma&#322;o&#347;&#263; i skanowanie na najwy&#380;szym poziomie w bran&#380;y. Jako nast&#281;pca popularnego modelu <a href=\"https:\/\/micronordic.com\/product\/zebra-mc9200-mobile-handheld-computer-refurbished\/\">MC9200<\/a>, MC9300 jest <strong data-start=\"566\" data-end=\"595\">najlepszym urz&#261;dzeniem r&#281;cznym<\/strong> z systemem Android dla magazyn&oacute;w, zak&#322;ad&oacute;w produkcyjnych i operacji logistycznych.<\/p><p data-start=\"663\" data-end=\"924\">W Micro Nordic Zebra MC9300 jest dost&#281;pna <strong data-start=\"710\" data-end=\"735\">wy&#322;&#261;cznie w wersji EX-DEMO<\/strong>. Te lekko u&#380;ywane urz&#261;dzenia zapewniaj&#261; przedsi&#281;biorstwom mo&#380;liwo&#347;&#263; nabycia urz&#261;dze&#324; mobilnych klasy korporacyjnej rugged w bardziej op&#322;acalnej cenie, bez uszczerbku dla niezawodno&#347;ci. Urz&#261;dzenia EX-DEMO s&#261; obj&#281;te <strong>12-miesi&#281;czn&#261; gwarancj&#261;.<\/strong><\/p><h2 data-start=\"926\" data-end=\"963\">Kluczowe cechy urz&#261;dzenia Zebra MC9300<\/h2><ul data-start=\"965\" data-end=\"1939\">\n<li data-start=\"965\" data-end=\"1082\">\n<p data-start=\"967\" data-end=\"1082\"><strong data-start=\"967\" data-end=\"988\">Wytrzyma&#322;a konstrukcja<\/strong> &ndash; przetestowana zgodnie z norm&#261; MIL-STD-810G, z certyfikatami IP65 i IP67, odporna na upadki, wstrz&#261;sy, kurz i wod&#281;.<\/p>\n<\/li>\n<li data-start=\"1083\" data-end=\"1185\">\n<p data-start=\"1085\" data-end=\"1185\"><strong data-start=\"1085\" data-end=\"1096\">Wy&#347;wietlacz<\/strong> &ndash; 4,3-calowy ekran dotykowy WVGA z zaawansowan&#261; czytelno&#347;ci&#261; na zewn&#261;trz i obs&#322;ug&#261; dotyku w r&#281;kawiczkach \/ na mokro.<\/p>\n<\/li>\n<li data-start=\"1186\" data-end=\"1250\">\n<p data-start=\"1188\" data-end=\"1250\"><strong data-start=\"1188\" data-end=\"1201\">Procesor<\/strong> &ndash; o&#347;miordzeniowy Qualcomm Snapdragon&trade; 660, 2,2 GHz.<\/p>\n<\/li>\n<li data-start=\"1251\" data-end=\"1352\">\n<p data-start=\"1253\" data-end=\"1352\"><strong data-start=\"1253\" data-end=\"1273\">System operacyjny<\/strong> &ndash; Android 8.1 Oreo z mo&#380;liwo&#347;ci&#261; aktualizacji za pomoc&#261; oprogramowania LifeGuard&trade; firmy Zebra do obs&#322;ugi systemu Android.<\/p>\n<\/li>\n<li data-start=\"1353\" data-end=\"1379\">\n<p data-start=\"1355\" data-end=\"1379\"><strong data-start=\"1355\" data-end=\"1365\">Pami&#281;&#263;<\/strong> &ndash; 4 GB RAM.<\/p>\n<\/li>\n<li data-start=\"1380\" data-end=\"1450\">\n<p data-start=\"1382\" data-end=\"1450\"><strong data-start=\"1382\" data-end=\"1393\">Pami&#281;&#263;<\/strong> &ndash; 32 GB wewn&#281;trzna, z mo&#380;liwo&#347;ci&#261; rozszerzenia do 256 GB za pomoc&#261; microSD.<\/p>\n<\/li>\n<li data-start=\"1451\" data-end=\"1568\">\n<p data-start=\"1453\" data-end=\"1568\"><strong data-start=\"1453\" data-end=\"1465\">Skanowanie<\/strong> &ndash; laser 1D SE965, imagery SE4750 lub SE4850 o rozszerzonym zasi&#281;gu do kod&oacute;w kreskowych 1D\/2D, nawet z odleg&#322;o&#347;ci do 70 st&oacute;p.<\/p>\n<\/li>\n<li data-start=\"1569\" data-end=\"1653\">\n<p data-start=\"1571\" data-end=\"1653\"><strong data-start=\"1571\" data-end=\"1587\">&#321;&#261;czno&#347;&#263;<\/strong> &ndash; Wi-Fi 802.11 a\/b\/g\/n\/ac, Bluetooth 5.0, NFC i obs&#322;uga GPS.<\/p>\n<\/li>\n<li data-start=\"1654\" data-end=\"1755\">\n<p data-start=\"1656\" data-end=\"1755\"><strong data-start=\"1656\" data-end=\"1667\">Bateria<\/strong> &ndash; 7000 mAh PowerPrecision+ z obs&#322;ug&#261; hot-swap dla pe&#322;nej produktywno&#347;ci.<\/p>\n<\/li>\n<li data-start=\"1756\" data-end=\"1856\">\n<p data-start=\"1758\" data-end=\"1856\"><strong data-start=\"1758\" data-end=\"1773\">Forma<\/strong> &ndash; urz&#261;dzenie z klawiatur&#261; w stylu pistoletu z wieloma konfiguracjami klawiatury zapewniaj&#261;cymi elastyczno&#347;&#263;.<\/p>\n<\/li>\n<li data-start=\"1857\" data-end=\"1939\">\n<p data-start=\"1859\" data-end=\"1939\"><strong data-start=\"1859\" data-end=\"1875\">Dost&#281;pno&#347;&#263;<\/strong> &ndash; Dost&#281;pne wy&#322;&#261;cznie jako <strong data-start=\"1903\" data-end=\"1920\">jednostki EX-DEMO<\/strong> w Micro Nordic.<\/p>\n<\/li>\n<\/ul><h2 data-start=\"1941\" data-end=\"1978\">G&#322;&oacute;wne zalety urz&#261;dzenia Zebra MC9300<\/h2><h3 data-start=\"1980\" data-end=\"2028\">Ultra wytrzyma&#322;a konstrukcja do pracy w trudnych warunkach<\/h3><p data-start=\"2029\" data-end=\"2233\">MC9300 zosta&#322; skonstruowany z my&#347;l&#261; o najtrudniejszych zastosowaniach przemys&#322;owych. Jest odporny na upadki, ekstremalne temperatury, py&#322; i wod&#281;, dzi&#281;ki czemu jest jednym z najbardziej niezawodnych urz&#261;dze&#324; przeno&#347;nych dost&#281;pnych do pracy w trudnych warunkach.<\/p><h3 data-start=\"2235\" data-end=\"2266\">Doskona&#322;e skanowanie kod&oacute;w kreskowych<\/h3><p data-start=\"2267\" data-end=\"2524\">Opcjonalne imagery o rozszerzonym zasi&#281;gu sprawiaj&#261;, &#380;e MC9300 mo&#380;e rejestrowa&#263; kody kreskowe zar&oacute;wno z bliskiej odleg&#322;o&#347;ci, jak i z odleg&#322;o&#347;ci do 21 metr&oacute;w. Dzi&#281;ki temu idealnie nadaje si&#281; do magazyn&oacute;w i centr&oacute;w dystrybucyjnych, w kt&oacute;rych pracownicy musz&#261; skanowa&#263; z w&oacute;zk&oacute;w wid&#322;owych, p&oacute;&#322;ek lub palet.<\/p><h3 data-start=\"2526\" data-end=\"2559\">Platforma Android dla przedsi&#281;biorstw<\/h3><p data-start=\"2560\" data-end=\"2822\">MC9300 dzia&#322;a pod kontrol&#261; systemu Android z narz&#281;dziami Mobility DNA firmy Zebra, zapewniaj&#261;c p&#322;ynne dzia&#322;anie, d&#322;ugie wsparcie techniczne i ci&#261;g&#322;e aktualizacje zabezpiecze&#324; systemu operacyjnego dzi&#281;ki LifeGuard&trade; for Android. Zapewnia znajomo&#347;&#263; systemu Android oraz personalizacj&#281; i bezpiecze&#324;stwo na poziomie korporacyjnym.<\/p><h3 data-start=\"2824\" data-end=\"2856\">Zoptymalizowany pod k&#261;tem produktywno&#347;ci<\/h3><p data-start=\"2857\" data-end=\"3098\">Dzi&#281;ki du&#380;emu wy&#347;wietlaczowi o przek&#261;tnej 4,3 cala, konfigurowalnym klawiaturom i wymienianej podczas pracy baterii o du&#380;ej pojemno&#347;ci, MC9300 zosta&#322; zaprojektowany tak, aby zmaksymalizowa&#263; czas pracy i wydajno&#347;&#263; u&#380;ytkownika. Pracownicy mog&#261; pracowa&#263; na d&#322;ugich zmianach bez przestoj&oacute;w, nawet w trudnych warunkach.<\/p><h3 data-start=\"3100\" data-end=\"3141\">Ekonomiczna dost&#281;pno&#347;&#263; EX-DEMO<\/h3><p data-start=\"3142\" data-end=\"3455\">Micro Nordic oferuje MC9300 <strong data-start=\"3173\" data-end=\"3205\">wy&#322;&#261;cznie jako urz&#261;dzenia EX-DEMO<\/strong>. Urz&#261;dzenia te by&#322;y w niewielkim stopniu u&#380;ywane do cel&oacute;w demonstracyjnych, ale zachowuj&#261; pe&#322;n&#261; funkcjonalno&#347;&#263; korporacyjn&#261;. Dla firm jest to op&#322;acalny spos&oacute;b na wdro&#380;enie jednego z najbardziej zaawansowanych urz&#261;dze&#324; r&#281;cznych typu rugged firmy Zebra bez ponoszenia wysokich koszt&oacute;w zakupu nowych urz&#261;dze&#324;.<\/p><h2 data-start=\"3457\" data-end=\"3494\">Idealne zastosowania dla Zebra MC9300<\/h2><ul data-start=\"3496\" data-end=\"3974\">\n<li data-start=\"3496\" data-end=\"3626\">\n<p data-start=\"3498\" data-end=\"3626\"><strong data-start=\"3498\" data-end=\"3530\">Magazynowanie i dystrybucja<\/strong> &ndash; skanowanie o rozszerzonym zasi&#281;gu i wytrzyma&#322;a konstrukcja do zarz&#261;dzania zapasami, kompletacji i odbioru.<\/p>\n<\/li>\n<li data-start=\"3627\" data-end=\"3758\">\n<p data-start=\"3629\" data-end=\"3758\"><strong data-start=\"3629\" data-end=\"3646\">Produkcja<\/strong> &ndash; niezawodne dzia&#322;anie w wymagaj&#261;cych obiektach przemys&#322;owych, w tym w ch&#322;odniach i &#347;rodowiskach niebezpiecznych.<\/p>\n<\/li>\n<li data-start=\"3759\" data-end=\"3872\">\n<p data-start=\"3761\" data-end=\"3872\"><strong data-start=\"3761\" data-end=\"3793\">Transport i logistyka<\/strong> &ndash; Przechwytywanie danych w czasie rzeczywistym i mobilno&#347;&#263; rugged dla floty i operacji cargo.<\/p>\n<\/li>\n<li data-start=\"3873\" data-end=\"3974\">\n<p data-start=\"3875\" data-end=\"3974\"><strong data-start=\"3875\" data-end=\"3905\">Operacje na zapleczu sklep&oacute;w detalicznych<\/strong> &ndash; Obs&#322;uga zapas&oacute;w na du&#380;&#261; skal&#281; i logistyka magazyn-sklep.<\/p>\n<\/li>\n<\/ul><h2 data-start=\"3976\" data-end=\"4027\">Por&oacute;wnanie produkt&oacute;w: Alternatywy dla Zebra MC9300<\/h2><p data-start=\"4029\" data-end=\"4108\">Dla przedsi&#281;biorstw oceniaj&#261;cych opcje mobilno&#347;ci rugged, Micro Nordic oferuje r&oacute;wnie&#380;:<\/p><ul data-start=\"4110\" data-end=\"4537\">\n<li data-start=\"4110\" data-end=\"4237\">\n<p data-start=\"4112\" data-end=\"4237\"><a href=\"https:\/\/micronordic.com\/product\/zebra-mc9200-mobile-handheld-computer-refurbished\/\"><strong data-start=\"4112\" data-end=\"4142\">Zebra MC9200 Handheld Mobile Computer <\/strong><\/a> &ndash; Poprzednik modelu MC9300, wci&#261;&#380; popularny w starszych wersjach system&oacute;w Windows CE i Android.<\/p>\n<\/li>\n<li data-start=\"4238\" data-end=\"4384\">\n<p data-start=\"4240\" data-end=\"4384\"><a href=\"https:\/\/micronordic.com\/product\/zebra-tc77-mobile-handheld-computer-refurbished\/\"><strong data-start=\"4240\" data-end=\"4296\">Zebra TC77 Handheld Mobile Computer <\/strong><\/a>&ndash; Mniejszy, dotykowy komputer przeno&#347;ny typu rugged z obs&#322;ug&#261; sieci Wi-Fi i kom&oacute;rkowej.<\/p>\n<\/li>\n<li data-start=\"4385\" data-end=\"4537\">\n<p data-start=\"4387\" data-end=\"4537\"><a href=\"https:\/\/micronordic.com\/product\/honeywell-ct40xp-mobile-handheld-computer-refurbished\/\"><strong data-start=\"4387\" data-end=\"4430\">Handheld Mobile Computer Honeywell CT40 <\/strong> <\/a>&ndash; Lekka alternatywa, oferuj&#261;ca wytrzyma&#322;o&#347;&#263; klasy korporacyjnej dla handlu detalicznego, opieki zdrowotnej i logistyki.<\/p>\n<\/li>\n<\/ul>\n","protected":false},"excerpt":{"rendered":"<p>WYBIERZ WARIANT PONI\u017bEJ! Zadzwo\u0144 do nas, je\u015bli potrzebujesz pomocy w znalezieniu odpowiedniego wariantu produktu.<\/p>\n<h3>Specyfikacje:<\/h3>\n<ul>\n<li><strong>Wy\u015bwietlacz:<\/strong> 4,3\u2033 WVGA (800\u00d7480), czytelny na zewn\u0105trz, dzia\u0142a w r\u0119kawiczkach i przy dotyku na mokro<\/li>\n<li><strong>Procesor:<\/strong> O\u015bmiordzeniowy Qualcomm Snapdragon\u2122 660, 2,2 GHz<\/li>\n<li><strong>Grafika:<\/strong> Zintegrowany procesor graficzny Adreno\u2122 512<\/li>\n<li><strong>Pami\u0119\u0107:<\/strong> 4 GB RAM<\/li>\n<li><strong>Pami\u0119\u0107 masowa:<\/strong> 32 GB wewn\u0119trznej, z mo\u017cliwo\u015bci\u0105 rozszerzenia przez microSD do 256 GB<\/li>\n<li><strong>\u0141\u0105czno\u015b\u0107:<\/strong> Wi-Fi 802.11 a\/b\/g\/n\/ac, Bluetooth 5.0, NFC, GPS<\/li>\n<li><strong>Certyfikaty rugged:<\/strong> MIL-STD-810G, IP65\/IP67, odporno\u015b\u0107 na upadki<\/li>\n<li><strong>Skanowanie:<\/strong> Laser 1D SE965, imagery 1D\/2D SE4750\/SE4850 o rozszerzonym zasi\u0119gu<\/li>\n<li><strong>Bateria:<\/strong> 7000 mAh Li-Ion, wymienialna podczas pracy<\/li>\n<li><strong>Wymiary i waga:<\/strong> 231 \u00d7 88 \u00d7 189 mm, ok. 765 g<\/li>\n<li><strong>Gwarancja:<\/strong> Dost\u0119pne tylko jako jednostki EX-DEMO z 12-miesi\u0119czn\u0105 gwarancj\u0105<\/li>\n<\/ul>\n<p><strong>Wybierz odpowiedni model poni\u017cej przed dodaniem go do koszyka<\/strong><\/p>\n","protected":false},"author":24,"featured_media":100493,"template":"","meta":{"_acf_changed":false,"inline_featured_image":false},"product-condition":[5279],"product_brand":[9016],"product_cat":[5200,5198,5195],"product_tag":[],"class_list":{"0":"post-46216","1":"product","2":"type-product","3":"status-publish","4":"has-post-thumbnail","6":"product-condition-ex-demo","7":"product_brand-zebra","8":"product_cat-all-barcode-scanners","9":"product_cat-refurbished-rugged-hardware","10":"product_cat-zebra","11":"pa_model-part-number-mc930p-gshcg4rw","12":"pa_model-part-number-mc930p-gsjbg4rw","13":"pa_model-part-number-mc930p-gsjcg4rw","14":"pa_model-part-number-mc930p-gsjdg4rw","15":"pa_model-part-number-mc930p-gsjeg4rw","16":"pa_model-part-number-mc930p-gsjg4rw","17":"pa_model-part-number-mc930p-gsjhg4rw","19":"first","20":"instock","21":"taxable","22":"shipping-taxable","23":"purchasable","24":"product-type-variable","25":"has-default-attributes"},"acf":[],"_links":{"self":[{"href":"https:\/\/micronordic.com\/pl\/wp-json\/wp\/v2\/product\/46216","targetHints":{"allow":["GET"]}}],"collection":[{"href":"https:\/\/micronordic.com\/pl\/wp-json\/wp\/v2\/product"}],"about":[{"href":"https:\/\/micronordic.com\/pl\/wp-json\/wp\/v2\/types\/product"}],"author":[{"embeddable":true,"href":"https:\/\/micronordic.com\/pl\/wp-json\/wp\/v2\/users\/24"}],"version-history":[{"count":4,"href":"https:\/\/micronordic.com\/pl\/wp-json\/wp\/v2\/product\/46216\/revisions"}],"predecessor-version":[{"id":98778,"href":"https:\/\/micronordic.com\/pl\/wp-json\/wp\/v2\/product\/46216\/revisions\/98778"}],"wp:featuredmedia":[{"embeddable":true,"href":"https:\/\/micronordic.com\/pl\/wp-json\/wp\/v2\/media\/100493"}],"wp:attachment":[{"href":"https:\/\/micronordic.com\/pl\/wp-json\/wp\/v2\/media?parent=46216"}],"wp:term":[{"taxonomy":"product-condition","embeddable":true,"href":"https:\/\/micronordic.com\/pl\/wp-json\/wp\/v2\/product-condition?post=46216"},{"taxonomy":"product_brand","embeddable":true,"href":"https:\/\/micronordic.com\/pl\/wp-json\/wp\/v2\/product_brand?post=46216"},{"taxonomy":"product_cat","embeddable":true,"href":"https:\/\/micronordic.com\/pl\/wp-json\/wp\/v2\/product_cat?post=46216"},{"taxonomy":"product_tag","embeddable":true,"href":"https:\/\/micronordic.com\/pl\/wp-json\/wp\/v2\/product_tag?post=46216"}],"curies":[{"name":"wp","href":"https:\/\/api.w.org\/{rel}","templated":true}]}}