{"id":46214,"date":"2023-01-26T21:09:46","date_gmt":"2023-01-26T20:09:46","guid":{"rendered":"https:\/\/micronordic.com\/product\/zebra-mc3300-mobilny-komputer-reczny-odnowiony\/"},"modified":"2025-11-17T14:36:34","modified_gmt":"2025-11-17T13:36:34","slug":"zebra-mc3300-mobile-handheld-computer-refurbished","status":"publish","type":"product","link":"https:\/\/micronordic.com\/pl\/product\/zebra-mc3300-mobile-handheld-computer-refurbished\/","title":{"rendered":"Zebra MC3300 Handheld Mobile Computer (EX-DEMO)"},"content":{"rendered":"<?xml encoding=\"utf-8\" ?><h2 data-start=\"231\" data-end=\"283\">Zebra MC3300 Handheld Mobile Computer (EX-DEMO)<\/h2><p data-start=\"285\" data-end=\"603\"><strong data-start=\"289\" data-end=\"330\">Zebra MC3300 Handheld Mobile Computer <\/strong>to wszechstronne urz&#261;dzenie klasy &#347;redniej do zastosowa&#324; korporacyjnych, kt&oacute;re &#322;&#261;czy w sobie wytrzyma&#322;&#261; konstrukcj&#281;, niezawodn&#261; wydajno&#347;&#263; i wiele opcji obudowy. Jako nast&#281;pca popularnego modelu <a href=\"https:\/\/micronordic.com\/product\/zebra-mc3200-mobile-handheld-computer-refurbished\/\">MC3200<\/a>, MC3300 oferuje szybsze przetwarzanie, zaawansowan&#261; obs&#322;ug&#281; systemu Android i ulepszone funkcje skanowania. <\/p><p data-start=\"605\" data-end=\"884\">W Micro Nordic MC3300 jest oferowany <strong data-start=\"644\" data-end=\"669\">wy&#322;&#261;cznie w wersji EX-DEMO<\/strong>. Te lekko u&#380;ywane urz&#261;dzenia zapewniaj&#261; organizacjom mo&#380;liwo&#347;&#263; wdro&#380;enia mobilnych urz&#261;dze&#324; klasy korporacyjnej rugged po znacznie ni&#380;szych kosztach, jednocze&#347;nie korzystaj&#261;c ze sprawdzonej trwa&#322;o&#347;ci i wydajno&#347;ci firmy Zebra. Urz&#261;dzenia Ex-Demo s&#261; obj&#281;te <strong data-start=\"24\" data-end=\"44\">12-miesi&#281;czn&#261; gwarancj&#261;.<\/strong>  <\/p><h2 data-start=\"886\" data-end=\"923\">Kluczowe cechy urz&#261;dzenia Zebra MC3300<\/h2><ul data-start=\"925\" data-end=\"1795\">\n<li data-start=\"925\" data-end=\"1029\">\n<p data-start=\"927\" data-end=\"1029\"><strong data-start=\"927\" data-end=\"948\">Wytrzyma&#322;a konstrukcja<\/strong> &ndash; certyfikat MIL-STD-810G, stopie&#324; ochrony IP54 i odporno&#347;&#263; na upadki z wysoko&#347;ci 1,5 m.<\/p>\n<\/li>\n<li data-start=\"1030\" data-end=\"1107\">\n<p data-start=\"1032\" data-end=\"1107\"><strong data-start=\"1032\" data-end=\"1043\">Wy&#347;wietlacz<\/strong> &ndash; ekran dotykowy 4,0&Prime; WVGA z opcjonaln&#261; klawiatur&#261; do mieszanego wprowadzania danych.<\/p>\n<\/li>\n<li data-start=\"1108\" data-end=\"1172\">\n<p data-start=\"1110\" data-end=\"1172\"><strong data-start=\"1110\" data-end=\"1123\">Procesor<\/strong> &ndash; o&#347;miordzeniowy Qualcomm Snapdragon&trade; 660, 2,2 GHz.<\/p>\n<\/li>\n<li data-start=\"1173\" data-end=\"1278\">\n<p data-start=\"1175\" data-end=\"1278\"><strong data-start=\"1175\" data-end=\"1195\">System operacyjny<\/strong> &ndash; Android 7.0 Nougat z mo&#380;liwo&#347;ci&#261; aktualizacji do wersji Android 11 z obs&#322;ug&#261; LifeGuard&trade; firmy Zebra.<\/p>\n<\/li>\n<li data-start=\"1279\" data-end=\"1305\">\n<p data-start=\"1281\" data-end=\"1305\"><strong data-start=\"1281\" data-end=\"1291\">Pami&#281;&#263;<\/strong> &ndash; 4 GB RAM.<\/p>\n<\/li>\n<li data-start=\"1306\" data-end=\"1384\">\n<p data-start=\"1308\" data-end=\"1384\"><strong data-start=\"1308\" data-end=\"1319\">Pami&#281;&#263;<\/strong> &ndash; 16 GB \/ 32 GB wewn&#281;trzna, z mo&#380;liwo&#347;ci&#261; rozszerzenia za pomoc&#261; karty microSD do 256 GB.<\/p>\n<\/li>\n<li data-start=\"1385\" data-end=\"1486\">\n<p data-start=\"1387\" data-end=\"1486\"><strong data-start=\"1387\" data-end=\"1399\">Skanowanie<\/strong> &ndash; wiele opcji skaner&oacute;w, w tym imager 1D\/2D SE4750 i modele o rozszerzonym zasi&#281;gu.<\/p>\n<\/li>\n<li data-start=\"1487\" data-end=\"1554\">\n<p data-start=\"1489\" data-end=\"1554\"><strong data-start=\"1489\" data-end=\"1505\">&#321;&#261;czno&#347;&#263;<\/strong> &ndash; Wi-Fi 802.11 a\/b\/g\/n\/ac, Bluetooth 5.0, NFC.<\/p>\n<\/li>\n<li data-start=\"1555\" data-end=\"1624\">\n<p data-start=\"1557\" data-end=\"1624\"><strong data-start=\"1557\" data-end=\"1568\">Bateria<\/strong> &ndash; Bateria litowo-jonowa 2700 mAh lub 5200 mAh, wymieniana podczas pracy.<\/p>\n<\/li>\n<li data-start=\"1625\" data-end=\"1733\">\n<p data-start=\"1627\" data-end=\"1733\"><strong data-start=\"1627\" data-end=\"1643\">Kszta&#322;t<\/strong> &ndash; dost&#281;pny w wersji ceglanej, pistoletowej, wie&#380;yczkowej i z obrotow&#261; g&#322;owic&#261; dla ergonomicznej elastyczno&#347;ci.<\/p>\n<\/li>\n<li data-start=\"1734\" data-end=\"1795\">\n<p data-start=\"1736\" data-end=\"1795\"><strong data-start=\"1736\" data-end=\"1752\">Dost&#281;pno&#347;&#263;<\/strong> &ndash; Sprzedawane wy&#322;&#261;cznie jako <strong data-start=\"1775\" data-end=\"1792\">jednostki EX-DEMO<\/strong>.<\/p>\n<\/li>\n<\/ul><h2 data-start=\"1797\" data-end=\"1834\">G&#322;&oacute;wne zalety urz&#261;dzenia Zebra MC3300<\/h2><h3 data-start=\"1836\" data-end=\"1870\">Opcje elastycznego formatu<\/h3><p data-start=\"1871\" data-end=\"2154\">MC3300 to jeden z najbardziej wszechstronnych skaner&oacute;w r&#281;cznych firmy Zebra, oferuj&#261;cy r&oacute;&#380;ne konfiguracje (uchwyt pistoletowy, g&#322;owica rewolwerowa lub obrotowa) dostosowane do konkretnych proces&oacute;w roboczych. Dzi&#281;ki temu mo&#380;na go dostosowa&#263; do &#347;rodowisk handlu detalicznego, magazynowania i produkcji, w kt&oacute;rych licz&#261; si&#281; k&#261;ty skanowania i ergonomia. <\/p><h3 data-start=\"2156\" data-end=\"2194\">Niezawodne skanowanie dla ka&#380;dego zadania<\/h3><p data-start=\"2195\" data-end=\"2449\">Dzi&#281;ki zaawansowanym mechanizmom skanuj&#261;cym MC3300 szybko i dok&#322;adnie odczytuje zar&oacute;wno kody kreskowe 1D, jak i 2D. Opcje rozszerzonego zasi&#281;gu pozwalaj&#261; pracownikom rejestrowa&#263; kody kreskowe z niewielkich odleg&#322;o&#347;ci lub w d&#322;ugich korytarzach magazynowych, zmniejszaj&#261;c liczb&#281; b&#322;&#281;d&oacute;w i zwi&#281;kszaj&#261;c produktywno&#347;&#263;. <\/p><h3 data-start=\"2451\" data-end=\"2481\">Android Enterprise Ready<\/h3><p data-start=\"2482\" data-end=\"2718\">MC3300 z systemem Android i wsparciem LifeGuard&trade; for Android firmy Zebra zapewnia d&#322;ugoterminowe aktualizacje zabezpiecze&#324; i stabilno&#347;&#263; klasy korporacyjnej. Przedsi&#281;biorstwa zyskuj&#261; znajomo&#347;&#263; systemu Android w po&#322;&#261;czeniu z mo&#380;liwo&#347;ci&#261; personalizacji na poziomie korporacyjnym oferowan&#261; przez firm&#281; Zebra. <\/p><h3 data-start=\"2720\" data-end=\"2748\">Wytrzyma&#322;y, ale lekki<\/h3><p data-start=\"2749\" data-end=\"2989\">MC3300 jest wystarczaj&#261;co wytrzyma&#322;a do codziennego u&#380;ytku przemys&#322;owego, a jednocze&#347;nie lekka i wygodna przez ca&#322;y dzie&#324;. Dzi&#281;ki szczelno&#347;ci IP54 i wytrzyma&#322;ej konstrukcji jest odporny na kurz, zalanie i upadki, dzi&#281;ki czemu jest niezawodny w wymagaj&#261;cych &#347;rodowiskach pracy. <\/p><h3 data-start=\"2991\" data-end=\"3026\">Zasilanie akumulatorowe dopasowane do zmian<\/h3><p data-start=\"3027\" data-end=\"3244\">Dzi&#281;ki dw&oacute;m opcjom baterii &ndash; standardowej 2700 mAh i rozszerzonej 5200 mAh &ndash; MC3300 mo&#380;na dostosowa&#263; do d&#322;ugo&#347;ci zmiany. Mo&#380;liwo&#347;&#263; wymiany baterii podczas pracy zapewnia, &#380;e pracownicy mog&#261; wymienia&#263; baterie bez przerywania pracy. <\/p><h3 data-start=\"3246\" data-end=\"3290\">Oszcz&#281;dno&#347;&#263; koszt&oacute;w dzi&#281;ki dost&#281;pno&#347;ci EX-DEMO<\/h3><p data-start=\"3291\" data-end=\"3575\">W Micro Nordic, MC3300 jest dost&#281;pny tylko jako <strong data-start=\"3340\" data-end=\"3357\">jednostki EX-DEMO<\/strong>, co czyni go doskona&#322;ym wyborem dla firm, kt&oacute;re chc&#261; rozszerzy&#263; mobilno&#347;&#263; rugged bez ponoszenia koszt&oacute;w zupe&#322;nie nowych urz&#261;dze&#324;. Ka&#380;da jednostka by&#322;a lekko obs&#322;ugiwana w celach demonstracyjnych, ale zachowuje pe&#322;n&#261; funkcjonalno&#347;&#263; korporacyjn&#261;. <\/p><h2 data-start=\"3577\" data-end=\"3614\">Idealne zastosowania dla Zebra MC3300<\/h2><ul data-start=\"3616\" data-end=\"3950\">\n<li data-start=\"3616\" data-end=\"3697\">\n<p data-start=\"3618\" data-end=\"3697\"><strong data-start=\"3618\" data-end=\"3628\">Handel detaliczny<\/strong> &ndash; kontrola zapas&oacute;w, mobilne punkty sprzeda&#380;y i zarz&#261;dzanie zapleczem.<\/p>\n<\/li>\n<li data-start=\"3698\" data-end=\"3789\">\n<p data-start=\"3700\" data-end=\"3789\"><strong data-start=\"3700\" data-end=\"3715\">Magazynowanie<\/strong> &ndash; kompletacja, pakowanie, odbi&oacute;r i liczenie cykli z niezawodnym skanowaniem.<\/p>\n<\/li>\n<li data-start=\"3790\" data-end=\"3871\">\n<p data-start=\"3792\" data-end=\"3871\"><strong data-start=\"3792\" data-end=\"3809\">Produkcja<\/strong> &ndash; Trwa&#322;e projektowanie linii monta&#380;owych i logistyki wewn&#261;trzzak&#322;adowej.<\/p>\n<\/li>\n<li data-start=\"3872\" data-end=\"3950\">\n<p data-start=\"3874\" data-end=\"3950\"><strong data-start=\"3874\" data-end=\"3891\">Obs&#322;uga w terenie<\/strong> &ndash; wytrzyma&#322;e, a jednocze&#347;nie wystarczaj&#261;co mobilne do obs&#322;ugi klienta na miejscu.<\/p>\n<\/li>\n<\/ul><h2 data-start=\"3952\" data-end=\"4003\">Por&oacute;wnanie produkt&oacute;w: Alternatywy dla Zebra MC3300<\/h2><p data-start=\"4005\" data-end=\"4107\">Dla organizacji oceniaj&#261;cych alternatywy, inne rugged handheldy dost&#281;pne w Micro Nordic obejmuj&#261;:<\/p><ul data-start=\"4109\" data-end=\"4516\">\n<li data-start=\"4109\" data-end=\"4235\">\n<p data-start=\"4111\" data-end=\"4235\"><a href=\"https:\/\/micronordic.com\/product\/zebra-mc9300-mobile-handheld-computer-refurbished\/\"><strong data-start=\"4111\" data-end=\"4162\">Komputer przeno&#347;ny Zebra MC9300 <\/strong><\/a><strong data-start=\"4111\" data-end=\"4162\"><a href=\"https:\/\/micronordic.com\/product\/zebra-mc9300-mobile-handheld-computer-refurbished\/\">Komputer mobilny<\/a><\/strong> &ndash; Wi&#281;ksze, ultrawytrzyma&#322;e urz&#261;dzenie z systemem Android do intensywnych zastosowa&#324; przemys&#322;owych.<\/p>\n<\/li>\n<li data-start=\"4236\" data-end=\"4377\">\n<p data-start=\"4238\" data-end=\"4377\"><a href=\"https:\/\/micronordic.com\/product\/zebra-tc720l-rugged-touch-computer-refurbished\/\"><strong data-start=\"4238\" data-end=\"4284\">Zebra TC72 Handheld Mobile Computer<\/strong> <\/a>&ndash; Koncentruj&#261;ce si&#281; na obs&#322;udze dotykowej urz&#261;dzenie typu rugged z funkcj&#261; Wi-Fi, idealne do zastosowa&#324; w handlu detalicznym i hotelarstwie.<\/p>\n<\/li>\n<li data-start=\"4378\" data-end=\"4516\">\n<p data-start=\"4380\" data-end=\"4516\"><a href=\"https:\/\/micronordic.com\/product\/honeywell-ct40xp-mobile-handheld-computer-refurbished\/\"><strong data-start=\"4380\" data-end=\"4423\">Honeywell CT40 Handheld <\/strong><\/a><strong data-start=\"4380\" data-end=\"4423\"><a href=\"https:\/\/micronordic.com\/product\/zebra-mc9300-mobile-handheld-computer-refurbished\/\">Komputer przeno&#347;ny<\/a><\/strong> &ndash; Kompaktowa i lekka alternatywa, r&oacute;wnowa&#380;&#261;ca przyst&#281;pn&#261; cen&#281; z funkcjami korporacyjnymi.<\/p>\n<\/li>\n<\/ul>\n","protected":false},"excerpt":{"rendered":"<p>WYBIERZ WARIANT PONI\u017bEJ! Zadzwo\u0144 do nas, je\u015bli potrzebujesz pomocy w znalezieniu odpowiedniego wariantu produktu. <\/p>\n<h3>Specyfikacje:<\/h3>\n<ul>\n<li><strong>Wy\u015bwietlacz:<\/strong> 4,0\u2033 ekran dotykowy WVGA z opcjami klawiatury<\/li>\n<li><strong>Procesor:<\/strong> O\u015bmiordzeniowy Qualcomm Snapdragon\u2122 660, 2,2 GHz<\/li>\n<li><strong>Grafika:<\/strong> Zintegrowany procesor graficzny Adreno\u2122 512<\/li>\n<li><strong>Pami\u0119\u0107:<\/strong> 4 GB RAM<\/li>\n<li><strong>Pami\u0119\u0107 masowa:<\/strong> 16\/32 GB wewn\u0119trznej, z mo\u017cliwo\u015bci\u0105 rozszerzenia przez microSD do 256 GB<\/li>\n<li><strong>\u0141\u0105czno\u015b\u0107:<\/strong> Wi-Fi 802.11 a\/b\/g\/n\/ac, Bluetooth 5.0, NFC<\/li>\n<li><strong>Certyfikaty rugged:<\/strong> MIL-STD-810G, IP54, odporno\u015b\u0107 na upadek z wysoko\u015bci 1,5 m<\/li>\n<li><strong>Skanowanie:<\/strong> Imager 1D\/2D SE4750, opcje rozszerzonego zasi\u0119gu<\/li>\n<li><strong>Bateria:<\/strong> 2700 mAh lub 5200 mAh Li-Ion, z mo\u017cliwo\u015bci\u0105 wymiany podczas pracy<\/li>\n<li><strong>Wymiary i waga:<\/strong> 202 \u00d7 74 \u00d7 34 mm, ok. 365 g <\/li>\n<li><strong>Gwarancja:<\/strong> Urz\u0105dzenia Ex-Demo s\u0105 obj\u0119te 12-miesi\u0119czn\u0105 gwarancj\u0105<\/li>\n<\/ul>\n<p><strong>Wybierz odpowiedni model poni\u017cej przed dodaniem go do koszyka<\/strong><\/p>\n","protected":false},"author":24,"featured_media":100463,"template":"","meta":{"_acf_changed":false,"inline_featured_image":false},"product-condition":[5279],"product_brand":[9016],"product_cat":[5198,5200,5195],"product_tag":[],"class_list":{"0":"post-46214","1":"product","2":"type-product","3":"status-publish","4":"has-post-thumbnail","6":"product-condition-ex-demo","7":"product_brand-zebra","8":"product_cat-refurbished-rugged-hardware","9":"product_cat-all-barcode-scanners","10":"product_cat-zebra","11":"pa_model-part-number-mc330m-gj2ha2rw","12":"pa_model-part-number-mc330m-gj3hg2rw","13":"pa_model-part-number-mc330m-gj4ha2rw","14":"pa_model-part-number-mc330m-gj4hg2rw","15":"pa_model-part-number-mc330m-sj2hg2rw","16":"pa_model-part-number-mc330m-sj3hg2rw","17":"pa_model-part-number-mc330m-sk3hg2rw","19":"first","20":"instock","21":"taxable","22":"shipping-taxable","23":"purchasable","24":"product-type-variable"},"acf":[],"_links":{"self":[{"href":"https:\/\/micronordic.com\/pl\/wp-json\/wp\/v2\/product\/46214","targetHints":{"allow":["GET"]}}],"collection":[{"href":"https:\/\/micronordic.com\/pl\/wp-json\/wp\/v2\/product"}],"about":[{"href":"https:\/\/micronordic.com\/pl\/wp-json\/wp\/v2\/types\/product"}],"author":[{"embeddable":true,"href":"https:\/\/micronordic.com\/pl\/wp-json\/wp\/v2\/users\/24"}],"version-history":[{"count":3,"href":"https:\/\/micronordic.com\/pl\/wp-json\/wp\/v2\/product\/46214\/revisions"}],"predecessor-version":[{"id":98147,"href":"https:\/\/micronordic.com\/pl\/wp-json\/wp\/v2\/product\/46214\/revisions\/98147"}],"wp:featuredmedia":[{"embeddable":true,"href":"https:\/\/micronordic.com\/pl\/wp-json\/wp\/v2\/media\/100463"}],"wp:attachment":[{"href":"https:\/\/micronordic.com\/pl\/wp-json\/wp\/v2\/media?parent=46214"}],"wp:term":[{"taxonomy":"product-condition","embeddable":true,"href":"https:\/\/micronordic.com\/pl\/wp-json\/wp\/v2\/product-condition?post=46214"},{"taxonomy":"product_brand","embeddable":true,"href":"https:\/\/micronordic.com\/pl\/wp-json\/wp\/v2\/product_brand?post=46214"},{"taxonomy":"product_cat","embeddable":true,"href":"https:\/\/micronordic.com\/pl\/wp-json\/wp\/v2\/product_cat?post=46214"},{"taxonomy":"product_tag","embeddable":true,"href":"https:\/\/micronordic.com\/pl\/wp-json\/wp\/v2\/product_tag?post=46214"}],"curies":[{"name":"wp","href":"https:\/\/api.w.org\/{rel}","templated":true}]}}