{"id":46212,"date":"2022-12-07T16:27:32","date_gmt":"2022-12-07T15:27:32","guid":{"rendered":"https:\/\/micronordic.com\/product\/zebra-mc2700-reczny-komputer-mobilny-odnowiony\/"},"modified":"2025-11-20T18:14:58","modified_gmt":"2025-11-20T17:14:58","slug":"zebra-mc2700-handheld-mobile-computer","status":"publish","type":"product","link":"https:\/\/micronordic.com\/pl\/product\/zebra-mc2700-handheld-mobile-computer\/","title":{"rendered":"Zebra MC2700 Handheld Mobile Computer (EX-DEMO)"},"content":{"rendered":"<?xml encoding=\"utf-8\" ?><h2 data-start=\"166\" data-end=\"218\">R&#281;czny komputer mobilny Zebra MC2700 Handheld Mobile Computer (EX-DEMO)<\/h2><p data-start=\"220\" data-end=\"576\"><strong data-start=\"224\" data-end=\"265\">R&#281;czny komputer mobilny Zebra MC2700 Handheld Mobile Computer<\/strong> to urz&#261;dzenie klasy korporacyjnej o wzmocnionej mobilno&#347;ci dla &#347;wiadomych koszt&oacute;w przedsi&#281;biorstw, kt&oacute;re potrzebuj&#261; niezawodnej wydajno&#347;ci zar&oacute;wno w &#347;rodowisku wewn&#281;trznym, jak i zewn&#281;trznym. Zaprojektowany z my&#347;l&#261; o wydajnej pracy z systemem Android, zaawansowanym skanowaniu i solidnej &#322;&#261;czno&#347;ci, stanowi pomost mi&#281;dzy przyst&#281;pn&#261; cen&#261; a profesjonaln&#261; trwa&#322;o&#347;ci&#261;.<\/p><p data-start=\"578\" data-end=\"1089\">Urz&#261;dzenia MC2700 s&#261; oferowane przez firm&#281; Micro Nordic <strong data-start=\"617\" data-end=\"649\">wy&#322;&#261;cznie w wersji EX-DEMO<\/strong>. Urz&#261;dzenia te by&#322;y u&#380;ywane tylko przez kr&oacute;tki czas w celach demonstracyjnych, zosta&#322;y w pe&#322;ni odnowione z nowymi plastikami i digitizerami, gruntownie przetestowane i zweryfikowane pod k&#261;tem pe&#322;nej funkcjonalno&#347;ci. S&#261; one dostarczane ze wszystkimi standardowymi akcesoriami, o ile nie okre&#347;lono inaczej, i s&#261; obj&#281;te12-miesi&#281;czn&#261; gwarancj&#261;. Sprawia to, &#380;e MC2700 jest doskona&#322;ym wyborem dla firm poszukuj&#261;cych technologii rugged w obni&#380;onej cenie.<\/p><h2 data-start=\"1091\" data-end=\"1128\">Kluczowe cechy urz&#261;dzenia Zebra MC2700<\/h2><ul data-start=\"1130\" data-end=\"2046\">\n<li data-start=\"1130\" data-end=\"1249\">\n<p data-start=\"1132\" data-end=\"1249\"><strong data-start=\"1132\" data-end=\"1154\">Trwa&#322;y i wytrzyma&#322;y<\/strong> &ndash; certyfikat IP65 z odporno&#347;ci&#261; na upadek z wysoko&#347;ci 1,5 m, zaprojektowany do pracy zar&oacute;wno w pomieszczeniach, jak i na zewn&#261;trz.<\/p>\n<\/li>\n<li data-start=\"1250\" data-end=\"1347\">\n<p data-start=\"1252\" data-end=\"1347\"><strong data-start=\"1252\" data-end=\"1263\">Wy&#347;wietlacz<\/strong> &ndash; 4,0&Prime; ekran dotykowy WVGA ze szk&#322;em Gorilla Glass, czytelny w &#347;wietle s&#322;onecznym i przystosowany do obs&#322;ugi w r&#281;kawiczkach.<\/p>\n<\/li>\n<li data-start=\"1348\" data-end=\"1412\">\n<p data-start=\"1350\" data-end=\"1412\"><strong data-start=\"1350\" data-end=\"1363\">Procesor<\/strong> &ndash; o&#347;miordzeniowy Qualcomm Snapdragon&trade; 660, 2,2 GHz.<\/p>\n<\/li>\n<li data-start=\"1413\" data-end=\"1496\">\n<p data-start=\"1415\" data-end=\"1496\"><strong data-start=\"1415\" data-end=\"1435\">System operacyjny<\/strong> &ndash; Android 10, z mo&#380;liwo&#347;ci&#261; aktualizacji dzi&#281;ki wsparciu LifeGuard&trade; firmy Zebra.<\/p>\n<\/li>\n<li data-start=\"1497\" data-end=\"1523\">\n<p data-start=\"1499\" data-end=\"1523\"><strong data-start=\"1499\" data-end=\"1509\">Pami&#281;&#263;<\/strong> &ndash; 3 GB RAM.<\/p>\n<\/li>\n<li data-start=\"1524\" data-end=\"1594\">\n<p data-start=\"1526\" data-end=\"1594\"><strong data-start=\"1526\" data-end=\"1537\">Pami&#281;&#263;<\/strong> wewn&#281;trzna &ndash; 32 GB, z mo&#380;liwo&#347;ci&#261; rozszerzenia za pomoc&#261; karty microSD do 256 GB.<\/p>\n<\/li>\n<li data-start=\"1595\" data-end=\"1672\">\n<p data-start=\"1597\" data-end=\"1672\"><strong data-start=\"1597\" data-end=\"1609\">Skanowanie<\/strong> &ndash; imager SE4710 1D\/2D do szybkiego i dok&#322;adnego przechwytywania kod&oacute;w kreskowych.<\/p>\n<\/li>\n<li data-start=\"1673\" data-end=\"1783\">\n<p data-start=\"1675\" data-end=\"1783\"><strong data-start=\"1675\" data-end=\"1691\">&#321;&#261;czno&#347;&#263;<\/strong> &ndash; Wi-Fi 802.11 a\/b\/g\/n\/ac, Bluetooth 5.0, NFC oraz opcjonalnie 4G LTE dla mobilno&#347;ci na zewn&#261;trz.<\/p>\n<\/li>\n<li data-start=\"1784\" data-end=\"1871\">\n<p data-start=\"1786\" data-end=\"1871\"><strong data-start=\"1786\" data-end=\"1797\">Bateria<\/strong> &ndash; wymienna bateria litowo-jonowa o pojemno&#347;ci 3500 mAh, zapewniaj&#261;ca pe&#322;n&#261; zmian&#281; czasu pracy.<\/p>\n<\/li>\n<li data-start=\"1872\" data-end=\"1970\">\n<p data-start=\"1874\" data-end=\"1970\"><strong data-start=\"1874\" data-end=\"1889\">Wsp&oacute;&#322;czynnik kszta&#322;tu<\/strong> &ndash; dotykowy handheld z obs&#322;ug&#261; fizycznej klawiatury dla wszechstronnych przep&#322;yw&oacute;w pracy.<\/p>\n<\/li>\n<li data-start=\"1971\" data-end=\"2046\">\n<p data-start=\"1973\" data-end=\"2046\"><strong data-start=\"1973\" data-end=\"1989\">Dost&#281;pno&#347;&#263;<\/strong> &ndash; sprzedawane wy&#322;&#261;cznie jako <strong data-start=\"2005\" data-end=\"2022\">jednostki EX-DEMO<\/strong> przez Micro Nordic.<\/p>\n<\/li>\n<\/ul><h2 data-start=\"2048\" data-end=\"2085\">G&#322;&oacute;wne zalety urz&#261;dzenia Zebra MC2700<\/h2><h3 data-start=\"2087\" data-end=\"2129\">Przyst&#281;pna cenowo mobilno&#347;&#263; klasy korporacyjnej<\/h3><p data-start=\"2130\" data-end=\"2389\">MC2700 oferuje funkcje rugged i wydajno&#347;&#263; klasy korporacyjnej za u&#322;amek ceny urz&#261;dze&#324; przeno&#347;nych klasy premium. Jako model EX-DEMO jest jeszcze bardziej przyjazny dla bud&#380;etu, zapewniaj&#261;c firmom dost&#281;p do profesjonalnego sprz&#281;tu Zebra bez nadmiernego obci&#261;&#380;ania bud&#380;etu.<\/p><h3 data-start=\"2391\" data-end=\"2415\">Solidna niezawodno&#347;&#263;<\/h3><p data-start=\"2416\" data-end=\"2660\">Dzi&#281;ki szczelno&#347;ci IP65 i odporno&#347;ci na upadek z wysoko&#347;ci 1,5 m, MC2700 jest zbudowany tak, aby wytrzyma&#263; rygory magazyn&oacute;w, zapleczy i zewn&#281;trznych &#347;rodowisk logistycznych. Chroniony szk&#322;em Gorilla Glass wy&#347;wietlacz i okienka skanera zwi&#281;kszaj&#261; trwa&#322;o&#347;&#263; tam, gdzie jest ona najbardziej potrzebna.<\/p><h3 data-start=\"2662\" data-end=\"2698\">Zaawansowane mo&#380;liwo&#347;ci skanowania<\/h3><p data-start=\"2699\" data-end=\"2911\">Imager SE4710 zapewnia szybkie i dok&#322;adne skanowanie kod&oacute;w kreskowych 1D i 2D &ndash; nawet w przypadku uszkodzonych, zabrudzonych lub &#378;le wydrukowanych etykiet. Pozwala to pracownikom zachowa&#263; wydajno&#347;&#263; i produktywno&#347;&#263; we wszystkich przep&#322;ywach pracy.<\/p><h3 data-start=\"2913\" data-end=\"2943\">Android Enterprise Ready<\/h3><p data-start=\"2944\" data-end=\"3223\">MC2700 z systemem Android 10 i gwarantowanym wsparciem dla przysz&#322;ych aktualizacji dzi&#281;ki opracowanej przez firm&#281; Zebra us&#322;udze LifeGuard&trade; zapewnia d&#322;ugoterminow&#261; warto&#347;&#263; dzi&#281;ki bezpiecze&#324;stwu, &#322;atwo&#347;ci zarz&#261;dzania i u&#380;yteczno&#347;ci klasy korporacyjnej. Pracownicy korzystaj&#261; z interfejsu, kt&oacute;ry znaj&#261;, a zespo&#322;y IT zyskuj&#261; kontrol&#281;, kt&oacute;rej potrzebuj&#261;.<\/p><h3 data-start=\"3225\" data-end=\"3260\">Elastyczne opcje &#322;&#261;czno&#347;ci<\/h3><p data-start=\"3261\" data-end=\"3484\">MC2700 obs&#322;uguje zar&oacute;wno Wi-Fi do u&#380;ytku w pomieszczeniach, jak i opcjonalne 4G LTE dla pe&#322;nej mobilno&#347;ci na zewn&#261;trz. Dzi&#281;ki temu nadaje si&#281; do hybrydowych przep&#322;yw&oacute;w pracy, w kt&oacute;rych pracownicy przemieszczaj&#261; si&#281; mi&#281;dzy halami magazynowymi, zapleczami sklep&oacute;w detalicznych i operacjami w terenie.<\/p><h3 data-start=\"3486\" data-end=\"3521\">Warto&#347;&#263; EX-DEMO w Micro Nordic<\/h3><p data-start=\"3522\" data-end=\"3853\">Ka&#380;dy MC2700 w Micro Nordic jest sprzedawany jako <strong data-start=\"3565\" data-end=\"3581\">urz&#261;dzenie EX-DEMO<\/strong>. Urz&#261;dzenia s&#261; odnawiane z nowymi obudowami i digitizerami, dzi&#281;ki czemu wygl&#261;daj&#261; i dzia&#322;aj&#261; jak prawie nowe. W po&#322;&#261;czeniu z podstawow&#261; <strong>6-miesi&#281;czn&#261; gwarancj&#261;<\/strong> zapewnia to przedsi&#281;biorstwom niezawodne, wytrzyma&#322;e komputery ze znaczn&#261; zni&#380;k&#261; w por&oacute;wnaniu z nowym sprz&#281;tem.<\/p><h2 data-start=\"3855\" data-end=\"3892\">Idealne zastosowania dla Zebra MC2700<\/h2><ul data-start=\"3894\" data-end=\"4377\">\n<li data-start=\"3894\" data-end=\"4010\">\n<p data-start=\"3896\" data-end=\"4010\"><strong data-start=\"3896\" data-end=\"3923\">Magazynowanie i logistyka<\/strong> &ndash; wytrzyma&#322;e skanowanie i &#322;&#261;czno&#347;&#263; do inwentaryzacji, kompletacji zam&oacute;wie&#324; i liczenia cykli.<\/p>\n<\/li>\n<li data-start=\"4011\" data-end=\"4094\">\n<p data-start=\"4013\" data-end=\"4094\"><strong data-start=\"4013\" data-end=\"4032\">Zaplecze sprzeda&#380;y detalicznej<\/strong> &ndash; usprawnione zarz&#261;dzanie zapasami i przep&#322;ywy pracy zwi&#261;zane z uzupe&#322;nianiem zapas&oacute;w.<\/p>\n<\/li>\n<li data-start=\"4095\" data-end=\"4187\">\n<p data-start=\"4097\" data-end=\"4187\"><strong data-start=\"4097\" data-end=\"4115\">Mobilno&#347;&#263; w terenie<\/strong> &ndash; opcja 4G LTE umo&#380;liwia zespo&#322;om pracuj&#261;cym na zewn&#261;trz utrzymywanie &#322;&#261;czno&#347;ci w czasie rzeczywistym.<\/p>\n<\/li>\n<li data-start=\"4188\" data-end=\"4281\">\n<p data-start=\"4190\" data-end=\"4281\"><strong data-start=\"4190\" data-end=\"4213\">Lekka produkcja<\/strong> &ndash; rugged durability dla operacji warsztatowych i kontroli jako&#347;ci.<\/p>\n<\/li>\n<li data-start=\"4282\" data-end=\"4377\">\n<p data-start=\"4284\" data-end=\"4377\"><strong data-start=\"4284\" data-end=\"4302\">Transport<\/strong> &ndash; Trwa&#322;a mobilno&#347;&#263; do obs&#322;ugi paczek i proces&oacute;w dostawy na ostatnim etapie.<\/p>\n<\/li>\n<\/ul><h2 data-start=\"4379\" data-end=\"4430\">Por&oacute;wnanie produkt&oacute;w: Alternatywy dla Zebra MC2700<\/h2><p data-start=\"4432\" data-end=\"4531\">Dla firm oceniaj&#261;cych alternatywy, inne rugged handheldy dost&#281;pne w Micro Nordic obejmuj&#261;:<\/p><ul data-start=\"4533\" data-end=\"4975\">\n<li data-start=\"4533\" data-end=\"4677\">\n<p data-start=\"4535\" data-end=\"4677\"><a href=\"https:\/\/micronordic.com\/product\/zebra-mc3300-mobile-handheld-computer-refurbished\/\"><strong data-start=\"4535\" data-end=\"4586\">Zebra MC3300 Handheld Mobile Computer <\/strong><\/a> &ndash; Sprawdzony, starszy komputer r&#281;czny z opcjami fizycznej klawiatury i wysok&#261; wydajno&#347;ci&#261; skanowania.<\/p>\n<\/li>\n<li data-start=\"4678\" data-end=\"4821\">\n<p data-start=\"4680\" data-end=\"4821\"><a href=\"https:\/\/micronordic.com\/product\/zebra-tc77-mobile-handheld-computer-refurbished\/\"><strong data-start=\"4680\" data-end=\"4720\">Zebra TC77 Handheld Mobile Computer<\/strong><\/a> &ndash; Starsze urz&#261;dzenie wysokiej klasy z pe&#322;n&#261; &#322;&#261;czno&#347;ci&#261; 4G i solidn&#261; wytrzyma&#322;o&#347;ci&#261;, dost&#281;pne w odnowionej wersji.<\/p>\n<\/li>\n<li data-start=\"4822\" data-end=\"4975\">\n<p data-start=\"4824\" data-end=\"4975\"><a href=\"https:\/\/micronordic.com\/product\/zebra-tc56-mobile-handheld-computer-refurbished\/\"><strong data-start=\"4824\" data-end=\"4871\">Zebra TC56 Handheld Mobile Computer <\/strong><\/a> &ndash; Kompaktowy, wytrzyma&#322;y komputer przeno&#347;ny w stylu smartfona, idealny do pracy w terenie i obs&#322;ugi klienta.<\/p>\n<\/li>\n<\/ul>\n","protected":false},"excerpt":{"rendered":"<p>WYBIERZ WARIANT PONI\u017bEJ! Zadzwo\u0144 do nas, je\u015bli potrzebujesz pomocy w znalezieniu odpowiedniego wariantu produktu.<\/p>\n<h3>Specyfikacje:<\/h3>\n<ul>\n<li><strong>Wy\u015bwietlacz:<\/strong> 4,0\u2033 WVGA (800\u00d7480), czytelny w s\u0142o\u0144cu, Gorilla Glass, mo\u017cliwo\u015b\u0107 obs\u0142ugi w r\u0119kawiczkach<\/li>\n<li><strong>Procesor:<\/strong> O\u015bmiordzeniowy Qualcomm Snapdragon\u2122 660, 2,2 GHz<\/li>\n<li><strong>Grafika:<\/strong> Zintegrowany procesor graficzny Adreno\u2122 512<\/li>\n<li><strong>Pami\u0119\u0107:<\/strong> 3 GB RAM<\/li>\n<li><strong>Pami\u0119\u0107 masowa:<\/strong> 32 GB wewn\u0119trznej, z mo\u017cliwo\u015bci\u0105 rozszerzenia przez microSD do 256 GB<\/li>\n<li><strong>\u0141\u0105czno\u015b\u0107:<\/strong> Wi-Fi 802.11 a\/b\/g\/n\/ac, Bluetooth 5.0, NFC, opcjonalnie 4G LTE<\/li>\n<li><strong>Certyfikaty rugged:<\/strong> IP65, odporno\u015b\u0107 na upadek z wysoko\u015bci 1,5 m<\/li>\n<li><strong>Skanowanie:<\/strong> Imager 1D\/2D SE4710<\/li>\n<li><strong>Bateria:<\/strong> wymienna bateria litowo-jonowa 3500 mAh<\/li>\n<li><strong>Wymiary i waga:<\/strong> 171 \u00d7 75 \u00d7 26 mm, ok. 287 g<\/li>\n<li><strong>Gwarancja:<\/strong> EX-DEMO z 12-miesi\u0119czn\u0105 gwarancj\u0105.<\/li>\n<\/ul>\n<p><strong>Wybierz odpowiedni model poni\u017cej przed dodaniem go do koszyka<\/strong><\/p>\n","protected":false},"author":24,"featured_media":100433,"template":"","meta":{"_acf_changed":false,"inline_featured_image":false},"product-condition":[5279],"product_brand":[9016],"product_cat":[5200,5198,5195],"product_tag":[],"class_list":{"0":"post-46212","1":"product","2":"type-product","3":"status-publish","4":"has-post-thumbnail","6":"product-condition-ex-demo","7":"product_brand-zebra","8":"product_cat-all-barcode-scanners","9":"product_cat-refurbished-rugged-hardware","10":"product_cat-zebra","11":"pa_model-part-number-kt-mc27bj-2a3s2rw","12":"pa_model-part-number-kt-mc27bk-2b3s3rw","13":"pa_model-part-number-mc27bk-2b3s3rw","14":"pa_model-part-number-mc27bk-4b3s3rw","16":"first","17":"instock","18":"taxable","19":"shipping-taxable","20":"purchasable","21":"product-type-variable"},"acf":[],"_links":{"self":[{"href":"https:\/\/micronordic.com\/pl\/wp-json\/wp\/v2\/product\/46212","targetHints":{"allow":["GET"]}}],"collection":[{"href":"https:\/\/micronordic.com\/pl\/wp-json\/wp\/v2\/product"}],"about":[{"href":"https:\/\/micronordic.com\/pl\/wp-json\/wp\/v2\/types\/product"}],"author":[{"embeddable":true,"href":"https:\/\/micronordic.com\/pl\/wp-json\/wp\/v2\/users\/24"}],"version-history":[{"count":5,"href":"https:\/\/micronordic.com\/pl\/wp-json\/wp\/v2\/product\/46212\/revisions"}],"predecessor-version":[{"id":98776,"href":"https:\/\/micronordic.com\/pl\/wp-json\/wp\/v2\/product\/46212\/revisions\/98776"}],"wp:featuredmedia":[{"embeddable":true,"href":"https:\/\/micronordic.com\/pl\/wp-json\/wp\/v2\/media\/100433"}],"wp:attachment":[{"href":"https:\/\/micronordic.com\/pl\/wp-json\/wp\/v2\/media?parent=46212"}],"wp:term":[{"taxonomy":"product-condition","embeddable":true,"href":"https:\/\/micronordic.com\/pl\/wp-json\/wp\/v2\/product-condition?post=46212"},{"taxonomy":"product_brand","embeddable":true,"href":"https:\/\/micronordic.com\/pl\/wp-json\/wp\/v2\/product_brand?post=46212"},{"taxonomy":"product_cat","embeddable":true,"href":"https:\/\/micronordic.com\/pl\/wp-json\/wp\/v2\/product_cat?post=46212"},{"taxonomy":"product_tag","embeddable":true,"href":"https:\/\/micronordic.com\/pl\/wp-json\/wp\/v2\/product_tag?post=46212"}],"curies":[{"name":"wp","href":"https:\/\/api.w.org\/{rel}","templated":true}]}}