{"id":46210,"date":"2022-12-07T16:49:34","date_gmt":"2022-12-07T15:49:34","guid":{"rendered":"https:\/\/micronordic.com\/product\/zebra-tc8300-reczny-komputer-mobilny-odnowiony\/"},"modified":"2025-11-17T15:06:12","modified_gmt":"2025-11-17T14:06:12","slug":"zebra-tc8300-handheld-mobile-touch","status":"publish","type":"product","link":"https:\/\/micronordic.com\/pl\/product\/zebra-tc8300-handheld-mobile-touch\/","title":{"rendered":"Zebra TC8300 Handheld Mobile Computer (EX-DEMO)"},"content":{"rendered":"<?xml encoding=\"utf-8\" ?><h2 data-start=\"234\" data-end=\"286\">Zebra TC8300 Handheld Mobile Computer (EX-DEMO)<\/h2><p data-start=\"288\" data-end=\"630\"><strong data-start=\"292\" data-end=\"333\">Handheld Mobile Computer Zebra TC8300<\/strong> to jedno z najbardziej innowacyjnych i ergonomicznych urz&#261;dze&#324; klasy korporacyjnej zaprojektowanych przez firm&#281; Zebra. Stworzony z my&#347;l&#261; o maksymalnej produktywno&#347;ci, zapewnia doskona&#322;&#261; wydajno&#347;&#263; skanowania, pot&#281;&#380;ne mo&#380;liwo&#347;ci obliczeniowe systemu Android i niezr&oacute;wnan&#261; obudow&#281;, kt&oacute;ra zmniejsza zm&#281;czenie pracownik&oacute;w nawet o 14% w por&oacute;wnaniu z tradycyjnymi urz&#261;dzeniami przeno&#347;nymi. <\/p><p data-start=\"632\" data-end=\"1025\">W Micro Nordic TC8300 jest dost&#281;pny <strong data-start=\"673\" data-end=\"698\">wy&#322;&#261;cznie w wersji EX-DEMO<\/strong>. Urz&#261;dzenia te by&#322;y lekko u&#380;ywane do cel&oacute;w demonstracyjnych, w pe&#322;ni odnowione z nowymi przednimi i tylnymi plastikami i digitizerami oraz przetestowane w celu zapewnienia niezawodnej wydajno&#347;ci. Zawieraj&#261; wszystkie standardowe akcesoria, o ile nie okre&#347;lono inaczej, i s&#261; obj&#281;te <strong>12-miesi&#281;czn&#261; gwarancj&#261;<\/strong>.  <\/p><h2 data-start=\"1027\" data-end=\"1064\">Kluczowe cechy skanera Zebra TC8300<\/h2><ul data-start=\"1066\" data-end=\"2031\">\n<li data-start=\"1066\" data-end=\"1171\">\n<p data-start=\"1068\" data-end=\"1171\"><strong data-start=\"1068\" data-end=\"1099\">Innowacyjna ergonomiczna konstrukcja<\/strong> &ndash; ogranicza ruchy nadgarstka, zwi&#281;kszaj&#261;c komfort i produktywno&#347;&#263; pracownik&oacute;w.<\/p>\n<\/li>\n<li data-start=\"1172\" data-end=\"1284\">\n<p data-start=\"1174\" data-end=\"1284\"><strong data-start=\"1174\" data-end=\"1195\">Wytrzyma&#322;o&#347;&#263;<\/strong> &ndash; test MIL-STD-810G, certyfikat IP65\/IP67, test upadku z wysoko&#347;ci do 2,4 m z os&#322;on&#261; ochronn&#261;.<\/p>\n<\/li>\n<li data-start=\"1285\" data-end=\"1373\">\n<p data-start=\"1287\" data-end=\"1373\"><strong data-start=\"1287\" data-end=\"1298\">Wy&#347;wietlacz<\/strong> &ndash; 4,0&Prime; ekran dotykowy WVGA, czytelny w &#347;wietle s&#322;onecznym, przystosowany do obs&#322;ugi w r&#281;kawiczkach i na mokro.<\/p>\n<\/li>\n<li data-start=\"1374\" data-end=\"1438\">\n<p data-start=\"1376\" data-end=\"1438\"><strong data-start=\"1376\" data-end=\"1389\">Procesor<\/strong> &ndash; o&#347;miordzeniowy Qualcomm Snapdragon&trade; 660, 2,2 GHz.<\/p>\n<\/li>\n<li data-start=\"1439\" data-end=\"1547\">\n<p data-start=\"1441\" data-end=\"1547\"><strong data-start=\"1441\" data-end=\"1461\">System operacyjny<\/strong> &ndash; Android 8.1 Oreo z mo&#380;liwo&#347;ci&#261; aktualizacji do Androida 11 w ramach programu LifeGuard&trade; firmy Zebra.<\/p>\n<\/li>\n<li data-start=\"1548\" data-end=\"1574\">\n<p data-start=\"1550\" data-end=\"1574\"><strong data-start=\"1550\" data-end=\"1560\">Pami&#281;&#263;<\/strong> &ndash; 4 GB RAM.<\/p>\n<\/li>\n<li data-start=\"1575\" data-end=\"1645\">\n<p data-start=\"1577\" data-end=\"1645\"><strong data-start=\"1577\" data-end=\"1588\">Pami&#281;&#263;<\/strong> &ndash; 32 GB wewn&#281;trzna, z mo&#380;liwo&#347;ci&#261; rozszerzenia do 256 GB za pomoc&#261; microSD.<\/p>\n<\/li>\n<li data-start=\"1646\" data-end=\"1737\">\n<p data-start=\"1648\" data-end=\"1737\"><strong data-start=\"1648\" data-end=\"1660\">Skanowanie<\/strong> &ndash; imager 1D\/2D SE4850 o rozszerzonym zasi&#281;gu (odczyt z odleg&#322;o&#347;ci do 21 m).<\/p>\n<\/li>\n<li data-start=\"1738\" data-end=\"1805\">\n<p data-start=\"1740\" data-end=\"1805\"><strong data-start=\"1740\" data-end=\"1756\">&#321;&#261;czno&#347;&#263;<\/strong> &ndash; Wi-Fi 802.11 a\/b\/g\/n\/ac, Bluetooth 5.0, NFC.<\/p>\n<\/li>\n<li data-start=\"1806\" data-end=\"1889\">\n<p data-start=\"1808\" data-end=\"1889\"><strong data-start=\"1808\" data-end=\"1819\">Bateria<\/strong> &ndash; 7000 mAh PowerPrecision+ z mo&#380;liwo&#347;ci&#261; wymiany podczas pracy, zapewniaj&#261;ca zasilanie przez ca&#322;y dzie&#324;.<\/p>\n<\/li>\n<li data-start=\"1890\" data-end=\"1966\">\n<p data-start=\"1892\" data-end=\"1966\"><strong data-start=\"1892\" data-end=\"1907\">Forma<\/strong> &ndash; dotykowy handheld ze zintegrowan&#261; obs&#322;ug&#261; klawiatury.<\/p>\n<\/li>\n<li data-start=\"1967\" data-end=\"2031\">\n<p data-start=\"1969\" data-end=\"2031\"><strong data-start=\"1969\" data-end=\"1985\">Dost&#281;pno&#347;&#263;<\/strong> &ndash; Oferowane wy&#322;&#261;cznie jako <strong data-start=\"2011\" data-end=\"2028\">jednostki EX-DEMO<\/strong>.<\/p>\n<\/li>\n<\/ul><h2 data-start=\"2033\" data-end=\"2070\">Kluczowe zalety urz&#261;dzenia Zebra TC8300<\/h2><h3 data-start=\"2072\" data-end=\"2104\">Niezr&oacute;wnana ergonomiczna konstrukcja<\/h3><p data-start=\"2105\" data-end=\"2381\">Unikalna konstrukcja TC8300 eliminuje konieczno&#347;&#263; pochylania si&#281; i weryfikacji po ka&#380;dym skanowaniu, co znacznie zmniejsza obci&#261;&#380;enie nadgarstk&oacute;w i poprawia wydajno&#347;&#263;. Skutkuje to wymiernym wzrostem produktywno&#347;ci w magazynach, centrach dystrybucji i zak&#322;adach produkcyjnych. <\/p><h3 data-start=\"2383\" data-end=\"2412\">Skanowanie o rozszerzonym zasi&#281;gu<\/h3><p data-start=\"2413\" data-end=\"2657\">Wyposa&#380;ony w imager SE4850 firmy Zebra, TC8300 rejestruje kody kreskowe z odleg&#322;o&#347;ci od kilku centymetr&oacute;w do 21 metr&oacute;w. Pracownicy mog&#261; skanowa&#263; produkty na wysokich rega&#322;ach lub z w&oacute;zk&oacute;w wid&#322;owych bez opuszczania swojego stanowiska, co przyspiesza przep&#322;yw pracy i skraca czas przestoj&oacute;w. <\/p><h3 data-start=\"2659\" data-end=\"2702\">Solidna niezawodno&#347;&#263; do zastosowa&#324; przemys&#322;owych<\/h3><p data-start=\"2703\" data-end=\"2915\">Stworzony z my&#347;l&#261; o pracy w najtrudniejszych warunkach, TC8300 spe&#322;nia normy MIL-STD-810G i IP65\/IP67. Jest odporny na upadki, kurz, wibracje i dzia&#322;anie wody, co czyni go niezawodnym wyborem do wymagaj&#261;cych zastosowa&#324;. <\/p><h3 data-start=\"2917\" data-end=\"2947\">Android Enterprise Ready<\/h3><p data-start=\"2948\" data-end=\"3170\">TC8300 dzia&#322;a pod kontrol&#261; systemu Android z technologi&#261; Mobility DNA firmy Zebra, zapewniaj&#261;c znajom&#261; u&#380;yteczno&#347;&#263; z zabezpieczeniami klasy korporacyjnej i narz&#281;dziami do zarz&#261;dzania. Dzi&#281;ki gwarantowanej obs&#322;udze systemu operacyjnego a&#380; do wersji Android 11, urz&#261;dzenie jest przeznaczone do d&#322;ugotrwa&#322;ego u&#380;ytku biznesowego. <\/p><h3 data-start=\"3172\" data-end=\"3198\">&#379;ywotno&#347;&#263; baterii przez ca&#322;y dzie&#324;<\/h3><p data-start=\"3199\" data-end=\"3403\">Bateria o du&#380;ej pojemno&#347;ci 7000 mAh z funkcj&#261; hot-swap zapewnia nieprzerwan&#261; prac&#281; podczas d&#322;ugich zmian. Pracownicy mog&#261; wymienia&#263; baterie bez konieczno&#347;ci ponownego uruchamiania komputera, dzi&#281;ki czemu operacje przebiegaj&#261; sprawnie. <\/p><h3 data-start=\"3405\" data-end=\"3446\">Ekonomiczna dost&#281;pno&#347;&#263; EX-DEMO<\/h3><p data-start=\"3447\" data-end=\"3780\">W Micro Nordic, TC8300 jest dost&#281;pny wy&#322;&#261;cznie w wersji <strong data-start=\"3496\" data-end=\"3513\">EX-DEMO<\/strong>. Urz&#261;dzenia te s&#261; w pe&#322;ni funkcjonalne, z zainstalowanymi nowymi obudowami i digitizerami, dzi&#281;ki czemu s&#261; niemal nie do odr&oacute;&#380;nienia od nowych egzemplarzy. Dzi&#281;ki 12-miesi&#281;cznej gwarancji firmy zyskuj&#261; mobilno&#347;&#263; klasy premium rugged za u&#322;amek ceny nowego sprz&#281;tu.  <\/p><h2 data-start=\"3782\" data-end=\"3819\">Idealne zastosowania dla Zebra TC8300<\/h2><ul data-start=\"3821\" data-end=\"4249\">\n<li data-start=\"3821\" data-end=\"3937\">\n<p data-start=\"3823\" data-end=\"3937\"><strong data-start=\"3823\" data-end=\"3850\">Magazynowanie i logistyka<\/strong> &ndash; skanowanie o rozszerzonym zasi&#281;gu do zarz&#261;dzania zapasami, kompletacji zam&oacute;wie&#324; i liczenia cykli.<\/p>\n<\/li>\n<li data-start=\"3938\" data-end=\"4031\">\n<p data-start=\"3940\" data-end=\"4031\"><strong data-start=\"3940\" data-end=\"3957\">Produkcja<\/strong> &ndash; rugged mobility dla hal produkcyjnych, linii monta&#380;owych i kontroli jako&#347;ci.<\/p>\n<\/li>\n<li data-start=\"4032\" data-end=\"4140\">\n<p data-start=\"4034\" data-end=\"4140\"><strong data-start=\"4034\" data-end=\"4052\">Transport<\/strong> &ndash; Trwa&#322;e skanowanie i &#322;&#261;czno&#347;&#263; w czasie rzeczywistym do obs&#322;ugi &#322;adunk&oacute;w i logistyki floty.<\/p>\n<\/li>\n<li data-start=\"4141\" data-end=\"4249\">\n<p data-start=\"4143\" data-end=\"4249\"><strong data-start=\"4143\" data-end=\"4162\">Zaplecze sprzeda&#380;y detalicznej<\/strong> &ndash; niezawodna wydajno&#347;&#263; w zakresie przep&#322;ywu pracy, zarz&#261;dzania zapasami i uzupe&#322;niania zapas&oacute;w.<\/p>\n<\/li>\n<\/ul><h2 data-start=\"4251\" data-end=\"4302\">Por&oacute;wnanie produkt&oacute;w: Alternatywy dla Zebra TC8300<\/h2><p data-start=\"4304\" data-end=\"4403\">Dla firm oceniaj&#261;cych alternatywy, inne rugged handheldy dost&#281;pne w Micro Nordic obejmuj&#261;:<\/p><ul data-start=\"4405\" data-end=\"4824\">\n<li data-start=\"4405\" data-end=\"4547\">\n<p data-start=\"4407\" data-end=\"4547\"><a href=\"https:\/\/micronordic.com\/product\/zebra-mc9300-mobile-handheld-computer-refurbished\/\"><strong data-start=\"4407\" data-end=\"4458\">Urz&#261;dzenie przeno&#347;ne Zebra MC9300 <\/strong><\/a><strong data-start=\"4407\" data-end=\"4458\"><a href=\"https:\/\/micronordic.com\/product\/zebra-mc9300-mobile-handheld-computer-refurbished\/\">Mobilne urz&#261;dzenie przeno&#347;ne<\/a><\/strong>&ndash; Ultrawytrzyma&#322;e urz&#261;dzenie r&#281;czne w kszta&#322;cie pistoletu z opcjami skanowania i klawiatury o rozszerzonym zasi&#281;gu.<\/p>\n<\/li>\n<li data-start=\"4548\" data-end=\"4688\">\n<p data-start=\"4550\" data-end=\"4688\"><a href=\"https:\/\/micronordic.com\/product\/zebra-tc720l-rugged-touch-computer-refurbished\/\"><strong data-start=\"4550\" data-end=\"4596\">Zebra TC72 Handheld Mobile Computer<\/strong><\/a> &ndash; Dotykowe urz&#261;dzenie typu rugged do &#347;rodowisk Wi-Fi, idealne do handlu detalicznego i hotelarstwa.<\/p>\n<\/li>\n<li data-start=\"4689\" data-end=\"4824\">\n<p data-start=\"4691\" data-end=\"4824\"><a href=\"https:\/\/micronordic.com\/product\/honeywell-ct40xp-mobile-handheld-computer-refurbished\/\"><strong data-start=\"4691\" data-end=\"4734\">Honeywell CT40 Handheld <\/strong><\/a><strong data-start=\"4691\" data-end=\"4734\"><a href=\"https:\/\/micronordic.com\/product\/zebra-mc9300-mobile-handheld-computer-refurbished\/\">Komputer przeno&#347;ny<\/a><\/strong> &ndash; Lekki komputer przeno&#347;ny z systemem Android przeznaczony do wszechstronnych zastosowa&#324; korporacyjnych<\/p>\n<\/li>\n<\/ul>\n","protected":false},"excerpt":{"rendered":"<p>WYBIERZ WARIANT PONI\u017bEJ! Zadzwo\u0144 do nas, je\u015bli potrzebujesz pomocy w znalezieniu odpowiedniego wariantu produktu. <\/p>\n<h3>Specyfikacje:<\/h3>\n<ul>\n<li><strong>Wy\u015bwietlacz:<\/strong> 4,0\u2033 WVGA (800\u00d7480), czytelny w \u015bwietle s\u0142onecznym, obs\u0142uga w r\u0119kawiczkach i na mokro<\/li>\n<li><strong>Procesor:<\/strong> O\u015bmiordzeniowy Qualcomm Snapdragon\u2122 660, 2,2 GHz<\/li>\n<li><strong>Grafika:<\/strong> Zintegrowany procesor graficzny Adreno\u2122 512<\/li>\n<li><strong>Pami\u0119\u0107:<\/strong> 4 GB RAM<\/li>\n<li><strong>Pami\u0119\u0107 masowa:<\/strong> 32 GB wewn\u0119trznej, z mo\u017cliwo\u015bci\u0105 rozszerzenia przez microSD do 256 GB<\/li>\n<li><strong>\u0141\u0105czno\u015b\u0107:<\/strong> Wi-Fi 802.11 a\/b\/g\/n\/ac, Bluetooth 5.0, NFC<\/li>\n<li><strong>Certyfikaty rugged:<\/strong> MIL-STD-810G, IP65\/IP67, odporno\u015b\u0107 na upadek z wysoko\u015bci 2,4 m z baga\u017cnikiem<\/li>\n<li><strong>Skanowanie:<\/strong> Imager 1D\/2D SE4850 o rozszerzonym zasi\u0119gu (do 21 m)<\/li>\n<li><strong>Bateria:<\/strong> 7000 mAh Li-Ion, wymienialna podczas pracy<\/li>\n<li><strong>Wymiary i waga:<\/strong> 236 \u00d7 87 \u00d7 70 mm, ok. 765 g <\/li>\n<li><strong>Gwarancja:<\/strong> Dost\u0119pne tylko jako EX-DEMO z 12-miesi\u0119czn\u0105 gwarancj\u0105<\/li>\n<\/ul>\n<p><strong>Wybierz odpowiedni model poni\u017cej przed dodaniem go do koszyka<\/strong><\/p>\n","protected":false},"author":24,"featured_media":100418,"template":"","meta":{"_acf_changed":false,"inline_featured_image":false},"product-condition":[5279],"product_brand":[9016],"product_cat":[5200,5198,5195],"product_tag":[],"class_list":{"0":"post-46210","1":"product","2":"type-product","3":"status-publish","4":"has-post-thumbnail","6":"product-condition-ex-demo","7":"product_brand-zebra","8":"product_cat-all-barcode-scanners","9":"product_cat-refurbished-rugged-hardware","10":"product_cat-zebra","11":"pa_model-part-number-tc83b0-3005a61crw","12":"pa_model-part-number-tc83b0-4005a610rw","13":"pa_model-part-number-tc83b0-5005a610rw","14":"pa_model-part-number-tc83b0-6005a510rw","15":"pa_model-part-number-tc83bh-3205a710rw","16":"pa_model-part-number-tc83bh-3206a710rw","17":"pa_model-part-number-tc83bh-6205a710rw","18":"pa_model-part-number-tc83bh-6206a710rw","20":"first","21":"instock","22":"taxable","23":"shipping-taxable","24":"purchasable","25":"product-type-variable"},"acf":[],"_links":{"self":[{"href":"https:\/\/micronordic.com\/pl\/wp-json\/wp\/v2\/product\/46210","targetHints":{"allow":["GET"]}}],"collection":[{"href":"https:\/\/micronordic.com\/pl\/wp-json\/wp\/v2\/product"}],"about":[{"href":"https:\/\/micronordic.com\/pl\/wp-json\/wp\/v2\/types\/product"}],"author":[{"embeddable":true,"href":"https:\/\/micronordic.com\/pl\/wp-json\/wp\/v2\/users\/24"}],"version-history":[{"count":4,"href":"https:\/\/micronordic.com\/pl\/wp-json\/wp\/v2\/product\/46210\/revisions"}],"predecessor-version":[{"id":98174,"href":"https:\/\/micronordic.com\/pl\/wp-json\/wp\/v2\/product\/46210\/revisions\/98174"}],"wp:featuredmedia":[{"embeddable":true,"href":"https:\/\/micronordic.com\/pl\/wp-json\/wp\/v2\/media\/100418"}],"wp:attachment":[{"href":"https:\/\/micronordic.com\/pl\/wp-json\/wp\/v2\/media?parent=46210"}],"wp:term":[{"taxonomy":"product-condition","embeddable":true,"href":"https:\/\/micronordic.com\/pl\/wp-json\/wp\/v2\/product-condition?post=46210"},{"taxonomy":"product_brand","embeddable":true,"href":"https:\/\/micronordic.com\/pl\/wp-json\/wp\/v2\/product_brand?post=46210"},{"taxonomy":"product_cat","embeddable":true,"href":"https:\/\/micronordic.com\/pl\/wp-json\/wp\/v2\/product_cat?post=46210"},{"taxonomy":"product_tag","embeddable":true,"href":"https:\/\/micronordic.com\/pl\/wp-json\/wp\/v2\/product_tag?post=46210"}],"curies":[{"name":"wp","href":"https:\/\/api.w.org\/{rel}","templated":true}]}}