{"id":46204,"date":"2022-11-01T11:30:36","date_gmt":"2022-11-01T10:30:36","guid":{"rendered":"https:\/\/micronordic.com\/product\/panasonic-toughbook-fz-40-fz40-mk1-i5-nowy\/"},"modified":"2025-11-18T17:26:12","modified_gmt":"2025-11-18T16:26:12","slug":"panasonic-toughbook-fz-40-mk1-i7new","status":"publish","type":"product","link":"https:\/\/micronordic.com\/pl\/product\/panasonic-toughbook-fz-40-mk1-i7new\/","title":{"rendered":"Panasonic Toughbook 40 MK1-MK2 (NOWO\u015a\u0106)"},"content":{"rendered":"<?xml encoding=\"utf-8\" ?><h2 data-start=\"254\" data-end=\"295\">Panasonic Toughbook 40 MK1-MK2 (NOWO&#346;&#262;)<\/h2><p data-start=\"297\" data-end=\"688\"><strong data-start=\"301\" data-end=\"327\">Panasonic Toughbook<\/strong> 40 to szczytowe osi&#261;gni&#281;cie technologii rugged Laptop, zaprojektowany z my&#347;l&#261; o obronno&#347;ci, egzekwowaniu prawa, us&#322;ugach terenowych i bran&#380;ach, w kt&oacute;rych niezb&#281;dna jest bezkompromisowa wydajno&#347;&#263; i trwa&#322;o&#347;&#263;. Dzi&#281;ki 14-calowemu wy&#347;wietlaczowi czytelnemu w &#347;wietle dziennym, modu&#322;owej konstrukcji i najnowocze&#347;niejszej mocy obliczeniowej Intel&reg;, Toughbook 40 r&oacute;wnowa&#380;y zaawansowan&#261; wydajno&#347;&#263; z niezawodno&#347;ci&#261; rugged. <\/p><p data-start=\"690\" data-end=\"1015\">W <strong data-start=\"693\" data-end=\"709\">Micro Nordic<\/strong>, Toughbook 40 jest dost&#281;pny jako <strong data-start=\"744\" data-end=\"763\">zupe&#322;nie nowy (NEW)<\/strong> model (z 3-letni&#261; gwarancj&#261;) lub jako <strong data-start=\"777\" data-end=\"806\">Certified Pre-Owned (CPO <\/strong>) (z 12-miesi&#281;czn&#261; gwarancj&#261;), daj&#261;c przedsi&#281;biorstwom elastyczno&#347;&#263; wyboru mi&#281;dzy w pe&#322;ni now&#261; inwestycj&#261; a odnowionym, ekonomicznym rozwi&#261;zaniem, kt&oacute;re przesz&#322;o szeroko zakrojone testy i wymian&#281; komponent&oacute;w, aby dzia&#322;a&#322;o jak nowe.<\/p><h2 data-start=\"1017\" data-end=\"1064\">Kluczowe cechy notebooka Panasonic Toughbook 40<\/h2><ul data-start=\"1066\" data-end=\"2092\">\n<li data-start=\"1066\" data-end=\"1198\">\n<p data-start=\"1068\" data-end=\"1198\"><strong data-start=\"1068\" data-end=\"1091\">Ultra-wytrzyma&#322;a konstrukcja<\/strong> &ndash; certyfikat MIL-STD-810H i IP66, odporno&#347;&#263; na upadki, wod&#281;, kurz, wibracje i ekstremalne temperatury.<\/p>\n<\/li>\n<li data-start=\"1199\" data-end=\"1321\">\n<p data-start=\"1201\" data-end=\"1321\"><strong data-start=\"1201\" data-end=\"1212\">Wy&#347;wietlacz<\/strong> &ndash; 14-calowy, czytelny w &#347;wietle dziennym ekran dotykowy FHD (1920&times;1080) o jasno&#347;ci 1200 nit&oacute;w z mo&#380;liwo&#347;ci&#261; obs&#322;ugi w r&#281;kawiczkach.<\/p>\n<\/li>\n<li data-start=\"1322\" data-end=\"1445\">\n<p data-start=\"1324\" data-end=\"1445\"><strong data-start=\"1324\" data-end=\"1337\">Procesor<\/strong> &ndash; opcje Intel&reg; Core&trade; i5 i i7 vPro&trade; 11. generacji, stworzone z my&#347;l&#261; o wielozadaniowo&#347;ci i wymagaj&#261;cych zastosowaniach terenowych.<\/p>\n<\/li>\n<li data-start=\"1446\" data-end=\"1503\">\n<p data-start=\"1448\" data-end=\"1503\"><strong data-start=\"1448\" data-end=\"1458\">Pami&#281;&#263;<\/strong> &ndash; konfigurowalna od 16 GB do 64 GB RAM.<\/p>\n<\/li>\n<li data-start=\"1504\" data-end=\"1570\">\n<p data-start=\"1506\" data-end=\"1570\"><strong data-start=\"1506\" data-end=\"1517\">Pami&#281;&#263; masowa<\/strong> &ndash; Standardowy dysk SSD NVMe o pojemno&#347;ci 512 GB, z mo&#380;liwo&#347;ci&#261; rozszerzenia do 2 TB.<\/p>\n<\/li>\n<li data-start=\"1571\" data-end=\"1716\">\n<p data-start=\"1573\" data-end=\"1716\"><strong data-start=\"1573\" data-end=\"1594\">Modu&#322;owa rozbudowa<\/strong> &ndash; Cztery obszary rozszerze&#324; umo&#380;liwiaj&#261; dostosowanie za pomoc&#261; nap&#281;d&oacute;w optycznych, czytnik&oacute;w uwierzytelniaj&#261;cych, port&oacute;w I\/O lub drugiej baterii.<\/p>\n<\/li>\n<li data-start=\"1717\" data-end=\"1792\">\n<p data-start=\"1719\" data-end=\"1792\"><strong data-start=\"1719\" data-end=\"1735\">&#321;&#261;czno&#347;&#263;<\/strong> &ndash; Wi-Fi 6, Bluetooth 5.1, opcjonalnie 4G LTE\/5G i GPS.<\/p>\n<\/li>\n<li data-start=\"1793\" data-end=\"1899\">\n<p data-start=\"1795\" data-end=\"1899\"><strong data-start=\"1795\" data-end=\"1807\">Bezpiecze&#324;stwo<\/strong> &ndash; obs&#322;uga wielu uwierzytelnie&#324;, w tym kart inteligentnych, odcisk&oacute;w palc&oacute;w i rozpoznawania twarzy.<\/p>\n<\/li>\n<li data-start=\"1900\" data-end=\"1997\">\n<p data-start=\"1902\" data-end=\"1997\"><strong data-start=\"1902\" data-end=\"1913\">Bateria<\/strong> &ndash; Podw&oacute;jne baterie z mo&#380;liwo&#347;ci&#261; wymiany podczas pracy, zapewniaj&#261;ce do 36 godzin pracy (z drug&#261; bateri&#261;).<\/p>\n<\/li>\n<li data-start=\"1998\" data-end=\"2092\">\n<p data-start=\"2000\" data-end=\"2092\"><strong data-start=\"2000\" data-end=\"2018\">Konfiguracje<\/strong> &ndash; dost&#281;pne zar&oacute;wno w wersji <strong data-start=\"2039\" data-end=\"2046\">NEW<\/strong>, jak i <strong data-start=\"2051\" data-end=\"2080\">Certified Pre-Owned (CPO)<\/strong>. Nowy jest obj&#281;ty standardow&#261; 3-letni&#261; gwarancj&#261;. Certyfikowany samoch&oacute;d u&#380;ywany jest obj&#281;ty 12-miesi&#281;czn&#261; gwarancj&#261;.  <\/p>\n<\/li>\n<\/ul><h2 data-start=\"2094\" data-end=\"2141\">Kluczowe zalety notebooka Panasonic Toughbook 40<\/h2><h3 data-start=\"2143\" data-end=\"2194\">Rugged Performance dla zada&#324; o znaczeniu krytycznym<\/h3><p data-start=\"2195\" data-end=\"2470\">Zbudowany z my&#347;l&#261; o najbardziej wymagaj&#261;cych &#347;rodowiskach, Toughbook 40 posiada certyfikat MIL-STD-810H i IP66, co oznacza, &#380;e jest nie tylko odporny na wstrz&#261;sy, kurz i wod&#281;, ale mo&#380;e r&oacute;wnie&#380; wytrzyma&#263; ekstremalne warunki &#347;rodowiskowe. Jego obudowa ze stopu magnezu zapewnia d&#322;ugotrwa&#322;&#261; wytrzyma&#322;o&#347;&#263;. <\/p><h3 data-start=\"2472\" data-end=\"2509\">Du&#380;y wy&#347;wietlacz czytelny w &#347;wietle dziennym<\/h3><p data-start=\"2510\" data-end=\"2713\">14-calowy ekran dotykowy FHD o jasno&#347;ci 1200 nit&oacute;w zapewnia widoczno&#347;&#263; w jasnym &#347;wietle s&#322;onecznym lub w trudnych warunkach terenowych. Obs&#322;uga wielodotyku w r&#281;kawicach poprawia u&#380;yteczno&#347;&#263; dla zespo&#322;&oacute;w outdoorowych i taktycznych. <\/p><h3 data-start=\"2715\" data-end=\"2740\">Elastyczno&#347;&#263; modu&#322;owa<\/h3><p data-start=\"2741\" data-end=\"2993\">Dzi&#281;ki czterem konfigurowalnym przez u&#380;ytkownika gniazdom rozszerze&#324;, Toughbook 40 dostosowuje si&#281; do r&oacute;&#380;nych przep&#322;yw&oacute;w pracy. Opcje obejmuj&#261; czytniki kod&oacute;w kreskowych, dodatkow&#261; pami&#281;&#263; masow&#261;, specjalistyczne porty lub dodatkowe jednostki zasilaj&#261;ce, co czyni go jednym z najbardziej wszechstronnych laptop&oacute;w typu rugged na rynku. <\/p><h3 data-start=\"2995\" data-end=\"3040\">D&#322;uga &#380;ywotno&#347;&#263; baterii z obs&#322;ug&#261; hot-swap<\/h3><p data-start=\"3041\" data-end=\"3250\">Wyposa&#380;ony w dwie baterie, kt&oacute;re mo&#380;na wymienia&#263; podczas pracy, Toughbook 40 zapewnia do 36 godzin pracy, gdy jest skonfigurowany z drug&#261; bateri&#261;. Zapewnia to ci&#261;g&#322;&#261; prac&#281; w terenie bez przestoj&oacute;w. <\/p><h3 data-start=\"3252\" data-end=\"3310\">Opcje dla ka&#380;dego bud&#380;etu: Nowe lub certyfikowane u&#380;ywane<\/h3><p data-start=\"3311\" data-end=\"3770\">W <strong data-start=\"3314\" data-end=\"3330\">Micro Nordic<\/strong> klienci mog&#261; wybiera&#263; mi&#281;dzy <strong data-start=\"3361\" data-end=\"3393\">zupe&#322;nie nowymi urz&#261;dzeniami Toughbook 40<\/strong> lub <strong data-start=\"3397\" data-end=\"3427\">modelami Certified Pre-Owned<\/strong>. Nowe modele zapewniaj&#261; najnowszy sprz&#281;t i pe&#322;ne wsparcie gwarancyjne, podczas gdy urz&#261;dzenia Certified Pre-Owned zosta&#322;y poddane gruntownej renowacji, testom i wymianie komponent&oacute;w, oferuj&#261;c niemal tak&#261; sam&#261; wydajno&#347;&#263; przy ni&#380;szych kosztach. Ta podw&oacute;jna oferta pozwala organizacjom dostosowa&#263; zakupy zar&oacute;wno do potrzeb operacyjnych, jak i ogranicze&#324; bud&#380;etowych.  <\/p><h2 data-start=\"3772\" data-end=\"3823\">Idealne przypadki u&#380;ycia dla tabletu Panasonic Toughbook 40<\/h2><ul data-start=\"3825\" data-end=\"4367\">\n<li data-start=\"3825\" data-end=\"3927\">\n<p data-start=\"3827\" data-end=\"3927\"><strong data-start=\"3827\" data-end=\"3858\">Obrona i egzekwowanie prawa<\/strong> &ndash; niezawodno&#347;&#263; o znaczeniu krytycznym z zabezpieczeniami opartymi na wielu uwierzytelnieniach.<\/p>\n<\/li>\n<li data-start=\"3928\" data-end=\"4040\">\n<p data-start=\"3930\" data-end=\"4040\"><strong data-start=\"3930\" data-end=\"3961\">Us&#322;ugi komunalne i terenowe<\/strong> &ndash; baterie wymieniane podczas pracy i modu&#322;owe dodatki dla elastycznych operacji w terenie.<\/p>\n<\/li>\n<li data-start=\"4041\" data-end=\"4145\">\n<p data-start=\"4043\" data-end=\"4145\"><strong data-start=\"4043\" data-end=\"4079\">Produkcja i przemys&#322; ci&#281;&#380;ki<\/strong> &ndash; Rugged odporny na wibracje, py&#322; i ekstremalne warunki.<\/p>\n<\/li>\n<li data-start=\"4146\" data-end=\"4247\">\n<p data-start=\"4148\" data-end=\"4247\"><strong data-start=\"4148\" data-end=\"4180\">Transport i logistyka<\/strong> &ndash; d&#322;ugi czas pracy i &#322;&#261;czno&#347;&#263; GPS do mobilnego zarz&#261;dzania flot&#261;.<\/p>\n<\/li>\n<li data-start=\"4248\" data-end=\"4367\">\n<p data-start=\"4250\" data-end=\"4367\"><strong data-start=\"4250\" data-end=\"4290\">Bezpiecze&#324;stwo publiczne i s&#322;u&#380;by ratunkowe<\/strong> &ndash; du&#380;y wy&#347;wietlacz i silna &#322;&#261;czno&#347;&#263; bezprzewodowa do pracy w czasie rzeczywistym.<\/p>\n<\/li>\n<\/ul><h2 data-start=\"4369\" data-end=\"4430\">Por&oacute;wnanie produkt&oacute;w: Alternatywy dla Panasonic Toughbook 40<\/h2><p data-start=\"4432\" data-end=\"4532\">Dla organizacji oceniaj&#261;cych alternatywy, inne laptopy Rugged Laptop dost&#281;pne w Micro Nordic obejmuj&#261;:<\/p><ul data-start=\"4534\" data-end=\"4923\">\n<li data-start=\"4534\" data-end=\"4659\">\n<p data-start=\"4536\" data-end=\"4659\"><a href=\"https:\/\/micronordic.com\/product\/panasonic-toughbook-fz-55\/\"><strong data-start=\"4536\" data-end=\"4562\">Panasonic Toughbook 55<\/strong> <\/a>&ndash; Modu&#322;owy laptop typu Semi-Rugged oferuj&#261;cy mniejsz&#261; wag&#281; i elastyczn&#261; rozbudow&#281; przy ni&#380;szych kosztach.<\/p>\n<\/li>\n<li data-start=\"4660\" data-end=\"4787\">\n<p data-start=\"4662\" data-end=\"4787\"><a href=\"https:\/\/micronordic.com\/product\/getac-b360-g2-fully-rugged-laptop\/\"><strong data-start=\"4662\" data-end=\"4699\">Getac B360 G2 Fully Rugged Laptop<\/strong><\/a> &ndash; W pe&#322;ni rugged Laptop 13,3&Prime; z systemem Windows stworzony z my&#347;l&#261; o mobilno&#347;ci w terenie w trudnych warunkach.<\/p>\n<\/li>\n<li data-start=\"4788\" data-end=\"4923\">\n<p data-start=\"4790\" data-end=\"4923\"><a href=\"https:\/\/micronordic.com\/product\/dell-latitude-7330-rugged-extreme\/\"><strong data-start=\"4790\" data-end=\"4834\">Dell Latitude 7330 Rugged Extreme Laptop<\/strong><\/a> &ndash; W pe&#322;ni rugged 13,3&Prime; laptop &#322;&#261;cz&#261;cy trwa&#322;o&#347;&#263; z siln&#261; integracj&#261; korporacyjn&#261;.<\/p>\n<\/li>\n<\/ul>\n","protected":false},"excerpt":{"rendered":"<h3>Specyfikacje:<\/h3>\n<ul>\n<li><strong>Wy\u015bwietlacz:<\/strong> 14\u2033 ekran dotykowy FHD (1920\u00d71080), 1200 nit\u00f3w, czytelny w \u015bwietle dziennym<\/li>\n<li><strong>Procesor:<\/strong> Intel\u00ae Core\u2122 i5\/i7 vPro\u2122, 11. generacji<\/li>\n<li><strong>Grafika:<\/strong> Zintegrowana grafika Intel\u00ae Iris\u00ae Xe<\/li>\n<li><strong>Pami\u0119\u0107:<\/strong> 16 GB (model podstawowy), z mo\u017cliwo\u015bci\u0105 rozbudowy do 64 GB RAM<\/li>\n<li><strong>Pami\u0119\u0107 masowa:<\/strong> 512 GB (model podstawowy), z mo\u017cliwo\u015bci\u0105 rozbudowy do 2 TB NVMe SSD<\/li>\n<li><strong>\u0141\u0105czno\u015b\u0107:<\/strong> Wi-Fi 6, Bluetooth 5.1, opcjonalnie 4G LTE\/5G, GPS<\/li>\n<li><strong>Certyfikaty rugged:<\/strong> MIL-STD-810H, IP66<\/li>\n<li><strong>Rozbudowa:<\/strong> Cztery modularne gniazda na pami\u0119\u0107 masow\u0105, porty lub czytniki uwierzytelniaj\u0105ce<\/li>\n<li><strong>Bateria:<\/strong> Podw\u00f3jne baterie z mo\u017cliwo\u015bci\u0105 wymiany podczas pracy, czas pracy do 36 godzin (z drug\u0105 bateri\u0105)<\/li>\n<li><strong>Wymiary i waga:<\/strong> 354 \u00d7 301 \u00d7 54,4 mm, ok. 3,35 kg <\/li>\n<li><strong>Gwarancja:<\/strong> 3-letnia gwarancja (NOWA) lub 12-miesi\u0119czna gwarancja (Certified Pre-Owned)<\/li>\n<\/ul>\n","protected":false},"author":24,"featured_media":99846,"template":"","meta":{"_acf_changed":false,"inline_featured_image":false},"product-condition":[5249],"product_brand":[8982],"product_cat":[5199,5201,5197],"product_tag":[],"class_list":{"0":"post-46204","1":"product","2":"type-product","3":"status-publish","4":"has-post-thumbnail","6":"product-condition-new-in-box","7":"product_brand-panasonic","8":"product_cat-panasonic-toughbook","9":"product_cat-all-rugged-laptops","10":"product_cat-new-in-box-rugged-hardware","12":"first","13":"instock","14":"taxable","15":"shipping-taxable","16":"purchasable","17":"product-type-simple"},"acf":[],"_links":{"self":[{"href":"https:\/\/micronordic.com\/pl\/wp-json\/wp\/v2\/product\/46204","targetHints":{"allow":["GET"]}}],"collection":[{"href":"https:\/\/micronordic.com\/pl\/wp-json\/wp\/v2\/product"}],"about":[{"href":"https:\/\/micronordic.com\/pl\/wp-json\/wp\/v2\/types\/product"}],"author":[{"embeddable":true,"href":"https:\/\/micronordic.com\/pl\/wp-json\/wp\/v2\/users\/24"}],"version-history":[{"count":2,"href":"https:\/\/micronordic.com\/pl\/wp-json\/wp\/v2\/product\/46204\/revisions"}],"predecessor-version":[{"id":98310,"href":"https:\/\/micronordic.com\/pl\/wp-json\/wp\/v2\/product\/46204\/revisions\/98310"}],"wp:featuredmedia":[{"embeddable":true,"href":"https:\/\/micronordic.com\/pl\/wp-json\/wp\/v2\/media\/99846"}],"wp:attachment":[{"href":"https:\/\/micronordic.com\/pl\/wp-json\/wp\/v2\/media?parent=46204"}],"wp:term":[{"taxonomy":"product-condition","embeddable":true,"href":"https:\/\/micronordic.com\/pl\/wp-json\/wp\/v2\/product-condition?post=46204"},{"taxonomy":"product_brand","embeddable":true,"href":"https:\/\/micronordic.com\/pl\/wp-json\/wp\/v2\/product_brand?post=46204"},{"taxonomy":"product_cat","embeddable":true,"href":"https:\/\/micronordic.com\/pl\/wp-json\/wp\/v2\/product_cat?post=46204"},{"taxonomy":"product_tag","embeddable":true,"href":"https:\/\/micronordic.com\/pl\/wp-json\/wp\/v2\/product_tag?post=46204"}],"curies":[{"name":"wp","href":"https:\/\/api.w.org\/{rel}","templated":true}]}}