{"id":46202,"date":"2022-07-22T15:50:54","date_gmt":"2022-07-22T13:50:54","guid":{"rendered":"https:\/\/micronordic.com\/product\/przenosny-komputer-reczny-honeywell-ct40-xp-odnowiony\/"},"modified":"2025-11-17T17:24:16","modified_gmt":"2025-11-17T16:24:16","slug":"honeywell-ct40xp-mobile-handheld-computer-refurbished","status":"publish","type":"product","link":"https:\/\/micronordic.com\/pl\/product\/honeywell-ct40xp-mobile-handheld-computer-refurbished\/","title":{"rendered":"Honeywell CT40 XP Handheld Mobile Computer (EX-DEMO)"},"content":{"rendered":"<?xml encoding=\"utf-8\" ?><h2 data-start=\"324\" data-end=\"379\">R&#281;czny komputer mobilny Honeywell Dolphin CT40 XP Handheld Mobile Computer<\/h2><p data-start=\"381\" data-end=\"730\"><strong data-start=\"385\" data-end=\"439\">Honeywell Dolphin CT40 XP Handheld Mobile Computer<\/strong> to wszechstronne urz&#261;dzenie klasy korporacyjnej zaprojektowane w celu poprawy wydajno&#347;ci, &#322;&#261;czno&#347;ci i do&#347;wiadczenia u&#380;ytkownika w wymagaj&#261;cych przep&#322;ywach pracy. &#321;&#261;cz&#261;c ergonomi&#281; w stylu smartfona z wytrzyma&#322;o&#347;ci&#261;, CT40 XP obs&#322;uguje nowoczesne aplikacje Android&trade; i zapewnia d&#322;ugotrwa&#322;&#261; wydajno&#347;&#263; biznesow&#261;.<\/p><p data-start=\"732\" data-end=\"798\">W <strong data-start=\"735\" data-end=\"751\">Micro Nordic<\/strong>, CT40 XP jest dost&#281;pny w dw&oacute;ch wersjach:<\/p><ul data-start=\"799\" data-end=\"1134\">\n<li data-start=\"799\" data-end=\"875\">\n<p data-start=\"801\" data-end=\"875\"><strong data-start=\"801\" data-end=\"818\">NOWO&#346;&#262; W PUDE&#321;KU:<\/strong> Fabrycznie zapiecz&#281;towane urz&#261;dzenie z pe&#322;n&#261; <strong>2-letni&#261; gwarancj&#261; producenta<\/strong>.<\/p>\n<\/li>\n<li data-start=\"876\" data-end=\"1134\">\n<p data-start=\"878\" data-end=\"1134\"><strong data-start=\"878\" data-end=\"890\">EX-DEMO:<\/strong> Przeceniona jednostka, kt&oacute;ra by&#322;a lekko u&#380;ywana do cel&oacute;w demonstracyjnych, z wymienion&#261; obudow&#261; i digitalizatorami. Wszystkie standardowe akcesoria s&#261; do&#322;&#261;czone, chyba &#380;e zaznaczono inaczej. Urz&#261;dzenia EX-DEMO s&#261; obj&#281;te <strong>12-miesi&#281;czn&#261; gwarancj&#261;<\/strong>.  <\/p>\n<\/li>\n<\/ul><p data-start=\"1136\" data-end=\"1308\">Ta podw&oacute;jna oferta daje organizacjom wyb&oacute;r mi&#281;dzy <strong data-start=\"1198\" data-end=\"1221\">najnowszymi zapiecz&#281;towanymi zapasami<\/strong> a <strong data-start=\"1227\" data-end=\"1262\">oszcz&#281;dn&#261; alternatyw&#261; EX-DEMO<\/strong>, kt&oacute;ra nadal zapewnia niezawodno&#347;&#263; klasy korporacyjnej.<\/p><h2 data-start=\"1310\" data-end=\"1352\">Kluczowe cechy Honeywell CT40 XP<\/h2><ul data-start=\"1354\" data-end=\"2402\">\n<li data-start=\"1354\" data-end=\"1461\">\n<p data-start=\"1356\" data-end=\"1461\"><strong data-start=\"1356\" data-end=\"1381\">Kompaktowa, wytrzyma&#322;a konstrukcja<\/strong> &ndash; lekka i ergonomiczna, stworzona z my&#347;l&#261; o handlu detalicznym, logistyce i mobilno&#347;ci w terenie.<\/p>\n<\/li>\n<li data-start=\"1462\" data-end=\"1579\">\n<p data-start=\"1464\" data-end=\"1579\"><strong data-start=\"1464\" data-end=\"1478\">Wytrzyma&#322;o&#347;&#263;<\/strong> &ndash; test MIL-STD-810G, odporno&#347;&#263; na upadek z wysoko&#347;ci 1,8 m (z os&#322;on&#261;) i stopie&#324; ochrony IP67 przed py&#322;em i wod&#261;.<\/p>\n<\/li>\n<li data-start=\"1580\" data-end=\"1689\">\n<p data-start=\"1582\" data-end=\"1689\"><strong data-start=\"1582\" data-end=\"1593\">Wy&#347;wietlacz<\/strong> &ndash; 5-calowy ekran dotykowy HD z mo&#380;liwo&#347;ci&#261; odczytu na zewn&#261;trz, obs&#322;ugiwany w r&#281;kawicach i w mokrych warunkach.<\/p>\n<\/li>\n<li data-start=\"1690\" data-end=\"1826\">\n<p data-start=\"1692\" data-end=\"1826\"><strong data-start=\"1692\" data-end=\"1707\">Wydajno&#347;&#263;<\/strong> &ndash; o&#347;miordzeniowy procesor Qualcomm Snapdragon&reg; 660 zapewnia p&#322;ynn&#261; wielozadaniowo&#347;&#263; i wydajno&#347;&#263; Android Enterprise-ready.<\/p>\n<\/li>\n<li data-start=\"1827\" data-end=\"1948\">\n<p data-start=\"1829\" data-end=\"1948\"><strong data-start=\"1829\" data-end=\"1849\">System operacyjny<\/strong> &ndash; Dostarczany z systemem Android 9, z mo&#380;liwo&#347;ci&#261; aktualizacji do systemu Android 11 i nowszych dzi&#281;ki Honeywell Mobility Edge&trade;.<\/p>\n<\/li>\n<li data-start=\"1949\" data-end=\"2062\">\n<p data-start=\"1951\" data-end=\"2062\"><strong data-start=\"1951\" data-end=\"1967\">Przechwytywanie danych<\/strong> &ndash; Zintegrowany imager Honeywell FlexRange&trade; do szybkiego skanowania kod&oacute;w kreskowych w kr&oacute;tkim i d&#322;ugim zasi&#281;gu.<\/p>\n<\/li>\n<li data-start=\"2063\" data-end=\"2191\">\n<p data-start=\"2065\" data-end=\"2191\"><strong data-start=\"2065\" data-end=\"2081\">&#379;ywotno&#347;&#263; baterii<\/strong> &ndash; Inteligentna bateria o du&#380;ej pojemno&#347;ci zaprojektowana do pracy w trybie pe&#322;nej zmiany, z mo&#380;liwo&#347;ci&#261; wymiany podczas pracy w celu wyd&#322;u&#380;enia czasu u&#380;ytkowania.<\/p>\n<\/li>\n<li data-start=\"2192\" data-end=\"2262\">\n<p data-start=\"2194\" data-end=\"2262\"><strong data-start=\"2194\" data-end=\"2210\">&#321;&#261;czno&#347;&#263;<\/strong> &ndash; Wi-Fi, Bluetooth 5.0, opcjonalnie 4G LTE i NFC.<\/p>\n<\/li>\n<li data-start=\"2263\" data-end=\"2402\">\n<p data-start=\"2265\" data-end=\"2402\"><strong data-start=\"2265\" data-end=\"2293\">Bezpiecze&#324;stwo i &#322;atwo&#347;&#263; zarz&#261;dzania<\/strong> &ndash; platforma Honeywell Mobility Edge&trade; zapewnia &#322;atki bezpiecze&#324;stwa w ca&#322;ym cyklu &#380;ycia i scentralizowane zarz&#261;dzanie urz&#261;dzeniami.<\/p>\n<\/li>\n<\/ul><h2 data-start=\"2404\" data-end=\"2436\">Kluczowe zalety CT40 XP<\/h2><h3 data-start=\"2438\" data-end=\"2462\">Rugged Yet Compact<\/h3><p data-start=\"2463\" data-end=\"2668\">CT40 XP zapewnia r&oacute;wnowag&#281; mi&#281;dzy obudow&#261; w stylu konsumenckim a ochron&#261; typu rugged. Jest odporny na codzienne upadki, wibracje i kurz, a jednocze&#347;nie smuk&#322;y i przeno&#347;ny dla pracownik&oacute;w pierwszej linii. <\/p><h3 data-start=\"2670\" data-end=\"2696\">Wydajno&#347;&#263; przez ca&#322;y dzie&#324;<\/h3><p data-start=\"2697\" data-end=\"2921\">Wydajny procesor Snapdragon, w po&#322;&#261;czeniu z d&#322;ugim czasem pracy baterii i funkcj&#261; wymiany podczas pracy, zapewnia nieprzerwan&#261; prac&#281; przez ca&#322;&#261; zmian&#281;. Pracownicy pozostaj&#261; w kontakcie i pozostaj&#261; produktywni, nawet w &#347;rodowiskach o wysokim zapotrzebowaniu. <\/p><h3 data-start=\"2923\" data-end=\"2952\">Przechwytywanie danych w przedsi&#281;biorstwie<\/h3><p data-start=\"2953\" data-end=\"3162\">Zintegrowany skaner FlexRange&trade; szybko odczytuje kody kreskowe z r&oacute;&#380;nych odleg&#322;o&#347;ci, nawet je&#347;li s&#261; uszkodzone lub &#378;le wydrukowane. Wspiera to zarz&#261;dzanie zapasami w handlu detalicznym, przep&#322;ywy pracy w logistyce i gromadzenie danych w terenie. <\/p><h3 data-start=\"3164\" data-end=\"3194\">Android Enterprise Ready<\/h3><p data-start=\"3195\" data-end=\"3388\">Dzi&#281;ki Honeywell Mobility Edge&trade; firmy korzystaj&#261; z rozszerzonego wsparcia dla systemu Android i regularnych aktualizacji zabezpiecze&#324;. Wyd&#322;u&#380;a to cykl &#380;ycia urz&#261;dzenia w por&oacute;wnaniu do smartfon&oacute;w klasy konsumenckiej. <\/p><h3 data-start=\"3390\" data-end=\"3438\">Elastyczno&#347;&#263; i oszcz&#281;dno&#347;&#263; koszt&oacute;w dzi&#281;ki jednostkom EX-DEMO<\/h3><p data-start=\"3439\" data-end=\"3679\">Wersje EX-DEMO CT40 XP daj&#261; organizacjom mo&#380;liwo&#347;&#263; zakupu w pe&#322;ni funkcjonalnego urz&#261;dzenia po obni&#380;onej cenie. Dzi&#281;ki nowym obudowom i digitalizatorom, urz&#261;dzenia te wygl&#261;daj&#261; jak nowe, oferuj&#261;c jednocze&#347;nie przyjazn&#261; dla bud&#380;etu alternatyw&#281;. <\/p><h2 data-start=\"3681\" data-end=\"3701\">Idealne przypadki u&#380;ycia<\/h2><ul data-start=\"3703\" data-end=\"4096\">\n<li data-start=\"3703\" data-end=\"3792\">\n<p data-start=\"3705\" data-end=\"3792\"><strong data-start=\"3705\" data-end=\"3729\">Handel detaliczny i hotelarstwo<\/strong> &ndash; mobilne punkty sprzeda&#380;y, zarz&#261;dzanie zapasami i zaanga&#380;owanie klient&oacute;w.<\/p>\n<\/li>\n<li data-start=\"3793\" data-end=\"3891\">\n<p data-start=\"3795\" data-end=\"3891\"><strong data-start=\"3795\" data-end=\"3820\">Transport i logistyka<\/strong> &ndash; skanowanie i komunikacja w czasie rzeczywistym w magazynach lub w podr&oacute;&#380;y.<\/p>\n<\/li>\n<li data-start=\"3892\" data-end=\"3984\">\n<p data-start=\"3894\" data-end=\"3984\"><strong data-start=\"3894\" data-end=\"3911\">Serwis w terenie<\/strong> &ndash; niezawodne przechwytywanie danych i &#322;&#261;czno&#347;&#263; dla technik&oacute;w w terenie.<\/p>\n<\/li>\n<li data-start=\"3985\" data-end=\"4096\">\n<p data-start=\"3987\" data-end=\"4096\"><strong data-start=\"3987\" data-end=\"4001\">Opieka zdrowotna<\/strong> &ndash; Wytrzyma&#322;y, a jednocze&#347;nie lekki, odpowiedni do pracy z pacjentami (z dedykowanymi akcesoriami).<\/p>\n<\/li>\n<\/ul><h2 data-start=\"4098\" data-end=\"4154\">Por&oacute;wnanie produkt&oacute;w: Alternatywy dla Honeywell CT40 XP<\/h2><p data-start=\"4156\" data-end=\"4263\">Organizacje rozwa&#380;aj&#261;ce alternatywy dla CT40 XP mog&#261; zapozna&#263; si&#281; z innymi wytrzyma&#322;ymi urz&#261;dzeniami przeno&#347;nymi w Micro Nordic:<\/p><ul data-start=\"4265\" data-end=\"4672\">\n<li data-start=\"4265\" data-end=\"4407\">\n<p data-start=\"4267\" data-end=\"4407\"><a href=\"https:\/\/micronordic.com\/product\/zebra-tc52-mobile-handheld-computer-refurbished\/\"><strong data-start=\"4267\" data-end=\"4316\">Zebra TC52 Handheld Mobile Computer <\/strong><\/a> &ndash; Sprawdzone, starsze urz&#261;dzenie z systemem Android dost&#281;pne w wersji odnowionej, idealne dla nabywc&oacute;w zwracaj&#261;cych uwag&#281; na koszty.<\/p>\n<\/li>\n<li data-start=\"4408\" data-end=\"4539\">\n<p data-start=\"4410\" data-end=\"4539\"><a href=\"https:\/\/micronordic.com\/product\/zebra-tc58-handheld-mobile-computer\/\"><strong data-start=\"4410\" data-end=\"4453\">Zebra TC58 Handheld Mobile Computer <\/strong><\/a> &ndash; Komputer r&#281;czny nowszej generacji z systemem Android, &#322;&#261;czno&#347;ci&#261; 5G i wydajniejszym przetwarzaniem.<\/p>\n<\/li>\n<li><a href=\"https:\/\/micronordic.com\/product\/honeywell-ck65-mobile-handheld-computer-refurbished\/\"><strong data-start=\"4542\" data-end=\"4585\">Honeywell CK65 Handheld <\/strong><\/a><strong data-start=\"4542\" data-end=\"4585\"><a href=\"https:\/\/micronordic.com\/product\/honeywell-ck65-mobile-handheld-computer-refurbished\/\">Komputer przeno&#347;ny<\/a><\/strong> &ndash; Wi&#281;kszy rugged handheld z rozszerzonym zakresem skanowania i opcjami fizycznej klawiatury.<\/li>\n<\/ul>\n","protected":false},"excerpt":{"rendered":"<p>WYBIERZ WARIANT PONI\u017bEJ! Zadzwo\u0144 do nas, je\u015bli potrzebujesz pomocy w znalezieniu odpowiedniego wariantu produktu. <\/p>\n<h3>Specyfikacje:<\/h3>\n<ul>\n<li><strong>Wy\u015bwietlacz:<\/strong> 5\u2033 HD (1280\u00d7720), czytelny w \u015bwietle s\u0142onecznym, obs\u0142uga dotyku w r\u0119kawiczkach i na mokro<\/li>\n<li><strong>Procesor:<\/strong> O\u015bmiordzeniowy Qualcomm Snapdragon\u00ae 660, 2,2 GHz<\/li>\n<li><strong>Uk\u0142ad graficzny:<\/strong> Adreno\u2122 GPU<\/li>\n<li><strong>Pami\u0119\u0107:<\/strong> 3 GB lub 4 GB RAM<\/li>\n<li><strong>Pami\u0119\u0107 masowa:<\/strong> 32 GB lub 64 GB flash, z mo\u017cliwo\u015bci\u0105 rozszerzenia za pomoc\u0105 microSD<\/li>\n<li><strong>\u0141\u0105czno\u015b\u0107:<\/strong> Wi-Fi, Bluetooth 5.0, opcjonalnie 4G LTE, NFC<\/li>\n<li><strong>Certyfikaty rugged:<\/strong> MIL-STD-810G, IP67, odporno\u015b\u0107 na upadek z wysoko\u015bci 1,8 m (z baga\u017cnikiem)<\/li>\n<li><strong>Bezpiecze\u0144stwo:<\/strong> Honeywell Mobility Edge\u2122, regularna obs\u0142uga poprawek Androida<\/li>\n<li><strong>Bateria:<\/strong> wymienna bateria litowo-jonowa 4040 mAh, z mo\u017cliwo\u015bci\u0105 wymiany podczas pracy<\/li>\n<li><strong>Wymiary i waga:<\/strong> 162 \u00d7 77 \u00d7 18 mm, ok. 280 g <\/li>\n<li><strong>Gwarancja:<\/strong> NEW-IN-BOX z pe\u0142n\u0105 2-letni\u0105 gwarancj\u0105, EX-DEMO z 12-miesi\u0119czn\u0105 ograniczon\u0105 gwarancj\u0105<\/li>\n<\/ul>\n<p><strong>Wybierz odpowiedni model poni\u017cej przed dodaniem go do koszyka<\/strong><\/p>\n","protected":false},"author":24,"featured_media":100508,"template":"","meta":{"_acf_changed":false,"inline_featured_image":false},"product-condition":[5279],"product_brand":[8970],"product_cat":[5196,5200,5198],"product_tag":[],"class_list":{"0":"post-46202","1":"product","2":"type-product","3":"status-publish","4":"has-post-thumbnail","6":"product-condition-ex-demo","7":"product_brand-honeywell-intermec","8":"product_cat-honeywell-intermec","9":"product_cat-all-barcode-scanners","10":"product_cat-refurbished-rugged-hardware","11":"pa_model-part-number-ct40p-l0n-27r11de","12":"pa_model-part-number-ct40p-l1n-26r11be","13":"pa_model-part-number-ct40p-l1n-27r11be","14":"pa_model-part-number-ct40p-l1n-28r11be","16":"first","17":"instock","18":"taxable","19":"shipping-taxable","20":"purchasable","21":"product-type-variable"},"acf":[],"_links":{"self":[{"href":"https:\/\/micronordic.com\/pl\/wp-json\/wp\/v2\/product\/46202","targetHints":{"allow":["GET"]}}],"collection":[{"href":"https:\/\/micronordic.com\/pl\/wp-json\/wp\/v2\/product"}],"about":[{"href":"https:\/\/micronordic.com\/pl\/wp-json\/wp\/v2\/types\/product"}],"author":[{"embeddable":true,"href":"https:\/\/micronordic.com\/pl\/wp-json\/wp\/v2\/users\/24"}],"version-history":[{"count":5,"href":"https:\/\/micronordic.com\/pl\/wp-json\/wp\/v2\/product\/46202\/revisions"}],"predecessor-version":[{"id":98219,"href":"https:\/\/micronordic.com\/pl\/wp-json\/wp\/v2\/product\/46202\/revisions\/98219"}],"wp:featuredmedia":[{"embeddable":true,"href":"https:\/\/micronordic.com\/pl\/wp-json\/wp\/v2\/media\/100508"}],"wp:attachment":[{"href":"https:\/\/micronordic.com\/pl\/wp-json\/wp\/v2\/media?parent=46202"}],"wp:term":[{"taxonomy":"product-condition","embeddable":true,"href":"https:\/\/micronordic.com\/pl\/wp-json\/wp\/v2\/product-condition?post=46202"},{"taxonomy":"product_brand","embeddable":true,"href":"https:\/\/micronordic.com\/pl\/wp-json\/wp\/v2\/product_brand?post=46202"},{"taxonomy":"product_cat","embeddable":true,"href":"https:\/\/micronordic.com\/pl\/wp-json\/wp\/v2\/product_cat?post=46202"},{"taxonomy":"product_tag","embeddable":true,"href":"https:\/\/micronordic.com\/pl\/wp-json\/wp\/v2\/product_tag?post=46202"}],"curies":[{"name":"wp","href":"https:\/\/api.w.org\/{rel}","templated":true}]}}