{"id":46200,"date":"2022-07-22T14:53:22","date_gmt":"2022-07-22T12:53:22","guid":{"rendered":"https:\/\/micronordic.com\/product\/przenosny-komputer-reczny-honeywell-dolphin-ct40-odnowiony\/"},"modified":"2025-11-17T17:44:57","modified_gmt":"2025-11-17T16:44:57","slug":"honeywell-dolphin-ct40-mobile-handheld-computer","status":"publish","type":"product","link":"https:\/\/micronordic.com\/pl\/product\/honeywell-dolphin-ct40-mobile-handheld-computer\/","title":{"rendered":"Honeywell Dolphin CT40 Handheld Mobile Computer (EX-DEMO)"},"content":{"rendered":"<?xml encoding=\"utf-8\" ?><h2 data-start=\"299\" data-end=\"361\">Honeywell Dolphin CT40 Handheld Mobile Computer (EX-DEMO)<\/h2><p data-start=\"363\" data-end=\"680\"><strong data-start=\"367\" data-end=\"418\">Handheld Mobile Computer Honeywell Dolphin CT40<\/strong> zosta&#322; zaprojektowany w celu usprawnienia handlu detalicznego, transportu i pracy w terenie dzi&#281;ki mocy urz&#261;dzenia klasy korporacyjnej z systemem Android. Kompaktowy, lekki i wystarczaj&#261;co wytrzyma&#322;y do codziennego u&#380;ytku, zapewnia idealne po&#322;&#261;czenie ergonomii w stylu konsumenckim i profesjonalnej trwa&#322;o&#347;ci. <\/p><p data-start=\"682\" data-end=\"752\">W <strong data-start=\"685\" data-end=\"701\">Micro Nordic<\/strong>, Honeywell CT40 jest dost&#281;pny w dw&oacute;ch opcjach:<\/p><ul data-start=\"753\" data-end=\"1078\">\n<li data-start=\"753\" data-end=\"839\">\n<p data-start=\"755\" data-end=\"839\"><strong data-start=\"755\" data-end=\"772\">NOWE W PUDE&#321;KU<\/strong> Fabrycznie zapiecz&#281;towane, nietkni&#281;te urz&#261;dzenia z pe&#322;n&#261; 2-letni&#261; gwarancj&#261; producenta.<\/p>\n<\/li>\n<li data-start=\"840\" data-end=\"1078\">\n<p data-start=\"842\" data-end=\"1078\"><strong data-start=\"842\" data-end=\"854\">EX-DEMO:<\/strong> Lekko u&#380;ywane urz&#261;dzenia demonstracyjne odnowione z nowymi obudowami i digitizerami. S&#261; one dost&#281;pne w obni&#380;onej cenie, zawieraj&#261; wszystkie standardowe akcesoria (o ile nie okre&#347;lono inaczej) i s&#261; obj&#281;te 12-miesi&#281;czn&#261; gwarancj&#261;. <\/p>\n<\/li>\n<\/ul><p data-start=\"1080\" data-end=\"1243\">Daje to firmom swobod&#281; wyboru mi&#281;dzy <strong data-start=\"1132\" data-end=\"1151\">nowym sprz&#281;tem<\/strong> a <strong data-start=\"1157\" data-end=\"1196\">niedrog&#261; alternatyw&#261; EX-DEMO<\/strong>, kt&oacute;ra nadal spe&#322;nia standardy korporacyjne.<\/p><h2 data-start=\"1245\" data-end=\"1284\">Kluczowe cechy Honeywell CT40<\/h2><ul data-start=\"1286\" data-end=\"2127\">\n<li data-start=\"1286\" data-end=\"1401\">\n<p data-start=\"1288\" data-end=\"1401\"><strong data-start=\"1288\" data-end=\"1317\">Smuk&#322;a i ergonomiczna konstrukcja<\/strong> &ndash; &#322;atwa do przenoszenia, stworzona dla pracownik&oacute;w pierwszej linii w handlu detalicznym, logistyce i hotelarstwie.<\/p>\n<\/li>\n<li data-start=\"1402\" data-end=\"1481\">\n<p data-start=\"1404\" data-end=\"1481\"><strong data-start=\"1404\" data-end=\"1418\">Wytrzyma&#322;o&#347;&#263;<\/strong> &ndash; Stopie&#324; ochrony IP64 i odporno&#347;&#263; na upadek z wysoko&#347;ci 1,2 m (1,5 m z os&#322;on&#261;).<\/p>\n<\/li>\n<li data-start=\"1482\" data-end=\"1566\">\n<p data-start=\"1484\" data-end=\"1566\"><strong data-start=\"1484\" data-end=\"1495\">Wy&#347;wietlacz<\/strong> &ndash; 5-calowy ekran dotykowy HD, czytelny na zewn&#261;trz i obs&#322;ugiwany w r&#281;kawiczkach.<\/p>\n<\/li>\n<li data-start=\"1567\" data-end=\"1662\">\n<p data-start=\"1569\" data-end=\"1662\"><strong data-start=\"1569\" data-end=\"1584\">Wydajno&#347;&#263;<\/strong> &ndash; o&#347;miordzeniowy procesor Qualcomm Snapdragon&trade; 660 zapewnia p&#322;ynn&#261; obs&#322;ug&#281; aplikacji.<\/p>\n<\/li>\n<li data-start=\"1663\" data-end=\"1762\">\n<p data-start=\"1665\" data-end=\"1762\"><strong data-start=\"1665\" data-end=\"1685\">System operacyjny<\/strong> &ndash; Android&trade; z obs&#322;ug&#261; zarz&#261;dzania cyklem &#380;ycia Honeywell Mobility Edge&trade;.<\/p>\n<\/li>\n<li data-start=\"1763\" data-end=\"1852\">\n<p data-start=\"1765\" data-end=\"1852\"><strong data-start=\"1765\" data-end=\"1781\">Przechwytywanie danych<\/strong> &ndash; wysokowydajny imager 2D do szybkiego i dok&#322;adnego skanowania kod&oacute;w kreskowych.<\/p>\n<\/li>\n<li data-start=\"1853\" data-end=\"1936\">\n<p data-start=\"1855\" data-end=\"1936\"><strong data-start=\"1855\" data-end=\"1871\">&#321;&#261;czno&#347;&#263;<\/strong> &ndash; Wi-Fi, Bluetooth 5.0, NFC i opcjonalnie 4G LTE dla mobilno&#347;ci.<\/p>\n<\/li>\n<li data-start=\"1937\" data-end=\"2016\">\n<p data-start=\"1939\" data-end=\"2016\"><strong data-start=\"1939\" data-end=\"1950\">Bateria<\/strong> &ndash; bateria o d&#322;ugiej &#380;ywotno&#347;ci umo&#380;liwia wymian&#281; podczas pracy, aby zminimalizowa&#263; przestoje.<\/p>\n<\/li>\n<li data-start=\"2017\" data-end=\"2127\">\n<p data-start=\"2019\" data-end=\"2127\"><strong data-start=\"2019\" data-end=\"2047\">Bezpiecze&#324;stwo i &#322;atwo&#347;&#263; zarz&#261;dzania<\/strong> &ndash; Wbudowane zabezpieczenia korporacyjne z regularn&#261; obs&#322;ug&#261; poprawek za po&#347;rednictwem Mobility Edge&trade;.<\/p>\n<\/li>\n<\/ul><h2 data-start=\"2129\" data-end=\"2168\">Kluczowe zalety Honeywell CT40<\/h2><h3 data-start=\"2170\" data-end=\"2200\">Codzienna mobilno&#347;&#263; w stylu rugged<\/h3><p data-start=\"2201\" data-end=\"2383\">CT40 jest smuk&#322;y i lekki, dzi&#281;ki czemu jest wygodny podczas d&#322;ugich zmian, a jednocze&#347;nie oferuje wytrzyma&#322;o&#347;&#263; klasy korporacyjnej, aby wytrzyma&#263; upadki, uderzenia oraz nara&#380;enie na kurz i wod&#281;.<\/p><h3 data-start=\"2385\" data-end=\"2421\">Stworzony dla handlu detalicznego i logistyki<\/h3><p data-start=\"2422\" data-end=\"2573\">Zaprojektowany do zarz&#261;dzania zapasami, mobilnych punkt&oacute;w sprzeda&#380;y i komunikacji w czasie rzeczywistym, CT40 pomaga zmniejszy&#263; liczb&#281; b&#322;&#281;d&oacute;w i zwi&#281;kszy&#263; produktywno&#347;&#263; w r&oacute;&#380;nych bran&#380;ach.<\/p><h3 data-start=\"2575\" data-end=\"2598\">Szybkie przechwytywanie danych<\/h3><p data-start=\"2599\" data-end=\"2765\">Dzi&#281;ki zintegrowanemu imagerowi 2D, CT40 szybko skanuje kody kreskowe, nawet je&#347;li s&#261; uszkodzone lub &#378;le wydrukowane &ndash; co jest niezb&#281;dne w przypadku du&#380;ych przep&#322;yw&oacute;w pracy w handlu detalicznym i magazynowaniu.<\/p><h3 data-start=\"2767\" data-end=\"2799\">D&#322;ugoterminowe wsparcie platformy<\/h3><p data-start=\"2800\" data-end=\"2981\">Honeywell Mobility Edge&trade; zapewnia rozszerzone wsparcie cyklu &#380;ycia systemu Android i regularne poprawki zabezpiecze&#324;, dzi&#281;ki czemu urz&#261;dzenie jest bezpieczne i aktualne d&#322;u&#380;ej ni&#380; typowe smartfony konsumenckie.<\/p><h3 data-start=\"2983\" data-end=\"3009\">Opcja warto&#347;ci EX-DEMO<\/h3><p data-start=\"3010\" data-end=\"3220\">Firmy mog&#261; znacznie obni&#380;y&#263; koszty dzi&#281;ki wersjom EX-DEMO CT40. Urz&#261;dzenia te s&#261; odnowione do stanu zbli&#380;onego do nowego, oferuj&#261;c tak&#261; sam&#261; wydajno&#347;&#263; jak nowe modele, ale za u&#322;amek ich ceny. <\/p><h2 data-start=\"3222\" data-end=\"3242\">Idealne przypadki u&#380;ycia<\/h2><ul data-start=\"3244\" data-end=\"3619\">\n<li data-start=\"3244\" data-end=\"3343\">\n<p data-start=\"3246\" data-end=\"3343\"><strong data-start=\"3246\" data-end=\"3270\">Handel detaliczny i hotelarstwo<\/strong> &ndash; zarz&#261;dzanie zapasami, mobilne punkty sprzeda&#380;y i operacje w sklepie.<\/p>\n<\/li>\n<li data-start=\"3344\" data-end=\"3438\">\n<p data-start=\"3346\" data-end=\"3438\"><strong data-start=\"3346\" data-end=\"3371\">Transport i logistyka<\/strong> &ndash; &#347;ledzenie paczek, mobilno&#347;&#263; floty i wymiana danych w czasie rzeczywistym.<\/p>\n<\/li>\n<li data-start=\"3439\" data-end=\"3519\">\n<p data-start=\"3441\" data-end=\"3519\"><strong data-start=\"3441\" data-end=\"3458\">Serwis w terenie<\/strong> &ndash; Trwa&#322;e i przeno&#347;ne urz&#261;dzenie dla technik&oacute;w w podr&oacute;&#380;y.<\/p>\n<\/li>\n<li data-start=\"3520\" data-end=\"3619\">\n<p data-start=\"3522\" data-end=\"3619\"><strong data-start=\"3522\" data-end=\"3536\">Opieka zdrowotna<\/strong> &ndash; Kompatybilny z akcesoriami do u&#380;ytku w opiece nad pacjentem i &#347;rodowiskach szpitalnych.<\/p>\n<\/li>\n<\/ul><h2 data-start=\"3621\" data-end=\"3674\">Por&oacute;wnanie produkt&oacute;w: Alternatywy dla Honeywell CT40<\/h2><p data-start=\"3676\" data-end=\"3758\">Dla organizacji oceniaj&#261;cych inne rozwi&#261;zania przeno&#347;ne, Micro Nordic oferuje r&oacute;wnie&#380;:<\/p><ul data-start=\"3760\" data-end=\"4140\">\n<li data-start=\"3760\" data-end=\"3888\">\n<p data-start=\"3762\" data-end=\"3888\"><a href=\"https:\/\/micronordic.com\/product\/honeywell-ct40xp-mobile-handheld-computer-refurbished\/\"><strong data-start=\"3762\" data-end=\"3808\">R&#281;czny komputer mobilny Honeywell CT40 XP Handheld Mobile Computer<\/strong><\/a> &ndash; Bardziej zaawansowany nast&#281;pca o zwi&#281;kszonej wytrzyma&#322;o&#347;ci i skanowaniu FlexRange&trade;.<\/p>\n<\/li>\n<li data-start=\"3889\" data-end=\"4026\">\n<p data-start=\"3891\" data-end=\"4026\"><a href=\"https:\/\/micronordic.com\/product\/zebra-tc52-mobile-handheld-computer-refurbished\/\"><strong data-start=\"3891\" data-end=\"3940\">Zebra TC52 Handheld Mobile Computer <\/strong> <\/a>&ndash; Sprawdzone urz&#261;dzenie z systemem Android dost&#281;pne w wersji odnowionej, zapewniaj&#261;ce ekonomiczn&#261; mobilno&#347;&#263; w trybie rugged.<\/p>\n<\/li>\n<li data-start=\"4027\" data-end=\"4140\">\n<p data-start=\"4029\" data-end=\"4140\"><a href=\"https:\/\/micronordic.com\/product\/zebra-tc58-handheld-mobile-computer\/\"><strong data-start=\"4029\" data-end=\"4066\">Zebra TC58 Handheld Mobile Computer<\/strong> <\/a>&ndash; Nowoczesny, przystosowany do sieci 5G komputer r&#281;czny typu rugged z zaawansowanymi funkcjami klasy korporacyjnej.<\/p>\n<\/li>\n<\/ul><div class=\"description-part-numbers\"><br>Model Part numbers<br>CT40-L0N-27C21AE | CT40-L0N-28C11AE | CT40-L1N-28C11BE | CT40-L0N-2SC210E | CT40-L1N-1NC210E | CT40-L1N-2SC210E | CT40-L1N-27C21BE | CT40-L0N-27C11AE | CT40-L0N-27C11DE | CT40-L1N-27C11BE<\/div>\n","protected":false},"excerpt":{"rendered":"<p>WYBIERZ WARIANT PONI\u017bEJ! Zadzwo\u0144 do nas, je\u015bli potrzebujesz pomocy w znalezieniu odpowiedniego wariantu produktu. <\/p>\n<h3>Specyfikacje:<\/h3>\n<ul>\n<li><strong>Wy\u015bwietlacz:<\/strong> 5\u2033 HD (1280\u00d7720), czytelny na zewn\u0105trz ekran dotykowy<\/li>\n<li><strong>Procesor:<\/strong> O\u015bmiordzeniowy Qualcomm Snapdragon\u2122 660, 2,2 GHz<\/li>\n<li><strong>Grafika:<\/strong> Zintegrowany procesor graficzny Adreno<\/li>\n<li><strong>Pami\u0119\u0107:<\/strong> 2 GB lub 4 GB RAM<\/li>\n<li><strong>Pami\u0119\u0107 masowa:<\/strong> 16 GB, 32 GB lub 64 GB pami\u0119ci flash, z mo\u017cliwo\u015bci\u0105 rozszerzenia za pomoc\u0105 karty microSD<\/li>\n<li><strong>\u0141\u0105czno\u015b\u0107:<\/strong> Wi-Fi, Bluetooth 5.0, NFC, opcjonalnie 4G LTE<\/li>\n<li><strong>Certyfikaty rugged:<\/strong> IP64, odporno\u015b\u0107 na upadek z wysoko\u015bci 1,2 m (1,5 m z baga\u017cnikiem)<\/li>\n<li><strong>Bezpiecze\u0144stwo:<\/strong> Honeywell Mobility Edge\u2122 z rozszerzonym wsparciem cyklu \u017cycia<\/li>\n<li><strong>Bateria:<\/strong> Wyjmowana bateria litowo-jonowa z mo\u017cliwo\u015bci\u0105 wymiany podczas pracy<\/li>\n<li><strong>Wymiary i waga:<\/strong> 162 \u00d7 77 \u00d7 18 mm, ok. 278 g <\/li>\n<li><strong>Gwarancja:<\/strong> Nowy w pude\u0142ku z pe\u0142n\u0105 2-letni\u0105 gwarancj\u0105, EX-DEMO z 12-miesi\u0119czn\u0105 ograniczon\u0105 gwarancj\u0105.<\/li>\n<\/ul>\n<p><strong>Wybierz odpowiedni model poni\u017cej przed dodaniem go do koszyka<\/strong><\/p>\n","protected":false},"author":24,"featured_media":100508,"template":"","meta":{"_acf_changed":false,"inline_featured_image":false},"product-condition":[5279],"product_brand":[8970],"product_cat":[5196,5200,5198],"product_tag":[],"class_list":{"0":"post-46200","1":"product","2":"type-product","3":"status-publish","4":"has-post-thumbnail","6":"product-condition-ex-demo","7":"product_brand-honeywell-intermec","8":"product_cat-honeywell-intermec","9":"product_cat-all-barcode-scanners","10":"product_cat-refurbished-rugged-hardware","12":"first","13":"instock","14":"taxable","15":"shipping-taxable","16":"purchasable","17":"product-type-variable"},"acf":[],"_links":{"self":[{"href":"https:\/\/micronordic.com\/pl\/wp-json\/wp\/v2\/product\/46200","targetHints":{"allow":["GET"]}}],"collection":[{"href":"https:\/\/micronordic.com\/pl\/wp-json\/wp\/v2\/product"}],"about":[{"href":"https:\/\/micronordic.com\/pl\/wp-json\/wp\/v2\/types\/product"}],"author":[{"embeddable":true,"href":"https:\/\/micronordic.com\/pl\/wp-json\/wp\/v2\/users\/24"}],"version-history":[{"count":2,"href":"https:\/\/micronordic.com\/pl\/wp-json\/wp\/v2\/product\/46200\/revisions"}],"predecessor-version":[{"id":98234,"href":"https:\/\/micronordic.com\/pl\/wp-json\/wp\/v2\/product\/46200\/revisions\/98234"}],"wp:featuredmedia":[{"embeddable":true,"href":"https:\/\/micronordic.com\/pl\/wp-json\/wp\/v2\/media\/100508"}],"wp:attachment":[{"href":"https:\/\/micronordic.com\/pl\/wp-json\/wp\/v2\/media?parent=46200"}],"wp:term":[{"taxonomy":"product-condition","embeddable":true,"href":"https:\/\/micronordic.com\/pl\/wp-json\/wp\/v2\/product-condition?post=46200"},{"taxonomy":"product_brand","embeddable":true,"href":"https:\/\/micronordic.com\/pl\/wp-json\/wp\/v2\/product_brand?post=46200"},{"taxonomy":"product_cat","embeddable":true,"href":"https:\/\/micronordic.com\/pl\/wp-json\/wp\/v2\/product_cat?post=46200"},{"taxonomy":"product_tag","embeddable":true,"href":"https:\/\/micronordic.com\/pl\/wp-json\/wp\/v2\/product_tag?post=46200"}],"curies":[{"name":"wp","href":"https:\/\/api.w.org\/{rel}","templated":true}]}}