{"id":46196,"date":"2021-08-24T14:07:48","date_gmt":"2021-08-24T12:07:48","guid":{"rendered":"https:\/\/micronordic.com\/product\/przenosny-komputer-reczny-honeywell-intermec-ck75-odnowiony\/"},"modified":"2025-11-20T18:15:38","modified_gmt":"2025-11-20T17:15:38","slug":"honeywell-intermec-ck75-mobile-handheld-computer-refurbished","status":"publish","type":"product","link":"https:\/\/micronordic.com\/pl\/product\/honeywell-intermec-ck75-mobile-handheld-computer-refurbished\/","title":{"rendered":"Honeywell CK75 Handheld Mobile Computer (EX-DEMO)"},"content":{"rendered":"<?xml encoding=\"utf-8\" ?><h2 data-start=\"306\" data-end=\"358\">R&#281;czny komputer mobilny Honeywell CK75 Handheld Mobile Computer (EX-DEMO)<\/h2><p data-start=\"360\" data-end=\"674\"><strong data-start=\"364\" data-end=\"407\">Handheld Mobile Computer Honeywell CK75<\/strong> to ultra-wytrzyma&#322;e urz&#261;dzenie mobilne zaprojektowane do pracy w ekstremalnych warunkach przemys&#322;owych i logistycznych. Kompaktowy, ale pot&#281;&#380;ny, &#322;&#261;czy w sobie zaawansowane skanowanie, elastyczne opcje systemu operacyjnego i wyj&#261;tkow&#261; trwa&#322;o&#347;&#263;, aby zapewni&#263; pracownikom produktywno&#347;&#263; w najtrudniejszych warunkach.<\/p><p>W <strong data-start=\"679\" data-end=\"695\">Micro Nordic<\/strong>, CK75 jest dost&#281;pny w wersji <strong data-start=\"722\" data-end=\"739\">EX-DEMO<\/strong>. Urz&#261;dzenia te by&#322;y kr&oacute;tko u&#380;ywane do demonstracji, profesjonalnie odnowione z nowymi plastikami i digitizerami, w pe&#322;ni przetestowane i zweryfikowane pod k&#261;tem wydajno&#347;ci. S&#261; one obj&#281;te 12-miesi&#281;czn&#261; gwarancj&#261;, oferuj&#261;c firmom najwy&#380;szej jako&#347;ci technologi&#281; rugged po obni&#380;onej cenie.<\/p><h2 data-start=\"1030\" data-end=\"1067\">Kluczowe cechy Honeywell CK75<\/h2><ul data-start=\"1069\" data-end=\"2250\">\n<li data-start=\"1069\" data-end=\"1186\">\n<p data-start=\"1071\" data-end=\"1186\"><strong data-start=\"1071\" data-end=\"1100\">Bardzo wytrzyma&#322;a konstrukcja<\/strong> &ndash; certyfikat IP67, test upadku z wysoko&#347;ci 2,4 m (8 st&oacute;p) i wytrzyma&#322;o&#347;&#263; na 2000 upadk&oacute;w.<\/p>\n<\/li>\n<li data-start=\"1187\" data-end=\"1304\">\n<p data-start=\"1189\" data-end=\"1304\"><strong data-start=\"1189\" data-end=\"1221\">Kompaktowa i lekka konstrukcja<\/strong> &ndash; oko&#322;o 31% mniejsza i l&#380;ejsza ni&#380; por&oacute;wnywalne urz&#261;dzenia typu ultra-rugged.<\/p>\n<\/li>\n<li data-start=\"1305\" data-end=\"1423\">\n<p data-start=\"1307\" data-end=\"1423\"><strong data-start=\"1307\" data-end=\"1337\">Elastyczne systemy operacyjne<\/strong> &ndash; obs&#322;uguje zar&oacute;wno Windows Embedded Handheld 6.5, jak i Android 6.0 dla p&#322;ynnej migracji.<\/p>\n<\/li>\n<li data-start=\"1424\" data-end=\"1537\">\n<p data-start=\"1426\" data-end=\"1537\"><strong data-start=\"1426\" data-end=\"1454\">Imager 2D o rozszerzonym zasi&#281;gu<\/strong> &ndash; odczytuje kody kreskowe z kr&oacute;tkiego i d&#322;ugiego zasi&#281;gu, zwi&#281;kszaj&#261;c dok&#322;adno&#347;&#263; i produktywno&#347;&#263;.<\/p>\n<\/li>\n<li data-start=\"1538\" data-end=\"1664\">\n<p data-start=\"1540\" data-end=\"1664\"><strong data-start=\"1540\" data-end=\"1574\">Dost&#281;pna wersja do przechowywania w niskich temperaturach<\/strong> &ndash; opcjonalny podgrzewany wy&#347;wietlacz i okno skanera dla &#347;rodowisk zamra&#380;arek i ch&#322;odni.<\/p>\n<\/li>\n<li data-start=\"1665\" data-end=\"1771\">\n<p data-start=\"1667\" data-end=\"1771\"><strong data-start=\"1667\" data-end=\"1692\">&#321;&#261;czno&#347;&#263; bezprzewodowa<\/strong> &ndash; dwuzakresowe Wi-Fi (802.11 a\/b\/g\/n) i Bluetooth zapewniaj&#261;ce niezawodn&#261; komunikacj&#281;.<\/p>\n<\/li>\n<li data-start=\"1772\" data-end=\"1882\">\n<p data-start=\"1774\" data-end=\"1882\"><strong data-start=\"1774\" data-end=\"1797\">Wydajny procesor<\/strong> &ndash; dwurdzeniowy procesor 1,5 GHz zapewnia wysok&#261; wydajno&#347;&#263; aplikacji.<\/p>\n<\/li>\n<li data-start=\"1883\" data-end=\"1985\">\n<p data-start=\"1885\" data-end=\"1985\"><strong data-start=\"1885\" data-end=\"1910\">Akumulator o du&#380;ej pojemno&#347;ci<\/strong> &ndash; akumulator litowo-jonowy o pojemno&#347;ci 5200 mAh umo&#380;liwia wymian&#281; podczas pracy, zapewniaj&#261;c d&#322;u&#380;sze dzia&#322;anie.<\/p>\n<\/li>\n<li data-start=\"1986\" data-end=\"2131\">\n<p data-start=\"1988\" data-end=\"2131\"><strong data-start=\"1988\" data-end=\"2032\">Skanowanie i przechwytywanie danych klasy korporacyjnej<\/strong> &ndash; opcjonalny imager EX25 Near\/Far zapewniaj&#261;cy maksymaln&#261; elastyczno&#347;&#263; w zastosowaniach magazynowych i logistycznych.<\/p>\n<\/li>\n<li data-start=\"2132\" data-end=\"2250\">\n<p data-start=\"2134\" data-end=\"2250\"><strong data-start=\"2134\" data-end=\"2157\">Refurbished To Last<\/strong> &ndash; Wszystkie urz&#261;dzenia EX-DEMO s&#261; od&#347;wie&#380;ane i testowane w celu zapewnienia pe&#322;nej funkcjonalno&#347;ci i niezawodno&#347;ci.<\/p>\n<\/li>\n<\/ul><h2 data-start=\"2252\" data-end=\"2289\">Kluczowe zalety Honeywell CK75<\/h2><h3 data-start=\"2291\" data-end=\"2331\">Wytrzyma&#322;a wydajno&#347;&#263; przy ni&#380;szych kosztach<\/h3><p data-start=\"2332\" data-end=\"2517\">Urz&#261;dzenia EX-DEMO oferuj&#261; tak&#261; sam&#261; trwa&#322;o&#347;&#263; i wydajno&#347;&#263; jak nowe modele po znacznie obni&#380;onej cenie. Ka&#380;da jednostka jest w pe&#322;ni odrestaurowana i sprawdzona przez technik&oacute;w przed odsprzeda&#380;&#261;.<\/p><h3 data-start=\"2519\" data-end=\"2559\">Wszechstronna obs&#322;uga system&oacute;w operacyjnych<\/h3><p data-start=\"2560\" data-end=\"2719\">CK75 mo&#380;e obs&#322;ugiwa&#263; zar&oacute;wno system Windows, jak i Android, co czyni go doskona&#322;ym wyborem dla firm przechodz&#261;cych na nowoczesne platformy bez utraty kompatybilno&#347;ci ze starszymi rozwi&#261;zaniami.<\/p><h3 data-start=\"2721\" data-end=\"2755\">Niezawodne skanowanie dalekiego zasi&#281;gu<\/h3><p data-start=\"2756\" data-end=\"2927\">Opcjonalny imager o rozszerzonym zasi&#281;gu umo&#380;liwia szybki i dok&#322;adny odczyt kod&oacute;w kreskowych od bliskiego kontaktu do du&#380;ych odleg&#322;o&#347;ci od p&oacute;&#322;ki, zwi&#281;kszaj&#261;c wydajno&#347;&#263; operacji magazynowych.<\/p><h3 data-start=\"2929\" data-end=\"2965\">Gotowy do pracy w ekstremalnych warunkach<\/h3><p data-start=\"2966\" data-end=\"3128\">Dzi&#281;ki uszczelnieniu IP67 i solidnej obudowie, CK75 jest odporny na kurz, wilgo&#263; i upadki. Wersja Cold Storage zapewnia niezawodne dzia&#322;anie nawet w strefach mro&#380;enia.<\/p><h3 data-start=\"3130\" data-end=\"3159\">Ci&#261;g&#322;a &#322;&#261;czno&#347;&#263;<\/h3><p data-start=\"3160\" data-end=\"3313\">Dwuzakresowe Wi-Fi i Bluetooth zapewniaj&#261; pracownikom terenowym i magazynowym &#322;&#261;czno&#347;&#263; z systemami przedsi&#281;biorstwa, zapewniaj&#261;c wymian&#281; danych w czasie rzeczywistym i dok&#322;adno&#347;&#263; przep&#322;ywu pracy.<\/p><h3 data-start=\"3315\" data-end=\"3357\">Sprawdzona niezawodno&#347;&#263; od Micro Nordic<\/h3><p data-start=\"3358\" data-end=\"3524\">W <strong data-start=\"3361\" data-end=\"3377\">Micro<\/strong> Nordic ka&#380;dy EX-DEMO Honeywell CK75 jest odnawiany zgodnie z rygorystycznymi standardami i gotowy do wdro&#380;enia z odnowion&#261; gwarancj&#261; i opcjonalnym rozszerzeniem us&#322;ugi.<\/p><h2 data-start=\"374\" data-end=\"395\"><strong data-start=\"374\" data-end=\"393\">Idealne przypadki u&#380;ycia<\/strong><\/h2><ul data-start=\"396\" data-end=\"923\">\n<li data-start=\"396\" data-end=\"491\">\n<p data-start=\"398\" data-end=\"491\"><strong data-start=\"398\" data-end=\"427\">Field Service &amp; Utilities<\/strong> &ndash; Niezawodny do inspekcji, konserwacji i zarz&#261;dzania zasobami.<\/p>\n<\/li>\n<li data-start=\"492\" data-end=\"598\">\n<p data-start=\"494\" data-end=\"598\"><strong data-start=\"494\" data-end=\"532\">Bezpiecze&#324;stwo publiczne i reagowanie kryzysowe<\/strong> &ndash; wydajno&#347;&#263; gotowa do dzia&#322;ania dla policji, stra&#380;y po&#380;arnej i zespo&#322;&oacute;w ratowniczych.<\/p>\n<\/li>\n<li data-start=\"599\" data-end=\"715\">\n<p data-start=\"601\" data-end=\"715\"><strong data-start=\"601\" data-end=\"642\">Produkcja i operacje przemys&#322;owe<\/strong> &ndash; niezawodno&#347;&#263; rugged z modu&#322;owym dostosowaniem do proces&oacute;w na miejscu.<\/p>\n<\/li>\n<li data-start=\"716\" data-end=\"817\">\n<p data-start=\"718\" data-end=\"817\"><strong data-start=\"718\" data-end=\"740\">Wojsko i obrona<\/strong> &ndash; Sprawdzona wydajno&#347;&#263; w trudnych warunkach taktycznych i operacyjnych.<\/p>\n<\/li>\n<li data-start=\"818\" data-end=\"923\">\n<p data-start=\"820\" data-end=\"923\"><strong data-start=\"820\" data-end=\"845\">Transport i logistyka<\/strong> &ndash; usprawniony dost&#281;p do danych i nawigacja w operacjach flotowych i magazynowych<\/p>\n<\/li>\n<\/ul><h2 data-start=\"3750\" data-end=\"3772\">Por&oacute;wnania produkt&oacute;w<\/h2><p data-start=\"3774\" data-end=\"3968\"><strong data-start=\"3778\" data-end=\"3796\">Honeywell CK75<\/strong> zapewnia ultra-wytrzyma&#322;&#261; wydajno&#347;&#263; dla przemys&#322;owych i logistycznych przep&#322;yw&oacute;w pracy. Dla organizacji rozwa&#380;aj&#261;cych alternatywy, odpowiednie opcje dost&#281;pne w Micro Nordic obejmuj&#261;:<\/p><ul data-start=\"3970\" data-end=\"4335\">\n<li data-start=\"3970\" data-end=\"4103\">\n<p data-start=\"3972\" data-end=\"4103\"><a href=\"https:\/\/micronordic.com\/product\/honeywell-ck65-mobile-handheld-computer-refurbished\/\"><strong data-start=\"3972\" data-end=\"4015\">Honeywell CK65 Handheld <\/strong><\/a><strong data-start=\"3972\" data-end=\"4015\"><a href=\"https:\/\/micronordic.com\/product\/honeywell-ck65-mobile-handheld-computer-refurbished\/\">Komputer przeno&#347;ny<\/a><\/strong> &ndash; Nowoczesny nast&#281;pca CK75 z systemem Android 10, szybszym procesorem i rozszerzonym wsparciem.<\/p>\n<\/li>\n<li data-start=\"4104\" data-end=\"4215\">\n<p data-start=\"4106\" data-end=\"4215\"><a href=\"https:\/\/micronordic.com\/product\/zebra-tc58-handheld-mobile-computer\/\"><strong data-start=\"4106\" data-end=\"4143\">Zebra TC58 Handheld Mobile Computer<\/strong><\/a> &ndash; Zaawansowany komputer r&#281;czny z systemem Android i obs&#322;ug&#261; sieci 5G, przeznaczony do intensywnego przetwarzania danych.<\/p>\n<\/li>\n<li data-start=\"4216\" data-end=\"4335\">\n<p data-start=\"4218\" data-end=\"4335\"><a href=\"http:\/\/tc52\" target=\"_blank\"><strong data-start=\"4218\" data-end=\"4258\">Zebra TC52 Handheld Mobile Computer<\/strong><\/a> &ndash; Starsze, odnowione urz&#261;dzenie idealne do ekonomicznych wdro&#380;e&#324; typu rugged.<\/p>\n<\/li>\n<\/ul>\n","protected":false},"excerpt":{"rendered":"<p>WYBIERZ WARIANT PONI\u017bEJ! Zadzwo\u0144 do nas, je\u015bli potrzebujesz pomocy w znalezieniu odpowiedniego wariantu produktu.<\/p>\n<h3>Specyfikacje:<\/h3>\n<ul>\n<li><strong>Wy\u015bwietlacz:<\/strong> 3,5\u2033 ekran dotykowy QVGA (480\u00d7640) czytelny w \u015bwietle s\u0142onecznym<\/li>\n<li><strong>Procesor:<\/strong> dwurdzeniowy TI OMAP 4470 1,5 GHz<\/li>\n<li><strong>Grafika:<\/strong> Zintegrowany silnik graficzny<\/li>\n<li><strong>Pami\u0119\u0107:<\/strong> Mo\u017cliwo\u015b\u0107 rozszerzenia przez microSD<\/li>\n<li><strong>Pami\u0119\u0107 masowa:<\/strong> Wewn\u0119trzna pami\u0119\u0107 flash + gniazdo microSD<\/li>\n<li><strong>\u0141\u0105czno\u015b\u0107:<\/strong> Dwuzakresowe Wi-Fi (802.11 a\/b\/g\/n), Bluetooth 4.x<\/li>\n<li><strong>Certyfikaty rugged:<\/strong> IP67, upadek z wysoko\u015bci 2,4 m, 2000 upadk\u00f3w<\/li>\n<li><strong>Bezpiecze\u0144stwo:<\/strong> Modu\u0142y bezpiecze\u0144stwa na poziomie systemu operacyjnego Windows\/Android<\/li>\n<li><strong>Bateria:<\/strong> 5 200 mAh litowo-jonowa bateria z mo\u017cliwo\u015bci\u0105 wymiany podczas pracy<\/li>\n<li><strong>Wymiary i waga:<\/strong> 237 \u00d7 80 \u00d7 50 mm, ok. 584 g z bateri\u0105<\/li>\n<li><strong>Gwarancja:<\/strong> 12-miesi\u0119czna gwarancja EX-DEMO<\/li>\n<\/ul>\n<p><strong>Wybierz odpowiedni model poni\u017cej przed dodaniem go do koszyka<\/strong><\/p>\n","protected":false},"author":16,"featured_media":61665,"template":"","meta":{"_acf_changed":false,"inline_featured_image":false},"product-condition":[5279],"product_brand":[8970],"product_cat":[5196,5200,5198],"product_tag":[4920,4879],"class_list":{"0":"post-46196","1":"product","2":"type-product","3":"status-publish","4":"has-post-thumbnail","6":"product-condition-ex-demo","7":"product_brand-honeywell-intermec","8":"product_cat-honeywell-intermec","9":"product_cat-all-barcode-scanners","10":"product_cat-refurbished-rugged-hardware","11":"product_tag-ck75-pl","12":"product_tag-wrd-pl","13":"pa_model-part-number-ck75aa6ec00a6400","14":"pa_model-part-number-ck75aa6ec00w1400","15":"pa_model-part-number-ck75aa6en00a6400","16":"pa_model-part-number-ck75aa6en00w1420","17":"pa_model-part-number-ck75ab6en00a6400","18":"pa_model-part-number-ck75ab6en00w1400","19":"pa_model-part-number-ck75ab6mn00a6400","20":"pa_model-part-number-ck75ab6mn00w1420","22":"first","23":"instock","24":"taxable","25":"shipping-taxable","26":"purchasable","27":"product-type-variable"},"acf":[],"_links":{"self":[{"href":"https:\/\/micronordic.com\/pl\/wp-json\/wp\/v2\/product\/46196","targetHints":{"allow":["GET"]}}],"collection":[{"href":"https:\/\/micronordic.com\/pl\/wp-json\/wp\/v2\/product"}],"about":[{"href":"https:\/\/micronordic.com\/pl\/wp-json\/wp\/v2\/types\/product"}],"author":[{"embeddable":true,"href":"https:\/\/micronordic.com\/pl\/wp-json\/wp\/v2\/users\/16"}],"version-history":[{"count":5,"href":"https:\/\/micronordic.com\/pl\/wp-json\/wp\/v2\/product\/46196\/revisions"}],"predecessor-version":[{"id":98779,"href":"https:\/\/micronordic.com\/pl\/wp-json\/wp\/v2\/product\/46196\/revisions\/98779"}],"wp:featuredmedia":[{"embeddable":true,"href":"https:\/\/micronordic.com\/pl\/wp-json\/wp\/v2\/media\/61665"}],"wp:attachment":[{"href":"https:\/\/micronordic.com\/pl\/wp-json\/wp\/v2\/media?parent=46196"}],"wp:term":[{"taxonomy":"product-condition","embeddable":true,"href":"https:\/\/micronordic.com\/pl\/wp-json\/wp\/v2\/product-condition?post=46196"},{"taxonomy":"product_brand","embeddable":true,"href":"https:\/\/micronordic.com\/pl\/wp-json\/wp\/v2\/product_brand?post=46196"},{"taxonomy":"product_cat","embeddable":true,"href":"https:\/\/micronordic.com\/pl\/wp-json\/wp\/v2\/product_cat?post=46196"},{"taxonomy":"product_tag","embeddable":true,"href":"https:\/\/micronordic.com\/pl\/wp-json\/wp\/v2\/product_tag?post=46196"}],"curies":[{"name":"wp","href":"https:\/\/api.w.org\/{rel}","templated":true}]}}