{"id":46194,"date":"2012-01-21T17:12:01","date_gmt":"2012-01-21T16:12:01","guid":{"rendered":"https:\/\/micronordic.com\/product\/zebra-tc77hl-przenosny-komputer-reczny-odnowiony\/"},"modified":"2025-11-20T18:14:45","modified_gmt":"2025-11-20T17:14:45","slug":"zebra-tc77-mobile-handheld-computer-refurbished","status":"publish","type":"product","link":"https:\/\/micronordic.com\/pl\/product\/zebra-tc77-mobile-handheld-computer-refurbished\/","title":{"rendered":"Zebra TC77 Handheld Mobile Computer (EX-DEMO)"},"content":{"rendered":"<?xml encoding=\"utf-8\" ?><h2 data-start=\"0\" data-end=\"70\">Zebra TC77 &ndash; ultrawytrzyma&#322;y komputer dotykowy klasy korporacyjnej (NOWY &amp; EX-DEMO)<\/h2><p data-start=\"72\" data-end=\"650\"><strong data-start=\"76\" data-end=\"90\">Zebra TC77<\/strong> to ultrawytrzyma&#322;y komputer dotykowy z systemem Android zaprojektowany z my&#347;l&#261; o zespo&#322;ach pracuj&#261;cych poza czterema &#347;cianami &ndash; kierowcach, technikach terenowych, ekipach komunalnych i pracownikach przy kraw&#281;&#380;nikach, kt&oacute;rzy potrzebuj&#261; niezawodnego skanowania, zasilania przez ca&#322;y dzie&#324; i &#322;&#261;czno&#347;ci klasy profesjonalnej. Jasny wy&#347;wietlacz HD o przek&#261;tnej 4,7 cala, zintegrowany imager 1D\/2D i platforma Snapdragon 660 sprawiaj&#261;, &#380;e procesy robocze s&#261; sprawne w deszczu, kurzu, upale i zimnie. W por&oacute;wnaniu z wcze&#347;niejszymi generacjami TC7x, TC77 oferuje szybsze przetwarzanie, 4 GB pami&#281;ci RAM\/32 GB pami&#281;ci flash, Bluetooth 5.0 i Wi-Fi klasy korporacyjnej z 2&times;2 MU-MIMO, aby utrzyma&#263; stabilno&#347;&#263; aplikacji i roamingu.<\/p><p data-start=\"652\" data-end=\"1183\">Dost&#281;pne jako NEW-IN-BOX i EX-DEMO. Urz&#261;dzenia NEW-IN-BOX s&#261; fabrycznie nowe i obj&#281;te <strong>2-letnim standardowym okresem gwarancji producenta.<\/strong> Urz&#261;dzenia EX-DEMO by&#322;y u&#380;ywane tylko przez kr&oacute;tki czas w celach demonstracyjnych; wi&#281;kszo&#347;&#263; z nich jest dostarczana w czystych pude&#322;kach (niekt&oacute;re w oryginalnych opakowaniach), zazwyczaj zawieraj&#261; standardowe akcesoria i kable oraz maj&#261; od&#347;wie&#380;one przednie \/ tylne plastiki i digitizery.<\/p><p data-start=\"652\" data-end=\"1183\"><strong>Urz&#261;dzenia EX-DEMO s&#261; obj&#281;te domy&#347;ln&#261; 12-miesi&#281;czn&#261; gwarancj&#261; firmy Micro Nordic<\/strong> i oferuj&#261; w pe&#322;ni funkcjonalne urz&#261;dzenia <strong data-start=\"1084\" data-end=\"1098\">Zebra TC77<\/strong> w znacznie ni&#380;szej cenie &ndash; co jest idealnym rozwi&#261;zaniem dla pilot&oacute;w lub os&oacute;b rozbudowuj&#261;cych flot&#281; w celu obni&#380;enia koszt&oacute;w.<\/p><h2 data-start=\"1185\" data-end=\"1218\">Kluczowe cechy urz&#261;dzenia Zebra TC77<\/h2><ul data-start=\"1219\" data-end=\"2604\">\n<li data-start=\"1219\" data-end=\"1363\">\n<p data-start=\"1221\" data-end=\"1363\">Rugged <strong data-start=\"1221\" data-end=\"1239\">chassis<\/strong> &ndash; uszczelnienie IP65\/IP68, powtarzalna odporno&#347;&#263; na upadki z wysoko&#347;ci 1,8 m\/6 st&oacute;p i wytrzyma&#322;e szk&#322;o na wy&#347;wietlaczu\/imagerze dla prawdziwej odporno&#347;ci na warunki zewn&#281;trzne.<\/p>\n<\/li>\n<li data-start=\"1364\" data-end=\"1494\">\n<p data-start=\"1366\" data-end=\"1494\"><strong data-start=\"1366\" data-end=\"1395\">Wy&#347;wietlacz czytelny w &#347;wietle s&#322;onecznym<\/strong> &ndash; pojemno&#347;ciowy ekran dotykowy HD o przek&#261;tnej 4,7 cala obs&#322;uguje wprowadzanie danych go&#322;ym, w r&#281;kawiczkach i mokrym palcem przez ca&#322;y rok.<\/p>\n<\/li>\n<li data-start=\"1495\" data-end=\"1635\">\n<p data-start=\"1497\" data-end=\"1635\"><strong data-start=\"1497\" data-end=\"1523\">Wydajno&#347;&#263;<\/strong> &ndash; o&#347;miordzeniowy procesor Qualcomm Snapdragon 660 (do 2,2 GHz) z 4 GB pami&#281;ci RAM\/32 GB pami&#281;ci flash zapewnia szybkie dzia&#322;anie aplikacji i skanowania.<\/p>\n<\/li>\n<li data-start=\"1636\" data-end=\"1780\">\n<p data-start=\"1638\" data-end=\"1780\"><strong data-start=\"1638\" data-end=\"1661\">Skanowanie w przedsi&#281;biorstwie<\/strong> &ndash; zintegrowany imager 1D\/2D szybko rejestruje uszkodzone i ruchome kody kreskowe; niezawodno&#347;&#263; typu &bdquo;wska&#380; i zr&oacute;b zdj&#281;cie&rdquo; ogranicza liczb&#281; ponownych skanowa&#324;.<\/p>\n<\/li>\n<li data-start=\"1781\" data-end=\"1929\">\n<p data-start=\"1783\" data-end=\"1929\"><strong data-start=\"1783\" data-end=\"1806\">Nowoczesna &#322;&#261;czno&#347;&#263;<\/strong> &ndash; 4G LTE z GPS na drodze, dwuzakresowe Wi-Fi (802.11 a\/b\/g\/n\/ac, 2&times;2 MU-MIMO), Bluetooth 5.0 i NFC dla urz&#261;dze&#324; peryferyjnych.<\/p>\n<\/li>\n<li data-start=\"1930\" data-end=\"2067\">\n<p data-start=\"1932\" data-end=\"2067\"><strong data-start=\"1932\" data-end=\"1955\">Du&#380;a pojemno&#347;&#263;<\/strong> &ndash; wymienna bateria PowerPrecision+ o pojemno&#347;ci ~4620 mAh zapewnia pe&#322;n&#261; zmian&#281; czasu pracy i wygod&#281; wymiany na ciep&#322;o.<\/p>\n<\/li>\n<li data-start=\"2068\" data-end=\"2204\">\n<p data-start=\"2070\" data-end=\"2204\"><strong data-start=\"2070\" data-end=\"2098\">Szybkie wej&#347;cia\/wyj&#347;cia i dokowanie<\/strong> &ndash; interfejsy USB i pogo-pin umo&#380;liwiaj&#261; szybkie &#322;adowanie\/synchronizacj&#281; i solidne jedno- lub wielogniazdowe stacje dokuj&#261;ce dla flot.<\/p>\n<\/li>\n<li data-start=\"2205\" data-end=\"2335\">\n<p data-start=\"2207\" data-end=\"2335\"><strong data-start=\"2207\" data-end=\"2240\">Bezpiecze&#324;stwo i aktualizacje dla przedsi&#281;biorstw<\/strong> &ndash; Android Enterprise z obs&#322;ug&#261; LifeGuard OS, szyfrowaniem i szerok&#261; kompatybilno&#347;ci&#261; z EMM\/MDM.<\/p>\n<\/li>\n<li data-start=\"2336\" data-end=\"2477\">\n<p data-start=\"2338\" data-end=\"2477\"><strong data-start=\"2338\" data-end=\"2360\">Konstrukcja z mo&#380;liwo&#347;ci&#261; serwisowania<\/strong> &ndash; typowe cz&#281;&#347;ci ulegaj&#261;ce zu&#380;yciu s&#261; &#322;atwe do wymiany; wsp&oacute;lne akcesoria dla ca&#322;ej rodziny TC7x wyd&#322;u&#380;aj&#261; cykl &#380;ycia i obni&#380;aj&#261; ca&#322;kowity koszt posiadania.<\/p>\n<\/li>\n<li data-start=\"2478\" data-end=\"2604\">\n<p data-start=\"2480\" data-end=\"2604\"><strong data-start=\"2480\" data-end=\"2503\">Ekosystem akcesori&oacute;w<\/strong> &ndash; podstawki samochodowe, &#322;adowarki wielogniazdowe, kabury i stojaki prezentacyjne dostosowuj&#261; si&#281; do ka&#380;dego schematu zmiany.<\/p>\n<\/li>\n<\/ul><h2 data-start=\"2606\" data-end=\"2639\">Kluczowe zalety urz&#261;dzenia Zebra TC77<\/h2><h3 data-start=\"2641\" data-end=\"2680\">Stworzony do pracy w najtrudniejszych warunkach<\/h3><p data-start=\"2681\" data-end=\"2905\">Dzi&#281;ki uszczelnieniu IP65\/IP68, wielokrotnym upadkom z wysoko&#347;ci 6 st&oacute;p\/1,8 m i testom upadkowym, urz&#261;dzenie dobrze radzi sobie w deszczu, kurzu i wahaniach temperatury. Ekipy mog&#261; kontynuowa&#263; prac&#281; w dokach, na placach budowy lub na poboczach dr&oacute;g bez konieczno&#347;ci dbania o sw&oacute;j sprz&#281;t.<\/p><h3 data-start=\"2907\" data-end=\"2939\">Du&#380;y ekran, lepsze przep&#322;ywy pracy<\/h3><p data-start=\"2940\" data-end=\"3179\">Jasny panel HD o przek&#261;tnej 4,7 cala zapewnia wyra&#378;n&#261; przestrze&#324; dla zlece&#324; roboczych, trasowania, inwentaryzacji i ekran&oacute;w potwierdzaj&#261;cych wykonanie us&#322;ugi. Obs&#322;uga w r&#281;kawiczkach i na mokro zapewnia pracownikom produktywno&#347;&#263; w deszczu i zimnych pomieszczeniach, a wytrzyma&#322;e szk&#322;o pokrywy jest odporne na zarysowania i uderzenia.<\/p><h3 data-start=\"3181\" data-end=\"3215\">Moc, kt&oacute;ra wystarcza na ca&#322;y dzie&#324;<\/h3><p data-start=\"3216\" data-end=\"3460\">Bateria o du&#380;ej pojemno&#347;ci, kt&oacute;r&#261; mo&#380;na wymienia&#263; w terenie, oraz tryb ciep&#322;ej wymiany baterii pomagaj&#261; urz&#261;dzeniom <strong data-start=\"3287\" data-end=\"3301\">Zebra TC77<\/strong> pokonywa&#263; d&#322;ugie trasy i pracowa&#263; w godzinach nadliczbowych bez konieczno&#347;ci ponownego uruchamiania lub utraty stanu aplikacji. Wska&#378;niki stanu baterii PowerPrecision+ upraszczaj&#261; planowanie floty baterii i ograniczaj&#261; niespodziewane przestoje.<\/p><h3 data-start=\"3462\" data-end=\"3501\">P&#322;ynna &#322;&#261;czno&#347;&#263; i przep&#322;yw danych<\/h3><p data-start=\"3502\" data-end=\"3741\">LTE, Wi-Fi klasy korporacyjnej z 2&times;2 MU-MIMO, Bluetooth 5.0 i NFC sprawiaj&#261;, &#380;e aplikacje s&#261; responsywne, a urz&#261;dzenia peryferyjne sparowane &ndash; od ci&#281;&#380;ar&oacute;wki, przez hal&#281; magazynow&#261;, a&#380; po drzwi klienta. Uchwyty Pogo-pin standaryzuj&#261; szybkie &#322;adowanie i synchronizacj&#281; danych.<\/p><h3 data-start=\"3743\" data-end=\"3763\">Gotowy dla flot<\/h3><p data-start=\"3764\" data-end=\"4043\">Zarz&#261;dzanie Android Enterprise, narz&#281;dzia Zebra Mobility DNA i stabilna rodzina akcesori&oacute;w usprawniaj&#261; wprowadzanie zmian, blokowanie konfiguracji, przesy&#322;anie aktualizacji i obs&#322;ug&#281; urz&#261;dze&#324; w r&oacute;&#380;nych lokalizacjach. Zespo&#322;y szybciej wdra&#380;aj&#261; si&#281; do pracy, poniewa&#380; ergonomia i akcesoria s&#261; sp&oacute;jne we wszystkich modelach TC7x.<\/p><h2 data-start=\"4045\" data-end=\"4063\">Idealne przypadki u&#380;ycia<\/h2><ul data-start=\"4064\" data-end=\"4739\">\n<li data-start=\"4064\" data-end=\"4197\">\n<p data-start=\"4066\" data-end=\"4197\"><strong data-start=\"4066\" data-end=\"4083\">Serwis terenowy<\/strong> &ndash; zlecenia pracy, wyszukiwanie zasob&oacute;w, zdj&#281;cia i podpisy z &#322;&#261;czno&#347;ci&#261; rugged w drodze i w siedzibie klienta.<\/p>\n<\/li>\n<li data-start=\"4198\" data-end=\"4323\">\n<p data-start=\"4200\" data-end=\"4323\"><strong data-start=\"4200\" data-end=\"4225\">Transport i logistyka<\/strong> &ndash; realizacja tras, walidacja P&amp;D i operacje w dokach z szybkim skanowaniem i niezawodnym roamingiem.<\/p>\n<\/li>\n<li data-start=\"4324\" data-end=\"4469\">\n<p data-start=\"4326\" data-end=\"4469\"><strong data-start=\"4326\" data-end=\"4355\">Bezpiecze&#324;stwo publiczne i us&#322;ugi komunalne<\/strong> &ndash; inspekcje, formularze incydent&oacute;w i aplikacje GIS na urz&#261;dzeniu odpornym na upadki, przyjaznym dla r&#281;kawic i czytelnym na zewn&#261;trz.<\/p>\n<\/li>\n<li data-start=\"4470\" data-end=\"4602\">\n<p data-start=\"4472\" data-end=\"4602\"><strong data-start=\"4472\" data-end=\"4502\">Budownictwo i in&#380;ynieria<\/strong> &ndash; codzienne raporty, listy usterek i przegl&#261;danie plan&oacute;w na miejscu, w deszczu lub w s&#322;o&#324;cu, bez po&#347;wi&#281;cania czasu pracy.<\/p>\n<\/li>\n<li data-start=\"4603\" data-end=\"4739\">\n<p data-start=\"4605\" data-end=\"4739\"><strong data-start=\"4605\" data-end=\"4629\">Handel detaliczny i magazynowanie<\/strong> &ndash; inwentaryzacja na zapleczu, liczenie cykli i realizacja zam&oacute;wie&#324; przy kraw&#281;&#380;niku przy u&#380;yciu korporacyjnej sieci Wi-Fi i ci&#261;g&#322;o&#347;ci akcesori&oacute;w.<\/p>\n<\/li>\n<\/ul><h2 data-start=\"4741\" data-end=\"4782\">Por&oacute;wnanie produkt&oacute;w dla Zebra TC77<\/h2><ul data-start=\"4783\" data-end=\"5684\">\n<li data-start=\"4783\" data-end=\"4927\">\n<p data-start=\"4785\" data-end=\"4927\"><strong><a href=\"https:\/\/micronordic.com\/product\/zebra-tc58-handheld-mobile-computer\/\">Zebra TC58<\/a><\/strong>&ndash; Wybierz, gdy potrzebujesz najnowszej generacji, opcji 5G, szybszego przetwarzania i zaawansowanego aparatu\/skanera do pracy w terenie.<\/p>\n<\/li>\n<li data-start=\"4928\" data-end=\"5062\">\n<p data-start=\"4930\" data-end=\"5062\"><a href=\"https:\/\/micronordic.com\/product\/zebra-tc53-handheld-mobile-computer\/\"><strong data-start=\"4930\" data-end=\"4944\">Zebra TC53<\/strong><\/a> &ndash; Preferuj najnowsz&#261; platform&#281; do zastosowa&#324; wewn&#281;trznych z ulepszonymi funkcjami dokowania i wydajno&#347;ci, przeznaczon&#261; do pracy w magazynach i punktach sprzeda&#380;y detalicznej.<\/p>\n<\/li>\n<li data-start=\"5063\" data-end=\"5197\">\n<p data-start=\"5065\" data-end=\"5197\"><a href=\"https:\/\/micronordic.com\/product\/zebra-tc22-handheld-mobile-computer\/\"><strong data-start=\"5200\" data-end=\"5214\">Zebra TC22<\/strong><\/a> &ndash; We&#378; pod uwag&#281;, gdy priorytetem jest przyst&#281;pna cena i nowoczesny system Android w smuk&#322;ym urz&#261;dzeniu z obs&#322;ug&#261; Wi-Fi.<\/p>\n<\/li>\n<\/ul>\n","protected":false},"excerpt":{"rendered":"<p>WYBIERZ WARIANT PONI\u017bEJ! Zadzwo\u0144 do nas, je\u015bli potrzebujesz pomocy w znalezieniu odpowiedniego wariantu produktu.<\/p>\n<h3>Specyfikacje:<\/h3>\n<ul>\n<li><strong>Wy\u015bwietlacz:<\/strong> 4,7&#8243; HD (1280\u00d7720) pojemno\u015bciowy, widoczny z zewn\u0105trz<\/li>\n<li><strong>Procesor:<\/strong> Qualcomm Snapdragon 660 octa-core do 2,2 GHz<\/li>\n<li><strong>Uk\u0142ad graficzny:<\/strong> Zintegrowany mobilny procesor graficzny<\/li>\n<li><strong>Pami\u0119\u0107:<\/strong> 4 GB RAM<\/li>\n<li><strong>Pami\u0119\u0107 masowa:<\/strong> 32 GB flash, rozszerzenie microSD<\/li>\n<li><strong>\u0141\u0105czno\u015b\u0107:<\/strong> 4G LTE, Wi-Fi 802.11 a\/b\/g\/n\/ac (2\u00d72 MU-MIMO), Bluetooth 5.0, NFC<\/li>\n<li><strong>Certyfikaty rugged:<\/strong> IP65\/IP68; wielokrotne upadki z wysoko\u015bci 1,8 m\/6 st\u00f3p (wy\u017csze w temp. pokojowej)<\/li>\n<li><strong>Bezpiecze\u0144stwo:<\/strong> Android Enterprise, szyfrowanie, obs\u0142uga aktualizacji LifeGuard OS, EMM\/MDM<\/li>\n<li><strong>Bateria:<\/strong> wyjmowana bateria litowo-jonowa PowerPrecision+ o pojemno\u015bci ~4620 mAh, z mo\u017cliwo\u015bci\u0105 wymiany na ciep\u0142o<\/li>\n<li><strong>Wymiary i waga:<\/strong> ~161 \u00d7 84 \u00d7 28 mm; ~376 g<\/li>\n<li><strong>Gwarancja:<\/strong> NEW-IN-BOX 2 lata gwarancji; EX-DEMO 12 miesi\u0119cy od Micro Nordic<\/li>\n<\/ul>\n<p><strong>Wybierz odpowiedni model poni\u017cej przed dodaniem go do koszyka<\/strong><\/p>\n","protected":false},"author":16,"featured_media":61574,"template":"","meta":{"_acf_changed":false,"inline_featured_image":false},"product-condition":[5279],"product_brand":[9016],"product_cat":[5195,5200,5198],"product_tag":[4203,4190,4333,4281,4177,4151,4164,4268,4307,4372,4359,4216,4255,4294,4229,4242,4320,4346,4138,4034,3982,4125,4073,3995,4112,4060,4047,4008,4021,4099,4086],"class_list":{"0":"post-46194","1":"product","2":"type-product","3":"status-publish","4":"has-post-thumbnail","6":"product-condition-ex-demo","7":"product_brand-zebra","8":"product_cat-zebra","9":"product_cat-all-barcode-scanners","10":"product_cat-refurbished-rugged-hardware","11":"product_tag-1-micro-sd-pl","12":"product_tag-2-sim-pl","13":"product_tag-2-sim-1-micro-sd-pl","14":"product_tag-2-sim-2-sam-pl","15":"product_tag-4gb-ram-32gb-flash-pl","16":"product_tag-5mp-f-13mp-r-camera-pl","17":"product_tag-android-pl","18":"product_tag-does-not-support-arcore-tc77-se4750-pl","19":"product_tag-does-not-support-arcore-tc77-se4770-pl","20":"product_tag-eea-european-economic-area-pl","21":"product_tag-eea-european-economic-area-tc77-se4750-pl","22":"product_tag-gms-pl","23":"product_tag-row-pl","24":"product_tag-row-tc77-se4750-pl","25":"product_tag-row-tc77-se4750mr-pl","26":"product_tag-row-tc77-se4770-pl","27":"product_tag-russia-only-tc77-se4770-pl","28":"product_tag-sim-lock-pl","29":"product_tag-tc77-se4750-pl","30":"product_tag-tc77hl-5me24bd-tn-pl","31":"product_tag-tc77hl-5me24bg-a6-pl","32":"product_tag-tc77hl-5me24bg-ea-pl","33":"product_tag-tc77hl-5me24bg-ru-pl","34":"product_tag-tc77hl-5mg24bg-a6-pl","35":"product_tag-tc77hl-5mg24bg-ea-pl","36":"product_tag-tc77hl-5mj24bg-a6-pl","37":"product_tag-tc77hl-5mk24bg-a6-pl","38":"product_tag-tc77hl-5ml24bg-a6-pl","39":"product_tag-tc77hl-6me34bg-a6-pl","40":"product_tag-tc77hl-7me24bg-a6-pl","41":"product_tag-tc77hl-7mj24bg-a6-pl","42":"pa_model-part-number-tc77hl-5me24bg-ea","43":"pa_model-part-number-tc77hl-5mg24bg-ea","44":"pa_model-part-number-tc77hl-5mj24bg-a6","45":"pa_model-part-number-tc77hl-5mk24bg-a6","46":"pa_model-part-number-tc77hl-5ml24bg-a6","47":"pa_model-part-number-tc77hl-6me34bg-a6","48":"pa_model-part-number-tc77hl-7me24bg-a6","49":"pa_model-part-number-tc77hl-7mj24bg-a6","51":"first","52":"instock","53":"taxable","54":"shipping-taxable","55":"purchasable","56":"product-type-variable","57":"has-default-attributes"},"acf":[],"_links":{"self":[{"href":"https:\/\/micronordic.com\/pl\/wp-json\/wp\/v2\/product\/46194","targetHints":{"allow":["GET"]}}],"collection":[{"href":"https:\/\/micronordic.com\/pl\/wp-json\/wp\/v2\/product"}],"about":[{"href":"https:\/\/micronordic.com\/pl\/wp-json\/wp\/v2\/types\/product"}],"author":[{"embeddable":true,"href":"https:\/\/micronordic.com\/pl\/wp-json\/wp\/v2\/users\/16"}],"version-history":[{"count":3,"href":"https:\/\/micronordic.com\/pl\/wp-json\/wp\/v2\/product\/46194\/revisions"}],"predecessor-version":[{"id":98775,"href":"https:\/\/micronordic.com\/pl\/wp-json\/wp\/v2\/product\/46194\/revisions\/98775"}],"wp:featuredmedia":[{"embeddable":true,"href":"https:\/\/micronordic.com\/pl\/wp-json\/wp\/v2\/media\/61574"}],"wp:attachment":[{"href":"https:\/\/micronordic.com\/pl\/wp-json\/wp\/v2\/media?parent=46194"}],"wp:term":[{"taxonomy":"product-condition","embeddable":true,"href":"https:\/\/micronordic.com\/pl\/wp-json\/wp\/v2\/product-condition?post=46194"},{"taxonomy":"product_brand","embeddable":true,"href":"https:\/\/micronordic.com\/pl\/wp-json\/wp\/v2\/product_brand?post=46194"},{"taxonomy":"product_cat","embeddable":true,"href":"https:\/\/micronordic.com\/pl\/wp-json\/wp\/v2\/product_cat?post=46194"},{"taxonomy":"product_tag","embeddable":true,"href":"https:\/\/micronordic.com\/pl\/wp-json\/wp\/v2\/product_tag?post=46194"}],"curies":[{"name":"wp","href":"https:\/\/api.w.org\/{rel}","templated":true}]}}