{"id":46186,"date":"2012-01-21T16:17:03","date_gmt":"2012-01-21T15:17:03","guid":{"rendered":"https:\/\/micronordic.com\/product\/zebra-tc56c-mobilny-komputer-reczny-odnowiony\/"},"modified":"2025-11-20T18:05:50","modified_gmt":"2025-11-20T17:05:50","slug":"zebra-tc56-mobile-handheld-computer-refurbished","status":"publish","type":"product","link":"https:\/\/micronordic.com\/pl\/product\/zebra-tc56-mobile-handheld-computer-refurbished\/","title":{"rendered":"Zebra TC56 Handheld Mobile Computer (EX-DEMO)"},"content":{"rendered":"<?xml encoding=\"utf-8\" ?><h2 data-start=\"0\" data-end=\"57\">Zebra TC56 &ndash; komputer dotykowy dla przedsi&#281;biorstw (NOWY i EX-DEMO)<\/h2><p data-start=\"59\" data-end=\"458\"><strong data-start=\"63\" data-end=\"77\">Zebra TC56<\/strong> to kompaktowy komputer dotykowy klasy korporacyjnej, kt&oacute;ry wprowadza ergonomi&#281; smartfona do wymagaj&#261;cych proces&oacute;w roboczych na pierwszej linii. Dzi&#281;ki jasnemu, 5-calowemu wy&#347;wietlaczowi pojemno&#347;ciowemu, zintegrowanej funkcji skanowania 1D\/2D i niezawodnej obs&#322;udze platformy Android, zapewnia on odpowiedni&#261; r&oacute;wnowag&#281; mi&#281;dzy przeno&#347;no&#347;ci&#261;, wydajno&#347;ci&#261; i wytrzyma&#322;&#261; ochron&#261; dla zespo&#322;&oacute;w pracuj&#261;cych w sklepach, w trasie lub w lekkich warunkach przemys&#322;owych.<\/p><p data-start=\"460\" data-end=\"1027\">Dost&#281;pne zar&oacute;wno w wersji NEW-IN-BOX, jak i EX-DEMO. <strong>Urz&#261;dzenia NEW-IN-BOX s&#261; fabrycznie nowe i obj&#281;te 2-letni&#261; gwarancj&#261;<\/strong>. Urz&#261;dzenia EX-DEMO by&#322;y tylko kr&oacute;tko u&#380;ywane do cel&oacute;w demonstracyjnych; wi&#281;kszo&#347;&#263; z nich jest dostarczana w czystych kartonach (niekt&oacute;re w oryginalnym opakowaniu), zazwyczaj wraz ze standardowymi akcesoriami i kablami. Przednie\/tylne plastiki i digitizery s&#261; od&#347;wie&#380;one nowymi cz&#281;&#347;ciami. <strong>Urz&#261;dzenia EX-DEMO obj&#281;te s&#261; 12-miesi&#281;czn&#261; gwarancj&#261; firmy Micro Nordic<\/strong>, oferuj&#261;c w pe&#322;ni funkcjonalny komputer <strong data-start=\"922\" data-end=\"936\">Zebra TC56<\/strong> w znacznie obni&#380;onej cenie &ndash; idealnej dla oszcz&#281;dnych wdro&#380;e&#324; lub wdro&#380;e&#324; pilota&#380;owych.<\/p><h2 data-start=\"1029\" data-end=\"1062\">Kluczowe cechy Zebra TC56<\/h2><ul data-start=\"1063\" data-end=\"2418\">\n<li data-start=\"1063\" data-end=\"1216\">\n<p data-start=\"1065\" data-end=\"1216\"><strong data-start=\"1065\" data-end=\"1082\">Wytrzyma&#322;a konstrukcja<\/strong> &ndash; odporna na kurz i wod&#281;, odporna na uderzenia i upadki podczas codziennej pracy w handlu detalicznym, us&#322;ugach terenowych i transporcie.<\/p>\n<\/li>\n<li data-start=\"1217\" data-end=\"1365\">\n<p data-start=\"1219\" data-end=\"1365\"><strong data-start=\"1219\" data-end=\"1248\">Wy&#347;wietlacz czytelny w &#347;wietle s&#322;onecznym<\/strong> &ndash; 5-calowy pojemno&#347;ciowy ekran dotykowy z wytrzyma&#322;&#261; szyb&#261; zapewnia dobr&#261; widoczno&#347;&#263; na zewn&#261;trz i niezawodne wprowadzanie danych w r&#281;kawicach lub mokrymi palcami.<\/p>\n<\/li>\n<li data-start=\"1366\" data-end=\"1521\">\n<p data-start=\"1368\" data-end=\"1521\"><strong data-start=\"1368\" data-end=\"1394\">Responsywna wydajno&#347;&#263;<\/strong> &ndash; Wydajne sze&#347;ciordzeniowe przetwarzanie klasy Snapdragon sprawia, &#380;e aplikacje, skanowanie i us&#322;ugi dzia&#322;aj&#261;ce w tle dzia&#322;aj&#261; b&#322;yskawicznie przez ca&#322;&#261; zmian&#281;.<\/p>\n<\/li>\n<li data-start=\"1522\" data-end=\"1643\">\n<p data-start=\"1524\" data-end=\"1643\"><strong data-start=\"1524\" data-end=\"1547\">Skanowanie w przedsi&#281;biorstwie<\/strong> &ndash; zintegrowany imager 1D\/2D szybko rejestruje kody kreskowe, nawet z uszkodzonych etykiet lub ekran&oacute;w urz&#261;dze&#324; mobilnych.<\/p>\n<\/li>\n<li data-start=\"1644\" data-end=\"1775\">\n<p data-start=\"1646\" data-end=\"1775\"><strong data-start=\"1646\" data-end=\"1669\">Nowoczesna &#322;&#261;czno&#347;&#263;<\/strong> &ndash; dwuzakresowe Wi-Fi, transmisja danych LTE, Bluetooth i NFC dla p&#322;ynnego roamingu i interakcji mi&#281;dzy urz&#261;dzeniami.<\/p>\n<\/li>\n<li data-start=\"1776\" data-end=\"1895\">\n<p data-start=\"1778\" data-end=\"1895\"><strong data-start=\"1778\" data-end=\"1801\">Zasilanie z mo&#380;liwo&#347;ci&#261; wymiany podczas pracy<\/strong> &ndash; opcje baterii z mo&#380;liwo&#347;ci&#261; wymiany w terenie pozwalaj&#261; na d&#322;ugie dni pracy i szybk&#261; wymian&#281; baterii w celu zminimalizowania przestoj&oacute;w.<\/p>\n<\/li>\n<li data-start=\"1896\" data-end=\"2021\">\n<p data-start=\"1898\" data-end=\"2021\"><strong data-start=\"1898\" data-end=\"1926\">Szybkie wej&#347;cia\/wyj&#347;cia i dokowanie<\/strong> &ndash; interfejsy USB i pogo-pin umo&#380;liwiaj&#261; szybkie przesy&#322;anie danych\/&#322;adowanie i solidne dokowanie w stacji dokuj&#261;cej dla flot.<\/p>\n<\/li>\n<li data-start=\"2022\" data-end=\"2170\">\n<p data-start=\"2024\" data-end=\"2170\"><strong data-start=\"2024\" data-end=\"2060\">Bezpiecze&#324;stwo i zarz&#261;dzanie w przedsi&#281;biorstwie<\/strong> &ndash; funkcje systemu Android Enterprise z narz&#281;dziami firmy Zebra o warto&#347;ci dodanej do przechowywania, aktualizacji i kontroli zasad na du&#380;&#261; skal&#281;.<\/p>\n<\/li>\n<li data-start=\"2171\" data-end=\"2292\">\n<p data-start=\"2173\" data-end=\"2292\"><strong data-start=\"2173\" data-end=\"2195\">Mo&#380;liwo&#347;&#263; serwisowania<\/strong> &ndash; typowe cz&#281;&#347;ci zu&#380;ywaj&#261;ce si&#281; i akcesoria s&#261; &#322;atwe w serwisowaniu, co wyd&#322;u&#380;a cykl &#380;ycia i obni&#380;a ca&#322;kowity koszt posiadania.<\/p>\n<\/li>\n<li data-start=\"2293\" data-end=\"2418\">\n<p data-start=\"2295\" data-end=\"2418\"><strong data-start=\"2295\" data-end=\"2318\">Ekosystem akcesori&oacute;w<\/strong> &ndash; kabury, podstawki, wielogniazdowe &#322;adowarki i uchwyty samochodowe dostosowuj&#261; urz&#261;dzenie do ka&#380;dego schematu zmiany bieg&oacute;w.<\/p>\n<\/li>\n<\/ul><h2 data-start=\"2420\" data-end=\"2453\">Kluczowe zalety urz&#261;dzenia Zebra TC56<\/h2><h3 data-start=\"2455\" data-end=\"2494\">Stworzony do pracy w najtrudniejszych warunkach<\/h3><p data-start=\"2495\" data-end=\"2750\">Urz&#261;dzenie zosta&#322;o zaprojektowane z my&#347;l&#261; o intensywnym u&#380;ytkowaniu w rzeczywistych warunkach &ndash; jest odporne na kurz, wilgo&#263;, wstrz&#261;sy i wahania temperatury typowe dla magazyn&oacute;w, furgonetek i obszar&oacute;w za&#322;adunku. Zespo&#322;y zyskuj&#261; niezawodny komputer dotykowy, kt&oacute;ry przetrwa codzienne nadu&#380;ycia bez uszczerbku dla u&#380;yteczno&#347;ci.<\/p><h3 data-start=\"2752\" data-end=\"2784\">Du&#380;y ekran, lepsze przep&#322;ywy pracy<\/h3><p data-start=\"2785\" data-end=\"3036\">Jasny 5-calowy wy&#347;wietlacz oferuje du&#380;o miejsca na listy zada&#324;, plany tras i ekrany POS lub inwentaryzacji. Czu&#322;a warstwa dotykowa obs&#322;uguje r&#281;kawice i wilgotne palce, dzi&#281;ki czemu personel mo&#380;e kontynuowa&#263; prac&#281; w deszczu, w ch&#322;odniach lub podczas pracy z materia&#322;ami opakowaniowymi.<\/p><h3 data-start=\"3038\" data-end=\"3072\">Moc, kt&oacute;ra wystarcza na ca&#322;y dzie&#324;<\/h3><p data-start=\"3073\" data-end=\"3304\">Wydajne przetwarzanie i wymienna w terenie bateria o du&#380;ej pojemno&#347;ci pomagaj&#261; drukarce <strong data-start=\"3150\" data-end=\"3164\">Zebra TC56<\/strong> przetrwa&#263; d&#322;ugie zmiany. Mo&#380;liwo&#347;&#263; wymiany baterii w czasie pracy zapewnia ci&#261;g&#322;o&#347;&#263; pracy &ndash; wymiana pakiet&oacute;w zajmuje kilka sekund i umo&#380;liwia powr&oacute;t do pracy bez restart&oacute;w i utraty danych.<\/p><h3 data-start=\"3306\" data-end=\"3345\">P&#322;ynna &#322;&#261;czno&#347;&#263; i przep&#322;yw danych<\/h3><p data-start=\"3346\" data-end=\"3618\">Dwuzakresowe Wi-Fi, LTE, Bluetooth i NFC zapewniaj&#261; nieprzerwan&#261; prac&#281; aplikacji i integralno&#347;&#263; danych &ndash; niezale&#380;nie od tego, czy skanujesz na hali produkcyjnej, uzgadniasz dostawy przy kraw&#281;&#380;niku, czy rejestrujesz dow&oacute;d us&#322;ugi w terenie. Opcje stacji dokuj&#261;cej i kabla upraszczaj&#261; szybkie &#322;adowanie i synchronizacj&#281; danych.<\/p><h3 data-start=\"3620\" data-end=\"3640\">Gotowy dla flot<\/h3><p data-start=\"3641\" data-end=\"3882\">Standaryzowane podstawki i akcesoria, a tak&#380;e zarz&#261;dzanie Android Enterprise, usprawniaj&#261; etapy, blokowanie konfiguracji i wdra&#380;anie aktualizacji. Rezultatem s&#261; mniejsze nak&#322;ady na wsparcie IT i szybsze wdra&#380;anie nowych u&#380;ytkownik&oacute;w w r&oacute;&#380;nych lokalizacjach.<\/p><h2 data-start=\"3884\" data-end=\"3902\">Idealne przypadki u&#380;ycia<\/h2><ul data-start=\"3903\" data-end=\"4544\">\n<li data-start=\"3903\" data-end=\"4040\">\n<p data-start=\"3905\" data-end=\"4040\"><strong data-start=\"3905\" data-end=\"3926\">Operacje detaliczne<\/strong> &ndash; mobilne punkty sprzeda&#380;y, kontrole cen, audyty p&oacute;&#322;ek i inwentaryzacja na zapleczu ze zintegrowanym skanowaniem i firmow&#261; sieci&#261; Wi-Fi.<\/p>\n<\/li>\n<li data-start=\"4041\" data-end=\"4165\">\n<p data-start=\"4043\" data-end=\"4165\"><strong data-start=\"4043\" data-end=\"4060\">Serwis terenowy<\/strong> &ndash; zarz&#261;dzanie zleceniami pracy, wyszukiwanie zasob&oacute;w i potwierdzanie wykonania us&#322;ugi z &#322;&#261;czno&#347;ci&#261; LTE i obs&#322;ug&#261; rugged.<\/p>\n<\/li>\n<li data-start=\"4166\" data-end=\"4295\">\n<p data-start=\"4168\" data-end=\"4295\"><strong data-start=\"4168\" data-end=\"4193\">Transport i logistyka<\/strong> &ndash; realizacja tras, weryfikacja odbioru\/dowozu i przechwytywanie kod&oacute;w kreskowych w podr&oacute;&#380;y, wewn&#261;trz i na zewn&#261;trz budynk&oacute;w.<\/p>\n<\/li>\n<li data-start=\"4296\" data-end=\"4422\">\n<p data-start=\"4298\" data-end=\"4422\"><strong data-start=\"4298\" data-end=\"4322\">Hotelarstwo i wydarzenia<\/strong> &ndash; walidacja bilet&oacute;w, odprawa go&#347;ci i p&#322;atno&#347;ci mobilne z szybkim zarz&#261;dzaniem urz&#261;dzeniami bez u&#380;ycia r&#261;k.<\/p>\n<\/li>\n<li data-start=\"4423\" data-end=\"4544\">\n<p data-start=\"4425\" data-end=\"4544\"><strong data-start=\"4425\" data-end=\"4448\">Lekka produkcja<\/strong> &ndash; &#347;ledzenie materia&#322;&oacute;w na linii produkcyjnej i kontrole jako&#347;ci, gdzie kompaktowe urz&#261;dzenia zmniejszaj&#261; mas&#281; i zm&#281;czenie.<\/p>\n<\/li>\n<\/ul><h2 data-start=\"4546\" data-end=\"4587\">Por&oacute;wnanie produkt&oacute;w dla Zebra TC56<\/h2><ul data-start=\"4588\" data-end=\"4994\">\n<li data-start=\"4588\" data-end=\"4721\">\n<p data-start=\"4590\" data-end=\"4721\"><a href=\"https:\/\/micronordic.com\/product\/zebra-tc57ho-mobile-handheld-computer-refurbished\/\"><strong data-start=\"4590\" data-end=\"4604\">Zebra TC57<\/strong> <\/a>&ndash; Wybierz nowsz&#261; platform&#281; z wyd&#322;u&#380;onym cyklem &#380;ycia i podobn&#261; ergonomi&#261; dla flot z systemem Android.<\/p>\n<\/li>\n<li data-start=\"4722\" data-end=\"4855\">\n<p data-start=\"4724\" data-end=\"4855\"><a href=\"https:\/\/micronordic.com\/product\/zebra-tc52-mobile-handheld-computer-refurbished\/\"><strong data-start=\"4724\" data-end=\"4738\">Zebra TC52<\/strong> <\/a>&ndash; Preferowany, je&#347;li najwa&#380;niejsze s&#261; dla Ciebie funkcje &#322;&#261;czno&#347;ci Wi-Fi i ci&#261;g&#322;o&#347;&#263; pracy akcesori&oacute;w na r&oacute;&#380;nych komputerach dotykowych Zebra.<\/p>\n<\/li>\n<li data-start=\"4856\" data-end=\"4994\">\n<p data-start=\"4858\" data-end=\"4994\"><a href=\"https:\/\/micronordic.com\/product\/honeywell-ct40xp-mobile-handheld-computer-refurbished\/\"><strong data-start=\"4858\" data-end=\"4885\">Honeywell Intermec CT40<\/strong><\/a> &ndash; Rozwa&#380;my dopasowan&#261; obudow&#281; na Androida z silnym skanowaniem i alternatywnymi ekosystemami akcesori&oacute;w\/MDM.<\/p>\n<\/li>\n<\/ul>\n","protected":false},"excerpt":{"rendered":"<p>WYBIERZ WARIANT PONI\u017bEJ! Zadzwo\u0144 do nas, je\u015bli potrzebujesz pomocy w znalezieniu odpowiedniego wariantu produktu.<\/p>\n<h3>Specyfikacje:<\/h3>\n<ul>\n<li><strong>Wy\u015bwietlacz:<\/strong> 5,0&#8243; pojemno\u015bciowy, wielodotykowy, z mo\u017cliwo\u015bci\u0105 ogl\u0105dania na zewn\u0105trz, z wytrzyma\u0142ym szk\u0142em ochronnym<\/li>\n<li><strong>Procesor:<\/strong> Qualcomm Snapdragon klasy hexa-core (Android dla przedsi\u0119biorstw)<\/li>\n<li><strong>Grafika:<\/strong> Zintegrowany mobilny procesor graficzny odpowiedni do obci\u0105\u017ce\u0144 zwi\u0105zanych z interfejsem u\u017cytkownika i skanowaniem w przedsi\u0119biorstwach<\/li>\n<li><strong>Pami\u0119\u0107:<\/strong> 3-4 GB RAM<\/li>\n<li><strong>Pami\u0119\u0107 masowa:<\/strong> 32-64 GB pami\u0119ci wewn\u0119trznej; rozszerzenie microSD (w zale\u017cno\u015bci od modelu)<\/li>\n<li><strong>\u0141\u0105czno\u015b\u0107:<\/strong> Dwuzakresowe Wi-Fi, transmisja danych LTE, Bluetooth, NFC; USB<\/li>\n<li><strong>Certyfikaty rugged:<\/strong> Uszczelnienie przed wnikaniem py\u0142u\/wody i odporno\u015b\u0107 na wielokrotne upadki<\/li>\n<li><strong>Bezpiecze\u0144stwo:<\/strong> Funkcje Android Enterprise, szyfrowanie urz\u0105dze\u0144, obs\u0142uga EMM\/MDM<\/li>\n<li><strong>Bateria:<\/strong> Wysokowydajny, wymienialny na miejscu akumulator z mo\u017cliwo\u015bci\u0105 wymiany podczas pracy<\/li>\n<li><strong>Wymiary i waga:<\/strong> Oko\u0142o 155 \u00d7 75,5 \u00d7 18,6 mm; ~250 g<\/li>\n<li><strong>Gwarancja:<\/strong> NEW-IN-BOX 2 lata gwarancji; EX-DEMO 12 miesi\u0119cy od Micro Nordic<\/li>\n<\/ul>\n<p><strong>Wybierz odpowiedni model poni\u017cej przed dodaniem go do koszyka<\/strong><\/p>\n","protected":false},"author":16,"featured_media":44238,"template":"","meta":{"_acf_changed":false,"inline_featured_image":false},"product-condition":[5279],"product_brand":[9016],"product_cat":[5195,5200,5198],"product_tag":[],"class_list":{"0":"post-46186","1":"product","2":"type-product","3":"status-publish","4":"has-post-thumbnail","6":"product-condition-ex-demo","7":"product_brand-zebra","8":"product_cat-zebra","9":"product_cat-all-barcode-scanners","10":"product_cat-refurbished-rugged-hardware","11":"pa_model-part-number-tc56cj-12p-a6","12":"pa_model-part-number-tc56cj-14p-a6","13":"pa_model-part-number-tc56cj-2pazu2p-a6","14":"pa_model-part-number-tc56dj-1pazu2p-a6","15":"pa_model-part-number-tc56dj-1pazu4p-a6","16":"pa_model-part-number-tc56dj-2pazu2p-a6","18":"first","19":"instock","20":"taxable","21":"shipping-taxable","22":"purchasable","23":"product-type-variable"},"acf":[],"_links":{"self":[{"href":"https:\/\/micronordic.com\/pl\/wp-json\/wp\/v2\/product\/46186","targetHints":{"allow":["GET"]}}],"collection":[{"href":"https:\/\/micronordic.com\/pl\/wp-json\/wp\/v2\/product"}],"about":[{"href":"https:\/\/micronordic.com\/pl\/wp-json\/wp\/v2\/types\/product"}],"author":[{"embeddable":true,"href":"https:\/\/micronordic.com\/pl\/wp-json\/wp\/v2\/users\/16"}],"version-history":[{"count":4,"href":"https:\/\/micronordic.com\/pl\/wp-json\/wp\/v2\/product\/46186\/revisions"}],"predecessor-version":[{"id":98769,"href":"https:\/\/micronordic.com\/pl\/wp-json\/wp\/v2\/product\/46186\/revisions\/98769"}],"wp:featuredmedia":[{"embeddable":true,"href":"https:\/\/micronordic.com\/pl\/wp-json\/wp\/v2\/media\/44238"}],"wp:attachment":[{"href":"https:\/\/micronordic.com\/pl\/wp-json\/wp\/v2\/media?parent=46186"}],"wp:term":[{"taxonomy":"product-condition","embeddable":true,"href":"https:\/\/micronordic.com\/pl\/wp-json\/wp\/v2\/product-condition?post=46186"},{"taxonomy":"product_brand","embeddable":true,"href":"https:\/\/micronordic.com\/pl\/wp-json\/wp\/v2\/product_brand?post=46186"},{"taxonomy":"product_cat","embeddable":true,"href":"https:\/\/micronordic.com\/pl\/wp-json\/wp\/v2\/product_cat?post=46186"},{"taxonomy":"product_tag","embeddable":true,"href":"https:\/\/micronordic.com\/pl\/wp-json\/wp\/v2\/product_tag?post=46186"}],"curies":[{"name":"wp","href":"https:\/\/api.w.org\/{rel}","templated":true}]}}