{"id":46182,"date":"2020-12-16T10:41:49","date_gmt":"2020-12-16T09:41:49","guid":{"rendered":"https:\/\/micronordic.com\/product\/kabel-honeywell-xenon-xp-1952g-ze-stojakiem-nowy\/"},"modified":"2025-11-18T17:13:09","modified_gmt":"2025-11-18T16:13:09","slug":"honeywell-xenon-xp-1952g-cable-w-stand","status":"publish","type":"product","link":"https:\/\/micronordic.com\/pl\/product\/honeywell-xenon-xp-1952g-cable-w-stand\/","title":{"rendered":"R\u0119czny skaner kod\u00f3w kreskowych Honeywell Xenon XP 1952g (NOWO\u015a\u0106)"},"content":{"rendered":"<?xml encoding=\"utf-8\" ?><h2 data-start=\"483\" data-end=\"536\">R&#281;czny skaner kod&oacute;w kreskowych Honeywell Xenon XP 1952g<\/h2><p><strong data-start=\"542\" data-end=\"570\">Honeywell Xenon XP 1952g<\/strong> to wysokowydajny r&#281;czny skaner kod&oacute;w kreskowych przeznaczony do szybkiego, niezawodnego i bezprzewodowego skanowania w handlu detalicznym, logistyce, s&#322;u&#380;bie zdrowia i zastosowaniach przemys&#322;owych. &#321;&#261;cz&#261;c zaawansowan&#261; technologi&#281; obrazowania z ergonomicznym komfortem, zapewnia precyzj&#281; i produktywno&#347;&#263; w ka&#380;dym &#347;rodowisku. Skaner Xenon XP 1952g jest ju&#380; dost&#281;pny w ofercie <strong data-start=\"873\" data-end=\"889\">Micro<\/strong> Nordic jako zupe&#322;nie nowe urz&#261;dzenie, wyposa&#380;one w podstawk&#281; z <strong data-start=\"941\" data-end=\"956\">kablem<\/strong> umo&#380;liwiaj&#261;c&#261; elastyczn&#261; obs&#322;ug&#281; bez u&#380;ycia r&#261;k &ndash; idealne po&#322;&#261;czenie mobilno&#347;ci i stabilno&#347;ci.  <\/p><p>Nowe produkty obj&#281;te s&#261; 2-letni&#261; gwarancj&#261; producenta.<\/p><h2 data-start=\"1039\" data-end=\"1088\">Kluczowe cechy Honeywell Xenon XP 1952g<\/h2><ul data-start=\"1089\" data-end=\"2083\">\n<li data-start=\"1089\" data-end=\"1221\">\n<p data-start=\"1091\" data-end=\"1221\"><strong data-start=\"1091\" data-end=\"1133\">Wyj&#261;tkowa wydajno&#347;&#263; skanowania 1D\/2D<\/strong> &ndash; rejestruje uszkodzone, wyblak&#322;e lub s&#322;abo wydrukowane kody kreskowe z wiod&#261;c&#261; w bran&#380;y dok&#322;adno&#347;ci&#261;.<\/p>\n<\/li>\n<li data-start=\"1222\" data-end=\"1315\">\n<p data-start=\"1224\" data-end=\"1315\"><strong data-start=\"1224\" data-end=\"1244\">Bezprzewodowa wolno&#347;&#263;<\/strong> &ndash; &#322;&#261;czno&#347;&#263; bezprzewodowa Bluetooth 5.0 z zasi&#281;giem do 30 metr&oacute;w.<\/p>\n<\/li>\n<li data-start=\"1316\" data-end=\"1439\">\n<p data-start=\"1318\" data-end=\"1439\"><strong data-start=\"1318\" data-end=\"1342\">Do&#322;&#261;czona podstawka na kabel<\/strong> &ndash; zapewnia mo&#380;liwo&#347;&#263; skanowania bez u&#380;ycia r&#261;k, idealna do stanowisk kasowych i stacji roboczych.<\/p>\n<\/li>\n<li data-start=\"1440\" data-end=\"1539\">\n<p data-start=\"1442\" data-end=\"1539\"><strong data-start=\"1442\" data-end=\"1468\">Energooszcz&#281;dna konstrukcja<\/strong> &ndash; bateria o d&#322;ugiej &#380;ywotno&#347;ci umo&#380;liwiaj&#261;ca wykonanie ponad 50 000 skan&oacute;w na jednym pe&#322;nym na&#322;adowaniu.<\/p>\n<\/li>\n<li data-start=\"1540\" data-end=\"1626\">\n<p data-start=\"1542\" data-end=\"1626\"><strong data-start=\"1542\" data-end=\"1561\">Ergonomiczna konstrukcja<\/strong> &ndash; lekki i wywa&#380;ony uchwyt dla wygodnego, d&#322;ugotrwa&#322;ego u&#380;ytkowania.<\/p>\n<\/li>\n<li data-start=\"1627\" data-end=\"1749\">\n<p data-start=\"1629\" data-end=\"1749\"><strong data-start=\"1629\" data-end=\"1653\">Wytrzyma&#322;a konstrukcja<\/strong> &ndash; stopie&#324; ochrony IP41 i odporno&#347;&#263; na upadki z wysoko&#347;ci do 1,8 metra zapewniaj&#261; niezawodno&#347;&#263; w handlu detalicznym i przemy&#347;le.<\/p>\n<\/li>\n<li data-start=\"1750\" data-end=\"1850\">\n<p data-start=\"1752\" data-end=\"1850\"><strong data-start=\"1752\" data-end=\"1782\">Przysz&#322;o&#347;ciowa kompatybilno&#347;&#263;<\/strong> &ndash; p&#322;ynna integracja z systemami Windows&reg;, Android&trade; i iOS&trade;.<\/p>\n<\/li>\n<li data-start=\"1851\" data-end=\"1967\">\n<p data-start=\"1853\" data-end=\"1967\"><strong data-start=\"1853\" data-end=\"1875\">Opcje inteligentnej bazy<\/strong> &ndash; Kompatybilno&#347;&#263; z baz&#261; &#322;adowania i komunikacji Honeywell dla lepszego zarz&#261;dzania urz&#261;dzeniami.<\/p>\n<\/li>\n<li data-start=\"1968\" data-end=\"2083\">\n<p data-start=\"1970\" data-end=\"2083\"><strong data-start=\"1970\" data-end=\"1990\">Dost&#281;pne modele<\/strong> &ndash; dost&#281;pne s&#261; konfiguracje o wysokiej g&#281;sto&#347;ci i standardowym zasi&#281;gu, aby spe&#322;ni&#263; r&oacute;&#380;norodne potrzeby skanowania.<\/p>\n<\/li>\n<\/ul><h2 data-start=\"2085\" data-end=\"2102\">Kluczowe korzy&#347;ci<\/h2><h3 data-start=\"2104\" data-end=\"2135\">Precyzja i wydajno&#347;&#263;<\/h3><p data-start=\"2136\" data-end=\"2408\">Zaawansowana technologia obrazowania Honeywell Xenon XP 1952g zapewnia szybkie i dok&#322;adne skanowanie &ndash; nawet gdy kody kreskowe s&#261; zu&#380;yte, rozmazane lub na zakrzywionych powierzchniach. Precyzja ta skraca czas przestoj&oacute;w i zwi&#281;ksza produktywno&#347;&#263; w handlu detalicznym, s&#322;u&#380;bie zdrowia i przemy&#347;le. <\/p><h3 data-start=\"2410\" data-end=\"2460\">Bezprzewodowa wolno&#347;&#263; i elastyczno&#347;&#263; bez u&#380;ycia r&#261;k<\/h3><p data-start=\"2461\" data-end=\"2770\">Dzi&#281;ki &#322;&#261;czno&#347;ci Bluetooth 5.0 u&#380;ytkownicy mog&#261; swobodnie porusza&#263; si&#281; w promieniu 30 metr&oacute;w od stacji bazowej, zachowuj&#261;c stabiln&#261; komunikacj&#281;. Do&#322;&#261;czona podstawka z <strong data-start=\"2611\" data-end=\"2626\">kablem<\/strong> umo&#380;liwia szybkie przechodzenie mi&#281;dzy skanowaniem r&#281;cznym i bez u&#380;ycia r&#261;k, dzi&#281;ki czemu idealnie nadaje si&#281; do &#347;rodowisk hybrydowych, takich jak kasy lub linie monta&#380;owe. <\/p><h3 data-start=\"2772\" data-end=\"2807\">Wytrzyma&#322;a, ale wygodna konstrukcja<\/h3><p data-start=\"2808\" data-end=\"3096\">Pomimo niewielkich rozmiar&oacute;w, 1952g oferuje imponuj&#261;c&#261; trwa&#322;o&#347;&#263;, wytrzymuj&#261;c upadki z wysoko&#347;ci do 1,8 metra i jest odporny na kurz i wilgo&#263;. Ergonomiczna konstrukcja minimalizuje obci&#261;&#380;enie, umo&#380;liwiaj&#261;c wygodn&#261; prac&#281; podczas d&#322;ugich zmian &ndash; jest to niezb&#281;dna cecha w ruchliwych &#347;rodowiskach handlu detalicznego lub logistyki. <\/p><h3 data-start=\"3098\" data-end=\"3146\">D&#322;uga &#380;ywotno&#347;&#263; baterii dla ci&#261;g&#322;ej pracy<\/h3><p data-start=\"3147\" data-end=\"3369\">Zaprojektowany z my&#347;l&#261; o intensywnym skanowaniu, wydajny system baterii 1952g obs&#322;uguje ponad 50 000 skan&oacute;w na jednym &#322;adowaniu. Opcjonalne baterie zapasowe mo&#380;na &#322;atwo wymienia&#263;, zapewniaj&#261;c nieprzerwan&#261; wydajno&#347;&#263; w miejscach o du&#380;ym zapotrzebowaniu. <\/p><h3 data-start=\"3371\" data-end=\"3404\">Bezproblemowa integracja systemu<\/h3><p data-start=\"3405\" data-end=\"3666\">Skaner obs&#322;uguje wszystkie g&#322;&oacute;wne systemy operacyjne i bez trudu integruje si&#281; z platformami POS i zarz&#261;dzania magazynem. Oprogramowanie EZConfig firmy Honeywell upraszcza konfiguracj&#281;, a inteligentne bazy poprawiaj&#261; wydajno&#347;&#263; &#322;adowania i komunikacji w du&#380;ych wdro&#380;eniach. <\/p><h2 data-start=\"3668\" data-end=\"3688\">Idealne przypadki u&#380;ycia<\/h2><ul data-start=\"3689\" data-end=\"4210\">\n<li data-start=\"3689\" data-end=\"3798\">\n<p data-start=\"3691\" data-end=\"3798\"><strong data-start=\"3691\" data-end=\"3717\">Handel detaliczny i punkty sprzeda&#380;y<\/strong> &ndash; wydajne skanowanie bez u&#380;ycia r&#261;k dzi&#281;ki do&#322;&#261;czonej podstawce z kablem do szybkiego kasowania.<\/p>\n<\/li>\n<li data-start=\"3799\" data-end=\"3906\">\n<p data-start=\"3801\" data-end=\"3906\"><strong data-start=\"3801\" data-end=\"3826\">Magazyn i logistyka<\/strong> &ndash; niezawodne skanowanie paczek i etykiet magazynowych w du&#380;ych obiektach.<\/p>\n<\/li>\n<li data-start=\"3907\" data-end=\"3999\">\n<p data-start=\"3909\" data-end=\"3999\"><strong data-start=\"3909\" data-end=\"3926\">Produkcja<\/strong> &ndash; solidna wydajno&#347;&#263; skanowania linii produkcyjnych i kontroli jako&#347;ci.<\/p>\n<\/li>\n<li data-start=\"4000\" data-end=\"4104\">\n<p data-start=\"4002\" data-end=\"4104\"><strong data-start=\"4002\" data-end=\"4016\">Opieka zdrowotna<\/strong> &ndash; Dok&#322;adne, bezprzewodowe skanowanie opasek na r&#281;k&#281; i etykiet lek&oacute;w dla bezpiecze&#324;stwa pacjent&oacute;w.<\/p>\n<\/li>\n<li data-start=\"4105\" data-end=\"4210\">\n<p data-start=\"4107\" data-end=\"4210\"><strong data-start=\"4107\" data-end=\"4136\">Field Service &amp; Utilities<\/strong> &ndash; Bezprzewodowa elastyczno&#347;&#263; skanowania zasob&oacute;w i dokumentacji w podr&oacute;&#380;y.<\/p>\n<\/li>\n<\/ul><h2 data-start=\"824\" data-end=\"848\">Por&oacute;wnania produkt&oacute;w<\/h2><p data-start=\"849\" data-end=\"1042\">Honeywell Xenon XP 1952g zapewnia wiod&#261;c&#261; w bran&#380;y wydajno&#347;&#263; i elastyczno&#347;&#263; skanowania. Dla firm por&oacute;wnuj&#261;cych inne opcje skanowania rugged i bezprzewodowego w <strong data-start=\"1013\" data-end=\"1029\">Micro Nordic<\/strong>, warto rozwa&#380;y&#263;: <\/p><ul data-start=\"1043\" data-end=\"1443\">\n<li data-start=\"1043\" data-end=\"1173\">\n<p data-start=\"1045\" data-end=\"1173\"><a href=\"https:\/\/micronordic.com\/product\/honeywell-granit-1981i-bt-w-cradle\/\"><strong data-start=\"1045\" data-end=\"1071\">Honeywell Granit 1981i<\/strong> <\/a>&ndash; Ultrawytrzyma&#322;y skaner bezprzewodowy dalekiego zasi&#281;gu stworzony z my&#347;l&#261; o magazynach i trudnych warunkach przemys&#322;owych.<\/p>\n<\/li>\n<li data-start=\"1174\" data-end=\"1293\">\n<p data-start=\"1176\" data-end=\"1293\"><a href=\"https:\/\/micronordic.com\/product\/honeywell-granit-1980i-cable-ex-stand\/\"><strong data-start=\"1176\" data-end=\"1202\">Honeywell Granit 1980i<\/strong> <\/a>&ndash; Przewodowy wariant oferuj&#261;cy wyj&#261;tkow&#261; trwa&#322;o&#347;&#263; i zasi&#281;g skanowania dla stacjonarnych stacji roboczych.<\/p>\n<\/li>\n<li data-start=\"1294\" data-end=\"1443\">\n<p data-start=\"1296\" data-end=\"1443\"><strong data-start=\"1296\" data-end=\"1332\"><a href=\"https:\/\/micronordic.com\/product\/honeywell-granit-1911i-ig-cordless-w-base\/\">Honeywell Granit 1911i<\/a> <\/strong> &ndash; Starszy bezprzewodowy skaner przemys&#322;owy dost&#281;pny w wersji odnowionej, oferuj&#261;cy wysok&#261; wydajno&#347;&#263; przy ni&#380;szych kosztach.<\/p>\n<\/li>\n<\/ul>\n","protected":false},"excerpt":{"rendered":"<h3>Specyfikacje:<\/h3>\n<ul>\n<li><strong>Wy\u015bwietlacz:<\/strong> Nie dotyczy (r\u0119czny skaner kod\u00f3w kreskowych)<\/li>\n<li><strong>\u0141\u0105czno\u015b\u0107:<\/strong> Bluetooth 5.0 (zasi\u0119g do 30 m); w zestawie podstawka z kablem; kompatybilny z baz\u0105 \u0142aduj\u0105co-komunikacyjn\u0105 Honeywell; wsp\u00f3\u0142pracuje z systemami Windows, Android, iOS<\/li>\n<li><strong>Certyfikaty rugged:<\/strong> IP41; test upadku z wysoko\u015bci do 1,8 m<\/li>\n<li><strong>Bezpiecze\u0144stwo:<\/strong> Standardowe tryby parowania\/uwierzytelniania Bluetooth<\/li>\n<li><strong>Bateria:<\/strong> Ponad 50 000 skan\u00f3w na jednym pe\u0142nym na\u0142adowaniu; mo\u017cliwo\u015b\u0107 wymiany przez u\u017cytkownika<\/li>\n<li><strong>Wymiary i waga:<\/strong> Por\u0119czny, kompaktowy i lekki<\/li>\n<li><strong>Gwarancja: <\/strong>Nowe produkty obj\u0119te s\u0105 2-letni\u0105 gwarancj\u0105 producenta.<\/li>\n<\/ul>\n","protected":false},"author":16,"featured_media":61102,"template":"","meta":{"_acf_changed":false,"inline_featured_image":false},"product-condition":[5249],"product_brand":[8970],"product_cat":[5196,5200,5197],"product_tag":[4879],"class_list":{"0":"post-46182","1":"product","2":"type-product","3":"status-publish","4":"has-post-thumbnail","6":"product-condition-new-in-box","7":"product_brand-honeywell-intermec","8":"product_cat-honeywell-intermec","9":"product_cat-all-barcode-scanners","10":"product_cat-new-in-box-rugged-hardware","11":"product_tag-wrd-pl","13":"first","14":"instock","15":"taxable","16":"shipping-taxable","17":"purchasable","18":"product-type-simple"},"acf":[],"_links":{"self":[{"href":"https:\/\/micronordic.com\/pl\/wp-json\/wp\/v2\/product\/46182","targetHints":{"allow":["GET"]}}],"collection":[{"href":"https:\/\/micronordic.com\/pl\/wp-json\/wp\/v2\/product"}],"about":[{"href":"https:\/\/micronordic.com\/pl\/wp-json\/wp\/v2\/types\/product"}],"author":[{"embeddable":true,"href":"https:\/\/micronordic.com\/pl\/wp-json\/wp\/v2\/users\/16"}],"version-history":[{"count":3,"href":"https:\/\/micronordic.com\/pl\/wp-json\/wp\/v2\/product\/46182\/revisions"}],"predecessor-version":[{"id":98296,"href":"https:\/\/micronordic.com\/pl\/wp-json\/wp\/v2\/product\/46182\/revisions\/98296"}],"wp:featuredmedia":[{"embeddable":true,"href":"https:\/\/micronordic.com\/pl\/wp-json\/wp\/v2\/media\/61102"}],"wp:attachment":[{"href":"https:\/\/micronordic.com\/pl\/wp-json\/wp\/v2\/media?parent=46182"}],"wp:term":[{"taxonomy":"product-condition","embeddable":true,"href":"https:\/\/micronordic.com\/pl\/wp-json\/wp\/v2\/product-condition?post=46182"},{"taxonomy":"product_brand","embeddable":true,"href":"https:\/\/micronordic.com\/pl\/wp-json\/wp\/v2\/product_brand?post=46182"},{"taxonomy":"product_cat","embeddable":true,"href":"https:\/\/micronordic.com\/pl\/wp-json\/wp\/v2\/product_cat?post=46182"},{"taxonomy":"product_tag","embeddable":true,"href":"https:\/\/micronordic.com\/pl\/wp-json\/wp\/v2\/product_tag?post=46182"}],"curies":[{"name":"wp","href":"https:\/\/api.w.org\/{rel}","templated":true}]}}