{"id":46178,"date":"2020-10-06T15:09:01","date_gmt":"2020-10-06T13:09:01","guid":{"rendered":"https:\/\/micronordic.com\/product\/getac-f110-g4-i5-116%e2%80%b3-dotykowy-w-pelni-wzmocniony-tablet-nowosc\/"},"modified":"2025-11-18T17:23:36","modified_gmt":"2025-11-18T16:23:36","slug":"getac-f110-touch-fully-rugged-tablet","status":"publish","type":"product","link":"https:\/\/micronordic.com\/pl\/product\/getac-f110-touch-fully-rugged-tablet\/","title":{"rendered":"Getac F110 G6 Fully Rugged Tablet (NOWO\u015a\u0106)"},"content":{"rendered":"<?xml encoding=\"utf-8\" ?><h2 data-start=\"0\" data-end=\"35\">Getac F110 G6 Fully Rugged Tablet<\/h2><p data-start=\"37\" data-end=\"518\"><strong data-start=\"41\" data-end=\"58\">Getac F110 G6<\/strong> to kompaktowy, <strong data-start=\"73\" data-end=\"89\">w pe&#322;ni Rugged<\/strong> Tablet 11,6&Prime; z systemem Windows stworzony dla zespo&#322;&oacute;w terenowych, kt&oacute;re potrzebuj&#261; niezawodnej wydajno&#347;ci w trudnych warunkach. Dzi&#281;ki responsywnemu procesorowi Intel&reg; Core&trade;, jasnemu ekranowi dotykowemu, kt&oacute;ry mo&#380;na odczyta&#263; na zewn&#261;trz, <g id=\"gid_2\">dw&oacute;m bateriom, kt&oacute;re mo&#380;na wymienia&#263; podczas pracy<\/g>, oraz nowoczesnym portom wej&#347;cia\/wyj&#347;cia, w tym <g id=\"gid_3\">Thunderbolt&trade; 4<\/g>, utrzymuje przep&#322;yw pracy od woz&oacute;w patrolowych po hale sklepowe i odleg&#322;e lokalizacje. Dost&#281;pny w Micro Nordic w konfiguracjach biznesowych z akcesoriami i opcjami dokowania.   Nowe produkty obj&#281;te s&#261; 3-letni&#261; gwarancj&#261; producenta.<\/p><h2 data-start=\"520\" data-end=\"560\">Kluczowe cechy <strong data-start=\"543\" data-end=\"560\">Getac F110 G6<\/strong><\/h2><ul data-start=\"561\" data-end=\"1549\">\n<li data-start=\"561\" data-end=\"686\">\n<p data-start=\"563\" data-end=\"686\"><strong data-start=\"563\" data-end=\"592\">Wytrzyma&#322;a, gotowa do pracy w terenie konstrukcja<\/strong> &ndash; certyfikaty MIL-STD-810H i IP66 zapewniaj&#261; odporno&#347;&#263; na deszcz, kurz, wibracje i silne uderzenia.<\/p>\n<\/li>\n<li data-start=\"687\" data-end=\"810\">\n<p data-start=\"689\" data-end=\"810\"><strong data-start=\"689\" data-end=\"726\">11,6&Prime; ekran dotykowy FHD czytelny w &#347;wietle s&#322;onecznym<\/strong> &ndash; obs&#322;uga Glove\/stylus dla niezawodnego wprowadzania danych w &#347;rodowiskach zewn&#281;trznych i przemys&#322;owych.<\/p>\n<\/li>\n<li data-start=\"811\" data-end=\"924\">\n<p data-start=\"813\" data-end=\"924\"><strong data-start=\"813\" data-end=\"860\">Intel&reg; Core&trade; i5\/i7 (11. generacji) z Iris&reg; Xe<\/strong> &ndash; p&#322;ynna wielozadaniowo&#347;&#263; dla GIS, diagnostyki i przechwytywania danych.<\/p>\n<\/li>\n<li data-start=\"925\" data-end=\"1025\">\n<p data-start=\"927\" data-end=\"1025\"><strong data-start=\"927\" data-end=\"959\">Podw&oacute;jne baterie z mo&#380;liwo&#347;ci&#261; wymiany podczas pracy<\/strong> &ndash; ci&#261;g&#322;e zasilanie podczas zmian bez wy&#322;&#261;czania.<\/p>\n<\/li>\n<li data-start=\"1026\" data-end=\"1126\">\n<p data-start=\"1028\" data-end=\"1126\"><strong data-start=\"1028\" data-end=\"1051\">Nowoczesna &#322;&#261;czno&#347;&#263;<\/strong> &ndash; Wi-Fi 6\/6E, Bluetooth&reg; 5.x, opcjonalnie 4G\/5G i dedykowany GNSS.<\/p>\n<\/li>\n<li data-start=\"1127\" data-end=\"1220\">\n<p data-start=\"1129\" data-end=\"1220\"><strong data-start=\"1129\" data-end=\"1147\">Szybkie wej&#347;cia\/wyj&#347;cia<\/strong> &ndash; <strong data-start=\"1150\" data-end=\"1168\">Thunderbolt&trade;<\/strong> 4, USB i opcje dokowania dla pojazd&oacute;w i biurek.<\/p>\n<\/li>\n<li data-start=\"1221\" data-end=\"1335\">\n<p data-start=\"1223\" data-end=\"1335\"><strong data-start=\"1223\" data-end=\"1251\">Bezpiecze&#324;stwo i &#322;atwo&#347;&#263; zarz&#261;dzania<\/strong> &ndash; TPM 2.0, kamera Windows Hello&reg;; opcjonalny czytnik kart inteligentnych i linii papilarnych.<\/p>\n<\/li>\n<li data-start=\"1336\" data-end=\"1454\">\n<p data-start=\"1338\" data-end=\"1454\"><strong data-start=\"1338\" data-end=\"1366\">Mo&#380;liwo&#347;&#263; serwisowania bez u&#380;ycia narz&#281;dzi<\/strong> &ndash; szybki dost&#281;p do baterii i pami&#281;ci masowej w celu szybkiej konserwacji i bezpiecznej kontroli danych.<\/p>\n<\/li>\n<li data-start=\"1455\" data-end=\"1549\">\n<p data-start=\"1457\" data-end=\"1549\"><strong data-start=\"1457\" data-end=\"1480\">Ekosystem akcesori&oacute;w<\/strong> &ndash; stacje dokuj&#261;ce do pojazd&oacute;w\/biur, paski, klawiatury i dodatki do przechwytywania danych.<\/p>\n<\/li>\n<\/ul><h2 data-start=\"1551\" data-end=\"1585\">Kluczowe zalety F110 G6<\/h2><h3 data-start=\"1587\" data-end=\"1825\">Stworzony do pracy w najtrudniejszych warunkach<\/h3><p data-start=\"1587\" data-end=\"1825\">Uszczelniony zgodnie z IP66 i przetestowany zgodnie z MIL-STD-810H, F110 G6 jest odporny na deszcz, kurz, wstrz&#261;sy i du&#380;e wahania temperatury, dzi&#281;ki czemu zespo&#322;y mog&#261; niezawodnie pracowa&#263; na zewn&#261;trz, w pojazdach i na terenach przemys&#322;owych.<\/p><h3 data-start=\"1827\" data-end=\"2030\">Zasilanie przez ca&#322;y dzie&#324; dzi&#281;ki funkcji Hot-Swap<\/h3><p data-start=\"1827\" data-end=\"2030\">Podw&oacute;jne baterie tabletu, kt&oacute;re mo&#380;na wymienia&#263; podczas pracy, umo&#380;liwiaj&#261; nieprzerwane zmiany &ndash; wymie&#324; jeden pakiet, podczas gdy drugi utrzymuje systemy przy &#380;yciu &ndash; minimalizuj&#261;c przestoje w zadaniach o znaczeniu krytycznym.<\/p><h3 data-start=\"2032\" data-end=\"2288\">Skalowalna wydajno&#347;&#263; i &#322;&#261;czno&#347;&#263;<\/h3><p data-start=\"2032\" data-end=\"2288\">Procesory Intel&reg; Core&trade; z grafik&#261; Iris&reg; Xe sprawiaj&#261;, &#380;e aplikacje s&#261; responsywne, a Wi-Fi 6\/6E, opcjonalne 4G\/5G, GNSS i Thunderbolt 4 szybko przenosz&#261; dane mi&#281;dzy urz&#261;dzeniami terenowymi, systemami zaplecza i stacjami dokuj&#261;cymi.<\/p><h3 data-start=\"2290\" data-end=\"2481\">Bezpiecze&#324;stwo i zgodno&#347;&#263;<\/h3><p data-start=\"2290\" data-end=\"2481\">Sprz&#281;towy modu&#322; TPM 2.0, funkcja Windows Hello i opcjonalne uwierzytelnianie za pomoc&#261; karty inteligentnej\/odcisku palca obs&#322;uguj&#261; korporacyjne zasady bezpiecze&#324;stwa i chroni&#261; poufne dane na brzegu sieci.<\/p><h3 data-start=\"2483\" data-end=\"2704\">Sprawny i gotowy do pracy we flocie<\/h3><p data-start=\"2483\" data-end=\"2704\">Beznarz&#281;dziowy dost&#281;p do baterii i pami&#281;ci masowej upraszcza konserwacj&#281;, a szeroka obs&#322;uga akcesori&oacute;w &ndash; podstawki samochodowe, stacje dokuj&#261;ce biurowe, opcje klawiatury &ndash; pomaga ustandaryzowa&#263; wdro&#380;enia w r&oacute;&#380;nych rolach.<\/p><h2 data-start=\"2706\" data-end=\"2724\">Idealne przypadki u&#380;ycia<\/h2><ul data-start=\"2725\" data-end=\"3251\">\n<li data-start=\"2725\" data-end=\"2840\">\n<p data-start=\"2727\" data-end=\"2840\"><strong data-start=\"2727\" data-end=\"2765\">Bezpiecze&#324;stwo publiczne i reagowanie kryzysowe<\/strong> &ndash; przep&#322;ywy pracy MDT, raportowanie incydent&oacute;w i bezpieczny dost&#281;p do danych w pojazdach.<\/p>\n<\/li>\n<li data-start=\"2841\" data-end=\"2952\">\n<p data-start=\"2843\" data-end=\"2952\"><strong data-start=\"2843\" data-end=\"2872\">Serwis terenowy i us&#322;ugi komunalne<\/strong> &ndash; inspekcje zasob&oacute;w, diagnostyka, schematy i aktualizacje zlece&#324; na miejscu.<\/p>\n<\/li>\n<li data-start=\"2953\" data-end=\"3057\">\n<p data-start=\"2955\" data-end=\"3057\"><strong data-start=\"2955\" data-end=\"2996\">Produkcja i operacje przemys&#322;owe<\/strong> &ndash; &#347;ledzenie WIP, kontrole jako&#347;ci i zadania HMI na linii.<\/p>\n<\/li>\n<li data-start=\"3058\" data-end=\"3158\">\n<p data-start=\"3060\" data-end=\"3158\"><strong data-start=\"3060\" data-end=\"3090\">Transport i logistyka<\/strong> &ndash; operacje na placach sk&#322;adowych, koordynacja prze&#322;adunk&oacute;w i zarz&#261;dzanie trasami.<\/p>\n<\/li>\n<li data-start=\"3159\" data-end=\"3251\">\n<p data-start=\"3161\" data-end=\"3251\"><strong data-start=\"3161\" data-end=\"3185\">Obrona i administracja rz&#261;dowa<\/strong> &ndash; komputery gotowe do misji z solidnymi zabezpieczeniami i mo&#380;liwo&#347;ci&#261; przetrwania.<\/p>\n<\/li>\n<\/ul><h2 data-start=\"0\" data-end=\"48\">Por&oacute;wnanie produkt&oacute;w dla Getac F110 G6<\/h2><ul data-start=\"50\" data-end=\"720\">\n<li data-start=\"50\" data-end=\"268\">\n<p data-start=\"52\" data-end=\"268\"><a href=\"https:\/\/micronordic.com\/product\/refurbished-panasonic-toughpad-fz-g1\/\"><strong data-start=\"52\" data-end=\"89\">Panasonic Toughbook FZ-G1<\/strong><\/a> &ndash; Mniejszy, l&#380;ejszy tablet z systemem Windows. Wybierz FZ-G1 do ciasnych przestrzeni i obs&#322;ugi jedn&#261; r&#281;k&#261;; wybierz Getac F110 G6 dla wi&#281;kszego ekranu 11,6&Prime; i dw&oacute;ch baterii wymienianych podczas pracy. <\/p>\n<\/li>\n<li data-start=\"270\" data-end=\"491\">\n<p data-start=\"272\" data-end=\"491\"><a href=\"https:\/\/micronordic.com\/product\/panasonic-toughbook-fz-g2\/\"><strong data-start=\"272\" data-end=\"309\">Panasonic Toughbook FZ-G2<\/strong><\/a> &ndash; Wysoce modu&#322;owy tablet z systemem Windows i wn&#281;kami rozszerze&#324;. Wybierz FZ-G2 ze wzgl&#281;du na maksymalnie modu&#322;owe wej&#347;cia\/wyj&#347;cia; wybierz Getac F110 G6 ze wzgl&#281;du na szczelno&#347;&#263; IP66, Thunderbolt&trade; 4 i wi&#281;kszy wy&#347;wietlacz. <\/p>\n<\/li>\n<li data-start=\"493\" data-end=\"720\">\n<p data-start=\"495\" data-end=\"720\"><a href=\"https:\/\/micronordic.com\/product\/zebra-et65-rugged-enterprise-tablet\/\"><strong data-start=\"495\" data-end=\"515\">Zebra ET65 <\/strong><\/a> &ndash; Tablet klasy korporacyjnej z systemem Android i wi&#281;kszym, 12-calowym panelem. Wybierz ET65, je&#347;li wolisz system Android i dodatkow&#261; powierzchni&#281; ekranu; wybierz Getac F110 G6 dla systemu Windows, zasilania hot-swap i bardziej kompaktowych rozmiar&oacute;w. <\/p>\n<\/li>\n<\/ul>\n","protected":false},"excerpt":{"rendered":"<h3>Specyfikacje:<\/h3>\n<ul>\n<li><strong>Wy\u015bwietlacz:<\/strong> 11,6\u2033 FHD (1920\u00d71080), czytelny w \u015bwietle s\u0142onecznym, obs\u0142uga w r\u0119kawicach\/stylusie<\/li>\n<li><strong>Procesor:<\/strong> Intel\u00ae Core\u2122 i5\/i7 (11. generacji)<\/li>\n<li><strong>Grafika:<\/strong> Intel\u00ae Iris\u00ae Xe (zintegrowana)<\/li>\n<li><strong>Pami\u0119\u0107:<\/strong> 8 GB DDR4 (model podstawowy), z mo\u017cliwo\u015bci\u0105 rozbudowy do 32 GB<\/li>\n<li><strong>Pami\u0119\u0107 masowa:<\/strong> 256NVMe SSD (model podstawowy), z mo\u017cliwo\u015bci\u0105 rozbudowy do 1 TB<\/li>\n<li><strong>\u0141\u0105czno\u015b\u0107:<\/strong> Wi-Fi 6\/6E, Bluetooth 5.x, opcjonalnie 4G\/5G i GNSS; Thunderbolt 4, USB; dokowanie w poje\u017adzie\/biurze<\/li>\n<li><strong>Certyfikaty rugged:<\/strong> MIL-STD-810H; szczelno\u015b\u0107 IP66; odporno\u015b\u0107 na upadki\/wibracje<\/li>\n<li><strong>Zabezpieczenia:<\/strong> TPM 2.0; Windows Hello; opcjonalny czytnik kart inteligentnych i linii papilarnych<\/li>\n<li><strong>Bateria:<\/strong> Podw\u00f3jne pakiety z mo\u017cliwo\u015bci\u0105 wymiany podczas pracy ci\u0105g\u0142ej<\/li>\n<li><strong>Wymiary i waga:<\/strong> Kompaktowy tablet klasy rugged 11,6\u2033 (r\u00f3\u017cni si\u0119 w zale\u017cno\u015bci od konfiguracji)<\/li>\n<li><strong>Gwarancja:<\/strong> 3-letnia standardowa gwarancja producenta;<\/li>\n<\/ul>\n","protected":false},"author":16,"featured_media":100199,"template":"","meta":{"_acf_changed":false,"inline_featured_image":false},"product-condition":[5249],"product_brand":[8955],"product_cat":[5204,5202,5197],"product_tag":[],"class_list":{"0":"post-46178","1":"product","2":"type-product","3":"status-publish","4":"has-post-thumbnail","6":"product-condition-new-in-box","7":"product_brand-getac","8":"product_cat-getac-rugged","9":"product_cat-all-rugged-tablets","10":"product_cat-new-in-box-rugged-hardware","12":"first","13":"instock","14":"taxable","15":"shipping-taxable","16":"purchasable","17":"product-type-simple"},"acf":[],"_links":{"self":[{"href":"https:\/\/micronordic.com\/pl\/wp-json\/wp\/v2\/product\/46178","targetHints":{"allow":["GET"]}}],"collection":[{"href":"https:\/\/micronordic.com\/pl\/wp-json\/wp\/v2\/product"}],"about":[{"href":"https:\/\/micronordic.com\/pl\/wp-json\/wp\/v2\/types\/product"}],"author":[{"embeddable":true,"href":"https:\/\/micronordic.com\/pl\/wp-json\/wp\/v2\/users\/16"}],"version-history":[{"count":2,"href":"https:\/\/micronordic.com\/pl\/wp-json\/wp\/v2\/product\/46178\/revisions"}],"predecessor-version":[{"id":98306,"href":"https:\/\/micronordic.com\/pl\/wp-json\/wp\/v2\/product\/46178\/revisions\/98306"}],"wp:featuredmedia":[{"embeddable":true,"href":"https:\/\/micronordic.com\/pl\/wp-json\/wp\/v2\/media\/100199"}],"wp:attachment":[{"href":"https:\/\/micronordic.com\/pl\/wp-json\/wp\/v2\/media?parent=46178"}],"wp:term":[{"taxonomy":"product-condition","embeddable":true,"href":"https:\/\/micronordic.com\/pl\/wp-json\/wp\/v2\/product-condition?post=46178"},{"taxonomy":"product_brand","embeddable":true,"href":"https:\/\/micronordic.com\/pl\/wp-json\/wp\/v2\/product_brand?post=46178"},{"taxonomy":"product_cat","embeddable":true,"href":"https:\/\/micronordic.com\/pl\/wp-json\/wp\/v2\/product_cat?post=46178"},{"taxonomy":"product_tag","embeddable":true,"href":"https:\/\/micronordic.com\/pl\/wp-json\/wp\/v2\/product_tag?post=46178"}],"curies":[{"name":"wp","href":"https:\/\/api.w.org\/{rel}","templated":true}]}}