{"id":46176,"date":"2020-10-06T15:09:00","date_gmt":"2020-10-06T13:09:00","guid":{"rendered":"https:\/\/micronordic.com\/product\/getac-v110-g3-w-pelni-wytrzymaly-116-ip65-mil-std-810g-rs232-nowy\/"},"modified":"2025-11-18T17:50:15","modified_gmt":"2025-11-18T16:50:15","slug":"getac-v110-g7-touch-fully-rugged-notebook","status":"publish","type":"product","link":"https:\/\/micronordic.com\/pl\/product\/getac-v110-g7-touch-fully-rugged-notebook\/","title":{"rendered":"Getac V110 G7 Fully Rugged Laptop (NOWO\u015a\u0106)"},"content":{"rendered":"<?xml encoding=\"utf-8\" ?><h2 data-start=\"0\" data-end=\"42\">Getac V110 G7 Fully Rugged Laptop (NOWO&#346;&#262;)<\/h2><p data-start=\"44\" data-end=\"707\"><strong data-start=\"48\" data-end=\"65\">Getac V110 G7<\/strong> to kompaktowy, w pe&#322;ni rugged <strong data-start=\"93\" data-end=\"104\">Windows<\/strong> 2-w-1 stworzony dla zespo&#322;&oacute;w, kt&oacute;re przemieszczaj&#261; si&#281; mi&#281;dzy dokami pojazd&oacute;w, halami produkcyjnymi i terenami zewn&#281;trznymi &ndash; bez uszczerbku dla czasu pracy i bezpiecze&#324;stwa. Jako konwertowalny notebook, p&#322;ynnie prze&#322;&#261;cza si&#281; mi&#281;dzy trybami laptopa i tabletu, zapewniaj&#261;c u&#380;ytkownikom w terenie stabiln&#261; klawiatur&#281;, gdy musz&#261; pisa&#263;, oraz ekran dotykowy, kt&oacute;ry mog&#261; obs&#322;ugiwa&#263; w r&#281;kawiczkach lub rysikiem, gdy s&#261; w ruchu. Dzi&#281;ki responsywnej wydajno&#347;ci wielu aplikacji, opcjom zasilania z mo&#380;liwo&#347;ci&#261; wymiany podczas pracy oraz ekosystemowi akcesori&oacute;w stworzonemu specjalnie dla flot, <strong data-start=\"579\" data-end=\"596\">Getac V110 G7<\/strong> pomaga organizacjom ustandaryzowa&#263; jedno urz&#261;dzenie do raportowania, diagnostyki, GIS i przep&#322;yw&oacute;w pracy o znaczeniu krytycznym.  <\/p><p data-start=\"709\" data-end=\"1021\">Niezale&#380;nie od tego, czy wprowadzasz nowe pojazdy, modernizujesz starzej&#261;c&#261; si&#281; flot&#281;, czy wyposa&#380;asz mieszane role w zakresie bezpiecze&#324;stwa publicznego, us&#322;ug u&#380;yteczno&#347;ci publicznej i operacji przemys&#322;owych, <strong data-start=\"861\" data-end=\"878\">Getac V110 G7<\/strong> zapewnia przeno&#347;no&#347;&#263; tabletu ze znajomo&#347;ci&#261; i szybko&#347;ci&#261; laptopa &ndash; gotowego do d&#322;ugich zmian, trudnej obs&#322;ugi i rzeczywistej pogody.<\/p><p data-start=\"709\" data-end=\"1021\"><strong>Nowe produkty obj&#281;te s&#261; 3-letni&#261; gwarancj&#261; producenta.<\/strong><\/p><h2 data-start=\"1023\" data-end=\"1059\">Kluczowe cechy Getac V110 G7<\/h2><ul data-start=\"1060\" data-end=\"3074\">\n<li data-start=\"1060\" data-end=\"1326\">\n<p data-start=\"1062\" data-end=\"1326\">Fully <strong data-start=\"1062\" data-end=\"1092\">Rugged 2-in-1 design<\/strong> &ndash; konwertowalna forma prze&#322;&#261;cza si&#281; mi&#281;dzy laptopem i tabletem, aby dopasowa&#263; si&#281; do zadania; utwardzona obudowa, uszczelnione porty i wzmocnione naro&#380;niki s&#261; zbudowane z my&#347;l&#261; o codziennych wibracjach, kurzu, wilgoci i uderzeniach podczas transportu i u&#380;ytkowania w samochodzie.<\/p>\n<\/li>\n<li data-start=\"1327\" data-end=\"1577\">\n<p data-start=\"1329\" data-end=\"1577\">Czytelny <strong data-start=\"1329\" data-end=\"1364\">w &#347;wietle s&#322;onecznym wy&#347;wietlacz dotykowy<\/strong> &ndash; czytelny na zewn&#261;trz panel obs&#322;uguje wprowadzanie danych palcem, r&#281;kawic&#261; i rysikiem, umo&#380;liwiaj&#261;c dok&#322;adn&#261; prac&#281; na mapach, formularzach, schematach i zdj&#281;ciach; szerokie k&#261;ty widzenia pomagaj&#261; zespo&#322;om wsp&oacute;&#322;pracowa&#263; rami&#281; w rami&#281; w pojazdach lub na &#322;awkach.<\/p>\n<\/li>\n<li data-start=\"1578\" data-end=\"1813\">\n<p data-start=\"1580\" data-end=\"1813\"><strong data-start=\"1580\" data-end=\"1606\">Responsywna wydajno&#347;&#263;<\/strong> &ndash; nowoczesna wielordzeniowa platforma zapewnia p&#322;ynne dzia&#322;anie przegl&#261;darek CAD, diagnostyki, zdalnego wsparcia i aplikacji biurowych; szybka pami&#281;&#263; masowa NVMe i du&#380;a ilo&#347;&#263; pami&#281;ci zapewniaj&#261; responsywno&#347;&#263; podczas wielozadaniowej pracy w terenie.<\/p>\n<\/li>\n<li data-start=\"1814\" data-end=\"2040\">\n<p data-start=\"1816\" data-end=\"2040\"><strong data-start=\"1816\" data-end=\"1839\">Zasilanie z mo&#380;liwo&#347;ci&#261; wymiany podczas pracy<\/strong> &ndash; architektura dw&oacute;ch baterii (w obs&#322;ugiwanych konfiguracjach) umo&#380;liwia wymian&#281; baterii w trakcie zmiany bez wy&#322;&#261;czania aplikacji, chroni&#261;c ci&#261;g&#322;o&#347;&#263; sesji w przypadku raport&oacute;w z incydent&oacute;w, inspekcji lub przechwytywania dowod&oacute;w.<\/p>\n<\/li>\n<li data-start=\"2041\" data-end=\"2247\">\n<p data-start=\"2043\" data-end=\"2247\"><strong data-start=\"2043\" data-end=\"2066\">Nowoczesna &#322;&#261;czno&#347;&#263;<\/strong> &ndash; niezawodne Wi-Fi i Bluetooth do pracy w terenie, z opcjonalnym mobilnym &#322;&#261;czem szerokopasmowym i GNSS, aby zapewni&#263; dok&#322;adno&#347;&#263; zada&#324; lokalizacyjnych i przep&#322;yw danych, gdy jeste&#347; z dala od sieci.<\/p>\n<\/li>\n<li data-start=\"2248\" data-end=\"2457\">\n<p data-start=\"2250\" data-end=\"2457\"><strong data-start=\"2250\" data-end=\"2278\">Szybkie wej&#347;cia\/wyj&#347;cia i dokowanie<\/strong> &ndash; Bogaty wyb&oacute;r port&oacute;w oraz wytrzyma&#322;e stacje dokuj&#261;ce na biurko\/do pojazdu usprawniaj&#261; &#322;adowanie, korzystanie z urz&#261;dze&#324; peryferyjnych (drukarek, skaner&oacute;w, instrument&oacute;w) i szybkie przekazywanie zada&#324; mi&#281;dzy terenem a biurem.<\/p>\n<\/li>\n<li data-start=\"2458\" data-end=\"2673\">\n<p data-start=\"2460\" data-end=\"2673\"><strong data-start=\"2460\" data-end=\"2496\">Bezpiecze&#324;stwo i zarz&#261;dzanie w przedsi&#281;biorstwie<\/strong> &ndash; zabezpieczenia sprz&#281;towe i opcje uwierzytelniania s&#261; zgodne z zasadami korporacyjnymi; sp&oacute;jne zarz&#261;dzanie obrazami i profilami pomaga dzia&#322;om IT wdra&#380;a&#263; i utrzymywa&#263; floty na du&#380;&#261; skal&#281;.<\/p>\n<\/li>\n<li data-start=\"2674\" data-end=\"2868\">\n<p data-start=\"2676\" data-end=\"2868\"><strong data-start=\"2676\" data-end=\"2698\">&#321;atwa w serwisowaniu konstrukcja<\/strong> &ndash; komponenty dost&#281;pne za pomoc&#261; narz&#281;dzi oraz wymienne baterie i pami&#281;&#263; masowa upraszczaj&#261; konserwacj&#281;, skracaj&#261; przestoje i wyd&#322;u&#380;aj&#261; cykl &#380;ycia w por&oacute;wnaniu z zamkni&#281;tymi urz&#261;dzeniami konsumenckimi.<\/p>\n<\/li>\n<li data-start=\"2869\" data-end=\"3074\">\n<p data-start=\"2871\" data-end=\"3074\"><strong data-start=\"2871\" data-end=\"2894\">Ekosystem akcesori&oacute;w<\/strong> &ndash; Klawiatury, rozwi&#261;zania do przenoszenia, zapasowe baterie, &#322;adowarki i dodatki do przechwytywania danych pozwalaj&#261; dostosowa&#263; urz&#261;dzenie do roli, od patrolu i inspekcji po operacje magazynowe i zak&#322;adowe.<\/p>\n<\/li>\n<\/ul><h2 data-start=\"3076\" data-end=\"3112\">Kluczowe zalety Getac V110 G7<\/h2><h3 data-start=\"3114\" data-end=\"3153\">Stworzony do pracy w najtrudniejszych warunkach<\/h3><p data-start=\"3154\" data-end=\"3341\">W pe&#322;ni wzmocniona konstrukcja jest odporna na wibracje, upadki, kurz i wilgo&#263;, dzi&#281;ki czemu za&#322;ogi mog&#261; pewnie pracowa&#263; na zewn&#261;trz, w pojazdach i na terenach przemys&#322;owych z mniejsz&#261; liczb&#261; przerw zwi&#261;zanych z urz&#261;dzeniami.<\/p><h3 data-start=\"3343\" data-end=\"3379\">Szybko&#347;&#263; laptopa, elastyczno&#347;&#263; tabletu<\/h3><p data-start=\"3380\" data-end=\"3588\">Konwertowalna konstrukcja zapewnia u&#380;ytkownikom stabiln&#261; klawiatur&#281; do zada&#324; wymagaj&#261;cych du&#380;ej ilo&#347;ci danych i &#322;atwy w u&#380;yciu ekran dotykowy do robienia zdj&#281;&#263;, podpis&oacute;w i znacznik&oacute;w na miejscu &ndash; zmniejszaj&#261;c tarcie podczas zmiany kontekstu w terenie.<\/p><h3 data-start=\"3590\" data-end=\"3624\">Moc, kt&oacute;ra wystarcza na ca&#322;y dzie&#324;<\/h3><p data-start=\"3625\" data-end=\"3785\">Opcje baterii z mo&#380;liwo&#347;ci&#261; wymiany podczas pracy zapewniaj&#261; nieprzerwany czas pracy na d&#322;ugich zmianach i prze&#322;&#261;czeniach, zapobiegaj&#261;c utracie pracy i ponownym uruchomieniom, gdy harmonogramy i liczba po&#322;&#261;cze&#324; wzrastaj&#261;.<\/p><h3 data-start=\"3787\" data-end=\"3826\">P&#322;ynna &#322;&#261;czno&#347;&#263; i przep&#322;yw danych<\/h3><p data-start=\"3827\" data-end=\"4031\">Silne opcje bezprzewodowe i dokowanie klasy flotowej zapewniaj&#261; synchronizacj&#281; bilet&oacute;w, dziennik&oacute;w i multimedi&oacute;w w tle. Prze&#322;o&#380;eni otrzymuj&#261; aktualizacje na czas, podczas gdy zespo&#322;y przemieszczaj&#261; si&#281; mi&#281;dzy biurem, pojazdami i lokalizacjami zdalnymi. <\/p><h3 data-start=\"4033\" data-end=\"4053\">Gotowy dla flot<\/h3><p data-start=\"4054\" data-end=\"4248\">&#321;atwy dost&#281;p serwisowy, sp&oacute;jne obrazowanie i szeroki ekosystem stacji dokuj&#261;cych\/&#322;adowarek obni&#380;aj&#261; ca&#322;kowity koszt posiadania. Dzia&#322; IT mo&#380;e standaryzowa&#263; wdro&#380;enia, szybko wymienia&#263; cz&#281;&#347;ci i utrzymywa&#263; krytyczne jednostki w gotowo&#347;ci do pracy. <\/p><h2 data-start=\"4250\" data-end=\"4268\">Idealne przypadki u&#380;ycia<\/h2><ul data-start=\"4269\" data-end=\"4966\">\n<li data-start=\"4269\" data-end=\"4418\">\n<p data-start=\"4271\" data-end=\"4418\"><strong data-start=\"4271\" data-end=\"4301\">Bezpiecze&#324;stwo publiczne i administracja rz&#261;dowa<\/strong> &ndash; pisanie raport&oacute;w, dost&#281;p do CAD\/AVL, od&#322;&#261;czanie kamer cia&#322;a\/dowod&oacute;w i bezpieczna komunikacja w pojazdach i na stacjach.<\/p>\n<\/li>\n<li data-start=\"4419\" data-end=\"4579\">\n<p data-start=\"4421\" data-end=\"4579\"><strong data-start=\"4421\" data-end=\"4450\">Field Service &amp; Utilities<\/strong> &ndash; diagnostyka zasob&oacute;w, przegl&#261;d plan&oacute;w, przep&#322;ywy pracy prze&#322;&#261;czania\/inspekcji i aktualizacje zlece&#324; pracy w szafach, s&#322;upach i zdalnych lokalizacjach.<\/p>\n<\/li>\n<li data-start=\"4580\" data-end=\"4706\">\n<p data-start=\"4582\" data-end=\"4706\"><strong data-start=\"4582\" data-end=\"4612\">Produkcja i przemys&#322;<\/strong> &ndash; dost&#281;p do HMI, &#347;ledzenie WIP, procedury konserwacji i kontrole jako&#347;ci na linii lub w jej pobli&#380;u.<\/p>\n<\/li>\n<li data-start=\"4707\" data-end=\"4838\">\n<p data-start=\"4709\" data-end=\"4838\"><strong data-start=\"4709\" data-end=\"4739\">Transport i logistyka<\/strong> &ndash; koordynacja placu, wyznaczanie tras, uzgadnianie zapas&oacute;w oraz obs&#322;uga etykiet\/dokument&oacute;w w drodze.<\/p>\n<\/li>\n<li data-start=\"4839\" data-end=\"4966\">\n<p data-start=\"4841\" data-end=\"4966\"><strong data-start=\"4841\" data-end=\"4866\">Energia i budownictwo<\/strong> &ndash; przegl&#261;d plan&oacute;w, dane pomiarowe, listy wykrocze&#324; i dokumentacja placu budowy, gdzie warunki pogodowe i zapylenie s&#261; rutynowe.<\/p>\n<\/li>\n<\/ul><h2 data-start=\"4968\" data-end=\"5012\">Por&oacute;wnanie produkt&oacute;w dla Getac V110 G7<\/h2><ul data-start=\"5013\" data-end=\"5583\">\n<li data-start=\"5013\" data-end=\"5210\">\n<p data-start=\"5015\" data-end=\"5210\"><a href=\"https:\/\/micronordic.com\/product\/getac-s410-g5-semi-rugged-notebook\/\"><strong data-start=\"5015\" data-end=\"5032\">Getac S410 G5<\/strong><\/a> &ndash; Wybierz <strong data-start=\"5042\" data-end=\"5053\">S410<\/strong> G5, je&#347;li zale&#380;y Ci na przeno&#347;no&#347;ci Semi-Rugged przy ni&#380;szej wadze; wybierz <strong data-start=\"5114\" data-end=\"5131\">Getac V110 G7<\/strong>, gdy w pe&#322;ni wytrzyma&#322;a trwa&#322;o&#347;&#263; i elastyczno&#347;&#263; konwertowalna nie podlegaj&#261; negocjacjom.<\/p>\n<\/li>\n<li data-start=\"5211\" data-end=\"5389\">\n<p data-start=\"5213\" data-end=\"5389\"><a href=\"https:\/\/micronordic.com\/product\/getac-b360-g2-fully-rugged-laptop\/\"><strong data-start=\"5213\" data-end=\"5227\">Getac B360<\/strong> <\/a>&ndash; Wybierz <strong data-start=\"5235\" data-end=\"5243\">B360<\/strong> dla tradycyjnej klapki o maksymalnej wytrzyma&#322;o&#347;ci i wi&#281;kszej obudowie; wybierz <strong data-start=\"5323\" data-end=\"5340\">Getac V110 G7<\/strong> dla l&#380;ejszego przenoszenia i wszechstronno&#347;ci w trybie tabletu.<\/p>\n<\/li>\n<li data-start=\"5390\" data-end=\"5583\">\n<p data-start=\"5392\" data-end=\"5583\"><a href=\"https:\/\/micronordic.com\/product\/panasonic-toughbook-cf-33\/\"><strong data-start=\"5392\" data-end=\"5421\">Panasonic Toughbook CF-33<\/strong><\/a> &ndash; Wybierz <strong data-start=\"5431\" data-end=\"5440\">CF-33<\/strong> dla od&#322;&#261;czanego urz&#261;dzenia 2 w 1; wybierz <strong data-start=\"5482\" data-end=\"5499\">Getac V110 G7<\/strong> dla zintegrowanego urz&#261;dzenia konwertowalnego z przyjaznymi dla floty stacjami dokuj&#261;cymi i opcjami zasilania podczas pracy.<\/p>\n<\/li>\n<\/ul>\n","protected":false},"excerpt":{"rendered":"<h3>Specyfikacje:<\/h3>\n<ul>\n<li><strong>Wy\u015bwietlacz:<\/strong> Kompaktowy, czytelny w \u015bwietle s\u0142onecznym ekran dotykowy; mo\u017cliwo\u015b\u0107 obs\u0142ugi w r\u0119kawiczkach\/stylusie; szerokie k\u0105ty widzenia<\/li>\n<li><strong>Procesor:<\/strong> Platforma Intel\u00ae Core\u2122 (konfigurowalny, wielordzeniowy)<\/li>\n<li><strong>Grafika:<\/strong> Zintegrowana<\/li>\n<li><strong>Pami\u0119\u0107: <\/strong>8 GB DDR4 (model podstawowy), z mo\u017cliwo\u015bci\u0105 rozbudowy do 64 GB<\/li>\n<li><strong>Pami\u0119\u0107 masowa:<\/strong> 256 GB PCIe NVMe SSD (model podstawowy), z mo\u017cliwo\u015bci\u0105 rozbudowy do 2 TB<\/li>\n<li><strong>\u0141\u0105czno\u015b\u0107:<\/strong> Wi-Fi 6\/6E, Bluetooth 5.x; opcjonalnie 4G\/5G WWAN i GNSS; dokowanie do biurka\/pojazdu; bogate wej\u015bcia\/wyj\u015bcia (USB, HDMI, Ethernet)<\/li>\n<li><strong>Certyfikaty rugged:<\/strong> Fully Rugged chassis z uszczelnieniem, odporno\u015bci\u0105 na upadki i wibracje<\/li>\n<li><strong>Bezpiecze\u0144stwo:<\/strong> Zabezpieczenia sprz\u0119towe z opcjami uwierzytelniania klasy korporacyjnej<\/li>\n<li><strong>Bateria:<\/strong> Podw\u00f3jne baterie wymieniane podczas pracy w obs\u0142ugiwanych konfiguracjach do pracy ci\u0105g\u0142ej<\/li>\n<li><strong>Wymiary i waga:<\/strong> Kompaktowy kabriolet Fully Rugged (r\u00f3\u017cni si\u0119 w zale\u017cno\u015bci od konfiguracji)<\/li>\n<li><strong>Gwarancja:<\/strong> 3-letnia standardowa gwarancja producenta<\/li>\n<\/ul>\n","protected":false},"author":16,"featured_media":99815,"template":"","meta":{"_acf_changed":false,"inline_featured_image":false},"product-condition":[5249],"product_brand":[8955],"product_cat":[5204,5201,5197],"product_tag":[],"class_list":{"0":"post-46176","1":"product","2":"type-product","3":"status-publish","4":"has-post-thumbnail","6":"product-condition-new-in-box","7":"product_brand-getac","8":"product_cat-getac-rugged","9":"product_cat-all-rugged-laptops","10":"product_cat-new-in-box-rugged-hardware","12":"first","13":"instock","14":"taxable","15":"shipping-taxable","16":"purchasable","17":"product-type-simple"},"acf":[],"_links":{"self":[{"href":"https:\/\/micronordic.com\/pl\/wp-json\/wp\/v2\/product\/46176","targetHints":{"allow":["GET"]}}],"collection":[{"href":"https:\/\/micronordic.com\/pl\/wp-json\/wp\/v2\/product"}],"about":[{"href":"https:\/\/micronordic.com\/pl\/wp-json\/wp\/v2\/types\/product"}],"author":[{"embeddable":true,"href":"https:\/\/micronordic.com\/pl\/wp-json\/wp\/v2\/users\/16"}],"version-history":[{"count":2,"href":"https:\/\/micronordic.com\/pl\/wp-json\/wp\/v2\/product\/46176\/revisions"}],"predecessor-version":[{"id":98385,"href":"https:\/\/micronordic.com\/pl\/wp-json\/wp\/v2\/product\/46176\/revisions\/98385"}],"wp:featuredmedia":[{"embeddable":true,"href":"https:\/\/micronordic.com\/pl\/wp-json\/wp\/v2\/media\/99815"}],"wp:attachment":[{"href":"https:\/\/micronordic.com\/pl\/wp-json\/wp\/v2\/media?parent=46176"}],"wp:term":[{"taxonomy":"product-condition","embeddable":true,"href":"https:\/\/micronordic.com\/pl\/wp-json\/wp\/v2\/product-condition?post=46176"},{"taxonomy":"product_brand","embeddable":true,"href":"https:\/\/micronordic.com\/pl\/wp-json\/wp\/v2\/product_brand?post=46176"},{"taxonomy":"product_cat","embeddable":true,"href":"https:\/\/micronordic.com\/pl\/wp-json\/wp\/v2\/product_cat?post=46176"},{"taxonomy":"product_tag","embeddable":true,"href":"https:\/\/micronordic.com\/pl\/wp-json\/wp\/v2\/product_tag?post=46176"}],"curies":[{"name":"wp","href":"https:\/\/api.w.org\/{rel}","templated":true}]}}