{"id":46174,"date":"2020-10-06T15:09:00","date_gmt":"2020-10-06T13:09:00","guid":{"rendered":"https:\/\/micronordic.com\/product\/getac-s410-g3-basic-i3-1115g4-nowy\/"},"modified":"2025-11-18T17:47:55","modified_gmt":"2025-11-18T16:47:55","slug":"getac-s410-g5-semi-rugged-notebook","status":"publish","type":"product","link":"https:\/\/micronordic.com\/pl\/product\/getac-s410-g5-semi-rugged-notebook\/","title":{"rendered":"Getac S410 G5 Semi-Rugged Laptop (NOWO\u015a\u0106)"},"content":{"rendered":"<?xml encoding=\"utf-8\" ?><h2 data-start=\"0\" data-end=\"41\">Getac S410 G5 Semi-Rugged Laptop (NOWO&#346;&#262;)<\/h2><p data-start=\"43\" data-end=\"669\"><strong data-start=\"47\" data-end=\"64\">Getac S410 G5<\/strong> to wszechstronny, Semi-Rugged Laptop z systemem <strong data-start=\"93\" data-end=\"104\">Windows<\/strong> stworzony dla profesjonalist&oacute;w, kt&oacute;rzy potrzebuj&#261; niezawodnej wydajno&#347;ci poza komfortem biura &ndash; na halach fabrycznych, na stanowiskach magazynowych, w pojazdach serwisowych i na placach budowy. R&oacute;wnowa&#380;&#261;c trwa&#322;o&#347;&#263; z przeno&#347;no&#347;ci&#261;, <strong data-start=\"321\" data-end=\"338\">Getac S410 G5<\/strong> &#322;&#261;czy jasny, nadaj&#261;cy si&#281; do u&#380;ytku na zewn&#261;trz wy&#347;wietlacz i responsywne przetwarzanie z obudow&#261; zaprojektowan&#261; tak, aby wytrzyma&#263; codzienne uderzenia, wibracje i okazjonalne zalanie. Dla IT oferuje stabiln&#261; platform&#281; z &#322;atwym dost&#281;pem do us&#322;ug, silne opcje bezpiecze&#324;stwa oraz szeroki ekosystem stacji dokuj&#261;cych i akcesori&oacute;w do standaryzacji wdro&#380;e&#324; w r&oacute;&#380;nych rolach.  <\/p><p data-start=\"43\" data-end=\"669\"><strong>Nowe produkty obj&#281;te s&#261; 3-letni&#261; gwarancj&#261; producenta.<\/strong><\/p><p data-start=\"671\" data-end=\"897\">Niezale&#380;nie od tego, czy wyposa&#380;asz zespo&#322;y serwisowe w terenie, personel bezpiecze&#324;stwa publicznego czy operator&oacute;w przemys&#322;owych, <strong data-start=\"763\" data-end=\"780\">Getac S410 G5<\/strong> zapewnia odpowiednie po&#322;&#261;czenie czasu pracy, elastyczno&#347;ci baterii i wej&#347;&#263;\/wyj&#347;&#263; &ndash; bez wagi i masy platformy Fully Rugged.<\/p><h2 data-start=\"899\" data-end=\"935\">Kluczowe cechy Getac S410 G5<\/h2><ul data-start=\"936\" data-end=\"2747\">\n<li data-start=\"936\" data-end=\"1162\">\n<p data-start=\"938\" data-end=\"1162\">Konstrukcja <strong data-start=\"938\" data-end=\"953\">Semi-Rugged<\/strong> &ndash; stworzona, aby sprosta&#263; codziennym zagro&#380;eniom, takim jak wibracje, drobne upadki i nara&#380;enie na kurz\/wilgo&#263;, chroni&#261;c komponenty podczas transportu i pracy mobilnej, zachowuj&#261;c przy tym niewielk&#261; wag&#281; do codziennego noszenia.<\/p>\n<\/li>\n<li data-start=\"1163\" data-end=\"1370\">\n<p data-start=\"1165\" data-end=\"1370\">Wy&#347;wietlacz <strong data-start=\"1165\" data-end=\"1186\">czytelny w &#347;wietle s&#322;onecznym<\/strong> &ndash; ekran przystosowany do pracy na zewn&#261;trz poprawia czytelno&#347;&#263; w jasnych warunkach i obs&#322;uguje wprowadzanie danych w r&#281;kawicach, zmniejszaj&#261;c liczb&#281; b&#322;&#281;d&oacute;w podczas przegl&#261;dania formularzy, schemat&oacute;w lub instrukcji serwisowych na miejscu.<\/p>\n<\/li>\n<li data-start=\"1371\" data-end=\"1578\">\n<p data-start=\"1373\" data-end=\"1578\"><strong data-start=\"1373\" data-end=\"1387\">Responsywna<\/strong> wydajno&#347;&#263; &ndash; nowoczesne procesory wielordzeniowe i szybka pami&#281;&#263; masowa sprawiaj&#261;, &#380;e przegl&#261;darki CAD, narz&#281;dzia zdalnego wsparcia, diagnostyka i aplikacje biurowe dzia&#322;aj&#261; p&#322;ynnie &ndash; dzi&#281;ki czemu wielozadaniowo&#347;&#263; nie wstrzymuje przep&#322;ywu pracy.<\/p>\n<\/li>\n<li data-start=\"1579\" data-end=\"1759\">\n<p data-start=\"1581\" data-end=\"1759\">Konstrukcja <strong data-start=\"1581\" data-end=\"1596\">z mo&#380;liwo&#347;ci&#261; rozbudowy<\/strong> &ndash; dost&#281;pne wn&#281;ki na pami&#281;&#263; i pami&#281;&#263; masow&#261; pomagaj&#261; wyd&#322;u&#380;y&#263; cykl &#380;ycia, umo&#380;liwiaj&#261;c zespo&#322;om dostosowanie konfiguracji w miar&#281; up&#322;ywu czasu bez konieczno&#347;ci wymiany ca&#322;ego urz&#261;dzenia.<\/p>\n<\/li>\n<li data-start=\"1760\" data-end=\"1964\">\n<p data-start=\"1762\" data-end=\"1964\"><strong data-start=\"1762\" data-end=\"1772\">Nowoczesna<\/strong> &#322;&#261;czno&#347;&#263; &ndash; niezawodne Wi-Fi i Bluetooth do pracy w terenie, z opcjonalnym mobilnym &#322;&#261;czem szerokopasmowym i GNSS, aby zapewni&#263; przep&#322;yw danych i precyzyjne zadania lokalizacyjne, gdy jeste&#347; z dala od sieci.<\/p>\n<\/li>\n<li data-start=\"1965\" data-end=\"2178\">\n<p data-start=\"1967\" data-end=\"2178\"><strong data-start=\"1967\" data-end=\"1981\">Szybkie<\/strong> wej&#347;cia\/wyj&#347;cia i dokowanie &ndash; bogaty wyb&oacute;r port&oacute;w oraz wytrzyma&#322;e stacje dokuj&#261;ce usprawniaj&#261; &#322;adowanie, korzystanie z urz&#261;dze&#324; peryferyjnych (skaner&oacute;w, drukarek etykiet, przyrz&#261;d&oacute;w) i szybkie przekazywanie mi&#281;dzy terenem a biurem.<\/p>\n<\/li>\n<li data-start=\"2179\" data-end=\"2391\">\n<p data-start=\"2181\" data-end=\"2391\">Bezpiecze&#324;stwo <strong data-start=\"2181\" data-end=\"2195\">korporacyjne<\/strong> i &#322;atwo&#347;&#263; zarz&#261;dzania &ndash; zabezpieczenia sprz&#281;towe i opcje uwierzytelniania s&#261; zgodne z zasadami korporacyjnymi, a scentralizowane obrazowanie\/konfiguracja zapewnia sp&oacute;jno&#347;&#263; wdro&#380;e&#324; w r&oacute;&#380;nych zespo&#322;ach.<\/p>\n<\/li>\n<li data-start=\"2392\" data-end=\"2557\">\n<p data-start=\"2394\" data-end=\"2557\">Uk&#322;ad <strong data-start=\"2394\" data-end=\"2409\">z mo&#380;liwo&#347;ci&#261; serwisowania<\/strong> &ndash; komponenty dost&#281;pne za pomoc&#261; narz&#281;dzi i modu&#322;owe baterie skracaj&#261; czas przestoj&oacute;w, upraszczaj&#261; naprawy i u&#322;atwiaj&#261; utrzymanie rotacji krytycznych jednostek.<\/p>\n<\/li>\n<li data-start=\"2558\" data-end=\"2747\">\n<p data-start=\"2560\" data-end=\"2747\">Ekosystem <strong data-start=\"2560\" data-end=\"2573\">akcesori&oacute;w<\/strong> &ndash; rozwi&#261;zania do przenoszenia, zapasowe baterie, &#322;adowarki i dodatki do przechwytywania danych dostosowuj&#261; system do ka&#380;dej roli, od inspektor&oacute;w i technik&oacute;w po nadzorc&oacute;w i dyspozytor&oacute;w.<\/p>\n<\/li>\n<\/ul><h2 data-start=\"2749\" data-end=\"2785\">Kluczowe zalety Getac S410 G5<\/h2><h3 data-start=\"2787\" data-end=\"2833\">Zbudowany z my&#347;l&#261; o najtrudniejszych codziennych warunkach<\/h3><p data-start=\"2834\" data-end=\"3049\">Ochrona Semi-Rugged chroni przed rzeczywistymi wstrz&#261;sami, wibracjami, kurzem i wilgoci&#261;, z kt&oacute;rymi spotykasz si&#281; podczas pracy zmianowej, monta&#380;u pojazdu i cz&#281;stego przemieszczania si&#281; mi&#281;dzy lokalizacjami &ndash; bez kary za bardzo ci&#281;&#380;k&#261; obudow&#281;.<\/p><h3 data-start=\"3051\" data-end=\"3083\">Du&#380;y ekran, lepsze przep&#322;ywy pracy<\/h3><p data-start=\"3084\" data-end=\"3296\">Jasny obszar roboczy <strong data-start=\"3093\" data-end=\"3104\">Windows<\/strong> sprawia, &#380;e pulpity nawigacyjne, plany i dokumentacja s&#261; &#322;atwiejsze do odczytania w mieszanym &#347;wietle. Dzi&#281;ki du&#380;ej powierzchni ekranu i precyzyjnemu wprowadzaniu danych u&#380;ytkownicy sp&#281;dzaj&#261; mniej czasu na przewijaniu, a wi&#281;cej na wykonywaniu zada&#324;. <\/p><h3 data-start=\"3298\" data-end=\"3332\">Moc, kt&oacute;ra wystarcza na ca&#322;y dzie&#324;<\/h3><p data-start=\"3333\" data-end=\"3517\">Elastyczne opcje baterii wspieraj&#261; d&#322;ugotrwa&#322;e u&#380;ytkowanie w terenie, z mo&#380;liwo&#347;ci&#261; wymiany na gor&#261;co w wybranych konfiguracjach, aby utrzyma&#263; sesje aplikacji podczas zmian i d&#322;ugich wezwa&#324; serwisowych.<\/p><h3 data-start=\"3519\" data-end=\"3558\">P&#322;ynna &#322;&#261;czno&#347;&#263; i przep&#322;yw danych<\/h3><p data-start=\"3559\" data-end=\"3763\">Zaawansowane opcje &#322;&#261;czno&#347;ci bezprzewodowej i mo&#380;liwo&#347;&#263; dokowania na biurku\/poje&#378;dzie zapewniaj&#261; synchronizacj&#281; zg&#322;osze&#324;, dziennik&oacute;w i dowod&oacute;w w tle. Prze&#322;o&#380;eni widz&#261; aktualizacje na czas, a zespo&#322;y przemieszczaj&#261; si&#281; mi&#281;dzy lokalizacjami bez konieczno&#347;ci zmiany konfiguracji kabli. <\/p><h3 data-start=\"3765\" data-end=\"3785\">Gotowy dla flot<\/h3><p data-start=\"3786\" data-end=\"3989\">Sp&oacute;jne obrazowanie, bezpieczne uwierzytelnianie i szybki dost&#281;p do us&#322;ug obni&#380;aj&#261; ca&#322;kowity koszt posiadania. Dzia&#322; IT otrzymuje przewidywaln&#261; platform&#281; do zarz&#261;dzania na du&#380;&#261; skal&#281;; u&#380;ytkownicy otrzymuj&#261; niezawodne narz&#281;dzie, kt&oacute;re pozostaje gotowe do pracy. <\/p><h2 data-start=\"3991\" data-end=\"4009\">Idealne przypadki u&#380;ycia<\/h2><ul data-start=\"4010\" data-end=\"4663\">\n<li data-start=\"4010\" data-end=\"4136\">\n<p data-start=\"4012\" data-end=\"4136\"><strong data-start=\"4012\" data-end=\"4042\">Bezpiecze&#324;stwo publiczne i administracja<\/strong> &ndash; pisanie raport&oacute;w, obs&#322;uga dowod&oacute;w i &#322;&#261;czno&#347;&#263; z dyspozytorami w pojazdach i na stacjach.<\/p>\n<\/li>\n<li data-start=\"4137\" data-end=\"4273\">\n<p data-start=\"4139\" data-end=\"4273\"><strong data-start=\"4139\" data-end=\"4168\">Serwis terenowy i us&#322;ugi komunalne<\/strong> &ndash; diagnostyka zasob&oacute;w, przegl&#261;d plan&oacute;w i aktualizacje zlece&#324; roboczych w szafach, s&#322;upach, zak&#322;adach i odleg&#322;ych lokalizacjach.<\/p>\n<\/li>\n<li data-start=\"4274\" data-end=\"4400\">\n<p data-start=\"4276\" data-end=\"4400\"><strong data-start=\"4276\" data-end=\"4306\">Produkcja i przemys&#322;<\/strong> &ndash; dost&#281;p do HMI, procedury konserwacji, &#347;ledzenie WIP i kontrole jako&#347;ci na linii lub w jej pobli&#380;u.<\/p>\n<\/li>\n<li data-start=\"4401\" data-end=\"4532\">\n<p data-start=\"4403\" data-end=\"4532\"><strong data-start=\"4403\" data-end=\"4433\">Transport i logistyka<\/strong> &ndash; koordynacja placu, wyznaczanie tras, uzgadnianie zapas&oacute;w oraz obs&#322;uga etykiet\/dokument&oacute;w w drodze.<\/p>\n<\/li>\n<li data-start=\"4533\" data-end=\"4663\">\n<p data-start=\"4535\" data-end=\"4663\"><strong data-start=\"4535\" data-end=\"4560\">Energia i budownictwo<\/strong> &ndash; dokumentacja budowy, przegl&#261;danie plan&oacute;w CAD, listy wykrocze&#324; i zapisy zgodno&#347;ci w wymagaj&#261;cych &#347;rodowiskach.<\/p>\n<\/li>\n<\/ul><h2 data-start=\"4665\" data-end=\"4709\">Por&oacute;wnanie produkt&oacute;w dla Getac S410 G5<\/h2><ul data-start=\"4710\" data-end=\"5315\">\n<li data-start=\"4710\" data-end=\"4894\">\n<p data-start=\"4712\" data-end=\"4894\"><a href=\"https:\/\/micronordic.com\/product\/getac-b360-g2-fully-rugged-laptop\/\"><strong data-start=\"4712\" data-end=\"4726\">Getac B360 G2<\/strong><\/a>&ndash; Wybierz <strong data-start=\"4736\" data-end=\"4744\">B360<\/strong> dla w pe&#322;ni wytrzyma&#322;ej platformy, gdy misja wymaga maksymalnej prze&#380;ywalno&#347;ci; wybierz <strong data-start=\"4828\" data-end=\"4845\">Getac S410 G5<\/strong> dla l&#380;ejszego przenoszenia i elastyczno&#347;ci Semi-Rugged.<\/p>\n<\/li>\n<li data-start=\"4895\" data-end=\"5105\">\n<p data-start=\"4897\" data-end=\"5105\"><a href=\"https:\/\/micronordic.com\/product\/panasonic-toughbook-fz-55\/\"><strong data-start=\"4897\" data-end=\"4923\">Panasonic Toughbook 55<\/strong><\/a> &ndash; Wybierz Toughbook <strong data-start=\"4931\" data-end=\"4947\">55<\/strong>, je&#347;li priorytetem jest modu&#322;owa rozbudowa wn&#281;ki; wybierz <strong data-start=\"4994\" data-end=\"5011\">Getac S410 G5<\/strong>, aby uzyska&#263; zr&oacute;wnowa&#380;on&#261; konstrukcj&#281; Semi-Rugged z solidnymi mo&#380;liwo&#347;ciami serwisowania i akcesoriami przyjaznymi dla floty.<\/p>\n<\/li>\n<li data-start=\"5106\" data-end=\"5315\">\n<p data-start=\"5108\" data-end=\"5315\"><a href=\"https:\/\/micronordic.com\/product\/dell-rugged-extreme-5430-new\/\"><strong data-start=\"5108\" data-end=\"5137\">Dell Latitude Rugged 5430<\/strong><\/a> &ndash; Wybierz <strong data-start=\"5147\" data-end=\"5171\">Latitude Rugged<\/strong> 5430 dla &#347;cis&#322;ej integracji z istniej&#261;cymi flotami Dell; wybierz <strong data-start=\"5228\" data-end=\"5245\">Getac S410 G5<\/strong> dla sprawdzonej wytrzyma&#322;o&#347;ci Semi-Rugged i wszechstronnego dokowania w r&oacute;&#380;nych rolach.<\/p>\n<\/li>\n<\/ul>\n","protected":false},"excerpt":{"rendered":"<h3>Specyfikacje:<\/h3>\n<ul>\n<li><strong>Wy\u015bwietlacz:<\/strong> 14\u2033 klasy, do u\u017cytku na zewn\u0105trz, czytelny w \u015bwietle s\u0142onecznym, opcje dotykowe przystosowane do pracy w r\u0119kawiczkach<\/li>\n<li><strong>Procesor:<\/strong> Platforma Intel\u00ae Core\u2122 najnowszej generacji (konfigurowalna)<\/li>\n<li><strong>Grafika:<\/strong> Zintegrowana; opcjonalna oddzielna grafika w wybranych konfiguracjach<\/li>\n<li><strong>Pami\u0119\u0107:<\/strong> 8 GB (w modelu podstawowym), z mo\u017cliwo\u015bci\u0105 rozbudowy do 64 GB DDR5<\/li>\n<li><strong>Pami\u0119\u0107 masowa:<\/strong> 256 GB PCIe NVMe SSD (w modelu podstawowym), z mo\u017cliwo\u015bci\u0105 rozbudowy do 2 TB<\/li>\n<li><strong>\u0141\u0105czno\u015b\u0107:<\/strong> Wi-Fi 6\/6E, Bluetooth 5.x; opcjonalnie 4G\/5G WWAN i GNSS; stacja dokuj\u0105ca na biurko\/do pojazdu<\/li>\n<li><strong>Certyfikaty rugged:<\/strong> Konstrukcja Semi Rugged; testy MIL-STD-810H; ochrona przed wnikaniem (zale\u017cne od modelu)<\/li>\n<li><strong>Bezpiecze\u0144stwo:<\/strong> Zabezpieczenia sprz\u0119towe i opcje uwierzytelniania korporacyjnego<\/li>\n<li><strong>Bateria:<\/strong> Akumulatory o d\u0142ugiej \u017cywotno\u015bci z mo\u017cliwo\u015bci\u0105 wymiany podczas pracy w wybranych modelach<\/li>\n<li><strong>Wymiary i waga:<\/strong> Klasa laptop\u00f3w Semi-Rugged 14\u2033 (r\u00f3\u017cni si\u0119 w zale\u017cno\u015bci od konfiguracji)<\/li>\n<li><strong>Gwarancja:<\/strong> 3-letnia standardowa gwarancja producenta<\/li>\n<\/ul>\n","protected":false},"author":16,"featured_media":96167,"template":"","meta":{"_acf_changed":false,"inline_featured_image":false},"product-condition":[5249],"product_brand":[8955],"product_cat":[5204,5201,5197],"product_tag":[],"class_list":{"0":"post-46174","1":"product","2":"type-product","3":"status-publish","4":"has-post-thumbnail","6":"product-condition-new-in-box","7":"product_brand-getac","8":"product_cat-getac-rugged","9":"product_cat-all-rugged-laptops","10":"product_cat-new-in-box-rugged-hardware","12":"first","13":"instock","14":"taxable","15":"shipping-taxable","16":"purchasable","17":"product-type-simple"},"acf":[],"_links":{"self":[{"href":"https:\/\/micronordic.com\/pl\/wp-json\/wp\/v2\/product\/46174","targetHints":{"allow":["GET"]}}],"collection":[{"href":"https:\/\/micronordic.com\/pl\/wp-json\/wp\/v2\/product"}],"about":[{"href":"https:\/\/micronordic.com\/pl\/wp-json\/wp\/v2\/types\/product"}],"author":[{"embeddable":true,"href":"https:\/\/micronordic.com\/pl\/wp-json\/wp\/v2\/users\/16"}],"version-history":[{"count":2,"href":"https:\/\/micronordic.com\/pl\/wp-json\/wp\/v2\/product\/46174\/revisions"}],"predecessor-version":[{"id":98370,"href":"https:\/\/micronordic.com\/pl\/wp-json\/wp\/v2\/product\/46174\/revisions\/98370"}],"wp:featuredmedia":[{"embeddable":true,"href":"https:\/\/micronordic.com\/pl\/wp-json\/wp\/v2\/media\/96167"}],"wp:attachment":[{"href":"https:\/\/micronordic.com\/pl\/wp-json\/wp\/v2\/media?parent=46174"}],"wp:term":[{"taxonomy":"product-condition","embeddable":true,"href":"https:\/\/micronordic.com\/pl\/wp-json\/wp\/v2\/product-condition?post=46174"},{"taxonomy":"product_brand","embeddable":true,"href":"https:\/\/micronordic.com\/pl\/wp-json\/wp\/v2\/product_brand?post=46174"},{"taxonomy":"product_cat","embeddable":true,"href":"https:\/\/micronordic.com\/pl\/wp-json\/wp\/v2\/product_cat?post=46174"},{"taxonomy":"product_tag","embeddable":true,"href":"https:\/\/micronordic.com\/pl\/wp-json\/wp\/v2\/product_tag?post=46174"}],"curies":[{"name":"wp","href":"https:\/\/api.w.org\/{rel}","templated":true}]}}