{"id":46172,"date":"2020-10-06T15:08:54","date_gmt":"2020-10-06T13:08:54","guid":{"rendered":"https:\/\/micronordic.com\/product\/dell-latitude-14-rugged-extreme-7424-nowy\/"},"modified":"2025-11-18T17:56:38","modified_gmt":"2025-11-18T16:56:38","slug":"dell-latitude-14-rugged-extreme-7424-i7","status":"publish","type":"product","link":"https:\/\/micronordic.com\/pl\/product\/dell-latitude-14-rugged-extreme-7424-i7\/","title":{"rendered":"Dell Latitude 7424 Rugged Extreme (PRE-OWNED)"},"content":{"rendered":"<?xml encoding=\"utf-8\" ?><h2 data-start=\"0\" data-end=\"36\">Dell Latitude 7424 Rugged Extreme (Certified Pre-Owned)<\/h2><p data-start=\"38\" data-end=\"628\"><strong data-start=\"42\" data-end=\"79\">Dell Latitude 7424 Rugged Extreme<\/strong> to w pe&#322;ni wytrzyma&#322;y laptop z <strong data-start=\"98\" data-end=\"109\">systemem Windows<\/strong> zaprojektowany dla zespo&#322;&oacute;w, kt&oacute;re pracuj&#261; tam, gdzie notebooki konsumenckie zawodz&#261; &ndash; na halach fabrycznych, w pojazdach, w magazynach i na zewn&#261;trz. Zbudowany, aby wytrzyma&#263; wibracje, kurz, wilgo&#263; i cz&#281;sty transport, &#322;&#261;czy trwa&#322;&#261; konstrukcj&#281; z responsywn&#261; wydajno&#347;ci&#261;, mocnymi wej&#347;ciami \/ wyj&#347;ciami i gotowo&#347;ci&#261; do serwisowania floty. <strong data-start=\"482\" data-end=\"519\">Dell Latitude 7424 Rugged Extreme<\/strong> zapewnia organizacjom, kt&oacute;re stawiaj&#261; na niezawodne urz&#261;dzenia terenowe, po&#322;&#261;czenie czasu pracy, ergonomii i &#322;atwo&#347;ci zarz&#261;dzania potrzebnych do d&#322;ugich zmian i zada&#324; o znaczeniu krytycznym.  <\/p><p data-start=\"38\" data-end=\"628\">Niezale&#380;nie od tego, czy modernizujesz starzej&#261;c&#261; si&#281; flot&#281;, czy zwi&#281;kszasz pojemno&#347;&#263; do operacji sezonowych, <strong data-start=\"722\" data-end=\"759\">Dell Latitude 7424 Rugged Extreme<\/strong> zapewnia znan&#261; u&#380;yteczno&#347;&#263; laptopa z mo&#380;liwo&#347;ci&#261; przetrwania specjalnie zbudowanego narz&#281;dzia terenowego &ndash; gotowego do szybkiego wdro&#380;enia, &#322;atwej konserwacji i sp&oacute;jnego szkolenia u&#380;ytkownik&oacute;w w r&oacute;&#380;nych rolach. Nasze <strong>certyfikowane jednostki u&#380;ywane s&#261; obj&#281;te 12-miesi&#281;czn&#261; gwarancj&#261;.<\/strong> <\/p><h2 data-start=\"945\" data-end=\"1001\">Kluczowe cechy Dell Latitude 7424 Rugged Extreme<\/h2><ul data-start=\"1002\" data-end=\"2767\">\n<li data-start=\"1002\" data-end=\"1213\">\n<p data-start=\"1004\" data-end=\"1213\"><strong data-start=\"1004\" data-end=\"1014\">Rugged chassis<\/strong> &ndash; Fully rugged design jest odporny na codzienne wstrz&#261;sy, wibracje, kurz i wilgo&#263; podczas transportu, monta&#380;u w poje&#378;dzie i pracy na miejscu, chroni&#261;c wewn&#281;trzne komponenty w wymagaj&#261;cych cyklach pracy.<\/p>\n<\/li>\n<li data-start=\"1214\" data-end=\"1426\">\n<p data-start=\"1216\" data-end=\"1426\"><strong>Opcje wy&#347;wietlaczy<\/strong> <strong data-start=\"1216\" data-end=\"1237\">czytelnych w &#347;wietle s&#322;onecznym<\/strong> &ndash; panele do u&#380;ytku na zewn&#261;trz zapewniaj&#261; czytelno&#347;&#263; desek rozdzielczych, formularzy i schemat&oacute;w w mieszanym &#347;wietle; konfiguracje dotykowe obs&#322;uguj&#261; u&#380;ywanie r&#281;kawic w wybranych modelach w celu dok&#322;adnego wprowadzania danych w terenie.<\/p>\n<\/li>\n<li data-start=\"1427\" data-end=\"1613\">\n<p data-start=\"1429\" data-end=\"1613\"><strong data-start=\"1429\" data-end=\"1443\">Responsywna wydajno&#347;&#263;<\/strong> &ndash; wielordzeniowe procesory klasy biznesowej i szybka pami&#281;&#263; masowa NVMe sprawiaj&#261;, &#380;e diagnostyka, zdalne wsparcie, przegl&#261;darki CAD i aplikacje biurowe dzia&#322;aj&#261; p&#322;ynnie na wszystkich zmianach.<\/p>\n<\/li>\n<li data-start=\"1614\" data-end=\"1789\">\n<p data-start=\"1616\" data-end=\"1789\"><strong data-start=\"1616\" data-end=\"1631\">Konstrukcja z mo&#380;liwo&#347;ci&#261; rozbudowy<\/strong> &ndash; dost&#281;pne wn&#281;ki na pami&#281;&#263; i pami&#281;&#263; masow&#261; zwi&#281;kszaj&#261; warto&#347;&#263; cyklu &#380;ycia i pozwalaj&#261; informatykom na dostosowanie konfiguracji lub szybk&#261; wymian&#281; cz&#281;&#347;ci, aby utrzyma&#263; jednostki w ruchu.<\/p>\n<\/li>\n<li data-start=\"1790\" data-end=\"1977\">\n<p data-start=\"1792\" data-end=\"1977\"><strong data-start=\"1792\" data-end=\"1802\">Nowoczesna<\/strong> <strong>&#322;&#261;czno&#347;&#263;<\/strong> &ndash; niezawodne Wi-Fi i Bluetooth do zada&#324; na miejscu, z opcjonalnym mobilnym &#322;&#261;czem szerokopasmowym i GNSS w celu utrzymania przep&#322;ywu danych i dok&#322;adno&#347;ci lokalizacji z dala od sieci stacjonarnych.<\/p>\n<\/li>\n<li data-start=\"1978\" data-end=\"2178\">\n<p data-start=\"1980\" data-end=\"2178\"><strong data-start=\"1980\" data-end=\"1994\">Szybkie<\/strong> <strong>wej&#347;cia\/wyj&#347;cia i dokowanie<\/strong> &ndash; Bogaty wyb&oacute;r port&oacute;w i wytrzyma&#322;e stacje dokuj&#261;ce na biurko\/do pojazdu usprawniaj&#261; &#322;adowanie, korzystanie z urz&#261;dze&#324; peryferyjnych (drukarek, skaner&oacute;w, instrument&oacute;w) i szybkie przenoszenie mi&#281;dzy terenem a biurem.<\/p>\n<\/li>\n<li data-start=\"2179\" data-end=\"2378\">\n<p data-start=\"2181\" data-end=\"2378\"><strong>Bezpiecze&#324;stwo i &#322;atwo&#347;&#263; zarz&#261;dzania<\/strong> <strong data-start=\"2181\" data-end=\"2195\">w przedsi&#281;biorstwie<\/strong> &ndash; zabezpieczenia sprz&#281;towe i wiele opcji uwierzytelniania s&#261; zgodne z zasadami korporacyjnymi; sp&oacute;jne obrazowanie zapewnia jednolito&#347;&#263; wdro&#380;e&#324; w r&oacute;&#380;nych zespo&#322;ach.<\/p>\n<\/li>\n<li data-start=\"2379\" data-end=\"2578\">\n<p data-start=\"2381\" data-end=\"2578\"><strong>Uk&#322;ad<\/strong> <strong data-start=\"2381\" data-end=\"2396\">z mo&#380;liwo&#347;ci&#261; serwisowania<\/strong> &ndash; komponenty dost&#281;pne za pomoc&#261; narz&#281;dzi i modu&#322;owe baterie pomagaj&#261; skr&oacute;ci&#263; czas przestoj&oacute;w; cz&#281;&#347;ci wymieniane w terenie zapewniaj&#261; przewidywalny ca&#322;kowity koszt posiadania w por&oacute;wnaniu z zamkni&#281;tymi urz&#261;dzeniami konsumenckimi.<\/p>\n<\/li>\n<li data-start=\"2579\" data-end=\"2767\">\n<p data-start=\"2581\" data-end=\"2767\"><strong>Ekosystem<\/strong> <strong data-start=\"2581\" data-end=\"2594\">akcesori&oacute;w<\/strong> &ndash; rozwi&#261;zania do przenoszenia, zapasowe baterie, &#322;adowarki i dodatki do przechwytywania danych dostosowuj&#261; laptop do ka&#380;dej roli &ndash; od technik&oacute;w i inspektor&oacute;w po kierownik&oacute;w i dyspozytor&oacute;w.<\/p>\n<\/li>\n<\/ul><h2 data-start=\"2769\" data-end=\"2825\">Kluczowe zalety Dell Latitude 7424 Rugged Extreme<\/h2><h3 data-start=\"2827\" data-end=\"2866\">Stworzony do pracy w najtrudniejszych warunkach<\/h3><p data-start=\"2867\" data-end=\"3064\">W pe&#322;ni rugged konstrukcja jest odporna na wibracje, kurz, wilgo&#263; i upadki typowe dla monta&#380;u w pojazdach i cz&#281;stych przemieszcze&#324; mi&#281;dzy lokalizacjami, pomagaj&#261;c za&#322;ogom zachowa&#263; produktywno&#347;&#263; przy mniejszej liczbie przerw zwi&#261;zanych z urz&#261;dzeniami.<\/p><h3 data-start=\"3066\" data-end=\"3106\">Ergonomia laptopa, elastyczno&#347;&#263; w terenie<\/h3><p data-start=\"3107\" data-end=\"3307\">Jasny obszar roboczy <strong data-start=\"3116\" data-end=\"3127\">Windows<\/strong>, dotykowa klawiatura i precyzyjne wprowadzanie danych zmniejszaj&#261; liczb&#281; b&#322;&#281;d&oacute;w podczas przegl&#261;dania plan&oacute;w i wprowadzania danych w ciasnych przestrzeniach lub przy mieszanym o&#347;wietleniu &ndash; na biurku, w kabinie lub w miejscu pracy.<\/p><h3 data-start=\"3309\" data-end=\"3343\">Moc, kt&oacute;ra wystarcza na ca&#322;y dzie&#324;<\/h3><p data-start=\"3344\" data-end=\"3532\">Elastyczne opcje baterii &ndash; w tym wymienne pakiety w wybranych konfiguracjach &ndash; pomagaj&#261; utrzyma&#263; sesje aplikacji podczas zmian i d&#322;ugich po&#322;&#261;cze&#324;, minimalizuj&#261;c ponowne uruchamianie i utrat&#281; pracy.<\/p><h3 data-start=\"3534\" data-end=\"3573\">P&#322;ynna &#322;&#261;czno&#347;&#263; i przep&#322;yw danych<\/h3><p data-start=\"3574\" data-end=\"3790\">Zaawansowane opcje &#322;&#261;czno&#347;ci bezprzewodowej i mo&#380;liwo&#347;&#263; dokowania w poje&#378;dzie\/biurku zapewniaj&#261; synchronizacj&#281; zg&#322;osze&#324;, dziennik&oacute;w, zdj&#281;&#263; i dowod&oacute;w w tle. Prze&#322;o&#380;eni widz&#261; aktualne aktualizacje, podczas gdy zespo&#322;y przemieszczaj&#261; si&#281; mi&#281;dzy biurem, pojazdami i zdalnymi lokalizacjami. <\/p><h3 data-start=\"3792\" data-end=\"3812\">Gotowy dla flot<\/h3><p data-start=\"3813\" data-end=\"4026\">Sp&oacute;jne obrazowanie, bezpieczne uwierzytelnianie i szybki dost&#281;p serwisowy obni&#380;aj&#261; ca&#322;kowity koszt posiadania. Dzia&#322; IT mo&#380;e standaryzowa&#263; wdro&#380;enia, szybko wymienia&#263; cz&#281;&#347;ci i utrzymywa&#263; kluczowe jednostki w rotacji przy minimalnych zak&#322;&oacute;ceniach. <\/p><h2 data-start=\"4028\" data-end=\"4046\">Idealne przypadki u&#380;ycia<\/h2><ul data-start=\"4047\" data-end=\"4726\">\n<li data-start=\"4047\" data-end=\"4189\">\n<p data-start=\"4049\" data-end=\"4189\"><strong data-start=\"4049\" data-end=\"4079\">Bezpiecze&#324;stwo publiczne i administracja<\/strong> &ndash; pisanie raport&oacute;w, dost&#281;p do CAD\/AVL, obs&#322;uga dowod&oacute;w i bezpieczna komunikacja w pojazdach i na stacjach.<\/p>\n<\/li>\n<li data-start=\"4190\" data-end=\"4333\">\n<p data-start=\"4192\" data-end=\"4333\"><strong data-start=\"4192\" data-end=\"4221\">Serwis terenowy i us&#322;ugi komunalne<\/strong> &ndash; diagnostyka zasob&oacute;w, konfiguracja i aktualizacje zlece&#324; roboczych w szafach, s&#322;upach, podstacjach i zdalnych lokalizacjach.<\/p>\n<\/li>\n<li data-start=\"4334\" data-end=\"4454\">\n<p data-start=\"4336\" data-end=\"4454\"><strong data-start=\"4336\" data-end=\"4366\">Produkcja i przemys&#322;<\/strong> &ndash; dost&#281;p do HMI, &#347;ledzenie WIP, procedury konserwacji i kontrole jako&#347;ci w pobli&#380;u linii.<\/p>\n<\/li>\n<li data-start=\"4455\" data-end=\"4586\">\n<p data-start=\"4457\" data-end=\"4586\"><strong data-start=\"4457\" data-end=\"4487\">Transport i logistyka<\/strong> &ndash; koordynacja placu, wyznaczanie tras, uzgadnianie zapas&oacute;w oraz obs&#322;uga etykiet\/dokument&oacute;w w drodze.<\/p>\n<\/li>\n<li data-start=\"4587\" data-end=\"4726\">\n<p data-start=\"4589\" data-end=\"4726\"><strong data-start=\"4589\" data-end=\"4614\">Energia i budownictwo<\/strong> &ndash; przegl&#261;d plan&oacute;w, dane pomiarowe, listy kontrolne i dokumentacja placu budowy, gdzie py&#322;, wibracje i warunki pogodowe s&#261; na porz&#261;dku dziennym.<\/p>\n<\/li>\n<\/ul><h2 data-start=\"4728\" data-end=\"4792\">Por&oacute;wnanie produkt&oacute;w dla Dell Latitude 7424 Rugged Extreme<\/h2><ul data-start=\"4793\" data-end=\"5386\">\n<li data-start=\"4793\" data-end=\"5006\">\n<p data-start=\"4795\" data-end=\"5006\"><a href=\"https:\/\/micronordic.com\/product\/getac-b360-g2-fully-rugged-laptop\/\"><strong data-start=\"4795\" data-end=\"4809\">Getac B360<\/strong><\/a> &ndash; Wybierz <strong data-start=\"4819\" data-end=\"4827\">B360<\/strong>, gdy wymagana jest maksymalna wytrzyma&#322;o&#347;&#263; i tradycyjna obudowa typu clamshell; wybierz <strong data-start=\"4911\" data-end=\"4948\">Dell Latitude 7424 Rugged Extreme<\/strong>, aby uzyska&#263; zgodno&#347;&#263; z ekosystemem Dell i du&#380;&#261; &#322;atwo&#347;&#263; serwisowania.<\/p>\n<\/li>\n<li data-start=\"5007\" data-end=\"5211\">\n<p data-start=\"5009\" data-end=\"5211\"><a href=\"https:\/\/micronordic.com\/product\/panasonic-toughbook-fz-55\/\"><strong data-start=\"5009\" data-end=\"5035\">Panasonic Toughbook 55<\/strong><\/a> &ndash; Wybierz Toughbook <strong data-start=\"5043\" data-end=\"5059\">55<\/strong>, je&#347;li priorytetem jest modu&#322;owa rozbudowa wn&#281;ki; wybierz <strong data-start=\"5105\" data-end=\"5142\">Dell Latitude 7424 Rugged Extreme<\/strong>, aby uzyska&#263; znajomy stos zarz&#261;dzania Dell i proste aktualizacje.<\/p>\n<\/li>\n<li data-start=\"5212\" data-end=\"5386\">\n<p data-start=\"5214\" data-end=\"5386\"><a href=\"https:\/\/micronordic.com\/product\/getac-s410-g5-semi-rugged-notebook\/\"><strong data-start=\"5214\" data-end=\"5231\">Getac S410 G5<\/strong><\/a> &ndash; Wybierz <strong data-start=\"5241\" data-end=\"5252\">S410 G<\/strong> 5, aby uzyska&#263; opcj&#281; p&oacute;&#322;-wytrzyma&#322;&#261;, l&#380;ejsz&#261; do przenoszenia; wybierz <strong data-start=\"5301\" data-end=\"5338\">Dell Latitude 7424 Rugged Extreme<\/strong>, gdy wytrzyma&#322;o&#347;&#263; Fully Rugged nie podlega negocjacjom.<\/p>\n<\/li>\n<\/ul>\n","protected":false},"excerpt":{"rendered":"<h3>Specyfikacje:<\/h3>\n<ul>\n<li><strong>Wy\u015bwietlacz:<\/strong> 14\u2033, do u\u017cytku na zewn\u0105trz; opcje dotykowe (mo\u017cliwo\u015b\u0107 obs\u0142ugi w r\u0119kawiczkach w wybranych konfiguracjach)<\/li>\n<li><strong>Procesor:<\/strong> Platforma Intel\u00ae Core\u2122 klasy biznesowej (w zale\u017cno\u015bci od modelu)<\/li>\n<li><strong>Grafika:<\/strong> Zintegrowana; opcje dyskretne w wybranych konfiguracjach<\/li>\n<li><strong>Pami\u0119\u0107:<\/strong> 8 GB DDR4; mo\u017cliwo\u015b\u0107 rozbudowy do 64 GB<\/li>\n<li><strong>Pami\u0119\u0107 masowa:<\/strong> 256 NVMe SSD; mo\u017cliwo\u015b\u0107 rozbudowy do 2 TB<\/li>\n<li><strong>\u0141\u0105czno\u015b\u0107:<\/strong> Wi-Fi, Bluetooth; opcjonalnie WWAN i GNSS; dokowanie do biurka\/pojazdu; bogate wej\u015bcia\/wyj\u015bcia (USB, HDMI\/DisplayPort, Ethernet)<\/li>\n<li><strong>Certyfikaty rugged:<\/strong> Konstrukcja Fully Rugged z testami MIL-STD i ochron\u0105 przed wnikaniem (zale\u017cne od modelu).<\/li>\n<li><strong>Bezpiecze\u0144stwo:<\/strong> ochrona sprz\u0119towa z opcjami uwierzytelniania klasy korporacyjnej<\/li>\n<li><strong>Bateria:<\/strong> Baterie o d\u0142ugiej \u017cywotno\u015bci; mo\u017cliwo\u015b\u0107 wymiany w wybranych konfiguracjach<\/li>\n<li><strong>Wymiary i waga:<\/strong> Rugged Laptop 14\u2033 (r\u00f3\u017cni si\u0119 w zale\u017cno\u015bci od konfiguracji)<\/li>\n<li><strong>Gwarancja:<\/strong> 12-miesi\u0119czna gwarancja od Micro Nordic<\/li>\n<\/ul>\n","protected":false},"author":16,"featured_media":99725,"template":"","meta":{"_acf_changed":false,"inline_featured_image":false},"product-condition":[5280],"product_brand":[8948],"product_cat":[5203,5201],"product_tag":[],"class_list":{"0":"post-46172","1":"product","2":"type-product","3":"status-publish","4":"has-post-thumbnail","6":"product-condition-pre-owned","7":"product_brand-dell","8":"product_cat-dell-rugged","9":"product_cat-all-rugged-laptops","11":"first","12":"instock","13":"taxable","14":"shipping-taxable","15":"purchasable","16":"product-type-simple"},"acf":[],"_links":{"self":[{"href":"https:\/\/micronordic.com\/pl\/wp-json\/wp\/v2\/product\/46172","targetHints":{"allow":["GET"]}}],"collection":[{"href":"https:\/\/micronordic.com\/pl\/wp-json\/wp\/v2\/product"}],"about":[{"href":"https:\/\/micronordic.com\/pl\/wp-json\/wp\/v2\/types\/product"}],"author":[{"embeddable":true,"href":"https:\/\/micronordic.com\/pl\/wp-json\/wp\/v2\/users\/16"}],"version-history":[{"count":2,"href":"https:\/\/micronordic.com\/pl\/wp-json\/wp\/v2\/product\/46172\/revisions"}],"predecessor-version":[{"id":98414,"href":"https:\/\/micronordic.com\/pl\/wp-json\/wp\/v2\/product\/46172\/revisions\/98414"}],"wp:featuredmedia":[{"embeddable":true,"href":"https:\/\/micronordic.com\/pl\/wp-json\/wp\/v2\/media\/99725"}],"wp:attachment":[{"href":"https:\/\/micronordic.com\/pl\/wp-json\/wp\/v2\/media?parent=46172"}],"wp:term":[{"taxonomy":"product-condition","embeddable":true,"href":"https:\/\/micronordic.com\/pl\/wp-json\/wp\/v2\/product-condition?post=46172"},{"taxonomy":"product_brand","embeddable":true,"href":"https:\/\/micronordic.com\/pl\/wp-json\/wp\/v2\/product_brand?post=46172"},{"taxonomy":"product_cat","embeddable":true,"href":"https:\/\/micronordic.com\/pl\/wp-json\/wp\/v2\/product_cat?post=46172"},{"taxonomy":"product_tag","embeddable":true,"href":"https:\/\/micronordic.com\/pl\/wp-json\/wp\/v2\/product_tag?post=46172"}],"curies":[{"name":"wp","href":"https:\/\/api.w.org\/{rel}","templated":true}]}}