{"id":46168,"date":"2020-10-06T15:08:54","date_gmt":"2020-10-06T13:08:54","guid":{"rendered":"https:\/\/micronordic.com\/product\/dell-latitude-14-rugged-extreme-5424-nowy\/"},"modified":"2025-11-18T17:54:02","modified_gmt":"2025-11-18T16:54:02","slug":"dell-latitude-rugged-14-5424-i5","status":"publish","type":"product","link":"https:\/\/micronordic.com\/pl\/product\/dell-latitude-rugged-14-5424-i5\/","title":{"rendered":"Dell Latitude 5424 Rugged Extreme (PRE-OWNED)"},"content":{"rendered":"<?xml encoding=\"utf-8\" ?><div class=\"relative my-1 min-h-6\">\n<div class=\"relative flex origin-top-left flex-col gap-2 overflow-x-clip\">\n<div class=\"relative w-full text-start\">\n<h2 class=\"flex w-full flex-col items-start justify-between text-start\">Dell Latitude 5424 Rugged Extreme (Certified Pre-Owned)<\/h2>\n<\/div>\n<\/div>\n<\/div><div class=\"min-h-8 text-message relative flex w-full flex-col items-end gap-2 text-start break-words whitespace-normal [.text-message+&amp;]:mt-5\" dir=\"auto\" data-message-author-role=\"assistant\" data-message-id=\"54dcb5e5-0dd1-4649-9306-7a490208c893\" data-message-model-slug=\"gpt-5-thinking\">\n<div class=\"flex w-full flex-col gap-1 empty:hidden first:pt-[1px]\">\n<div class=\"streaming-animation markdown prose dark:prose-invert w-full break-words light markdown-new-styling\">\n<p data-start=\"60\" data-end=\"656\"><strong data-start=\"64\" data-end=\"101\">Dell Latitude 5424 Rugged Extreme<\/strong> (certyfikowany u&#380;ywany) zapewnia niezawodn&#261; prac&#281; z <strong data-start=\"144\" data-end=\"155\">systemem Windows<\/strong> dla zespo&#322;&oacute;w, kt&oacute;re pracuj&#261; poza biurem &ndash; na halach fabrycznych, w pojazdach i na zewn&#261;trz. Jako certyfikowana jednostka u&#380;ywana przesz&#322;a profesjonaln&#261; kontrol&#281;, wymian&#281; komponent&oacute;w w razie potrzeby i pe&#322;n&#261; diagnostyk&#281;, aby zapewni&#263; stabiln&#261; codzienn&#261; wydajno&#347;&#263; przy ni&#380;szych kosztach wej&#347;cia ni&#380; nowe urz&#261;dzenia. Nasze u&#380;ywane laptopy i tablety s&#261; obj&#281;te roczn&#261; gwarancj&#261;. R&oacute;wnowa&#380;&#261;c trwa&#322;o&#347;&#263;, przeno&#347;no&#347;&#263; i &#322;atwo&#347;&#263; serwisowania, <strong data-start=\"531\" data-end=\"568\">Dell Latitude 5424 Rugged<\/strong> Extreme zapewnia organizacjom sprawdzon&#261; platform&#281;, kt&oacute;r&#261; mog&#261; wdra&#380;a&#263; na du&#380;&#261; skal&#281; z przewidywalnym czasem pracy.   <\/p>\n<p data-start=\"60\" data-end=\"656\">Niezale&#380;nie od tego, czy rozbudowujesz flot&#281;, czy wymieniasz starzej&#261;cy si&#281; sprz&#281;t, <strong data-start=\"720\" data-end=\"757\">Dell Latitude 5424 Rugged Extreme<\/strong> &#322;&#261;czy w sobie solidn&#261; ochron&#281; z responsywn&#261; wydajno&#347;ci&#261;, elastycznymi opcjami baterii i szerok&#261; obs&#322;ug&#261; akcesori&oacute;w &ndash; bez wagi i masy w pe&#322;ni wytrzyma&#322;ych system&oacute;w. <strong>Produkty EX-DEMO s&#261; obj&#281;te 12-miesi&#281;czn&#261; gwarancj&#261; Micro Nordic.<\/strong><\/p>\n<h2 data-start=\"918\" data-end=\"974\">Kluczowe cechy Dell Latitude 5424 Rugged Extreme<\/h2>\n<ul data-start=\"975\" data-end=\"2692\">\n<li data-start=\"975\" data-end=\"1158\">\n<p data-start=\"977\" data-end=\"1158\"><strong data-start=\"977\" data-end=\"987\">Rugged<\/strong> chassis &ndash; Zaprojektowany, aby sprosta&#263; codziennym wstrz&#261;som, wibracjom, kurzowi i sporadycznej wilgoci, chroni&#261;c wewn&#281;trzne komponenty podczas transportu, monta&#380;u w poje&#378;dzie i pracy na miejscu.<\/p>\n<\/li>\n<li data-start=\"1159\" data-end=\"1361\">\n<p data-start=\"1161\" data-end=\"1361\">Opcje wy&#347;wietlaczy <strong data-start=\"1161\" data-end=\"1182\">czytelnych w &#347;wietle s&#322;onecznym<\/strong> &ndash; panele do u&#380;ytku na zewn&#261;trz poprawiaj&#261; czytelno&#347;&#263; w mieszanym o&#347;wietleniu; konfiguracje dotykowe obs&#322;uguj&#261; u&#380;ywanie r&#281;kawic w wybranych modelach w celu dok&#322;adnego wprowadzania danych w formularzach i schematach.<\/p>\n<\/li>\n<li data-start=\"1362\" data-end=\"1548\">\n<p data-start=\"1364\" data-end=\"1548\"><strong data-start=\"1364\" data-end=\"1378\">Responsywna<\/strong> wydajno&#347;&#263; &ndash; wielordzeniowe procesory klasy biznesowej i szybka pami&#281;&#263; masowa NVMe sprawiaj&#261;, &#380;e diagnostyka, zdalne wsparcie, przegl&#261;darki CAD i aplikacje biurowe dzia&#322;aj&#261; p&#322;ynnie na wszystkich zmianach.<\/p>\n<\/li>\n<li data-start=\"1549\" data-end=\"1729\">\n<p data-start=\"1551\" data-end=\"1729\">Konstrukcja <strong data-start=\"1551\" data-end=\"1566\">z mo&#380;liwo&#347;ci&#261; rozbudowy<\/strong> &ndash; dost&#281;pne wn&#281;ki na pami&#281;&#263; i pami&#281;&#263; masow&#261; zwi&#281;kszaj&#261; warto&#347;&#263; cyklu &#380;ycia, umo&#380;liwiaj&#261;c dzia&#322;om IT dostosowanie konfiguracji lub szybk&#261; wymian&#281; cz&#281;&#347;ci w celu utrzymania jednostek w eksploatacji.<\/p>\n<\/li>\n<li data-start=\"1730\" data-end=\"1904\">\n<p data-start=\"1732\" data-end=\"1904\"><strong data-start=\"1732\" data-end=\"1742\">Nowoczesna<\/strong> &#322;&#261;czno&#347;&#263; &ndash; niezawodne Wi-Fi i Bluetooth do zada&#324; na miejscu, z opcjonalnym mobilnym &#322;&#261;czem szerokopasmowym i GNSS w celu utrzymania przep&#322;ywu danych i dok&#322;adno&#347;ci lokalizacji poza sieci&#261;.<\/p>\n<\/li>\n<li data-start=\"1905\" data-end=\"2108\">\n<p data-start=\"1907\" data-end=\"2108\"><strong data-start=\"1907\" data-end=\"1921\">Szybkie<\/strong> wej&#347;cia\/wyj&#347;cia i dokowanie &ndash; Bogaty wyb&oacute;r port&oacute;w oraz wytrzyma&#322;e stacje dokuj&#261;ce na biurko\/do pojazdu usprawniaj&#261; &#322;adowanie, korzystanie z urz&#261;dze&#324; peryferyjnych (drukarek, skaner&oacute;w, instrument&oacute;w) i przekazywanie zada&#324; mi&#281;dzy terenem a biurem.<\/p>\n<\/li>\n<li data-start=\"2109\" data-end=\"2308\">\n<p data-start=\"2111\" data-end=\"2308\">Bezpiecze&#324;stwo i &#322;atwo&#347;&#263; zarz&#261;dzania <strong data-start=\"2111\" data-end=\"2125\">w przedsi&#281;biorstwie<\/strong> &ndash; zabezpieczenia sprz&#281;towe i wiele opcji uwierzytelniania s&#261; zgodne z zasadami korporacyjnymi; sp&oacute;jne obrazowanie zapewnia jednolito&#347;&#263; wdro&#380;e&#324; w r&oacute;&#380;nych zespo&#322;ach.<\/p>\n<\/li>\n<li data-start=\"2309\" data-end=\"2503\">\n<p data-start=\"2311\" data-end=\"2503\">Mo&#380;liwo&#347;&#263; <strong data-start=\"2311\" data-end=\"2326\">serwisowania<\/strong> &ndash; komponenty dost&#281;pne za pomoc&#261; narz&#281;dzi i modu&#322;owe baterie skracaj&#261; czas przestoj&oacute;w; cz&#281;&#347;ci wymieniane w terenie pomagaj&#261; kontrolowa&#263; ca&#322;kowity koszt posiadania w por&oacute;wnaniu z zamkni&#281;tymi urz&#261;dzeniami konsumenckimi.<\/p>\n<\/li>\n<li data-start=\"2504\" data-end=\"2692\">\n<p data-start=\"2506\" data-end=\"2692\">Ekosystem <strong data-start=\"2506\" data-end=\"2519\">akcesori&oacute;w<\/strong> &ndash; rozwi&#261;zania do przenoszenia, zapasowe baterie, &#322;adowarki i dodatki do przechwytywania danych dostosowuj&#261; laptop do ka&#380;dej roli &ndash; od technik&oacute;w i inspektor&oacute;w po kierownik&oacute;w i dyspozytor&oacute;w.<\/p>\n<\/li>\n<\/ul>\n<h2 data-start=\"2694\" data-end=\"2750\">Kluczowe zalety Dell Latitude 5424 Rugged Extreme<\/h2>\n<h3 data-start=\"2752\" data-end=\"2798\">Zbudowany z my&#347;l&#261; o najtrudniejszych codziennych warunkach<\/h3>\n<p data-start=\"2799\" data-end=\"2995\">Wzmocniona konstrukcja jest odporna na wstrz&#261;sy, wibracje, kurz i wilgo&#263; typowe dla monta&#380;u w pojazdach i cz&#281;stych przemieszcze&#324; mi&#281;dzy lokalizacjami, pomagaj&#261;c zespo&#322;om zachowa&#263; produktywno&#347;&#263; bez przerw zwi&#261;zanych z urz&#261;dzeniami.<\/p>\n<h3 data-start=\"2997\" data-end=\"3037\">Ergonomia laptopa, elastyczno&#347;&#263; w terenie<\/h3>\n<p data-start=\"3038\" data-end=\"3238\">Jasny obszar roboczy <strong data-start=\"3047\" data-end=\"3058\">Windows<\/strong>, dotykowa klawiatura i precyzyjne wprowadzanie danych zmniejszaj&#261; liczb&#281; b&#322;&#281;d&oacute;w podczas przegl&#261;dania plan&oacute;w i wprowadzania danych w ciasnych przestrzeniach lub przy mieszanym o&#347;wietleniu &ndash; na biurku, w kabinie lub w miejscu pracy.<\/p>\n<h3 data-start=\"3240\" data-end=\"3274\">Moc, kt&oacute;ra wystarcza na ca&#322;y dzie&#324;<\/h3>\n<p data-start=\"3275\" data-end=\"3467\">Elastyczne opcje baterii &ndash; w tym wymienne pakiety w wybranych konfiguracjach &ndash; pomagaj&#261; utrzyma&#263; sesje aplikacji podczas zmian i d&#322;ugich wezwa&#324; serwisowych, minimalizuj&#261;c ponowne uruchamianie i utrat&#281; pracy.<\/p>\n<h3 data-start=\"3469\" data-end=\"3508\">P&#322;ynna &#322;&#261;czno&#347;&#263; i przep&#322;yw danych<\/h3>\n<p data-start=\"3509\" data-end=\"3725\">Zaawansowane opcje &#322;&#261;czno&#347;ci bezprzewodowej i mo&#380;liwo&#347;&#263; dokowania w poje&#378;dzie\/biurku zapewniaj&#261; synchronizacj&#281; bilet&oacute;w, dziennik&oacute;w, zdj&#281;&#263; i dowod&oacute;w w tle. Prze&#322;o&#380;eni widz&#261; aktualne aktualizacje, podczas gdy za&#322;ogi przemieszczaj&#261; si&#281; mi&#281;dzy biurem, pojazdami i zdalnymi lokalizacjami. <\/p>\n<h3 data-start=\"3727\" data-end=\"3747\">Gotowy dla flot<\/h3>\n<p data-start=\"3748\" data-end=\"3970\">Sp&oacute;jne obrazowanie, bezpieczne uwierzytelnianie i szybki dost&#281;p serwisowy obni&#380;aj&#261; ca&#322;kowity koszt posiadania. Status &bdquo;Certified pre-owned&rdquo; umo&#380;liwia szybkie skalowanie pojemno&#347;ci przy jednoczesnym zachowaniu przewidywalnej platformy zar&oacute;wno dla dzia&#322;u IT, jak i u&#380;ytkownik&oacute;w ko&#324;cowych. <\/p>\n<h2 data-start=\"3972\" data-end=\"3990\">Idealne przypadki u&#380;ycia<\/h2>\n<ul data-start=\"3991\" data-end=\"4670\">\n<li data-start=\"3991\" data-end=\"4133\">\n<p data-start=\"3993\" data-end=\"4133\"><strong data-start=\"3993\" data-end=\"4023\">Bezpiecze&#324;stwo publiczne i administracja<\/strong> &ndash; pisanie raport&oacute;w, dost&#281;p do CAD\/AVL, obs&#322;uga dowod&oacute;w i bezpieczna komunikacja w pojazdach i na stacjach.<\/p>\n<\/li>\n<li data-start=\"4134\" data-end=\"4277\">\n<p data-start=\"4136\" data-end=\"4277\"><strong data-start=\"4136\" data-end=\"4165\">Serwis terenowy i us&#322;ugi komunalne<\/strong> &ndash; diagnostyka zasob&oacute;w, konfiguracja i aktualizacje zlece&#324; roboczych w szafach, s&#322;upach, podstacjach i zdalnych lokalizacjach.<\/p>\n<\/li>\n<li data-start=\"4278\" data-end=\"4398\">\n<p data-start=\"4280\" data-end=\"4398\"><strong data-start=\"4280\" data-end=\"4310\">Produkcja i przemys&#322;<\/strong> &ndash; dost&#281;p do HMI, &#347;ledzenie WIP, procedury konserwacji i kontrole jako&#347;ci w pobli&#380;u linii.<\/p>\n<\/li>\n<li data-start=\"4399\" data-end=\"4530\">\n<p data-start=\"4401\" data-end=\"4530\"><strong data-start=\"4401\" data-end=\"4431\">Transport i logistyka<\/strong> &ndash; koordynacja placu, wyznaczanie tras, uzgadnianie zapas&oacute;w oraz obs&#322;uga etykiet\/dokument&oacute;w w drodze.<\/p>\n<\/li>\n<li data-start=\"4531\" data-end=\"4670\">\n<p data-start=\"4533\" data-end=\"4670\"><strong data-start=\"4533\" data-end=\"4558\">Energia i budownictwo<\/strong> &ndash; przegl&#261;d plan&oacute;w, dane pomiarowe, listy kontrolne i dokumentacja placu budowy, gdzie py&#322;, wibracje i warunki pogodowe s&#261; na porz&#261;dku dziennym.<\/p>\n<\/li>\n<\/ul>\n<h2 data-start=\"4672\" data-end=\"4736\">Por&oacute;wnanie produkt&oacute;w dla Dell Latitude 5424 Rugged Extreme<\/h2>\n<ul data-start=\"4737\" data-end=\"5328\">\n<li data-start=\"4737\" data-end=\"4938\">\n<p data-start=\"4739\" data-end=\"4938\"><a href=\"https:\/\/micronordic.com\/product\/getac-s410-g5-semi-rugged-notebook\/\"><strong data-start=\"4739\" data-end=\"4756\">Getac S410 G5<\/strong> &ndash;<\/a> wybierz <strong data-start=\"4766\" data-end=\"4777\">S410 G5<\/strong>, aby uzyska&#263; platform&#281; Semi-Rugged z du&#380;ymi mo&#380;liwo&#347;ciami serwisowania; wybierz <strong data-start=\"4840\" data-end=\"4877\">Dell Latitude 5424 Rugged Extreme<\/strong>, je&#347;li chcesz dopasowania ekosystemu Dell i sprawdzonego dokowania.<\/p>\n<\/li>\n<li data-start=\"4939\" data-end=\"5136\">\n<p data-start=\"4941\" data-end=\"5136\"><a href=\"https:\/\/micronordic.com\/product\/panasonic-toughbook-fz-55\/\"><strong data-start=\"4941\" data-end=\"4967\">Panasonic Toughbook 55<\/strong><\/a> &ndash; Wybierz <strong data-start=\"4975\" data-end=\"4991\">Toughbook 55<\/strong>, je&#347;li priorytetem jest modu&#322;owa rozbudowa wn&#281;ki; wybierz <strong data-start=\"5038\" data-end=\"5075\">Dell Latitude 5424 Rugged Extreme<\/strong>, aby uzyska&#263; znajome zarz&#261;dzanie Dell i proste aktualizacje.<\/p>\n<\/li>\n<li data-start=\"5137\" data-end=\"5328\">\n<p data-start=\"5139\" data-end=\"5328\"><a href=\"https:\/\/micronordic.com\/product\/getac-b360-g2-fully-rugged-laptop\/\"><strong data-start=\"5139\" data-end=\"5153\">Getac B360<\/strong><\/a> &ndash; Wybierz <strong data-start=\"5163\" data-end=\"5171\">B360<\/strong>, gdy wymagana jest maksymalna wytrzyma&#322;o&#347;&#263;; wybierz <strong data-start=\"5226\" data-end=\"5263\">Dell Latitude 5424 Rugged Extreme<\/strong> dla l&#380;ejszego przenoszenia i zr&oacute;wnowa&#380;onej trwa&#322;o&#347;ci przy ni&#380;szych kosztach wej&#347;cia.<\/p>\n<\/li>\n<\/ul>\n<\/div>\n<\/div>\n<\/div>\n","protected":false},"excerpt":{"rendered":"<h3>Specyfikacje:<\/h3>\n<ul>\n<li><strong>Wy\u015bwietlacz:<\/strong> 14\u2033, do u\u017cytku na zewn\u0105trz; opcje dotykowe (mo\u017cliwo\u015b\u0107 obs\u0142ugi w r\u0119kawiczkach w wybranych konfiguracjach)<\/li>\n<li><strong>Procesor:<\/strong> Platformy Intel\u00ae Core\u2122 lub AMD klasy biznesowej (w zale\u017cno\u015bci od modelu)<\/li>\n<li><strong>Grafika:<\/strong> Zintegrowana; opcje dyskretne w wybranych konfiguracjach<\/li>\n<li><strong>Pami\u0119\u0107:<\/strong> 8 GB DDR4 (model podstawowy), z mo\u017cliwo\u015bci\u0105 rozbudowy do 64 GB<\/li>\n<li><strong>Pami\u0119\u0107 masowa:<\/strong> 256 NVMe SSD (model podstawowy), z mo\u017cliwo\u015bci\u0105 rozbudowy do 2 TB<\/li>\n<li><strong>\u0141\u0105czno\u015b\u0107:<\/strong> Wi-Fi, Bluetooth; opcjonalnie WWAN i GNSS; dokowanie do biurka\/pojazdu; bogate wej\u015bcia\/wyj\u015bcia (USB, HDMI\/DisplayPort, Ethernet)<\/li>\n<li><strong>Certyfikaty rugged:<\/strong> Rugged design z testami MIL-STD i ochron\u0105 przed wnikaniem (zale\u017cne od modelu)<\/li>\n<li><strong>Bezpiecze\u0144stwo:<\/strong> ochrona sprz\u0119towa z opcjami uwierzytelniania klasy korporacyjnej<\/li>\n<li><strong>Bateria:<\/strong> Baterie o d\u0142ugiej \u017cywotno\u015bci; mo\u017cliwo\u015b\u0107 wymiany w wybranych konfiguracjach<\/li>\n<li><strong>Wymiary i waga:<\/strong> Rugged Laptop 14\u2033 (r\u00f3\u017cni si\u0119 w zale\u017cno\u015bci od konfiguracji)<\/li>\n<li><strong>Gwarancja:<\/strong> 12-miesi\u0119czna gwarancja Certified Pre-owned<\/li>\n<\/ul>\n","protected":false},"author":16,"featured_media":99740,"template":"","meta":{"_acf_changed":false,"inline_featured_image":false},"product-condition":[5280],"product_brand":[8948],"product_cat":[5203,5201,5198],"product_tag":[],"class_list":{"0":"post-46168","1":"product","2":"type-product","3":"status-publish","4":"has-post-thumbnail","6":"product-condition-pre-owned","7":"product_brand-dell","8":"product_cat-dell-rugged","9":"product_cat-all-rugged-laptops","10":"product_cat-refurbished-rugged-hardware","12":"first","13":"instock","14":"taxable","15":"shipping-taxable","16":"purchasable","17":"product-type-simple"},"acf":[],"_links":{"self":[{"href":"https:\/\/micronordic.com\/pl\/wp-json\/wp\/v2\/product\/46168","targetHints":{"allow":["GET"]}}],"collection":[{"href":"https:\/\/micronordic.com\/pl\/wp-json\/wp\/v2\/product"}],"about":[{"href":"https:\/\/micronordic.com\/pl\/wp-json\/wp\/v2\/types\/product"}],"author":[{"embeddable":true,"href":"https:\/\/micronordic.com\/pl\/wp-json\/wp\/v2\/users\/16"}],"version-history":[{"count":2,"href":"https:\/\/micronordic.com\/pl\/wp-json\/wp\/v2\/product\/46168\/revisions"}],"predecessor-version":[{"id":98401,"href":"https:\/\/micronordic.com\/pl\/wp-json\/wp\/v2\/product\/46168\/revisions\/98401"}],"wp:featuredmedia":[{"embeddable":true,"href":"https:\/\/micronordic.com\/pl\/wp-json\/wp\/v2\/media\/99740"}],"wp:attachment":[{"href":"https:\/\/micronordic.com\/pl\/wp-json\/wp\/v2\/media?parent=46168"}],"wp:term":[{"taxonomy":"product-condition","embeddable":true,"href":"https:\/\/micronordic.com\/pl\/wp-json\/wp\/v2\/product-condition?post=46168"},{"taxonomy":"product_brand","embeddable":true,"href":"https:\/\/micronordic.com\/pl\/wp-json\/wp\/v2\/product_brand?post=46168"},{"taxonomy":"product_cat","embeddable":true,"href":"https:\/\/micronordic.com\/pl\/wp-json\/wp\/v2\/product_cat?post=46168"},{"taxonomy":"product_tag","embeddable":true,"href":"https:\/\/micronordic.com\/pl\/wp-json\/wp\/v2\/product_tag?post=46168"}],"curies":[{"name":"wp","href":"https:\/\/api.w.org\/{rel}","templated":true}]}}