{"id":46166,"date":"2020-10-06T15:08:51","date_gmt":"2020-10-06T13:08:51","guid":{"rendered":"https:\/\/micronordic.com\/product\/honeywell-granit-1981i-bt-z-podstawka-nowy\/"},"modified":"2025-11-18T18:10:13","modified_gmt":"2025-11-18T17:10:13","slug":"honeywell-granit-1981i-bt-w-cradle","status":"publish","type":"product","link":"https:\/\/micronordic.com\/pl\/product\/honeywell-granit-1981i-bt-w-cradle\/","title":{"rendered":"Honeywell Granit &#8211; 1981i &#8211; BT &#8211; z podstawk\u0105 (NOWO\u015a\u0106)"},"content":{"rendered":"<?xml encoding=\"utf-8\" ?><h2 data-start=\"0\" data-end=\"53\">Honeywell Granit 1981i &ndash; BT &ndash; z podstawk&#261;<\/h2><p data-start=\"55\" data-end=\"679\"><strong data-start=\"59\" data-end=\"94\">Honeywell Intermec Granit 1981i<\/strong> &ndash; BT &ndash; With Cradle to w pe&#322;ni przemys&#322;owy skaner kod&oacute;w kreskowych <strong data-start=\"148\" data-end=\"161\">Bluetooth<\/strong> o du&#380;ym zasi&#281;gu, przeznaczony do wysokowydajnej rejestracji w magazynach, centrach dystrybucji i zak&#322;adach produkcyjnych. Zbudowany na platformie Granit, &#322;&#261;czy w sobie wytrzyma&#322;&#261; konstrukcj&#281; z imagerem o du&#380;ym zasi&#281;gu, kt&oacute;ry odczytuje zar&oacute;wno zbli&#380;one, jak i odleg&#322;e etykiety rega&#322;&oacute;w &ndash; dzi&#281;ki czemu operatorzy sp&#281;dzaj&#261; mniej czasu na zmianie po&#322;o&#380;enia sprz&#281;tu, a wi&#281;cej na przenoszeniu produkt&oacute;w. Ta konfiguracja obejmuje <strong data-start=\"540\" data-end=\"573\">stacj&#281; dokuj&#261;c&#261; Charge &amp; Communication Cradle<\/strong> do &#322;adowania, niezawodnego parowania bezprzewodowego i uporz&#261;dkowanego zarz&#261;dzania kablami na sto&#322;ach i uchwytach samochodowych.  <\/p><p data-start=\"681\" data-end=\"935\">Niezale&#380;nie od tego, czy chodzi o standaryzacj&#281; w dokach i korytarzach, czy te&#380; wyposa&#380;enie mobilnych w&oacute;zk&oacute;w i w&oacute;zk&oacute;w wid&#322;owych, <strong data-start=\"779\" data-end=\"814\">Honeywell Granit 1981i<\/strong> zapewnia bezprzewodow&#261; mobilno&#347;&#263;, odporno&#347;&#263; na warunki przemys&#322;owe i przyjazn&#261; dla floty konfiguracj&#281;, aby utrzyma&#263; p&#322;ynno&#347;&#263; linii podczas szczytowego zapotrzebowania.<\/p><p data-start=\"681\" data-end=\"935\"><strong>Nowe produkty obj&#281;te s&#261; 2-letni&#261; gwarancj&#261; producenta.<\/strong><\/p><h2 data-start=\"937\" data-end=\"1010\">Najwa&#380;niejsze cechy Honeywell Granit 1981i &ndash; BT &ndash; z podstawk&#261;<\/h2><ul data-start=\"1011\" data-end=\"2441\">\n<li data-start=\"1011\" data-end=\"1198\">\n<p data-start=\"1013\" data-end=\"1198\"><strong data-start=\"1013\" data-end=\"1025\">Bezprzewodowa<\/strong> <strong>praca<\/strong> &ndash; &#322;&#261;czno&#347;&#263; Bluetooth z do&#322;&#261;czon&#261; podstawk&#261; umo&#380;liwia swobodne poruszanie si&#281; po rega&#322;ach i paletach przy jednoczesnym zachowaniu stabilnego po&#322;&#261;czenia dla danych i &#322;atwego &#322;adowania.<\/p>\n<\/li>\n<li data-start=\"1199\" data-end=\"1380\">\n<p data-start=\"1201\" data-end=\"1380\"><strong>Obrazowanie<\/strong> <strong data-start=\"1201\" data-end=\"1215\">dalekiego zasi&#281;gu<\/strong> &ndash; kamera o rozszerzonym zasi&#281;gu rejestruje kody kreskowe 1D\/2D z bliskiego kontaktu z wysokimi rega&#322;ami, ograniczaj&#261;c przemieszczanie si&#281; i demonta&#380; sprz&#281;tu podczas odk&#322;adania i kompletacji.<\/p>\n<\/li>\n<li data-start=\"1381\" data-end=\"1542\">\n<p data-start=\"1383\" data-end=\"1542\"><strong data-start=\"1383\" data-end=\"1393\">Wytrzyma&#322;a<\/strong> <strong>konstrukcja<\/strong> &ndash; przemys&#322;owa obudowa jest odporna na kurz, wilgo&#263;, wibracje i wielokrotne uderzenia, aby przetrwa&#263; rzeczywiste warunki panuj&#261;ce w magazynie i zak&#322;adzie.<\/p>\n<\/li>\n<li data-start=\"1543\" data-end=\"1709\">\n<p data-start=\"1545\" data-end=\"1709\"><strong>Dekodowanie<\/strong> <strong data-start=\"1545\" data-end=\"1563\">o wysokiej tolerancji<\/strong> &ndash; odczyt zu&#380;ytych, o niskim kontra&#347;cie, zakrzywionych lub termokurczliwych etykiet w celu zminimalizowania ponownego skanowania i w&#261;skich garde&#322; w punktach odbioru, pakowania i kontroli jako&#347;ci.<\/p>\n<\/li>\n<li data-start=\"1710\" data-end=\"1864\">\n<p data-start=\"1712\" data-end=\"1864\"><strong>Ergonomia<\/strong> <strong data-start=\"1712\" data-end=\"1732\">skoncentrowana na operatorze<\/strong> &ndash; wywa&#380;ony uchwyt, czu&#322;y spust i wyra&#378;ne celowanie \/ sprz&#281;&#380;enie zwrotne zmniejszaj&#261; zm&#281;czenie i przyspieszaj&#261; wdra&#380;anie pracownik&oacute;w sezonowych.<\/p>\n<\/li>\n<li data-start=\"1865\" data-end=\"2035\">\n<p data-start=\"1867\" data-end=\"2035\"><strong>Prostota<\/strong> <strong data-start=\"1867\" data-end=\"1883\">stacji dokuj&#261;cej<\/strong> &ndash; stacja dokuj&#261;ca do &#322;adowania i komunikacji umo&#380;liwia szybkie parowanie, monta&#380; na biurku lub na &#347;cianie oraz czyste okablowanie w celu usprawnienia pracy w trybie wielozmianowym.<\/p>\n<\/li>\n<li data-start=\"2036\" data-end=\"2186\">\n<p data-start=\"2038\" data-end=\"2186\"><strong data-start=\"2038\" data-end=\"2050\">Elastyczna<\/strong> <strong>integracja<\/strong> &ndash; wsp&oacute;&#322;pracuje z popularnymi systemami WMS\/ERP\/POS; znormalizowane profile pozwalaj&#261; dzia&#322;om IT wdra&#380;a&#263; sp&oacute;jne ustawienia w r&oacute;&#380;nych lokalizacjach i na r&oacute;&#380;nych zmianach.<\/p>\n<\/li>\n<li data-start=\"2187\" data-end=\"2329\">\n<p data-start=\"2189\" data-end=\"2329\"><strong>Mo&#380;liwo&#347;&#263;<\/strong> <strong data-start=\"2189\" data-end=\"2204\">serwisowania<\/strong> &ndash; wymienne cz&#281;&#347;ci zu&#380;ywaj&#261;ce si&#281; i &#322;atwo dost&#281;pna bateria pomagaj&#261; wyd&#322;u&#380;y&#263; cykl &#380;ycia i utrzyma&#263; przewidywalny ca&#322;kowity koszt posiadania.<\/p>\n<\/li>\n<li data-start=\"2330\" data-end=\"2441\">\n<p data-start=\"2332\" data-end=\"2441\"><strong data-start=\"2332\" data-end=\"2350\">D&#378;wi&#281;kowe\/wizualne<\/strong> <strong>informacje zwrotne<\/strong> &ndash; sygna&#322;y d&#378;wi&#281;kowe i diody LED stanu potwierdzaj&#261; prawid&#322;owy odczyt w g&#322;o&#347;nym lub jasnym otoczeniu.<\/p>\n<\/li>\n<\/ul><h2 data-start=\"2443\" data-end=\"2516\">Kluczowe zalety Honeywell Granit 1981i &ndash; BT &ndash; z podstawk&#261;<\/h2><h3 data-start=\"2518\" data-end=\"2561\">Stworzony do pracy w trudnych warunkach przemys&#322;owych<\/h3><p data-start=\"2562\" data-end=\"2714\">Wzmocniona obudowa jest odporna na kurz, wilgo&#263;, wibracje i uderzenia, dzi&#281;ki czemu zespo&#322;y pozostaj&#261; produktywne w magazynach, dokach i na liniach produkcyjnych.<\/p><h3 data-start=\"2716\" data-end=\"2747\">Wi&#281;kszy zasi&#281;g, mniej krok&oacute;w<\/h3><p data-start=\"2748\" data-end=\"2920\">Obrazowanie dalekiego zasi&#281;gu rejestruje etykiety z bliskiej odleg&#322;o&#347;ci do wysokich rega&#322;&oacute;w, redukuj&#261;c niepotrzebne chodzenie, zmian&#281; pozycji pickera i demonta&#380; sprz&#281;tu &ndash; poprawiaj&#261;c przepustowo&#347;&#263; i bezpiecze&#324;stwo.<\/p><h3 data-start=\"2922\" data-end=\"2958\">Mobilno&#347;&#263; dzi&#281;ki niezawodnemu dokowaniu<\/h3><p data-start=\"2959\" data-end=\"3113\">Bezprzewodowe skanowanie i dedykowana stacja dokuj&#261;ca pozwalaj&#261; utrzyma&#263; baterie na&#322;adowane i sp&oacute;jne parowanie, upraszczaj&#261;c rotacj&#281; mi&#281;dzy wsp&oacute;&#322;dzielonymi stacjami roboczymi i pojazdami.<\/p><h3 data-start=\"3115\" data-end=\"3145\">Ni&#380;sze tarcie operacyjne<\/h3><p data-start=\"3146\" data-end=\"3278\">Opcjonalne &#322;adowanie, standardowe profile i solidne akcesoria sprawiaj&#261;, &#380;e wdro&#380;enie i konserwacja s&#261; proste dla dzia&#322;u IT i prze&#322;o&#380;onych.<\/p><h3 data-start=\"3280\" data-end=\"3313\">Szybszy trening, mniejsze zm&#281;czenie<\/h3><p data-start=\"3314\" data-end=\"3446\">Wyra&#378;ne wskaz&oacute;wki celowania i informacje zwrotne oraz znajoma ergonomia skracaj&#261; czas rozruchu i zmniejszaj&#261; obci&#261;&#380;enie operatora podczas zmian o du&#380;ej obj&#281;to&#347;ci.<\/p><h2 data-start=\"3448\" data-end=\"3466\">Idealne przypadki u&#380;ycia<\/h2><ul data-start=\"3467\" data-end=\"4057\">\n<li data-start=\"3467\" data-end=\"3606\">\n<p data-start=\"3469\" data-end=\"3606\"><strong data-start=\"3469\" data-end=\"3497\">Magazyn i dystrybucja<\/strong> &ndash; skanowanie etykiet rega&#322;&oacute;w dalekiego zasi&#281;gu do odk&#322;adania, kompletacji, liczenia cykli i szybkiego przetwarzania na stanowiskach pakowania.<\/p>\n<\/li>\n<li data-start=\"3607\" data-end=\"3735\">\n<p data-start=\"3609\" data-end=\"3735\"><strong data-start=\"3609\" data-end=\"3639\">Produkcja i przemys&#322;<\/strong> &ndash; Przechwytywanie WIP po stronie linii produkcyjnej, weryfikacja cz&#281;&#347;ci i punkty kontrolne QA w zapylonym, ha&#322;a&#347;liwym &#347;rodowisku.<\/p>\n<\/li>\n<li data-start=\"3736\" data-end=\"3851\">\n<p data-start=\"3738\" data-end=\"3851\"><strong data-start=\"3738\" data-end=\"3763\">Transport i logistyka<\/strong> &ndash; ci&#261;gi prze&#322;adunkowe, sortowanie paczek, weryfikacja przesy&#322;ek przychodz&#261;cych i wychodz&#261;cych w ramach &#347;cis&#322;ych um&oacute;w SLA.<\/p>\n<\/li>\n<li data-start=\"3852\" data-end=\"3954\">\n<p data-start=\"3854\" data-end=\"3954\"><strong data-start=\"3854\" data-end=\"3878\">Retail Back-of-House<\/strong> &ndash; Odbi&oacute;r i kontrola zapas&oacute;w, gdzie trwa&#322;o&#347;&#263; i mobilno&#347;&#263; maj&#261; kluczowe znaczenie.<\/p>\n<\/li>\n<li data-start=\"3955\" data-end=\"4057\">\n<p data-start=\"3957\" data-end=\"4057\"><strong data-start=\"3957\" data-end=\"3981\">Magazyny us&#322;ug terenowych<\/strong> &ndash; Przyjmowanie, &#347;ledzenie napraw i etykietowanie zasob&oacute;w na ladach i w&oacute;zkach mobilnych.<\/p>\n<\/li>\n<\/ul><h2 data-start=\"4059\" data-end=\"4140\">Por&oacute;wnanie produkt&oacute;w dla Honeywell Granit 1981i &ndash; BT &ndash; z podstawk&#261;<\/h2><ul data-start=\"4141\" data-end=\"4658\">\n<li data-start=\"4141\" data-end=\"4313\">\n<p data-start=\"4143\" data-end=\"4313\"><a href=\"https:\/\/micronordic.com\/product\/honeywell-granit-1980i-cable-ex-stand\/\"><strong data-start=\"4143\" data-end=\"4178\">Honeywell Granit 1980i<\/strong> <\/a>&ndash; Wybierz <strong data-start=\"4188\" data-end=\"4197\">1980i<\/strong>, aby uzyska&#263; niezawodno&#347;&#263; przewodow&#261; na du&#380;ych odleg&#322;o&#347;ciach na sta&#322;ych stacjach; wybierz <strong data-start=\"4258\" data-end=\"4274\">Granit 1981i<\/strong>, aby uzyska&#263; bezprzewodow&#261; mobilno&#347;&#263; z podstawk&#261;.<\/p>\n<\/li>\n<li data-start=\"4314\" data-end=\"4481\">\n<p data-start=\"4316\" data-end=\"4481\"><a href=\"https:\/\/micronordic.com\/product\/honeywell-granit-1911i-ig-cordless-w-base\/\"><strong data-start=\"4316\" data-end=\"4354\">Honeywell Granit 1911i IG<\/strong><\/a> &ndash; Wybierz <strong data-start=\"4362\" data-end=\"4374\">1911i<\/strong> IG do solidnego bezprzewodowego skanowania w standardowych zakresach; wybierz <strong data-start=\"4429\" data-end=\"4445\">Granit 1981i<\/strong> do rozszerzonego zasi&#281;gu do wysokich rega&#322;&oacute;w.<\/p>\n<\/li>\n<li data-start=\"4482\" data-end=\"4658\">\n<p data-start=\"4484\" data-end=\"4658\"><a href=\"https:\/\/micronordic.com\/product\/honeywell-xenon-xp-1952g-cable-w-stand\/\"><strong data-start=\"4484\" data-end=\"4509\">Honeywell Xenon 1952g<\/strong><\/a> &ndash; Wybierz <strong data-start=\"4519\" data-end=\"4534\">Xenon 1952g<\/strong> do bezprzewodowych zada&#324; w handlu detalicznym\/lekkim przemy&#347;le; wybierz <strong data-start=\"4586\" data-end=\"4602\">Granit 1981i<\/strong> do ci&#281;&#380;szych prac budowlanych i dalekiego zasi&#281;gu.<\/p>\n<\/li>\n<\/ul>\n","protected":false},"excerpt":{"rendered":"<h3>Specyfikacje:<\/h3>\n<ul>\n<li><strong>\u0141\u0105czno\u015b\u0107:<\/strong> Bezprzewodowa \u0142\u0105czno\u015b\u0107 Bluetooth; w zestawie stacja \u0142aduj\u0105co-komunikacyjna do parowania, przesy\u0142ania danych i \u0142adowania<\/li>\n<li><strong>Certyfikaty rugged:<\/strong> Obudowa przemys\u0142owa zaprojektowana pod k\u0105tem odporno\u015bci na uderzenia, kurz, wilgo\u0107 i wibracje<\/li>\n<li><strong>Bezpiecze\u0144stwo:<\/strong> Standardowe tryby parowania\/uwierzytelniania Bluetooth<\/li>\n<li><strong>Bateria:<\/strong> Akumulator przeznaczony do pracy w trybie wielozmianowym; \u0142adowanie za pomoc\u0105 do\u0142\u0105czonej stacji dokuj\u0105cej<\/li>\n<li><strong>Wymiary i waga:<\/strong> Podr\u0119czna obudowa przemys\u0142owa (r\u00f3\u017cni si\u0119 w zale\u017cno\u015bci od konfiguracji)<\/li>\n<li><strong>Gwarancja: <\/strong>Nowe produkty obj\u0119te s\u0105 2-letni\u0105 gwarancj\u0105 producenta.<\/li>\n<\/ul>\n","protected":false},"author":16,"featured_media":96497,"template":"","meta":{"_acf_changed":false,"inline_featured_image":false},"product-condition":[5249],"product_brand":[8970],"product_cat":[5196,5200,5197],"product_tag":[4879],"class_list":{"0":"post-46166","1":"product","2":"type-product","3":"status-publish","4":"has-post-thumbnail","6":"product-condition-new-in-box","7":"product_brand-honeywell-intermec","8":"product_cat-honeywell-intermec","9":"product_cat-all-barcode-scanners","10":"product_cat-new-in-box-rugged-hardware","11":"product_tag-wrd-pl","13":"first","14":"instock","15":"taxable","16":"shipping-taxable","17":"purchasable","18":"product-type-simple"},"acf":[],"_links":{"self":[{"href":"https:\/\/micronordic.com\/pl\/wp-json\/wp\/v2\/product\/46166","targetHints":{"allow":["GET"]}}],"collection":[{"href":"https:\/\/micronordic.com\/pl\/wp-json\/wp\/v2\/product"}],"about":[{"href":"https:\/\/micronordic.com\/pl\/wp-json\/wp\/v2\/types\/product"}],"author":[{"embeddable":true,"href":"https:\/\/micronordic.com\/pl\/wp-json\/wp\/v2\/users\/16"}],"version-history":[{"count":3,"href":"https:\/\/micronordic.com\/pl\/wp-json\/wp\/v2\/product\/46166\/revisions"}],"predecessor-version":[{"id":98454,"href":"https:\/\/micronordic.com\/pl\/wp-json\/wp\/v2\/product\/46166\/revisions\/98454"}],"wp:featuredmedia":[{"embeddable":true,"href":"https:\/\/micronordic.com\/pl\/wp-json\/wp\/v2\/media\/96497"}],"wp:attachment":[{"href":"https:\/\/micronordic.com\/pl\/wp-json\/wp\/v2\/media?parent=46166"}],"wp:term":[{"taxonomy":"product-condition","embeddable":true,"href":"https:\/\/micronordic.com\/pl\/wp-json\/wp\/v2\/product-condition?post=46166"},{"taxonomy":"product_brand","embeddable":true,"href":"https:\/\/micronordic.com\/pl\/wp-json\/wp\/v2\/product_brand?post=46166"},{"taxonomy":"product_cat","embeddable":true,"href":"https:\/\/micronordic.com\/pl\/wp-json\/wp\/v2\/product_cat?post=46166"},{"taxonomy":"product_tag","embeddable":true,"href":"https:\/\/micronordic.com\/pl\/wp-json\/wp\/v2\/product_tag?post=46166"}],"curies":[{"name":"wp","href":"https:\/\/api.w.org\/{rel}","templated":true}]}}