{"id":46162,"date":"2020-10-06T15:08:51","date_gmt":"2020-10-06T13:08:51","guid":{"rendered":"https:\/\/micronordic.com\/product\/honeywell-granit-1910i-kabel-ex-stojak-nowy\/"},"modified":"2025-11-18T18:24:55","modified_gmt":"2025-11-18T17:24:55","slug":"honeywell-granit-1910i-cable-ex-stand","status":"publish","type":"product","link":"https:\/\/micronordic.com\/pl\/product\/honeywell-granit-1910i-cable-ex-stand\/","title":{"rendered":"Honeywell Granit &#8211; 1910i &#8211; Kabel &#8211; Ex. Stojak (NOWO\u015a\u0106)"},"content":{"rendered":"<?xml encoding=\"utf-8\" ?><h2 data-start=\"0\" data-end=\"54\">Honeywell Granit 1910i &ndash; Kabel &ndash; Ex. Stojak <\/h2><p data-start=\"56\" data-end=\"693\"><strong data-start=\"60\" data-end=\"95\">Honeywell Granit 1910i<\/strong> (Cable &ndash; Ex. Stand) to przewodowy skaner kod&oacute;w kreskowych klasy przemys&#322;owej stworzony do szybkiej i niezawodnej rejestracji w wymagaj&#261;cych &#347;rodowiskach &ndash; magazynach, halach produkcyjnych, placach i zatokach serwisowych. Jako cz&#281;&#347;&#263; rodziny Honeywell Granit, &#322;&#261;czy w sobie wytrzyma&#322;&#261; obudow&#281; z silnikiem obrazuj&#261;cym obszar, kt&oacute;ry odczytuje kody kreskowe niskiej jako&#347;ci, o niskim kontra&#347;cie i owini&#281;te foli&#261; termokurczliw&#261;, powszechnie spotykane w rzeczywistej logistyce. Ta konfiguracja jest <strong data-start=\"502\" data-end=\"512\">przewodowa<\/strong> dla ci&#261;g&#322;ego zasilania i danych za po&#347;rednictwem kabla i <strong data-start=\"557\" data-end=\"577\">nie obejmuje stojaka<\/strong>, co czyni j&#261; prostym wyborem typu &bdquo;pod&#322;&#261;cz i skanuj&rdquo; dla sta&#322;ych stacji roboczych, stanowisk pakowania i stacji po stronie linii.  <\/p><p data-start=\"695\" data-end=\"913\">Dla zespo&#322;&oacute;w standaryzuj&#261;cych prac&#281; na r&oacute;&#380;nych zmianach i stanowiskach, <strong data-start=\"751\" data-end=\"786\">Honeywell Granit 1910i<\/strong> zapewnia trwa&#322;&#261; konstrukcj&#281;, sp&oacute;jne dekodowanie i prost&#261; konfiguracj&#281; floty &ndash; redukuj&#261;c ponowne skanowanie, w&#261;skie gard&#322;a i przestoje urz&#261;dze&#324;.<\/p><p data-start=\"695\" data-end=\"913\"><strong>Nowe produkty obj&#281;te s&#261; 2-letni&#261; gwarancj&#261; producenta.<\/strong><\/p><h2 data-start=\"915\" data-end=\"989\">Kluczowe cechy Honeywell Granit 1910i &ndash; Kabel &ndash; Ex. Stojak <\/h2><ul data-start=\"990\" data-end=\"2268\">\n<li data-start=\"990\" data-end=\"1141\">\n<p data-start=\"992\" data-end=\"1141\"><strong>Praca<\/strong> <strong data-start=\"992\" data-end=\"1002\">przewodowa<\/strong> &ndash; Bezpo&#347;rednie po&#322;&#261;czenie kablowe zapewnia ci&#261;g&#322;e zasilanie i stabiln&#261; transmisj&#281; danych &ndash; idealne rozwi&#261;zanie dla stacji stacjonarnych, gdzie liczy si&#281; czas pracy i prostota.<\/p>\n<\/li>\n<li data-start=\"1142\" data-end=\"1296\">\n<p data-start=\"1144\" data-end=\"1296\"><strong data-start=\"1144\" data-end=\"1154\">Wytrzyma&#322;a<\/strong> <strong>konstrukcja<\/strong> &ndash; przemys&#322;owa obudowa jest odporna na kurz, wilgo&#263;, wibracje i codzienne uderzenia, dzi&#281;ki czemu skanery mog&#261; pracowa&#263; w trudnych warunkach.<\/p>\n<\/li>\n<li data-start=\"1297\" data-end=\"1442\">\n<p data-start=\"1299\" data-end=\"1442\"><strong>Obrazowanie<\/strong> <strong data-start=\"1299\" data-end=\"1319\">o wysokiej wydajno&#347;ci<\/strong> &ndash; Area Imager szybko dekoduje kody kreskowe 1D\/2D, nawet gdy etykiety s&#261; zu&#380;yte, o niskim kontra&#347;cie, zakrzywione lub pod foli&#261;.<\/p>\n<\/li>\n<li data-start=\"1443\" data-end=\"1586\">\n<p data-start=\"1445\" data-end=\"1586\"><strong>Ergonomia<\/strong> <strong data-start=\"1445\" data-end=\"1466\">przyjazna dla operatora<\/strong> &ndash; wywa&#380;ony uchwyt, wyra&#378;ny spust i wyra&#378;ny celownik \/ sprz&#281;&#380;enie zwrotne zmniejszaj&#261; zm&#281;czenie i pomagaj&#261; przyspieszy&#263; powtarzalne skanowanie.<\/p>\n<\/li>\n<li data-start=\"1587\" data-end=\"1720\">\n<p data-start=\"1589\" data-end=\"1720\"><strong>Wydajno&#347;&#263;<\/strong> <strong data-start=\"1589\" data-end=\"1601\">przep&#322;ywu pracy<\/strong> &ndash; natychmiastowa gotowo&#347;&#263; do pracy i brak konieczno&#347;ci zarz&#261;dzania bateriami sprawiaj&#261;, &#380;e jest to idealne rozwi&#261;zanie dla &#322;awek, przeno&#347;nik&oacute;w i tor&oacute;w odbiorczych.<\/p>\n<\/li>\n<li data-start=\"1721\" data-end=\"1868\">\n<p data-start=\"1723\" data-end=\"1868\"><strong data-start=\"1723\" data-end=\"1735\">Elastyczna<\/strong> <strong>&#322;&#261;czno&#347;&#263;<\/strong> &ndash; wsp&oacute;&#322;pracuje z popularnymi systemami POS, WMS i ERP; proste profile pozwalaj&#261; IT wdra&#380;a&#263; sp&oacute;jne ustawienia w r&oacute;&#380;nych lokalizacjach.<\/p>\n<\/li>\n<li data-start=\"1869\" data-end=\"2003\">\n<p data-start=\"1871\" data-end=\"2003\"><strong data-start=\"1871\" data-end=\"1886\">&#321;atwa w serwisowaniu<\/strong> <strong>konstrukcja<\/strong> &ndash; &#322;atwo dost&#281;pne cz&#281;&#347;ci zu&#380;ywaj&#261;ce si&#281; i wytrzyma&#322;e kable pomagaj&#261; wyd&#322;u&#380;y&#263; cykl &#380;ycia i utrzyma&#263; przewidywalny ca&#322;kowity koszt posiadania.<\/p>\n<\/li>\n<li data-start=\"2004\" data-end=\"2139\">\n<p data-start=\"2006\" data-end=\"2139\"><strong>Potwierdzenie<\/strong> <strong data-start=\"2006\" data-end=\"2024\">d&#378;wi&#281;kowe\/wizualne<\/strong> &ndash; Sygna&#322; d&#378;wi&#281;kowy i diody LED stanu potwierdzaj&#261; dobre odczyty w ha&#322;a&#347;liwym lub jasnym otoczeniu, ograniczaj&#261;c konieczno&#347;&#263; ponownego skanowania.<\/p>\n<\/li>\n<li data-start=\"2140\" data-end=\"2268\">\n<p data-start=\"2142\" data-end=\"2268\"><strong>Opcje<\/strong> <strong data-start=\"2142\" data-end=\"2154\">monta&#380;u<\/strong> &ndash; Kompatybilny z akcesoriami do skanowania w stylu prezentacji (stojak nie jest do&#322;&#261;czony do tej konfiguracji).<\/p>\n<\/li>\n<\/ul><h2 data-start=\"2270\" data-end=\"2324\">Kluczowe zalety urz&#261;dzenia Honeywell Granit 1910i<\/h2><h3 data-start=\"2326\" data-end=\"2369\">Stworzony do pracy w trudnych warunkach przemys&#322;owych<\/h3><p data-start=\"2370\" data-end=\"2533\">Wzmocniona obudowa jest odporna na kurz, wilgo&#263;, wibracje i uderzenia, dzi&#281;ki czemu zespo&#322;y pozostaj&#261; produktywne w magazynach, zak&#322;adach i na placach bez op&oacute;&#378;nie&#324; zwi&#261;zanych z urz&#261;dzeniami.<\/p><h3 data-start=\"2535\" data-end=\"2565\">Sp&oacute;jne, dok&#322;adne skanowanie<\/h3><p data-start=\"2566\" data-end=\"2701\">Zaawansowany imager obszarowy szybko przechwytuje uszkodzone i niskokontrastowe kody, zwi&#281;kszaj&#261;c przepustowo&#347;&#263; zada&#324; zwi&#261;zanych z odbiorem, kompletacj&#261; i pakowaniem.<\/p><h3 data-start=\"2703\" data-end=\"2734\">Prosta konfiguracja stacji<\/h3><p data-start=\"2735\" data-end=\"2887\">Przewodowe zasilanie\/dane eliminuje konieczno&#347;&#263; zarz&#261;dzania bateri&#261; i parowania. Standaryzowane konfiguracje sprawiaj&#261;, &#380;e wdro&#380;enie floty jest przewidywalne na r&oacute;&#380;nych stanowiskach i liniach. <\/p><h3 data-start=\"2889\" data-end=\"2917\">Ni&#380;sze koszty og&oacute;lne<\/h3><p data-start=\"2918\" data-end=\"3056\">Rugged okablowanie, wymienne cz&#281;&#347;ci zu&#380;ywaj&#261;ce si&#281; i stabilny ekosystem akcesori&oacute;w pomagaj&#261; wyd&#322;u&#380;y&#263; cykl &#380;ycia i zmniejszy&#263; przerwy konserwacyjne.<\/p><h3 data-start=\"3058\" data-end=\"3078\">Komfort operatora<\/h3><p data-start=\"3079\" data-end=\"3203\">Ergonomia, celowanie i wyra&#378;ne informacje zwrotne zmniejszaj&#261; zm&#281;czenie i czas szkolenia &ndash; przydatne w przypadku zmian o du&#380;ej obj&#281;to&#347;ci i sezonowych wzrost&oacute;w.<\/p><h2 data-start=\"3205\" data-end=\"3223\">Idealne przypadki u&#380;ycia<\/h2><ul data-start=\"3224\" data-end=\"3785\">\n<li data-start=\"3224\" data-end=\"3341\">\n<p data-start=\"3226\" data-end=\"3341\"><strong data-start=\"3226\" data-end=\"3254\">Magazyny i dystrybucja<\/strong> &ndash; Przyjmowanie\/wydawanie, odk&#322;adanie, liczenie cykli i weryfikacja kompletacji na sta&#322;ych stacjach.<\/p>\n<\/li>\n<li data-start=\"3342\" data-end=\"3460\">\n<p data-start=\"3344\" data-end=\"3460\"><strong data-start=\"3344\" data-end=\"3374\">Produkcja i przemys&#322;<\/strong> &ndash; skanowanie WIP po stronie linii produkcyjnej, weryfikacja cz&#281;&#347;ci i kontrole jako&#347;ci na stanowiskach i w kom&oacute;rkach.<\/p>\n<\/li>\n<li data-start=\"3461\" data-end=\"3577\">\n<p data-start=\"3463\" data-end=\"3577\"><strong data-start=\"3463\" data-end=\"3488\">Transport i logistyka<\/strong> &ndash; ci&#261;gi prze&#322;adunkowe, sortowanie paczek i przetwarzanie zwrot&oacute;w z ci&#261;g&#322;ym skanowaniem.<\/p>\n<\/li>\n<li data-start=\"3578\" data-end=\"3684\">\n<p data-start=\"3580\" data-end=\"3684\"><strong data-start=\"3580\" data-end=\"3604\">Retail Back-of-House<\/strong> &ndash; przyjmowanie, sprawdzanie zapas&oacute;w i uzupe&#322;nianie zapas&oacute;w w magazynach i obszarach etapowych.<\/p>\n<\/li>\n<li data-start=\"3685\" data-end=\"3785\">\n<p data-start=\"3687\" data-end=\"3785\"><strong data-start=\"3687\" data-end=\"3711\">Magazyny serwisowe<\/strong> &ndash; przyjmowanie urz&#261;dze&#324;, &#347;ledzenie napraw i etykietowanie zasob&oacute;w w punktach serwisowych.<\/p>\n<\/li>\n<\/ul><h2 data-start=\"3787\" data-end=\"3849\">Por&oacute;wnanie produkt&oacute;w dla Honeywell Granit 1910i<\/h2><ul data-start=\"3850\" data-end=\"4349\">\n<li data-start=\"3850\" data-end=\"4007\">\n<p data-start=\"3852\" data-end=\"4007\"><a href=\"https:\/\/micronordic.com\/product\/honeywell-granit-1980i-cable-ex-stand\/\"><strong data-start=\"3852\" data-end=\"3887\">Honeywell Granit 1980i<\/strong> <\/a>&ndash; Wybierz <strong data-start=\"3897\" data-end=\"3906\">1980i<\/strong> do skanowania przewodowego dalekiego zasi&#281;gu; wybierz <strong data-start=\"3946\" data-end=\"3962\">Granit 1910i<\/strong> dla zr&oacute;wnowa&#380;onego zasi&#281;gu i kompaktowej ergonomii.<\/p>\n<\/li>\n<li data-start=\"4008\" data-end=\"4186\">\n<p data-start=\"4010\" data-end=\"4186\"><a href=\"https:\/\/micronordic.com\/product\/honeywell-granit-1911i-ig-cordless-w-base\/\"><strong data-start=\"4010\" data-end=\"4048\">Honeywell Granit 1911i IG<\/strong><\/a> &ndash; Wybierz <strong data-start=\"4056\" data-end=\"4068\">1911i<\/strong> IG, aby uzyska&#263; bezprzewodow&#261; mobilno&#347;&#263; z baz&#261;; wybierz <strong data-start=\"4109\" data-end=\"4125\">Granit 1910i<\/strong>, gdy preferowana jest przewodowa prostota i ci&#261;g&#322;a moc.<\/p>\n<\/li>\n<\/ul>\n","protected":false},"excerpt":{"rendered":"<h3>Specyfikacje:<\/h3>\n<ul>\n<li><strong>\u0141\u0105czno\u015b\u0107:<\/strong> Przewodowy (kabel do transmisji danych\/zasilania); kompatybilny z popularnymi systemami POS\/WMS\/ERP<\/li>\n<li><strong>Certyfikaty rugged:<\/strong> Obudowa przemys\u0142owa zaprojektowana pod k\u0105tem odporno\u015bci na kurz, wilgo\u0107, wibracje i uderzenia<\/li>\n<li><strong>Bezpiecze\u0144stwo:<\/strong> Standardowe zabezpieczenia oparte na ho\u015bcie \/ parowanie nie jest wymagane (przewodowe)<\/li>\n<li><strong>Bateria:<\/strong> Nie dotyczy (zasilanie przewodowe)<\/li>\n<li><strong>Wymiary i waga:<\/strong> Podr\u0119czna obudowa przemys\u0142owa (r\u00f3\u017cni si\u0119 w zale\u017cno\u015bci od konfiguracji)<\/li>\n<li><strong>Gwarancja:<\/strong> Nowe produkty obj\u0119te s\u0105 2-letni\u0105 gwarancj\u0105 producenta<\/li>\n<\/ul>\n","protected":false},"author":16,"featured_media":96557,"template":"","meta":{"_acf_changed":false,"inline_featured_image":false},"product-condition":[5249],"product_brand":[8970],"product_cat":[5196,5200,5197],"product_tag":[4879],"class_list":{"0":"post-46162","1":"product","2":"type-product","3":"status-publish","4":"has-post-thumbnail","6":"product-condition-new-in-box","7":"product_brand-honeywell-intermec","8":"product_cat-honeywell-intermec","9":"product_cat-all-barcode-scanners","10":"product_cat-new-in-box-rugged-hardware","11":"product_tag-wrd-pl","13":"first","14":"instock","15":"taxable","16":"shipping-taxable","17":"purchasable","18":"product-type-simple"},"acf":[],"_links":{"self":[{"href":"https:\/\/micronordic.com\/pl\/wp-json\/wp\/v2\/product\/46162","targetHints":{"allow":["GET"]}}],"collection":[{"href":"https:\/\/micronordic.com\/pl\/wp-json\/wp\/v2\/product"}],"about":[{"href":"https:\/\/micronordic.com\/pl\/wp-json\/wp\/v2\/types\/product"}],"author":[{"embeddable":true,"href":"https:\/\/micronordic.com\/pl\/wp-json\/wp\/v2\/users\/16"}],"version-history":[{"count":3,"href":"https:\/\/micronordic.com\/pl\/wp-json\/wp\/v2\/product\/46162\/revisions"}],"predecessor-version":[{"id":98469,"href":"https:\/\/micronordic.com\/pl\/wp-json\/wp\/v2\/product\/46162\/revisions\/98469"}],"wp:featuredmedia":[{"embeddable":true,"href":"https:\/\/micronordic.com\/pl\/wp-json\/wp\/v2\/media\/96557"}],"wp:attachment":[{"href":"https:\/\/micronordic.com\/pl\/wp-json\/wp\/v2\/media?parent=46162"}],"wp:term":[{"taxonomy":"product-condition","embeddable":true,"href":"https:\/\/micronordic.com\/pl\/wp-json\/wp\/v2\/product-condition?post=46162"},{"taxonomy":"product_brand","embeddable":true,"href":"https:\/\/micronordic.com\/pl\/wp-json\/wp\/v2\/product_brand?post=46162"},{"taxonomy":"product_cat","embeddable":true,"href":"https:\/\/micronordic.com\/pl\/wp-json\/wp\/v2\/product_cat?post=46162"},{"taxonomy":"product_tag","embeddable":true,"href":"https:\/\/micronordic.com\/pl\/wp-json\/wp\/v2\/product_tag?post=46162"}],"curies":[{"name":"wp","href":"https:\/\/api.w.org\/{rel}","templated":true}]}}