{"id":46160,"date":"2020-10-06T15:08:51","date_gmt":"2020-10-06T13:08:51","guid":{"rendered":"https:\/\/micronordic.com\/product\/honeywell-granit-1911i-ig-bezprzewodowy-z-baza-nowy\/"},"modified":"2025-11-18T18:00:07","modified_gmt":"2025-11-18T17:00:07","slug":"honeywell-granit-1911i-ig-cordless-w-base","status":"publish","type":"product","link":"https:\/\/micronordic.com\/pl\/product\/honeywell-granit-1911i-ig-cordless-w-base\/","title":{"rendered":"Honeywell Granit &#8211; 1911i IG &#8211; Bezprzewodowy &#8211; Z baz\u0105 (NOWO\u015a\u0106)"},"content":{"rendered":"<?xml encoding=\"utf-8\" ?><div class=\"relative my-1 min-h-6\">\n<div class=\"relative flex origin-top-left flex-col gap-2 overflow-x-clip\">\n<div class=\"relative w-full text-start\">\n<h2 class=\"flex w-full flex-col items-start justify-between text-start\">Honeywell Granit 1911i IG &ndash; bezprzewodowy &ndash; z podstaw&#261;<\/h2>\n<\/div>\n<\/div>\n<\/div><div class=\"min-h-8 text-message relative flex w-full flex-col items-end gap-2 text-start break-words whitespace-normal [.text-message+&amp;]:mt-5\" dir=\"auto\" data-message-author-role=\"assistant\" data-message-id=\"1d00f139-3bfc-4ce7-9417-c64271cde5cc\" data-message-model-slug=\"gpt-5-thinking\">\n<div class=\"flex w-full flex-col gap-1 empty:hidden first:pt-[1px]\">\n<div class=\"streaming-animation markdown prose dark:prose-invert w-full break-words light markdown-new-styling\">\n<p data-start=\"62\" data-end=\"671\"><strong data-start=\"66\" data-end=\"104\">Honeywell Granit 1911i<\/strong> IG to ultrawytrzyma&#322;y, bezprzewodowy przemys&#322;owy skaner kod&oacute;w kreskowych przeznaczony do szybkiej i niezawodnej rejestracji kod&oacute;w w magazynach, na placach, w zak&#322;adach i w terenie. Zbudowany na platformie Honeywell Granit, &#322;&#261;czy w sobie wytrzyma&#322;&#261; obudow&#281; z mechanizmem obrazowania obszaru, kt&oacute;ry radzi sobie ze zu&#380;ytymi, niskokontrastowymi i termokurczliwymi kodami kreskowymi, cz&#281;sto spotykanymi w rzeczywistej logistyce. Ta konfiguracja &bdquo;<strong data-start=\"450\" data-end=\"463\">z baz&#261;<\/strong>&rdquo; obejmuje baz&#281; &#322;adowania i komunikacji do &#322;adowania i stabilnej komunikacji bezprzewodowej, dzi&#281;ki czemu zespo&#322;y mog&#261; wdro&#380;y&#263; pojedynczy, gotowy do pracy zestaw na &#322;awkach, stacjach pakowania i w pojazdach.  <\/p>\n<p data-start=\"673\" data-end=\"933\"><strong data-start=\"735\" data-end=\"773\">Honeywell Granit 1911i<\/strong> IG &#322;&#261;czy bezprzewodow&#261; mobilno&#347;&#263; ze sprawdzon&#261; wytrzyma&#322;o&#347;ci&#261; i prostym zarz&#261;dzaniem flot&#261; &ndash; utrzymuj&#261;c zadania w ruchu, minimalizuj&#261;c przestoje i koszty konserwacji. <strong>Nowe produkty s&#261; obj&#281;te 2-letni&#261; gwarancj&#261; producenta.<\/strong><\/p>\n<h2 data-start=\"935\" data-end=\"1015\">Kluczowe cechy Honeywell Granit 1911i IG &ndash; bezprzewodowy &ndash; z podstaw&#261;<\/h2>\n<ul data-start=\"1016\" data-end=\"2627\">\n<li data-start=\"1016\" data-end=\"1204\">\n<p data-start=\"1018\" data-end=\"1204\"><strong data-start=\"1018\" data-end=\"1030\">Bezprzewodowy<\/strong> <strong>przep&#322;yw pracy<\/strong> &ndash; bezprzewodowe dzia&#322;anie Bluetooth ze sparowan&#261; baz&#261; pozwala u&#380;ytkownikom swobodnie porusza&#263; si&#281; po paletach, rega&#322;ach i przeno&#347;nikach, utrzymuj&#261;c stabilne po&#322;&#261;czenie do przesy&#322;ania danych i &#322;adowania.<\/p>\n<\/li>\n<li data-start=\"1205\" data-end=\"1401\">\n<p data-start=\"1207\" data-end=\"1401\"><strong data-start=\"1207\" data-end=\"1217\">Wytrzyma&#322;a<\/strong> <strong>konstrukcja<\/strong> &ndash; przemys&#322;owa obudowa jest odporna na kurz, wilgo&#263;, wibracje i powtarzaj&#261;ce si&#281; uderzenia, pomagaj&#261;c urz&#261;dzeniu przetrwa&#263; upadki, przewr&oacute;cenia i codzienne nieostro&#380;ne obchodzenie si&#281; z nim w dokach i na liniach produkcyjnych.<\/p>\n<\/li>\n<li data-start=\"1402\" data-end=\"1587\">\n<p data-start=\"1404\" data-end=\"1587\"><strong data-start=\"1404\" data-end=\"1424\">Wysoka wydajno&#347;&#263;<\/strong> <strong>obrazowania<\/strong> &ndash; obrazowanie obszarowe szybko dekoduje symbole 1D i 2D, nawet gdy etykiety s&#261; porysowane, wyblak&#322;e, o niskim kontra&#347;cie lub pokryte foli&#261;, redukuj&#261;c ponowne skanowanie i op&oacute;&#378;nienia.<\/p>\n<\/li>\n<li data-start=\"1588\" data-end=\"1765\">\n<p data-start=\"1590\" data-end=\"1765\"><strong>Ergonomia<\/strong> <strong data-start=\"1590\" data-end=\"1609\">przyjazna dla pracownika<\/strong> &ndash; wywa&#380;ony uchwyt, wyra&#378;ny spust i jasne celowanie\/informacja zwrotna pomagaj&#261; zmniejszy&#263; zm&#281;czenie i przyspieszy&#263; celowanie podczas zmian o du&#380;ej obj&#281;to&#347;ci i szczytowego obci&#261;&#380;enia prac&#261;.<\/p>\n<\/li>\n<li data-start=\"1766\" data-end=\"1931\">\n<p data-start=\"1768\" data-end=\"1931\"><strong data-start=\"1768\" data-end=\"1782\">D&#322;ugotrwa&#322;e<\/strong> <strong>zasilanie<\/strong> &ndash; bateria o du&#380;ej pojemno&#347;ci umo&#380;liwia d&#322;u&#380;sze skanowanie; mi&#281;dzy zadaniami urz&#261;dzenie mo&#380;na umie&#347;ci&#263; w do&#322;&#261;czonej podstawce w celu uzupe&#322;nienia energii bez konieczno&#347;ci zmiany przep&#322;ywu pracy.<\/p>\n<\/li>\n<li data-start=\"1932\" data-end=\"2123\">\n<p data-start=\"1934\" data-end=\"2123\"><strong>Prostota<\/strong> <strong data-start=\"1934\" data-end=\"1948\">gotowo&#347;ci do pracy z baz&#261;<\/strong> &ndash; baza &#322;aduj&#261;co-komunikacyjna umo&#380;liwia &#322;atwe parowanie, monta&#380; na biurku lub &#347;cianie i czyste prowadzenie kabli; jedna baza mo&#380;e obs&#322;ugiwa&#263; wydajn&#261; rotacj&#281; urz&#261;dze&#324; na wsp&oacute;&#322;dzielonych stacjach.<\/p>\n<\/li>\n<li data-start=\"2124\" data-end=\"2300\">\n<p data-start=\"2126\" data-end=\"2300\"><strong data-start=\"2126\" data-end=\"2138\">Elastyczna<\/strong> <strong>integracja<\/strong> &ndash; wsp&oacute;&#322;pracuje z popularnymi konfiguracjami POS, WMS i ERP; profile i preferencje mog&#261; by&#263; standaryzowane, dzi&#281;ki czemu nowe skanery do&#322;&#261;czaj&#261; do floty przy minimalnej konfiguracji.<\/p>\n<\/li>\n<li data-start=\"2301\" data-end=\"2471\">\n<p data-start=\"2303\" data-end=\"2471\"><strong data-start=\"2303\" data-end=\"2318\">Serwisowalna<\/strong> <strong>konstrukcja<\/strong> &ndash; wymienialne w terenie elementy zu&#380;ywaj&#261;ce si&#281; i dost&#281;pna bateria pomagaj&#261; wyd&#322;u&#380;y&#263; cykl &#380;ycia i utrzyma&#263; przewidywalny ca&#322;kowity koszt posiadania we wszystkich wdro&#380;eniach.<\/p>\n<\/li>\n<li data-start=\"2472\" data-end=\"2627\">\n<p data-start=\"2474\" data-end=\"2627\"><strong data-start=\"2474\" data-end=\"2492\">D&#378;wi&#281;kowe\/wizualne<\/strong> <strong>informacje zwrotne<\/strong> &ndash; wyra&#378;ny sygna&#322; d&#378;wi&#281;kowy i diody LED stanu potwierdzaj&#261; dobre odczyty w g&#322;o&#347;nym lub jasnym otoczeniu, zmniejszaj&#261;c liczb&#281; ponownych skanowa&#324; i utrzymuj&#261;c p&#322;ynno&#347;&#263; linii.<\/p>\n<\/li>\n<\/ul>\n<h2 data-start=\"2629\" data-end=\"2686\">Kluczowe zalety urz&#261;dzenia Honeywell Granit 1911i IG<\/h2>\n<h3 data-start=\"2688\" data-end=\"2731\">Stworzony do pracy w trudnych warunkach przemys&#322;owych<\/h3>\n<p data-start=\"2732\" data-end=\"2898\">Specjalnie zaprojektowana, wytrzyma&#322;a obudowa jest odporna na kurz, wilgo&#263;, wibracje i uderzenia wyst&#281;puj&#261;ce w magazynach i na placach, pomagaj&#261;c zespo&#322;om unikn&#261;&#263; przestoj&oacute;w spowodowanych awariami urz&#261;dze&#324;.<\/p>\n<h3 data-start=\"2900\" data-end=\"2932\">Mobilno&#347;&#263; bez kompromis&oacute;w<\/h3>\n<p data-start=\"2933\" data-end=\"3101\">Bezprzewodowa praca z dedykowan&#261; podstaw&#261; zapewnia swobod&#281; poruszania si&#281; wok&oacute;&#322; palet i pojazd&oacute;w, przy jednoczesnym utrzymaniu sta&#322;ego po&#322;&#261;czenia w celu szybkiego i dok&#322;adnego rejestrowania danych.<\/p>\n<h3 data-start=\"3103\" data-end=\"3128\">Szybsze i czystsze skanowanie<\/h3>\n<p data-start=\"3129\" data-end=\"3298\">Mechanizm obrazowania obszaru odczytuje trudne kody kreskowe na tekturze falistej, folii termokurczliwej i zakrzywionych powierzchniach &ndash; poprawiaj&#261;c przepustowo&#347;&#263;, zmniejszaj&#261;c kolejki i zmniejszaj&#261;c frustracj&#281; operatora.<\/p>\n<h3 data-start=\"3300\" data-end=\"3330\">Ni&#380;sze tarcie operacyjne<\/h3>\n<p data-start=\"3331\" data-end=\"3494\">&#321;adowanie typu drop-in, proste parowanie i standardowe profile konfiguracji u&#322;atwiaj&#261; wdra&#380;anie, rotacj&#281; i konserwacj&#281; urz&#261;dze&#324; na r&oacute;&#380;nych zmianach i stacjach.<\/p>\n<h3 data-start=\"3496\" data-end=\"3524\">W&#322;asno&#347;&#263; przyjazna dla floty<\/h3>\n<p data-start=\"3525\" data-end=\"3677\">Wymienne cz&#281;&#347;ci zu&#380;ywaj&#261;ce si&#281; i solidne akcesoria zwi&#281;kszaj&#261; warto&#347;&#263; cyklu &#380;ycia, a sp&oacute;jna ergonomia i wskaz&oacute;wki zwrotne skracaj&#261; czas szkolenia nowych pracownik&oacute;w.<\/p>\n<h2 data-start=\"3679\" data-end=\"3697\">Idealne przypadki u&#380;ycia<\/h2>\n<ul data-start=\"3698\" data-end=\"4280\">\n<li data-start=\"3698\" data-end=\"3820\">\n<p data-start=\"3700\" data-end=\"3820\"><strong data-start=\"3700\" data-end=\"3728\">Magazyny i dystrybucja<\/strong> &ndash; Przyjmowanie\/wydawanie, odk&#322;adanie, liczenie cykli i weryfikacja kompletacji w rega&#322;ach i dokach.<\/p>\n<\/li>\n<li data-start=\"3821\" data-end=\"3940\">\n<p data-start=\"3823\" data-end=\"3940\"><strong data-start=\"3823\" data-end=\"3853\">Produkcja i przemys&#322;<\/strong> &ndash; skanowanie WIP przy linii produkcyjnej, weryfikacja cz&#281;&#347;ci i kontrole jako&#347;ci w ha&#322;a&#347;liwych, zapylonych obszarach.<\/p>\n<\/li>\n<li data-start=\"3941\" data-end=\"4051\">\n<p data-start=\"3943\" data-end=\"4051\"><strong data-start=\"3943\" data-end=\"3968\">Transport i logistyka<\/strong> &ndash; operacje prze&#322;adunkowe i placowe, sortowanie paczek oraz za&#322;adunek\/roz&#322;adunek na trasie.<\/p>\n<\/li>\n<li data-start=\"4052\" data-end=\"4170\">\n<p data-start=\"4054\" data-end=\"4170\"><strong data-start=\"4054\" data-end=\"4078\">Retail Back-of-House<\/strong> &ndash; Odbi&oacute;r, inwentaryzacja na zapleczu i uzupe&#322;nianie zapas&oacute;w tam, gdzie liczy si&#281; trwa&#322;o&#347;&#263; i mobilno&#347;&#263;.<\/p>\n<\/li>\n<li data-start=\"4171\" data-end=\"4280\">\n<p data-start=\"4173\" data-end=\"4280\"><strong data-start=\"4173\" data-end=\"4202\">Serwis terenowy i us&#322;ugi komunalne<\/strong> &ndash; skanowanie zasob&oacute;w i licznik&oacute;w w mobilnych miejscach pracy i trudnych warunkach pogodowych.<\/p>\n<\/li>\n<\/ul>\n<h2 data-start=\"4282\" data-end=\"4347\">Por&oacute;wnanie produkt&oacute;w dla Honeywell Granit 1911i IG<\/h2>\n<ul data-start=\"4348\" data-end=\"4947\">\n<li data-start=\"4348\" data-end=\"4563\">\n<p data-start=\"4350\" data-end=\"4563\"><a href=\"https:\/\/micronordic.com\/product\/honeywell-granit-1981i-bt-w-cradle\/\"><strong>Honeywell Intermec Granit 1981i<\/strong><\/a> &ndash; Wybierz <strong data-start=\"4499\" data-end=\"4518\">Granit<\/strong> <strong data-start=\"4395\" data-end=\"4411\">1981i<\/strong>, gdy potrzebujesz bezprzewodowego skanowania dalekiego zasi&#281;gu (np. etykiet na rega&#322;ach z du&#380;ej odleg&#322;o&#347;ci); wybierz <strong data-start=\"4499\" data-end=\"4518\">Granit 1911i IG<\/strong>, aby uzyska&#263; zr&oacute;wnowa&#380;ony zasi&#281;g i ergonomi&#281; przez ca&#322;y dzie&#324;.<\/p>\n<\/li>\n<li data-start=\"4564\" data-end=\"4743\">\n<p data-start=\"4566\" data-end=\"4743\"><a href=\"https:\/\/micronordic.com\/product\/honeywell-granit-1980i-cable-ex-stand\/\"><strong data-start=\"4566\" data-end=\"4601\">Honeywell Granit 1980i<\/strong> <\/a>&ndash; Wybierz <strong data-start=\"4680\" data-end=\"4699\">Granit<\/strong> 1980i dla przewodowej konfiguracji dalekiego zasi&#281;gu na sta&#322;ych stacjach; wybierz <strong data-start=\"4680\" data-end=\"4699\">Granit 1911i<\/strong> IG dla bezprzewodowej swobody z kompaktow&#261; podstaw&#261;.<\/p>\n<\/li>\n<li data-start=\"4744\" data-end=\"4947\">\n<p data-start=\"4746\" data-end=\"4947\"><a href=\"https:\/\/micronordic.com\/product\/honeywell-xenon-xp-1952g-cable-w-stand\/\"><strong data-start=\"4746\" data-end=\"4774\">Honeywell Xenon XP 1952g<\/strong><\/a> &ndash; Wybierz <strong data-start=\"4784\" data-end=\"4802\">Xenon XP 195<\/strong> 2g do bezprzewodowej pracy w handlu detalicznym\/lekkim przemy&#347;le; wybierz <strong data-start=\"4858\" data-end=\"4877\">Granit 1911i<\/strong> IG, gdy potrzebujesz ci&#281;&#380;szej konstrukcji i odporno&#347;ci na warunki przemys&#322;owe.<\/p>\n<\/li>\n<\/ul>\n<\/div>\n<\/div>\n<\/div>\n","protected":false},"excerpt":{"rendered":"<h3>Specyfikacje<\/h3>\n<ul>\n<li><strong>\u0141\u0105czno\u015b\u0107:<\/strong> Bezprzewodowy Bluetooth; zawiera baz\u0119 \u0142aduj\u0105co-komunikacyjn\u0105 do parowania, przesy\u0142ania danych i \u0142adowania<\/li>\n<li><strong>Certyfikaty rugged:<\/strong> Przemys\u0142owa obudowa typu rugged; odporno\u015b\u0107 na uderzenia, py\u0142 i wilgo\u0107<\/li>\n<li><strong>Bezpiecze\u0144stwo:<\/strong> Standardowe tryby parowania\/uwierzytelniania Bluetooth<\/li>\n<li><strong>Bateria:<\/strong> Akumulator zaprojektowany z my\u015bl\u0105 o d\u0142u\u017cszych zmianach; \u0142adowanie za pomoc\u0105 do\u0142\u0105czonej bazy<\/li>\n<li><strong>Wymiary i waga:<\/strong> Podr\u0119czna obudowa przemys\u0142owa (r\u00f3\u017cni si\u0119 w zale\u017cno\u015bci od konfiguracji)<\/li>\n<li><strong>Gwarancja: <\/strong>Nowe produkty obj\u0119te s\u0105 2-letni\u0105 gwarancj\u0105 producenta<\/li>\n<\/ul>\n","protected":false},"author":16,"featured_media":96602,"template":"","meta":{"_acf_changed":false,"inline_featured_image":false},"product-condition":[5249],"product_brand":[8970],"product_cat":[5196,5200,5197],"product_tag":[4879],"class_list":{"0":"post-46160","1":"product","2":"type-product","3":"status-publish","4":"has-post-thumbnail","6":"product-condition-new-in-box","7":"product_brand-honeywell-intermec","8":"product_cat-honeywell-intermec","9":"product_cat-all-barcode-scanners","10":"product_cat-new-in-box-rugged-hardware","11":"product_tag-wrd-pl","13":"first","14":"instock","15":"taxable","16":"shipping-taxable","17":"purchasable","18":"product-type-simple"},"acf":[],"_links":{"self":[{"href":"https:\/\/micronordic.com\/pl\/wp-json\/wp\/v2\/product\/46160","targetHints":{"allow":["GET"]}}],"collection":[{"href":"https:\/\/micronordic.com\/pl\/wp-json\/wp\/v2\/product"}],"about":[{"href":"https:\/\/micronordic.com\/pl\/wp-json\/wp\/v2\/types\/product"}],"author":[{"embeddable":true,"href":"https:\/\/micronordic.com\/pl\/wp-json\/wp\/v2\/users\/16"}],"version-history":[{"count":2,"href":"https:\/\/micronordic.com\/pl\/wp-json\/wp\/v2\/product\/46160\/revisions"}],"predecessor-version":[{"id":98428,"href":"https:\/\/micronordic.com\/pl\/wp-json\/wp\/v2\/product\/46160\/revisions\/98428"}],"wp:featuredmedia":[{"embeddable":true,"href":"https:\/\/micronordic.com\/pl\/wp-json\/wp\/v2\/media\/96602"}],"wp:attachment":[{"href":"https:\/\/micronordic.com\/pl\/wp-json\/wp\/v2\/media?parent=46160"}],"wp:term":[{"taxonomy":"product-condition","embeddable":true,"href":"https:\/\/micronordic.com\/pl\/wp-json\/wp\/v2\/product-condition?post=46160"},{"taxonomy":"product_brand","embeddable":true,"href":"https:\/\/micronordic.com\/pl\/wp-json\/wp\/v2\/product_brand?post=46160"},{"taxonomy":"product_cat","embeddable":true,"href":"https:\/\/micronordic.com\/pl\/wp-json\/wp\/v2\/product_cat?post=46160"},{"taxonomy":"product_tag","embeddable":true,"href":"https:\/\/micronordic.com\/pl\/wp-json\/wp\/v2\/product_tag?post=46160"}],"curies":[{"name":"wp","href":"https:\/\/api.w.org\/{rel}","templated":true}]}}