{"id":46156,"date":"2018-05-06T13:47:11","date_gmt":"2018-05-06T11:47:11","guid":{"rendered":"https:\/\/micronordic.com\/product\/mobilny-komputer-reczny-zebra-tc51-tc510k-odnowiony\/"},"modified":"2025-11-20T18:05:18","modified_gmt":"2025-11-20T17:05:18","slug":"zebra-tc51-rugged-touch-computer-refurbished","status":"publish","type":"product","link":"https:\/\/micronordic.com\/pl\/product\/zebra-tc51-rugged-touch-computer-refurbished\/","title":{"rendered":"Zebra TC51 Handheld Mobile Computer (EX-DEMO)"},"content":{"rendered":"<?xml encoding=\"utf-8\" ?><h2 data-start=\"0\" data-end=\"48\">Zebra TC51 Handheld Mobile Computer (Ex-Demo)<\/h2><p data-start=\"50\" data-end=\"713\"><strong data-start=\"54\" data-end=\"68\">Zebra TC51<\/strong> <strong data-start=\"94\" data-end=\"122\">Handheld Mobile Computer<\/strong> to kompaktowy <strong data-start=\"94\" data-end=\"122\">komputer mobilny<\/strong> klasy korporacyjnej przeznaczony do szybkiej i niezawodnej rejestracji danych oraz wykonywania zada&#324; w handlu detalicznym, magazynach, hotelarstwie i us&#322;ugach terenowych. Jako urz&#261;dzenie <strong data-start=\"245\" data-end=\"256\">Ex-Demo<\/strong>, by&#322;o ono kr&oacute;tko u&#380;ywane w celach demonstracyjnych i zosta&#322;o starannie od&#347;wie&#380;one przed odsprzeda&#380;&#261; &ndash; wymieniono zewn&#281;trzne cz&#281;&#347;ci zu&#380;ywaj&#261;ce si&#281; (przednie\/tylne plastiki i digitizery), do&#322;&#261;czono normalne akcesoria, o ile nie podano inaczej, i dostarczono zwykle w zwyk&#322;ym br&#261;zowym pude&#322;ku.<\/p><p data-start=\"50\" data-end=\"713\">Urz&#261;dzenia Ex-Demo s&#261; obj&#281;te <strong>12-miesi&#281;czn&#261; gwarancj&#261; firmy Micro Nordic<\/strong>, dzi&#281;ki czemu otrzymujemy w pe&#322;ni funkcjonalny komputer mobilny w znacznie obni&#380;onej cenie.<\/p><p data-start=\"715\" data-end=\"965\">Dzi&#281;ki znajomej obs&#322;udze systemu Android, zintegrowanemu skanowaniu korporacyjnemu i sprawdzonemu ekosystemowi akcesori&oacute;w, <strong data-start=\"821\" data-end=\"835\">Zebra TC51<\/strong> pomaga zespo&#322;om pracowa&#263; szybciej, ogranicza&#263; b&#322;&#281;dy i pozostawa&#263; w kontakcie podczas intensywnych zmian &ndash; na hali produkcyjnej, w magazynie i w podr&oacute;&#380;y.<\/p><h2 data-start=\"967\" data-end=\"1000\">Kluczowe cechy Zebra TC51<\/h2><ul data-start=\"1001\" data-end=\"2276\">\n<li data-start=\"1001\" data-end=\"1173\">\n<p data-start=\"1003\" data-end=\"1173\"><strong data-start=\"1003\" data-end=\"1013\">Rugged<\/strong> <strong>yet sleek design<\/strong> &ndash; Zbudowany z my&#347;l&#261; o codziennych uderzeniach, kurzu i okazjonalnych zachlapaniach, pozostaj&#261;c jednocze&#347;nie smuk&#322;ym i kieszonkowym dla przep&#322;ywu pracy w recepcji i na zapleczu.<\/p>\n<\/li>\n<li data-start=\"1174\" data-end=\"1317\">\n<p data-start=\"1176\" data-end=\"1317\"><strong data-start=\"1176\" data-end=\"1187\">Platforma Android<\/strong> &ndash; gotowy do pracy system Android z narz&#281;dziami do zarz&#261;dzania przedsi&#281;biorstwem usprawnia wdra&#380;anie aplikacji, aktualizacje i egzekwowanie zasad.<\/p>\n<\/li>\n<li data-start=\"1318\" data-end=\"1466\">\n<p data-start=\"1320\" data-end=\"1466\"><strong data-start=\"1320\" data-end=\"1334\">Zintegrowane<\/strong> <strong>skanowanie<\/strong> &ndash; obrazowanie 1D\/2D w przedsi&#281;biorstwie szybko odczytuje zu&#380;yte, s&#322;abo kontrastowe i zakrzywione etykiety, aby ograniczy&#263; ponowne skanowanie i przyspieszy&#263; transakcje.<\/p>\n<\/li>\n<li data-start=\"1467\" data-end=\"1619\">\n<p data-start=\"1469\" data-end=\"1619\"><strong>Wy&#347;wietlacz<\/strong> <strong data-start=\"1469\" data-end=\"1490\">czytelny w &#347;wietle s&#322;onecznym<\/strong> &ndash; jasny, przyjazny dla r&#281;kawic ekran dotykowy umo&#380;liwia precyzyjne wprowadzanie danych do formularzy, selekcji i kierowanych przep&#322;yw&oacute;w pracy w mieszanym o&#347;wietleniu.<\/p>\n<\/li>\n<li data-start=\"1620\" data-end=\"1750\">\n<p data-start=\"1622\" data-end=\"1750\"><strong data-start=\"1622\" data-end=\"1635\">Ergonomiczny<\/strong> <strong>kszta&#322;t<\/strong> &ndash; wywa&#380;ona waga, czu&#322;y dotyk i dotykowe elementy steruj&#261;ce minimalizuj&#261; zm&#281;czenie podczas wykonywania zada&#324; o du&#380;ej obj&#281;to&#347;ci.<\/p>\n<\/li>\n<li data-start=\"1751\" data-end=\"1886\">\n<p data-start=\"1753\" data-end=\"1886\"><strong data-start=\"1753\" data-end=\"1765\">Niezawodna<\/strong> <strong>&#322;&#261;czno&#347;&#263; bezprzewodowa<\/strong> &ndash; sieci Wi-Fi klasy korporacyjnej i Bluetooth zapewniaj&#261; przep&#322;yw danych, wiadomo&#347;ci i komunikat&oacute;w push-to-talk w ca&#322;ym sklepie lub magazynie.<\/p>\n<\/li>\n<li data-start=\"1887\" data-end=\"2007\">\n<p data-start=\"1889\" data-end=\"2007\"><strong data-start=\"1889\" data-end=\"1899\">Bezpiecze&#324;stwo<\/strong> <strong>od samego pocz&#261;tku<\/strong> &ndash; zabezpieczenia sprz&#281;towe i zarz&#261;dzane aktualizacje systemu operacyjnego pomagaj&#261; chroni&#263; urz&#261;dzenia i poufne dane.<\/p>\n<\/li>\n<li data-start=\"2008\" data-end=\"2132\">\n<p data-start=\"2010\" data-end=\"2132\"><strong data-start=\"2010\" data-end=\"2024\">Mo&#380;liwo&#347;&#263; zarz&#261;dzania<\/strong> <strong>na du&#380;&#261; skal&#281;<\/strong> &ndash; scentralizowana konfiguracja, przechowywanie i zdalne wsparcie zmniejszaj&#261; koszty IT w du&#380;ych flotach.<\/p>\n<\/li>\n<li data-start=\"2133\" data-end=\"2276\">\n<p data-start=\"2135\" data-end=\"2276\"><strong>Ekosystem<\/strong> <strong data-start=\"2135\" data-end=\"2148\">akcesori&oacute;w<\/strong> &ndash; podstawki, sanki, &#322;adowarki i kabury obs&#322;uguj&#261; konfiguracje dostosowane do r&oacute;l, od frontu sklepu po magazyn i dostaw&#281;.<\/p>\n<\/li>\n<\/ul><h2 data-start=\"2278\" data-end=\"2311\">Kluczowe zalety urz&#261;dzenia Zebra TC51<\/h2><h3 data-start=\"2313\" data-end=\"2364\">Stworzony do pracy w wymagaj&#261;cych warunkach detalicznych i terenowych<\/h3><p data-start=\"2365\" data-end=\"2520\">Wytrzyma&#322;a, dostosowana do potrzeb przedsi&#281;biorstw konstrukcja radzi sobie z codziennymi upadkami, kurzem i rozlanymi p&#322;ynami, dzi&#281;ki czemu zespo&#322;y pozostaj&#261; produktywne na zat&#322;oczonych halach produkcyjnych, zapleczach i przy kraw&#281;&#380;nikach.<\/p><h3 data-start=\"2522\" data-end=\"2554\">Szybsze przechwytywanie, mniej b&#322;&#281;d&oacute;w<\/h3><p data-start=\"2555\" data-end=\"2703\">Zintegrowane obrazowanie 1D\/2D i responsywne przep&#322;ywy pracy w systemie Android zmniejszaj&#261; liczb&#281; ponownych skan&oacute;w i b&#322;&#281;dnych skan&oacute;w, poprawiaj&#261;c czas oczekiwania w kolejce, dok&#322;adno&#347;&#263; kompletacji i obs&#322;ug&#281; klienta.<\/p><h3 data-start=\"2705\" data-end=\"2736\">Zawsze po&#322;&#261;czone operacje<\/h3><p data-start=\"2737\" data-end=\"2895\">Niezawodna sie&#263; bezprzewodowa klasy korporacyjnej synchronizuje zadania, zapasy i wiadomo&#347;ci w tle, podczas gdy pracownicy przemieszczaj&#261; si&#281; mi&#281;dzy hal&#261; sprzeda&#380;y, magazynem i ramp&#261; za&#322;adunkow&#261;.<\/p><h3 data-start=\"2897\" data-end=\"2941\">Przewidywalna w&#322;asno&#347;&#263; z warto&#347;ci&#261; Ex-Demo<\/h3><p data-start=\"2942\" data-end=\"3113\">Ceny Ex-Demo oferuj&#261; niemal now&#261; funkcjonalno&#347;&#263; po obni&#380;onej cenie, a wymienne cz&#281;&#347;ci zu&#380;ywalne, baterie i sprawdzone akcesoria wyd&#322;u&#380;aj&#261; cykl &#380;ycia i upraszczaj&#261; planowanie cz&#281;&#347;ci zamiennych.<\/p><h3 data-start=\"3115\" data-end=\"3135\">Gotowy dla flot<\/h3><p data-start=\"3136\" data-end=\"3295\">Standaryzowane profile, zdalne wsparcie i sp&oacute;jne akcesoria u&#322;atwiaj&#261; wdra&#380;anie na du&#380;&#261; skal&#281; i utrzymywanie gotowo&#347;ci urz&#261;dze&#324; do pracy na r&oacute;&#380;nych zmianach i w r&oacute;&#380;nych lokalizacjach.<\/p><h2 data-start=\"3297\" data-end=\"3315\">Idealne przypadki u&#380;ycia<\/h2><ul data-start=\"3316\" data-end=\"3838\">\n<li data-start=\"3316\" data-end=\"3431\">\n<p data-start=\"3318\" data-end=\"3431\"><strong data-start=\"3318\" data-end=\"3342\">Handel detaliczny i hotelarstwo<\/strong> &ndash; sprzeda&#380; wspomagana, sprawdzanie cen, wyszukiwanie zapas&oacute;w i mobilne POS w sklepie.<\/p>\n<\/li>\n<li data-start=\"3432\" data-end=\"3543\">\n<p data-start=\"3434\" data-end=\"3543\"><strong data-start=\"3434\" data-end=\"3462\">Magazyn i dystrybucja<\/strong> &ndash; odk&#322;adanie, kompletacja, liczenie cykli i operacje prze&#322;adunkowe z niezawodnym skanowaniem.<\/p>\n<\/li>\n<li data-start=\"3544\" data-end=\"3637\">\n<p data-start=\"3546\" data-end=\"3637\"><strong data-start=\"3546\" data-end=\"3574\">Us&#322;ugi terenowe i dostawy<\/strong> &ndash; zlecenia pracy, dowody dostawy i skanowanie zasob&oacute;w w podr&oacute;&#380;y.<\/p>\n<\/li>\n<li data-start=\"3638\" data-end=\"3749\">\n<p data-start=\"3640\" data-end=\"3749\"><strong data-start=\"3640\" data-end=\"3662\">Wsparcie opieki zdrowotnej<\/strong> &ndash; inwentaryzacja niekliniczna, pomieszczenia zaopatrzeniowe i &#347;ledzenie sprz&#281;tu (przep&#322;ywy pracy w plac&oacute;wce).<\/p>\n<\/li>\n<li data-start=\"3750\" data-end=\"3838\">\n<p data-start=\"3752\" data-end=\"3838\"><strong data-start=\"3752\" data-end=\"3769\">Produkcja<\/strong> &ndash; weryfikacja cz&#281;&#347;ci po stronie linii produkcyjnej, &#347;ledzenie WIP i zadania konserwacyjne.<\/p>\n<\/li>\n<\/ul><h2 data-start=\"3840\" data-end=\"3881\">Por&oacute;wnanie produkt&oacute;w dla Zebra TC51<\/h2><ul data-start=\"3882\" data-end=\"4568\">\n<li data-start=\"3882\" data-end=\"4145\">\n<p data-start=\"3884\" data-end=\"4145\"><strong data-start=\"3884\" data-end=\"3998\"><a class=\"decorated-link cursor-pointer\" href=\"https:\/\/micronordic.com\/product\/zebra-tc52-mobile-handheld-computer-refurbished\/\" target=\"_new\" rel=\"noopener\" data-start=\"3886\" data-end=\"3996\">Zebra TC52\/TC52x<\/a><\/strong> &ndash; Nowsze urz&#261;dzenia r&#281;czne z systemem Android o wyd&#322;u&#380;onym cyklu &#380;ycia i ulepszonej ergonomii; wybierz TC52\/TC52x, aby uzyska&#263; bardziej nowoczesn&#261; platform&#281; i d&#322;ugoterminowe wsparcie dla systemu operacyjnego.<\/p>\n<\/li>\n<li data-start=\"4146\" data-end=\"4361\">\n<p data-start=\"4148\" data-end=\"4361\"><a href=\"https:\/\/micronordic.com\/product\/zebra-tc57ho-mobile-handheld-computer-refurbished\/\"><strong data-start=\"4148\" data-end=\"4250\">Zebra TC57<\/strong> <\/a>&ndash; Siostrzany model ze zintegrowan&#261; &#322;&#261;czno&#347;ci&#261; kom&oacute;rkow&#261; dla zespo&#322;&oacute;w terenowych; wybierz TC57, gdy niezb&#281;dna jest &#322;&#261;czno&#347;&#263; na du&#380;ym obszarze.<\/p>\n<\/li>\n<li data-start=\"4362\" data-end=\"4568\">\n<p data-start=\"4364\" data-end=\"4568\"><a href=\"https:\/\/micronordic.com\/product\/zebra-tc56-mobile-handheld-computer-refurbished\/\"><strong data-start=\"4364\" data-end=\"4466\">Zebra TC56<\/strong> <\/a>&ndash; Rodze&#324;stwo poprzedniej generacji; wybierz TC56, je&#347;li potrzebujesz podobnej obudowy z WWAN w starszych flotach.<\/p>\n<\/li>\n<\/ul>\n","protected":false},"excerpt":{"rendered":"<p>WYBIERZ WARIANT PONI\u017bEJ! Zadzwo\u0144 do nas, je\u015bli potrzebujesz pomocy w znalezieniu odpowiedniego wariantu produktu.<\/p>\n<h3>Specyfikacje:<\/h3>\n<ul>\n<li><strong>Wy\u015bwietlacz:<\/strong> Jasny, nadaj\u0105cy si\u0119 do u\u017cytku na zewn\u0105trz ekran dotykowy; wprowadzanie danych w r\u0119kawicach<\/li>\n<li><strong>Procesor:<\/strong> Procesor mobilny klasy korporacyjnej (oparty na systemie Android)<\/li>\n<li><strong>Grafika:<\/strong> Zintegrowana<\/li>\n<li><strong>Pami\u0119\u0107:<\/strong> Konfigurowalna pami\u0119\u0107 RAM do pracy z wieloma aplikacjami<\/li>\n<li><strong>Pami\u0119\u0107 masowa:<\/strong> Wbudowana pami\u0119\u0107 masowa z opcjami rozbudowy (w zale\u017cno\u015bci od modelu)<\/li>\n<li><strong>\u0141\u0105czno\u015b\u0107:<\/strong> Wi-Fi klasy korporacyjnej, Bluetooth; opcjonalne warianty WWAN w powi\u0105zanych modelach; stacja dokuj\u0105ca na biurko\/do pojazdu<\/li>\n<li><strong>Certyfikaty rugged:<\/strong> Wytrzyma\u0142o\u015b\u0107 na upadki, kurz i wilgo\u0107 (w zale\u017cno\u015bci od modelu)<\/li>\n<li><strong>Bezpiecze\u0144stwo:<\/strong> Zarz\u0105dzany system Android, uwierzytelnianie korporacyjne i obs\u0142uga zarz\u0105dzania urz\u0105dzeniami<\/li>\n<li><strong>Akumulator:<\/strong> Wymienny akumulator przeznaczony do pracy wielozmianowej; dost\u0119pne podstawki \u0142aduj\u0105ce<\/li>\n<li><strong>Wymiary i waga:<\/strong> Kompaktowa forma podr\u0119czna (r\u00f3\u017cni si\u0119 w zale\u017cno\u015bci od konfiguracji)<\/li>\n<li><strong>Gwarancja:<\/strong> Ex-Demo: 12 miesi\u0119cy od Micro Nordic<\/li>\n<\/ul>\n<p><strong>Wybierz odpowiedni model poni\u017cej przed dodaniem go do koszyka<\/strong><\/p>\n","protected":false},"author":16,"featured_media":61771,"template":"","meta":{"_acf_changed":false,"inline_featured_image":false},"product-condition":[5279],"product_brand":[9016],"product_cat":[5195,5200,5198],"product_tag":[3227,3241,3171,3311,3199,3297,3339,3325,3283,3185,3269,3255,3213],"class_list":{"0":"post-46156","1":"product","2":"type-product","3":"status-publish","4":"has-post-thumbnail","6":"product-condition-ex-demo","7":"product_brand-zebra","8":"product_cat-zebra","9":"product_cat-all-barcode-scanners","10":"product_cat-refurbished-rugged-hardware","11":"product_tag-tc510k-1hdzu2p-a6-pl","12":"product_tag-tc510k-1hdzu4p-a6-pl","13":"product_tag-tc510k-1pazu2p-a6-pl","14":"product_tag-tc510k-1pazu2p-us-pl","15":"product_tag-tc510k-1pazu4p-a6-pl","16":"product_tag-tc510k-1pazu4p-ia-pl","17":"product_tag-tc510k-1pazu4p-us-pl","18":"product_tag-tc510k-2hdzu2p-a6-pl","19":"product_tag-tc510k-2hdzu4p-a6-pl","20":"product_tag-tc510k-2pazu2p-a6-pl","21":"product_tag-tc510k-2pazu2p-us-pl","22":"product_tag-tc510k-2pazu4p-a6-pl","23":"product_tag-tc510k-2pazu4p-us-pl","24":"pa_model-part-number-tc510k-1hdzu2p-a6","25":"pa_model-part-number-tc510k-1hdzu4p-a6","26":"pa_model-part-number-tc510k-1pazu2p-a6","27":"pa_model-part-number-tc510k-1pazu4p-a6","28":"pa_model-part-number-tc510k-2hdzu2p-a6","29":"pa_model-part-number-tc510k-2hdzu4p-a6","30":"pa_model-part-number-tc510k-2pazu2p-a6","31":"pa_model-part-number-tc510k-2pazu2p-us","33":"first","34":"instock","35":"taxable","36":"shipping-taxable","37":"purchasable","38":"product-type-variable","39":"has-default-attributes"},"acf":[],"_links":{"self":[{"href":"https:\/\/micronordic.com\/pl\/wp-json\/wp\/v2\/product\/46156","targetHints":{"allow":["GET"]}}],"collection":[{"href":"https:\/\/micronordic.com\/pl\/wp-json\/wp\/v2\/product"}],"about":[{"href":"https:\/\/micronordic.com\/pl\/wp-json\/wp\/v2\/types\/product"}],"author":[{"embeddable":true,"href":"https:\/\/micronordic.com\/pl\/wp-json\/wp\/v2\/users\/16"}],"version-history":[{"count":4,"href":"https:\/\/micronordic.com\/pl\/wp-json\/wp\/v2\/product\/46156\/revisions"}],"predecessor-version":[{"id":98766,"href":"https:\/\/micronordic.com\/pl\/wp-json\/wp\/v2\/product\/46156\/revisions\/98766"}],"wp:featuredmedia":[{"embeddable":true,"href":"https:\/\/micronordic.com\/pl\/wp-json\/wp\/v2\/media\/61771"}],"wp:attachment":[{"href":"https:\/\/micronordic.com\/pl\/wp-json\/wp\/v2\/media?parent=46156"}],"wp:term":[{"taxonomy":"product-condition","embeddable":true,"href":"https:\/\/micronordic.com\/pl\/wp-json\/wp\/v2\/product-condition?post=46156"},{"taxonomy":"product_brand","embeddable":true,"href":"https:\/\/micronordic.com\/pl\/wp-json\/wp\/v2\/product_brand?post=46156"},{"taxonomy":"product_cat","embeddable":true,"href":"https:\/\/micronordic.com\/pl\/wp-json\/wp\/v2\/product_cat?post=46156"},{"taxonomy":"product_tag","embeddable":true,"href":"https:\/\/micronordic.com\/pl\/wp-json\/wp\/v2\/product_tag?post=46156"}],"curies":[{"name":"wp","href":"https:\/\/api.w.org\/{rel}","templated":true}]}}