{"id":46152,"date":"2018-04-26T13:46:57","date_gmt":"2018-04-26T11:46:57","guid":{"rendered":"https:\/\/micronordic.com\/product\/mobilny-komputer-reczny-zebra-tc70-tc700k-odnowiony\/"},"modified":"2025-11-20T18:06:07","modified_gmt":"2025-11-20T17:06:07","slug":"zebra-tc70-rugged-touch-computer-refurbished","status":"publish","type":"product","link":"https:\/\/micronordic.com\/pl\/product\/zebra-tc70-rugged-touch-computer-refurbished\/","title":{"rendered":"Zebra TC70 Handheld Mobile Computer (EX-DEMO)"},"content":{"rendered":"<?xml encoding=\"utf-8\" ?><h2 data-start=\"492\" data-end=\"552\">Handheld Mobile Computer Zebra TC70 (EX-DEMO \/ NEW-IN-BOX)<\/h2><p data-start=\"554\" data-end=\"1056\"><strong data-start=\"558\" data-end=\"597\">Zebra TC70 Handheld Mobile Computer<\/strong> to wytrzyma&#322;e urz&#261;dzenie klasy korporacyjnej, kt&oacute;re &#322;&#261;czy w sobie intuicyjn&#261; konstrukcj&#281; smartfona z trwa&#322;o&#347;ci&#261; i funkcjonalno&#347;ci&#261; wymagan&#261; do zastosowa&#324; profesjonalnych. Stworzony z my&#347;l&#261; o wymagaj&#261;cych bran&#380;ach, takich jak logistyka, produkcja i handel detaliczny, zapewnia niezawodn&#261; rejestracj&#281; danych i komunikacj&#281; nawet w najtrudniejszych warunkach.<\/p><p>Dost&#281;pny w <strong data-start=\"921\" data-end=\"937\">Micro<\/strong> Nordic zar&oacute;wno w wersji <strong data-start=\"946\" data-end=\"957\">EX-DEMO<\/strong>, jak i <strong data-start=\"962\" data-end=\"976\">NEW-IN-BOX<\/strong>, TC70 oferuje elastyczno&#347;&#263; dla ka&#380;dego bud&#380;etu &ndash; w pe&#322;ni odnowiony lub fabrycznie nowy. Jednostki EX-DEMO s&#261; obj&#281;te 12-miesi&#281;czn&#261; gwarancj&#261; Micro Nordic, podczas gdy jednostki NEW-IN-BOX s&#261; obj&#281;te standardow&#261; 2-letni&#261; gwarancj&#261; producenta.<\/p><h2 data-start=\"1058\" data-end=\"1118\">Najwa&#380;niejsze cechy komputera mobilnego Zebra TC70 Handheld Mobile Computer<\/h2><ul data-start=\"1119\" data-end=\"1921\">\n<li data-start=\"1119\" data-end=\"1206\">\n<p data-start=\"1121\" data-end=\"1206\"><strong data-start=\"1121\" data-end=\"1148\">Konstrukcja klasy korporacyjnej<\/strong> &ndash; &#322;&#261;czy u&#380;yteczno&#347;&#263; smartfona z wytrzyma&#322;o&#347;ci&#261; rugged.<\/p>\n<\/li>\n<li data-start=\"1207\" data-end=\"1311\">\n<p data-start=\"1209\" data-end=\"1311\">Ekran <strong data-start=\"1209\" data-end=\"1232\">dotykowy<\/strong> &ndash; 4,7-calowy ekran Corning&reg; Gorilla&reg; Glass 2, kt&oacute;ry dzia&#322;a w r&#281;kawiczkach lub mokrymi r&#281;kami.<\/p>\n<\/li>\n<li data-start=\"1312\" data-end=\"1415\">\n<p data-start=\"1314\" data-end=\"1415\"><strong data-start=\"1314\" data-end=\"1338\">Pot&#281;&#380;na wydajno&#347;&#263;<\/strong> &ndash; dwurdzeniowy procesor 1,7 GHz z systemem operacyjnym Android&trade; dla nowoczesnych aplikacji korporacyjnych.<\/p>\n<\/li>\n<li data-start=\"1416\" data-end=\"1523\">\n<p data-start=\"1418\" data-end=\"1523\"><strong data-start=\"1418\" data-end=\"1447\">Zaawansowane skanowanie kod&oacute;w kreskowych<\/strong> &ndash; zintegrowany imager SE4750 1D\/2D zapewnia b&#322;yskawiczny i dok&#322;adny odczyt.<\/p>\n<\/li>\n<li data-start=\"1524\" data-end=\"1623\">\n<p data-start=\"1526\" data-end=\"1623\"><strong data-start=\"1526\" data-end=\"1551\">Niezawodna &#322;&#261;czno&#347;&#263;<\/strong> &ndash; dwuzakresowe Wi-Fi (802.11 a\/b\/g\/n), Bluetooth&reg; 4.0 i opcjonalnie NFC.<\/p>\n<\/li>\n<li data-start=\"1624\" data-end=\"1720\">\n<p data-start=\"1626\" data-end=\"1720\"><strong data-start=\"1626\" data-end=\"1658\">Stworzony do pracy w trudnych warunkach<\/strong> &ndash; stopie&#324; ochrony IP67, test upadku z wysoko&#347;ci do 2,4 m (8 st&oacute;p) na beton.<\/p>\n<\/li>\n<li data-start=\"1721\" data-end=\"1804\">\n<p data-start=\"1723\" data-end=\"1804\"><strong data-start=\"1723\" data-end=\"1752\">Elastyczne zarz&#261;dzanie energi&#261;<\/strong> &ndash; bateria o du&#380;ej pojemno&#347;ci zapewniaj&#261;ca produktywno&#347;&#263; przez ca&#322;y dzie&#324;.<\/p>\n<\/li>\n<li data-start=\"1805\" data-end=\"1921\">\n<p data-start=\"1807\" data-end=\"1921\"><strong data-start=\"1807\" data-end=\"1831\">Konfigurowalne opcje<\/strong> &ndash; Dost&#281;pne jako <strong data-start=\"1847\" data-end=\"1858\">EX-DEMO<\/strong> (przetestowane i odnowione) lub <strong data-start=\"1887\" data-end=\"1901\">NEW-IN-BOX<\/strong> (fabrycznie zapiecz&#281;towane).<\/p>\n<\/li>\n<\/ul><h2 data-start=\"1923\" data-end=\"1940\">Kluczowe korzy&#347;ci<\/h2><h3 data-start=\"1942\" data-end=\"1980\">Stworzony dla najtrudniejszych przep&#322;yw&oacute;w pracy<\/h3><p data-start=\"1981\" data-end=\"2232\">Rugged obudowa TC70 i uszczelnienie IP67 chroni&#261; go przed upadkami, py&#322;em i wod&#261;, dzi&#281;ki czemu idealnie nadaje si&#281; do magazyn&oacute;w, linii produkcyjnych i pracy w terenie. Zapewnia wydajno&#347;&#263; i niezawodno&#347;&#263; wymagan&#261; do ci&#261;g&#322;ego codziennego u&#380;ytkowania bez kompromis&oacute;w.<\/p><h3 data-start=\"2234\" data-end=\"2277\">Wyb&oacute;r pomi&#281;dzy EX-DEMO i NEW-IN-BOX<\/h3><p data-start=\"2278\" data-end=\"2615\">W <strong data-start=\"2281\" data-end=\"2297\">Micro<\/strong> Nordic klienci mog&#261; wybiera&#263; mi&#281;dzy urz&#261;dzeniami <strong data-start=\"2328\" data-end=\"2339\">EX-DEMO<\/strong> &ndash; starannie przetestowanymi, wyczyszczonymi i przywr&oacute;conymi do niemal nowego stanu &ndash; a urz&#261;dzeniami <strong data-start=\"2416\" data-end=\"2430\">NEW-IN-BOX<\/strong>, kt&oacute;re s&#261; fabrycznie zapiecz&#281;towane i nietkni&#281;te. Oba oferuj&#261; doskona&#322;&#261; wydajno&#347;&#263;, ale opcja EX-DEMO zapewnia znaczne oszcz&#281;dno&#347;ci dla firm zarz&#261;dzaj&#261;cych wdro&#380;eniami na du&#380;&#261; skal&#281;.<\/p><h3 data-start=\"2617\" data-end=\"2653\">Doskona&#322;e skanowanie i dok&#322;adno&#347;&#263;<\/h3><p data-start=\"2654\" data-end=\"2878\">Wyposa&#380;ony w imager SE4750 firmy Zebra, TC70 natychmiast rejestruje kody kreskowe 1D i 2D, nawet je&#347;li s&#261; uszkodzone lub &#378;le wydrukowane. Pracownicy mog&#261; skanowa&#263; kody kreskowe pod r&oacute;&#380;nymi k&#261;tami i z r&oacute;&#380;nych odleg&#322;o&#347;ci, co zwi&#281;ksza wydajno&#347;&#263; i dok&#322;adno&#347;&#263; pracy.<\/p><h3 data-start=\"2880\" data-end=\"2922\">Intuicyjny ekran dotykowy i ergonomia<\/h3><p data-start=\"2923\" data-end=\"3137\">Ekran dotykowy o przek&#261;tnej 4,7&Prime; jest jasny, kompatybilny z r&#281;kawicami i odporny na zarysowania, zapewniaj&#261;c p&#322;ynn&#261; interakcj&#281; w ka&#380;dym &#347;rodowisku. Ergonomiczna obudowa zapewnia komfort podczas d&#322;ugich zmian, zmniejszaj&#261;c zm&#281;czenie operatora.<\/p><h3 data-start=\"3139\" data-end=\"3166\">Bezpiecze&#324;stwo i &#322;atwo&#347;&#263; zarz&#261;dzania<\/h3><p data-start=\"3167\" data-end=\"3381\">Dzi&#281;ki narz&#281;dziom do zarz&#261;dzania przedsi&#281;biorstwem Android&trade; i pakietowi oprogramowania Mobility DNA firmy Zebra, TC70 jest bezpieczny, skalowalny i &#322;atwy do zintegrowania z istniej&#261;cymi systemami informatycznymi &ndash; co sprawia, &#380;e zarz&#261;dzanie urz&#261;dzeniami w przedsi&#281;biorstwach nie wymaga wysi&#322;ku.<\/p><h2 data-start=\"3383\" data-end=\"3403\">Idealne przypadki u&#380;ycia<\/h2><ul data-start=\"3404\" data-end=\"3886\">\n<li data-start=\"3404\" data-end=\"3516\">\n<p data-start=\"3406\" data-end=\"3516\"><strong data-start=\"3406\" data-end=\"3431\">Magazyn i logistyka<\/strong> &ndash; szybkie skanowanie i niezawodna &#322;&#261;czno&#347;&#263; do kompletacji zam&oacute;wie&#324; i kontroli zapas&oacute;w.<\/p>\n<\/li>\n<li data-start=\"3517\" data-end=\"3615\">\n<p data-start=\"3519\" data-end=\"3615\"><strong data-start=\"3519\" data-end=\"3549\">Produkcja i wytwarzanie<\/strong> &ndash; Wytrzyma&#322;e i precyzyjne do linii monta&#380;owych i kontroli jako&#347;ci.<\/p>\n<\/li>\n<li data-start=\"3616\" data-end=\"3698\">\n<p data-start=\"3618\" data-end=\"3698\"><strong data-start=\"3618\" data-end=\"3644\">Handel detaliczny i punkty sprzeda&#380;y<\/strong> &ndash; usprawnione mobilne kasy i zarz&#261;dzanie p&oacute;&#322;kami.<\/p>\n<\/li>\n<li data-start=\"3699\" data-end=\"3788\">\n<p data-start=\"3701\" data-end=\"3788\"><strong data-start=\"3701\" data-end=\"3732\">Serwis i konserwacja w terenie<\/strong> &ndash; Niezawodne dzia&#322;anie na zewn&#261;trz i d&#322;ugi czas pracy baterii.<\/p>\n<\/li>\n<li data-start=\"3789\" data-end=\"3886\">\n<p data-start=\"3791\" data-end=\"3886\"><strong data-start=\"3791\" data-end=\"3820\">Sektor publiczny i przedsi&#281;biorstwa u&#380;yteczno&#347;ci publicznej<\/strong> &ndash; trwa&#322;e przechwytywanie danych na potrzeby dokumentacji inspekcji i napraw.<\/p>\n<\/li>\n<\/ul><h2 data-start=\"3888\" data-end=\"3912\">Por&oacute;wnania produkt&oacute;w<\/h2><p data-start=\"3913\" data-end=\"4094\"><strong data-start=\"3917\" data-end=\"3931\">Zebra TC70<\/strong> zapewnia u&#380;yteczno&#347;&#263; zbli&#380;on&#261; do smartfon&oacute;w w po&#322;&#261;czeniu z wytrzyma&#322;o&#347;ci&#261; rugged do zastosowa&#324; profesjonalnych. W przypadku organizacji por&oacute;wnuj&#261;cych alternatywy w <strong data-start=\"4065\" data-end=\"4081\">Micro<\/strong> Nordic warto rozwa&#380;y&#263;:<\/p><ul data-start=\"4095\" data-end=\"4482\">\n<li data-start=\"4095\" data-end=\"4220\">\n<p data-start=\"4097\" data-end=\"4220\"><a href=\"https:\/\/micronordic.com\/product\/zebra-tc75x-mobile-handheld-computer-refurbished\/\"><strong data-start=\"4097\" data-end=\"4147\">Zebra TC75x Handheld Mobile Computer <\/strong><\/a> &ndash; Bardziej zaawansowana wersja z &#322;&#261;czno&#347;ci&#261; 4G LTE i zwi&#281;kszonym zasi&#281;giem.<\/p>\n<\/li>\n<li data-start=\"4221\" data-end=\"4348\">\n<p data-start=\"4223\" data-end=\"4348\"><a href=\"https:\/\/micronordic.com\/product\/zebra-tc77-mobile-handheld-computer-refurbished\/\"><strong data-start=\"4223\" data-end=\"4268\">Zebra TC77 Handheld Mobile Computer <\/strong><\/a> &ndash; Nast&#281;pca nowej generacji z ulepszonym przetwarzaniem i mo&#380;liwo&#347;ciami 5G.<\/p>\n<\/li>\n<li data-start=\"4349\" data-end=\"4482\">\n<p data-start=\"4351\" data-end=\"4482\"><a href=\"https:\/\/micronordic.com\/product\/zebra-tc56-mobile-handheld-computer-refurbished\/\"><strong data-start=\"4351\" data-end=\"4400\">Zebra TC56 Handheld Mobile Computer <\/strong><\/a> &ndash; L&#380;ejszy model Semi-Rugged oferuj&#261;cy wi&#281;ksz&#261; mobilno&#347;&#263; i wydajno&#347;&#263; Wi-Fi.<\/p>\n<\/li>\n<\/ul>\n","protected":false},"excerpt":{"rendered":"<p>WYBIERZ WARIANT PONI\u017bEJ! Zadzwo\u0144 do nas, je\u015bli potrzebujesz pomocy w znalezieniu odpowiedniego wariantu produktu.<\/p>\n<h3>Specyfikacje:<\/h3>\n<ul>\n<li><strong>Wy\u015bwietlacz:<\/strong> 4,7\u2033 pojemno\u015bciowy ekran dotykowy HD (1280\u00d7720), Corning\u00ae Gorilla\u00ae Glass 2<\/li>\n<li><strong>Procesor:<\/strong> Dwurdzeniowy 1,7 GHz OMAP 4<\/li>\n<li><strong>Grafika:<\/strong> Zintegrowany silnik graficzny<\/li>\n<li><strong>Pami\u0119\u0107:<\/strong> 1 GB RAM \/ 8 GB Flash<\/li>\n<li><strong>Pami\u0119\u0107:<\/strong> gniazdo microSD (do 32 GB)<\/li>\n<li><strong>\u0141\u0105czno\u015b\u0107:<\/strong> Wi-Fi 802.11 a\/b\/g\/n, Bluetooth\u00ae 4.0, NFC (opcjonalnie)<\/li>\n<li><strong>Certyfikaty rugged:<\/strong> IP67, odporno\u015b\u0107 na upadek z wysoko\u015bci 2,4 m (8 st\u00f3p)<\/li>\n<li><strong>Bezpiecze\u0144stwo:<\/strong> Narz\u0119dzia do zarz\u0105dzania Android\u2122 klasy korporacyjnej<\/li>\n<li><strong>Bateria:<\/strong> wymienna bateria litowo-jonowa 4620 mAh<\/li>\n<li><strong>Wymiary i waga:<\/strong> 161 \u00d7 84 \u00d7 28 mm, ok. 376 g z bateri\u0105<\/li>\n<li><strong>Gwarancja:<\/strong> 12 miesi\u0119cy EX-DEMO \/ 2 lata NEW-IN-BOX<\/li>\n<\/ul>\n<p><strong>Wybierz odpowiedni model poni\u017cej przed dodaniem go do koszyka<\/strong><\/p>\n","protected":false},"author":16,"featured_media":100350,"template":"","meta":{"_acf_changed":false,"inline_featured_image":false},"product-condition":[5279],"product_brand":[9016],"product_cat":[5195,5200,5198],"product_tag":[3553,3483,3539,3511,3525,3497],"class_list":{"0":"post-46152","1":"product","2":"type-product","3":"status-publish","4":"has-post-thumbnail","6":"product-condition-ex-demo","7":"product_brand-zebra","8":"product_cat-zebra","9":"product_cat-all-barcode-scanners","10":"product_cat-refurbished-rugged-hardware","11":"product_tag-tc700h-gc11es-ia-pl","12":"product_tag-tc700h-gc11es-in-pl","13":"product_tag-tc700h-gc11es-na-pl","14":"product_tag-tc700h-kc11es-ia-pl","15":"product_tag-tc700h-kc11es-in-pl","16":"product_tag-tc700h-kc11es-na-pl","17":"pa_model-part-number-tc700j-0wc22b0-a3","18":"pa_model-part-number-tc700k-02b22b0-a6","19":"pa_model-part-number-tc700k-02b24b0-a6","20":"pa_model-part-number-tc700k-0mb22b0-a6","21":"pa_model-part-number-tc700k-0mb24b0-a6","23":"first","24":"instock","25":"taxable","26":"shipping-taxable","27":"purchasable","28":"product-type-variable"},"acf":[],"_links":{"self":[{"href":"https:\/\/micronordic.com\/pl\/wp-json\/wp\/v2\/product\/46152","targetHints":{"allow":["GET"]}}],"collection":[{"href":"https:\/\/micronordic.com\/pl\/wp-json\/wp\/v2\/product"}],"about":[{"href":"https:\/\/micronordic.com\/pl\/wp-json\/wp\/v2\/types\/product"}],"author":[{"embeddable":true,"href":"https:\/\/micronordic.com\/pl\/wp-json\/wp\/v2\/users\/16"}],"version-history":[{"count":4,"href":"https:\/\/micronordic.com\/pl\/wp-json\/wp\/v2\/product\/46152\/revisions"}],"predecessor-version":[{"id":98771,"href":"https:\/\/micronordic.com\/pl\/wp-json\/wp\/v2\/product\/46152\/revisions\/98771"}],"wp:featuredmedia":[{"embeddable":true,"href":"https:\/\/micronordic.com\/pl\/wp-json\/wp\/v2\/media\/100350"}],"wp:attachment":[{"href":"https:\/\/micronordic.com\/pl\/wp-json\/wp\/v2\/media?parent=46152"}],"wp:term":[{"taxonomy":"product-condition","embeddable":true,"href":"https:\/\/micronordic.com\/pl\/wp-json\/wp\/v2\/product-condition?post=46152"},{"taxonomy":"product_brand","embeddable":true,"href":"https:\/\/micronordic.com\/pl\/wp-json\/wp\/v2\/product_brand?post=46152"},{"taxonomy":"product_cat","embeddable":true,"href":"https:\/\/micronordic.com\/pl\/wp-json\/wp\/v2\/product_cat?post=46152"},{"taxonomy":"product_tag","embeddable":true,"href":"https:\/\/micronordic.com\/pl\/wp-json\/wp\/v2\/product_tag?post=46152"}],"curies":[{"name":"wp","href":"https:\/\/api.w.org\/{rel}","templated":true}]}}