{"id":46148,"date":"2018-04-26T13:46:56","date_gmt":"2018-04-26T11:46:56","guid":{"rendered":"https:\/\/micronordic.com\/product\/mobilny-komputer-reczny-zebra-mc9200-odnowiony\/"},"modified":"2025-11-20T12:58:59","modified_gmt":"2025-11-20T11:58:59","slug":"zebra-mc9200-mobile-handheld-computer-refurbished","status":"publish","type":"product","link":"https:\/\/micronordic.com\/pl\/product\/zebra-mc9200-mobile-handheld-computer-refurbished\/","title":{"rendered":"Zebra MC9200 Handheld Mobile Computer (EX-DEMO)"},"content":{"rendered":"<?xml encoding=\"utf-8\" ?><h2 data-start=\"293\" data-end=\"355\">Zebra MC9200 Handheld Mobile Computer (EX-DEMO)<\/h2><p data-start=\"357\" data-end=\"917\"><strong data-start=\"361\" data-end=\"402\">Handheld Mobile Computer Zebra MC9200<\/strong> to sprawdzony standard bran&#380;owy w zakresie rejestracji danych w trudnych warunkach, oferuj&#261;cy idealn&#261; r&oacute;wnowag&#281; mi&#281;dzy wydajno&#347;ci&#261;, trwa&#322;o&#347;ci&#261; i elastyczno&#347;ci&#261;. Zbudowany w oparciu o renomowan&#261; seri&#281; MC9000 firmy Zebra, MC9200 zapewnia szybk&#261; moc obliczeniow&#261;, rozbudowane opcje &#322;&#261;czno&#347;ci i wiele konfiguracji mechanizm&oacute;w skanowania &ndash; gwarantuj&#261;c wyj&#261;tkow&#261; wydajno&#347;&#263; w najbardziej wymagaj&#261;cych &#347;rodowiskach. <\/p><p data-start=\"357\" data-end=\"917\">Dost&#281;pne w <strong data-start=\"779\" data-end=\"795\">Micro Nordic<\/strong> jako  <strong data-start=\"804\" data-end=\"815\">EX-DEMO. Urz&#261;dzenia EX-DEMO s&#261; obj&#281;te 12-miesi&#281;czn&#261; gwarancj&#261;. <\/strong><\/p><h2 data-start=\"919\" data-end=\"981\">Najwa&#380;niejsze cechy komputera mobilnego Zebra MC9200 Handheld Mobile Computer<\/h2><ul data-start=\"982\" data-end=\"1867\">\n<li data-start=\"982\" data-end=\"1114\">\n<p data-start=\"984\" data-end=\"1114\"><strong data-start=\"984\" data-end=\"1014\">Ergonomiczna konstrukcja w stylu pistoletu<\/strong> &ndash; zintegrowany uchwyt pistoletowy i spust zapewniaj&#261; wygodne, szybkie skanowanie w &#347;rodowiskach o du&#380;ym nat&#281;&#380;eniu ruchu.<\/p>\n<\/li>\n<li data-start=\"1115\" data-end=\"1232\">\n<p data-start=\"1117\" data-end=\"1232\"><strong data-start=\"1117\" data-end=\"1149\">Wydajno&#347;&#263; klasy korporacyjnej<\/strong> &ndash; Zaprojektowany do ci&#261;g&#322;ej pracy w magazynach, produkcji i logistyce.<\/p>\n<\/li>\n<li data-start=\"1233\" data-end=\"1335\">\n<p data-start=\"1235\" data-end=\"1335\"><strong data-start=\"1235\" data-end=\"1272\">Wiele opcji systemu operacyjnego<\/strong> &ndash; dost&#281;pne wersje Android&trade; i Windows Embedded Handheld.<\/p>\n<\/li>\n<li data-start=\"1336\" data-end=\"1457\">\n<p data-start=\"1338\" data-end=\"1457\"><strong data-start=\"1338\" data-end=\"1367\">Zaawansowane skanowanie kod&oacute;w kreskowych<\/strong> &ndash; do wyboru silniki skanuj&#261;ce dalekiego zasi&#281;gu, standardowego zasi&#281;gu lub DPM zapewniaj&#261;ce najwy&#380;sz&#261; elastyczno&#347;&#263;.<\/p>\n<\/li>\n<li data-start=\"1458\" data-end=\"1564\">\n<p data-start=\"1460\" data-end=\"1564\">Rugged <strong data-start=\"1460\" data-end=\"1477\">design<\/strong> &ndash; wytrzymuje upadki z wysoko&#347;ci 2,4 m (8 st&oacute;p) i posiada stopie&#324; ochrony IP64 dla ochrony przed kurzem i wilgoci&#261;.<\/p>\n<\/li>\n<li data-start=\"1565\" data-end=\"1647\">\n<p data-start=\"1567\" data-end=\"1647\"><strong data-start=\"1567\" data-end=\"1591\">Ca&#322;odzienna &#380;ywotno&#347;&#263; baterii<\/strong> &ndash; System zasilania z mo&#380;liwo&#347;ci&#261; wymiany podczas pracy utrzymuje wysok&#261; wydajno&#347;&#263;.<\/p>\n<\/li>\n<li data-start=\"1778\" data-end=\"1867\">\n<p data-start=\"1780\" data-end=\"1867\"><strong data-start=\"1780\" data-end=\"1806\">Kompatybilno&#347;&#263; wsteczna<\/strong> &ndash; obs&#322;uguje istniej&#261;ce akcesoria i stacje dokuj&#261;ce z serii MC9000.<\/p>\n<\/li>\n<\/ul><h2 data-start=\"1869\" data-end=\"1886\">Kluczowe korzy&#347;ci<\/h2><h3 data-start=\"1888\" data-end=\"1936\">Sprawdzona niezawodno&#347;&#263; dla wymagaj&#261;cych przep&#322;yw&oacute;w pracy<\/h3><p data-start=\"1937\" data-end=\"2181\">Skaner MC9200 bazuje na dziedzictwie modelu MC9000 firmy Zebra, oferuj&#261;c wi&#281;ksz&#261; szybko&#347;&#263;, wytrzyma&#322;o&#347;&#263; i ergonomiczn&#261; konstrukcj&#281;. Jego <strong data-start=\"2041\" data-end=\"2066\">kszta&#322;t przypominaj&#261;cy pist<\/strong> olet z dedykowanym spustem umo&#380;liwia szybkie i &#322;atwe skanowanie &ndash; idealne rozwi&#261;zanie dla pracownik&oacute;w obs&#322;uguj&#261;cych tysi&#261;ce produkt&oacute;w dziennie. <\/p><h3 data-start=\"2183\" data-end=\"2228\">Elastyczne konfiguracje systemu operacyjnego i skanowania<\/h3><p data-start=\"2229\" data-end=\"2482\">Dost&#281;pny z systemem Android&trade; lub Windows Embedded Handheld, MC9200 dostosowuje si&#281; zar&oacute;wno do starszych, jak i nowoczesnych system&oacute;w korporacyjnych. Wymienne silniki skanuj&#261;ce obs&#322;uguj&#261; odczyt dalekiego zasi&#281;gu i DPM, umo&#380;liwiaj&#261;c u&#380;ytkownikom rejestrowanie praktycznie ka&#380;dego typu kodu kreskowego z bliska lub z daleka. <\/p><h3 data-start=\"2484\" data-end=\"2547\">Wyd&#322;u&#380;ona &#380;ywotno&#347;&#263; produktu dzi&#281;ki EX-DEMO:<\/h3><p data-start=\"2548\" data-end=\"2609\">W <strong data-start=\"2551\" data-end=\"2567\">Micro Nordic<\/strong>, MC9200 mo&#380;na naby&#263; jako:<\/p><ul data-start=\"2610\" data-end=\"2869\">\n<li data-start=\"2610\" data-end=\"2756\">\n<p data-start=\"2612\" data-end=\"2756\"><strong data-start=\"2612\" data-end=\"2623\">EX-DEMO<\/strong> &ndash; W pe&#322;ni odnowione, przetestowane i wyczyszczone przez technik&oacute;w. Wymienione obudowy i ekrany zapewniaj&#261; doskona&#322;y stan przy ni&#380;szych kosztach. <\/p>\n<\/li>\n<\/ul><h3 data-start=\"2871\" data-end=\"2905\">Stworzony do pracy w trudnych warunkach<\/h3><p data-start=\"2906\" data-end=\"3085\">Dzi&#281;ki szczelno&#347;ci IP64 i sprawdzonej odporno&#347;ci na upadki z wysoko&#347;ci 8 st&oacute;p, MC9200 dzia&#322;a niezawodnie w ch&#322;odniach, zapylonych magazynach i &#347;rodowiskach logistycznych na zewn&#261;trz, gdzie trwa&#322;o&#347;&#263; ma kluczowe znaczenie.<\/p><h3 data-start=\"3087\" data-end=\"3129\">Zoptymalizowany pod k&#261;tem integracji w przedsi&#281;biorstwie<\/h3><p data-start=\"3130\" data-end=\"3285\">Narz&#281;dzia Mobility DNA firmy Zebra upraszczaj&#261; konfiguracj&#281;, wdra&#380;anie i zarz&#261;dzanie bezpiecze&#324;stwem, zapewniaj&#261;c p&#322;ynn&#261; integracj&#281; z systemami ERP, WMS i kontroli zapas&oacute;w.<\/p><h2 data-start=\"3287\" data-end=\"3307\">Idealne przypadki u&#380;ycia<\/h2><ul data-start=\"3308\" data-end=\"3810\">\n<li data-start=\"3308\" data-end=\"3416\">\n<p data-start=\"3310\" data-end=\"3416\"><strong data-start=\"3310\" data-end=\"3340\">Magazynowanie i dystrybucja<\/strong> &ndash; szybkie skanowanie i niezawodno&#347;&#263; rugged do &#347;ledzenia palet i pojemnik&oacute;w.<\/p>\n<\/li>\n<li data-start=\"3417\" data-end=\"3517\">\n<p data-start=\"3419\" data-end=\"3517\"><strong data-start=\"3419\" data-end=\"3436\">Produkcja<\/strong> &ndash; idealne rozwi&#261;zanie dla linii monta&#380;owych i zapewnienia jako&#347;ci w &#347;rodowiskach przemys&#322;owych.<\/p>\n<\/li>\n<li data-start=\"3518\" data-end=\"3624\">\n<p data-start=\"3520\" data-end=\"3624\"><strong data-start=\"3520\" data-end=\"3550\">Handel detaliczny i kontrola zapas&oacute;w<\/strong> &ndash; Usprawniona kontrola zapas&oacute;w i zarz&#261;dzanie zam&oacute;wieniami w du&#380;ych sklepach detalicznych.<\/p>\n<\/li>\n<li data-start=\"3625\" data-end=\"3716\">\n<p data-start=\"3627\" data-end=\"3716\"><strong data-start=\"3627\" data-end=\"3646\">Logistyka w terenie<\/strong> &ndash; niezawodna &#322;&#261;czno&#347;&#263; i wydajno&#347;&#263; dla mobilnego gromadzenia danych.<\/p>\n<\/li>\n<li data-start=\"3717\" data-end=\"3810\">\n<p data-start=\"3719\" data-end=\"3810\"><strong data-start=\"3719\" data-end=\"3743\">Rz&#261;d i obrona<\/strong> &ndash; sprawdzona wytrzyma&#322;o&#347;&#263; i bezpiecze&#324;stwo dla operacji o znaczeniu krytycznym.<\/p>\n<\/li>\n<\/ul><h2 data-start=\"3812\" data-end=\"3836\">Por&oacute;wnania produkt&oacute;w<\/h2><p data-start=\"3837\" data-end=\"3976\"><strong data-start=\"3841\" data-end=\"3857\">Zebra MC9200<\/strong> kontynuuje dziedzictwo firmy Zebra w zakresie doskona&#322;o&#347;ci urz&#261;dze&#324; przeno&#347;nych typu rugged. Inne odpowiednie modele dost&#281;pne w <strong data-start=\"3949\" data-end=\"3965\">Micro<\/strong> Nordic obejmuj&#261;: <\/p><ul data-start=\"3977\" data-end=\"4375\">\n<li data-start=\"3977\" data-end=\"4122\">\n<p data-start=\"3979\" data-end=\"4122\"><a href=\"https:\/\/micronordic.com\/product\/zebra-mc9300-mobile-handheld-computer-refurbished\/\"><strong data-start=\"3979\" data-end=\"4020\">Zebra MC9300 Handheld Mobile Computer<\/strong> <\/a>&ndash; Nast&#281;pca nowej generacji z ulepszonym systemem Android&trade; i wi&#281;ksz&#261; wydajno&#347;ci&#261; baterii.<\/p>\n<\/li>\n<li data-start=\"4123\" data-end=\"4252\">\n<p data-start=\"4125\" data-end=\"4252\"><a href=\"https:\/\/micronordic.com\/product\/zebra-mc3300-mobile-handheld-computer-refurbished\/\"><strong data-start=\"4125\" data-end=\"4176\">Zebra MC3300 Handheld Mobile Computer <\/strong><\/a> &ndash; L&#380;ejszy model &#347;redniej klasy, idealny do pracy w magazynach i sklepach detalicznych.<\/p>\n<\/li>\n<li data-start=\"4253\" data-end=\"4375\">\n<p data-start=\"4255\" data-end=\"4375\"><a href=\"https:\/\/micronordic.com\/product\/zebra-tc75-mobile-handheld-computer-refurbished\/\"><strong data-start=\"4255\" data-end=\"4294\">Zebra TC75 Handheld Mobile Computer<\/strong> <\/a>&ndash; Alternatywa z obs&#322;ug&#261; sieci 4G dla mobilnych zespo&#322;&oacute;w logistycznych i terenowych.<\/p>\n<\/li>\n<\/ul>\n","protected":false},"excerpt":{"rendered":"<p>WYBIERZ WARIANT PONI\u017bEJ! Zadzwo\u0144 do nas, je\u015bli potrzebujesz pomocy w znalezieniu odpowiedniego wariantu produktu. <\/p>\n<h3>Specyfikacje:<\/h3>\n<ul>\n<li><strong>Wy\u015bwietlacz:<\/strong> 10,1-calowy ekran dotykowy FHD (1920\u00d71200) czytelny w \u015bwietle s\u0142onecznym z opcjonaln\u0105 obs\u0142ug\u0105 r\u0119kawic i pi\u00f3ra<\/li>\n<li><strong>Procesor:<\/strong> Opcje Intel\u00ae Core\u2122 i5\/i7 dla wydajnej pracy wielozadaniowej<\/li>\n<li><strong>Grafika:<\/strong> Zintegrowany uk\u0142ad graficzny Intel\u00ae UHD<\/li>\n<li><strong>Pami\u0119\u0107:<\/strong> 8 GB &#8211; 32 GB DDR4 RAM, z mo\u017cliwo\u015bci\u0105 rozbudowy<\/li>\n<li><strong>Pami\u0119\u0107 masowa:<\/strong> 256 GB &#8211; 2 TB NVMe SSD, z mo\u017cliwo\u015bci\u0105 rozszerzenia przez dodatkow\u0105 wn\u0119k\u0119<\/li>\n<li><strong>\u0141\u0105czno\u015b\u0107:<\/strong> Wi-Fi 6, Bluetooth\u00ae 5.2, opcjonalnie 4G LTE i GPS<\/li>\n<li><strong>Certyfikaty rugged:<\/strong> MIL-STD-810H, IP65, odporno\u015b\u0107 na upadek z wysoko\u015bci 1,8 m<\/li>\n<li><strong>Zabezpieczenia:<\/strong> TPM 2.0, czytnik linii papilarnych, rozpoznawanie twarzy Windows Hello<\/li>\n<li><strong>Bateria:<\/strong> Podw\u00f3jne akumulatory litowo-jonowe z mo\u017cliwo\u015bci\u0105 wymiany podczas pracy na pe\u0142nych obrotach<\/li>\n<li><strong>Wymiary i waga:<\/strong> 280 \u00d7 188 \u00d7 23 mm, ok. 1,2 kg z bateri\u0105 <\/li>\n<li><strong>Gwarancja:<\/strong> 12-miesi\u0119czna gwarancja od Micro Nordic<\/li>\n<\/ul>\n<p><strong>Wybierz odpowiedni model poni\u017cej przed dodaniem go do koszyka<\/strong><\/p>\n","protected":false},"author":16,"featured_media":100478,"template":"","meta":{"_acf_changed":false,"inline_featured_image":false},"product-condition":[5279],"product_brand":[9016],"product_cat":[5195,5200,5198],"product_tag":[],"class_list":{"0":"post-46148","1":"product","2":"type-product","3":"status-publish","4":"has-post-thumbnail","6":"product-condition-ex-demo","7":"product_brand-zebra","8":"product_cat-zebra","9":"product_cat-all-barcode-scanners","10":"product_cat-refurbished-rugged-hardware","11":"pa_model-part-number-mc92n0-ga0sxfya5wr","12":"pa_model-part-number-mc92n0-gj0sxera5wr","13":"pa_model-part-number-mc92n0-gj0syeqa6wr","14":"pa_model-part-number-mc92n0-gl0syeya6wr","15":"pa_model-part-number-mc92n0-gp0sxera5wr","16":"pa_model-part-number-mc92n0-gp0sxeya5wr","17":"pa_model-part-number-mc92n0-gp0sxfya5wr","18":"pa_model-part-number-mc92n0-gp0syeqa6wr","19":"pa_model-part-number-mc92n0-gp0syeya6wr","20":"pa_model-part-number-mc92n0-gp0syfya6wr","21":"pa_model-part-number-mc92n0-gp0syjya6wr","23":"first","24":"instock","25":"taxable","26":"shipping-taxable","27":"purchasable","28":"product-type-variable"},"acf":[],"_links":{"self":[{"href":"https:\/\/micronordic.com\/pl\/wp-json\/wp\/v2\/product\/46148","targetHints":{"allow":["GET"]}}],"collection":[{"href":"https:\/\/micronordic.com\/pl\/wp-json\/wp\/v2\/product"}],"about":[{"href":"https:\/\/micronordic.com\/pl\/wp-json\/wp\/v2\/types\/product"}],"author":[{"embeddable":true,"href":"https:\/\/micronordic.com\/pl\/wp-json\/wp\/v2\/users\/16"}],"version-history":[{"count":3,"href":"https:\/\/micronordic.com\/pl\/wp-json\/wp\/v2\/product\/46148\/revisions"}],"predecessor-version":[{"id":98570,"href":"https:\/\/micronordic.com\/pl\/wp-json\/wp\/v2\/product\/46148\/revisions\/98570"}],"wp:featuredmedia":[{"embeddable":true,"href":"https:\/\/micronordic.com\/pl\/wp-json\/wp\/v2\/media\/100478"}],"wp:attachment":[{"href":"https:\/\/micronordic.com\/pl\/wp-json\/wp\/v2\/media?parent=46148"}],"wp:term":[{"taxonomy":"product-condition","embeddable":true,"href":"https:\/\/micronordic.com\/pl\/wp-json\/wp\/v2\/product-condition?post=46148"},{"taxonomy":"product_brand","embeddable":true,"href":"https:\/\/micronordic.com\/pl\/wp-json\/wp\/v2\/product_brand?post=46148"},{"taxonomy":"product_cat","embeddable":true,"href":"https:\/\/micronordic.com\/pl\/wp-json\/wp\/v2\/product_cat?post=46148"},{"taxonomy":"product_tag","embeddable":true,"href":"https:\/\/micronordic.com\/pl\/wp-json\/wp\/v2\/product_tag?post=46148"}],"curies":[{"name":"wp","href":"https:\/\/api.w.org\/{rel}","templated":true}]}}