{"id":46146,"date":"2018-04-26T13:46:55","date_gmt":"2018-04-26T11:46:55","guid":{"rendered":"https:\/\/micronordic.com\/product\/mobilny-komputer-reczny-zebra-mc3200-odnowiony\/"},"modified":"2025-11-20T18:15:17","modified_gmt":"2025-11-20T17:15:17","slug":"zebra-mc3200-mobile-handheld-computer-refurbished","status":"publish","type":"product","link":"https:\/\/micronordic.com\/pl\/product\/zebra-mc3200-mobile-handheld-computer-refurbished\/","title":{"rendered":"Zebra MC3200 Handheld Mobile Computer (EX-DEMO)"},"content":{"rendered":"<?xml encoding=\"utf-8\" ?><h2 data-start=\"461\" data-end=\"510\">R&#281;czny komputer mobilny Zebra MC3200 Handheld Mobile Computer (EX-DEMO)<\/h2><p data-start=\"512\" data-end=\"975\"><strong data-start=\"516\" data-end=\"557\">Handheld Mobile Computer Zebra MC3200<\/strong> to wytrzyma&#322;e i wszechstronne urz&#261;dzenie klasy &#347;redniej stworzone z my&#347;l&#261; o profesjonalnym skanowaniu i rejestracji danych. Zaprojektowany z my&#347;l&#261; o zwi&#281;kszeniu wydajno&#347;ci w &#347;rodowiskach magazynowych, detalicznych i logistycznych, &#322;&#261;czy niezawodn&#261; wydajno&#347;&#263; z ergonomicznym komfortem. Model ten, dost&#281;pny w ofercie <strong data-start=\"812\" data-end=\"828\">Micro Nordic<\/strong> jako urz&#261;dzenie <strong data-start=\"835\" data-end=\"846\">EX-DEMO<\/strong>, zosta&#322; w pe&#322;ni przetestowany, odnowiony i zweryfikowany pod k&#261;tem niezawodnego dzia&#322;ania w bardzo konkurencyjnej cenie.<\/p><p data-start=\"512\" data-end=\"975\"><strong>Jednostki Ex-Demo s&#261; obj&#281;te 12-miesi&#281;czn&#261; gwarancj&#261; Micro Nordic.<\/strong><\/p><h2 data-start=\"977\" data-end=\"1039\">Najwa&#380;niejsze cechy komputera mobilnego Zebra MC3200 Handheld Mobile Computer<\/h2><ul data-start=\"1040\" data-end=\"1889\">\n<li data-start=\"1040\" data-end=\"1184\">\n<p data-start=\"1042\" data-end=\"1184\"><strong data-start=\"1042\" data-end=\"1077\">Konstrukcja pistoletowa lub ceglana<\/strong> &ndash; do wyboru tradycyjny uchwyt pistoletowy do szybkiego skanowania lub model z prostym korpusem do u&#380;ytku r&#281;cznego.<\/p>\n<\/li>\n<li data-start=\"1185\" data-end=\"1265\">\n<p data-start=\"1187\" data-end=\"1265\"><strong data-start=\"1187\" data-end=\"1216\">Lekka i ergonomiczna<\/strong> &ndash; zmniejsza zm&#281;czenie operatora podczas d&#322;ugich zmian.<\/p>\n<\/li>\n<li data-start=\"1266\" data-end=\"1362\">\n<p data-start=\"1268\" data-end=\"1362\"><strong data-start=\"1268\" data-end=\"1300\">Wydajno&#347;&#263; na poziomie korporacyjnym<\/strong> &ndash; dwurdzeniowe przetwarzanie zapewnia p&#322;ynn&#261; obs&#322;ug&#281; aplikacji.<\/p>\n<\/li>\n<li data-start=\"1363\" data-end=\"1469\">\n<p data-start=\"1365\" data-end=\"1469\"><strong data-start=\"1365\" data-end=\"1394\">Zaawansowane skanowanie kod&oacute;w kreskowych<\/strong> &ndash; szybko odczytuje kody kreskowe 1D i 2D, nawet je&#347;li s&#261; uszkodzone lub &#378;le wydrukowane.<\/p>\n<\/li>\n<li data-start=\"1470\" data-end=\"1582\">\n<p data-start=\"1472\" data-end=\"1582\"><strong data-start=\"1472\" data-end=\"1499\">R&oacute;&#380;ne konfiguracje<\/strong> &ndash; obs&#322;uga system&oacute;w Android&trade; i Windows CE 7.0 dla elastycznej integracji w przedsi&#281;biorstwie.<\/p>\n<\/li>\n<li data-start=\"1583\" data-end=\"1695\">\n<p data-start=\"1585\" data-end=\"1695\"><strong data-start=\"1585\" data-end=\"1609\">Wytrzyma&#322;a konstrukcja<\/strong> &ndash; odporno&#347;&#263; na upadki z wysoko&#347;ci do 1,8 m i szczelno&#347;&#263; zgodna z norm&#261; IP54 zapewnia odporno&#347;&#263; na kurz i zachlapania.<\/p>\n<\/li>\n<li data-start=\"1696\" data-end=\"1774\">\n<p data-start=\"1698\" data-end=\"1774\"><strong data-start=\"1698\" data-end=\"1723\">Bateria wymieniana podczas pracy<\/strong> &ndash; umo&#380;liwia ci&#261;g&#322;&#261; prac&#281; bez przestoj&oacute;w.<\/p>\n<\/li>\n<li data-start=\"1775\" data-end=\"1889\">\n<p data-start=\"1777\" data-end=\"1889\"><strong data-start=\"1777\" data-end=\"1802\">Certyfikat EX-DEMO<\/strong> &ndash; w pe&#322;ni odnowiony i zweryfikowany, zapewniaj&#261;cy d&#322;ugotrwa&#322;&#261; wydajno&#347;&#263; przy ni&#380;szych kosztach.<\/p>\n<\/li>\n<\/ul><h2 data-start=\"1891\" data-end=\"1908\">Kluczowe korzy&#347;ci<\/h2><h3 data-start=\"1910\" data-end=\"1950\">Ekonomiczna mobilno&#347;&#263; w przedsi&#281;biorstwie<\/h3><p data-start=\"1951\" data-end=\"2227\"><strong data-start=\"1955\" data-end=\"1971\">Zebra MC3200<\/strong> oferuje wydajno&#347;&#263; klasy korporacyjnej bez ceny nowego urz&#261;dzenia. Ka&#380;da jednostka EX-DEMO sprzedawana przez <strong data-start=\"2062\" data-end=\"2078\">Micro Nordic<\/strong> zosta&#322;a poddana kompleksowej kontroli, czyszczeniu i wymianie podzespo&#322;&oacute;w &ndash; zapewniaj&#261;c niezawodn&#261; jako&#347;&#263; za u&#322;amek ceny nowego sprz&#281;tu.<\/p><h3 data-start=\"2229\" data-end=\"2261\">Ergonomiczna konstrukcja w stylu pistoletu<\/h3><p data-start=\"2262\" data-end=\"2457\"><strong data-start=\"2275\" data-end=\"2303\">Pistoletowy uchwyt<\/strong> MC3200 pozwala u&#380;ytkownikom na skanowanie du&#380;ych ilo&#347;ci danych przy minimalnym obci&#261;&#380;eniu, co czyni go idealnym rozwi&#261;zaniem dla pracownik&oacute;w magazyn&oacute;w, logistyk&oacute;w i kontroler&oacute;w stan&oacute;w magazynowych w handlu detalicznym.<\/p><h3 data-start=\"2459\" data-end=\"2509\">P&#322;ynna integracja z systemami korporacyjnymi<\/h3><p data-start=\"2510\" data-end=\"2736\">Kompatybilny z platformami Android&trade; i Windows CE, MC3200 obs&#322;uguje popularne aplikacje do zarz&#261;dzania magazynem i zapasami. Mo&#380;na go r&oacute;wnie&#380; zintegrowa&#263; z pakietem Mobility DNA firmy Zebra w celu &#322;atwej konfiguracji urz&#261;dzenia i zdalnego zarz&#261;dzania.<\/p><h3 data-start=\"2738\" data-end=\"2763\">Wytrzyma&#322;y i niezawodny<\/h3><p data-start=\"2764\" data-end=\"2966\">Zbudowany z my&#347;l&#261; o trwa&#322;o&#347;ci, MC3200 jest odporny na upadki, kurz i wahania temperatury. Niezale&#380;nie od tego, czy urz&#261;dzenie jest u&#380;ywane w zakurzonym magazynie, czy w ruchliwej hali sprzeda&#380;y detalicznej, zapewnia ono wydajn&#261; prac&#281;.<\/p><h3 data-start=\"2968\" data-end=\"3007\">W pe&#322;ni odnowiona jako&#347;&#263; EX-DEMO<\/h3><p data-start=\"3008\" data-end=\"3247\">Wszystkie urz&#261;dzenia <strong data-start=\"3012\" data-end=\"3023\">EX-DEMO<\/strong> s&#261; dok&#322;adnie testowane, z wymienionymi plastikami, digitalizatorami i bateriami w razie potrzeby. Urz&#261;dzenia s&#261; dostarczane w standardowych br&#261;zowych pude&#322;kach ze standardowymi akcesoriami &ndash; to m&#261;dry, zr&oacute;wnowa&#380;ony wyb&oacute;r dla firm dbaj&#261;cych o koszty.<\/p><h2 data-start=\"3249\" data-end=\"3269\">Idealne przypadki u&#380;ycia<\/h2><ul data-start=\"3270\" data-end=\"3720\">\n<li data-start=\"3270\" data-end=\"3361\">\n<p data-start=\"3272\" data-end=\"3361\"><strong data-start=\"3272\" data-end=\"3299\">Magazynowanie i logistyka<\/strong> &ndash; wydajne kompletowanie zam&oacute;wie&#324;, pakowanie i &#347;ledzenie towar&oacute;w.<\/p>\n<\/li>\n<li data-start=\"3362\" data-end=\"3446\">\n<p data-start=\"3364\" data-end=\"3446\"><strong data-start=\"3364\" data-end=\"3392\">Kontrola zapas&oacute;w detalicznych<\/strong> &ndash; usprawnia zarz&#261;dzanie zapasami i aktualizacj&#281; cen.<\/p>\n<\/li>\n<li data-start=\"3447\" data-end=\"3542\">\n<p data-start=\"3449\" data-end=\"3542\"><strong data-start=\"3449\" data-end=\"3477\">Operacje produkcyjne<\/strong> &ndash; niezawodne skanowanie i komunikacja na hali produkcyjnej.<\/p>\n<\/li>\n<li data-start=\"3543\" data-end=\"3626\">\n<p data-start=\"3545\" data-end=\"3626\"><strong data-start=\"3545\" data-end=\"3576\">Serwis i konserwacja w terenie<\/strong> &ndash; Trwa&#322;e rozwi&#261;zanie do &#347;ledzenia zasob&oacute;w na zewn&#261;trz lub w urz&#261;dzeniach mobilnych.<\/p>\n<\/li>\n<li data-start=\"3627\" data-end=\"3720\">\n<p data-start=\"3629\" data-end=\"3720\"><strong data-start=\"3629\" data-end=\"3660\">Dystrybucja i &#322;a&#324;cuch dostaw<\/strong> &ndash; skanowanie w czasie rzeczywistym zapewnia p&#322;ynny przep&#322;yw danych i wydajno&#347;&#263;.<\/p>\n<\/li>\n<\/ul><h2 data-start=\"3722\" data-end=\"3746\">Por&oacute;wnania produkt&oacute;w<\/h2><p data-start=\"3747\" data-end=\"3822\">Dla organizacji rozwa&#380;aj&#261;cych alternatywy, <strong data-start=\"3791\" data-end=\"3807\">Micro Nordic<\/strong> oferuje r&oacute;wnie&#380;:<\/p><ul data-start=\"3823\" data-end=\"4197\">\n<li data-start=\"3823\" data-end=\"3965\">\n<p data-start=\"3825\" data-end=\"3965\"><a href=\"https:\/\/micronordic.com\/product\/zebra-mc3300-mobile-handheld-computer-refurbished\/\"><strong data-start=\"3825\" data-end=\"3876\">Zebra MC3300 Handheld Mobile Computer<\/strong> <\/a>&ndash; Model nowej generacji z systemem Android&trade;, ulepszon&#261; ergonomi&#261; i szybszym przetwarzaniem.<\/p>\n<\/li>\n<li data-start=\"3966\" data-end=\"4080\">\n<p data-start=\"3968\" data-end=\"4080\"><a href=\"https:\/\/micronordic.com\/product\/zebra-mc9200-mobile-handheld-computer-refurbished\/\"><strong data-start=\"3968\" data-end=\"4009\">Zebra MC9200 Handheld Mobile Computer<\/strong> <\/a>&ndash; Wysokiej klasy skaner pistoletowy o doskona&#322;ym zasi&#281;gu i wytrzyma&#322;o&#347;ci.<\/p>\n<\/li>\n<li data-start=\"4081\" data-end=\"4197\">\n<p data-start=\"4083\" data-end=\"4197\"><strong data-start=\"4083\" data-end=\"4135\"><a href=\"https:\/\/micronordic.com\/product\/zebra-tc57ho-mobile-handheld-computer-refurbished\/\">Zebra TC75 Handheld Mobile Computer<\/a> <\/strong>&ndash; Wytrzyma&#322;e urz&#261;dzenie z ekranem dotykowym Android przeznaczone do pracy w terenie.<\/p>\n<\/li>\n<\/ul>\n","protected":false},"excerpt":{"rendered":"<p>WYBIERZ WARIANT PONI\u017bEJ! Zadzwo\u0144 do nas, je\u015bli potrzebujesz pomocy w znalezieniu odpowiedniego wariantu produktu.<\/p>\n<h3>Specyfikacje:<\/h3>\n<ul>\n<li><strong>Wy\u015bwietlacz:<\/strong> 3,2\u2033 kolorowy ekran dotykowy QVGA<\/li>\n<li><strong>Procesor:<\/strong> Dwurdzeniowy procesor OMAP 4 1 GHz<\/li>\n<li><strong>Grafika:<\/strong> Zintegrowany silnik graficzny<\/li>\n<li><strong>Pami\u0119\u0107:<\/strong> 512 MB \/ 1 GB RAM<\/li>\n<li><strong>Pami\u0119\u0107:<\/strong> 2 GB \/ 4 GB Flash, z mo\u017cliwo\u015bci\u0105 rozszerzenia za pomoc\u0105 karty microSD (do 32 GB)<\/li>\n<li><strong>\u0141\u0105czno\u015b\u0107:<\/strong> Wi-Fi 802.11 a\/b\/g\/n, Bluetooth\u00ae 2.1 + EDR<\/li>\n<li><strong>Certyfikaty rugged:<\/strong> IP54, odporno\u015b\u0107 na upadek z wysoko\u015bci 1,8 m (6 st\u00f3p)<\/li>\n<li><strong>Bezpiecze\u0144stwo:<\/strong> Bezpiecze\u0144stwo i szyfrowanie na poziomie systemu operacyjnego<\/li>\n<li><strong>Bateria:<\/strong> wymienna bateria litowo-jonowa 2740 mAh<\/li>\n<li><strong>Wymiary i waga:<\/strong> 193 \u00d7 70 \u00d7 35 mm, oko\u0142o 370 g z bateri\u0105<\/li>\n<li><strong>Gwarancja:<\/strong> 12-miesi\u0119czna gwarancja EX-DEMO od Micro Nordic<\/li>\n<\/ul>\n<p><strong>Wybierz odpowiedni model poni\u017cej przed dodaniem go do koszyka<\/strong><\/p>\n","protected":false},"author":16,"featured_media":100448,"template":"","meta":{"_acf_changed":false,"inline_featured_image":false},"product-condition":[5279],"product_brand":[9016],"product_cat":[5195,5200,5198],"product_tag":[],"class_list":{"0":"post-46146","1":"product","2":"type-product","3":"status-publish","4":"has-post-thumbnail","6":"product-condition-ex-demo","7":"product_brand-zebra","8":"product_cat-zebra","9":"product_cat-all-barcode-scanners","10":"product_cat-refurbished-rugged-hardware","11":"pa_model-part-number-mc32n0-gf4hcle0a","12":"pa_model-part-number-mc32n0-gi3hcheia","13":"pa_model-part-number-mc32n0-gl2hcle0a","14":"pa_model-part-number-mc32n0-gl4haheia","15":"pa_model-part-number-mc32n0-rl2sclk0a","16":"pa_model-part-number-mc32n0-rl3sclc0a","17":"pa_model-part-number-mc32n0-rl4saheia","18":"pa_model-part-number-mc32n0-si3hcle0a","19":"pa_model-part-number-mc32n0-si3scheia","20":"pa_model-part-number-mc32n0-si4scle0a","22":"first","23":"instock","24":"taxable","25":"shipping-taxable","26":"purchasable","27":"product-type-variable"},"acf":[],"_links":{"self":[{"href":"https:\/\/micronordic.com\/pl\/wp-json\/wp\/v2\/product\/46146","targetHints":{"allow":["GET"]}}],"collection":[{"href":"https:\/\/micronordic.com\/pl\/wp-json\/wp\/v2\/product"}],"about":[{"href":"https:\/\/micronordic.com\/pl\/wp-json\/wp\/v2\/types\/product"}],"author":[{"embeddable":true,"href":"https:\/\/micronordic.com\/pl\/wp-json\/wp\/v2\/users\/16"}],"version-history":[{"count":4,"href":"https:\/\/micronordic.com\/pl\/wp-json\/wp\/v2\/product\/46146\/revisions"}],"predecessor-version":[{"id":98777,"href":"https:\/\/micronordic.com\/pl\/wp-json\/wp\/v2\/product\/46146\/revisions\/98777"}],"wp:featuredmedia":[{"embeddable":true,"href":"https:\/\/micronordic.com\/pl\/wp-json\/wp\/v2\/media\/100448"}],"wp:attachment":[{"href":"https:\/\/micronordic.com\/pl\/wp-json\/wp\/v2\/media?parent=46146"}],"wp:term":[{"taxonomy":"product-condition","embeddable":true,"href":"https:\/\/micronordic.com\/pl\/wp-json\/wp\/v2\/product-condition?post=46146"},{"taxonomy":"product_brand","embeddable":true,"href":"https:\/\/micronordic.com\/pl\/wp-json\/wp\/v2\/product_brand?post=46146"},{"taxonomy":"product_cat","embeddable":true,"href":"https:\/\/micronordic.com\/pl\/wp-json\/wp\/v2\/product_cat?post=46146"},{"taxonomy":"product_tag","embeddable":true,"href":"https:\/\/micronordic.com\/pl\/wp-json\/wp\/v2\/product_tag?post=46146"}],"curies":[{"name":"wp","href":"https:\/\/api.w.org\/{rel}","templated":true}]}}