{"id":46142,"date":"2018-04-26T13:46:54","date_gmt":"2018-04-26T11:46:54","guid":{"rendered":"https:\/\/micronordic.com\/product\/mobilny-komputer-reczny-honeywell-intermec-ck3r-odnowiony\/"},"modified":"2025-11-20T13:27:35","modified_gmt":"2025-11-20T12:27:35","slug":"honeywell-intermec-ck3r-mobile-handheld-computer-refurbished","status":"publish","type":"product","link":"https:\/\/micronordic.com\/pl\/product\/honeywell-intermec-ck3r-mobile-handheld-computer-refurbished\/","title":{"rendered":"Honeywell Intermec CK3R Handheld Mobile Computer (EX-DEMO)"},"content":{"rendered":"<?xml encoding=\"utf-8\" ?><h2 data-start=\"0\" data-end=\"70\">Honeywell Intermec CK3R &ndash; Wytrzyma&#322;y Handheld Mobile Computer (EX-DEMO)<\/h2><p data-start=\"72\" data-end=\"505\"><strong data-start=\"76\" data-end=\"103\">Honeywell Intermec CK3R<\/strong> to lekki, r&#281;czny czytnik kod&oacute;w kreskowych z klawiatur&#261;, stworzony z my&#347;l&#261; o niezawodnym przechwytywaniu kod&oacute;w kreskowych i klasycznych przep&#322;ywach pracy Telnet\/WMS w magazynach, centrach dystrybucji, zapleczach sklep&oacute;w detalicznych i lekkiej produkcji. Dzi&#281;ki zr&oacute;wnowa&#380;onej obudowie, 3,5-calowemu transflektywnemu wy&#347;wietlaczowi dotykowemu i szybkiemu imagerowi 2D o standardowym zasi&#281;gu, codzienne zadania s&#261; szybkie i przewidywalne, przy jednoczesnym zmniejszeniu zm&#281;czenia operatora w por&oacute;wnaniu z ci&#281;&#380;szymi urz&#261;dzeniami. <\/p><p data-start=\"507\" data-end=\"1019\">Ten produkt jest dostarczany wy&#322;&#261;cznie w <strong data-start=\"532\" data-end=\"543\">wersji EX-DEMO<\/strong>. Urz&#261;dzenia EX-DEMO by&#322;y kr&oacute;tko u&#380;ywane do cel&oacute;w demonstracyjnych; wi&#281;kszo&#347;&#263; z nich jest dostarczana w czystych pude&#322;kach (niekt&oacute;re w oryginalnych opakowaniach) i zazwyczaj zawiera standardowe akcesoria i kable. Przednie\/tylne plastiki i digitizery s&#261; od&#347;wie&#380;one nowymi cz&#281;&#347;ciami.  <\/p><p data-start=\"507\" data-end=\"1019\"><strong>Urz&#261;dzenia EX-DEMO s&#261; obj&#281;te domy&#347;ln&#261; 12-miesi&#281;czn&#261; gwarancj&#261; Micro Nordic &ndash; to<\/strong>skuteczny spos&oacute;b na rozszerzenie lub utrzymanie starszych flot przy jednoczesnym zminimalizowaniu wydatk&oacute;w i e-odpad&oacute;w, bez uszczerbku dla funkcjonalno&#347;ci.<\/p><h2 data-start=\"1021\" data-end=\"1067\">Kluczowe cechy Honeywell Intermec CK3R<\/h2><ul data-start=\"1068\" data-end=\"2395\">\n<li data-start=\"1068\" data-end=\"1213\">\n<p data-start=\"1070\" data-end=\"1213\"><strong data-start=\"1070\" data-end=\"1093\">Lekkie podwozie<\/strong> &ndash; Ni&#380;sza waga zmniejsza zm&#281;czenie podczas d&#322;ugich zmian, zachowuj&#261;c jednocze&#347;nie wytrzyma&#322;o&#347;&#263; przemys&#322;ow&#261; w korytarzach i dokach.<\/p>\n<\/li>\n<li data-start=\"1214\" data-end=\"1354\">\n<p data-start=\"1216\" data-end=\"1354\"><strong data-start=\"1216\" data-end=\"1245\">Wy&#347;wietlacz czytelny w &#347;wietle s&#322;onecznym<\/strong> &ndash; 3,5-calowy transflektywny ekran dotykowy QVGA pozostaje czytelny w jasnym o&#347;wietleniu magazynu i w pobli&#380;u bram dokowych.<\/p>\n<\/li>\n<li data-start=\"1355\" data-end=\"1479\">\n<p data-start=\"1357\" data-end=\"1479\"><strong data-start=\"1357\" data-end=\"1384\">Responsywna architektura<\/strong> &ndash; procesor klasy OMAP 1 GHz utrzymuje ekrany telnet\/TE i WMS w szybkim tempie z niskim op&oacute;&#378;nieniem.<\/p>\n<\/li>\n<li data-start=\"1480\" data-end=\"1605\">\n<p data-start=\"1482\" data-end=\"1605\"><strong data-start=\"1482\" data-end=\"1505\">Skanowanie w przedsi&#281;biorstwie<\/strong> &ndash; zintegrowany imager 1D\/2D o standardowym zasi&#281;gu szybko rejestruje zu&#380;yte i zakrzywione etykiety na wyci&#261;gni&#281;cie r&#281;ki.<\/p>\n<\/li>\n<li data-start=\"1606\" data-end=\"1745\">\n<p data-start=\"1608\" data-end=\"1745\"><strong data-start=\"1608\" data-end=\"1633\">Niezawodna &#322;&#261;czno&#347;&#263;<\/strong> &ndash; dwuzakresowe 802.11 a\/b\/g\/n z zabezpieczeniami klasy korporacyjnej oraz Bluetooth dla zestaw&oacute;w s&#322;uchawkowych, skaner&oacute;w pier&#347;cieniowych i drukarek.<\/p>\n<\/li>\n<li data-start=\"1746\" data-end=\"1870\">\n<p data-start=\"1748\" data-end=\"1870\"><strong data-start=\"1748\" data-end=\"1765\">Opcje zasilania<\/strong> &ndash; standardowe i rozszerzone akumulatory litowo-jonowe zapewniaj&#261; pe&#322;n&#261; zmian&#281; czasu pracy; superkondensator pomaga wyeliminowa&#263; ciep&#322;e wymiany.<\/p>\n<\/li>\n<li data-start=\"1871\" data-end=\"2008\">\n<p data-start=\"1873\" data-end=\"2008\"><strong data-start=\"1873\" data-end=\"1901\">Szybkie wej&#347;cia\/wyj&#347;cia i dokowanie<\/strong> &ndash; klient USB i ekosystem FlexDock (pojedyncze\/wiele gniazd, Ethernet, pojazd) upraszczaj&#261; &#322;adowanie\/synchronizacj&#281; na du&#380;&#261; skal&#281;.<\/p>\n<\/li>\n<li data-start=\"2009\" data-end=\"2149\">\n<p data-start=\"2011\" data-end=\"2149\"><strong data-start=\"2011\" data-end=\"2036\">Bezpiecze&#324;stwo i zarz&#261;dzanie<\/strong> &ndash; WPA2-Enterprise, obs&#322;uga szyfrowania urz&#261;dze&#324; i szeroka kompatybilno&#347;&#263; z MDM i klientami emulacji terminali.<\/p>\n<\/li>\n<li data-start=\"2150\" data-end=\"2257\">\n<p data-start=\"2152\" data-end=\"2257\"><strong data-start=\"2152\" data-end=\"2174\">Mo&#380;liwo&#347;&#263; serwisowania<\/strong> &ndash; wymienne klawiatury, baterie i cz&#281;&#347;ci zu&#380;ywaj&#261;ce si&#281; wyd&#322;u&#380;aj&#261; cykl &#380;ycia i obni&#380;aj&#261; ca&#322;kowity koszt posiadania.<\/p>\n<\/li>\n<li data-start=\"2258\" data-end=\"2395\">\n<p data-start=\"2260\" data-end=\"2395\"><strong data-start=\"2260\" data-end=\"2283\">Ekosystem akcesori&oacute;w<\/strong> &ndash; uchwyty pistoletowe, kabury, wielogniazdowe &#322;adowarki, zatrzaski RFID i rozwi&#261;zania g&#322;osowe pasuj&#261; do r&oacute;&#380;nych r&oacute;l i zmian.<\/p>\n<\/li>\n<\/ul><h2 data-start=\"2397\" data-end=\"2443\">Kluczowe zalety Honeywell Intermec CK3R<\/h2><h3 data-start=\"2445\" data-end=\"2484\">Stworzony do pracy w najtrudniejszych warunkach<\/h3><p data-start=\"2485\" data-end=\"2712\">Uszczelnione przed kurzem i zachlapaniami oraz przetestowane pod k&#261;tem wielokrotnych upadk&oacute;w i wstrz&#261;s&oacute;w, urz&#261;dzenie jest gotowe na codzienne warunki panuj&#261;ce w magazynie &ndash; palety, rampy i ruchliwe miejsca postojowe. Zespo&#322;y zachowuj&#261; produktywno&#347;&#263; bez zatrzymywania si&#281; na delikatny sprz&#281;t. <\/p><h3 data-start=\"2714\" data-end=\"2746\">Du&#380;y ekran, lepsze przep&#322;ywy pracy<\/h3><p data-start=\"2747\" data-end=\"2997\">Transfleksyjny panel o przek&#261;tnej 3,5 cala pozostaje czytelny w pobli&#380;u drzwi stacji dokuj&#261;cej i przy jasnym o&#347;wietleniu. Fizyczne klawisze i dotyk usprawniaj&#261; nawigacj&#281; TE, wprowadzanie numeryczne, skr&oacute;ty i wyzwalacze skanowania &ndash; idealne w r&#281;kawiczkach i gdy szybko&#347;&#263; ma wi&#281;ksze znaczenie ni&#380; pisanie na ekranie. <\/p><h3 data-start=\"2999\" data-end=\"3033\">Moc, kt&oacute;ra wystarcza na ca&#322;y dzie&#324;<\/h3><p data-start=\"3034\" data-end=\"3262\">Pakiety o standardowej i du&#380;ej pojemno&#347;ci wystarczaj&#261; na d&#322;ugie trasy i nadgodziny. Wbudowany superkondensator pomaga w szybkiej wymianie baterii, dzi&#281;ki czemu u&#380;ytkownicy zachowuj&#261; sesje i kontekst zada&#324;. Wsp&oacute;lne &#322;adowarki i analiza baterii upraszczaj&#261; planowanie zasilania floty.  <\/p><h3 data-start=\"3264\" data-end=\"3303\">P&#322;ynna &#322;&#261;czno&#347;&#263; i przep&#322;yw danych<\/h3><p data-start=\"3304\" data-end=\"3563\">Wi-Fi klasy korporacyjnej z roamingiem utrzymuje sesje TE lub przegl&#261;darki w r&oacute;&#380;nych korytarzach i placach, podczas gdy akcesoria Bluetooth paruj&#261; si&#281; szybko, zapewniaj&#261;c wydajno&#347;&#263; bez u&#380;ycia r&#261;k &ndash; zestawy s&#322;uchawkowe do kompletacji g&#322;osowej, skanery pier&#347;cieniowe do szybkiego skanowania do potwierdzenia i drukarki do etykietowania.<\/p><h3 data-start=\"3565\" data-end=\"3585\">Gotowy dla flot<\/h3><p data-start=\"3586\" data-end=\"3876\">Stabilna platforma Windows Embedded Handheld 6.5, d&#322;ugotrwa&#322;e cz&#281;&#347;ci zamienne i modu&#322;owa rodzina FlexDock sprawiaj&#261;, &#380;e <strong data-start=\"3695\" data-end=\"3722\">Honeywell Intermec CK3R<\/strong> jest &#322;atwy do przygotowania, zablokowania i wsparcia na du&#380;&#261; skal&#281;. Wsp&oacute;lne akcesoria dla urz&#261;dze&#324; z serii CK3 pomagaj&#261; skonsolidowa&#263; zapasy i zmniejszy&#263; ca&#322;kowity koszt. <\/p><h2 data-start=\"3878\" data-end=\"3896\">Idealne przypadki u&#380;ycia<\/h2><ul data-start=\"3897\" data-end=\"4508\">\n<li data-start=\"3897\" data-end=\"4033\">\n<p data-start=\"3899\" data-end=\"4033\"><strong data-start=\"3899\" data-end=\"3929\">Magazynowanie i dystrybucja<\/strong> &ndash; kompletacja skrzynek\/palet, liczenie cykli i uzupe&#322;nianie zapas&oacute;w, gdzie niska waga i szybkie skanowanie przyspieszaj&#261; przemieszczanie.<\/p>\n<\/li>\n<li data-start=\"4034\" data-end=\"4150\">\n<p data-start=\"4036\" data-end=\"4150\"><strong data-start=\"4036\" data-end=\"4064\">Zaplecze i sklepy detaliczne<\/strong> &ndash; Sprawdzanie cen, przyjmowanie zam&oacute;wie&#324; i inwentaryzacja z niezawodnym Wi-Fi i wydajn&#261; klawiatur&#261;.<\/p>\n<\/li>\n<li data-start=\"4151\" data-end=\"4284\">\n<p data-start=\"4153\" data-end=\"4284\"><strong data-start=\"4153\" data-end=\"4179\">Transport i cross-dock<\/strong> &ndash; walidacja przychodz&#261;ca\/wychodz&#261;ca i budowanie &#322;adunk&oacute;w, gdzie wytrzyma&#322;o&#347;&#263; i opcje uchwytu pistoletowego zmniejszaj&#261; zm&#281;czenie.<\/p>\n<\/li>\n<li data-start=\"4285\" data-end=\"4394\">\n<p data-start=\"4287\" data-end=\"4394\"><strong data-start=\"4287\" data-end=\"4310\">Lekka produkcja<\/strong> &ndash; &#347;ledzenie materia&#322;&oacute;w po stronie linii produkcyjnej i aktualizacje WIP ze stabilnymi klientami TE i roamingiem.<\/p>\n<\/li>\n<li data-start=\"4395\" data-end=\"4508\">\n<p data-start=\"4397\" data-end=\"4508\"><strong data-start=\"4397\" data-end=\"4422\">Serwis terenowy na miejscu<\/strong> &ndash; kontrole zasob&oacute;w w obiekcie i dzienniki serwisowe w sieci WLAN z przep&#322;ywami pracy skoncentrowanymi na klawiaturze.<\/p>\n<\/li>\n<\/ul><h2 data-start=\"4510\" data-end=\"4564\">Por&oacute;wnanie produkt&oacute;w dla Honeywell Intermec CK3R<\/h2><ul data-start=\"4565\" data-end=\"5004\">\n<li data-start=\"4565\" data-end=\"4708\">\n<p data-start=\"4567\" data-end=\"4708\"><a href=\"https:\/\/micronordic.com\/product\/honeywell-intermec-ck3x-mobile-handheld-computer-refurbished\/\"><strong data-start=\"4567\" data-end=\"4594\">Honeywell Intermec CK3X<\/strong><\/a> &ndash; Podobny kszta&#322;t z wi&#281;ksz&#261; tolerancj&#261; na upadki i rozszerzonymi opcjami skanowania dla wy&#380;szych szaf.<\/p>\n<\/li>\n<li data-start=\"4709\" data-end=\"4855\">\n<p data-start=\"4711\" data-end=\"4855\"><a href=\"https:\/\/micronordic.com\/product\/honeywell-intermec-ck71-mobile-handheld-computer-refurbished\/\"><strong data-start=\"4711\" data-end=\"4738\">Honeywell Intermec CK71<\/strong><\/a> &ndash; Preferuje ultra-wytrzyma&#322;e dzia&#322;anie z uszczelnieniem IP67 i wi&#281;ksz&#261; odporno&#347;ci&#261; na zimno, wilgo&#263; lub trudne warunki.<\/p>\n<\/li>\n<li data-start=\"4856\" data-end=\"5004\">\n<p data-start=\"4858\" data-end=\"5004\"><a href=\"https:\/\/micronordic.com\/product\/intermec-cn51-mobile-handheld-computer-refurbished\/\"><strong data-start=\"4858\" data-end=\"4885\">Honeywell Intermec CN51<\/strong><\/a> &ndash; Rozwa&#380; bardziej kompaktowe, mobilne urz&#261;dzenie do zada&#324; terenowych, w kt&oacute;rych przeno&#347;no&#347;&#263; i &#380;ywotno&#347;&#263; baterii decyduj&#261; o wyborze.<\/p>\n<\/li>\n<\/ul>\n","protected":false},"excerpt":{"rendered":"<p>WYBIERZ WARIANT PONI\u017bEJ! Zadzwo\u0144 do nas, je\u015bli potrzebujesz pomocy w znalezieniu odpowiedniego wariantu produktu. <\/p>\n<h3>Specyfikacje:<\/h3>\n<ul>\n<li><strong>Wy\u015bwietlacz:<\/strong> 3,5-calowy transflektywny ekran dotykowy QVGA (240\u00d7320)<\/li>\n<li><strong>Procesor:<\/strong> 1 GHz klasy OMAP<\/li>\n<li><strong>Grafika:<\/strong> Zintegrowana grafika mobilna<\/li>\n<li><strong>Pami\u0119\u0107:<\/strong> 256 MB RAM (typowo)<\/li>\n<li><strong>Pami\u0119\u0107 masowa:<\/strong> 1-2 GB flash, rozszerzenie microSD<\/li>\n<li><strong>\u0141\u0105czno\u015b\u0107:<\/strong> Wi-Fi 802.11 a\/b\/g\/n, Bluetooth; klient USB; interfejsy stacji dokuj\u0105cej FlexDock<\/li>\n<li><strong>Certyfikaty rugged:<\/strong> IP54; przetestowany pod k\u0105tem upadk\u00f3w i wstrz\u0105s\u00f3w w zastosowaniach korporacyjnych<\/li>\n<li><strong>Bezpiecze\u0144stwo:<\/strong> WPA2-Enterprise, obs\u0142uga szyfrowania urz\u0105dze\u0144, zgodno\u015b\u0107 z MDM\/TE<\/li>\n<li><strong>Bateria:<\/strong> standardowa \u22482000 mAh; rozszerzona \u22485000-6000+ mAh; supercap do wymiany na ciep\u0142o<\/li>\n<li><strong>Wymiary i waga:<\/strong> ~216 \u00d7 83 \u00d7 36 mm; ~450-500 g (w zale\u017cno\u015bci od baterii)<\/li>\n<li><strong>Gwarancja:<\/strong> EX-DEMO 12 miesi\u0119cy od Micro Nordic<\/li>\n<\/ul>\n<p><strong>Wybierz odpowiedni model poni\u017cej przed dodaniem go do koszyka<\/strong><\/p>\n","protected":false},"author":16,"featured_media":100613,"template":"","meta":{"_acf_changed":false,"inline_featured_image":false},"product-condition":[5279],"product_brand":[8970],"product_cat":[5196,5200,5198],"product_tag":[4879],"class_list":{"0":"post-46142","1":"product","2":"type-product","3":"status-publish","4":"has-post-thumbnail","6":"product-condition-ex-demo","7":"product_brand-honeywell-intermec","8":"product_cat-honeywell-intermec","9":"product_cat-all-barcode-scanners","10":"product_cat-refurbished-rugged-hardware","11":"product_tag-wrd-pl","12":"pa_model-part-number-ck3raa4s000w4100","13":"pa_model-part-number-ck3raa4s000w410a","14":"pa_model-part-number-ck3raa4s000w4400","15":"pa_model-part-number-ck3raa4s000w440a","16":"pa_model-part-number-ck3rab4s000w4100","17":"pa_model-part-number-ck3rab4s000w410a","18":"pa_model-part-number-ck3rab4s000w4400","19":"pa_model-part-number-ck3rab4s000w440a","21":"first","22":"instock","23":"taxable","24":"shipping-taxable","25":"purchasable","26":"product-type-variable"},"acf":[],"_links":{"self":[{"href":"https:\/\/micronordic.com\/pl\/wp-json\/wp\/v2\/product\/46142","targetHints":{"allow":["GET"]}}],"collection":[{"href":"https:\/\/micronordic.com\/pl\/wp-json\/wp\/v2\/product"}],"about":[{"href":"https:\/\/micronordic.com\/pl\/wp-json\/wp\/v2\/types\/product"}],"author":[{"embeddable":true,"href":"https:\/\/micronordic.com\/pl\/wp-json\/wp\/v2\/users\/16"}],"version-history":[{"count":2,"href":"https:\/\/micronordic.com\/pl\/wp-json\/wp\/v2\/product\/46142\/revisions"}],"predecessor-version":[{"id":98624,"href":"https:\/\/micronordic.com\/pl\/wp-json\/wp\/v2\/product\/46142\/revisions\/98624"}],"wp:featuredmedia":[{"embeddable":true,"href":"https:\/\/micronordic.com\/pl\/wp-json\/wp\/v2\/media\/100613"}],"wp:attachment":[{"href":"https:\/\/micronordic.com\/pl\/wp-json\/wp\/v2\/media?parent=46142"}],"wp:term":[{"taxonomy":"product-condition","embeddable":true,"href":"https:\/\/micronordic.com\/pl\/wp-json\/wp\/v2\/product-condition?post=46142"},{"taxonomy":"product_brand","embeddable":true,"href":"https:\/\/micronordic.com\/pl\/wp-json\/wp\/v2\/product_brand?post=46142"},{"taxonomy":"product_cat","embeddable":true,"href":"https:\/\/micronordic.com\/pl\/wp-json\/wp\/v2\/product_cat?post=46142"},{"taxonomy":"product_tag","embeddable":true,"href":"https:\/\/micronordic.com\/pl\/wp-json\/wp\/v2\/product_tag?post=46142"}],"curies":[{"name":"wp","href":"https:\/\/api.w.org\/{rel}","templated":true}]}}