{"id":46140,"date":"2018-04-26T13:46:54","date_gmt":"2018-04-26T11:46:54","guid":{"rendered":"https:\/\/micronordic.com\/product\/mobilny-komputer-reczny-honeywell-intermec-ck3a-odnowiony\/"},"modified":"2025-11-20T13:31:14","modified_gmt":"2025-11-20T12:31:14","slug":"honeywell-intermec-ck3a-mobile-handheld-computer","status":"publish","type":"product","link":"https:\/\/micronordic.com\/pl\/product\/honeywell-intermec-ck3a-mobile-handheld-computer\/","title":{"rendered":"Honeywell Intermec CK3A Handheld Mobile Computer (EX-DEMO)"},"content":{"rendered":"<?xml encoding=\"utf-8\" ?><h2 data-start=\"0\" data-end=\"70\">Honeywell Intermec CK3A &ndash; Wytrzyma&#322;y Handheld Mobile Computer (EX-DEMO)<\/h2><p data-start=\"72\" data-end=\"509\"><strong data-start=\"76\" data-end=\"103\">Honeywell Intermec CK3A<\/strong> to sprawdzony, r&#281;czny czytnik kod&oacute;w kreskowych z klawiatur&#261;, zaprojektowany z my&#347;l&#261; o niezawodnym przechwytywaniu kod&oacute;w kreskowych i p&#322;ynnym przep&#322;ywie pracy Telnet\/WMS w magazynach, centrach dystrybucji, zapleczach sklep&oacute;w detalicznych i lekkiej produkcji. &#321;&#261;czy w sobie zr&oacute;wnowa&#380;on&#261;, przystosowan&#261; do uchwytu pistoletowego obudow&#281; z 3,5-calowym transflektywnym wy&#347;wietlaczem dotykowym i opcjami obrazowania bliskiego \/ dalekiego, dzi&#281;ki czemu zespo&#322;y mog&#261; szybko skanowa&#263; z p&oacute;&#322;ki na rega&#322; paletowy bez polegania na delikatnych urz&#261;dzeniach konsumenckich. <\/p><p data-start=\"511\" data-end=\"982\">Ten produkt jest dostarczany wy&#322;&#261;cznie w <strong data-start=\"536\" data-end=\"547\">wersji EX-DEMO<\/strong>. Urz&#261;dzenia EX-DEMO by&#322;y kr&oacute;tko u&#380;ywane do cel&oacute;w demonstracyjnych; wi&#281;kszo&#347;&#263; z nich jest dostarczana w czystych pude&#322;kach (niekt&oacute;re w oryginalnych opakowaniach) i zazwyczaj zawiera standardowe akcesoria i kable. Przednie\/tylne plastiki i digitizery s&#261; od&#347;wie&#380;one nowymi cz&#281;&#347;ciami.  <\/p><p data-start=\"511\" data-end=\"982\"><strong>Urz&#261;dzenia EX-DEMO s&#261; obj&#281;te domy&#347;ln&#261; 12-miesi&#281;czn&#261; gwarancj&#261; Micro Nordic &ndash; to<\/strong>skuteczny spos&oacute;b na rozszerzenie lub utrzymanie starszych flot przy jednoczesnym ograniczeniu wydatk&oacute;w i odpad&oacute;w elektronicznych.<\/p><h2 data-start=\"984\" data-end=\"1030\">Kluczowe cechy Honeywell Intermec CK3A<\/h2><ul data-start=\"1031\" data-end=\"2298\">\n<li data-start=\"1031\" data-end=\"1146\">\n<p data-start=\"1033\" data-end=\"1146\"><strong data-start=\"1033\" data-end=\"1051\">Wytrzyma&#322;a obudowa<\/strong> &ndash; odporna na kurz, zachlapania i wielokrotne upadki z wysoko&#347;ci 1,5 m w dokach i magazynach.<\/p>\n<\/li>\n<li data-start=\"1147\" data-end=\"1275\">\n<p data-start=\"1149\" data-end=\"1275\"><strong data-start=\"1149\" data-end=\"1178\">Czytelny w &#347;wietle s&#322;onecznym wy&#347;wietlacz<\/strong> &ndash; 3,5-calowy transflektywny ekran dotykowy QVGA pozostaje czytelny przy jasnym o&#347;wietleniu i w pobli&#380;u drzwi doku.<\/p>\n<\/li>\n<li data-start=\"1276\" data-end=\"1405\">\n<p data-start=\"1278\" data-end=\"1405\"><strong data-start=\"1278\" data-end=\"1305\">Responsywna architektura<\/strong> &ndash; przetwarzanie klasy Intel XScale sprawia, &#380;e aplikacje telnet, przegl&#261;darkowe i LOB dzia&#322;aj&#261; szybko i z niewielkimi op&oacute;&#378;nieniami.<\/p>\n<\/li>\n<li data-start=\"1406\" data-end=\"1537\">\n<p data-start=\"1408\" data-end=\"1537\"><strong data-start=\"1408\" data-end=\"1431\">Skanowanie w przedsi&#281;biorstwie<\/strong> &ndash; opcje od standardowych skaner&oacute;w 1D\/2D po skanery bliskiego i dalekiego zasi&#281;gu, zapewniaj&#261;ce niezawodn&#261; rejestracj&#281; z bliskiej odleg&#322;o&#347;ci do wysoko&#347;ci rega&#322;u.<\/p>\n<\/li>\n<li data-start=\"1538\" data-end=\"1675\">\n<p data-start=\"1540\" data-end=\"1675\"><strong data-start=\"1540\" data-end=\"1565\">Niezawodna &#322;&#261;czno&#347;&#263;<\/strong> &ndash; dwuzakresowe 802.11 a\/b\/g z zabezpieczeniami klasy korporacyjnej oraz Bluetooth dla zestaw&oacute;w s&#322;uchawkowych, skaner&oacute;w pier&#347;cieniowych i drukarek.<\/p>\n<\/li>\n<li data-start=\"1676\" data-end=\"1800\">\n<p data-start=\"1678\" data-end=\"1800\"><strong data-start=\"1678\" data-end=\"1695\">Opcje zasilania<\/strong> &ndash; Standardowe i rozszerzone akumulatory litowo-jonowe zapewniaj&#261; pe&#322;n&#261; zmian&#281; czasu pracy; superkondensator pomaga pomin&#261;&#263; ciep&#322;e wymiany.<\/p>\n<\/li>\n<li data-start=\"1801\" data-end=\"1935\">\n<p data-start=\"1803\" data-end=\"1935\"><strong data-start=\"1803\" data-end=\"1831\">Szybkie wej&#347;cia\/wyj&#347;cia i dokowanie<\/strong> &ndash; klient USB i modu&#322;owe stacje dokuj&#261;ce FlexDock (jedno- i wielogniazdowe, Ethernet, samochodowe) upraszczaj&#261; &#322;adowanie\/synchronizacj&#281;.<\/p>\n<\/li>\n<li data-start=\"1936\" data-end=\"2059\">\n<p data-start=\"1938\" data-end=\"2059\"><strong data-start=\"1938\" data-end=\"1963\">Bezpiecze&#324;stwo i zarz&#261;dzanie<\/strong> &ndash; WPA2-Enterprise, obs&#322;uga szyfrowania urz&#261;dze&#324; i szeroka kompatybilno&#347;&#263; z klientami MDM i TE.<\/p>\n<\/li>\n<li data-start=\"2060\" data-end=\"2171\">\n<p data-start=\"2062\" data-end=\"2171\"><strong data-start=\"2062\" data-end=\"2084\">Mo&#380;liwo&#347;&#263; serwisowania<\/strong> &ndash; wymienne klawiatury, baterie i cz&#281;&#347;ci zu&#380;ywaj&#261;ce si&#281; wyd&#322;u&#380;aj&#261; &#380;ywotno&#347;&#263; i zmniejszaj&#261; ca&#322;kowity koszt posiadania.<\/p>\n<\/li>\n<li data-start=\"2172\" data-end=\"2298\">\n<p data-start=\"2174\" data-end=\"2298\"><strong data-start=\"2174\" data-end=\"2197\">Ekosystem akcesori&oacute;w<\/strong> &ndash; uchwyty pistoletowe, kabury, wielogniazdowe &#322;adowarki, zatrzaski RFID i rozwi&#261;zania g&#322;osowe pasuj&#261; do r&oacute;&#380;nych r&oacute;l.<\/p>\n<\/li>\n<\/ul><h2 data-start=\"2300\" data-end=\"2346\">Kluczowe zalety Honeywell Intermec CK3A<\/h2><h3 data-start=\"2348\" data-end=\"2387\">Stworzony do pracy w najtrudniejszych warunkach<\/h3><p data-start=\"2388\" data-end=\"2611\">Uszczelniona, odporna na upadki obudowa i przetestowana konstrukcja zapewniaj&#261; niezawodne dzia&#322;anie w warunkach kurzu, wilgoci, wibracji i waha&#324; temperatury. Personel mo&#380;e skanowa&#263; przez ca&#322;&#261; zmian&#281; bez przerw zwi&#261;zanych z prac&#261; urz&#261;dzenia. <\/p><h3 data-start=\"2613\" data-end=\"2645\">Du&#380;y ekran, lepsze przep&#322;ywy pracy<\/h3><p data-start=\"2646\" data-end=\"2885\">Transfleksyjny wy&#347;wietlacz o przek&#261;tnej 3,5 cala pozostaje czytelny przy jasnym o&#347;wietleniu i w pobli&#380;u otwartych drzwi. Fizyczne klawisze i dotyk usprawniaj&#261; ekrany Telnet\/WMS, listy wyboru i skr&oacute;ty &ndash; idealne w r&#281;kawiczkach i gdy szybko&#347;&#263; ma wi&#281;ksze znaczenie ni&#380; pisanie na ekranie. <\/p><h3 data-start=\"2887\" data-end=\"2921\">Moc, kt&oacute;ra wystarcza na ca&#322;y dzie&#324;<\/h3><p data-start=\"2922\" data-end=\"3129\">Standardowe i wysokopojemne akumulatory umo&#380;liwiaj&#261; jazd&#281; na d&#322;ugich trasach i w nadgodzinach. Ciep&#322;a wymiana wspomagana przez Supercap pomaga zachowa&#263; stan sesji, a wsp&oacute;&#322;dzielone &#322;adowarki i analiza akumulator&oacute;w upraszczaj&#261; planowanie zasilania floty. <\/p><h3 data-start=\"3131\" data-end=\"3170\">P&#322;ynna &#322;&#261;czno&#347;&#263; i przep&#322;yw danych<\/h3><p data-start=\"3171\" data-end=\"3368\">Wi-Fi klasy korporacyjnej z roamingiem utrzymuje sesje TE lub przegl&#261;darki w korytarzach i na dziedzi&#324;cach, podczas gdy Bluetooth szybko paruje si&#281; z zestawami s&#322;uchawkowymi, drukarkami i skanerami pier&#347;cieniowymi &ndash; zapewniaj&#261;c wolne r&#281;ce i przep&#322;yw danych.<\/p><h3 data-start=\"3370\" data-end=\"3390\">Gotowy dla flot<\/h3><p data-start=\"3391\" data-end=\"3648\">Stabilna platforma Windows Embedded Handheld, d&#322;ugotrwa&#322;e cz&#281;&#347;ci zamienne i akcesoria FlexDock sprawiaj&#261;, &#380;e <strong data-start=\"3489\" data-end=\"3516\">Honeywell Intermec CK3A<\/strong> jest idealny do rozszerzania starszych aplikacji. Dzia&#322; IT mo&#380;e przygotowywa&#263;, blokowa&#263; i obs&#322;ugiwa&#263; urz&#261;dzenia na du&#380;&#261; skal&#281; przy u&#380;yciu ustalonych stos&oacute;w MDM i TE. <\/p><h2 data-start=\"3650\" data-end=\"3668\">Idealne przypadki u&#380;ycia<\/h2><ul data-start=\"3669\" data-end=\"4320\">\n<li data-start=\"3669\" data-end=\"3803\">\n<p data-start=\"3671\" data-end=\"3803\"><strong data-start=\"3671\" data-end=\"3701\">Magazynowanie i dystrybucja<\/strong> &ndash; kompletacja skrzy&#324;\/palet, liczenie cykli i uzupe&#322;nianie zapas&oacute;w, gdzie przechwytywanie dalekiego zasi&#281;gu zmniejsza liczb&#281; zwrot&oacute;w.<\/p>\n<\/li>\n<li data-start=\"3804\" data-end=\"3924\">\n<p data-start=\"3806\" data-end=\"3924\"><strong data-start=\"3806\" data-end=\"3834\">Zaplecze i sklepy detaliczne<\/strong> &ndash; Sprawdzanie cen, przyjmowanie zam&oacute;wie&#324; i inwentaryzacja dzi&#281;ki niezawodnemu Wi-Fi i szybkiemu skanowaniu 1D\/2D.<\/p>\n<\/li>\n<li data-start=\"3925\" data-end=\"4061\">\n<p data-start=\"3927\" data-end=\"4061\"><strong data-start=\"3927\" data-end=\"3953\">Transport i cross-dock<\/strong> &ndash; walidacja przychodz&#261;ca\/wychodz&#261;ca i budowanie &#322;adunk&oacute;w, gdzie wytrzyma&#322;o&#347;&#263; i ergonomia uchwytu pistoletowego zmniejszaj&#261; zm&#281;czenie.<\/p>\n<\/li>\n<li data-start=\"4062\" data-end=\"4182\">\n<p data-start=\"4064\" data-end=\"4182\"><strong data-start=\"4064\" data-end=\"4087\">Lekka produkcja<\/strong> &ndash; &#346;ledzenie materia&#322;&oacute;w po stronie linii produkcyjnej i WIP ze stabilnymi aplikacjami telnet\/terminal i niezawodnym roamingiem.<\/p>\n<\/li>\n<li data-start=\"4183\" data-end=\"4320\">\n<p data-start=\"4185\" data-end=\"4320\"><strong data-start=\"4185\" data-end=\"4210\">Serwis na miejscu<\/strong> &ndash; kontrole zasob&oacute;w i dzienniki serwisowe w obiektach z przep&#322;ywami pracy skoncentrowanymi na klawiaturze i silnym wsparciem akcesori&oacute;w.<\/p>\n<\/li>\n<\/ul><h2 data-start=\"4322\" data-end=\"4376\">Por&oacute;wnanie produkt&oacute;w dla Honeywell Intermec CK3A<\/h2><ul data-start=\"4377\" data-end=\"4773\">\n<li data-start=\"4377\" data-end=\"4512\">\n<p data-start=\"4379\" data-end=\"4512\"><a href=\"https:\/\/micronordic.com\/product\/honeywell-intermec-ck71-mobile-handheld-computer-refurbished\/\"><strong data-start=\"4379\" data-end=\"4406\">Honeywell Intermec CK71<\/strong> <\/a>&ndash; Ultra-wytrzyma&#322;y wyb&oacute;r z wy&#380;sz&#261; tolerancj&#261; na upadki i uszczelnieniem IP67 do trudnych, zimnych lub mokrych &#347;rodowisk.<\/p>\n<\/li>\n<li data-start=\"4513\" data-end=\"4646\">\n<p data-start=\"4515\" data-end=\"4646\"><a href=\"https:\/\/micronordic.com\/product\/honeywell-intermec-ck3r-mobile-handheld-computer-refurbished\/\"><strong data-start=\"4515\" data-end=\"4542\">Honeywell Intermec CK3R<\/strong><\/a> &ndash; L&#380;ejszy, bardziej bud&#380;etowy handheld do codziennych zada&#324; w magazynie, gdzie niska waga jest priorytetem.<\/p>\n<\/li>\n<li data-start=\"4647\" data-end=\"4773\">\n<p data-start=\"4649\" data-end=\"4773\"><a href=\"https:\/\/micronordic.com\/product\/intermec-cn51-mobile-handheld-computer-refurbished\/\"><strong data-start=\"4649\" data-end=\"4676\">Honeywell Intermec CN51<\/strong><\/a> &ndash; Bardziej kompaktowa obudowa dla mobilnych zada&#324; terenowych, r&oacute;wnowa&#380;&#261;ca przeno&#347;no&#347;&#263; i &#380;ywotno&#347;&#263; baterii.<\/p>\n<\/li>\n<\/ul>\n","protected":false},"excerpt":{"rendered":"<p>WYBIERZ WARIANT PONI\u017bEJ! Zadzwo\u0144 do nas, je\u015bli potrzebujesz pomocy w znalezieniu odpowiedniego wariantu produktu. <\/p>\n<h3>Specyfikacje:<\/h3>\n<ul>\n<li><strong>Wy\u015bwietlacz:<\/strong> 3,5-calowy transflektywny ekran dotykowy QVGA (240\u00d7320)<\/li>\n<li><strong>Procesor:<\/strong> Intel XScale PXA270 520 MHz<\/li>\n<li><strong>Grafika:<\/strong> Zintegrowana grafika mobilna<\/li>\n<li><strong>Pami\u0119\u0107:<\/strong> 128 MB RAM<\/li>\n<li><strong>Pami\u0119\u0107:<\/strong> 256-512 MB flash (w zale\u017cno\u015bci od modelu), rozszerzenie microSD<\/li>\n<li><strong>\u0141\u0105czno\u015b\u0107:<\/strong> Wi-Fi 802.11 a\/b\/g, Bluetooth; klient USB; interfejsy stacji dokuj\u0105cej FlexDock<\/li>\n<li><strong>Certyfikaty rugged:<\/strong> IP54; wielokrotne upadki z wysoko\u015bci 1,5 m\/5 st\u00f3p; test odporno\u015bci na wstrz\u0105sy<\/li>\n<li><strong>Bezpiecze\u0144stwo:<\/strong> WPA2-Enterprise, obs\u0142uga szyfrowania urz\u0105dze\u0144, zgodno\u015b\u0107 z MDM\/TE<\/li>\n<li><strong>Bateria:<\/strong> standardowa 3,7 V 2000 mAh; opcje o du\u017cej pojemno\u015bci; supercap pomaga w wymianie na ciep\u0142o<\/li>\n<li><strong>Wymiary i waga:<\/strong> ~216,6 \u00d7 83,6 \u00d7 36,2 mm; ~453-566 g (w zale\u017cno\u015bci od baterii)<\/li>\n<li><strong>Gwarancja:<\/strong> EX-DEMO 12-miesi\u0119czna gwarancja Micro Nordic wg.<\/li>\n<\/ul>\n<p><strong>Wybierz odpowiedni model poni\u017cej przed dodaniem go do koszyka<\/strong><\/p>\n","protected":false},"author":16,"featured_media":100598,"template":"","meta":{"_acf_changed":false,"inline_featured_image":false},"product-condition":[5279],"product_brand":[8970],"product_cat":[5196,5200,5198],"product_tag":[4879],"class_list":{"0":"post-46140","1":"product","2":"type-product","3":"status-publish","4":"has-post-thumbnail","6":"product-condition-ex-demo","7":"product_brand-honeywell-intermec","8":"product_cat-honeywell-intermec","9":"product_cat-all-barcode-scanners","10":"product_cat-refurbished-rugged-hardware","11":"product_tag-wrd-pl","12":"pa_model-part-number-ck3a10d00e100","13":"pa_model-part-number-ck3a10m00e100","14":"pa_model-part-number-ck3a10n00e100","15":"pa_model-part-number-ck3a20d00e100","16":"pa_model-part-number-ck3a20m00e100","17":"pa_model-part-number-ck3a20n00e100","18":"pa_model-part-number-ck3ac0d00e110","19":"pa_model-part-number-ck3ac0n00e110","21":"first","22":"instock","23":"taxable","24":"shipping-taxable","25":"purchasable","26":"product-type-variable"},"acf":[],"_links":{"self":[{"href":"https:\/\/micronordic.com\/pl\/wp-json\/wp\/v2\/product\/46140","targetHints":{"allow":["GET"]}}],"collection":[{"href":"https:\/\/micronordic.com\/pl\/wp-json\/wp\/v2\/product"}],"about":[{"href":"https:\/\/micronordic.com\/pl\/wp-json\/wp\/v2\/types\/product"}],"author":[{"embeddable":true,"href":"https:\/\/micronordic.com\/pl\/wp-json\/wp\/v2\/users\/16"}],"version-history":[{"count":2,"href":"https:\/\/micronordic.com\/pl\/wp-json\/wp\/v2\/product\/46140\/revisions"}],"predecessor-version":[{"id":98634,"href":"https:\/\/micronordic.com\/pl\/wp-json\/wp\/v2\/product\/46140\/revisions\/98634"}],"wp:featuredmedia":[{"embeddable":true,"href":"https:\/\/micronordic.com\/pl\/wp-json\/wp\/v2\/media\/100598"}],"wp:attachment":[{"href":"https:\/\/micronordic.com\/pl\/wp-json\/wp\/v2\/media?parent=46140"}],"wp:term":[{"taxonomy":"product-condition","embeddable":true,"href":"https:\/\/micronordic.com\/pl\/wp-json\/wp\/v2\/product-condition?post=46140"},{"taxonomy":"product_brand","embeddable":true,"href":"https:\/\/micronordic.com\/pl\/wp-json\/wp\/v2\/product_brand?post=46140"},{"taxonomy":"product_cat","embeddable":true,"href":"https:\/\/micronordic.com\/pl\/wp-json\/wp\/v2\/product_cat?post=46140"},{"taxonomy":"product_tag","embeddable":true,"href":"https:\/\/micronordic.com\/pl\/wp-json\/wp\/v2\/product_tag?post=46140"}],"curies":[{"name":"wp","href":"https:\/\/api.w.org\/{rel}","templated":true}]}}