{"id":46138,"date":"2018-04-26T13:46:54","date_gmt":"2018-04-26T11:46:54","guid":{"rendered":"https:\/\/micronordic.com\/product\/mobilny-komputer-reczny-honeywell-intermec-ck71-odnowiony\/"},"modified":"2025-11-20T13:35:56","modified_gmt":"2025-11-20T12:35:56","slug":"honeywell-intermec-ck71-mobile-handheld-computer-refurbished","status":"publish","type":"product","link":"https:\/\/micronordic.com\/pl\/product\/honeywell-intermec-ck71-mobile-handheld-computer-refurbished\/","title":{"rendered":"Honeywell Intermec CK71 Handheld Mobile Computer (EX-DEMO)"},"content":{"rendered":"<?xml encoding=\"utf-8\" ?><h2 data-start=\"0\" data-end=\"73\">Honeywell Intermec CK71 &ndash; Komputer przeno&#347;ny Ultra Rugged (NOWY &amp; EX-DEMO)<\/h2><p data-start=\"75\" data-end=\"616\"><strong data-start=\"79\" data-end=\"106\">Honeywell Intermec CK71<\/strong> Handheld to ultra-wytrzyma&#322;e urz&#261;dzenie przeno&#347;ne stworzone do skanowania i wykonywania zada&#324; o znaczeniu krytycznym w trudnych warunkach. Dzi&#281;ki 3,5-calowemu wy&#347;wietlaczowi transfleksyjnemu Full-VGA, opcjom obrazowania dalekiego zasi&#281;gu i korporacyjnej sieci WLAN zapewnia niezawodn&#261; wydajno&#347;&#263; zespo&#322;om w magazynach, dokach prze&#322;adunkowych, placach i ch&#322;odniach, gdzie sprz&#281;t jest naprawd&#281; nadu&#380;ywany. W por&oacute;wnaniu z l&#380;ejszymi podr&#281;cznymi urz&#261;dzeniami magazynowymi, <strong data-start=\"480\" data-end=\"507\">Honeywell Intermec CK71<\/strong> Handheld stawia na przetrwanie, wytrzyma&#322;o&#347;&#263; baterii i szybko&#347;&#263; skoncentrowan&#261; na klawiaturze dla klasycznych przep&#322;yw&oacute;w pracy WMS i telnet.  <\/p><p data-start=\"618\" data-end=\"1154\">Ten produkt jest dost&#281;pny w wersji <strong data-start=\"666\" data-end=\"677\">EX-DEMO<\/strong>. Jednostki EX-DEMO by&#322;y u&#380;ywane tylko przez kr&oacute;tki czas; wi&#281;kszo&#347;&#263; z nich jest dostarczana w czystych pude&#322;kach (niekt&oacute;re w oryginalnym opakowaniu) i zazwyczaj zawiera standardowe akcesoria \/ kable. Przednie\/tylne plastiki i digitizery s&#261; od&#347;wie&#380;one nowymi cz&#281;&#347;ciami.  <\/p><p data-start=\"618\" data-end=\"1154\"><strong>Urz&#261;dzenia EX-DEMO s&#261; obj&#281;te domy&#347;ln&#261; 12-miesi&#281;czn&#261; gwarancj&#261; Micro Nordic<\/strong> &ndash; to op&#322;acalny spos&oacute;b na rozszerzenie floty o w pe&#322;ni funkcjonalne urz&#261;dzenia <strong data-start=\"1118\" data-end=\"1145\">Honeywell Intermec CK71<\/strong>.<\/p><h2 data-start=\"1156\" data-end=\"1202\">Kluczowe cechy Honeywell Intermec CK71<\/h2><ul data-start=\"1203\" data-end=\"2532\">\n<li data-start=\"1203\" data-end=\"1347\">\n<p data-start=\"1205\" data-end=\"1347\"><strong data-start=\"1205\" data-end=\"1229\">Ultra-wytrzyma&#322;a obudowa<\/strong> &ndash; szczelno&#347;&#263; IP67 i odporno&#347;&#263; na upadki z wysoko&#347;ci 6 st&oacute;p\/1,8 m w ca&#322;ym zakresie temperatur roboczych zapewnia niezawodn&#261; prac&#281; w trudnych warunkach.<\/p>\n<\/li>\n<li data-start=\"1348\" data-end=\"1497\">\n<p data-start=\"1350\" data-end=\"1497\"><strong data-start=\"1350\" data-end=\"1379\">Czytelny w &#347;wietle s&#322;onecznym wy&#347;wietlacz<\/strong> &ndash; 3,5-calowy transflektywny ekran dotykowy Full-VGA z wytrzyma&#322;&#261; szyb&#261; zapewniaj&#261;c&#261; dobr&#261; widoczno&#347;&#263; w pobli&#380;u bram dok&oacute;w i na zewn&#261;trz.<\/p>\n<\/li>\n<li data-start=\"1498\" data-end=\"1634\">\n<p data-start=\"1500\" data-end=\"1634\"><strong data-start=\"1500\" data-end=\"1527\">Responsywna architektura<\/strong> &ndash; zoptymalizowana konstrukcja wieloprocesorowa \/ klasy OMAP zapewnia szybkie dzia&#322;anie aplikacji telnet, przegl&#261;darki i TE z niskim op&oacute;&#378;nieniem.<\/p>\n<\/li>\n<li data-start=\"1635\" data-end=\"1779\">\n<p data-start=\"1637\" data-end=\"1779\"><strong data-start=\"1637\" data-end=\"1660\">Skanowanie w przedsi&#281;biorstwie<\/strong> &ndash; standardowy imager 1D\/2D lub silnik bliskiego\/dalszego odczytu z bliskiej odleg&#322;o&#347;ci do wysoko&#347;ci rega&#322;u &ndash; szybka rejestracja zu&#380;ytych etykiet.<\/p>\n<\/li>\n<li data-start=\"1780\" data-end=\"1895\">\n<p data-start=\"1782\" data-end=\"1895\"><strong data-start=\"1782\" data-end=\"1797\">Nowoczesny WLAN<\/strong> &ndash; dwuzakresowy 802.11 a\/b\/g\/n z roamingiem korporacyjnym dla stabilnych sesji w du&#380;ych obiektach.<\/p>\n<\/li>\n<li data-start=\"1896\" data-end=\"2025\">\n<p data-start=\"1898\" data-end=\"2025\"><strong data-start=\"1898\" data-end=\"1924\">Akumulator PowerPrecision<\/strong> &ndash; akumulator o du&#380;ej pojemno&#347;ci 5200 mAh ze wska&#378;nikami stanu zdrowia obs&#322;uguje d&#322;ugie zmiany i proaktywn&#261; wymian&#281;.<\/p>\n<\/li>\n<li data-start=\"2026\" data-end=\"2168\">\n<p data-start=\"2028\" data-end=\"2168\"><strong data-start=\"2028\" data-end=\"2056\">Szybkie wej&#347;cia\/wyj&#347;cia i dokowanie<\/strong> &ndash; klient USB i ekosystem FlexDock (opcje Ethernet\/pojazd) upraszczaj&#261; &#322;adowanie\/synchronizacj&#281; floty.<\/p>\n<\/li>\n<li data-start=\"2169\" data-end=\"2294\">\n<p data-start=\"2171\" data-end=\"2294\"><strong data-start=\"2171\" data-end=\"2199\">Bezpiecze&#324;stwo i zarz&#261;dzanie<\/strong> &ndash; WPA2-Enterprise, obs&#322;uga szyfrowania urz&#261;dze&#324; i szeroka kompatybilno&#347;&#263; z MDM\/terminalami.<\/p>\n<\/li>\n<li data-start=\"2295\" data-end=\"2401\">\n<p data-start=\"2297\" data-end=\"2401\"><strong data-start=\"2297\" data-end=\"2319\">Mo&#380;liwo&#347;&#263; serwisowania<\/strong> &ndash; wymienne klawiatury, baterie i cz&#281;&#347;ci zu&#380;ywaj&#261;ce si&#281; wyd&#322;u&#380;aj&#261; cykl &#380;ycia i obni&#380;aj&#261; ca&#322;kowity koszt posiadania.<\/p>\n<\/li>\n<li data-start=\"2402\" data-end=\"2532\">\n<p data-start=\"2404\" data-end=\"2532\"><strong data-start=\"2404\" data-end=\"2427\">Ekosystem akcesori&oacute;w<\/strong> &ndash; uchwyty pistoletowe, kabury, zatrzaski RFID, zestawy s&#322;uchawkowe i skanery pier&#347;cieniowe dostosowuj&#261; si&#281; do r&oacute;&#380;nych r&oacute;l i zmian.<\/p>\n<\/li>\n<\/ul><h2 data-start=\"2534\" data-end=\"2580\">Kluczowe zalety urz&#261;dzenia Honeywell Intermec CK71<\/h2><h3 data-start=\"2582\" data-end=\"2621\">Stworzony do pracy w najtrudniejszych warunkach<\/h3><p data-start=\"2622\" data-end=\"2874\">Uszczelnione przed py&#322;em i wod&#261; zgodnie z norm&#261; IP67, przetestowane pod k&#261;tem upadku z wysoko&#347;ci do 1,8 m w pe&#322;nym zakresie temperatur roboczych i przetestowane pod k&#261;tem wielokrotnych uderze&#324;, urz&#261;dzenie dobrze radzi sobie w deszczu, zimnie i podczas prze&#322;adunku. Zespo&#322;y zachowuj&#261; produktywno&#347;&#263; bez konieczno&#347;ci dbania o sprz&#281;t. <\/p><h3 data-start=\"2876\" data-end=\"2908\">Du&#380;y ekran, lepsze przep&#322;ywy pracy<\/h3><p data-start=\"2909\" data-end=\"3159\">3,5-calowy transflektywny panel Full-VGA pozostaje czytelny przy jasnym o&#347;wietleniu i w pobli&#380;u drzwi doku. Fizyczna klawiatura przyspiesza nawigacj&#281; telnet\/WMS, wprowadzanie cyfr i klawiszy funkcyjnych &ndash; idealna w r&#281;kawiczkach i gdy szybko&#347;&#263; ma wi&#281;ksze znaczenie ni&#380; pisanie na ekranie. <\/p><h3 data-start=\"3161\" data-end=\"3195\">Moc, kt&oacute;ra wystarcza na ca&#322;y dzie&#324;<\/h3><p data-start=\"3196\" data-end=\"3402\">Wymienny w terenie akumulator o pojemno&#347;ci 5200 mAh jest przeznaczony do d&#322;u&#380;szych zmian. Diagnostyka stanu akumulatora pomaga dzia&#322;owi IT wymienia&#263; akumulatory przed wyst&#261;pieniem awarii, ograniczaj&#261;c niespodziewane przestoje i utrzymuj&#261;c trasy i odbiory zgodnie z harmonogramem. <\/p><h3 data-start=\"3404\" data-end=\"3443\">P&#322;ynna &#322;&#261;czno&#347;&#263; i przep&#322;yw danych<\/h3><p data-start=\"3444\" data-end=\"3682\">Dwuzakresowy 802.11 a\/b\/g\/n z roamingiem korporacyjnym utrzymuje sesje TE lub przegl&#261;darki, gdy pracownicy przemieszczaj&#261; si&#281; mi&#281;dzy korytarzami, placami i obszarami postojowymi. Bluetooth obs&#322;uguje urz&#261;dzenia peryferyjne, takie jak zestawy s&#322;uchawkowe, drukarki i skanery pier&#347;cieniowe, zapewniaj&#261;c wydajno&#347;&#263; bez u&#380;ycia r&#261;k. <\/p><h3 data-start=\"3684\" data-end=\"3704\">Gotowy dla flot<\/h3><p data-start=\"3705\" data-end=\"3944\">Stabilna platforma Windows Embedded Handheld 6.5, podstawki FlexDock i trwa&#322;e cz&#281;&#347;ci zamienne upraszczaj&#261; obs&#322;ug&#281; i wsparcie na du&#380;&#261; skal&#281;. Standaryzowane akcesoria dla ca&#322;ej rodziny CK7x\/CK3x pomagaj&#261; skonsolidowa&#263; &#322;adowarki i kabury, obni&#380;aj&#261;c ca&#322;kowity koszt. <\/p><h2 data-start=\"3946\" data-end=\"3964\">Idealne przypadki u&#380;ycia<\/h2><ul data-start=\"3965\" data-end=\"4607\">\n<li data-start=\"3965\" data-end=\"4096\">\n<p data-start=\"3967\" data-end=\"4096\"><strong data-start=\"3967\" data-end=\"3997\">Magazynowanie i dystrybucja<\/strong> &ndash; kompletacja karton&oacute;w\/palet, liczenie cykli i uzupe&#322;nianie zapas&oacute;w dzi&#281;ki skanowaniu dalekiego zasi&#281;gu i szybko&#347;ci klawiatury.<\/p>\n<\/li>\n<li data-start=\"4097\" data-end=\"4230\">\n<p data-start=\"4099\" data-end=\"4230\"><strong data-start=\"4099\" data-end=\"4125\">Transport i cross-dock<\/strong> &ndash; walidacja przychodz&#261;ca\/wychodz&#261;ca i tworzenie &#322;adunk&oacute;w w warunkach placu i rampy, gdzie liczy si&#281; czas pracy bez przestoj&oacute;w.<\/p>\n<\/li>\n<li data-start=\"4231\" data-end=\"4359\">\n<p data-start=\"4233\" data-end=\"4359\"><strong data-start=\"4233\" data-end=\"4264\">&#321;a&#324;cuch ch&#322;odniczy i logistyka &#380;ywno&#347;ci<\/strong> &ndash; skanowanie i kontrole w ch&#322;odziarkach\/zamra&#380;arkach z obs&#322;ug&#261; przyjazn&#261; dla r&#281;kawic i szczeln&#261; obudow&#261;.<\/p>\n<\/li>\n<li data-start=\"4360\" data-end=\"4484\">\n<p data-start=\"4362\" data-end=\"4484\"><strong data-start=\"4362\" data-end=\"4390\">Produkcja i monta&#380;<\/strong> &ndash; &#347;ledzenie materia&#322;&oacute;w po stronie linii produkcyjnej i aktualizacje WIP, gdzie trwa&#322;o&#347;&#263; i klienci TE s&#261; standardem.<\/p>\n<\/li>\n<li data-start=\"4485\" data-end=\"4607\">\n<p data-start=\"4487\" data-end=\"4607\"><strong data-start=\"4487\" data-end=\"4516\">Sektor publiczny i us&#322;ugi u&#380;yteczno&#347;ci publicznej<\/strong> &ndash; inspekcje zasob&oacute;w i obiekt&oacute;w dzia&#322;aj&#261; w trudnych warunkach zewn&#281;trznych z nieostro&#380;n&#261; obs&#322;ug&#261;.<\/p>\n<\/li>\n<\/ul><h2 data-start=\"4609\" data-end=\"4663\">Por&oacute;wnanie produkt&oacute;w dla Honeywell Intermec CK71<\/h2><ul data-start=\"4664\" data-end=\"5110\">\n<li data-start=\"4664\" data-end=\"4813\">\n<p data-start=\"4666\" data-end=\"4813\"><a href=\"https:\/\/micronordic.com\/product\/honeywell-intermec-ck3x-mobile-handheld-computer-refurbished\/\"><strong data-start=\"4666\" data-end=\"4693\">Honeywell Intermec CK3X<\/strong><\/a> &ndash; Wybierz, gdy potrzebujesz l&#380;ejszego, bardziej zr&oacute;wnowa&#380;onego urz&#261;dzenia do standardowych zada&#324; magazynowych z siln&#261; ci&#261;g&#322;o&#347;ci&#261; akcesori&oacute;w.<\/p>\n<\/li>\n<li data-start=\"4814\" data-end=\"4964\">\n<p data-start=\"4816\" data-end=\"4964\"><a href=\"https:\/\/micronordic.com\/product\/intermec-cn51-mobile-handheld-computer-refurbished\/\"><strong data-start=\"4816\" data-end=\"4843\">Honeywell Intermec CN51<\/strong><\/a> &ndash; Preferuje bardziej kompaktow&#261;, mobiln&#261; obudow&#281; do zada&#324; terenowych, w kt&oacute;rych przeno&#347;no&#347;&#263; i &#380;ywotno&#347;&#263; baterii wymagaj&#261; wyboru.<\/p>\n<\/li>\n<li data-start=\"4965\" data-end=\"5110\">\n<p data-start=\"4967\" data-end=\"5110\"><a href=\"https:\/\/micronordic.com\/product\/honeywell-intermec-cn70-mobile-handheld-computer-refurbished\/\"><strong data-start=\"4967\" data-end=\"4994\">Honeywell Intermec CN70<\/strong><\/a> &ndash; Rozwa&#380;my podobnie ultrawytrzyma&#322;e, kompaktowe urz&#261;dzenie z klawiatur&#261; zoptymalizowane dla zespo&#322;&oacute;w terenowych wymagaj&#261;cych maksymalnej wytrzyma&#322;o&#347;ci.<\/p>\n<\/li>\n<\/ul>\n","protected":false},"excerpt":{"rendered":"<p>WYBIERZ WARIANT PONI\u017bEJ! Zadzwo\u0144 do nas, je\u015bli potrzebujesz pomocy w znalezieniu odpowiedniego wariantu produktu. <\/p>\n<h3>Specyfikacje:<\/h3>\n<ul>\n<li><strong>Wy\u015bwietlacz:<\/strong> 3,5-calowy transflektywny ekran dotykowy VGA (480\u00d7640)<\/li>\n<li><strong>Procesor:<\/strong> Wieloprocesor klasy OMAP, ~1 GHz<\/li>\n<li><strong>Grafika:<\/strong> Zintegrowana grafika mobilna<\/li>\n<li><strong>Pami\u0119\u0107:<\/strong> 512 MB RAM<\/li>\n<li><strong>Pami\u0119\u0107:<\/strong> 1 GB flash, rozszerzenie microSD<\/li>\n<li><strong>\u0141\u0105czno\u015b\u0107:<\/strong> Wi-Fi 802.11 a\/b\/g\/n, Bluetooth; klient USB; interfejsy stacji dokuj\u0105cej FlexDock<\/li>\n<li><strong>Certyfikaty rugged:<\/strong> IP67; upadki z wysoko\u015bci 1,8 m\/6 st\u00f3p w ca\u0142ym zakresie temperatur; 2000\u00d7 upadki (1 m)<\/li>\n<li><strong>Bezpiecze\u0144stwo:<\/strong> WPA2-Enterprise, obs\u0142uga szyfrowania urz\u0105dze\u0144, zgodno\u015b\u0107 z MDM\/TE<\/li>\n<li><strong>Bateria:<\/strong> wymienna bateria litowo-jonowa 5200 mAh z diagnostyk\u0105 stanu baterii<\/li>\n<li><strong>Wymiary i waga:<\/strong> 23,7 \u00d7 8,0 \u00d7 5,0 cm; ~ 584 g (z bateri\u0105)<\/li>\n<li><strong>Gwarancja:<\/strong> EX-DEMO 12-miesi\u0119czna gwarancja firmy Micro Nordic<\/li>\n<\/ul>\n<p><strong>Wybierz odpowiedni model poni\u017cej przed dodaniem go do koszyka<\/strong><\/p>\n","protected":false},"author":16,"featured_media":100538,"template":"","meta":{"_acf_changed":false,"inline_featured_image":false},"product-condition":[5279],"product_brand":[8970],"product_cat":[5196,5200,5198],"product_tag":[4879],"class_list":{"0":"post-46138","1":"product","2":"type-product","3":"status-publish","4":"has-post-thumbnail","6":"product-condition-ex-demo","7":"product_brand-honeywell-intermec","8":"product_cat-honeywell-intermec","9":"product_cat-all-barcode-scanners","10":"product_cat-refurbished-rugged-hardware","11":"product_tag-wrd-pl","12":"pa_model-part-number-ck71aa4mn00w1100","13":"pa_model-part-number-ck71aa6mn00w1100","14":"pa_model-part-number-ck71ab6en00w1400","15":"pa_model-part-number-ck71ab6en00w4100","16":"pa_model-part-number-ck71ab6mc00w1100","17":"pa_model-part-number-ck71ab6mc00w1400","18":"pa_model-part-number-ck71ab6mc00w4100","19":"pa_model-part-number-ck71ab6mn00w1100","20":"pa_model-part-number-ck71ab6mn00w1400","21":"pa_model-part-number-ck71ab6mn00w4100","23":"first","24":"instock","25":"taxable","26":"shipping-taxable","27":"purchasable","28":"product-type-variable"},"acf":[],"_links":{"self":[{"href":"https:\/\/micronordic.com\/pl\/wp-json\/wp\/v2\/product\/46138","targetHints":{"allow":["GET"]}}],"collection":[{"href":"https:\/\/micronordic.com\/pl\/wp-json\/wp\/v2\/product"}],"about":[{"href":"https:\/\/micronordic.com\/pl\/wp-json\/wp\/v2\/types\/product"}],"author":[{"embeddable":true,"href":"https:\/\/micronordic.com\/pl\/wp-json\/wp\/v2\/users\/16"}],"version-history":[{"count":2,"href":"https:\/\/micronordic.com\/pl\/wp-json\/wp\/v2\/product\/46138\/revisions"}],"predecessor-version":[{"id":98643,"href":"https:\/\/micronordic.com\/pl\/wp-json\/wp\/v2\/product\/46138\/revisions\/98643"}],"wp:featuredmedia":[{"embeddable":true,"href":"https:\/\/micronordic.com\/pl\/wp-json\/wp\/v2\/media\/100538"}],"wp:attachment":[{"href":"https:\/\/micronordic.com\/pl\/wp-json\/wp\/v2\/media?parent=46138"}],"wp:term":[{"taxonomy":"product-condition","embeddable":true,"href":"https:\/\/micronordic.com\/pl\/wp-json\/wp\/v2\/product-condition?post=46138"},{"taxonomy":"product_brand","embeddable":true,"href":"https:\/\/micronordic.com\/pl\/wp-json\/wp\/v2\/product_brand?post=46138"},{"taxonomy":"product_cat","embeddable":true,"href":"https:\/\/micronordic.com\/pl\/wp-json\/wp\/v2\/product_cat?post=46138"},{"taxonomy":"product_tag","embeddable":true,"href":"https:\/\/micronordic.com\/pl\/wp-json\/wp\/v2\/product_tag?post=46138"}],"curies":[{"name":"wp","href":"https:\/\/api.w.org\/{rel}","templated":true}]}}