{"id":46136,"date":"2018-04-26T13:46:54","date_gmt":"2018-04-26T11:46:54","guid":{"rendered":"https:\/\/micronordic.com\/product\/przenosny-komputer-reczny-honeywell-intermec-cn51-odnowiony\/"},"modified":"2025-11-20T13:38:21","modified_gmt":"2025-11-20T12:38:21","slug":"intermec-cn51-mobile-handheld-computer-refurbished","status":"publish","type":"product","link":"https:\/\/micronordic.com\/pl\/product\/intermec-cn51-mobile-handheld-computer-refurbished\/","title":{"rendered":"Honeywell Intermec CN51 Handheld Mobile Computer (EX-DEMO)"},"content":{"rendered":"<?xml encoding=\"utf-8\" ?><h2 data-start=\"0\" data-end=\"61\">Honeywell Intermec CN51 Handheld Mobile Computer (EX-DEMO)<\/h2><p data-start=\"63\" data-end=\"473\"><strong data-start=\"67\" data-end=\"94\">Honeywell Intermec CN51<\/strong> Handheld Mobile to kompaktowy, rugged handheld zbudowany z my&#347;l&#261; o mobilno&#347;ci na pierwszej linii frontu, gdzie liczy si&#281; niezawodne przechwytywanie kod&oacute;w kreskowych, nieprzerwana &#322;&#261;czno&#347;&#263; i wydajno&#347;&#263; klawiatury. Dzi&#281;ki du&#380;emu 4,0-calowemu wy&#347;wietlaczowi wielodotykowemu WVGA, dwurdzeniowemu procesorowi 1,5 GHz i odpornemu na ruch obrazowaniu 1D\/2D, urz&#261;dzenie to zapewnia sprawne dzia&#322;anie przep&#322;yw&oacute;w pracy TE\/telnet i WMS opartych na przegl&#261;darce na hali magazynowej, w dokach prze&#322;adunkowych i w drodze. <\/p><p data-start=\"475\" data-end=\"955\">Ten produkt jest dostarczany wy&#322;&#261;cznie w <strong data-start=\"500\" data-end=\"511\">wersji EX-DEMO<\/strong>. Urz&#261;dzenia EX-DEMO by&#322;y kr&oacute;tko u&#380;ywane do cel&oacute;w demonstracyjnych; wi&#281;kszo&#347;&#263; z nich jest dostarczana w czystych pude&#322;kach (niekt&oacute;re w oryginalnych opakowaniach) i zazwyczaj zawiera standardowe akcesoria i kable. Przednie\/tylne plastiki i digitizery s&#261; od&#347;wie&#380;one nowymi cz&#281;&#347;ciami.  <\/p><p data-start=\"475\" data-end=\"955\"><strong>Urz&#261;dzenia EX-DEMO s&#261; obj&#281;te domy&#347;ln&#261; 12-miesi&#281;czn&#261; gwarancj&#261; Micro Nordic &ndash; jest<\/strong>to op&#322;acalny spos&oacute;b na rozszerzenie lub utrzymanie starszych flot przy jednoczesnym zmniejszeniu wydatk&oacute;w i odpad&oacute;w elektronicznych bez uszczerbku dla funkcjonalno&#347;ci.<\/p><h2 data-start=\"957\" data-end=\"1003\">Kluczowe cechy Honeywell Intermec CN51<\/h2><ul data-start=\"1004\" data-end=\"2301\">\n<li data-start=\"1004\" data-end=\"1141\">\n<p data-start=\"1006\" data-end=\"1141\"><strong data-start=\"1006\" data-end=\"1022\">Wytrzyma&#322;a konstrukcja<\/strong> &ndash; stopie&#324; ochrony IP64 i odporno&#347;&#263; na upadki z wysoko&#347;ci 1,5 m\/5 st&oacute;p pomagaj&#261; urz&#261;dzeniu wytrzyma&#263; codzienne uderzenia, zachlapania i upadki.<\/p>\n<\/li>\n<li data-start=\"1142\" data-end=\"1273\">\n<p data-start=\"1144\" data-end=\"1273\"><strong data-start=\"1144\" data-end=\"1172\">Czytelny wy&#347;wietlacz<\/strong> &ndash; 4,0-calowy ekran wielodotykowy WVGA (480&times;800) zapewnia wyra&#378;ny obraz w pobli&#380;u bram dokuj&#261;cych i przy jasnym &#347;wietle.<\/p>\n<\/li>\n<li data-start=\"1274\" data-end=\"1399\">\n<p data-start=\"1276\" data-end=\"1399\"><strong data-start=\"1276\" data-end=\"1302\">Responsywna wydajno&#347;&#263;<\/strong> &ndash; dwurdzeniowa architektura 1,5 GHz z 1 GB pami&#281;ci RAM i 16 GB pami&#281;ci flash zapewnia szybkie dzia&#322;anie aplikacji i skanowanie.<\/p>\n<\/li>\n<li data-start=\"1400\" data-end=\"1536\">\n<p data-start=\"1402\" data-end=\"1536\"><strong data-start=\"1402\" data-end=\"1424\">Obrazowanie w przedsi&#281;biorstwie<\/strong> &ndash; wysokowydajne imagery 2D (EA30\/EA31) z du&#380;&#261; tolerancj&#261; na ruch szybko rejestruj&#261; kody kreskowe noszone i mobilne.<\/p>\n<\/li>\n<li data-start=\"1537\" data-end=\"1665\">\n<p data-start=\"1539\" data-end=\"1665\"><strong data-start=\"1539\" data-end=\"1558\">Elastyczne radia<\/strong> &ndash; Wi-Fi klasy korporacyjnej (802.11 a\/b\/g\/n), Bluetooth, GPS (z konfiguracjami WWAN) i opcjonalna sie&#263; WWAN obs&#322;uguj&#261;ca po&#322;&#261;czenia g&#322;osowe.<\/p>\n<\/li>\n<li data-start=\"1666\" data-end=\"1785\">\n<p data-start=\"1668\" data-end=\"1785\"><strong data-start=\"1668\" data-end=\"1687\">Zasilanie przez ca&#322;&#261; zmian&#281;<\/strong> &ndash; inteligentna bateria 3,7 V ~3920 mAh obs&#322;uguje d&#322;ugie trasy; analiza baterii pomaga w proaktywnej wymianie.<\/p>\n<\/li>\n<li data-start=\"1786\" data-end=\"1930\">\n<p data-start=\"1788\" data-end=\"1930\"><strong data-start=\"1788\" data-end=\"1816\">Szybkie wej&#347;cia\/wyj&#347;cia i dokowanie<\/strong> &ndash; interfejsy USB host\/klient i rugged pogo wsp&oacute;&#322;pracuj&#261; z FlexDock single\/multi-bay, Ethernet i podstawkami samochodowymi.<\/p>\n<\/li>\n<li data-start=\"1931\" data-end=\"2059\">\n<p data-start=\"1933\" data-end=\"2059\"><strong data-start=\"1933\" data-end=\"1972\">Bezpiecze&#324;stwo i zarz&#261;dzanie na poziomie korporacyjnym<\/strong> &ndash; WPA2-Enterprise, 802.1X, opcje szyfrowania urz&#261;dze&#324; i szeroka kompatybilno&#347;&#263; z MDM\/TE.<\/p>\n<\/li>\n<li data-start=\"2060\" data-end=\"2173\">\n<p data-start=\"2062\" data-end=\"2173\"><strong data-start=\"2062\" data-end=\"2084\">Konstrukcja z mo&#380;liwo&#347;ci&#261; serwisowania<\/strong> &ndash; wymienialne w terenie klawiatury, baterie i cz&#281;&#347;ci zu&#380;ywaj&#261;ce si&#281; wyd&#322;u&#380;aj&#261; cykl &#380;ycia i zmniejszaj&#261; ca&#322;kowity koszt posiadania.<\/p>\n<\/li>\n<li data-start=\"2174\" data-end=\"2301\">\n<p data-start=\"2176\" data-end=\"2301\"><strong data-start=\"2176\" data-end=\"2199\">Ekosystem akcesori&oacute;w<\/strong> &ndash; uchwyty pistoletowe, kabury, wielogniazdowe &#322;adowarki, zatrzaski RFID i peryferia g&#322;osowe pasuj&#261; do r&oacute;&#380;nych r&oacute;l.<\/p>\n<\/li>\n<\/ul><h2 data-start=\"2303\" data-end=\"2349\">Kluczowe zalety urz&#261;dzenia Honeywell Intermec CN51<\/h2><h3 data-start=\"2351\" data-end=\"2390\">Stworzony do pracy w najtrudniejszych warunkach<\/h3><p data-start=\"2391\" data-end=\"2599\">Uszczelnione przed kurzem i deszczem oraz przetestowane pod k&#261;tem wielokrotnych upadk&oacute;w z wysoko&#347;ci 1,5 m i 1000 wstrz&#261;s&oacute;w, urz&#261;dzenie doskonale sprawdza si&#281; na placach, placach postojowych i na drodze. Zespo&#322;y zachowuj&#261; produktywno&#347;&#263; bez konieczno&#347;ci dbania o delikatny sprz&#281;t konsumencki. <\/p><h3 data-start=\"2601\" data-end=\"2633\">Du&#380;y ekran, lepsze przep&#322;ywy pracy<\/h3><p data-start=\"2634\" data-end=\"2835\">Jasny wy&#347;wietlacz o przek&#261;tnej 4,0&Prime; zapewnia wi&#281;cej miejsca na listy zada&#324;, potwierdzenia wyboru i podpisy. Przyjazne dla r&#281;kawic rezystancyjne klawisze dotykowe i fizyczne przyspieszaj&#261; nawigacj&#281; TE i wprowadzanie danych numerycznych, gdy liczy si&#281; przepustowo&#347;&#263;. <\/p><h3 data-start=\"2837\" data-end=\"2871\">Moc, kt&oacute;ra wystarcza na ca&#322;y dzie&#324;<\/h3><p data-start=\"2872\" data-end=\"3069\">Inteligentny akumulator o pojemno&#347;ci ~3920 mAh, w po&#322;&#261;czeniu z wydajnym przetwarzaniem, zasila pe&#322;ne zmiany. Wska&#378;niki kondycji pomagaj&#261; dzia&#322;owi IT wymienia&#263; baterie, zanim ulegn&#261; awarii, skracaj&#261;c niespodziewane przestoje i utrzymuj&#261;c trasy zgodnie z harmonogramem. <\/p><h3 data-start=\"3071\" data-end=\"3110\">P&#322;ynna &#322;&#261;czno&#347;&#263; i przep&#322;yw danych<\/h3><p data-start=\"3111\" data-end=\"3328\">Dwuzakresowa korporacyjna sie&#263; Wi-Fi z roamingiem, Bluetooth dla urz&#261;dze&#324; peryferyjnych i opcjonalna WWAN\/GPS (w okre&#347;lonych modelach) zapewniaj&#261; responsywno&#347;&#263; aplikacji od korytarza do ci&#281;&#380;ar&oacute;wki. Standaryzowane podstawki upraszczaj&#261; &#322;adowanie\/synchronizacj&#281; we flotach. <\/p><h3 data-start=\"3330\" data-end=\"3350\">Gotowy dla flot<\/h3><p data-start=\"3351\" data-end=\"3557\">Konfiguracje Windows Embedded Handheld 6.5 lub Android (w zale&#380;no&#347;ci od modelu) obs&#322;uguj&#261; migracje etapowe. Udost&#281;pnianie oparte na klonowaniu\/skanowaniu i znane akcesoria FlexDock usprawniaj&#261; wdra&#380;anie, naprawy i cz&#281;&#347;ci zamienne. <\/p><h2 data-start=\"3559\" data-end=\"3577\">Idealne przypadki u&#380;ycia<\/h2><ul data-start=\"3578\" data-end=\"4223\">\n<li data-start=\"3578\" data-end=\"3714\">\n<p data-start=\"3580\" data-end=\"3714\"><strong data-start=\"3580\" data-end=\"3606\">Transport i cross-dock<\/strong> &ndash; walidacja przychodz&#261;ca\/wychodz&#261;ca, budowanie &#322;adunk&oacute;w i prace na placu, gdzie niewielkie rozmiary i rugged uptime maj&#261; kluczowe znaczenie.<\/p>\n<\/li>\n<li data-start=\"3715\" data-end=\"3855\">\n<p data-start=\"3717\" data-end=\"3855\"><strong data-start=\"3717\" data-end=\"3747\">Magazynowanie i dystrybucja<\/strong> &ndash; kompletacja skrzynek\/palet, liczenie cykli i uzupe&#322;nianie zapas&oacute;w przy u&#380;yciu klient&oacute;w TE i szybkiego skanowania toleruj&#261;cego ruch.<\/p>\n<\/li>\n<li data-start=\"3856\" data-end=\"3976\">\n<p data-start=\"3858\" data-end=\"3976\"><strong data-start=\"3858\" data-end=\"3886\">Zaplecze i sklepy detaliczne<\/strong> &ndash; Sprawdzanie cen, przyjmowanie zam&oacute;wie&#324; i inwentaryzacja z niezawodn&#261; sieci&#261; Wi-Fi i szybko&#347;ci&#261; zorientowan&#261; na klawiatur&#281;.<\/p>\n<\/li>\n<li data-start=\"3977\" data-end=\"4099\">\n<p data-start=\"3979\" data-end=\"4099\"><strong data-start=\"3979\" data-end=\"4006\">Serwis terenowy (na miejscu)<\/strong> &ndash; kontrole zasob&oacute;w i dzienniki serwisowe w obiekcie; warianty WWAN obejmuj&#261; trasy drogowe.<\/p>\n<\/li>\n<li data-start=\"4100\" data-end=\"4223\">\n<p data-start=\"4102\" data-end=\"4223\"><strong data-start=\"4102\" data-end=\"4130\">Produkcja i monta&#380;<\/strong> &ndash; &#347;ledzenie materia&#322;&oacute;w po stronie linii produkcyjnej i aktualizacje WIP z opcjami dokowania dla &#322;awek i pojazd&oacute;w.<\/p>\n<\/li>\n<\/ul><h2 data-start=\"4225\" data-end=\"4279\">Por&oacute;wnanie produkt&oacute;w dla Honeywell Intermec CN51<\/h2><ul data-start=\"4280\" data-end=\"4720\">\n<li data-start=\"4280\" data-end=\"4426\">\n<p data-start=\"4282\" data-end=\"4426\"><a href=\"https:\/\/micronordic.com\/product\/honeywell-intermec-ck71-mobile-handheld-computer-refurbished\/\"><strong data-start=\"4282\" data-end=\"4309\">Honeywell Intermec CK71<\/strong><\/a> &ndash; Ultra-wytrzyma&#322;a alternatywa z wy&#380;sz&#261; odporno&#347;ci&#261; na upadki i uszczelnieniem IP67 dla najtrudniejszych, zimnych lub mokrych &#347;rodowisk.<\/p>\n<\/li>\n<li data-start=\"4427\" data-end=\"4574\">\n<p data-start=\"4429\" data-end=\"4574\"><a href=\"https:\/\/micronordic.com\/product\/honeywell-intermec-ck3x-mobile-handheld-computer-refurbished\/\"><strong data-start=\"4429\" data-end=\"4456\">Honeywell Intermec CK3X<\/strong><\/a> &ndash; Podobna klawiatura zoptymalizowana do u&#380;ytku w magazynie z opcjami skanowania o rozszerzonym zasi&#281;gu i ci&#261;g&#322;o&#347;ci&#261; akcesori&oacute;w.<\/p>\n<\/li>\n<li data-start=\"4575\" data-end=\"4720\">\n<p data-start=\"4577\" data-end=\"4720\"><a href=\"https:\/\/micronordic.com\/product\/honeywell-intermec-cn70-mobile-handheld-computer-refurbished\/\"><strong data-start=\"4577\" data-end=\"4604\">Honeywell Intermec CN70<\/strong><\/a> &ndash; Bardziej kompaktowy, ultra-wytrzyma&#322;y handheld dla wymagaj&#261;cych warunk&oacute;w terenowych, gdzie maksymalna wytrzyma&#322;o&#347;&#263; i niewielkie rozmiary s&#261; kluczowe.<\/p>\n<\/li>\n<\/ul><div class=\"contain-inline-size rounded-2xl relative bg-token-sidebar-surface-primary\">\n<div class=\"sticky top-9\">\n<div class=\"absolute end-0 bottom-0 flex h-9 items-center pe-2\">\n<div class=\"bg-token-bg-elevated-secondary text-token-text-secondary flex items-center gap-4 rounded-sm px-2 font-sans text-xs\"><\/div>\n<\/div>\n<\/div>\n<div class=\"overflow-y-auto p-4\" dir=\"ltr\"><\/div>\n<\/div>\n","protected":false},"excerpt":{"rendered":"<p>WYBIERZ WARIANT PONI\u017bEJ! Zadzwo\u0144 do nas, je\u015bli potrzebujesz pomocy w znalezieniu odpowiedniego wariantu produktu. <\/p>\n<h3>Specyfikacje:<\/h3>\n<ul>\n<li><strong>Wy\u015bwietlacz:<\/strong> 4,0&#8243; WVGA (480\u00d7800) multi-touch, z mo\u017cliwo\u015bci\u0105 wy\u015bwietlania na zewn\u0105trz<\/li>\n<li><strong>Procesor:<\/strong> TI OMAP 4470 dwurdzeniowy 1,5 GHz<\/li>\n<li><strong>Uk\u0142ad graficzny:<\/strong> Zintegrowany mobilny procesor graficzny<\/li>\n<li><strong>Pami\u0119\u0107:<\/strong> 1 GB RAM<\/li>\n<li><strong>Pami\u0119\u0107 masowa:<\/strong> 16 GB flash; microSD do 32 GB<\/li>\n<li><strong>\u0141\u0105czno\u015b\u0107:<\/strong> Wi-Fi 802.11 a\/b\/g\/n, Bluetooth; opcjonalnie WWAN+GPS (zale\u017cnie od modelu); host\/klient USB; FlexDock<\/li>\n<li><strong>Certyfikaty rugged:<\/strong> IP64; 26 upadk\u00f3w z wysoko\u015bci 1,5 m; 1000 upadk\u00f3w z wysoko\u015bci 0,5 m<\/li>\n<li><strong>Bezpiecze\u0144stwo:<\/strong> WPA2-Enterprise, 802.1X; szyfrowanie urz\u0105dze\u0144 i obs\u0142uga MDM\/TE<\/li>\n<li><strong>Bateria:<\/strong> Inteligentna bateria litowo-jonowa ~3920 mAh, wymienna w terenie<\/li>\n<li><strong>Wymiary i waga:<\/strong> 164 \u00d7 74 \u00d7 28-32 mm; ~350 g (z bateri\u0105)<\/li>\n<li><strong>Gwarancja:<\/strong> EX-DEMO 12-miesi\u0119czna gwarancja firmy Micro Nordic<\/li>\n<\/ul>\n<p><strong>Wybierz odpowiedni model poni\u017cej przed dodaniem go do koszyka<\/strong><\/p>\n","protected":false},"author":16,"featured_media":100643,"template":"","meta":{"_acf_changed":false,"inline_featured_image":false},"product-condition":[5279],"product_brand":[8970],"product_cat":[5196,5200,5198],"product_tag":[4879],"class_list":{"0":"post-46136","1":"product","2":"type-product","3":"status-publish","4":"has-post-thumbnail","6":"product-condition-ex-demo","7":"product_brand-honeywell-intermec","8":"product_cat-honeywell-intermec","9":"product_cat-all-barcode-scanners","10":"product_cat-refurbished-rugged-hardware","11":"product_tag-wrd-pl","12":"pa_model-part-number-cn51an1kcu2w3000","13":"pa_model-part-number-cn51an1kn00a2000","14":"pa_model-part-number-cn51an1kn00w0000","15":"pa_model-part-number-cn51an1kn00w2000","16":"pa_model-part-number-cn51an1scu2w3000","17":"pa_model-part-number-cn51an1snu2w1000","18":"pa_model-part-number-cn51aq1kc00w0000","19":"pa_model-part-number-cn51aq1kcu2w1000","20":"pa_model-part-number-cn51aq1kn00w0000","21":"pa_model-part-number-cn51aq1knu2w1000","23":"first","24":"instock","25":"taxable","26":"shipping-taxable","27":"purchasable","28":"product-type-variable"},"acf":[],"_links":{"self":[{"href":"https:\/\/micronordic.com\/pl\/wp-json\/wp\/v2\/product\/46136","targetHints":{"allow":["GET"]}}],"collection":[{"href":"https:\/\/micronordic.com\/pl\/wp-json\/wp\/v2\/product"}],"about":[{"href":"https:\/\/micronordic.com\/pl\/wp-json\/wp\/v2\/types\/product"}],"author":[{"embeddable":true,"href":"https:\/\/micronordic.com\/pl\/wp-json\/wp\/v2\/users\/16"}],"version-history":[{"count":2,"href":"https:\/\/micronordic.com\/pl\/wp-json\/wp\/v2\/product\/46136\/revisions"}],"predecessor-version":[{"id":98657,"href":"https:\/\/micronordic.com\/pl\/wp-json\/wp\/v2\/product\/46136\/revisions\/98657"}],"wp:featuredmedia":[{"embeddable":true,"href":"https:\/\/micronordic.com\/pl\/wp-json\/wp\/v2\/media\/100643"}],"wp:attachment":[{"href":"https:\/\/micronordic.com\/pl\/wp-json\/wp\/v2\/media?parent=46136"}],"wp:term":[{"taxonomy":"product-condition","embeddable":true,"href":"https:\/\/micronordic.com\/pl\/wp-json\/wp\/v2\/product-condition?post=46136"},{"taxonomy":"product_brand","embeddable":true,"href":"https:\/\/micronordic.com\/pl\/wp-json\/wp\/v2\/product_brand?post=46136"},{"taxonomy":"product_cat","embeddable":true,"href":"https:\/\/micronordic.com\/pl\/wp-json\/wp\/v2\/product_cat?post=46136"},{"taxonomy":"product_tag","embeddable":true,"href":"https:\/\/micronordic.com\/pl\/wp-json\/wp\/v2\/product_tag?post=46136"}],"curies":[{"name":"wp","href":"https:\/\/api.w.org\/{rel}","templated":true}]}}