{"id":46132,"date":"2022-01-01T13:14:29","date_gmt":"2022-01-01T12:14:29","guid":{"rendered":"https:\/\/micronordic.com\/product\/panasonic-toughpad-fz-m1-fzm1-odnowiony\/"},"modified":"2025-11-20T18:04:06","modified_gmt":"2025-11-20T17:04:06","slug":"panasonic-toughpad-fz-m1-refurbished","status":"publish","type":"product","link":"https:\/\/micronordic.com\/pl\/product\/panasonic-toughpad-fz-m1-refurbished\/","title":{"rendered":"Panasonic Toughpad FZ-M1 MK3 (PRE-OWNED)"},"content":{"rendered":"<?xml encoding=\"utf-8\" ?><h2 data-start=\"258\" data-end=\"303\">Panasonic Toughpad FZ-M1 MK3 (PRZEDMIOT U&#379;YWANY)<\/h2><p data-start=\"305\" data-end=\"674\"><strong data-start=\"309\" data-end=\"341\">Panasonic Toughpad FZ-M1 MK3<\/strong> to w pe&#322;ni rugged 7-calowy tablet z systemem Windows zaprojektowany dla profesjonalist&oacute;w, kt&oacute;rzy potrzebuj&#261; maksymalnej przeno&#347;no&#347;ci bez uszczerbku dla trwa&#322;o&#347;ci. Jako cz&#281;&#347;&#263; renomowanej linii Toughbook\/Toughpad firmy Panasonic, FZ-M1 zapewnia niezawodn&#261; r&oacute;wnowag&#281; mi&#281;dzy jako&#347;ci&#261; wykonania rugged, wydajno&#347;ci&#261; na poziomie korporacyjnym i elastyczn&#261; &#322;&#261;czno&#347;ci&#261; w kompaktowej obudowie.<\/p><p data-start=\"676\" data-end=\"1069\">W <strong data-start=\"679\" data-end=\"695\">Micro<\/strong> Nordic ten model jest oferowany jako <strong data-start=\"722\" data-end=\"757\">Certified Pre-Owned (PRE-OWNED) z 12-miesi&#281;czn&#261; gwarancj&#261;<\/strong>. Ka&#380;da jednostka zosta&#322;a poddana gruntownej renowacji, w tym naprawom sprz&#281;tu, wymianie komponent&oacute;w, aktualizacji oprogramowania i testom jako&#347;ci, aby zapewni&#263;, &#380;e dzia&#322;a jak nowa. To sprawia, &#380;e jest to inteligentny i op&#322;acalny wyb&oacute;r dla przedsi&#281;biorstw, kt&oacute;re chc&#261; mie&#263; moc obliczeniow&#261; rugged w znacznie obni&#380;onej cenie.<\/p><h2 data-start=\"1071\" data-end=\"1124\">Kluczowe cechy tabletu Panasonic Toughpad FZ-M1 MK3<\/h2><ul data-start=\"1126\" data-end=\"1955\">\n<li data-start=\"1126\" data-end=\"1218\">\n<p data-start=\"1128\" data-end=\"1218\">Fully <strong data-start=\"1128\" data-end=\"1144\">Rugged<\/strong> &ndash; certyfikat MIL-STD-810G, klasa szczelno&#347;ci IP65 i odporno&#347;&#263; na upadki z wysoko&#347;ci do 1,5 m.<\/p>\n<\/li>\n<li data-start=\"1219\" data-end=\"1324\">\n<p data-start=\"1221\" data-end=\"1324\"><strong data-start=\"1221\" data-end=\"1232\">Wy&#347;wietlacz<\/strong> &ndash; 7&Prime; WXGA (1280&times;800) czytelny w &#347;wietle dziennym ekran wielodotykowy z 10-punktowym dotykiem pojemno&#347;ciowym.<\/p>\n<\/li>\n<li data-start=\"1325\" data-end=\"1414\">\n<p data-start=\"1327\" data-end=\"1414\"><strong data-start=\"1327\" data-end=\"1340\">Procesor<\/strong> &ndash; Intel&reg; Core&trade; i5-7Y57 vPro&trade;, bezwentylatorowa konstrukcja zapewniaj&#261;ca niezawodno&#347;&#263;.<\/p>\n<\/li>\n<li data-start=\"1415\" data-end=\"1464\">\n<p data-start=\"1417\" data-end=\"1464\"><strong data-start=\"1417\" data-end=\"1427\">Pami&#281;&#263;<\/strong> &ndash; 8 GB RAM (z mo&#380;liwo&#347;ci&#261; rozbudowy do 16 GB).<\/p>\n<\/li>\n<li data-start=\"1465\" data-end=\"1520\">\n<p data-start=\"1467\" data-end=\"1520\"><strong data-start=\"1467\" data-end=\"1478\">Pami&#281;&#263; masowa<\/strong> &ndash; 256 GB SSD, z mo&#380;liwo&#347;ci&#261; rozszerzenia za pomoc&#261; microSDXC.<\/p>\n<\/li>\n<li data-start=\"1521\" data-end=\"1601\">\n<p data-start=\"1523\" data-end=\"1601\"><strong data-start=\"1523\" data-end=\"1539\">&#321;&#261;czno&#347;&#263;<\/strong> &ndash; Wi-Fi, Bluetooth, USB 3.0, HDMI, opcjonalnie 4G LTE i GPS.<\/p>\n<\/li>\n<li data-start=\"1602\" data-end=\"1706\">\n<p data-start=\"1604\" data-end=\"1706\"><strong data-start=\"1604\" data-end=\"1615\">Bateria<\/strong> &ndash; wymieniana podczas pracy bateria o czasie dzia&#322;ania do 8 godzin; dost&#281;pna opcjonalna bateria o zwi&#281;kszonej pojemno&#347;ci.<\/p>\n<\/li>\n<li data-start=\"1707\" data-end=\"1763\">\n<p data-start=\"1709\" data-end=\"1763\"><strong data-start=\"1709\" data-end=\"1729\">System operacyjny<\/strong> &ndash; Windows 10 Pro (z mo&#380;liwo&#347;ci&#261; aktualizacji).<\/p>\n<\/li>\n<li data-start=\"1764\" data-end=\"1852\">\n<p data-start=\"1766\" data-end=\"1852\"><strong data-start=\"1766\" data-end=\"1781\">Format<\/strong> &ndash; lekki (ok. 540 g), bez wentylatora i smuk&#322;y dla mobilno&#347;ci w terenie.<\/p>\n<\/li>\n<li data-start=\"1853\" data-end=\"1955\">\n<p data-start=\"1855\" data-end=\"1955\"><strong data-start=\"1855\" data-end=\"1878\">Certified Pre-Owned<\/strong> &ndash; odnowiony, przetestowany i przywr&oacute;cony do stanu zbli&#380;onego do nowego przez technik&oacute;w.<\/p>\n<\/li>\n<\/ul><h2 data-start=\"1957\" data-end=\"2010\">Kluczowe zalety tabletu Panasonic Toughpad FZ-M1 MK3<\/h2><h3 data-start=\"2012\" data-end=\"2051\">Ultraprzeno&#347;na, wytrzyma&#322;a wydajno&#347;&#263;<\/h3><p data-start=\"2052\" data-end=\"2302\">FZ-M1 MK3 to jeden z najmniejszych i najl&#380;ejszych w pe&#322;ni wytrzyma&#322;ych tablet&oacute;w z systemem Windows na rynku. Pomimo niewielkich rozmiar&oacute;w jest odporny na upadki, kurz, wibracje i ekstremalne temperatury, dzi&#281;ki czemu jest niezawodny dla mobilnych zespo&#322;&oacute;w pracuj&#261;cych w trudnych warunkach.<\/p><h3 data-start=\"2304\" data-end=\"2335\">Wy&#347;wietlacz czytelny w &#347;wietle dziennym<\/h3><p data-start=\"2336\" data-end=\"2555\">Jego 7-calowy, czytelny w &#347;wietle dziennym ekran WXGA zapewnia widoczno&#347;&#263; nawet w bezpo&#347;rednim &#347;wietle s&#322;onecznym. Panel wielodotykowy jest przystosowany do obs&#322;ugi w r&#281;kawiczkach, zapewniaj&#261;c bezproblemow&#261; obs&#322;ug&#281; technikom terenowym, pracownikom budowlanym lub pracownikom magazynu.<\/p><h3 data-start=\"2557\" data-end=\"2588\">Niezawodna moc przetwarzania<\/h3><p data-start=\"2589\" data-end=\"2852\">Nap&#281;dzany procesorem Intel&reg; Core&trade; i5 vPro&trade;, FZ-M1 MK3 zapewnia p&#322;ynn&#261; wydajno&#347;&#263; aplikacji korporacyjnych, wprowadzania danych i specjalistycznego oprogramowania terenowego. Jego bezwentylatorowa konstrukcja zmniejsza liczb&#281; punkt&oacute;w awarii, zapewniaj&#261;c maksymaln&#261; niezawodno&#347;&#263; w wymagaj&#261;cych &#347;rodowiskach.<\/p><h3 data-start=\"2854\" data-end=\"2887\">Mo&#380;liwo&#347;&#263; rozbudowy i konfiguracji<\/h3><p data-start=\"2888\" data-end=\"3116\">Tablet mo&#380;na dostosowa&#263; za pomoc&#261; opcji rozszerze&#324;, w tym skaner&oacute;w kod&oacute;w kreskowych, czytnik&oacute;w kart inteligentnych lub dodatkowych port&oacute;w. Dzi&#281;ki temu FZ-M1 MK3 mo&#380;na dostosowa&#263; do r&oacute;&#380;nych bran&#380;, od logistyki i us&#322;ug komunalnych po opiek&#281; zdrowotn&#261; i obronno&#347;&#263;.<\/p><h3 data-start=\"3118\" data-end=\"3165\">Certyfikowana warto&#347;&#263; przedsprzeda&#380;na w Micro Nordic<\/h3><p data-start=\"3166\" data-end=\"3498\">Jako urz&#261;dzenie Certified Pre-Owned, ka&#380;dy FZ-M1 MK3 sprzedawany przez Micro Nordic zosta&#322; gruntownie odnowiony i przetestowany. Zu&#380;yte cz&#281;&#347;ci zosta&#322;y wymienione, oprogramowanie zaktualizowane, a urz&#261;dzenia przesz&#322;y rygorystyczne kontrole jako&#347;ci. Klienci korzystaj&#261; z niezawodno&#347;ci rugged Panasonic w znacznie ni&#380;szej cenie w por&oacute;wnaniu do fabrycznie nowych urz&#261;dze&#324;.<\/p><h2 data-start=\"3500\" data-end=\"3557\">Idealne przypadki u&#380;ycia dla Panasonic Toughpad FZ-M1 MK3<\/h2><ul data-start=\"3559\" data-end=\"4071\">\n<li data-start=\"3559\" data-end=\"3675\">\n<p data-start=\"3561\" data-end=\"3675\"><strong data-start=\"3561\" data-end=\"3590\">Serwis terenowy i us&#322;ugi komunalne<\/strong> &ndash; Kompaktowa obudowa z wymienn&#261; bateri&#261; dla technik&oacute;w pracuj&#261;cych na zewn&#261;trz.<\/p>\n<\/li>\n<li data-start=\"3676\" data-end=\"3775\">\n<p data-start=\"3678\" data-end=\"3775\"><strong data-start=\"3678\" data-end=\"3705\">Magazynowanie i logistyka<\/strong> &ndash; niezawodno&#347;&#263; rugged do skanowania kod&oacute;w kreskowych i zarz&#261;dzania zapasami.<\/p>\n<\/li>\n<li data-start=\"3776\" data-end=\"3873\">\n<p data-start=\"3778\" data-end=\"3873\"><strong data-start=\"3778\" data-end=\"3792\">Opieka zdrowotna<\/strong> &ndash; Ma&#322;a, higieniczna, bezwentylatorowa konstrukcja odpowiednia do mobilnego zarz&#261;dzania danymi pacjent&oacute;w.<\/p>\n<\/li>\n<li data-start=\"3874\" data-end=\"3981\">\n<p data-start=\"3876\" data-end=\"3981\"><strong data-start=\"3876\" data-end=\"3903\">Bezpiecze&#324;stwo publiczne i obrona<\/strong> &ndash; wydajno&#347;&#263; gotowa do misji dzi&#281;ki opcjonalnemu LTE\/GPS i d&#322;ugiemu czasowi pracy baterii.<\/p>\n<\/li>\n<li data-start=\"3982\" data-end=\"4071\">\n<p data-start=\"3984\" data-end=\"4071\"><strong data-start=\"3984\" data-end=\"4001\">Produkcja<\/strong> &ndash; rugged przeno&#347;no&#347;&#263; dla operacji w hali produkcyjnej i kontroli jako&#347;ci.<\/p>\n<\/li>\n<\/ul><h2 data-start=\"4073\" data-end=\"4131\">Por&oacute;wnanie produkt&oacute;w: Alternatywy dla Panasonic FZ-M1 MK3<\/h2><p data-start=\"246\" data-end=\"425\">Panasonic Toughpad FZ-M1 MK3 to kompaktowy, w pe&#322;ni wytrzyma&#322;y tablet z systemem Windows, stworzony z my&#347;l&#261; o mobilno&#347;ci w terenie. Dla organizacji oceniaj&#261;cych inne opcje rugged, Micro Nordic oferuje r&oacute;wnie&#380;:<\/p><ul data-start=\"427\" data-end=\"896\">\n<li data-start=\"427\" data-end=\"579\">\n<p data-start=\"429\" data-end=\"579\"><a href=\"https:\/\/micronordic.com\/product\/getac-f110-touch-fully-rugged-tablet\/\"><strong data-start=\"429\" data-end=\"463\">Rugged Tablet Getac F110<\/strong><\/a> &ndash; Wi&#281;kszy 11,6-calowy tablet z systemem Windows przeznaczony dla u&#380;ytkownik&oacute;w, kt&oacute;rzy potrzebuj&#261; wi&#281;kszej powierzchni ekranu i wydajno&#347;ci w terenie.<\/p>\n<\/li>\n<li data-start=\"580\" data-end=\"729\">\n<p data-start=\"582\" data-end=\"729\"><a href=\"https:\/\/micronordic.com\/product\/zebra-et45-rugged-enterprise-tablet\/\"><strong data-start=\"582\" data-end=\"610\">Rugged Tablet Zebra ET45<\/strong><\/a> &ndash; Oparty na systemie Android tablet dla przedsi&#281;biorstw oferuj&#261;cy nowoczesn&#261; &#322;&#261;czno&#347;&#263;, zintegrowane funkcje skanowania i niewielk&#261; wag&#281;.<\/p>\n<\/li>\n<li data-start=\"730\" data-end=\"896\">\n<p data-start=\"732\" data-end=\"896\"><a href=\"https:\/\/micronordic.com\/product\/refurbished-panasonic-toughpad-fz-g1\/\"><strong data-start=\"732\" data-end=\"786\">Panasonic Toughpad FZ-G1 MK5 <\/strong><\/a> &ndash; 10,1-calowy, w pe&#322;ni rugged tablet z systemem Windows firmy Panasonic, &#322;&#261;cz&#261;cy wi&#281;kszy wy&#347;wietlacz z d&#322;ugotrwa&#322;&#261; wytrzyma&#322;o&#347;ci&#261;.<\/p>\n<\/li>\n<\/ul>\n","protected":false},"excerpt":{"rendered":"<h3>Specyfikacje:<\/h3>\n<ul>\n<li><strong>Wy\u015bwietlacz:<\/strong> 7\u2033 WXGA (1280\u00d7800), czytelny w \u015bwietle dziennym, wielodotykowy<\/li>\n<li><strong>Procesor:<\/strong> Intel\u00ae Core\u2122 i5-7Y57 vPro\u2122, bez wentylatora<\/li>\n<li><strong>Grafika:<\/strong> Zintegrowany uk\u0142ad graficzny Intel\u00ae HD Graphics 615<\/li>\n<li><strong>Pami\u0119\u0107:<\/strong> 8 GB RAM, z mo\u017cliwo\u015bci\u0105 rozbudowy do 16 GB<\/li>\n<li><strong>Pami\u0119\u0107 masowa:<\/strong> 256 GB SSD z mo\u017cliwo\u015bci\u0105 rozbudowy do 2 TB<\/li>\n<li><strong>\u0141\u0105czno\u015b\u0107:<\/strong> Wi-Fi, Bluetooth, USB 3.0, HDMI, opcjonalnie 4G LTE i GPS<\/li>\n<li><strong>Certyfikaty rugged:<\/strong> MIL-STD-810G, IP65, odporno\u015b\u0107 na upadek z wysoko\u015bci 1,5 m<\/li>\n<li><strong>Bateria:<\/strong> Bateria z mo\u017cliwo\u015bci\u0105 wymiany podczas pracy, czas pracy do 8 godzin<\/li>\n<li><strong>Wymiary i waga:<\/strong> 203 \u00d7 132 \u00d7 18 mm, ok. 540 g<\/li>\n<li><strong>Gwarancja:<\/strong> 12-miesi\u0119czna gwarancja Certified Pre-Owned od Micro Nordic<\/li>\n<\/ul>\n","protected":false},"author":16,"featured_media":100064,"template":"","meta":{"_acf_changed":false,"inline_featured_image":false},"product-condition":[5280],"product_brand":[8982],"product_cat":[5199,5202,5198],"product_tag":[8840],"class_list":{"0":"post-46132","1":"product","2":"type-product","3":"status-publish","4":"has-post-thumbnail","6":"product-condition-pre-owned","7":"product_brand-panasonic","8":"product_cat-panasonic-toughbook","9":"product_cat-all-rugged-tablets","10":"product_cat-refurbished-rugged-hardware","11":"product_tag-ikke-categoriseret","13":"first","14":"instock","15":"taxable","16":"shipping-taxable","17":"purchasable","18":"product-type-simple"},"acf":[],"_links":{"self":[{"href":"https:\/\/micronordic.com\/pl\/wp-json\/wp\/v2\/product\/46132","targetHints":{"allow":["GET"]}}],"collection":[{"href":"https:\/\/micronordic.com\/pl\/wp-json\/wp\/v2\/product"}],"about":[{"href":"https:\/\/micronordic.com\/pl\/wp-json\/wp\/v2\/types\/product"}],"author":[{"embeddable":true,"href":"https:\/\/micronordic.com\/pl\/wp-json\/wp\/v2\/users\/16"}],"version-history":[{"count":4,"href":"https:\/\/micronordic.com\/pl\/wp-json\/wp\/v2\/product\/46132\/revisions"}],"predecessor-version":[{"id":98764,"href":"https:\/\/micronordic.com\/pl\/wp-json\/wp\/v2\/product\/46132\/revisions\/98764"}],"wp:featuredmedia":[{"embeddable":true,"href":"https:\/\/micronordic.com\/pl\/wp-json\/wp\/v2\/media\/100064"}],"wp:attachment":[{"href":"https:\/\/micronordic.com\/pl\/wp-json\/wp\/v2\/media?parent=46132"}],"wp:term":[{"taxonomy":"product-condition","embeddable":true,"href":"https:\/\/micronordic.com\/pl\/wp-json\/wp\/v2\/product-condition?post=46132"},{"taxonomy":"product_brand","embeddable":true,"href":"https:\/\/micronordic.com\/pl\/wp-json\/wp\/v2\/product_brand?post=46132"},{"taxonomy":"product_cat","embeddable":true,"href":"https:\/\/micronordic.com\/pl\/wp-json\/wp\/v2\/product_cat?post=46132"},{"taxonomy":"product_tag","embeddable":true,"href":"https:\/\/micronordic.com\/pl\/wp-json\/wp\/v2\/product_tag?post=46132"}],"curies":[{"name":"wp","href":"https:\/\/api.w.org\/{rel}","templated":true}]}}