{"id":46130,"date":"2022-01-01T13:52:35","date_gmt":"2022-01-01T12:52:35","guid":{"rendered":"https:\/\/micronordic.com\/product\/panasonic-toughbook-cf-33-cf33-mk2-nowosc\/"},"modified":"2025-11-18T17:31:49","modified_gmt":"2025-11-18T16:31:49","slug":"panasonic-toughbook-cf-33","status":"publish","type":"product","link":"https:\/\/micronordic.com\/pl\/product\/panasonic-toughbook-cf-33\/","title":{"rendered":"Panasonic Toughbook 33 MK1-MK4 (NOWO\u015a\u0106)"},"content":{"rendered":"<?xml encoding=\"utf-8\" ?><h2 data-start=\"389\" data-end=\"430\">Panasonic Toughbook 33 (MK1, MK2, MK3, MK4)<\/h2><p data-start=\"432\" data-end=\"801\"><strong data-start=\"436\" data-end=\"470\">Panasonic Toughbook 33 (CF-33<\/strong> ) to jeden z najbardziej kultowych, w pe&#322;ni rugged laptop&oacute;w 2 w 1 na rynku, &#322;&#261;cz&#261;cy trwa&#322;o&#347;&#263;, wydajno&#347;&#263; i elastyczno&#347;&#263; w jednej platformie. Zaprojektowane z my&#347;l&#261; o profesjonalistach pracuj&#261;cych w najbardziej wymagaj&#261;cych &#347;rodowiskach, to hybrydowe urz&#261;dzenie p&#322;ynnie prze&#322;&#261;cza si&#281; mi&#281;dzy trybami laptopa i tabletu, aby dostosowa&#263; si&#281; do ka&#380;dego scenariusza terenowego. <\/p><p data-start=\"803\" data-end=\"1221\">Dost&#281;pny w <strong data-start=\"816\" data-end=\"849\">generacjach MK1, MK2, MK3 i MK4<\/strong>, Toughbook 33 nadal ewoluuje dzi&#281;ki ulepszonej mocy obliczeniowej, ulepszonej &#322;&#261;czno&#347;ci i rozszerzonej kompatybilno&#347;ci z akcesoriami. Klienci <strong data-start=\"1001\" data-end=\"1017\">Micro Nordic<\/strong> mog&#261; skonfigurowa&#263; <strong data-start=\"1036\" data-end=\"1052\">Toughbooka<\/strong> 33 jako <em data-start=\"1056\" data-end=\"1061\">NOWY<\/em> lub <em data-start=\"1065\" data-end=\"1086\">CERTYFIKOWANY U&#379;YWANY<\/em>, co pozwala im zr&oacute;wnowa&#380;y&#263; wydajno&#347;&#263;, trwa&#322;o&#347;&#263; i efektywno&#347;&#263; kosztow&#261; przy jednoczesnym zachowaniu wiod&#261;cych w bran&#380;y standard&oacute;w rugged firmy Panasonic. <strong data-start=\"139\" data-end=\"201\">Nowe modele s&#261; obj&#281;te standardow&#261; 3-letni&#261; gwarancj&#261; producenta<\/strong>, co zapewnia d&#322;ugoterminow&#261; niezawodno&#347;&#263; i wsparcie, natomiast <strong data-start=\"253\" data-end=\"310\">urz&#261;dzenia CERTIFIED PRE-OWNED s&#261; obj&#281;te 12-miesi&#281;czn&#261; gwarancj&#261;<\/strong>, co zapewnia doskona&#322;&#261; warto&#347;&#263; popart&#261; gruntown&#261; renowacj&#261; i testami jako&#347;ci. <\/p><h2 data-start=\"1223\" data-end=\"1271\">Kluczowe cechy notebooka Panasonic Toughbook FZ-33<\/h2><ul data-start=\"1273\" data-end=\"3018\">\n<li data-start=\"1273\" data-end=\"1465\">\n<p data-start=\"1275\" data-end=\"1465\"><strong data-start=\"1275\" data-end=\"1298\">Fully Rugged Design<\/strong> &ndash; certyfikat MIL-STD-810H i IP65, odporno&#347;&#263; na upadek z wysoko&#347;ci 4 st&oacute;p, odporno&#347;&#263; na wibracje, kurz i wnikanie wody. Zbudowany, aby wytrzyma&#263; ekstremalne warunki w terenie. <\/p>\n<\/li>\n<li data-start=\"1466\" data-end=\"1648\">\n<p data-start=\"1468\" data-end=\"1648\"><strong data-start=\"1468\" data-end=\"1502\">Konwertowalny format 2 w 1<\/strong> &ndash; od&#322;&#261;czana klawiatura w ci&#261;gu kilku sekund przekszta&#322;ca urz&#261;dzenie z wydajnego laptopa w pe&#322;ni funkcjonalny tablet, zapewniaj&#261;c niezr&oacute;wnan&#261; wszechstronno&#347;&#263;.<\/p>\n<\/li>\n<li data-start=\"1649\" data-end=\"1858\">\n<p data-start=\"1651\" data-end=\"1858\"><strong data-start=\"1651\" data-end=\"1689\">Wysokowydajne procesory Intel&reg;<\/strong> &ndash; modele MK1 s&#261; wyposa&#380;one w procesory Intel&reg; Core&trade; 7. generacji, MK2 w procesory 10. generacji, a MK3 w procesory Intel&reg; Core&trade; i5\/i7 12. generacji, zapewniaj&#261;ce najwy&#380;sz&#261; szybko&#347;&#263; i wydajno&#347;&#263;. MK4 idzie jeszcze dalej dzi&#281;ki procesorom Intel&reg; 13. generacji. <\/p>\n<\/li>\n<li data-start=\"1859\" data-end=\"2060\">\n<p data-start=\"1861\" data-end=\"2060\"><strong data-start=\"1861\" data-end=\"1892\">Zaawansowana technologia wy&#347;wietlania<\/strong> &ndash; 12,0-calowy ekran dotykowy QHD (2160&times;1440) o jasno&#347;ci do 1200 nit&oacute;w zapewnia wyj&#261;tkow&#261; czytelno&#347;&#263; na zewn&#261;trz. Obs&#322;uguje wprowadzanie danych w r&#281;kawicach, w deszczu i rysikiem do pracy w terenie. <\/p>\n<\/li>\n<li data-start=\"2061\" data-end=\"2212\">\n<p data-start=\"2063\" data-end=\"2212\"><strong data-start=\"2063\" data-end=\"2095\">Podw&oacute;jne baterie z mo&#380;liwo&#347;ci&#261; wymiany podczas pracy<\/strong> &ndash; Ci&#261;g&#322;y czas pracy dzi&#281;ki &#322;atwo wymienialnym podw&oacute;jnym bateriom, idealny na d&#322;u&#380;sze misje i zmiany w terenie.<\/p>\n<\/li>\n<li data-start=\"2213\" data-end=\"2400\">\n<p data-start=\"2215\" data-end=\"2400\"><strong data-start=\"2215\" data-end=\"2248\">Elastyczne opcje &#322;&#261;czno&#347;ci<\/strong> &ndash; Wi-Fi 6, Bluetooth 5.1, opcjonalnie 4G\/5G LTE i GPS. Starsze porty I\/O obejmuj&#261; USB-A, USB-C, HDMI, Ethernet i microSD dla pe&#322;nej kompatybilno&#347;ci. <\/p>\n<\/li>\n<li data-start=\"2401\" data-end=\"2541\">\n<p data-start=\"2403\" data-end=\"2541\"><strong data-start=\"2403\" data-end=\"2430\">Rozszerzony pakiet zabezpiecze&#324;<\/strong> &ndash; TPM 2.0, opcjonalny skaner linii papilarnych, czytniki kart inteligentnych i RFID oraz funkcja rozpoznawania twarzy Windows Hello.<\/p>\n<\/li>\n<li data-start=\"2542\" data-end=\"2707\">\n<p data-start=\"2544\" data-end=\"2707\"><strong data-start=\"2544\" data-end=\"2577\">Mo&#380;liwo&#347;&#263; rozbudowy nowej generacji<\/strong> &ndash; modu&#322;owa konstrukcja z opcjonalnymi stacjami dokuj&#261;cymi, uchwytami samochodowymi i podstawami pod klawiatur&#281; zapewnia integracj&#281; Toughbooka 33 z ka&#380;dym przep&#322;ywem pracy.<\/p>\n<\/li>\n<li data-start=\"2708\" data-end=\"2873\">\n<p data-start=\"2710\" data-end=\"2873\"><strong data-start=\"2710\" data-end=\"2746\">Certyfikowana dost&#281;pno&#347;&#263; w przedsprzeda&#380;y<\/strong> &ndash; u&#380;ywane modele Micro Nordic s&#261; poddawane pe&#322;nej renowacji i testom w celu przywr&oacute;cenia niemal nowego stanu i funkcjonalno&#347;ci.<\/p>\n<\/li>\n<li data-start=\"2874\" data-end=\"3018\">\n<p data-start=\"2876\" data-end=\"3018\"><strong data-start=\"2876\" data-end=\"2902\">D&#322;ugi cykl &#380;ycia<\/strong> &ndash; platforma Toughbook 33 zachowuje kompatybilno&#347;&#263; akcesori&oacute;w mi&#281;dzy generacjami, co upraszcza zarz&#261;dzanie flot&#261;.<\/p>\n<\/li>\n<\/ul><h2 data-start=\"3020\" data-end=\"3065\">Kluczowe zalety notebooka Panasonic Toughbook 33<\/h2><h3 data-start=\"3067\" data-end=\"3113\">Konwertowalna konstrukcja dla maksymalnej wszechstronno&#347;ci<\/h3><p data-start=\"3114\" data-end=\"3406\"><strong data-start=\"3118\" data-end=\"3144\">Panasonic Toughbook 33<\/strong> oferuje prawdziwe do&#347;wiadczenie 2 w 1. U&#380;ytkownicy mog&#261; od&#322;&#261;czy&#263; klawiatur&#281; w celu korzystania z tabletu w ciasnych miejscach lub ponownie j&#261; przymocowa&#263;, aby uzyska&#263; pe&#322;n&#261; funkcjonalno&#347;&#263; laptopa. Ten hybrydowy format zapewnia najlepsze z obu &#347;wiat&oacute;w dla profesjonalist&oacute;w z bran&#380;y u&#380;yteczno&#347;ci publicznej, obrony i reagowania kryzysowego.  <\/p><h3 data-start=\"3408\" data-end=\"3436\">Wytrzyma&#322;o&#347;&#263;, kt&oacute;rej mo&#380;na zaufa&#263;<\/h3><p data-start=\"3437\" data-end=\"3670\">CF-33 zosta&#322; zaprojektowany tak, aby przetrwa&#263; upadki, kurz i trudne warunki pogodowe, zachowuj&#261;c przy tym pe&#322;n&#261; funkcjonalno&#347;&#263;. Stopie&#324; ochrony IP65 i certyfikat MIL-STD-810H zapewniaj&#261; niezawodne dzia&#322;anie w &#347;rodowiskach przemys&#322;owych, zewn&#281;trznych i w pojazdach. <\/p><h3 data-start=\"3672\" data-end=\"3719\">Najnowocze&#347;niejsza wydajno&#347;&#263; dla wszystkich pokole&#324;<\/h3><p data-start=\"3720\" data-end=\"4008\">Ka&#380;da generacja zwi&#281;ksza wydajno&#347;&#263; i efektywno&#347;&#263;. Procesory Intel&reg; 13. generacji zastosowane w MK4 zapewniaj&#261; znaczny wzrost szybko&#347;ci i zarz&#261;dzania energi&#261;, dzi&#281;ki czemu wielozadaniowo&#347;&#263; i z&#322;o&#380;one aplikacje dzia&#322;aj&#261; p&#322;ynniej ni&#380; kiedykolwiek wcze&#347;niej &ndash; a wszystko to przy zachowaniu wstecznej kompatybilno&#347;ci z wcze&#347;niejszymi stacjami dokuj&#261;cymi i akcesoriami. <\/p><h3 data-start=\"4010\" data-end=\"4044\">Doskona&#322;y wy&#347;wietlacz i u&#380;yteczno&#347;&#263;<\/h3><p data-start=\"4045\" data-end=\"4302\">Jego 12-calowy, czytelny w s&#322;o&#324;cu wy&#347;wietlacz QHD o jasno&#347;ci 1200 nit&oacute;w zapewnia doskona&#322;&#261; widoczno&#347;&#263; nawet w bezpo&#347;rednim &#347;wietle s&#322;onecznym. Obs&#322;uga wielu wej&#347;&#263; na ekranie dotykowym pozwala u&#380;ytkownikom na efektywn&#261; prac&#281; w r&#281;kawiczkach lub rysikiem, zwi&#281;kszaj&#261;c produktywno&#347;&#263; w warunkach terenowych. <\/p><h3 data-start=\"4304\" data-end=\"4334\">Mo&#380;liwo&#347;&#263; konfiguracji do w&#322;asnych potrzeb<\/h3><p data-start=\"4335\" data-end=\"4616\">Dzi&#281;ki <strong data-start=\"4340\" data-end=\"4356\">Micro Nordic<\/strong> klienci mog&#261; wybiera&#263; mi&#281;dzy konfiguracjami <em data-start=\"4387\" data-end=\"4392\">NOWYCH<\/em> lub <em data-start=\"4396\" data-end=\"4417\">CERTYFIKOWANYCH U&#379;YWANYCH<\/em> urz&#261;dze&#324; Toughbook 33. Modele u&#380;ywane s&#261; odnowione i przetestowane pod k&#261;tem zgodno&#347;ci z oryginalnymi standardami jako&#347;ci firmy Panasonic &ndash; idealne dla organizacji poszukuj&#261;cych trwa&#322;o&#347;ci przy ni&#380;szych nak&#322;adach inwestycyjnych. <\/p><h2 data-start=\"4618\" data-end=\"4636\">Idealne przypadki u&#380;ycia<\/h2><ul data-start=\"4638\" data-end=\"5165\">\n<li data-start=\"4638\" data-end=\"4733\">\n<p data-start=\"4640\" data-end=\"4733\"><strong data-start=\"4640\" data-end=\"4661\">Field Engineering<\/strong> &ndash; Adaptowalna obudowa idealna dla zespo&#322;&oacute;w technicznych pracuj&#261;cych na miejscu.<\/p>\n<\/li>\n<li data-start=\"4734\" data-end=\"4840\">\n<p data-start=\"4736\" data-end=\"4840\"><strong data-start=\"4736\" data-end=\"4765\">Bezpiecze&#324;stwo publiczne i obrona<\/strong> &ndash; Niezawodne komputery dla policji, wojska i jednostek ratowniczych.<\/p>\n<\/li>\n<li data-start=\"4841\" data-end=\"4942\">\n<p data-start=\"4843\" data-end=\"4942\"><strong data-start=\"4843\" data-end=\"4867\">Narz&#281;dzia i energia<\/strong> &ndash; stworzone do pracy w kurzu, wibracjach i warunkach zewn&#281;trznych.<\/p>\n<\/li>\n<li data-start=\"4943\" data-end=\"5052\">\n<p data-start=\"4945\" data-end=\"5052\"><strong data-start=\"4945\" data-end=\"4977\">Transport i logistyka<\/strong> &ndash; Kompaktowy, &#322;atwy w monta&#380;u i wytrzyma&#322;y system do pracy w terenie w czasie rzeczywistym.<\/p>\n<\/li>\n<li data-start=\"5053\" data-end=\"5165\">\n<p data-start=\"5055\" data-end=\"5165\"><strong data-start=\"5055\" data-end=\"5088\">Produkcja i konserwacja<\/strong> &ndash; doskona&#322;a wydajno&#347;&#263; w zakresie diagnostyki, inwentaryzacji i zarz&#261;dzania systemem.<\/p>\n<\/li>\n<\/ul><h2 data-start=\"5167\" data-end=\"5189\">Por&oacute;wnania produkt&oacute;w<\/h2><p data-start=\"5191\" data-end=\"5384\"><strong data-start=\"5195\" data-end=\"5229\">Panasonic Toughbook 33 (CF-33)<\/strong> zapewnia niezr&oacute;wnan&#261; elastyczno&#347;&#263; jako w pe&#322;ni wytrzyma&#322;e urz&#261;dzenie 2 w 1. Dla firm por&oacute;wnuj&#261;cych alternatywy, podobne modele dost&#281;pne w Micro Nordic obejmuj&#261;: <\/p><ul data-start=\"5386\" data-end=\"5757\">\n<li data-start=\"5386\" data-end=\"5508\">\n<p data-start=\"5388\" data-end=\"5508\"><a href=\"https:\/\/micronordic.com\/product\/panasonic-toughbook-fz-40-mk1-i7new\/\"><strong data-start=\"5388\" data-end=\"5414\">Panasonic Toughbook 40<\/strong><\/a> &ndash; Wi&#281;ksza 14&Prime; stacja robocza typu Fully Rugged o ekstremalnej wytrzyma&#322;o&#347;ci i wy&#380;szej wydajno&#347;ci procesora.<\/p>\n<\/li>\n<li data-start=\"5509\" data-end=\"5623\">\n<p data-start=\"5511\" data-end=\"5623\"><a href=\"https:\/\/micronordic.com\/product\/getac-f110-touch-fully-rugged-tablet\/\"><strong data-start=\"5511\" data-end=\"5545\">Getac F110 Fully Rugged Tablet<\/strong><\/a> &ndash; Lekki tablet 11,6&Prime; z systemem Windows przeznaczony do zastosowa&#324; przemys&#322;owych i terenowych.<\/p>\n<\/li>\n<li data-start=\"5624\" data-end=\"5757\">\n<p data-start=\"5626\" data-end=\"5757\"><a href=\"https:\/\/micronordic.com\/product\/dell-latitude-rugged-extreme-7230-tablet\/\"><strong data-start=\"5626\" data-end=\"5670\">Dell Latitude 7230 Rugged Extreme Tablet<\/strong> <\/a>&ndash; W pe&#322;ni rugged tablet z systemem Windows oferuj&#261;cy podobn&#261; przeno&#347;no&#347;&#263; z nowoczesn&#261; &#322;&#261;czno&#347;ci&#261;.<\/p>\n<\/li>\n<\/ul><div class=\"description-part-numbers\"><br>Part numbers<br>CF-33AEHAZTE | CF-33AEHKZTE | CF-33AEHUZTE | CF-33AEHABTE | CF-33AEPFBTE | CF-33AEHGZTE | CF-33AEHBZTE | CF-33AEQKZTE | CF-33AEQTZTE | CF-33AEQLZTE | CF-33AEQGBTE | CF-33AEQCZTE<\/div>\n","protected":false},"excerpt":{"rendered":"<h3>Specyfikacje:<\/h3>\n<ul>\n<li><strong>Wy\u015bwietlacz:<\/strong> 12,0-calowy ekran dotykowy QHD (2160\u00d71440), jasno\u015b\u0107 1200 nit\u00f3w, kompatybilny z r\u0119kawiczkami i rysikiem<\/li>\n<li><strong>Procesor:<\/strong> Intel\u00ae Core\u2122 i5 \/ i7 (MK1-MK3), do 12. generacji, opcjonalnie vPro\u00ae<\/li>\n<li><strong>Grafika:<\/strong> Zintegrowana grafika Intel\u00ae UHD \/ Iris\u00ae Xe<\/li>\n<li><strong>Pami\u0119\u0107:<\/strong> 16 GB (model podstawowy), z mo\u017cliwo\u015bci\u0105 rozbudowy do 32 GB RAM<\/li>\n<li><strong>Pami\u0119\u0107 masowa:<\/strong> 512 GB (model podstawowy), z mo\u017cliwo\u015bci\u0105 rozbudowy do 2 TB SSD<\/li>\n<li><strong>\u0141\u0105czno\u015b\u0107:<\/strong> Wi-Fi 6, Bluetooth 5.1, opcjonalnie 4G\/5G LTE, GPS, USB-C, HDMI, Ethernet<\/li>\n<li><strong>Certyfikaty rugged:<\/strong> MIL-STD-810H, stopie\u0144 ochrony IP65, odporno\u015b\u0107 na upadki<\/li>\n<li><strong>Zabezpieczenia:<\/strong> TPM 2.0, Windows Hello, opcjonalne czytniki linii papilarnych, kart inteligentnych i RFID<\/li>\n<li><strong>Bateria:<\/strong> Podw\u00f3jne baterie z mo\u017cliwo\u015bci\u0105 wymiany podczas pracy, czas pracy do 20 godzin<\/li>\n<li><strong>Wymiary i waga:<\/strong> 313 \u00d7 288 \u00d7 32,5 mm, ok. 2,8 kg (z klawiatur\u0105) <\/li>\n<li><strong>Gwarancja:<\/strong> 3-letnia gwarancja (NOWA) lub 12-miesi\u0119czna gwarancja (Certified Pre-Owned)<\/li>\n<\/ul>\n","protected":false},"author":16,"featured_media":61158,"template":"","meta":{"_acf_changed":false,"inline_featured_image":false},"product-condition":[5249],"product_brand":[8982],"product_cat":[5199,5201,5197],"product_tag":[],"class_list":{"0":"post-46130","1":"product","2":"type-product","3":"status-publish","4":"has-post-thumbnail","6":"product-condition-new-in-box","7":"product_brand-panasonic","8":"product_cat-panasonic-toughbook","9":"product_cat-all-rugged-laptops","10":"product_cat-new-in-box-rugged-hardware","12":"first","13":"instock","14":"taxable","15":"shipping-taxable","16":"purchasable","17":"product-type-simple"},"acf":[],"_links":{"self":[{"href":"https:\/\/micronordic.com\/pl\/wp-json\/wp\/v2\/product\/46130","targetHints":{"allow":["GET"]}}],"collection":[{"href":"https:\/\/micronordic.com\/pl\/wp-json\/wp\/v2\/product"}],"about":[{"href":"https:\/\/micronordic.com\/pl\/wp-json\/wp\/v2\/types\/product"}],"author":[{"embeddable":true,"href":"https:\/\/micronordic.com\/pl\/wp-json\/wp\/v2\/users\/16"}],"version-history":[{"count":2,"href":"https:\/\/micronordic.com\/pl\/wp-json\/wp\/v2\/product\/46130\/revisions"}],"predecessor-version":[{"id":98329,"href":"https:\/\/micronordic.com\/pl\/wp-json\/wp\/v2\/product\/46130\/revisions\/98329"}],"wp:featuredmedia":[{"embeddable":true,"href":"https:\/\/micronordic.com\/pl\/wp-json\/wp\/v2\/media\/61158"}],"wp:attachment":[{"href":"https:\/\/micronordic.com\/pl\/wp-json\/wp\/v2\/media?parent=46130"}],"wp:term":[{"taxonomy":"product-condition","embeddable":true,"href":"https:\/\/micronordic.com\/pl\/wp-json\/wp\/v2\/product-condition?post=46130"},{"taxonomy":"product_brand","embeddable":true,"href":"https:\/\/micronordic.com\/pl\/wp-json\/wp\/v2\/product_brand?post=46130"},{"taxonomy":"product_cat","embeddable":true,"href":"https:\/\/micronordic.com\/pl\/wp-json\/wp\/v2\/product_cat?post=46130"},{"taxonomy":"product_tag","embeddable":true,"href":"https:\/\/micronordic.com\/pl\/wp-json\/wp\/v2\/product_tag?post=46130"}],"curies":[{"name":"wp","href":"https:\/\/api.w.org\/{rel}","templated":true}]}}