{"id":101934,"date":"2025-11-24T17:39:06","date_gmt":"2025-11-24T16:39:06","guid":{"rendered":"https:\/\/micronordic.com\/product\/laptop-dell-pro-rugged-13-nowosc\/"},"modified":"2026-01-20T12:12:56","modified_gmt":"2026-01-20T11:12:56","slug":"dell-pro-rugged-13-laptop","status":"publish","type":"product","link":"https:\/\/micronordic.com\/pl\/product\/dell-pro-rugged-13-laptop\/","title":{"rendered":"Laptop Dell Pro Rugged 13 (NOWO\u015a\u0106)"},"content":{"rendered":"<?xml encoding=\"utf-8\" ?><h2 data-start=\"47\" data-end=\"81\">Laptop Dell Pro Rugged 13 (NOWO&#346;&#262;)<\/h2><p data-start=\"83\" data-end=\"608\"><strong data-start=\"87\" data-end=\"116\">Dell Pro Rugged Laptop 13<\/strong> to kompaktowy, <strong>w pe&#322;ni rugged<\/strong> laptop z systemem Windows zaprojektowany z my&#347;l&#261; o niezawodnej pracy w wymagaj&#261;cych &#347;rodowiskach terenowych. Zaprojektowany do pracy tam, gdzie laptopy konsumenckie zawodz&#261;, &#322;&#261;czy wzmocnion&#261; konstrukcj&#281; z komponentami klasy korporacyjnej, uszczelnionymi wej&#347;ciami \/ wyj&#347;ciami i silnymi opcjami &#322;&#261;czno&#347;ci. Dla zespo&#322;&oacute;w pracuj&#261;cych w pojazdach, magazynach, zak&#322;adach, na zewn&#261;trz lub w odleg&#322;ych lokalizacjach, zapewnia r&oacute;wnowag&#281; mi&#281;dzy przeno&#347;no&#347;ci&#261;, trwa&#322;o&#347;ci&#261; i profesjonaln&#261; produktywno&#347;ci&#261;, kt&oacute;ra wspiera d&#322;ugie zmiany i zadania o krytycznym znaczeniu.  <\/p><p data-start=\"610\" data-end=\"1004\">Jako <strong data-start=\"615\" data-end=\"622\">NOWE<\/strong> urz&#261;dzenie, <strong data-start=\"635\" data-end=\"664\">Dell Pro Rugged Laptop 13<\/strong> obejmuje <strong data-start=\"676\" data-end=\"695\">3-letni&#261; standardow&#261; gwarancj&#281; producenta<\/strong>, zapewniaj&#261;c d&#322;ugoterminow&#261; ochron&#281; organizacjom standaryzuj&#261;cym si&#281; na trwa&#322;ych komputerach mobilnych. Dzi&#281;ki dotykowemu wej&#347;ciu, przeno&#347;nej obudowie i sprawdzonemu ekosystemowi akcesori&oacute;w pomaga pracownikom zachowa&#263; produktywno&#347;&#263; w trudnych przep&#322;ywach pracy &ndash; od inspekcji i zarz&#261;dzania zasobami po dokumentacj&#281;, diagnostyk&#281; i raportowanie. <\/p><h2 data-start=\"1006\" data-end=\"1054\">Kluczowe cechy laptopa Dell Pro Fully Rugged Laptop 13<\/h2><ul data-start=\"1055\" data-end=\"2490\">\n<li data-start=\"1055\" data-end=\"1208\">\n<p data-start=\"1057\" data-end=\"1208\"><strong data-start=\"1057\" data-end=\"1075\">Wytrzyma&#322;a obudowa<\/strong> &ndash; Fully Rugged chroni przed upadkami, wibracjami, kurzem i wilgoci&#261;, zapewniaj&#261;c d&#322;ugotrwa&#322;&#261; niezawodno&#347;&#263; w terenie i w pojazdach.<\/p>\n<\/li>\n<li data-start=\"1209\" data-end=\"1350\">\n<p data-start=\"1211\" data-end=\"1350\"><strong data-start=\"1211\" data-end=\"1240\">Wy&#347;wietlacz czytelny w &#347;wietle s&#322;onecznym<\/strong> &ndash; 1400-nitowy panel do u&#380;ytku na zewn&#261;trz z opcjami dotykowymi r&#281;kawiczek\/stylus zapewnia czytelno&#347;&#263; ekran&oacute;w w jasnych warunkach.<\/p>\n<\/li>\n<li data-start=\"1351\" data-end=\"1515\">\n<p data-start=\"1353\" data-end=\"1515\"><strong data-start=\"1353\" data-end=\"1379\">Responsywna wydajno&#347;&#263;<\/strong> &ndash; nowoczesne procesory Intel Core Ultra i serii H ze zintegrowanym uk&#322;adem graficznym obs&#322;uguj&#261; zadania AI, du&#380;e obci&#261;&#380;enia i przep&#322;ywy pracy z wieloma aplikacjami.<\/p>\n<\/li>\n<li data-start=\"1516\" data-end=\"1670\">\n<p data-start=\"1518\" data-end=\"1670\"><strong data-start=\"1518\" data-end=\"1542\">Przeno&#347;na obudowa<\/strong> &ndash; Kompaktowa 13-calowa konstrukcja oferuje pe&#322;n&#261; wydajno&#347;&#263; systemu Windows przy mniejszej wadze, idealna dla pracownik&oacute;w mobilnych i ciasnych miejsc pracy.<\/p>\n<\/li>\n<li data-start=\"1671\" data-end=\"1811\">\n<p data-start=\"1673\" data-end=\"1811\"><strong data-start=\"1673\" data-end=\"1704\">Konfigurowalne konfiguracje<\/strong> &ndash; elastyczne opcje pami&#281;ci, pami&#281;ci masowej i &#322;&#261;czno&#347;ci pomagaj&#261; IT zr&oacute;wnowa&#380;y&#263; wydajno&#347;&#263;, koszty i cykl &#380;ycia.<\/p>\n<\/li>\n<li data-start=\"1812\" data-end=\"1959\">\n<p data-start=\"1814\" data-end=\"1959\"><strong data-start=\"1814\" data-end=\"1839\">Niezawodna &#322;&#261;czno&#347;&#263;<\/strong> &ndash; Wi-Fi 6\/6E\/7, opcjonalne 5G\/4G LTE i dyskretna obs&#322;uga GPS zapewniaj&#261; bezpieczny dost&#281;p w &#347;rodowiskach zdalnych i mobilnych.<\/p>\n<\/li>\n<li data-start=\"1960\" data-end=\"2103\">\n<p data-start=\"1962\" data-end=\"2103\"><strong data-start=\"1962\" data-end=\"1992\">Szybkie porty i stacja dokuj&#261;ca<\/strong> &ndash; Thunderbolt 4\/USB-C, opcjonalna zatoka I\/O, stacje dokuj&#261;ce do pojazd&oacute;w i biur usprawniaj&#261; przej&#347;cia i korzystanie z urz&#261;dze&#324; peryferyjnych.<\/p>\n<\/li>\n<li data-start=\"2104\" data-end=\"2241\">\n<p data-start=\"2106\" data-end=\"2241\"><strong data-start=\"2106\" data-end=\"2142\">Bezpiecze&#324;stwo i zarz&#261;dzanie w przedsi&#281;biorstwie<\/strong> &ndash; zabezpieczenia sprz&#281;towe, kontrola systemu BIOS i telemetria urz&#261;dze&#324; wspieraj&#261; korporacyjne zasady IT.<\/p>\n<\/li>\n<li data-start=\"2242\" data-end=\"2364\">\n<p data-start=\"2244\" data-end=\"2364\"><strong data-start=\"2244\" data-end=\"2266\">Mo&#380;liwo&#347;&#263; serwisowania<\/strong> &ndash; baterie wymieniane podczas pracy i komponenty dost&#281;pne dla u&#380;ytkownika wyd&#322;u&#380;aj&#261; cykl &#380;ycia i upraszczaj&#261; naprawy.<\/p>\n<\/li>\n<li data-start=\"2365\" data-end=\"2490\">\n<p data-start=\"2367\" data-end=\"2490\"><strong data-start=\"2367\" data-end=\"2390\">Ekosystem akcesori&oacute;w<\/strong> &ndash; stacje dokuj&#261;ce do pojazd&oacute;w, &#322;adowarki, uchwyty i mocowania wspieraj&#261; przep&#322;yw pracy od furgonetek serwisowych po pomieszczenia kontrolne.<\/p>\n<\/li>\n<\/ul><h2 data-start=\"2492\" data-end=\"2540\">Kluczowe zalety laptopa Dell Pro Rugged Laptop 13<\/h2><h3 data-start=\"2542\" data-end=\"2577\">Stworzony do najci&#281;&#380;szych dni pracy<\/h3><p data-start=\"2578\" data-end=\"2722\">Wytrzyma&#322;a obudowa jest odporna na upadki, wilgo&#263;, kurz i wibracje, zapewniaj&#261;c sta&#322;y czas pracy na zewn&#261;trz, w pojazdach i w obiektach przemys&#322;owych.<\/p><h3 data-start=\"2724\" data-end=\"2763\">Kompaktowa mobilno&#347;&#263; bez kompromis&oacute;w<\/h3><p data-start=\"2764\" data-end=\"2896\">Rugged Laptop 13&Prime; zapewnia pe&#322;nowymiarowy komputer z systemem Windows w przeno&#347;nej obudowie &ndash; idealny do wizyt w terenie, patroli i pracownik&oacute;w mobilnych.<\/p><h3 data-start=\"2898\" data-end=\"2944\">Silna &#322;&#261;czno&#347;&#263;, wsz&#281;dzie tam, gdzie odbywa si&#281; praca<\/h3><p data-start=\"2945\" data-end=\"3066\">Niezawodna &#322;&#261;czno&#347;&#263; bezprzewodowa i opcjonalne mobilne &#322;&#261;cze szerokopasmowe zapewniaj&#261; przep&#322;yw informacji mi&#281;dzy zespo&#322;ami, pojazdami i systemami zaplecza.<\/p><h3 data-start=\"3068\" data-end=\"3107\">Przewidywalny ca&#322;kowity koszt posiadania<\/h3><p data-start=\"3108\" data-end=\"3249\">Podzespo&#322;y, kt&oacute;re mo&#380;na serwisowa&#263; w terenie, standardowe konfiguracje i 3-letnia gwarancja zapewniaj&#261; d&#322;ugoterminow&#261; stabilno&#347;&#263; floty i ni&#380;sze ryzyko operacyjne.<\/p><h3 data-start=\"3251\" data-end=\"3277\">Gotowo&#347;&#263; do wdro&#380;enia we flocie<\/h3><p data-start=\"3278\" data-end=\"3409\">Obrazowanie korporacyjne, zarz&#261;dzanie urz&#261;dzeniami i opcje bezpiecze&#324;stwa u&#322;atwiaj&#261; wdra&#380;anie w zespo&#322;ach, zmianach i wielu lokalizacjach.<\/p><h2 data-start=\"3411\" data-end=\"3429\">Idealne przypadki u&#380;ycia<\/h2><ul data-start=\"3430\" data-end=\"4049\">\n<li data-start=\"3430\" data-end=\"3558\">\n<p data-start=\"3432\" data-end=\"3558\"><strong data-start=\"3432\" data-end=\"3462\">Bezpiecze&#324;stwo publiczne i administracja<\/strong> &ndash; komputery w pojazdach, bezpieczny dost&#281;p do danych, raportowanie incydent&oacute;w i dokumentacja w ruchu.<\/p>\n<\/li>\n<li data-start=\"3559\" data-end=\"3677\">\n<p data-start=\"3561\" data-end=\"3677\"><strong data-start=\"3561\" data-end=\"3590\">Field Service &amp; Utilities<\/strong> &ndash; inspekcja zasob&oacute;w, diagnostyka, raportowanie konserwacji i zdalne przep&#322;ywy pracy serwisowej.<\/p>\n<\/li>\n<li data-start=\"3678\" data-end=\"3795\">\n<p data-start=\"3680\" data-end=\"3795\"><strong data-start=\"3680\" data-end=\"3708\">Magazyn i dystrybucja<\/strong> &ndash; zlecenia pracy, systemy inwentaryzacji, zadania w dokach i wprowadzanie danych z w&oacute;zk&oacute;w wid&#322;owych lub biurek.<\/p>\n<\/li>\n<li data-start=\"3796\" data-end=\"3920\">\n<p data-start=\"3798\" data-end=\"3920\"><strong data-start=\"3798\" data-end=\"3828\">Produkcja i przemys&#322;<\/strong> &ndash; kontrole jako&#347;ci, dost&#281;p do WIP, zadania HMI i procedury konserwacji w trudnych warunkach.<\/p>\n<\/li>\n<li data-start=\"3921\" data-end=\"4049\">\n<p data-start=\"3923\" data-end=\"4049\"><strong data-start=\"3923\" data-end=\"3948\">Transport i logistyka<\/strong> &ndash; wyznaczanie tras, integracja telematyki, przetwarzanie etykiet i zarz&#261;dzanie placem z niezawodnym dost&#281;pem mobilnym.<\/p>\n<\/li>\n<\/ul><h2 data-start=\"4051\" data-end=\"4107\">Por&oacute;wnanie produkt&oacute;w dla laptopa Dell Pro Rugged Laptop 13<\/h2><ul data-start=\"4108\" data-end=\"4600\">\n<li data-start=\"4108\" data-end=\"4256\">\n<p data-start=\"4110\" data-end=\"4256\"><a href=\"https:\/\/micronordic.com\/product\/getac-v110-g7-touch-fully-rugged-notebook\/\"><strong data-start=\"4110\" data-end=\"4127\">Getac V110 G7<\/strong><\/a> &ndash; Wybierz V110 G7 dla konwertowalnego laptopa 2 w 1 o wzmocnionej konstrukcji; wybierz Dell Pro Rugged Laptop 13 dla l&#380;ejszej tradycyjnej obudowy.<\/p>\n<\/li>\n<li data-start=\"4257\" data-end=\"4432\">\n<p data-start=\"4259\" data-end=\"4432\"><a href=\"https:\/\/micronordic.com\/product\/panasonic-toughbook-fz-55\/\"><strong data-start=\"4259\" data-end=\"4285\">Panasonic Toughbook 55<\/strong><\/a> &ndash; Wybierz Toughbook 55, je&#347;li modu&#322;owe wn&#281;ki rozszerze&#324; maj&#261; kluczowe znaczenie; wybierz Dell Pro Rugged Laptop 13, aby uzyska&#263; prostsz&#261; przeno&#347;no&#347;&#263; i standardowe specyfikacje floty.<\/p>\n<\/li>\n<li data-start=\"4433\" data-end=\"4600\">\n<p data-start=\"4435\" data-end=\"4600\"><a href=\"https:\/\/micronordic.com\/product\/dell-rugged-extreme-5430-new\/\"><strong data-start=\"79\" data-end=\"108\">Dell Latitude Rugged 5430<\/strong><\/a> &ndash; Wybierz Latitude 5430 Rugged, je&#347;li wolisz bardziej tradycyjny, wytrzyma&#322;y laptop biznesowy z szersz&#261; dost&#281;pno&#347;ci&#261; floty i sprawdzonymi wdro&#380;eniami w terenie; wybierz Dell Pro Rugged 13 Laptop, aby uzyska&#263; l&#380;ejszy, bardziej kompaktowy, w pe&#322;ni wytrzyma&#322;y system zoptymalizowany pod k&#261;tem mobilno&#347;ci.<\/p>\n<\/li>\n<\/ul>\n","protected":false},"excerpt":{"rendered":"<h3>Specyfikacje<\/h3>\n<ul>\n<li><strong>Wy\u015bwietlacz:<\/strong> 13\u2033 do odczytu na zewn\u0105trz; opcjonalnie w r\u0119kawicach\/stylus touch<\/li>\n<li><strong>Procesor:<\/strong> Intel\u00ae Core\u2122 Ultra \/ seria H (konfigurowalny)<\/li>\n<li><strong>Grafika:<\/strong> Zintegrowany procesor graficzny (Intel Iris Xe \/ Intel Arc, w zale\u017cno\u015bci od modelu)<\/li>\n<li><strong>Pami\u0119\u0107:<\/strong> 16 GB LPDDR5x (model podstawowy), z mo\u017cliwo\u015bci\u0105 rozbudowy do 64 GB<\/li>\n<li><strong>Pami\u0119\u0107 masowa:<\/strong> 256 GB PCIe NVMe SSD (model podstawowy), z mo\u017cliwo\u015bci\u0105 rozbudowy do 2 TB<\/li>\n<li><strong>\u0141\u0105czno\u015b\u0107:<\/strong> Wi-Fi 6\/6E\/7, Bluetooth; opcjonalnie 5G\/4G LTE i GNSS; obs\u0142uguje dokowanie rugged<\/li>\n<li><strong>Certyfikaty rugged:<\/strong> MIL-STD-810H, IP65, zakres pracy od -29 \u00b0C do 63 \u00b0C<\/li>\n<li><strong>Bezpiecze\u0144stwo:<\/strong> Zabezpieczenia BIOS, TPM, opcje fingerprint\/smart-card<\/li>\n<li><strong>Bateria:<\/strong> Podw\u00f3jna bateria z mo\u017cliwo\u015bci\u0105 wymiany podczas d\u0142ugich zmian<\/li>\n<li><strong>Wymiary i waga:<\/strong> Wysoko\u015b\u0107 1,43\u2033 (36,5 mm), od 2,4 kg (5,29 lb)<\/li>\n<li><strong>Gwarancja:<\/strong> 3 lata gwarancji (NOWE urz\u0105dzenie)<\/li>\n<\/ul>\n","protected":false},"author":24,"featured_media":99921,"template":"","meta":{"_acf_changed":false,"inline_featured_image":false},"product-condition":[5249],"product_brand":[8948],"product_cat":[5201,5197,5203],"product_tag":[],"class_list":{"0":"post-101934","1":"product","2":"type-product","3":"status-publish","4":"has-post-thumbnail","6":"product-condition-new-in-box","7":"product_brand-dell","8":"product_cat-all-rugged-laptops","9":"product_cat-new-in-box-rugged-hardware","10":"product_cat-dell-rugged","12":"first","13":"instock","14":"taxable","15":"shipping-taxable","16":"purchasable","17":"product-type-simple"},"acf":[],"_links":{"self":[{"href":"https:\/\/micronordic.com\/pl\/wp-json\/wp\/v2\/product\/101934","targetHints":{"allow":["GET"]}}],"collection":[{"href":"https:\/\/micronordic.com\/pl\/wp-json\/wp\/v2\/product"}],"about":[{"href":"https:\/\/micronordic.com\/pl\/wp-json\/wp\/v2\/types\/product"}],"author":[{"embeddable":true,"href":"https:\/\/micronordic.com\/pl\/wp-json\/wp\/v2\/users\/24"}],"version-history":[{"count":1,"href":"https:\/\/micronordic.com\/pl\/wp-json\/wp\/v2\/product\/101934\/revisions"}],"predecessor-version":[{"id":101970,"href":"https:\/\/micronordic.com\/pl\/wp-json\/wp\/v2\/product\/101934\/revisions\/101970"}],"wp:featuredmedia":[{"embeddable":true,"href":"https:\/\/micronordic.com\/pl\/wp-json\/wp\/v2\/media\/99921"}],"wp:attachment":[{"href":"https:\/\/micronordic.com\/pl\/wp-json\/wp\/v2\/media?parent=101934"}],"wp:term":[{"taxonomy":"product-condition","embeddable":true,"href":"https:\/\/micronordic.com\/pl\/wp-json\/wp\/v2\/product-condition?post=101934"},{"taxonomy":"product_brand","embeddable":true,"href":"https:\/\/micronordic.com\/pl\/wp-json\/wp\/v2\/product_brand?post=101934"},{"taxonomy":"product_cat","embeddable":true,"href":"https:\/\/micronordic.com\/pl\/wp-json\/wp\/v2\/product_cat?post=101934"},{"taxonomy":"product_tag","embeddable":true,"href":"https:\/\/micronordic.com\/pl\/wp-json\/wp\/v2\/product_tag?post=101934"}],"curies":[{"name":"wp","href":"https:\/\/api.w.org\/{rel}","templated":true}]}}