{"id":101915,"date":"2025-11-25T17:23:15","date_gmt":"2025-11-25T16:23:15","guid":{"rendered":"https:\/\/micronordic.com\/product\/laptop-dell-pro-rugged-14-nowosc\/"},"modified":"2026-01-20T12:39:48","modified_gmt":"2026-01-20T11:39:48","slug":"dell-pro-rugged-14-laptop","status":"publish","type":"product","link":"https:\/\/micronordic.com\/pl\/product\/dell-pro-rugged-14-laptop\/","title":{"rendered":"Laptop Dell Pro Rugged 14 (NOWO\u015a\u0106)"},"content":{"rendered":"<?xml encoding=\"utf-8\" ?><h2 data-start=\"101\" data-end=\"135\">Laptop Dell Pro Rugged 14 (NOWO&#346;&#262;)<\/h2><p data-start=\"137\" data-end=\"536\"><strong data-start=\"141\" data-end=\"170\">Dell Pro Rugged Laptop 14<\/strong> to <strong data-start=\"176\" data-end=\"206\">p&oacute;&#322;-wytrzyma&#322;y laptop z systemem Windows<\/strong> zaprojektowany dla wymagaj&#261;cych &#347;rodowisk pracy, kt&oacute;re wymagaj&#261; trwa&#322;o&#347;ci bez wagi i koszt&oacute;w w pe&#322;ni wytrzyma&#322;ych urz&#261;dze&#324;. Idealny do biur terenowych, pojazd&oacute;w, miejsc logistycznych, magazyn&oacute;w i zak&#322;ad&oacute;w przemys&#322;owych, zapewnia silniejsz&#261; ochron&#281; ni&#380; standardowe laptopy biznesowe, pozostaj&#261;c jednocze&#347;nie l&#380;ejszym ni&#380; tradycyjne systemy Fully Rugged. <\/p><p data-start=\"538\" data-end=\"957\">Zbudowany z ulepszon&#261; szczelno&#347;ci&#261; &#347;rodowiskow&#261;, ochron&#261; przed wstrz&#261;sami i komponentami klasy korporacyjnej, zapewnia praktyczn&#261; mobilno&#347;&#263; technikom, personelowi bezpiecze&#324;stwa publicznego i pracownikom terenowym, kt&oacute;rzy pracuj&#261; w trudnych warunkach wewn&#281;trznych i zewn&#281;trznych.<\/p><p data-start=\"538\" data-end=\"957\">Jako <strong data-start=\"779\" data-end=\"786\">NOWE<\/strong> urz&#261;dzenie, Dell Pro Rugged 14 Laptop obejmuje <strong data-start=\"836\" data-end=\"855\">3-letni&#261; gwarancj&#281;<\/strong>, oferuj&#261;c d&#322;ugoterminow&#261; warto&#347;&#263; i niezawodno&#347;&#263; dla organizacji standaryzuj&#261;cych si&#281; na mobilnych komputerach typu rugged.<\/p><h2 data-start=\"959\" data-end=\"1007\">Kluczowe cechy laptopa Dell Pro Rugged 14<\/h2><ul data-start=\"1008\" data-end=\"2341\">\n<li data-start=\"1008\" data-end=\"1139\">\n<p data-start=\"1010\" data-end=\"1139\"><strong data-start=\"1010\" data-end=\"1033\">Obudowa Semi-Rugged<\/strong> &ndash; wzmocniona konstrukcja chroni wewn&#281;trzne komponenty przed uderzeniami, wibracjami, kurzem i codziennymi zagro&#380;eniami w terenie.<\/p>\n<\/li>\n<li data-start=\"1140\" data-end=\"1274\">\n<p data-start=\"1142\" data-end=\"1274\"><strong data-start=\"1142\" data-end=\"1171\">Wy&#347;wietlacz czytelny w &#347;wietle s&#322;onecznym<\/strong> &ndash; 14-calowy panel Full HD z opcjonalnym dotykiem przyjaznym dla r&#281;kawic zapewnia widoczno&#347;&#263; w mieszanym o&#347;wietleniu zewn&#281;trznym.<\/p>\n<\/li>\n<li data-start=\"1275\" data-end=\"1411\">\n<p data-start=\"1277\" data-end=\"1411\"><strong data-start=\"1277\" data-end=\"1303\">Responsywna wydajno&#347;&#263;<\/strong> &ndash; procesory Intel&reg; Core&trade; Ultra obs&#322;uguj&#261; diagnostyk&#281;, raportowanie, systemy ERP i wieloaplikacyjne przep&#322;ywy pracy w terenie.<\/p>\n<\/li>\n<li data-start=\"1412\" data-end=\"1552\">\n<p data-start=\"1414\" data-end=\"1552\"><strong data-start=\"1414\" data-end=\"1443\">Wydajno&#347;&#263; w du&#380;ym formacie<\/strong> &ndash; 14-calowy wy&#347;wietlacz oferuje wi&#281;cej przestrzeni roboczej do wprowadzania danych, schemat&oacute;w, mapowania i inspekcji.<\/p>\n<\/li>\n<li data-start=\"1553\" data-end=\"1688\">\n<p data-start=\"1555\" data-end=\"1688\"><strong data-start=\"1555\" data-end=\"1586\">Konfigurowalne konfiguracje<\/strong> &ndash; elastyczne opcje pami&#281;ci, pami&#281;ci masowej i &#322;&#261;czno&#347;ci pozwalaj&#261; dzia&#322;om IT dostosowa&#263; systemy do r&oacute;l i bud&#380;et&oacute;w.<\/p>\n<\/li>\n<li data-start=\"1689\" data-end=\"1825\">\n<p data-start=\"1691\" data-end=\"1825\"><strong data-start=\"1691\" data-end=\"1716\">Niezawodna &#322;&#261;czno&#347;&#263;<\/strong> &ndash; Wi-Fi 6E\/7, Bluetooth i opcjonalne mobilne &#322;&#261;cze szerokopasmowe zapewniaj&#261; zespo&#322;om &#322;&#261;czno&#347;&#263; podczas pracy zdalnej lub mobilnej.<\/p>\n<\/li>\n<li data-start=\"1826\" data-end=\"1964\">\n<p data-start=\"1828\" data-end=\"1964\"><strong data-start=\"1828\" data-end=\"1858\">Szybkie porty i dokowanie<\/strong> &ndash; USB-C\/Thunderbolt i opcje dokowania rugged usprawniaj&#261; przej&#347;cia mi&#281;dzy sklepem, pojazdem i biurem.<\/p>\n<\/li>\n<li data-start=\"1965\" data-end=\"2092\">\n<p data-start=\"1967\" data-end=\"2092\"><strong data-start=\"1967\" data-end=\"2003\">Bezpiecze&#324;stwo i zarz&#261;dzanie w przedsi&#281;biorstwie<\/strong> &ndash; Nowoczesne uwierzytelnianie i kontrola BIOS wspieraj&#261; wdra&#380;anie chronionej floty na du&#380;&#261; skal&#281;.<\/p>\n<\/li>\n<li data-start=\"2093\" data-end=\"2216\">\n<p data-start=\"2095\" data-end=\"2216\"><strong data-start=\"2095\" data-end=\"2117\">Mo&#380;liwo&#347;&#263; serwisowania<\/strong> &ndash; komponenty dost&#281;pne dla u&#380;ytkownika upraszczaj&#261; konserwacj&#281;, skracaj&#261; czas przestoj&oacute;w i wyd&#322;u&#380;aj&#261; cykl &#380;ycia produktu.<\/p>\n<\/li>\n<li data-start=\"2217\" data-end=\"2341\">\n<p data-start=\"2219\" data-end=\"2341\"><strong data-start=\"2219\" data-end=\"2242\">Ekosystem akcesori&oacute;w<\/strong> &ndash; obs&#322;uguje &#322;adowarki, uchwyty, stacje dokuj&#261;ce do pojazd&oacute;w i akcesoria rugged zoptymalizowane pod k&#261;tem mobilnych miejsc pracy.<\/p>\n<\/li>\n<\/ul><h2 data-start=\"2343\" data-end=\"2391\">Kluczowe zalety laptopa Dell Pro Rugged 14<\/h2><h3 data-start=\"2393\" data-end=\"2440\">Wytrzyma&#322;a mobilno&#347;&#263; bez du&#380;ych gabaryt&oacute;w Fully Rugged<\/h3><p data-start=\"2441\" data-end=\"2567\">Konstrukcja Semi-Rugged wytrzymuje trudne warunki pracy, pozostaj&#261;c jednocze&#347;nie l&#380;ejsz&#261; ni&#380; tradycyjne laptopy Fully Rugged.<\/p><h3 data-start=\"2569\" data-end=\"2617\">Wi&#281;ksza przestrze&#324; robocza do wymagaj&#261;cych zada&#324; w terenie<\/h3><p data-start=\"2618\" data-end=\"2738\">Wy&#347;wietlacz o przek&#261;tnej 14&Prime; zwi&#281;ksza produktywno&#347;&#263; u&#380;ytkownik&oacute;w pracuj&#261;cych ze schematami, formularzami, narz&#281;dziami do mapowania i z&#322;o&#380;onymi danymi inspekcyjnymi.<\/p><h3 data-start=\"2740\" data-end=\"2791\">Silna &#322;&#261;czno&#347;&#263; w &#347;rodowiskach mieszanych<\/h3><p data-start=\"2792\" data-end=\"2930\">Wysokowydajna &#322;&#261;czno&#347;&#263; bezprzewodowa i opcjonalne mobilne &#322;&#261;cze szerokopasmowe zapewniaj&#261; dost&#281;p do system&oacute;w operacyjnych z magazynu, pojazdu lub lokalizacji w terenie.<\/p><h3 data-start=\"2932\" data-end=\"2961\">Przewidywalna warto&#347;&#263; floty<\/h3><p data-start=\"2962\" data-end=\"3093\">Cz&#281;&#347;ci podlegaj&#261;ce serwisowaniu, standardowe konfiguracje i 3-letnia gwarancja obni&#380;aj&#261; ca&#322;kowity koszt posiadania i upraszczaj&#261; planowanie cyklu &#380;ycia.<\/p><h3 data-start=\"3095\" data-end=\"3132\">Gotowy do wdro&#380;enia w przedsi&#281;biorstwie<\/h3><p data-start=\"3133\" data-end=\"3253\">Narz&#281;dzia bezpiecze&#324;stwa, kontrola zarz&#261;dzania i sp&oacute;jno&#347;&#263; sprz&#281;tu u&#322;atwiaj&#261; wdra&#380;anie w r&oacute;&#380;nych zespo&#322;ach, lokalizacjach i przep&#322;ywach pracy.<\/p><h2 data-start=\"3255\" data-end=\"3273\">Idealne przypadki u&#380;ycia<\/h2><ul data-start=\"3274\" data-end=\"3822\">\n<li data-start=\"3274\" data-end=\"3385\">\n<p data-start=\"3276\" data-end=\"3385\"><strong data-start=\"3276\" data-end=\"3306\">Bezpiecze&#324;stwo publiczne i administracja<\/strong> &ndash; mobilny dost&#281;p do danych, raportowanie, przetwarzanie danych w pojazdach i bezpieczna dokumentacja.<\/p>\n<\/li>\n<li data-start=\"3386\" data-end=\"3495\">\n<p data-start=\"3388\" data-end=\"3495\"><strong data-start=\"3388\" data-end=\"3417\">Field Service &amp; Utilities<\/strong> &ndash; Diagnostyka, dzienniki konserwacji, prace kontrolne i aktualizacje zlece&#324; serwisowych.<\/p>\n<\/li>\n<li data-start=\"3496\" data-end=\"3605\">\n<p data-start=\"3498\" data-end=\"3605\"><strong data-start=\"3498\" data-end=\"3526\">Magazyn i dystrybucja<\/strong> &ndash; kontrola placu, systemy trasowania, oprogramowanie do kod&oacute;w kreskowych i terminale operacyjne.<\/p>\n<\/li>\n<li data-start=\"3606\" data-end=\"3717\">\n<p data-start=\"3608\" data-end=\"3717\"><strong data-start=\"3608\" data-end=\"3638\">Produkcja i przemys&#322;<\/strong> &ndash; kontrole jako&#347;ci, systemy konserwacji, narz&#281;dzia produkcyjne i przep&#322;ywy pracy zasob&oacute;w.<\/p>\n<\/li>\n<li data-start=\"3718\" data-end=\"3822\">\n<p data-start=\"3720\" data-end=\"3822\"><strong data-start=\"3720\" data-end=\"3745\">Transport i logistyka<\/strong> &ndash; wyznaczanie tras, dokumentacja wysy&#322;ek, formularze cyfrowe i zadania zwi&#261;zane z zarz&#261;dzaniem flot&#261;.<\/p>\n<\/li>\n<\/ul><h2 data-start=\"3824\" data-end=\"3880\">Por&oacute;wnanie produkt&oacute;w dla laptopa Dell Pro Rugged 14<\/h2><ul data-start=\"3881\" data-end=\"4375\">\n<li data-start=\"3881\" data-end=\"4029\">\n<p data-start=\"3883\" data-end=\"4029\"><a href=\"https:\/\/micronordic.com\/product\/dell-pro-rugged-13-laptop\/\"><strong data-start=\"3883\" data-end=\"3912\">Laptop Dell Pro Rugged 13<\/strong><\/a> &ndash; Wybierz 13&Prime; dla l&#380;ejszej opcji Semi-Rugged; wybierz <strong data-start=\"3967\" data-end=\"3989\">Dell Pro Rugged 14<\/strong> dla wi&#281;kszej przestrzeni ekranu i widoczno&#347;ci.<\/p>\n<\/li>\n<li data-start=\"4030\" data-end=\"4214\">\n<p data-start=\"4032\" data-end=\"4214\"><a href=\"https:\/\/micronordic.com\/product\/dell-rugged-extreme-5430-new\/\"><strong data-start=\"4032\" data-end=\"4061\">Dell Latitude Rugged 5430<\/strong><\/a> &ndash; Wybierz Latitude 5430 Rugged dla szerszego wsparcia ekosystemu IT; wybierz <strong data-start=\"4133\" data-end=\"4155\">Dell Pro Rugged 14<\/strong> dla zr&oacute;wnowa&#380;onej ochrony rugged przy ni&#380;szej wadze i kosztach.<\/p>\n<\/li>\n<li data-start=\"4215\" data-end=\"4375\">\n<p data-start=\"4217\" data-end=\"4375\"><a href=\"https:\/\/micronordic.com\/product\/panasonic-toughbook-fz-55\/\"><strong data-start=\"4217\" data-end=\"4243\">Panasonic Toughbook 55<\/strong><\/a> &ndash; Wybierz Toughbook 55 dla modu&#322;owej rozbudowy; wybierz <strong data-start=\"4296\" data-end=\"4318\">Dell Pro Rugged 14<\/strong> dla prostszej, bardziej ekonomicznej wytrzyma&#322;o&#347;ci Semi-Rugged.<\/p>\n<\/li>\n<\/ul>\n","protected":false},"excerpt":{"rendered":"<h3>Specyfikacje:<\/h3>\n<ul>\n<li><strong>Wy\u015bwietlacz:<\/strong> 14\u2033 czytelny na zewn\u0105trz; opcjonalnie dotykowy przyjazny dla r\u0119kawic<\/li>\n<li><strong>Procesor:<\/strong> Intel\u00ae Core\u2122 Ultra (konfigurowalny)<\/li>\n<li><strong>Grafika:<\/strong> Zintegrowany procesor graficzny (zale\u017cnie od modelu)<\/li>\n<li><strong>Pami\u0119\u0107:<\/strong> 8 GB DDR5 (model podstawowy), z mo\u017cliwo\u015bci\u0105 rozbudowy do 64 GB<\/li>\n<li><strong>Pami\u0119\u0107 masowa:<\/strong> 256 GB PCIe NVMe SSD (model podstawowy), z mo\u017cliwo\u015bci\u0105 rozbudowy do 2 TB<\/li>\n<li><strong>\u0141\u0105czno\u015b\u0107:<\/strong> Wi-Fi 6E\/7, Bluetooth; opcjonalnie mobilne \u0142\u0105cze szerokopasmowe i GNSS<\/li>\n<li><strong>Certyfikaty rugged:<\/strong> Semi Rugged; zwi\u0119kszona odporno\u015b\u0107 na wstrz\u0105sy i czynniki \u015brodowiskowe<\/li>\n<li><strong>Zabezpieczenia:<\/strong> TPM, zabezpieczenia BIOS, opcjonalny czytnik kart inteligentnych\/odcisk\u00f3w palc\u00f3w<\/li>\n<li><strong>Bateria:<\/strong> Wytrzyma\u0142o\u015b\u0107 na d\u0142ugie zmiany z mo\u017cliwo\u015bci\u0105 wymiany podczas pracy<\/li>\n<li><strong>Wymiary i waga:<\/strong> Rugged Laptop 14\u2033 (r\u00f3\u017cni si\u0119 w zale\u017cno\u015bci od konfiguracji)<\/li>\n<li><strong>Gwarancja:<\/strong> 3 lata gwarancji (NOWE urz\u0105dzenie)<\/li>\n<\/ul>\n","protected":false},"author":24,"featured_media":99906,"template":"","meta":{"_acf_changed":false,"inline_featured_image":false},"product-condition":[5249],"product_brand":[8948],"product_cat":[5201,5197,5203],"product_tag":[],"class_list":{"0":"post-101915","1":"product","2":"type-product","3":"status-publish","4":"has-post-thumbnail","6":"product-condition-new-in-box","7":"product_brand-dell","8":"product_cat-all-rugged-laptops","9":"product_cat-new-in-box-rugged-hardware","10":"product_cat-dell-rugged","12":"first","13":"instock","14":"taxable","15":"shipping-taxable","16":"purchasable","17":"product-type-simple"},"acf":[],"_links":{"self":[{"href":"https:\/\/micronordic.com\/pl\/wp-json\/wp\/v2\/product\/101915","targetHints":{"allow":["GET"]}}],"collection":[{"href":"https:\/\/micronordic.com\/pl\/wp-json\/wp\/v2\/product"}],"about":[{"href":"https:\/\/micronordic.com\/pl\/wp-json\/wp\/v2\/types\/product"}],"author":[{"embeddable":true,"href":"https:\/\/micronordic.com\/pl\/wp-json\/wp\/v2\/users\/24"}],"version-history":[{"count":1,"href":"https:\/\/micronordic.com\/pl\/wp-json\/wp\/v2\/product\/101915\/revisions"}],"predecessor-version":[{"id":101990,"href":"https:\/\/micronordic.com\/pl\/wp-json\/wp\/v2\/product\/101915\/revisions\/101990"}],"wp:featuredmedia":[{"embeddable":true,"href":"https:\/\/micronordic.com\/pl\/wp-json\/wp\/v2\/media\/99906"}],"wp:attachment":[{"href":"https:\/\/micronordic.com\/pl\/wp-json\/wp\/v2\/media?parent=101915"}],"wp:term":[{"taxonomy":"product-condition","embeddable":true,"href":"https:\/\/micronordic.com\/pl\/wp-json\/wp\/v2\/product-condition?post=101915"},{"taxonomy":"product_brand","embeddable":true,"href":"https:\/\/micronordic.com\/pl\/wp-json\/wp\/v2\/product_brand?post=101915"},{"taxonomy":"product_cat","embeddable":true,"href":"https:\/\/micronordic.com\/pl\/wp-json\/wp\/v2\/product_cat?post=101915"},{"taxonomy":"product_tag","embeddable":true,"href":"https:\/\/micronordic.com\/pl\/wp-json\/wp\/v2\/product_tag?post=101915"}],"curies":[{"name":"wp","href":"https:\/\/api.w.org\/{rel}","templated":true}]}}