{"id":45863,"date":"2024-08-02T13:29:58","date_gmt":"2024-08-02T11:29:58","guid":{"rendered":"https:\/\/micronordic.com\/product\/zebra-et65-rugged-enterprise-tablet-new\/"},"modified":"2025-11-17T10:40:58","modified_gmt":"2025-11-17T09:40:58","slug":"zebra-et65-rugged-enterprise-tablet","status":"publish","type":"product","link":"https:\/\/micronordic.com\/no\/product\/zebra-et65-rugged-enterprise-tablet\/","title":{"rendered":"Zebra ET65 Rugged Tablet (NY)"},"content":{"rendered":"<?xml encoding=\"utf-8\" ?><h2 data-start=\"384\" data-end=\"423\">Zebra ET65 Rugged Tablet for bedrifter<\/h2><p data-start=\"425\" data-end=\"981\"><strong data-start=\"429\" data-end=\"468\">Zebra ET65 Rugged Tablet<\/strong> er designet for de t&oslash;ffeste utend&oslash;rs- og industrimilj&oslash;ene, og tilbyr neste niv&aring; av holdbarhet, ultra-lyssterk skjermteknologi og banebrytende tilkoblingsmuligheter. ET65 bygger p&aring; den velpr&oslash;vde ET60-plattformen, og er optimalisert for feltbaserte operasjoner med 5G-f&oslash;rste design, forbedret GPS-n&oslash;yaktighet og overlegne, rugged sertifiseringer. Det er det ideelle valget for organisasjoner som trenger et kraftig, tilpasningsdyktig Tablet som trives under oppdragskritiske forhold, for eksempel innen offentlig sikkerhet, forsyning og transport.   Nye produkter har 2 &aring;rs produsentgaranti.<\/p><h2 data-start=\"983\" data-end=\"1032\">Viktige funksjoner i Zebra ET65 Rugged Tablet<\/h2><ul data-start=\"1034\" data-end=\"2074\">\n<li data-start=\"1034\" data-end=\"1144\">\n<p data-start=\"1036\" data-end=\"1144\"><strong data-start=\"1036\" data-end=\"1059\">Ultra rugged design<\/strong> &ndash; MIL-STD-810H-sertifisert, IP66\/IP68-klassifisert og falltestet for ekstrem holdbarhet.<\/p>\n<\/li>\n<li data-start=\"1145\" data-end=\"1255\">\n<p data-start=\"1147\" data-end=\"1255\"><strong data-start=\"1147\" data-end=\"1175\">12&Prime; ultra-lyssterk skjerm<\/strong> &ndash; 1 000+ nits sollyslesbar ber&oslash;ringsskjerm med st&oslash;tte for ber&oslash;ring med hansker og v&aring;t ber&oslash;ring.<\/p>\n<\/li>\n<li data-start=\"1256\" data-end=\"1354\">\n<p data-start=\"1258\" data-end=\"1354\"><strong data-start=\"1258\" data-end=\"1282\">Neste generasjons ytelse<\/strong> &ndash; Qualcomm&reg; 6490 oktakjerneprosessor med integrert AI-akselerasjon.<\/p>\n<\/li>\n<li data-start=\"1355\" data-end=\"1468\">\n<p data-start=\"1357\" data-end=\"1468\"><strong data-start=\"1357\" data-end=\"1382\">5G-f&oslash;rste tilkoblingsmuligheter<\/strong> &ndash; innebygd 5G, Wi-Fi 6E, Bluetooth 5.2 og forbedret GPS for global mobilitet i felten.<\/p>\n<\/li>\n<li data-start=\"1469\" data-end=\"1582\">\n<p data-start=\"1471\" data-end=\"1582\"><strong data-start=\"1471\" data-end=\"1496\">Allsidig formfaktor<\/strong> &ndash; valgfritt rugged tastatur og dokkingstasjon for kj&oslash;ret&oslash;y gj&oslash;r den til en erstatning for en laptop.<\/p>\n<\/li>\n<li data-start=\"1583\" data-end=\"1681\">\n<p data-start=\"1585\" data-end=\"1681\"><strong data-start=\"1585\" data-end=\"1612\">Batterier som kan skiftes ut<\/strong> &ndash; standard og utvidet for uavbrutt bruk over flere skift.<\/p>\n<\/li>\n<li data-start=\"1682\" data-end=\"1780\">\n<p data-start=\"1684\" data-end=\"1780\"><strong data-start=\"1684\" data-end=\"1717\">Datafangst i bedriftsklasse<\/strong> &ndash; integrert 2D-strekkodeskanner og h&oslash;yoppl&oslash;selige kameraer.<\/p>\n<\/li>\n<li data-start=\"1781\" data-end=\"1885\">\n<p data-start=\"1783\" data-end=\"1885\"><strong data-start=\"1783\" data-end=\"1811\">Zebra Mobility DNA-verkt&oslash;y<\/strong> &ndash; programvare&oslash;kosystem for enhetsdistribusjon, tilkobling og sikkerhet.<\/p>\n<\/li>\n<li data-start=\"1886\" data-end=\"1994\">\n<p data-start=\"1888\" data-end=\"1994\"><strong data-start=\"1888\" data-end=\"1911\">&Oslash;kosystem for tilbeh&oslash;r<\/strong> &ndash; dokkingstasjoner, kj&oslash;ret&oslash;yfester og ladel&oslash;sninger for bedrifter er tilgjengelig.<\/p>\n<\/li>\n<li data-start=\"1995\" data-end=\"2074\">\n<p data-start=\"1997\" data-end=\"2074\"><strong data-start=\"1997\" data-end=\"2018\">Garantidekning<\/strong> &ndash; St&oslash;ttes av Zebras standard 2-&aring;rs begrensede garanti.<\/p>\n<\/li>\n<\/ul><h2 data-start=\"2076\" data-end=\"2136\">Viktige fordeler med Zebra ET65 Rugged Tablet for bedrifter<\/h2><h3 data-start=\"2138\" data-end=\"2176\">Rugged ytelse utover alle grenser<\/h3><p data-start=\"2177\" data-end=\"2473\">ET65 er spesialkonstruert for &aring; trives i de t&oslash;ffeste milj&oslash;er. Med IP66\/IP68-forsegling t&aring;ler den st&oslash;v, kraftig regn og nedsenking i vann. MIL-STD-810H-sertifiseringen sikrer at den t&aring;ler vibrasjoner, st&oslash;t og ekstreme temperaturer, noe som gj&oslash;r den til en p&aring;litelig enhet for frontlinjearbeidere.  <\/p><h3 data-start=\"2475\" data-end=\"2509\">Lyssterk og lesbar hvor som helst<\/h3><p data-start=\"2510\" data-end=\"2756\">Den 12&Prime; store, ultraklare skjermen gir utmerket lesbarhet selv i direkte sollys. Hanske- og v&aring;tber&oslash;ringsst&oslash;tte gir uavbrutt bruk i utfordrende v&aelig;rforhold, slik at feltarbeidere kan f&aring; tilgang til kritiske data og applikasjoner uten kompromisser. <\/p><h3 data-start=\"2758\" data-end=\"2798\">Optimalisert for utend&oslash;rs tilkobling<\/h3><p data-start=\"2799\" data-end=\"3092\">I motsetning til ET60 er ET65 utviklet som et 5G-f&oslash;rste Rugged Tablet. Med avansert GPS-funksjonalitet sikrer det sv&aelig;rt n&oslash;yaktig posisjonering, mens 5G og Wi-Fi 6E gir ultrarask kommunikasjon for datatunge bruksomr&aring;der som direktestr&oslash;mming av video, GIS-kartlegging og fjerninspeksjoner. <\/p><h3 data-start=\"3094\" data-end=\"3128\">Ytelse i bedriftsklassen<\/h3><p data-start=\"3129\" data-end=\"3368\">ET65 er utstyrt med Qualcomm&reg; 6490-prosessoren og leverer kraftig multitasking og AI-klar ytelse. ET65 gir problemfri drift og fremtidsrettet prosessorkraft, fra industriell IoT-datainnsamling til CAD-visualisering. <\/p><h3 data-start=\"3370\" data-end=\"3403\">Fleksibel utskifting av laptop<\/h3><p data-start=\"3404\" data-end=\"3669\">Det rugged tastaturet (ekstrautstyr) og dokkingl&oslash;sningen for kj&oslash;ret&oslash;y gj&oslash;r ET65 til et fullverdig alternativ til en laptop. Denne allsidigheten reduserer behovet for flere enheter, slik at teamene kan tilpasse ET65 til ulike arbeidsflyter, enten det er p&aring; kontoret, i kj&oslash;ret&oslash;yet eller ute i felten. <\/p><h3 data-start=\"3671\" data-end=\"3699\">Utvidet batteristr&oslash;m<\/h3><p data-start=\"3700\" data-end=\"3907\">Batterier som kan byttes ved behov, sikrer kontinuerlig driftstid, selv ved doble skift. Medarbeiderne kan bytte batterier p&aring; f&aring; sekunder uten &aring; m&aring;tte sl&aring; av driften, noe som sikrer maksimal produktivitet i virksomhetskritiske operasjoner. <\/p><h3 data-start=\"3909\" data-end=\"3948\">P&aring;litelig datafangst og bildebehandling<\/h3><p data-start=\"3949\" data-end=\"4192\">Den integrerte 2D-strekkodeskanneren og de h&oslash;yoppl&oslash;selige kameraene gj&oslash;r ET65 ideell for sporing av eiendeler, dokumentasjon av tilstand og rapportering i sanntid. Skanningsteknologien er optimalisert for n&oslash;yaktighet selv under utfordrende forhold. <\/p><h3 data-start=\"4194\" data-end=\"4227\">Sikker og bedriftsvennlig<\/h3><p data-start=\"4228\" data-end=\"4463\">Med Zebra Mobility DNA gir ET65 sikkerhet og administrasjon p&aring; bedriftsniv&aring;. IT-team f&aring;r kontroll gjennom verkt&oslash;y som StageNow, Enterprise Home Screen og WorryFree WiFi, noe som sikrer optimalisert ytelse og redusert TCO. <\/p><h3 data-start=\"4465\" data-end=\"4494\">Langsiktig p&aring;litelighet<\/h3><p data-start=\"4495\" data-end=\"4700\">ET65 leveres med tre &aring;rs begrenset garanti og valgfrie supporttjenester fra Zebra. Organisasjoner kan stole p&aring; konsekvent ytelse og utvidet livssyklusadministrasjon for virksomhetskritiske distribusjoner. <\/p><h2 data-start=\"4702\" data-end=\"4755\">Ideelle bruksomr&aring;der for Zebra ET65 Rugged Tablet<\/h2><ul data-start=\"4757\" data-end=\"5320\">\n<li data-start=\"4757\" data-end=\"4877\">\n<p data-start=\"4759\" data-end=\"4877\"><strong data-start=\"4759\" data-end=\"4786\">Offentlig sikkerhet og forsvar<\/strong> &ndash; sikre og rugged kommunikasjonsverkt&oslash;y for politifolk og n&oslash;detater i frontlinjen.<\/p>\n<\/li>\n<li data-start=\"4878\" data-end=\"4995\">\n<p data-start=\"4880\" data-end=\"4995\"><strong data-start=\"4880\" data-end=\"4909\">Forsyning og feltservice<\/strong> &ndash; P&aring;litelig i v&aelig;rharde og avsidesliggende omr&aring;der med avansert GPS og 5G-tilkobling.<\/p>\n<\/li>\n<li data-start=\"4996\" data-end=\"5107\">\n<p data-start=\"4998\" data-end=\"5107\"><strong data-start=\"4998\" data-end=\"5028\">Transport og logistikk<\/strong> &ndash; kj&oslash;ret&oslash;ymonterte arbeidsflyter, ruteoptimalisering og deling av data i sanntid.<\/p>\n<\/li>\n<li data-start=\"5108\" data-end=\"5213\">\n<p data-start=\"5110\" data-end=\"5213\"><strong data-start=\"5110\" data-end=\"5140\">Konstruksjon<\/strong> og prosjektering &ndash; Holdbar design og stor skjermst&oslash;tte for prosjektledelse p&aring; stedet.<\/p>\n<\/li>\n<li data-start=\"5214\" data-end=\"5320\">\n<p data-start=\"5216\" data-end=\"5320\"><strong data-start=\"5216\" data-end=\"5244\">Industriell produksjon<\/strong> &ndash; Fungerer feilfritt i vibrasjoner, st&oslash;v og temperatursvingninger.<\/p>\n<\/li>\n<\/ul><h2 data-start=\"145\" data-end=\"181\">Zebra ET65 produktsammenligninger<\/h2><p data-start=\"183\" data-end=\"412\">Zebra ET65 bygger videre p&aring; ET60-plattformen, og leverer sterkere utend&oslash;rsberedskap med 5G-tilkobling og IP68-sertifisering. For bedrifter som vurderer alternativer, finnes det andre Rugged Tablets tilgjengelig hos Micro Nordic: <\/p><ul data-start=\"414\" data-end=\"855\">\n<li data-start=\"414\" data-end=\"574\">\n<p data-start=\"416\" data-end=\"574\"><a href=\"https:\/\/micronordic.com\/product\/zebra-et60-rugged-enterprise-tablet\/\"><strong data-start=\"416\" data-end=\"455\">Zebra ET60 Rugged Tablet for bedrifter<\/strong><\/a> &ndash; Basisplattformen med allsidig formfaktor og rugged ytelse, ideell for blandet arbeidsflyt innend&oslash;rs og utend&oslash;rs.<\/p>\n<\/li>\n<li data-start=\"575\" data-end=\"698\">\n<p data-start=\"577\" data-end=\"698\"><a href=\"https:\/\/micronordic.com\/product\/getac-f110-touch-fully-rugged-tablet\/\"><strong data-start=\"577\" data-end=\"611\">Getac F110 Fully Rugged Tablet<\/strong><\/a> &ndash; Et 11,6&Prime; Fully Rugged Tablet med Windows, designet for industri- og feltarbeid.<\/p>\n<\/li>\n<li data-start=\"699\" data-end=\"855\">\n<p data-start=\"701\" data-end=\"855\"><a href=\"https:\/\/micronordic.com\/product\/panasonic-toughpad-fz-m1-refurbished\/\"><strong data-start=\"701\" data-end=\"758\">Panasonic TOUGHBOOK FZ-M1 Rugged Tablet<\/strong><\/a> &ndash; Et kompakt 7&Prime; Rugged Tablet som er b&aelig;rbart og rimelig for spesialiserte bruksomr&aring;der.<\/p>\n<\/li>\n<\/ul>\n","protected":false},"excerpt":{"rendered":"<h3>Spesifikasjoner:<\/h3>\n<ul>\n<li><strong>Skjerm:<\/strong> 12&#8243; ultra-lyssterk FHD-ber\u00f8ringsskjerm, 1000+ nits, st\u00f8tte for ber\u00f8ring med hansker og v\u00e5t ber\u00f8ring<\/li>\n<li><strong>Prosessor:<\/strong> Qualcomm\u00ae 6490 \u00e5ttekjerners prosessor med AI-akselerasjon<\/li>\n<li><strong>Grafikk:<\/strong> Integrert Qualcomm Adreno GPU<\/li>\n<li><strong>Minne:<\/strong> Opptil 8 GB RAM<\/li>\n<li><strong>Lagringsplass:<\/strong> 64 GB &#8211; 128 GB UFS, kan utvides via microSD<\/li>\n<li><strong>Tilkoblingsmuligheter:<\/strong> 5G, Wi-Fi 6E, Bluetooth 5.2, GPS<\/li>\n<li><strong>Rugged sertifiseringer:<\/strong> MIL-STD-810H, IP66\/IP68, fallbestandig<\/li>\n<li><strong>Sikkerhet:<\/strong> Android Enterprise-sikkerhet, EMM-kompatibilitet<\/li>\n<li><strong>Batteri: Standardbatteri<\/strong> og utvidet batteri som kan skiftes ut under drift<\/li>\n<li><strong>Dimensjoner og vekt:<\/strong> Ca. 12\u2033 modell, ~1,3 kg <\/li>\n<li><strong>Garanti:<\/strong> Standard 2 \u00e5rs begrenset garanti<\/li>\n<\/ul>\n","protected":false},"author":24,"featured_media":100168,"template":"","meta":{"_acf_changed":false,"inline_featured_image":false},"product-condition":[5246],"product_brand":[9006],"product_cat":[5186,5191,5194],"product_tag":[],"class_list":{"0":"post-45863","1":"product","2":"type-product","3":"status-publish","4":"has-post-thumbnail","6":"product-condition-new-in-box","7":"product_brand-zebra","8":"product_cat-all-rugged-tablets","9":"product_cat-new-in-box-rugged-hardware","10":"product_cat-zebra","12":"first","13":"instock","14":"taxable","15":"shipping-taxable","16":"purchasable","17":"product-type-simple"},"acf":[],"_links":{"self":[{"href":"https:\/\/micronordic.com\/no\/wp-json\/wp\/v2\/product\/45863","targetHints":{"allow":["GET"]}}],"collection":[{"href":"https:\/\/micronordic.com\/no\/wp-json\/wp\/v2\/product"}],"about":[{"href":"https:\/\/micronordic.com\/no\/wp-json\/wp\/v2\/types\/product"}],"author":[{"embeddable":true,"href":"https:\/\/micronordic.com\/no\/wp-json\/wp\/v2\/users\/24"}],"version-history":[{"count":2,"href":"https:\/\/micronordic.com\/no\/wp-json\/wp\/v2\/product\/45863\/revisions"}],"predecessor-version":[{"id":97834,"href":"https:\/\/micronordic.com\/no\/wp-json\/wp\/v2\/product\/45863\/revisions\/97834"}],"wp:featuredmedia":[{"embeddable":true,"href":"https:\/\/micronordic.com\/no\/wp-json\/wp\/v2\/media\/100168"}],"wp:attachment":[{"href":"https:\/\/micronordic.com\/no\/wp-json\/wp\/v2\/media?parent=45863"}],"wp:term":[{"taxonomy":"product-condition","embeddable":true,"href":"https:\/\/micronordic.com\/no\/wp-json\/wp\/v2\/product-condition?post=45863"},{"taxonomy":"product_brand","embeddable":true,"href":"https:\/\/micronordic.com\/no\/wp-json\/wp\/v2\/product_brand?post=45863"},{"taxonomy":"product_cat","embeddable":true,"href":"https:\/\/micronordic.com\/no\/wp-json\/wp\/v2\/product_cat?post=45863"},{"taxonomy":"product_tag","embeddable":true,"href":"https:\/\/micronordic.com\/no\/wp-json\/wp\/v2\/product_tag?post=45863"}],"curies":[{"name":"wp","href":"https:\/\/api.w.org\/{rel}","templated":true}]}}