{"id":45857,"date":"2024-08-02T13:58:55","date_gmt":"2024-08-02T11:58:55","guid":{"rendered":"https:\/\/micronordic.com\/product\/zebra-et40-rugged-enterprise-tablet-new\/"},"modified":"2025-11-17T10:35:57","modified_gmt":"2025-11-17T09:35:57","slug":"zebra-et40-rugged-enterprise-tablet","status":"publish","type":"product","link":"https:\/\/micronordic.com\/no\/product\/zebra-et40-rugged-enterprise-tablet\/","title":{"rendered":"Zebra ET40 Rugged Tablet (NY)"},"content":{"rendered":"<?xml encoding=\"utf-8\" ?><h2 data-start=\"283\" data-end=\"322\">Zebra ET40 Rugged Tablet for bedrifter<\/h2><p data-start=\"324\" data-end=\"841\"><strong data-start=\"328\" data-end=\"367\">Zebra ET40 Rugged Tablet<\/strong> er designet for bedrifter som krever mer enn det enheter i forbrukerklassen kan tilby. ET40 kombinerer en lett formfaktor med holdbarhet p&aring; bedriftsniv&aring;, og er en kostnadseffektiv l&oslash;sning for bransjer som detaljhandel, hotell- og restaurantbransjen, transport, logistikk og felttjenester. Med rugged sertifiseringer, avansert datafangst og langvarig ytelse s&oslash;rger ET40 for p&aring;litelig drift, enten det er p&aring; verkstedet, p&aring; lageret eller ute i felten. Nye produkter har 2 &aring;rs produsentgaranti.   <\/p><h2 data-start=\"843\" data-end=\"892\">Viktige funksjoner i Zebra ET40 Rugged Tablet<\/h2><ul data-start=\"894\" data-end=\"1953\">\n<li data-start=\"894\" data-end=\"1009\">\n<p data-start=\"896\" data-end=\"1009\"><strong data-start=\"896\" data-end=\"913\">Rugged design<\/strong> &ndash; falltestet til 1,2 m (4 fot) p&aring; betong og IP65-sertifisert for beskyttelse mot st&oslash;v og vann.<\/p>\n<\/li>\n<li data-start=\"1010\" data-end=\"1120\">\n<p data-start=\"1012\" data-end=\"1120\"><strong data-start=\"1012\" data-end=\"1039\">Skjerm med h&oslash;y synlighet<\/strong> &ndash; 10,1&Prime; FHD-ber&oslash;ringsskjerm med lesbarhet i dagslys og st&oslash;tte for ber&oslash;ring med hansker\/v&aring;t ber&oslash;ring.<\/p>\n<\/li>\n<li data-start=\"1121\" data-end=\"1244\">\n<p data-start=\"1123\" data-end=\"1244\"><strong data-start=\"1123\" data-end=\"1155\">Ytelse i bedriftsklassen<\/strong> &ndash; drevet av en &aring;ttekjerners prosessor med smidig multitasking og applikasjonsh&aring;ndtering.<\/p>\n<\/li>\n<li data-start=\"1245\" data-end=\"1344\">\n<p data-start=\"1247\" data-end=\"1344\"><strong data-start=\"1247\" data-end=\"1273\">Allsidige tilkoblingsmuligheter<\/strong> &ndash; Wi-Fi 6, Bluetooth 5.0 og 4G LTE (tilleggsutstyr) for mobil drift.<\/p>\n<\/li>\n<li data-start=\"1345\" data-end=\"1436\">\n<p data-start=\"1347\" data-end=\"1436\"><strong data-start=\"1347\" data-end=\"1369\">Klar for datafangst<\/strong> &ndash; integrert 2D-strekkodeskanner og h&oslash;yoppl&oslash;selig kamera p&aring; baksiden.<\/p>\n<\/li>\n<li data-start=\"1437\" data-end=\"1535\">\n<p data-start=\"1439\" data-end=\"1535\"><strong data-start=\"1439\" data-end=\"1462\">Batterifleksibilitet<\/strong> &ndash; <strong data-start=\"1439\" data-end=\"1462\">Batterier<\/strong> med lang levetid og mulighet for hurtigutskifting for uavbrutt bruk.<\/p>\n<\/li>\n<li data-start=\"1536\" data-end=\"1649\">\n<p data-start=\"1538\" data-end=\"1649\"><strong data-start=\"1538\" data-end=\"1560\">Mobility DNA-pakke<\/strong> &ndash; Inkluderer Zebras programvareverkt&oslash;y for oppsett, administrasjon og sikkerhet.<\/p>\n<\/li>\n<li data-start=\"1650\" data-end=\"1740\">\n<p data-start=\"1652\" data-end=\"1740\"><strong data-start=\"1652\" data-end=\"1681\">Lett og ergonomisk<\/strong> &ndash; slank formfaktor utformet for komfortabel bruk hele dagen.<\/p>\n<\/li>\n<li data-start=\"1741\" data-end=\"1852\">\n<p data-start=\"1743\" data-end=\"1852\"><strong data-start=\"1743\" data-end=\"1773\">Bedriftsklart tilbeh&oslash;r<\/strong> &ndash; st&oslash;tter dokking, kj&oslash;ret&oslash;yfester og ladel&oslash;sninger i bedriftsklassen.<\/p>\n<\/li>\n<li data-start=\"1853\" data-end=\"1953\">\n<p data-start=\"1855\" data-end=\"1953\"><strong data-start=\"1855\" data-end=\"1876\">Garanti inkludert<\/strong> &ndash; Standard 2-&aring;rs begrenset garanti med Zebra service- og supportalternativer.<\/p>\n<\/li>\n<\/ul><h2 data-start=\"1955\" data-end=\"2015\">Viktige fordeler med Zebra ET40 Rugged Tablet for bedrifter<\/h2><h3 data-start=\"2017\" data-end=\"2064\">Rugged holdbarhet med lett design<\/h3><p data-start=\"2065\" data-end=\"2263\">ET40 er konstruert for &aring; t&aring;le fall, st&oslash;v og vann, samtidig som den er lett og enkel &aring; b&aelig;re. Med en vekt p&aring; litt over 1 kg er den b&aelig;rbar uten at det g&aring;r p&aring; bekostning av rugged p&aring;litelighet. <\/p><h3 data-start=\"2265\" data-end=\"2295\">Utend&oslash;rs lesbar skjerm<\/h3><p data-start=\"2296\" data-end=\"2525\">FHD-skjermen p&aring; 10,1&Prime; gir krystallklar sikt i b&aring;de innend&oslash;rs og utend&oslash;rs milj&oslash;er. Med st&oslash;tte for ber&oslash;ring med hansker og v&aring;t ber&oslash;ring kan medarbeiderne samhandle med enheten uansett forhold, noe som sikrer uavbrutt arbeidsflyt. <\/p><h3 data-start=\"2527\" data-end=\"2578\">Kraftig prosessering for forretningsapplikasjoner<\/h3><p data-start=\"2579\" data-end=\"2829\">ET40 er utstyrt med en avansert oktakjerneprosessor og h&aring;ndterer bedriftsapplikasjoner med letthet. Enten du kj&oslash;rer POS-programvare i detaljhandelen, planleggingssystemer i hotell- og restaurantbransjen eller sporing av eiendeler i logistikkbransjen, forblir ytelsen jevn og responsiv. <\/p><h3 data-start=\"2831\" data-end=\"2860\">Kontinuerlig tilkobling<\/h3><p data-start=\"2861\" data-end=\"3123\">ET40 st&oslash;tter Wi-Fi 6 og Bluetooth 5.0 for h&oslash;yhastighetskommunikasjon. For team ute i felten sikrer 4G LTE (tilleggsutstyr) uavbrutt tilgang til kritiske data og skybaserte applikasjoner. Denne tilkoblingen muliggj&oslash;r samarbeid og beslutningstaking i sanntid.  <\/p><h3 data-start=\"3125\" data-end=\"3152\">Avansert datafangst<\/h3><p data-start=\"3153\" data-end=\"3397\">Med sin innebygde 2D-strekkodeskanner og h&oslash;yoppl&oslash;selige kamera effektiviserer ET40 arbeidsflyter som lagerstyring, pakkesporing og dokumentfangst. Selv skadede eller d&aring;rlig trykte strekkoder kan leses raskt og n&oslash;yaktig. <\/p><h3 data-start=\"3399\" data-end=\"3426\">Forlenget batterilevetid<\/h3><p data-start=\"3427\" data-end=\"3642\">ET40 er designet for lange skift, og batteriet med h&oslash;y kapasitet holder til en hel arbeidsdag. Batteriet kan skiftes ut uten driftsstans, slik at du kan bytte batteri p&aring; farten uten &aring; sl&aring; av enheten. <\/p><h3 data-start=\"3644\" data-end=\"3679\">&Oslash;kosystem for bedriftsprogramvare<\/h3><p data-start=\"3680\" data-end=\"3939\">Zebra Mobility DNA-pakken forbedrer ET40 med verkt&oslash;y for sikker enhetsoppsett, optimalisert Wi-Fi-tilkobling og forbedret brukerproduktivitet. Funksjoner som Enterprise Home Screen og StageNow forenkler distribusjon og administrasjon p&aring; tvers av store enhetsfl&aring;ter. <\/p><h3 data-start=\"3941\" data-end=\"3976\">P&aring;litelig garanti og support<\/h3><p data-start=\"3977\" data-end=\"4189\">ET40 har tre &aring;rs begrenset standardgaranti, noe som gir trygghet for bedrifter. Zebras servicetilbud utvider livssyklusstyringen av enheten ytterligere, noe som sikrer maksimal avkastning p&aring; investeringen og minimal nedetid. <\/p><h2 data-start=\"4191\" data-end=\"4244\">Ideelle bruksomr&aring;der for Zebra ET40 Rugged Tablet<\/h2><ul data-start=\"4246\" data-end=\"4780\">\n<li data-start=\"4246\" data-end=\"4350\">\n<p data-start=\"4248\" data-end=\"4350\"><strong data-start=\"4248\" data-end=\"4272\">Detaljhandel og servering<\/strong> &ndash; mobil POS, lagerstyring og kundeservice p&aring; butikkgulvet.<\/p>\n<\/li>\n<li data-start=\"4351\" data-end=\"4452\">\n<p data-start=\"4353\" data-end=\"4452\"><strong data-start=\"4353\" data-end=\"4383\">Transport og logistikk<\/strong> &ndash; sporing i sanntid, strekkodeskanning og leveringsbekreftelse.<\/p>\n<\/li>\n<li data-start=\"4453\" data-end=\"4567\">\n<p data-start=\"4455\" data-end=\"4567\"><strong data-start=\"4455\" data-end=\"4484\">Feltservice og verkt&oslash;y<\/strong> &ndash; P&aring;litelig ytelse for inspeksjoner, vedlikehold og rapportering i felten.<\/p>\n<\/li>\n<li data-start=\"4568\" data-end=\"4667\">\n<p data-start=\"4570\" data-end=\"4667\"><strong data-start=\"4570\" data-end=\"4585\">Lager<\/strong> &ndash; Effektiv plukking, pakking og lagerkontroll med skanning og tilkoblingsmuligheter.<\/p>\n<\/li>\n<li data-start=\"4668\" data-end=\"4780\">\n<p data-start=\"4670\" data-end=\"4780\"><strong data-start=\"4670\" data-end=\"4687\">Offentlig sektor<\/strong> &ndash; En slitesterk, b&aelig;rbar enhet for frontlinjearbeidere som trenger sikre og tilkoblede arbeidsflyter.<\/p>\n<\/li>\n<\/ul><h2 data-start=\"281\" data-end=\"317\">Zebra ET40 produktsammenligninger<\/h2><p data-start=\"319\" data-end=\"549\">Zebra ET40 er designet som et kostnadseffektivt, rugged Tablet for bedrifter som balanserer holdbarhet, b&aelig;rbarhet og ytelse. For organisasjoner som vurderer alternativer, finnes det andre rugged l&oslash;sninger tilgjengelig hos <strong>Micro Nordic<\/strong>: <\/p><ul data-start=\"551\" data-end=\"927\">\n<li data-start=\"551\" data-end=\"672\">\n<p data-start=\"553\" data-end=\"672\"><a href=\"https:\/\/micronordic.com\/product\/zebra-et45-rugged-enterprise-tablet\/\"><strong data-start=\"553\" data-end=\"581\">Zebra ET45 Rugged Tablet<\/strong> <\/a>&ndash; Lignende design som ET40, men med utvidede tilkoblingsmuligheter og feltfokuserte funksjoner.<\/p>\n<\/li>\n<li data-start=\"673\" data-end=\"802\">\n<p data-start=\"675\" data-end=\"802\"><a href=\"https:\/\/micronordic.com\/product\/panasonic-toughpad-fz-m1-refurbished\/\"><strong data-start=\"675\" data-end=\"718\">Panasonic TOUGHBOOK FZ-M1 Rugged Tablet<\/strong><\/a> &ndash; Et Fully Rugged 7&Prime; Tablet bygget for ekstrem b&aelig;rbarhet og krevende feltbruk.<\/p>\n<\/li>\n<li data-start=\"803\" data-end=\"927\">\n<p data-start=\"805\" data-end=\"927\"><strong data-start=\"805\" data-end=\"839\"><a href=\"https:\/\/micronordic.com\/product\/getac-f110-touch-fully-rugged-tablet\/\">Getac F110 Fully Rugged Tablet <\/a><\/strong>&ndash; Et st&oslash;rre 11,6&Prime; Rugged Tablet designet for brukere som trenger ekstra skjermplass.<\/p>\n<\/li>\n<\/ul><p>&nbsp;<\/p>\n","protected":false},"excerpt":{"rendered":"<h3>Spesifikasjoner:<\/h3>\n<ul>\n<li><strong>Skjerm:<\/strong> 10,1\u2033 FHD (1920\u00d71200), ber\u00f8ringsskjerm som kan leses i sollys, med st\u00f8tte for ber\u00f8ring med hansker og v\u00e5t ber\u00f8ring<\/li>\n<li><strong>Prosessor:<\/strong> Octa-core Qualcomm Snapdragon-prosessor<\/li>\n<li><strong>Grafikk:<\/strong> Integrert Qualcomm Adreno GPU<\/li>\n<li><strong>Minne<\/strong> 4 GB &#8211; 8 GB RAM-alternativer<\/li>\n<li><strong>Lagringsplass:<\/strong> 64 GB &#8211; 128 GB eMMC, kan utvides via microSD<\/li>\n<li><strong>Tilkoblingsmuligheter:<\/strong> Wi-Fi 6, Bluetooth 5.0, 4G LTE (tilleggsutstyr)<\/li>\n<li><strong>Rugged sertifiseringer:<\/strong> MIL-STD-810H-testet, IP65-sertifisert, motstand mot fall fra 4 fot<\/li>\n<li><strong>Sikkerhet:<\/strong> Android Enterprise-sikkerhet, valgfri st\u00f8tte for mobilitetsstyring for bedrifter<\/li>\n<li><strong>Batteri:<\/strong> Standard eller utvidet batteri, kan skiftes ved behov<\/li>\n<li><strong>M\u00e5l og vekt:<\/strong> 10,1\u2033-modell ca. 1,04 kg <\/li>\n<li><strong>Garanti:<\/strong> Standard 2 \u00e5rs begrenset garanti<\/li>\n<\/ul>\n","protected":false},"author":24,"featured_media":100153,"template":"","meta":{"_acf_changed":false,"inline_featured_image":false},"product-condition":[5246],"product_brand":[9006],"product_cat":[5186,5191,5194],"product_tag":[],"class_list":{"0":"post-45857","1":"product","2":"type-product","3":"status-publish","4":"has-post-thumbnail","6":"product-condition-new-in-box","7":"product_brand-zebra","8":"product_cat-all-rugged-tablets","9":"product_cat-new-in-box-rugged-hardware","10":"product_cat-zebra","12":"first","13":"instock","14":"taxable","15":"shipping-taxable","16":"purchasable","17":"product-type-simple"},"acf":[],"_links":{"self":[{"href":"https:\/\/micronordic.com\/no\/wp-json\/wp\/v2\/product\/45857","targetHints":{"allow":["GET"]}}],"collection":[{"href":"https:\/\/micronordic.com\/no\/wp-json\/wp\/v2\/product"}],"about":[{"href":"https:\/\/micronordic.com\/no\/wp-json\/wp\/v2\/types\/product"}],"author":[{"embeddable":true,"href":"https:\/\/micronordic.com\/no\/wp-json\/wp\/v2\/users\/24"}],"version-history":[{"count":6,"href":"https:\/\/micronordic.com\/no\/wp-json\/wp\/v2\/product\/45857\/revisions"}],"predecessor-version":[{"id":97814,"href":"https:\/\/micronordic.com\/no\/wp-json\/wp\/v2\/product\/45857\/revisions\/97814"}],"wp:featuredmedia":[{"embeddable":true,"href":"https:\/\/micronordic.com\/no\/wp-json\/wp\/v2\/media\/100153"}],"wp:attachment":[{"href":"https:\/\/micronordic.com\/no\/wp-json\/wp\/v2\/media?parent=45857"}],"wp:term":[{"taxonomy":"product-condition","embeddable":true,"href":"https:\/\/micronordic.com\/no\/wp-json\/wp\/v2\/product-condition?post=45857"},{"taxonomy":"product_brand","embeddable":true,"href":"https:\/\/micronordic.com\/no\/wp-json\/wp\/v2\/product_brand?post=45857"},{"taxonomy":"product_cat","embeddable":true,"href":"https:\/\/micronordic.com\/no\/wp-json\/wp\/v2\/product_cat?post=45857"},{"taxonomy":"product_tag","embeddable":true,"href":"https:\/\/micronordic.com\/no\/wp-json\/wp\/v2\/product_tag?post=45857"}],"curies":[{"name":"wp","href":"https:\/\/api.w.org\/{rel}","templated":true}]}}