{"id":45849,"date":"2024-08-01T20:13:06","date_gmt":"2024-08-01T18:13:06","guid":{"rendered":"https:\/\/micronordic.com\/product\/zebra-tc53-handheld-mobile-computer-new\/"},"modified":"2025-11-17T11:16:53","modified_gmt":"2025-11-17T10:16:53","slug":"zebra-tc53-handheld-mobile-computer","status":"publish","type":"product","link":"https:\/\/micronordic.com\/no\/product\/zebra-tc53-handheld-mobile-computer\/","title":{"rendered":"Zebra TC53 Handheld Mobile Computer (NY)"},"content":{"rendered":"<?xml encoding=\"utf-8\" ?><h2 data-start=\"306\" data-end=\"343\">Zebra TC53 Rugged Handheld Mobile Computer<\/h2><p data-start=\"345\" data-end=\"824\"><strong data-start=\"349\" data-end=\"386\">Zebra TC53 Handheld Mobile Computer<\/strong> er en avansert bedriftsh&aring;ndholdt <strong data-start=\"349\" data-end=\"386\">datamaskin<\/strong> designet for organisasjoner som trenger ytelse, tilkoblingsmuligheter og rugged holdbarhet i en slank, moderne enhet. Som en del av TC5X-serien kombinerer TC53 Zebras rugged design med en Wi-Fi-tiln&aelig;rming, noe som gj&oslash;r den til den perfekte l&oslash;sningen for bedrifter som prim&aelig;rt opererer innend&oslash;rs. TC53 gir effektivitet, synlighet og langsiktig p&aring;litelighet, uansett om det gjelder detaljhandel, lager eller hotell- og restaurantbransjen.  <\/p><p class=\"p1\">Nye produkter har 2 &aring;rs produsentgaranti.<\/p><h2 data-start=\"826\" data-end=\"861\">Viktige funksjoner i Zebra TC53:<\/h2><ul data-start=\"863\" data-end=\"1798\">\n<li data-start=\"863\" data-end=\"982\">\n<p data-start=\"865\" data-end=\"982\"><strong data-start=\"865\" data-end=\"886\">Rugged holdbarhet<\/strong> &ndash; IP65\/IP68-sertifisert og falltestet, noe som sikrer jevn ytelse i t&oslash;ffe milj&oslash;er.<\/p>\n<\/li>\n<li data-start=\"983\" data-end=\"1090\">\n<p data-start=\"985\" data-end=\"1090\"><strong data-start=\"985\" data-end=\"1006\">6,0&Prime; FHD+-skjerm<\/strong> &ndash; 600 nits lysstyrke, st&oslash;tte for ber&oslash;ring med hansker og v&aring;t ber&oslash;ring og Gorilla Glass-beskyttelse.<\/p>\n<\/li>\n<li data-start=\"1091\" data-end=\"1206\">\n<p data-start=\"1093\" data-end=\"1206\"><strong data-start=\"1093\" data-end=\"1118\">H&oslash;yhastighets prosessering<\/strong> &ndash; Qualcomm&reg; 6490 oktakjerneprosessor med AI-akselerasjon for krevende applikasjoner.<\/p>\n<\/li>\n<li data-start=\"1207\" data-end=\"1288\">\n<p data-start=\"1209\" data-end=\"1288\"><strong data-start=\"1209\" data-end=\"1236\">Tilkoblingsmuligheter for bedrifter<\/strong> &ndash; Wi-Fi 6E, Bluetooth 5.2, GPS og eSIM-alternativer.<\/p>\n<\/li>\n<li data-start=\"1289\" data-end=\"1379\">\n<p data-start=\"1291\" data-end=\"1379\"><strong data-start=\"1291\" data-end=\"1307\">Datafangst<\/strong> &ndash; Integrert SE4720 2D-skanner, 16 MP kamera bak, 8 MP kamera foran.<\/p>\n<\/li>\n<li data-start=\"1380\" data-end=\"1450\">\n<p data-start=\"1382\" data-end=\"1450\"><strong data-start=\"1382\" data-end=\"1393\">Batteri<\/strong> &ndash; 4680 mAh batteri som kan byttes ved behov, for driftstid hele dagen.<\/p>\n<\/li>\n<li data-start=\"1451\" data-end=\"1531\">\n<p data-start=\"1453\" data-end=\"1531\"><strong data-start=\"1453\" data-end=\"1475\">Lett design<\/strong> &ndash; slank, ergonomisk formfaktor med en vekt p&aring; ca. 282 g. <\/p>\n<\/li>\n<li data-start=\"1532\" data-end=\"1619\">\n<p data-start=\"1534\" data-end=\"1619\"><strong data-start=\"1534\" data-end=\"1562\">Android Enterprise-klar<\/strong> &ndash; OS-st&oslash;tte i bedriftsklasse med utvidet livssyklus.<\/p>\n<\/li>\n<li data-start=\"1620\" data-end=\"1730\">\n<p data-start=\"1622\" data-end=\"1730\"><strong data-start=\"1622\" data-end=\"1644\">Mobility DNA-verkt&oslash;y<\/strong> &ndash; Zebras programvarepakke for distribusjon, administrasjon og optimalisering av tilkoblingsmuligheter.<\/p>\n<\/li>\n<li data-start=\"1731\" data-end=\"1798\">\n<p data-start=\"1733\" data-end=\"1798\"><strong data-start=\"1733\" data-end=\"1745\">Garanti<\/strong> &ndash; St&oslash;ttes av Zebras 2 &aring;rs begrensede produsentgaranti.<\/p>\n<\/li>\n<\/ul><h2 data-start=\"1800\" data-end=\"1858\">Viktige fordeler med Zebra TC53 Rugged Mobile Computer<\/h2><h3 data-start=\"1860\" data-end=\"1906\">P&aring;litelig robusthet for daglig drift<\/h3><p data-start=\"1907\" data-end=\"2066\">TC53 har IP65\/IP68-tetning og fallmotstand, noe som sikrer at den t&aring;ler travle arbeidsflyter p&aring; lager, i butikkmilj&oslash;er og innend&oslash;rs logistikk.<\/p><h3 data-start=\"2068\" data-end=\"2103\">Lyssterk og funksjonell skjerm<\/h3><p data-start=\"2104\" data-end=\"2277\">Den 6,0&Prime; FHD+-skjermen med st&oslash;tte for ber&oslash;ring med hansker og v&aring;t ber&oslash;ring sikrer produktivitet under alle forhold. Det slitesterke Gorilla Glass gir beskyttelse mot riper og st&oslash;t. <\/p><h3 data-start=\"2279\" data-end=\"2319\">Wi-Fi f&oslash;rst for innend&oslash;rs ytelse<\/h3><p data-start=\"2320\" data-end=\"2510\">I motsetning til TC58 er TC53 optimalisert for Wi-Fi-milj&oslash;er, noe som gj&oslash;r den til det riktige valget for bedrifter som er avhengige av tr&aring;dl&oslash;se nettverk i bygninger eller lagerlokaler.<\/p><h3 data-start=\"2512\" data-end=\"2549\">Jevn og effektiv behandling<\/h3><p data-start=\"2550\" data-end=\"2743\">Med en Qualcomm&reg; 6490 oktakjerneprosessor leverer TC53 den hastigheten og effektiviteten som trengs for multitasking og AI-drevne applikasjoner som lagerstyring og prediktiv analyse.<\/p><h3 data-start=\"2745\" data-end=\"2772\">S&oslash;ml&oslash;s datafangst<\/h3><p data-start=\"2773\" data-end=\"2937\">TC53 er utstyrt med Zebras strekkodeskanner SE4720 og h&oslash;yoppl&oslash;selige kameraer, slik at brukerne kan fange strekkoder, dokumenter og bilder raskt og n&oslash;yaktig.<\/p><h3 data-start=\"2939\" data-end=\"2969\">Batteri bygget for skift<\/h3><p data-start=\"2970\" data-end=\"3150\">Det varmebyttbare 4680 mAh-batteriet sikrer kontinuerlig drift gjennom lange skift. Medarbeiderne kan bytte batterier uten &aring; m&aring;tte sl&aring; av str&oslash;mmen, slik at oppetiden opprettholdes p&aring; tvers av arbeidsflyter. <\/p><h3 data-start=\"3152\" data-end=\"3191\">Bedriftssikkerhet og &oslash;kosystem<\/h3><p data-start=\"3192\" data-end=\"3354\">TC53 kj&oslash;rer Android Enterprise og er forbedret med Zebras Mobility DNA-verkt&oslash;y, og kombinerer sikkerhet, administrasjon og produktivitet i &eacute;n str&oslash;mlinjeformet pakke.<\/p><h3 data-start=\"3356\" data-end=\"3382\">Designet for komfort<\/h3><p data-start=\"3383\" data-end=\"3498\">Med en vekt p&aring; bare 282 g er TC53 lett og b&aelig;rbar, noe som reduserer brukerens tretthet samtidig som den er rugged sertifisert.<\/p><h2 data-start=\"3500\" data-end=\"3539\">Ideelle bruksomr&aring;der for Zebra TC53<\/h2><ul data-start=\"3541\" data-end=\"3985\">\n<li data-start=\"3541\" data-end=\"3632\">\n<p data-start=\"3543\" data-end=\"3632\"><strong data-start=\"3543\" data-end=\"3567\">Detaljhandel og servering<\/strong> &ndash; POS, lagerstyring og kundeengasjement p&aring; gulvet.<\/p>\n<\/li>\n<li data-start=\"3633\" data-end=\"3718\">\n<p data-start=\"3635\" data-end=\"3718\"><strong data-start=\"3635\" data-end=\"3662\">Lager og logistikk<\/strong> &ndash; lagerstyring, skanning og ordrebehandling.<\/p>\n<\/li>\n<li data-start=\"3719\" data-end=\"3810\">\n<p data-start=\"3721\" data-end=\"3810\"><strong data-start=\"3721\" data-end=\"3738\">Produksjon<\/strong> &ndash; Verkstedapplikasjoner som krever holdbarhet og rask datafangst.<\/p>\n<\/li>\n<li data-start=\"3811\" data-end=\"3906\">\n<p data-start=\"3813\" data-end=\"3906\"><strong data-start=\"3813\" data-end=\"3835\">St&oslash;tte til helsevesenet<\/strong> &ndash; pasientsporing, utstyrsh&aring;ndtering og sikker tilgang til data.<\/p>\n<\/li>\n<li data-start=\"3907\" data-end=\"3985\">\n<p data-start=\"3909\" data-end=\"3985\"><strong data-start=\"3909\" data-end=\"3926\">Feltservice<\/strong> &ndash; Rugged h&aring;ndholdt drift i Wi-Fi-rike milj&oslash;er.<\/p>\n<\/li>\n<\/ul><h2 data-start=\"3987\" data-end=\"4022\">Zebra TC53 produktsammenligninger<\/h2><p data-start=\"177\" data-end=\"365\">Zebra TC53 er optimalisert for Wi-Fi-milj&oslash;er, samtidig som den er rugged og p&aring;litelig. For organisasjoner som vurderer alternativer, inkluderer andre relevante produkter hos Micro Nordic: <\/p><ul data-start=\"367\" data-end=\"789\">\n<li data-start=\"367\" data-end=\"497\">\n<p data-start=\"369\" data-end=\"497\"><a href=\"https:\/\/micronordic.com\/product\/zebra-tc58-handheld-mobile-computer\/\"><strong data-start=\"369\" data-end=\"406\">Zebra TC58 Handheld Mobile Computer<\/strong> <\/a>&ndash; Den mobilaktiverte varianten med 5G for bedrifter som trenger avansert mobilitet utend&oslash;rs.<\/p>\n<\/li>\n<li data-start=\"498\" data-end=\"653\">\n<p data-start=\"500\" data-end=\"653\"><a href=\"https:\/\/micronordic.com\/product\/zebra-tc52-mobile-handheld-computer-refurbished\/\"><strong data-start=\"500\" data-end=\"540\">Zebra TC52 Handheld Mobile Computer<\/strong><\/a>&ndash; En eldre modell som er tilgjengelig renovert, ideell for kostnadssensitive virksomheter som fortsatt krever rugged holdbarhet.<\/p>\n<\/li>\n<li data-start=\"654\" data-end=\"789\">\n<p data-start=\"656\" data-end=\"789\"><a href=\"https:\/\/micronordic.com\/product\/zebra-tc22-handheld-mobile-computer\/\"><strong data-start=\"656\" data-end=\"693\">Zebra TC22 Handheld Mobile Computer<\/strong><\/a>&ndash; Et kompakt, budsjettvennlig alternativ for organisasjoner som trenger en mindre, rugged h&aring;ndholdt datamaskin.<\/p>\n<\/li>\n<\/ul>\n","protected":false},"excerpt":{"rendered":"<h3>Spesifikasjoner:<\/h3>\n<ul>\n<li><strong>Skjerm:<\/strong> 6,0\u2033 FHD+ (2160\u00d71080), 600 nits lysstyrke, Gorilla Glass, st\u00f8tte for ber\u00f8ring med hansker og v\u00e5t ber\u00f8ring<\/li>\n<li><strong>Prosessor:<\/strong> Qualcomm\u00ae 6490 \u00e5ttekjerners prosessor med AI-akselerasjon<\/li>\n<li><strong>Minne og lagring:<\/strong> 6 GB RAM, 64 GB flashminne<\/li>\n<li><strong>Tilkoblingsmuligheter:<\/strong> Wi-Fi 6E, Bluetooth 5.2, GPS, eSIM<\/li>\n<li><strong>Datafangst og kameraer:<\/strong> SE4720 2D-skanner, 16 MP kameraer bak, 8 MP kameraer foran<\/li>\n<li><strong>Batteri:<\/strong> 4680 mAh batteri som kan byttes ut ved behov<\/li>\n<li><strong>Rugged Sertifiseringer:<\/strong> IP65\/IP68, fallbestandig<\/li>\n<li><strong>Sikkerhet:<\/strong> Android Enterprise-funksjoner, kryptering p\u00e5 bedriftsniv\u00e5, NFC<\/li>\n<li><strong>Dimensjoner og vekt:<\/strong> Ca. 282 g <\/li>\n<li><strong><strong>Garanti: <\/strong><\/strong>2 \u00e5rs begrenset standardgaranti fra produsenten<\/li>\n<\/ul>\n","protected":false},"author":24,"featured_media":100259,"template":"","meta":{"_acf_changed":false,"inline_featured_image":false},"product-condition":[5246],"product_brand":[9006],"product_cat":[5194,5187,5191],"product_tag":[],"class_list":{"0":"post-45849","1":"product","2":"type-product","3":"status-publish","4":"has-post-thumbnail","6":"product-condition-new-in-box","7":"product_brand-zebra","8":"product_cat-zebra","9":"product_cat-all-barcode-scanners","10":"product_cat-new-in-box-rugged-hardware","12":"first","13":"instock","14":"taxable","15":"shipping-taxable","16":"purchasable","17":"product-type-simple"},"acf":[],"_links":{"self":[{"href":"https:\/\/micronordic.com\/no\/wp-json\/wp\/v2\/product\/45849","targetHints":{"allow":["GET"]}}],"collection":[{"href":"https:\/\/micronordic.com\/no\/wp-json\/wp\/v2\/product"}],"about":[{"href":"https:\/\/micronordic.com\/no\/wp-json\/wp\/v2\/types\/product"}],"author":[{"embeddable":true,"href":"https:\/\/micronordic.com\/no\/wp-json\/wp\/v2\/users\/24"}],"version-history":[{"count":2,"href":"https:\/\/micronordic.com\/no\/wp-json\/wp\/v2\/product\/45849\/revisions"}],"predecessor-version":[{"id":97886,"href":"https:\/\/micronordic.com\/no\/wp-json\/wp\/v2\/product\/45849\/revisions\/97886"}],"wp:featuredmedia":[{"embeddable":true,"href":"https:\/\/micronordic.com\/no\/wp-json\/wp\/v2\/media\/100259"}],"wp:attachment":[{"href":"https:\/\/micronordic.com\/no\/wp-json\/wp\/v2\/media?parent=45849"}],"wp:term":[{"taxonomy":"product-condition","embeddable":true,"href":"https:\/\/micronordic.com\/no\/wp-json\/wp\/v2\/product-condition?post=45849"},{"taxonomy":"product_brand","embeddable":true,"href":"https:\/\/micronordic.com\/no\/wp-json\/wp\/v2\/product_brand?post=45849"},{"taxonomy":"product_cat","embeddable":true,"href":"https:\/\/micronordic.com\/no\/wp-json\/wp\/v2\/product_cat?post=45849"},{"taxonomy":"product_tag","embeddable":true,"href":"https:\/\/micronordic.com\/no\/wp-json\/wp\/v2\/product_tag?post=45849"}],"curies":[{"name":"wp","href":"https:\/\/api.w.org\/{rel}","templated":true}]}}