{"id":45845,"date":"2024-08-01T20:12:43","date_gmt":"2024-08-01T18:12:43","guid":{"rendered":"https:\/\/micronordic.com\/product\/zebra-tc22-handheld-mobile-computer-new\/"},"modified":"2025-11-17T11:21:43","modified_gmt":"2025-11-17T10:21:43","slug":"zebra-tc22-handheld-mobile-computer","status":"publish","type":"product","link":"https:\/\/micronordic.com\/no\/product\/zebra-tc22-handheld-mobile-computer\/","title":{"rendered":"Zebra TC22 Handheld Mobile Computer (NY)"},"content":{"rendered":"<?xml encoding=\"utf-8\" ?><h2 data-start=\"315\" data-end=\"352\">Zebra TC22 Rugged Handheld Mobile Computer<\/h2><p data-start=\"354\" data-end=\"781\"><strong data-start=\"358\" data-end=\"395\">Zebra TC22 Handheld Mobile Computer<\/strong> er utviklet for &aring; gi bedrifter en rimelig, men likevel kraftig, rugged bedriftsh&aring;ndholdt enhet. Den er kompakt, lett og enkel &aring; bruke, og kombinerer rugged holdbarhet med moderne ytelsesfunksjoner. TC22 er optimalisert for Wi-Fi-f&oslash;rste milj&oslash;er, og er et smart valg for detaljhandel, lager, servering og lettere feltserviceapplikasjoner der mobilitet og kostnadseffektivitet er avgj&oslash;rende.  <\/p><p class=\"p1\">Nye produkter har 2 &aring;rs produsentgaranti.<\/p><h2 data-start=\"783\" data-end=\"818\">Viktige funksjoner i Zebra TC22<\/h2><ul data-start=\"820\" data-end=\"1708\">\n<li data-start=\"820\" data-end=\"912\">\n<p data-start=\"822\" data-end=\"912\"><strong data-start=\"822\" data-end=\"838\">Rugged konstruksjon<\/strong> &ndash; IP65\/IP68-sertifisert og fallsikker med Gorilla Glass-beskyttelse.<\/p>\n<\/li>\n<li data-start=\"913\" data-end=\"997\">\n<p data-start=\"915\" data-end=\"997\"><strong data-start=\"915\" data-end=\"936\">6,0&Prime; FHD+-skjerm<\/strong> &ndash; h&oslash;yoppl&oslash;selig skjerm med st&oslash;tte for ber&oslash;ring med hansker og v&aring;t ber&oslash;ring.<\/p>\n<\/li>\n<li data-start=\"998\" data-end=\"1087\">\n<p data-start=\"1000\" data-end=\"1087\"><strong data-start=\"1000\" data-end=\"1023\">Effektiv prosessor<\/strong> &ndash; Qualcomm Snapdragon heksakjerneplattform for jevn drift.<\/p>\n<\/li>\n<li data-start=\"1088\" data-end=\"1173\">\n<p data-start=\"1090\" data-end=\"1173\"><strong data-start=\"1090\" data-end=\"1106\">Tilkoblingsmuligheter<\/strong> &ndash; Wi-Fi 6E og Bluetooth 5.2 for p&aring;litelig bedriftsnettverk.<\/p>\n<\/li>\n<li data-start=\"1174\" data-end=\"1277\">\n<p data-start=\"1176\" data-end=\"1277\"><strong data-start=\"1176\" data-end=\"1192\">Datafangst<\/strong> &ndash; Integrerte skanneralternativer, inkludert SE4710 (standard) eller SE55 (avansert serie).<\/p>\n<\/li>\n<li data-start=\"1278\" data-end=\"1363\">\n<p data-start=\"1280\" data-end=\"1363\"><strong data-start=\"1280\" data-end=\"1299\">Batterialternativer<\/strong> &ndash; utskiftbart standardbatteri p&aring; 3 800 mAh eller utvidet batteri p&aring; 5 200 mAh.<\/p>\n<\/li>\n<li data-start=\"1364\" data-end=\"1447\">\n<p data-start=\"1366\" data-end=\"1447\"><strong data-start=\"1366\" data-end=\"1388\">Lett design<\/strong> &ndash; slank profil som veier bare litt over 230 g for lange skift.<\/p>\n<\/li>\n<li data-start=\"1448\" data-end=\"1526\">\n<p data-start=\"1450\" data-end=\"1526\"><strong data-start=\"1450\" data-end=\"1478\">Android Enterprise-klar<\/strong> &ndash; sikkert operativsystem med st&oslash;tte for fremtidige oppgraderinger.<\/p>\n<\/li>\n<li data-start=\"1527\" data-end=\"1639\">\n<p data-start=\"1529\" data-end=\"1639\"><strong data-start=\"1529\" data-end=\"1551\">Mobility DNA-verkt&oslash;y<\/strong> &ndash; Zebras programvare&oslash;kosystem for distribusjon, administrasjon og optimalisering av tilkoblingsmuligheter.<\/p>\n<\/li>\n<li data-start=\"1640\" data-end=\"1708\">\n<p data-start=\"1642\" data-end=\"1708\"><strong data-start=\"1642\" data-end=\"1654\">Garanti<\/strong> &ndash; St&oslash;ttes av Zebras 2 &aring;rs begrensede produsentgaranti.<\/p>\n<\/li>\n<\/ul><h2 data-start=\"1710\" data-end=\"1768\">Viktige fordeler med Zebra TC22 Rugged Mobile Computer<\/h2><h3 data-start=\"1770\" data-end=\"1797\">Rugged, men likevel rimelig<\/h3><p data-start=\"1798\" data-end=\"2022\">TC22 har den rugged holdbarheten Zebra er kjent for, men til en lavere pris. Dette gj&oslash;r den egnet for utrulling i stor skala der prisf&oslash;lsomhet er en faktor, uten at det g&aring;r p&aring; bekostning av viktige, rugged funksjoner. <\/p><h3 data-start=\"2024\" data-end=\"2058\">Tydelig display for daglig arbeid<\/h3><p data-start=\"2059\" data-end=\"2236\">Den 6,0&Prime; store skjermen med hanske- og v&aring;tber&oslash;ringsfunksjon sikrer brukervennlighet under alle forhold. Personalet kan enkelt se og samhandle med applikasjoner i alt fra butikkgulvet til lageret. <\/p><h3 data-start=\"2238\" data-end=\"2274\">Ytelse for hverdagslige oppgaver<\/h3><p data-start=\"2275\" data-end=\"2450\">Qualcomm-prosessoren st&oslash;tter lagerkontroll, POS-applikasjoner og oppgaveh&aring;ndtering med jevn ytelse. Den er utviklet for arbeidsflyter der effektivitet er avgj&oslash;rende. <\/p><h3 data-start=\"2452\" data-end=\"2479\">P&aring;litelig datafangst<\/h3><p data-start=\"2480\" data-end=\"2658\">Med valget mellom skannemotorene SE4710 og SE55 kan TC22 h&aring;ndtere alt fra strekkodeskanning p&aring; n&aelig;rt hold til langdistanseoppgaver, noe som gj&oslash;r den fleksibel for ulike bruksomr&aring;der.<\/p><h3 data-start=\"2660\" data-end=\"2690\">Fleksible batterialternativer<\/h3><p data-start=\"2691\" data-end=\"2884\">Bedriftene kan velge mellom standardbatterier og batterier med utvidet kapasitet, avhengig av skiftlengde og bruksintensitet. Den avtakbare designen betyr at batteriene kan byttes p&aring; sekunder uten driftsstans. <\/p><h3 data-start=\"2886\" data-end=\"2919\">Lett og komfortabel<\/h3><p data-start=\"2920\" data-end=\"3073\">TC22 veier bare litt over 230 g, og er konstruert for komfort under lange skift. Den slanke og ergonomiske utformingen reduserer tretthet og gj&oslash;r den enkel &aring; b&aelig;re hele dagen. <\/p><h3 data-start=\"3075\" data-end=\"3106\">Sikkerhet klar for bedrifter<\/h3><p data-start=\"3107\" data-end=\"3274\">Med st&oslash;tte for Android Enterprise og Zebras Mobility DNA-verkt&oslash;y sikrer TC22 databeskyttelse, forenklet distribusjon og enkel enhetsadministrasjon i hele fl&aring;ten.<\/p><h2 data-start=\"3276\" data-end=\"3315\">Ideelle bruksomr&aring;der for Zebra TC22<\/h2><ul data-start=\"3317\" data-end=\"3720\">\n<li data-start=\"3317\" data-end=\"3413\">\n<p data-start=\"3319\" data-end=\"3413\"><strong data-start=\"3319\" data-end=\"3343\">Detaljhandel og servering<\/strong> &ndash; Mobile POS, prissjekker, kundeservice og ordreh&aring;ndtering.<\/p>\n<\/li>\n<li data-start=\"3414\" data-end=\"3531\">\n<p data-start=\"3416\" data-end=\"3531\"><strong data-start=\"3416\" data-end=\"3443\">Lager og logistikk<\/strong> &ndash; plukk, lagerstyring og syklustelling i lette lagermilj&oslash;er.<\/p>\n<\/li>\n<li data-start=\"3532\" data-end=\"3616\">\n<p data-start=\"3534\" data-end=\"3616\"><strong data-start=\"3534\" data-end=\"3558\">Servering og arrangementer<\/strong> &ndash; innsjekking av gjester, skanning av billetter og mobilbestilling.<\/p>\n<\/li>\n<li data-start=\"3617\" data-end=\"3720\">\n<p data-start=\"3619\" data-end=\"3720\"><strong data-start=\"3619\" data-end=\"3649\">Feltservice (lett arbeid)<\/strong> &ndash; Oppgaver p&aring; stedet i Wi-Fi-rike milj&oslash;er der b&aelig;rbarhet er avgj&oslash;rende.<\/p>\n<\/li>\n<\/ul><h2 data-start=\"3722\" data-end=\"3757\">Zebra TC22 produktsammenligninger<\/h2><p data-start=\"138\" data-end=\"297\">Zebra TC22 tilbyr en kostnadseffektiv, rugged l&oslash;sning for bedrifter som fokuserer p&aring; Wi-Fi-milj&oslash;er. Andre relevante alternativer som er tilgjengelige hos Micro Nordic inkluderer: <\/p><ul data-start=\"299\" data-end=\"692\">\n<li data-start=\"299\" data-end=\"420\">\n<p data-start=\"301\" data-end=\"420\"><a href=\"https:\/\/micronordic.com\/product\/zebra-tc58-handheld-mobile-computer\/\"><strong data-start=\"301\" data-end=\"338\">Zebra TC58 Handheld Mobile Computer<\/strong><\/a>&ndash; En avansert 5G-klar variant med avanserte funksjoner for krevende arbeidsflyter.<\/p>\n<\/li>\n<li data-start=\"421\" data-end=\"538\">\n<p data-start=\"423\" data-end=\"538\"><a href=\"https:\/\/micronordic.com\/product\/zebra-tc53-handheld-mobile-computer\/\"><strong data-start=\"423\" data-end=\"460\">Zebra TC53 Handheld Mobile Computer<\/strong><\/a> &ndash; En Wi-Fi-f&oslash;rste enhet med sterkere ytelse og avanserte funksjoner.<\/p>\n<\/li>\n<li data-start=\"539\" data-end=\"692\">\n<p data-start=\"541\" data-end=\"692\"><a href=\"https:\/\/micronordic.com\/product\/zebra-tc52-mobile-handheld-computer-refurbished\/\"><strong data-start=\"541\" data-end=\"581\">Zebra TC52 Handheld Mobile Computer<\/strong><\/a>&ndash; En eldre modell som er tilgjengelig renovert, ideell for kostnadsbevisste bedrifter som trenger dokumentert rugged mobilitet.<\/p>\n<\/li>\n<\/ul>\n","protected":false},"excerpt":{"rendered":"<h3>Spesifikasjoner:<\/h3>\n<ul>\n<li><strong>Skjerm:<\/strong> 6,0\u2033 FHD+ (1080\u00d72160), st\u00f8tte for ber\u00f8ring med hansker og v\u00e5t ber\u00f8ring<\/li>\n<li><strong>Prosessor:<\/strong> Qualcomm Snapdragon heksakjerneplattform<\/li>\n<li><strong>Minne og lagring:<\/strong> 6 GB RAM, 64 GB flashminne<\/li>\n<li><strong>Tilkoblingsmuligheter:<\/strong> Wi-Fi 6E, Bluetooth 5.2<\/li>\n<li><strong>Datafangst og kameraer:<\/strong> SE4710- eller SE55-skanner, 16 MP kameraer bak, 5 MP kameraer foran<\/li>\n<li><strong>Batteri:<\/strong> 3 800 mAh standard eller 5 200 mAh utvidet, avtakbart<\/li>\n<li><strong>Rugged Sertifiseringer:<\/strong> IP65 \/ IP68, falltestet<\/li>\n<li><strong>Sikkerhet:<\/strong> Android Enterprise-funksjoner, NFC, kryptering p\u00e5 bedriftsniv\u00e5<\/li>\n<li><strong>M\u00e5l og vekt:<\/strong> ~165 \u00d7 76 \u00d7 12,5 mm, ca. 236 g <\/li>\n<li><strong><strong>Garanti: <\/strong><\/strong>2 \u00e5rs begrenset standardgaranti fra produsenten<\/li>\n<\/ul>\n","protected":false},"author":24,"featured_media":100244,"template":"","meta":{"_acf_changed":false,"inline_featured_image":false},"product-condition":[5246],"product_brand":[9006],"product_cat":[5194,5187,5191],"product_tag":[],"class_list":{"0":"post-45845","1":"product","2":"type-product","3":"status-publish","4":"has-post-thumbnail","6":"product-condition-new-in-box","7":"product_brand-zebra","8":"product_cat-zebra","9":"product_cat-all-barcode-scanners","10":"product_cat-new-in-box-rugged-hardware","12":"first","13":"instock","14":"taxable","15":"shipping-taxable","16":"purchasable","17":"product-type-variable"},"acf":[],"_links":{"self":[{"href":"https:\/\/micronordic.com\/no\/wp-json\/wp\/v2\/product\/45845","targetHints":{"allow":["GET"]}}],"collection":[{"href":"https:\/\/micronordic.com\/no\/wp-json\/wp\/v2\/product"}],"about":[{"href":"https:\/\/micronordic.com\/no\/wp-json\/wp\/v2\/types\/product"}],"author":[{"embeddable":true,"href":"https:\/\/micronordic.com\/no\/wp-json\/wp\/v2\/users\/24"}],"version-history":[{"count":2,"href":"https:\/\/micronordic.com\/no\/wp-json\/wp\/v2\/product\/45845\/revisions"}],"predecessor-version":[{"id":97898,"href":"https:\/\/micronordic.com\/no\/wp-json\/wp\/v2\/product\/45845\/revisions\/97898"}],"wp:featuredmedia":[{"embeddable":true,"href":"https:\/\/micronordic.com\/no\/wp-json\/wp\/v2\/media\/100244"}],"wp:attachment":[{"href":"https:\/\/micronordic.com\/no\/wp-json\/wp\/v2\/media?parent=45845"}],"wp:term":[{"taxonomy":"product-condition","embeddable":true,"href":"https:\/\/micronordic.com\/no\/wp-json\/wp\/v2\/product-condition?post=45845"},{"taxonomy":"product_brand","embeddable":true,"href":"https:\/\/micronordic.com\/no\/wp-json\/wp\/v2\/product_brand?post=45845"},{"taxonomy":"product_cat","embeddable":true,"href":"https:\/\/micronordic.com\/no\/wp-json\/wp\/v2\/product_cat?post=45845"},{"taxonomy":"product_tag","embeddable":true,"href":"https:\/\/micronordic.com\/no\/wp-json\/wp\/v2\/product_tag?post=45845"}],"curies":[{"name":"wp","href":"https:\/\/api.w.org\/{rel}","templated":true}]}}