{"id":45841,"date":"2024-06-24T18:12:21","date_gmt":"2024-06-24T16:12:21","guid":{"rendered":"https:\/\/micronordic.com\/product\/getac-ux10-g3-fully-rugged-tablet-new\/"},"modified":"2025-11-13T15:58:28","modified_gmt":"2025-11-13T14:58:28","slug":"getac-ux10-g3-fully-rugged-tablet","status":"publish","type":"product","link":"https:\/\/micronordic.com\/no\/product\/getac-ux10-g3-fully-rugged-tablet\/","title":{"rendered":"Getac UX10 G3 Fully Rugged Tablet (NY)"},"content":{"rendered":"<?xml encoding=\"utf-8\" ?><h2 data-start=\"256\" data-end=\"293\">Getac UX10 G3 Fully Rugged Tablet<\/h2><p data-start=\"295\" data-end=\"827\">Getac UX10 G3 er et Fully Rugged Tablet p&aring; 10,1&Prime; som er konstruert for &aring; levere kompromissl&oslash;s ytelse, holdbarhet og mobilitet. UX10 G3 er utviklet for bransjer som krever p&aring;litelighet under utfordrende forhold &ndash; som feltservice, verkt&oslash;y, forsvar og offentlig sikkerhet &ndash; og s&oslash;rger for at fagfolk kan holde seg produktive uansett hvor jobben tar dem. Kombinasjonen av robuste, rugged sertifiseringer, kraftige Intel&reg; Core&trade;-prosessorer og fleksible tilkoblingsmuligheter gj&oslash;r den til en av de mest p&aring;litelige, robuste tablettene som finnes p&aring; markedet i dag.<\/p><h2 data-start=\"829\" data-end=\"867\">Viktige funksjoner i Getac UX10 G3<\/h2><ul data-start=\"869\" data-end=\"1959\">\n<li data-start=\"869\" data-end=\"1005\">\n<p data-start=\"871\" data-end=\"1005\"><strong data-start=\"871\" data-end=\"898\">Fully Rugged holdbarhet<\/strong> &ndash; MIL-STD-810H- og IP66-sertifisert, 1,8 m (6 ft) falltestet, med driftsomr&aring;de fra -29 &deg;C til +63 &deg;C.<\/p>\n<\/li>\n<li data-start=\"1006\" data-end=\"1147\">\n<p data-start=\"1008\" data-end=\"1147\"><strong data-start=\"1008\" data-end=\"1043\">10,1&Prime; skjerm som kan leses i sollys<\/strong> &ndash; FHD (1920&times;1200) LumiBond&reg;-ber&oslash;ringsskjerm, 1000 nits lysstyrke, kan betjenes med hansker, penn eller finger.<\/p>\n<\/li>\n<li data-start=\"1148\" data-end=\"1300\">\n<p data-start=\"1150\" data-end=\"1300\"><strong data-start=\"1150\" data-end=\"1173\">Kraftig prosessering<\/strong> &ndash; 12. generasjons Intel&reg; Core&trade; i5\/i7-prosessorer, vPro&reg; (tilleggsutstyr), som st&oslash;tter krevende bedrifts- og virksomhetskritiske applikasjoner.<\/p>\n<\/li>\n<li data-start=\"1301\" data-end=\"1388\">\n<p data-start=\"1303\" data-end=\"1388\"><strong data-start=\"1303\" data-end=\"1320\">Str&oslash;m hele dagen<\/strong> &ndash; Batterier som kan skiftes ut ved behov, muliggj&oslash;r kontinuerlig bruk uten driftsstans.<\/p>\n<\/li>\n<li data-start=\"1389\" data-end=\"1487\">\n<p data-start=\"1391\" data-end=\"1487\"><strong data-start=\"1391\" data-end=\"1413\">Fleksibel utvidelse<\/strong> &ndash; valgfrie dedikerte porter for seriell, LAN og strekkodeleser.<\/p>\n<\/li>\n<li data-start=\"1488\" data-end=\"1600\">\n<p data-start=\"1490\" data-end=\"1600\"><strong data-start=\"1490\" data-end=\"1513\">Moderne tilkoblingsmuligheter<\/strong> &ndash; Wi-Fi 6E, Bluetooth 5.3, 4G LTE eller 5G (tilleggsutstyr) og GPS for global feltdekning.<\/p>\n<\/li>\n<li data-start=\"1601\" data-end=\"1733\">\n<p data-start=\"1603\" data-end=\"1733\"><strong data-start=\"1603\" data-end=\"1624\">Avansert sikkerhet<\/strong> &ndash; TPM 2.0, fingeravtrykksskanner, smartkort- og RFID-leseralternativer, samt Windows Hello ansiktsgjenkjenning.<\/p>\n<\/li>\n<li data-start=\"1734\" data-end=\"1855\">\n<p data-start=\"1736\" data-end=\"1855\"><strong data-start=\"1736\" data-end=\"1760\">Lett mobilitet<\/strong> &ndash; Slank, ergonomisk design som veier bare litt over 1,3 kg for komfortabel transport i felten.<\/p>\n<\/li>\n<li data-start=\"1856\" data-end=\"1959\">\n<p data-start=\"1858\" data-end=\"1959\"><strong data-start=\"1858\" data-end=\"1879\">Garanti inkludert<\/strong> &ndash; 3 &aring;rs begrenset standardgaranti med Getacs omfattende, rugged support.<\/p>\n<\/li>\n<\/ul><h2 data-start=\"1961\" data-end=\"2006\">De viktigste fordelene med Getac UX10 G3 Tablet<\/h2><h3 data-start=\"2008\" data-end=\"2045\">Rugged p&aring;litelighet i felten<\/h3><p data-start=\"2046\" data-end=\"2400\">Getac UX10 G3 er designet for &aring; prestere under forhold der vanlige forbrukertabletter ikke overlever. Med sin Fully Rugged-konstruksjon, IP66-forsegling og fallmotstand p&aring; opptil 2,5 meter t&aring;ler den st&oslash;v, vann, vibrasjoner og st&oslash;t. UX10 G3 sikrer kontinuerlig drift uten kompromisser, uansett om den brukes i kraftig regn, ekstrem varme eller iskaldt v&aelig;r.<\/p><h3 data-start=\"2402\" data-end=\"2438\">Eksepsjonell synlighet utend&oslash;rs<\/h3><p data-start=\"2439\" data-end=\"2732\">UX10 G3 er utstyrt med en 10,1&Prime; FHD LumiBond&reg;-skjerm som gir skarpe, klare bilder selv i direkte sollys. Med en lysstyrke p&aring; 1 000 nits og en responsiv multiber&oslash;ringsskjerm som fungerer med hansker, penn eller bare hender, kan feltarbeidere stole p&aring; jevn synlighet i alle milj&oslash;er.<\/p><h3 data-start=\"2734\" data-end=\"2768\">Ytelse i bedriftsklasse<\/h3><p data-start=\"2769\" data-end=\"3062\">UX10 G3 drives av de nyeste 12. generasjons Intel&reg; Core&trade;-prosessorene og leverer sterk ytelse for krevende bedriftsprogramvare, dataanalyse og oppdragskritiske arbeidsflyter. Kombinert med DDR5-minne og SSD-lagring sikrer den raske responstider og s&oslash;ml&oslash;s multitasking ute i felten.<\/p><h3 data-start=\"3064\" data-end=\"3097\">Mobilitet uten kompromisser<\/h3><p data-start=\"3098\" data-end=\"3382\">Til tross for sin rugged design er UX10 G3 fortsatt lett og b&aelig;rbar med en vekt p&aring; bare litt over 1,3 kg. Den slanke formen gj&oslash;r den enkel &aring; b&aelig;re gjennom hele arbeidsskiftet, og h&aring;ndstropper, skulderstropper og kj&oslash;ret&oslash;ystasjoner (ekstrautstyr) &oslash;ker brukervennligheten i en rekke ulike arbeidsmilj&oslash;er.<\/p><h3 data-start=\"3384\" data-end=\"3423\">Tilkoblingsmuligheter for moderne arbeidsflyter<\/h3><p data-start=\"3424\" data-end=\"3707\">Med Wi-Fi 6E, Bluetooth 5.3 og 4G LTE eller 5G (tilleggsutstyr) muliggj&oslash;r UX10 G3 datatilgang, kommunikasjon og lokaliseringstjenester i sanntid uansett hvor arbeidet foreg&aring;r. Dette sikrer s&oslash;ml&oslash;st samarbeid mellom feltteam og hovedkvarter, noe som reduserer nedetid og forbedrer effektiviteten.<\/p><h3 data-start=\"3709\" data-end=\"3737\">Fleksibel tilpasning<\/h3><p data-start=\"3738\" data-end=\"4019\">Den modul&aelig;re utformingen av UX10 G3 gj&oslash;r det mulig for bedrifter &aring; skreddersy enheten til sine spesifikke behov. Utvidelsesalternativene omfatter porter for eldre serielle tilkoblinger, dedikert LAN eller en integrert strekkodeleser, noe som gj&oslash;r UX10 G3 tilpasningsdyktig p&aring; tvers av ulike arbeidsflyter og bransjer.<\/p><h3 data-start=\"4021\" data-end=\"4049\">Sikker databeskyttelse<\/h3><p data-start=\"4050\" data-end=\"4343\">Sikkerhet er en topp prioritet for UX10 G3, som inkluderer TPM 2.0, selvkrypterende lagring, st&oslash;tte for smartkort og RFID, fingeravtrykksskanning og Windows Hello ansiktsgjenkjenning. Disse funksjonene hjelper organisasjoner med &aring; oppfylle strenge krav til samsvar, samtidig som sensitive data beskyttes.<\/p><h2 data-start=\"4345\" data-end=\"4387\">Ideelle bruksomr&aring;der for Getac UX10 G3<\/h2><ul data-start=\"4389\" data-end=\"5195\">\n<li data-start=\"4389\" data-end=\"4562\">\n<p data-start=\"4391\" data-end=\"4562\"><strong data-start=\"4391\" data-end=\"4422\">Feltservice og verkt&oslash;y<\/strong> &ndash; P&aring;litelig lesbarhet utend&oslash;rs, batterier som kan skiftes ut i l&oslash;pet av kort tid og rugged holdbarhet sikrer s&oslash;ml&oslash;s arbeidsflyt i avsidesliggende eller t&oslash;ffe milj&oslash;er.<\/p>\n<\/li>\n<li data-start=\"4563\" data-end=\"4741\">\n<p data-start=\"4565\" data-end=\"4741\"><strong data-start=\"4565\" data-end=\"4594\">Offentlig sikkerhet og forsvar<\/strong> &ndash; Oppdragskritiske sikkerhetsfunksjoner og rugged p&aring;litelighet gj&oslash;r UX10 G3 til et p&aring;litelig verkt&oslash;y for politi, brannvesen, milit&aelig;r og redningsaksjoner.<\/p>\n<\/li>\n<li data-start=\"4742\" data-end=\"4887\">\n<p data-start=\"4744\" data-end=\"4887\"><strong data-start=\"4744\" data-end=\"4758\">Helsetjenester<\/strong> &ndash; Fully Rugged, men likevel lett design som passer for sykehusrunder, hjemmebes&oslash;k eller beredskap med enkel desinfisering.<\/p>\n<\/li>\n<li data-start=\"4888\" data-end=\"5049\">\n<p data-start=\"4890\" data-end=\"5049\"><strong data-start=\"4890\" data-end=\"4922\">Industri og produksjon<\/strong> &ndash; H&aring;ndterer st&oslash;v, vibrasjoner og varierende temperaturer, og gir en p&aring;litelig plattform for fabrikk- og lagerdrift.<\/p>\n<\/li>\n<li data-start=\"5050\" data-end=\"5195\">\n<p data-start=\"5052\" data-end=\"5195\"><strong data-start=\"5052\" data-end=\"5079\">Transport og logistikk<\/strong> &ndash; GPS, mobiltilkobling og sanntidsdatafunksjoner s&oslash;rger for at fl&aring;te- og logistikkoperasjoner g&aring;r som smurt.<\/p>\n<\/li>\n<\/ul><h2 data-start=\"5197\" data-end=\"5235\">Getac UX10 G3 Produktsammenligninger<\/h2><p data-start=\"5237\" data-end=\"5413\">Getac UX10 G3 tilbyr den perfekte balansen mellom b&aelig;rbarhet, rugged holdbarhet og bedriftsytelse. Micro Nordic tilbyr ogs&aring; alternativer for organisasjoner som utforsker alternativer:<\/p><ul data-start=\"5415\" data-end=\"5856\">\n<li data-start=\"5415\" data-end=\"5553\">\n<p data-start=\"5417\" data-end=\"5553\"><a href=\"https:\/\/micronordic.com\/product\/getac-f110-touch-fully-rugged-tablet\/\"><strong data-start=\"5417\" data-end=\"5451\">Getac F110 Fully Rugged Tablet<\/strong> <\/a>&ndash; Et st&oslash;rre 11,6&Prime; Rugged Tablet for brukere som trenger mer skjermplass og multitasking-kapasitet.<\/p>\n<\/li>\n<li data-start=\"5554\" data-end=\"5695\">\n<p data-start=\"5556\" data-end=\"5695\"><a href=\"https:\/\/micronordic.com\/product\/dell-latitude-rugged-extreme-7230-tablet\/\"><strong data-start=\"988\" data-end=\"1032\">Dell Latitude 7230 Rugged Extreme Tablet<\/strong><\/a> &ndash; Et Fully Rugged 12&Prime; Windows Tablet som gir en alternativ plattform med sterk ytelse og lesbarhet utend&oslash;rs.<\/p>\n<\/li>\n<li data-start=\"5696\" data-end=\"5856\">\n<p data-start=\"5698\" data-end=\"5856\"><a href=\"https:\/\/micronordic.com\/product\/panasonic-toughpad-fz-m1-refurbished\/\"><strong data-start=\"5698\" data-end=\"5741\">Panasonic TOUGHBOOK FZ-M1<\/strong><\/a>&ndash; Et kompakt 7&Prime; Rugged Tablet designet for maksimal b&aelig;rbarhet, tilgjengelig renovert som et kostnadseffektivt alternativ.<\/p>\n<\/li>\n<\/ul>\n","protected":false},"excerpt":{"rendered":"<h3>Spesifikasjoner:<\/h3>\n<ul>\n<li><strong>Skjerm:<\/strong> 10,1\u2033 FHD (1920\u00d71200), 1000 nits sollyslesbar LumiBond\u00ae-ber\u00f8ringsskjerm<\/li>\n<li><strong>Prosessor:<\/strong> 12. generasjon Intel\u00ae Core\u2122 i5\/i7 med Iris\u00ae Xe-grafikk<\/li>\n<li><strong>Grafikk:<\/strong> Integrert Intel\u00ae Iris\u00ae Xe<\/li>\n<li><strong>Minne:<\/strong> 8 GB RAM (basismodell), kan oppgraderes til 32 GB DDR4<\/li>\n<li><strong>Lagring:<\/strong> 256 GB SSD (basismodell), kan oppgraderes til 1 TB PCIe<\/li>\n<li><strong>Tilkoblingsmuligheter:<\/strong> Wi-Fi 6E, Bluetooth 5.3, 4G LTE\/5G og GPS (tilleggsutstyr)<\/li>\n<li><strong>Rugged sertifiseringer:<\/strong> MIL-STD-810H, IP66, 6 ft fallmotstand<\/li>\n<li><strong>Sikkerhet:<\/strong> TPM 2.0, fingeravtrykksskanner, smartkortleser, RFID\/NFC, Windows Hello<\/li>\n<li><strong>Batteri:<\/strong> To batterier som kan skiftes ut, valgfri h\u00f8ykapasitetspakke<\/li>\n<li><strong>Dimensjoner og vekt:<\/strong> Ca. 280 \u00d7 192 \u00d7 23,5 mm, 1,4 kg<\/li>\n<li><strong>Garanti:<\/strong> 3 \u00e5r fra st\u00f8tfanger til st\u00f8tfanger<\/li>\n<\/ul>\n","protected":false},"author":24,"featured_media":100183,"template":"","meta":{"_acf_changed":false,"inline_featured_image":false},"product-condition":[5246],"product_brand":[8957],"product_cat":[5189,5186,5191],"product_tag":[],"class_list":{"0":"post-45841","1":"product","2":"type-product","3":"status-publish","4":"has-post-thumbnail","6":"product-condition-new-in-box","7":"product_brand-getac","8":"product_cat-getac-rugged","9":"product_cat-all-rugged-tablets","10":"product_cat-new-in-box-rugged-hardware","12":"first","13":"instock","14":"taxable","15":"shipping-taxable","16":"purchasable","17":"product-type-simple"},"acf":[],"_links":{"self":[{"href":"https:\/\/micronordic.com\/no\/wp-json\/wp\/v2\/product\/45841","targetHints":{"allow":["GET"]}}],"collection":[{"href":"https:\/\/micronordic.com\/no\/wp-json\/wp\/v2\/product"}],"about":[{"href":"https:\/\/micronordic.com\/no\/wp-json\/wp\/v2\/types\/product"}],"author":[{"embeddable":true,"href":"https:\/\/micronordic.com\/no\/wp-json\/wp\/v2\/users\/24"}],"version-history":[{"count":2,"href":"https:\/\/micronordic.com\/no\/wp-json\/wp\/v2\/product\/45841\/revisions"}],"predecessor-version":[{"id":97626,"href":"https:\/\/micronordic.com\/no\/wp-json\/wp\/v2\/product\/45841\/revisions\/97626"}],"wp:featuredmedia":[{"embeddable":true,"href":"https:\/\/micronordic.com\/no\/wp-json\/wp\/v2\/media\/100183"}],"wp:attachment":[{"href":"https:\/\/micronordic.com\/no\/wp-json\/wp\/v2\/media?parent=45841"}],"wp:term":[{"taxonomy":"product-condition","embeddable":true,"href":"https:\/\/micronordic.com\/no\/wp-json\/wp\/v2\/product-condition?post=45841"},{"taxonomy":"product_brand","embeddable":true,"href":"https:\/\/micronordic.com\/no\/wp-json\/wp\/v2\/product_brand?post=45841"},{"taxonomy":"product_cat","embeddable":true,"href":"https:\/\/micronordic.com\/no\/wp-json\/wp\/v2\/product_cat?post=45841"},{"taxonomy":"product_tag","embeddable":true,"href":"https:\/\/micronordic.com\/no\/wp-json\/wp\/v2\/product_tag?post=45841"}],"curies":[{"name":"wp","href":"https:\/\/api.w.org\/{rel}","templated":true}]}}