{"id":45839,"date":"2024-06-21T17:13:53","date_gmt":"2024-06-21T15:13:53","guid":{"rendered":"https:\/\/micronordic.com\/product\/getac-b360-g2-fully-rugged-laptop-13-3-fhd-new\/"},"modified":"2025-11-17T12:13:23","modified_gmt":"2025-11-17T11:13:23","slug":"getac-b360-g2-fully-rugged-laptop","status":"publish","type":"product","link":"https:\/\/micronordic.com\/no\/product\/getac-b360-g2-fully-rugged-laptop\/","title":{"rendered":"Getac B360 G2 Fully Rugged Laptop (NY)"},"content":{"rendered":"<?xml encoding=\"utf-8\" ?><h2 data-start=\"252\" data-end=\"289\">Getac B360 G2 Fully Rugged Laptop<\/h2><p data-start=\"291\" data-end=\"636\"><strong>Getac B360 G2<\/strong> er en Fully Rugged Laptop p&aring; 13,3&Prime; som er utviklet for profesjonelle som opererer i ekstreme milj&oslash;er og krever kompromissl&oslash;s p&aring;litelighet. Den kompakte, men kraftige b&aelig;rbare PC-en kombinerer holdbarhet i milit&aelig;rklassen med ytelse i bedriftsklassen, noe som gj&oslash;r den til en p&aring;litelig l&oslash;sning for forsvaret, offentlig sikkerhet, forsyningsselskaper og feltservicebransjen.  Nye produkter har 3 &aring;rs produsentgaranti.<\/p><h2 data-start=\"638\" data-end=\"655\">Viktige funksjoner<\/h2><ul data-start=\"657\" data-end=\"1536\">\n<li data-start=\"657\" data-end=\"758\">\n<p data-start=\"659\" data-end=\"758\"><strong>Fullt ut rugged design<\/strong> &ndash; sertifisert MIL-STD-810H, MIL-STD-461G og IP66 med 6-fots fallmotstand.<\/p>\n<\/li>\n<li data-start=\"759\" data-end=\"860\">\n<p data-start=\"761\" data-end=\"860\"><strong>13,3&Prime; FHD-skjerm som kan leses i sollys<\/strong> &ndash; 1400 nits lysstyrke med LumiBond&reg; ber&oslash;ringsskjermteknologi.<\/p>\n<\/li>\n<li data-start=\"861\" data-end=\"950\">\n<p data-start=\"863\" data-end=\"950\"><strong>H&oslash;y ytelse<\/strong> &ndash; 12. generasjons Intel&reg; Core&trade; i5\/i7-prosessorer med Intel&reg; vPro&reg; (tilleggsutstyr).<\/p>\n<\/li>\n<li data-start=\"951\" data-end=\"1051\">\n<p data-start=\"953\" data-end=\"1051\"><strong>Grafikkalternativer<\/strong> &ndash; Integrert Intel&reg; Iris&reg; Xe eller diskret NVIDIA&reg; GeForce GTX-grafikk (tilleggsutstyr).<\/p>\n<\/li>\n<li data-start=\"1052\" data-end=\"1149\">\n<p data-start=\"1054\" data-end=\"1149\"><strong>To batterier som kan skiftes ut<\/strong> ved behov &ndash; kontinuerlig bruk i felten med valgfrie h&oslash;ykapasitetspakker.<\/p>\n<\/li>\n<li data-start=\"1150\" data-end=\"1233\">\n<p data-start=\"1152\" data-end=\"1233\"><strong>Tilkoblingsmuligheter for bedrifter<\/strong> &ndash; Wi-Fi 6E, Bluetooth 5.3, 4G LTE\/5G (tilleggsutstyr) og GPS.<\/p>\n<\/li>\n<li data-start=\"1234\" data-end=\"1338\">\n<p data-start=\"1236\" data-end=\"1338\"><strong>Sikkerhetsfunksjoner<\/strong> &ndash; st&oslash;tte for TPM 2.0, Windows Hello, fingeravtrykksskanner, smartkort og RFID-leser.<\/p>\n<\/li>\n<li data-start=\"1339\" data-end=\"1446\">\n<p data-start=\"1341\" data-end=\"1446\"><strong>Utvidelsesmuligheter<\/strong> &ndash; valgfri mediebr&oslash;nn for ekstra lagringsplass, optisk stasjon eller I\/O-tilpasning.<\/p>\n<\/li>\n<li data-start=\"1447\" data-end=\"1536\">\n<p data-start=\"1449\" data-end=\"1536\"><strong>Lang levetid<\/strong> &ndash; Bygget for p&aring;litelighet med Getacs 3 &aring;rs garanti fra st&oslash;tfanger til st&oslash;tfanger.<\/p>\n<\/li>\n<\/ul><h2 data-start=\"1538\" data-end=\"1555\">Viktige fordeler<\/h2><h3 data-start=\"1557\" data-end=\"1580\">Rugged holdbarhet<\/h3><p data-start=\"1581\" data-end=\"1884\">B360 G2 er bygget fra grunnen av for &aring; t&aring;le de mest krevende forhold. Den er sertifisert i henhold til MIL-STD-810H og MIL-STD-461G, har IP66-forsegling mot st&oslash;v og vann og t&aring;ler fall fra opptil 1,5 meters h&oslash;yde. Den fungerer i ekstreme temperaturer, noe som gj&oslash;r den til en p&aring;litelig partner i felten i alle milj&oslash;er.  <\/p><h3 data-start=\"1886\" data-end=\"1920\">Lyssterk skjerm klar for utend&oslash;rs bruk<\/h3><p data-start=\"1921\" data-end=\"2149\">FHD-skjermen p&aring; 13,3&Prime; har en lysstyrke p&aring; 1400 nit, noe som sikrer utmerket lesbarhet selv i direkte sollys. LumiBond&reg;-teknologien forbedrer kontrasten og fargeegenskapene, samtidig som den st&oslash;tter ber&oslash;ringsinndata med hansker, penner eller regn. <\/p><h3 data-start=\"2151\" data-end=\"2185\">Ytelse i bedriftsklasse<\/h3><p data-start=\"2186\" data-end=\"2423\">Utstyrt med Intel&reg; 12. generasjons Core&trade;-prosessorer og opptil 64 GB DDR5 RAM, h&aring;ndterer B360 G2 krevende arbeidsoppgaver med letthet. Valgfri diskret NVIDIA&reg;-grafikk (ekstrautstyr) &oslash;ker ytelsen ytterligere for applikasjoner som CAD, GIS og 3D-rendering. <\/p><h3 data-start=\"2425\" data-end=\"2444\">Kraft hele dagen<\/h3><p data-start=\"2445\" data-end=\"2634\">To batterier som kan skiftes ut under drift, gir uavbrutt drift. Fagfolk i felten kan bytte ut utladede batterier uten &aring; m&aring;tte sl&aring; av str&oslash;mmen, noe som sikrer at virksomhetskritiske oppgaver kan fortsette s&oslash;ml&oslash;st. <\/p><h3 data-start=\"2636\" data-end=\"2673\">Tilkoblingsmuligheter uten kompromisser<\/h3><p data-start=\"2674\" data-end=\"2928\">Wi-Fi 6E og Bluetooth 5.3 s&oslash;rger for rask og stabil tr&aring;dl&oslash;s kommunikasjon, mens valgfrie 4G LTE- eller 5G-moduler med dedikert GPS holder teamene tilkoblet globalt. Denne allsidigheten sikrer p&aring;litelig kommunikasjon innend&oslash;rs, utend&oslash;rs og p&aring; avsidesliggende steder. <\/p><h3 data-start=\"2930\" data-end=\"2962\">Sikkerhet for kritiske data<\/h3><p data-start=\"2963\" data-end=\"3167\">Bedriftssikkerhet er kjernen i B360 G2. TPM 2.0, fingeravtrykksskannere, smartkortlesere og RFID-autentisering (tilleggsutstyr) sikrer samsvar med sikkerhetsstandarder for myndigheter og bedrifter. <\/p><h3 data-start=\"3169\" data-end=\"3195\">Modul&aelig;r og fleksibel<\/h3><p data-start=\"3196\" data-end=\"3412\">Med valgfri utvidelse av mediekabinett kan brukerne konfigurere B360 G2 til &aring; inkludere en ekstra SSD, optisk stasjon eller ekstra I\/O. Denne tilpasningsdyktigheten gj&oslash;r den egnet for alle bransjer med unike arbeidsflytkrav. <\/p><h2 data-start=\"3414\" data-end=\"3434\">Ideelle bruksomr&aring;der<\/h2><ul data-start=\"3436\" data-end=\"3951\">\n<li data-start=\"3436\" data-end=\"3562\">\n<p data-start=\"3438\" data-end=\"3562\"><strong data-start=\"3438\" data-end=\"3460\">Forsvar og milit&aelig;r<\/strong> &ndash; P&aring;litelig databehandling med avansert sikkerhet og rugged holdbarhet for oppdragskritiske distribusjoner.<\/p>\n<\/li>\n<li data-start=\"3563\" data-end=\"3657\">\n<p data-start=\"3565\" data-end=\"3657\"><strong data-start=\"3565\" data-end=\"3582\">Offentlig sikkerhet<\/strong> &ndash; sikre, tilkoblede operasjoner for politi, brannvesen og n&oslash;detater.<\/p>\n<\/li>\n<li data-start=\"3658\" data-end=\"3757\">\n<p data-start=\"3660\" data-end=\"3757\"><strong data-start=\"3660\" data-end=\"3689\">Feltservice og verkt&oslash;y<\/strong> &ndash; P&aring;litelig str&oslash;m og tilkoblingsmuligheter hele dagen for eksterne teknikere.<\/p>\n<\/li>\n<li data-start=\"3758\" data-end=\"3853\">\n<p data-start=\"3760\" data-end=\"3853\"><strong data-start=\"3760\" data-end=\"3787\">Industrimilj&oslash;er<\/strong> &ndash; Bygget for &aring; t&aring;le vibrasjoner, st&oslash;v og ekstreme temperaturer.<\/p>\n<\/li>\n<li data-start=\"3854\" data-end=\"3951\">\n<p data-start=\"3856\" data-end=\"3951\"><strong data-start=\"3856\" data-end=\"3886\">Bygg og anlegg<\/strong> &ndash; Skjerm med h&oslash;y lysstyrke og holdbarhet for utend&oslash;rs prosjekter.<\/p>\n<\/li>\n<\/ul><h2 data-start=\"3953\" data-end=\"3977\">Produktsammenligninger<\/h2><p data-start=\"3979\" data-end=\"4137\">Getac B360 G2 gir en unik balanse mellom b&aelig;rbarhet, robusthet og ytelse. MicroNordic tilbyr ogs&aring; alternativer for organisasjoner som vurderer alternativer: <\/p><ul data-start=\"4139\" data-end=\"4576\">\n<li data-start=\"4139\" data-end=\"4276\">\n<p data-start=\"4141\" data-end=\"4276\"><a href=\"https:\/\/micronordic.com\/product\/getac-x600-fully-rugged-mobile-workstation\/\"><strong data-start=\"4141\" data-end=\"4187\">Getac X600 Fully Rugged Mobile Workstation<\/strong><\/a> &ndash; Et st&oslash;rre og kraftigere alternativ med ytelse og utvidelsesmuligheter i arbeidsstasjonsklassen.<\/p>\n<\/li>\n<li data-start=\"4277\" data-end=\"4425\">\n<p data-start=\"4279\" data-end=\"4425\"><a href=\"https:\/\/micronordic.com\/product\/product-getac-s510-g1-semi-rugged-laptop\/\"><strong data-start=\"4279\" data-end=\"4312\">Getac S510 Semi Rugged Laptop<\/strong><\/a> &ndash; En tynnere og lettere modell for mindre ekstreme forhold, som tilbyr rugged p&aring;litelighet med forbedret mobilitet.<\/p>\n<\/li>\n<li data-start=\"4426\" data-end=\"4576\">\n<p data-start=\"4428\" data-end=\"4576\"><a href=\"https:\/\/micronordic.com\/product\/panasonic-toughbook-fz-55\/\"><strong data-start=\"4428\" data-end=\"4473\">Panasonic TOUGHBOOK 55 MK1-3 Semi-Rugged Laptop<\/strong><\/a> &ndash; En modul&aelig;r, Semi-Rugged Laptop med allsidig utvidelse, ideell for arbeidsflyter i felt og p&aring; kontor.<\/p>\n<\/li>\n<\/ul>\n","protected":false},"excerpt":{"rendered":"<h3>Spesifikasjoner:<\/h3>\n<ul>\n<li><strong>Skjerm:<\/strong> 13,3\u2033 FHD (1920\u00d71080), 1400 nits sollyslesbar LumiBond\u00ae-ber\u00f8ringsskjerm<\/li>\n<li><strong>Prosessor:<\/strong> 12. generasjon Intel\u00ae Core\u2122 i5\/i7 med vPro\u00ae (tilleggsutstyr)<\/li>\n<li><strong>Grafikk:<\/strong> Integrert Intel\u00ae Iris\u00ae Xe, valgfritt NVIDIA\u00ae GeForce GTX<\/li>\n<li><strong>Minne:<\/strong> 8 GB DDR4 (basismodell), kan oppgraderes til 64 GB DDR5 RAM<\/li>\n<li><strong>Lagring:<\/strong> 256 GB (basismodell), kan oppgraderes til 2 TB PCIe SSD<\/li>\n<li><strong>Tilkoblingsmuligheter:<\/strong> Wi-Fi 6E, Bluetooth 5.3, 4G LTE\/5G og GPS (tilleggsutstyr)<\/li>\n<li><strong>Rugged sertifiseringer:<\/strong> MIL-STD-810H, MIL-STD-461G, IP66, 6 ft fallmotstand<\/li>\n<li><strong>Sikkerhet:<\/strong> TPM 2.0, fingeravtrykksskanner, smartkortleser, RFID, Windows Hello<\/li>\n<li><strong>Batteri:<\/strong> To batterier som kan skiftes ut i l\u00f8pet av kort tid, valgfrie h\u00f8ykapasitetspakker<\/li>\n<li><strong>Dimensjoner og vekt:<\/strong> Ca. 342 \u00d7 281 \u00d7 34,9 mm, 2,32 kg <\/li>\n<li><strong>Garanti:<\/strong> 3 \u00e5r fra st\u00f8tfanger til st\u00f8tfanger<\/li>\n<\/ul>\n","protected":false},"author":24,"featured_media":58466,"template":"","meta":{"_acf_changed":false,"inline_featured_image":false},"product-condition":[5246],"product_brand":[8957],"product_cat":[5189,5185,5191],"product_tag":[4904],"class_list":{"0":"post-45839","1":"product","2":"type-product","3":"status-publish","4":"has-post-thumbnail","6":"product-condition-new-in-box","7":"product_brand-getac","8":"product_cat-getac-rugged","9":"product_cat-all-rugged-laptops","10":"product_cat-new-in-box-rugged-hardware","11":"product_tag-windows-11-pro-no","13":"first","14":"instock","15":"taxable","16":"shipping-taxable","17":"purchasable","18":"product-type-simple"},"acf":[],"_links":{"self":[{"href":"https:\/\/micronordic.com\/no\/wp-json\/wp\/v2\/product\/45839","targetHints":{"allow":["GET"]}}],"collection":[{"href":"https:\/\/micronordic.com\/no\/wp-json\/wp\/v2\/product"}],"about":[{"href":"https:\/\/micronordic.com\/no\/wp-json\/wp\/v2\/types\/product"}],"author":[{"embeddable":true,"href":"https:\/\/micronordic.com\/no\/wp-json\/wp\/v2\/users\/24"}],"version-history":[{"count":2,"href":"https:\/\/micronordic.com\/no\/wp-json\/wp\/v2\/product\/45839\/revisions"}],"predecessor-version":[{"id":98081,"href":"https:\/\/micronordic.com\/no\/wp-json\/wp\/v2\/product\/45839\/revisions\/98081"}],"wp:featuredmedia":[{"embeddable":true,"href":"https:\/\/micronordic.com\/no\/wp-json\/wp\/v2\/media\/58466"}],"wp:attachment":[{"href":"https:\/\/micronordic.com\/no\/wp-json\/wp\/v2\/media?parent=45839"}],"wp:term":[{"taxonomy":"product-condition","embeddable":true,"href":"https:\/\/micronordic.com\/no\/wp-json\/wp\/v2\/product-condition?post=45839"},{"taxonomy":"product_brand","embeddable":true,"href":"https:\/\/micronordic.com\/no\/wp-json\/wp\/v2\/product_brand?post=45839"},{"taxonomy":"product_cat","embeddable":true,"href":"https:\/\/micronordic.com\/no\/wp-json\/wp\/v2\/product_cat?post=45839"},{"taxonomy":"product_tag","embeddable":true,"href":"https:\/\/micronordic.com\/no\/wp-json\/wp\/v2\/product_tag?post=45839"}],"curies":[{"name":"wp","href":"https:\/\/api.w.org\/{rel}","templated":true}]}}